{"id":1023,"date":"2025-07-30T14:03:49","date_gmt":"2025-07-30T12:03:49","guid":{"rendered":"https:\/\/dreamhousekirilla.hu\/?post_type=product&#038;p=1023"},"modified":"2026-01-19T14:21:26","modified_gmt":"2026-01-19T13:21:26","slug":"elado-haz-somogysamson","status":"publish","type":"product","link":"https:\/\/dreamhousekirilla.hu\/de\/product\/elado-haz-somogysamson\/","title":{"rendered":"<b>128 m\u00b2<\/b> <br>Teilweise renoviertes, freistehendes Haus mit gro\u00dfem Grundst\u00fcck"},"content":{"rendered":"<p><span style=\"font-weight: 400;\">Zum Verkauf steht ein teilweise renoviertes 128 m\u00b2 gro\u00dfes Haus in der Hauptstra\u00dfe von Somogys\u00e1mson, 4267 m\u00b2 Grundst\u00fcck, Nachtstrom und dreiphasiger Starkstrom!<\/span><\/p>\n<p><span style=\"font-weight: 400;\">In der Hauptstra\u00dfe von Somogys\u00e1mson, in einer ruhigen und friedlichen Umgebung, bieten wir ein 128 m\u00b2 gro\u00dfes, teilweise renoviertes Familienhaus zum Verkauf an, das sich auf einem gro\u00dfen Grundst\u00fcck von 4267 m\u00b2 befindet. Die Renovierung der Immobilie hat bereits begonnen, so dass der neue Eigent\u00fcmer die Arbeiten nach seinen eigenen Vorstellungen abschlie\u00dfen kann!<\/span><\/p>\n<p><span style=\"font-weight: 400;\">Seit der Ver\u00f6ffentlichung der Anzeige wurden weitere Arbeiten abgeschlossen: Die R\u00e4ume sind fertiggestellt, die Sanit\u00e4r-, Strom- und Fu\u00dfbodenheizungsrohre wurden verlegt, die Decke ist fertiggestellt und die Decke und die W\u00e4nde wurden verputzt.<\/span><\/p>\n<p><span style=\"font-weight: 400;\">Der neue Eigent\u00fcmer muss nur noch die Fenster und T\u00fcren einbauen, die Bodenfliesen verlegen, die W\u00e4nde streichen und die technischen Anlagen fertigstellen. Die \u00e4u\u00dfere Isolierung und der Anstrich des Geb\u00e4udes m\u00fcssen ebenfalls noch vorgenommen werden, aber das Dach wurde bereits renoviert und besteht aus hochwertigen Materialien.<\/span><\/p>\n<p><span style=\"font-weight: 400;\">Das Haus ist modern und ger\u00e4umig: 3 separate Schlafzimmer, ein gro\u00dfer Eingangsbereich und Flur, ein Badezimmer mit versenktem Boden und Dusche, ein separates WC und ein ger\u00e4umiges Wohnzimmer mit amerikanischer K\u00fcche sorgen f\u00fcr eine gem\u00fctliche Atmosph\u00e4re. Vom Wohnzimmer aus haben Sie Zugang zu einer \u00fcberdachten Holzterrasse, die bei Bedarf in einen Wintergarten umgewandelt werden kann, und von hier aus haben Sie direkten Zugang zum Keller, der sich perfekt als Lagerraum eignet.<\/span><\/p>\n<p><span style=\"font-weight: 400;\">Die Immobilie verf\u00fcgt au\u00dferdem \u00fcber eine Fu\u00dfbodenheizung im gesamten Haus, so dass das ganze Jahr \u00fcber Komfort garantiert ist. Nachtstrom und Dreiphasen-Starkstrom sind ebenfalls auf dem Grundst\u00fcck verlegt, was hervorragende M\u00f6glichkeiten f\u00fcr die Nutzung verschiedener Elektroger\u00e4te und weitere Verbesserungen bietet.<\/span><\/p>\n<p><span style=\"font-weight: 400;\">Auf dem 4267 m\u00b2 gro\u00dfen Grundst\u00fcck befinden sich mehrere Nebengeb\u00e4ude, die als Garage, Lagerraum oder auch f\u00fcr die Viehhaltung genutzt werden k\u00f6nnen.<\/span><\/p>\n<p><span style=\"font-weight: 400;\">Die Lage der Immobilie ist ebenfalls sehr g\u00fcnstig: Keszthely ist nur 22 km entfernt, w\u00e4hrend der Plattensee in Balatonber\u00e9ny 15 km entfernt ist. Marcali ist nur 10 km entfernt, wo alle wichtigen Dienstleistungen leicht erreichbar sind. Die Autobahn M7 ist nur 5 km vom Haus entfernt und bietet eine schnelle und bequeme Anbindung an die umliegenden St\u00e4dte und den Plattensee.<\/span><\/p>\n<p><span style=\"font-weight: 400;\">Diese Immobilie ist eine ausgezeichnete Wahl f\u00fcr diejenigen, die ihr Haus nach ihren eigenen Vorstellungen in einer ruhigen, l\u00e4ndlichen Umgebung fertigstellen m\u00f6chten, w\u00e4hrend das gro\u00dfe Grundst\u00fcck und die Geb\u00e4ude eine F\u00fclle von M\u00f6glichkeiten bieten.<\/span><\/p>\n<p><span style=\"font-weight: 400;\">Verpassen Sie nicht diese besondere Gelegenheit, Ihr eigenes Traumhaus zu schaffen!<\/span><\/p>\n<p><span style=\"font-weight: 400;\">F\u00fcr weitere Details, Informationen und Bilder kontaktieren Sie mich bitte per Telefon.<\/span><\/p>\n<p><span style=\"font-weight: 400;\">Klicken Sie auf den Link, um eine Online-Videotour durch die Immobilie zu sehen.<\/span><\/p>\n<p class=\"p1\"><b>\u00c1RCS\u00d6KKENT\u00c9S!<\/b><b><\/b><\/p>\n<p class=\"p2\">Kor\u00e1bbi \u00e1r: <span class=\"s1\">75.999 EUR \/ 29.999.999 Ft<\/span><\/p>\n<p class=\"p1\"><b>\u00daj \u00e1r: 69.999 EUR (\u00e1rfolyamf\u00fcgg\u0151) \/ 26.999.999 Ft<\/b><\/p>\n<p><br style=\"font-weight: 400;\" \/><br style=\"font-weight: 400;\" \/><\/p>","protected":false},"excerpt":{"rendered":"<p>128 m\u00b2<\/p>","protected":false},"featured_media":1024,"comment_status":"closed","ping_status":"closed","template":"","meta":{"_et_pb_use_builder":"","_et_pb_old_content":"","_et_gb_content_width":"","inline_featured_image":false},"product_brand":[],"product_cat":[21],"product_tag":[],"class_list":{"0":"post-1023","1":"product","2":"type-product","3":"status-publish","4":"has-post-thumbnail","6":"product_cat-elado-ingatlanok","8":"first","9":"instock","10":"shipping-taxable","11":"purchasable","12":"product-type-simple"},"yoast_head":"<!-- This site is optimized with the Yoast SEO plugin v25.7 - https:\/\/yoast.com\/wordpress\/plugins\/seo\/ -->\n<title>128 m\u00b2 R\u00e9szben fel\u00faj\u00edtott, csal\u00e1di h\u00e1z nagy telekkel - Dream House Kirilla<\/title>\n<meta name=\"description\" content=\"Elad\u00f3 egy r\u00e9szben fel\u00faj\u00edtott 128 m\u00b2-es h\u00e1z Somogys\u00e1mson f\u0151utc\u00e1j\u00e1ban, 4267 m\u00b2-es telekkel, \u00e9jszakai \u00e1rammal \u00e9s h\u00e1romf\u00e1zis\u00fa er\u0151s \u00e1rammal!\" \/>\n<meta name=\"robots\" content=\"index, follow, max-snippet:-1, max-image-preview:large, max-video-preview:-1\" \/>\n<link rel=\"canonical\" href=\"https:\/\/dreamhousekirilla.hu\/de\/product\/elado-haz-somogysamson\/\" \/>\n<meta property=\"og:locale\" content=\"de_DE\" \/>\n<meta property=\"og:type\" content=\"article\" \/>\n<meta property=\"og:title\" content=\"128 m\u00b2 R\u00e9szben fel\u00faj\u00edtott, csal\u00e1di h\u00e1z nagy telekkel - Dream House Kirilla\" \/>\n<meta property=\"og:description\" content=\"Elad\u00f3 egy r\u00e9szben fel\u00faj\u00edtott 128 m\u00b2-es h\u00e1z Somogys\u00e1mson f\u0151utc\u00e1j\u00e1ban, 4267 m\u00b2-es telekkel, \u00e9jszakai \u00e1rammal \u00e9s h\u00e1romf\u00e1zis\u00fa er\u0151s \u00e1rammal!\" \/>\n<meta property=\"og:url\" content=\"https:\/\/dreamhousekirilla.hu\/de\/product\/elado-haz-somogysamson\/\" \/>\n<meta property=\"og:site_name\" content=\"Dream House Kirilla\" \/>\n<meta property=\"article:modified_time\" content=\"2026-01-19T13:21:26+00:00\" \/>\n<meta property=\"og:image\" content=\"https:\/\/dreamhousekirilla.hu\/wp-content\/uploads\/2025\/07\/IMG_7895.jpeg\" \/>\n\t<meta property=\"og:image:width\" content=\"1700\" \/>\n\t<meta property=\"og:image:height\" content=\"1275\" \/>\n\t<meta property=\"og:image:type\" content=\"image\/jpeg\" \/>\n<meta name=\"twitter:card\" content=\"summary_large_image\" \/>\n<meta name=\"twitter:label1\" content=\"Gesch\u00e4tzte Lesezeit\" \/>\n\t<meta name=\"twitter:data1\" content=\"3\u00a0Minuten\" \/>\n<script type=\"application\/ld+json\" class=\"yoast-schema-graph\">{\"@context\":\"https:\/\/schema.org\",\"@graph\":[{\"@type\":\"WebPage\",\"@id\":\"https:\/\/dreamhousekirilla.hu\/termek\/elado-haz-somogysamson\/\",\"url\":\"https:\/\/dreamhousekirilla.hu\/termek\/elado-haz-somogysamson\/\",\"name\":\"128 m\u00b2 R\u00e9szben fel\u00faj\u00edtott, csal\u00e1di h\u00e1z nagy telekkel - Dream House Kirilla\",\"isPartOf\":{\"@id\":\"https:\/\/dreamhousekirilla.hu\/#website\"},\"primaryImageOfPage\":{\"@id\":\"https:\/\/dreamhousekirilla.hu\/termek\/elado-haz-somogysamson\/#primaryimage\"},\"image\":{\"@id\":\"https:\/\/dreamhousekirilla.hu\/termek\/elado-haz-somogysamson\/#primaryimage\"},\"thumbnailUrl\":\"https:\/\/dreamhousekirilla.hu\/wp-content\/uploads\/2025\/07\/IMG_7895.jpeg\",\"datePublished\":\"2025-07-30T12:03:49+00:00\",\"dateModified\":\"2026-01-19T13:21:26+00:00\",\"description\":\"Elad\u00f3 egy r\u00e9szben fel\u00faj\u00edtott 128 m\u00b2-es h\u00e1z Somogys\u00e1mson f\u0151utc\u00e1j\u00e1ban, 4267 m\u00b2-es telekkel, \u00e9jszakai \u00e1rammal \u00e9s h\u00e1romf\u00e1zis\u00fa er\u0151s \u00e1rammal!\",\"breadcrumb\":{\"@id\":\"https:\/\/dreamhousekirilla.hu\/termek\/elado-haz-somogysamson\/#breadcrumb\"},\"inLanguage\":\"de\",\"potentialAction\":[{\"@type\":\"ReadAction\",\"target\":[\"https:\/\/dreamhousekirilla.hu\/termek\/elado-haz-somogysamson\/\"]}]},{\"@type\":\"ImageObject\",\"inLanguage\":\"de\",\"@id\":\"https:\/\/dreamhousekirilla.hu\/termek\/elado-haz-somogysamson\/#primaryimage\",\"url\":\"https:\/\/dreamhousekirilla.hu\/wp-content\/uploads\/2025\/07\/IMG_7895.jpeg\",\"contentUrl\":\"https:\/\/dreamhousekirilla.hu\/wp-content\/uploads\/2025\/07\/IMG_7895.jpeg\",\"width\":1700,\"height\":1275,\"caption\":\"Dream House Kirilla - Elad\u00f3 Ingatlanok\"},{\"@type\":\"BreadcrumbList\",\"@id\":\"https:\/\/dreamhousekirilla.hu\/termek\/elado-haz-somogysamson\/#breadcrumb\",\"itemListElement\":[{\"@type\":\"ListItem\",\"position\":1,\"name\":\"Kezd\u0151lap\",\"item\":\"https:\/\/dreamhousekirilla.hu\/\"},{\"@type\":\"ListItem\",\"position\":2,\"name\":\"Shop\",\"item\":\"https:\/\/dreamhousekirilla.hu\/uzlet\/\"},{\"@type\":\"ListItem\",\"position\":3,\"name\":\"128 m\u00b2 R\u00e9szben fel\u00faj\u00edtott, csal\u00e1di h\u00e1z nagy telekkel\"}]},{\"@type\":\"WebSite\",\"@id\":\"https:\/\/dreamhousekirilla.hu\/#website\",\"url\":\"https:\/\/dreamhousekirilla.hu\/\",\"name\":\"Dream House Kirilla\",\"description\":\"Real Estate Agency\",\"publisher\":{\"@id\":\"https:\/\/dreamhousekirilla.hu\/#organization\"},\"potentialAction\":[{\"@type\":\"SearchAction\",\"target\":{\"@type\":\"EntryPoint\",\"urlTemplate\":\"https:\/\/dreamhousekirilla.hu\/?s={search_term_string}\"},\"query-input\":{\"@type\":\"PropertyValueSpecification\",\"valueRequired\":true,\"valueName\":\"search_term_string\"}}],\"inLanguage\":\"de\"},{\"@type\":\"Organization\",\"@id\":\"https:\/\/dreamhousekirilla.hu\/#organization\",\"name\":\"Dream House Kirilla - real estate agency\",\"url\":\"https:\/\/dreamhousekirilla.hu\/\",\"logo\":{\"@type\":\"ImageObject\",\"inLanguage\":\"de\",\"@id\":\"https:\/\/dreamhousekirilla.hu\/#\/schema\/logo\/image\/\",\"url\":\"https:\/\/dreamhousekirilla.hu\/wp-content\/uploads\/2025\/07\/Logo-allitott-zold.jpg\",\"contentUrl\":\"https:\/\/dreamhousekirilla.hu\/wp-content\/uploads\/2025\/07\/Logo-allitott-zold.jpg\",\"width\":596,\"height\":275,\"caption\":\"Dream House Kirilla - real estate agency\"},\"image\":{\"@id\":\"https:\/\/dreamhousekirilla.hu\/#\/schema\/logo\/image\/\"}}]}<\/script>\n<!-- \/ Yoast SEO plugin. -->","yoast_head_json":{"title":"128 m\u00b2 Teilweise renoviertes Einfamilienhaus mit gro\u00dfem Grundst\u00fcck - Traumhaus Kirilla","description":"Zum Verkauf steht ein teilweise renoviertes 128 m\u00b2 gro\u00dfes Haus in der Hauptstra\u00dfe von Somogys\u00e1mson, 4267 m\u00b2 Grundst\u00fcck, Nachtstrom und dreiphasiger Starkstrom!","robots":{"index":"index","follow":"follow","max-snippet":"max-snippet:-1","max-image-preview":"max-image-preview:large","max-video-preview":"max-video-preview:-1"},"canonical":"https:\/\/dreamhousekirilla.hu\/de\/product\/elado-haz-somogysamson\/","og_locale":"de_DE","og_type":"article","og_title":"128 m\u00b2 R\u00e9szben fel\u00faj\u00edtott, csal\u00e1di h\u00e1z nagy telekkel - Dream House Kirilla","og_description":"Elad\u00f3 egy r\u00e9szben fel\u00faj\u00edtott 128 m\u00b2-es h\u00e1z Somogys\u00e1mson f\u0151utc\u00e1j\u00e1ban, 4267 m\u00b2-es telekkel, \u00e9jszakai \u00e1rammal \u00e9s h\u00e1romf\u00e1zis\u00fa er\u0151s \u00e1rammal!","og_url":"https:\/\/dreamhousekirilla.hu\/de\/product\/elado-haz-somogysamson\/","og_site_name":"Dream House Kirilla","article_modified_time":"2026-01-19T13:21:26+00:00","og_image":[{"width":1700,"height":1275,"url":"https:\/\/dreamhousekirilla.hu\/wp-content\/uploads\/2025\/07\/IMG_7895.jpeg","type":"image\/jpeg"}],"twitter_card":"summary_large_image","twitter_misc":{"Gesch\u00e4tzte Lesezeit":"3\u00a0Minuten"},"schema":{"@context":"https:\/\/schema.org","@graph":[{"@type":"WebPage","@id":"https:\/\/dreamhousekirilla.hu\/termek\/elado-haz-somogysamson\/","url":"https:\/\/dreamhousekirilla.hu\/termek\/elado-haz-somogysamson\/","name":"128 m\u00b2 Teilweise renoviertes Einfamilienhaus mit gro\u00dfem Grundst\u00fcck - Traumhaus Kirilla","isPartOf":{"@id":"https:\/\/dreamhousekirilla.hu\/#website"},"primaryImageOfPage":{"@id":"https:\/\/dreamhousekirilla.hu\/termek\/elado-haz-somogysamson\/#primaryimage"},"image":{"@id":"https:\/\/dreamhousekirilla.hu\/termek\/elado-haz-somogysamson\/#primaryimage"},"thumbnailUrl":"https:\/\/dreamhousekirilla.hu\/wp-content\/uploads\/2025\/07\/IMG_7895.jpeg","datePublished":"2025-07-30T12:03:49+00:00","dateModified":"2026-01-19T13:21:26+00:00","description":"Zum Verkauf steht ein teilweise renoviertes 128 m\u00b2 gro\u00dfes Haus in der Hauptstra\u00dfe von Somogys\u00e1mson, 4267 m\u00b2 Grundst\u00fcck, Nachtstrom und dreiphasiger Starkstrom!","breadcrumb":{"@id":"https:\/\/dreamhousekirilla.hu\/termek\/elado-haz-somogysamson\/#breadcrumb"},"inLanguage":"de","potentialAction":[{"@type":"ReadAction","target":["https:\/\/dreamhousekirilla.hu\/termek\/elado-haz-somogysamson\/"]}]},{"@type":"ImageObject","inLanguage":"de","@id":"https:\/\/dreamhousekirilla.hu\/termek\/elado-haz-somogysamson\/#primaryimage","url":"https:\/\/dreamhousekirilla.hu\/wp-content\/uploads\/2025\/07\/IMG_7895.jpeg","contentUrl":"https:\/\/dreamhousekirilla.hu\/wp-content\/uploads\/2025\/07\/IMG_7895.jpeg","width":1700,"height":1275,"caption":"Dream House Kirilla - Elad\u00f3 Ingatlanok"},{"@type":"BreadcrumbList","@id":"https:\/\/dreamhousekirilla.hu\/termek\/elado-haz-somogysamson\/#breadcrumb","itemListElement":[{"@type":"ListItem","position":1,"name":"Kezd\u0151lap","item":"https:\/\/dreamhousekirilla.hu\/"},{"@type":"ListItem","position":2,"name":"Shop","item":"https:\/\/dreamhousekirilla.hu\/uzlet\/"},{"@type":"ListItem","position":3,"name":"128 m\u00b2 R\u00e9szben fel\u00faj\u00edtott, csal\u00e1di h\u00e1z nagy telekkel"}]},{"@type":"WebSite","@id":"https:\/\/dreamhousekirilla.hu\/#website","url":"https:\/\/dreamhousekirilla.hu\/","name":"DREAM HOUSE Kirilla","description":"Immobilienb\u00fcro","publisher":{"@id":"https:\/\/dreamhousekirilla.hu\/#organization"},"potentialAction":[{"@type":"SearchAction","target":{"@type":"EntryPoint","urlTemplate":"https:\/\/dreamhousekirilla.hu\/?s={search_term_string}"},"query-input":{"@type":"PropertyValueSpecification","valueRequired":true,"valueName":"search_term_string"}}],"inLanguage":"de"},{"@type":"Organization","@id":"https:\/\/dreamhousekirilla.hu\/#organization","name":"Traumhaus Kirilla - Immobilienb\u00fcro","url":"https:\/\/dreamhousekirilla.hu\/","logo":{"@type":"ImageObject","inLanguage":"de","@id":"https:\/\/dreamhousekirilla.hu\/#\/schema\/logo\/image\/","url":"https:\/\/dreamhousekirilla.hu\/wp-content\/uploads\/2025\/07\/Logo-allitott-zold.jpg","contentUrl":"https:\/\/dreamhousekirilla.hu\/wp-content\/uploads\/2025\/07\/Logo-allitott-zold.jpg","width":596,"height":275,"caption":"Dream House Kirilla - real estate agency"},"image":{"@id":"https:\/\/dreamhousekirilla.hu\/#\/schema\/logo\/image\/"}}]}},"_links":{"self":[{"href":"https:\/\/dreamhousekirilla.hu\/de\/wp-json\/wp\/v2\/product\/1023","targetHints":{"allow":["GET"]}}],"collection":[{"href":"https:\/\/dreamhousekirilla.hu\/de\/wp-json\/wp\/v2\/product"}],"about":[{"href":"https:\/\/dreamhousekirilla.hu\/de\/wp-json\/wp\/v2\/types\/product"}],"replies":[{"embeddable":true,"href":"https:\/\/dreamhousekirilla.hu\/de\/wp-json\/wp\/v2\/comments?post=1023"}],"wp:featuredmedia":[{"embeddable":true,"href":"https:\/\/dreamhousekirilla.hu\/de\/wp-json\/wp\/v2\/media\/1024"}],"wp:attachment":[{"href":"https:\/\/dreamhousekirilla.hu\/de\/wp-json\/wp\/v2\/media?parent=1023"}],"wp:term":[{"taxonomy":"product_brand","embeddable":true,"href":"https:\/\/dreamhousekirilla.hu\/de\/wp-json\/wp\/v2\/product_brand?post=1023"},{"taxonomy":"product_cat","embeddable":true,"href":"https:\/\/dreamhousekirilla.hu\/de\/wp-json\/wp\/v2\/product_cat?post=1023"},{"taxonomy":"product_tag","embeddable":true,"href":"https:\/\/dreamhousekirilla.hu\/de\/wp-json\/wp\/v2\/product_tag?post=1023"}],"curies":[{"name":"wp","href":"https:\/\/api.w.org\/{rel}","templated":true}]}}