{"id":1052,"date":"2025-07-30T14:37:24","date_gmt":"2025-07-30T12:37:24","guid":{"rendered":"https:\/\/dreamhousekirilla.hu\/?post_type=product&#038;p=1052"},"modified":"2025-10-02T10:25:52","modified_gmt":"2025-10-02T08:25:52","slug":"elado-haz-balatonszentgyorgy-4","status":"publish","type":"product","link":"https:\/\/dreamhousekirilla.hu\/de\/product\/elado-haz-balatonszentgyorgy-4\/","title":{"rendered":"<b>180 m\u00b2<\/b> <br>Modernes Traumhaus in Balatonszentgy\u00f6rgy"},"content":{"rendered":"<p><span style=\"font-weight: 400;\">Zum Verkauf steht ein wundersch\u00f6nes, modernes Familienhaus in einer der beliebtesten Stra\u00dfen von Balatonszentgy\u00f6rgy, mit einem perfekten Grundriss und einer idealen Umgebung. Dieses einzigartige, zweist\u00f6ckige Haus auf einem Grundst\u00fcck von \u00fcber 1000 Quadratmetern bietet ein Zuhause, das alle Ihre Bed\u00fcrfnisse erf\u00fcllt.<\/span><\/p>\n<p><span style=\"font-weight: 400;\">Wenn man das Haus betritt, sp\u00fcrt man sofort die moderne und zeitgem\u00e4\u00dfe Atmosph\u00e4re. Die ger\u00e4umige K\u00fcche und der Essbereich ziehen sofort die Blicke auf sich. Von der unteren Ebene aus haben Sie Zugang zu einer gro\u00dfen Terrasse mit einem Whirlpool und einer Sauna f\u00fcr perfekte Entspannung. Au\u00dferdem gibt es eine Sommerk\u00fcche, ideal f\u00fcr Grillabende und Familientreffen.<\/span><\/p>\n<p><span style=\"font-weight: 400;\">Auf der unteren Ebene gibt es ein gro\u00dfes Wohnzimmer mit Kamin, ein Arbeitszimmer, ein Badezimmer und eine Speisekammer. Eine halbe Etage tiefer befindet sich der Heizkessel, der das Haus warm h\u00e4lt. Im Obergeschoss gibt es einen ger\u00e4umigen Flur mit einfachem Zugang zum gro\u00dfen Badezimmer, dem ger\u00e4umigen Hauptschlafzimmer, zwei weiteren gro\u00dfen Schlafzimmern und einem begehbaren Kleiderschrank.<\/span><\/p>\n<p><span style=\"font-weight: 400;\">Das Haus verf\u00fcgt \u00fcber eine 48 Quadratmeter gro\u00dfe Doppelgarage mit Stellplatz f\u00fcr zwei Autos. Hinter der Garage ist ein \u00fcppiger Garten, ideal f\u00fcr Gartenarbeit und Entspannung.<\/span><\/p>\n<p><span style=\"font-weight: 400;\">Das Haus wird mit Holz beheizt und auf dem Dach der Garage ist eine 10 KW Solaranlage installiert, die fast kostenlos W\u00e4rme und Energie liefert. Der betonierte Garten auf der R\u00fcckseite des Grundst\u00fccks erh\u00f6ht den Wert und die Zweckm\u00e4\u00dfigkeit der Immobilie.<\/span><\/p>\n<p><span style=\"font-weight: 400;\">Ein Lebensmittelgesch\u00e4ft, eine Bushaltestelle, ein Kindergarten und eine Schule, eine Tankstelle, ein Kulturzentrum und ein Bahnhof sind nur 3 Minuten entfernt, und das Grundst\u00fcck ist etwa 5-6 Minuten vom Zentrum entfernt. Gr\u00f6\u00dfere St\u00e4dte wie Marcali und Keszthely sind 12 km entfernt, und das Dorf liegt am Ufer des sch\u00f6nen Balaton, w\u00e4hrend die ber\u00fchmten Thermalb\u00e4der von H\u00e9v\u00edz ca. 15 km entfernt sind und der perfekte Ort zum Schwimmen und Entspannen sind. Die N\u00e4he zur Autobahn M7 ist ein weiterer Pluspunkt f\u00fcr Reisende, der die Attraktivit\u00e4t des Hauses unterstreicht.<\/span><\/p>\n<p><span style=\"font-weight: 400;\">Das Haus ist in schl\u00fcsselfertigem Zustand, so dass keine weitere Renovierung erforderlich ist. Verpassen Sie nicht diese einzigartige Gelegenheit und werden Sie der gl\u00fcckliche Besitzer dieses perfekten Hauses in einer der begehrtesten Gegenden von Balatonszentgy\u00f6rgy! Kontaktieren Sie uns noch heute, um diese atemberaubende Immobilie pers\u00f6nlich zu besichtigen!<\/span><\/p>\n<p><span style=\"font-weight: 400;\">F\u00fcr weitere Einzelheiten kontaktieren Sie mich bitte telefonisch.<\/span><\/p>\n<p><span style=\"font-weight: 400;\">Der empfohlene Preis betr\u00e4gt 376.999 Euro (je nach Wechselkurs) 146.999.999 HUF.<\/span><\/p>\n<p><br style=\"font-weight: 400;\" \/><br style=\"font-weight: 400;\" \/><\/p>","protected":false},"excerpt":{"rendered":"<p>180 m\u00b2<\/p>","protected":false},"featured_media":1053,"comment_status":"closed","ping_status":"closed","template":"","meta":{"_et_pb_use_builder":"","_et_pb_old_content":"","_et_gb_content_width":"","inline_featured_image":false},"product_brand":[],"product_cat":[21],"product_tag":[],"class_list":{"0":"post-1052","1":"product","2":"type-product","3":"status-publish","4":"has-post-thumbnail","6":"product_cat-elado-ingatlanok","8":"first","9":"instock","10":"shipping-taxable","11":"purchasable","12":"product-type-simple"},"yoast_head":"<!-- This site is optimized with the Yoast SEO plugin v25.7 - https:\/\/yoast.com\/wordpress\/plugins\/seo\/ -->\n<title>180 m\u00b2 Modern \u00e1lomotthon Balatonszentgy\u00f6rgy\u00f6n - Dream House Kirilla<\/title>\n<meta name=\"description\" content=\"Elad\u00f3 egy gy\u00f6ny\u00f6r\u0171, modern csal\u00e1di h\u00e1z Balatonszentgy\u00f6rgy egyik legkedveltebb utc\u00e1j\u00e1ban, amely t\u00f6k\u00e9letes elrendez\u00e9ssel \u00e9s ide\u00e1lis k\u00f6rnyezettel rendelkezik.\" \/>\n<meta name=\"robots\" content=\"index, follow, max-snippet:-1, max-image-preview:large, max-video-preview:-1\" \/>\n<link rel=\"canonical\" href=\"https:\/\/dreamhousekirilla.hu\/de\/product\/elado-haz-balatonszentgyorgy-4\/\" \/>\n<meta property=\"og:locale\" content=\"de_DE\" \/>\n<meta property=\"og:type\" content=\"article\" \/>\n<meta property=\"og:title\" content=\"180 m\u00b2 Modern \u00e1lomotthon Balatonszentgy\u00f6rgy\u00f6n - Dream House Kirilla\" \/>\n<meta property=\"og:description\" content=\"Elad\u00f3 egy gy\u00f6ny\u00f6r\u0171, modern csal\u00e1di h\u00e1z Balatonszentgy\u00f6rgy egyik legkedveltebb utc\u00e1j\u00e1ban, amely t\u00f6k\u00e9letes elrendez\u00e9ssel \u00e9s ide\u00e1lis k\u00f6rnyezettel rendelkezik.\" \/>\n<meta property=\"og:url\" content=\"https:\/\/dreamhousekirilla.hu\/de\/product\/elado-haz-balatonszentgyorgy-4\/\" \/>\n<meta property=\"og:site_name\" content=\"Dream House Kirilla\" \/>\n<meta property=\"article:modified_time\" content=\"2025-10-02T08:25:52+00:00\" \/>\n<meta property=\"og:image\" content=\"https:\/\/dreamhousekirilla.hu\/wp-content\/uploads\/2025\/07\/IMG_5055.jpeg\" \/>\n\t<meta property=\"og:image:width\" content=\"1700\" \/>\n\t<meta property=\"og:image:height\" content=\"1275\" \/>\n\t<meta property=\"og:image:type\" content=\"image\/jpeg\" \/>\n<meta name=\"twitter:card\" content=\"summary_large_image\" \/>\n<meta name=\"twitter:label1\" content=\"Gesch\u00e4tzte Lesezeit\" \/>\n\t<meta name=\"twitter:data1\" content=\"2\u00a0Minuten\" \/>\n<script type=\"application\/ld+json\" class=\"yoast-schema-graph\">{\"@context\":\"https:\/\/schema.org\",\"@graph\":[{\"@type\":\"WebPage\",\"@id\":\"https:\/\/dreamhousekirilla.hu\/termek\/elado-haz-balatonszentgyorgy-4\/\",\"url\":\"https:\/\/dreamhousekirilla.hu\/termek\/elado-haz-balatonszentgyorgy-4\/\",\"name\":\"180 m\u00b2 Modern \u00e1lomotthon Balatonszentgy\u00f6rgy\u00f6n - Dream House Kirilla\",\"isPartOf\":{\"@id\":\"https:\/\/dreamhousekirilla.hu\/#website\"},\"primaryImageOfPage\":{\"@id\":\"https:\/\/dreamhousekirilla.hu\/termek\/elado-haz-balatonszentgyorgy-4\/#primaryimage\"},\"image\":{\"@id\":\"https:\/\/dreamhousekirilla.hu\/termek\/elado-haz-balatonszentgyorgy-4\/#primaryimage\"},\"thumbnailUrl\":\"https:\/\/dreamhousekirilla.hu\/wp-content\/uploads\/2025\/07\/IMG_5055.jpeg\",\"datePublished\":\"2025-07-30T12:37:24+00:00\",\"dateModified\":\"2025-10-02T08:25:52+00:00\",\"description\":\"Elad\u00f3 egy gy\u00f6ny\u00f6r\u0171, modern csal\u00e1di h\u00e1z Balatonszentgy\u00f6rgy egyik legkedveltebb utc\u00e1j\u00e1ban, amely t\u00f6k\u00e9letes elrendez\u00e9ssel \u00e9s ide\u00e1lis k\u00f6rnyezettel rendelkezik.\",\"breadcrumb\":{\"@id\":\"https:\/\/dreamhousekirilla.hu\/termek\/elado-haz-balatonszentgyorgy-4\/#breadcrumb\"},\"inLanguage\":\"de\",\"potentialAction\":[{\"@type\":\"ReadAction\",\"target\":[\"https:\/\/dreamhousekirilla.hu\/termek\/elado-haz-balatonszentgyorgy-4\/\"]}]},{\"@type\":\"ImageObject\",\"inLanguage\":\"de\",\"@id\":\"https:\/\/dreamhousekirilla.hu\/termek\/elado-haz-balatonszentgyorgy-4\/#primaryimage\",\"url\":\"https:\/\/dreamhousekirilla.hu\/wp-content\/uploads\/2025\/07\/IMG_5055.jpeg\",\"contentUrl\":\"https:\/\/dreamhousekirilla.hu\/wp-content\/uploads\/2025\/07\/IMG_5055.jpeg\",\"width\":1700,\"height\":1275,\"caption\":\"Dream House Kirilla - Elad\u00f3 Ingatlanok\"},{\"@type\":\"BreadcrumbList\",\"@id\":\"https:\/\/dreamhousekirilla.hu\/termek\/elado-haz-balatonszentgyorgy-4\/#breadcrumb\",\"itemListElement\":[{\"@type\":\"ListItem\",\"position\":1,\"name\":\"Kezd\u0151lap\",\"item\":\"https:\/\/dreamhousekirilla.hu\/\"},{\"@type\":\"ListItem\",\"position\":2,\"name\":\"Shop\",\"item\":\"https:\/\/dreamhousekirilla.hu\/uzlet\/\"},{\"@type\":\"ListItem\",\"position\":3,\"name\":\"180 m\u00b2 Modern \u00e1lomotthon Balatonszentgy\u00f6rgy\u00f6n\"}]},{\"@type\":\"WebSite\",\"@id\":\"https:\/\/dreamhousekirilla.hu\/#website\",\"url\":\"https:\/\/dreamhousekirilla.hu\/\",\"name\":\"Dream House Kirilla\",\"description\":\"Real Estate Agency\",\"publisher\":{\"@id\":\"https:\/\/dreamhousekirilla.hu\/#organization\"},\"potentialAction\":[{\"@type\":\"SearchAction\",\"target\":{\"@type\":\"EntryPoint\",\"urlTemplate\":\"https:\/\/dreamhousekirilla.hu\/?s={search_term_string}\"},\"query-input\":{\"@type\":\"PropertyValueSpecification\",\"valueRequired\":true,\"valueName\":\"search_term_string\"}}],\"inLanguage\":\"de\"},{\"@type\":\"Organization\",\"@id\":\"https:\/\/dreamhousekirilla.hu\/#organization\",\"name\":\"Dream House Kirilla - real estate agency\",\"url\":\"https:\/\/dreamhousekirilla.hu\/\",\"logo\":{\"@type\":\"ImageObject\",\"inLanguage\":\"de\",\"@id\":\"https:\/\/dreamhousekirilla.hu\/#\/schema\/logo\/image\/\",\"url\":\"https:\/\/dreamhousekirilla.hu\/wp-content\/uploads\/2025\/07\/Logo-allitott-zold.jpg\",\"contentUrl\":\"https:\/\/dreamhousekirilla.hu\/wp-content\/uploads\/2025\/07\/Logo-allitott-zold.jpg\",\"width\":596,\"height\":275,\"caption\":\"Dream House Kirilla - real estate agency\"},\"image\":{\"@id\":\"https:\/\/dreamhousekirilla.hu\/#\/schema\/logo\/image\/\"}}]}<\/script>\n<!-- \/ Yoast SEO plugin. -->","yoast_head_json":{"title":"180 m\u00b2 Modernes Traumhaus in Balatonszentgy\u00f6rgy - Traumhaus Kirilla","description":"Zum Verkauf steht ein sch\u00f6nes, modernes Einfamilienhaus in einer der beliebtesten Stra\u00dfen von Balatonszentgy\u00f6rgy, mit perfektem Grundriss und idealer Umgebung.","robots":{"index":"index","follow":"follow","max-snippet":"max-snippet:-1","max-image-preview":"max-image-preview:large","max-video-preview":"max-video-preview:-1"},"canonical":"https:\/\/dreamhousekirilla.hu\/de\/product\/elado-haz-balatonszentgyorgy-4\/","og_locale":"de_DE","og_type":"article","og_title":"180 m\u00b2 Modern \u00e1lomotthon Balatonszentgy\u00f6rgy\u00f6n - Dream House Kirilla","og_description":"Elad\u00f3 egy gy\u00f6ny\u00f6r\u0171, modern csal\u00e1di h\u00e1z Balatonszentgy\u00f6rgy egyik legkedveltebb utc\u00e1j\u00e1ban, amely t\u00f6k\u00e9letes elrendez\u00e9ssel \u00e9s ide\u00e1lis k\u00f6rnyezettel rendelkezik.","og_url":"https:\/\/dreamhousekirilla.hu\/de\/product\/elado-haz-balatonszentgyorgy-4\/","og_site_name":"Dream House Kirilla","article_modified_time":"2025-10-02T08:25:52+00:00","og_image":[{"width":1700,"height":1275,"url":"https:\/\/dreamhousekirilla.hu\/wp-content\/uploads\/2025\/07\/IMG_5055.jpeg","type":"image\/jpeg"}],"twitter_card":"summary_large_image","twitter_misc":{"Gesch\u00e4tzte Lesezeit":"2\u00a0Minuten"},"schema":{"@context":"https:\/\/schema.org","@graph":[{"@type":"WebPage","@id":"https:\/\/dreamhousekirilla.hu\/termek\/elado-haz-balatonszentgyorgy-4\/","url":"https:\/\/dreamhousekirilla.hu\/termek\/elado-haz-balatonszentgyorgy-4\/","name":"180 m\u00b2 Modernes Traumhaus in Balatonszentgy\u00f6rgy - Traumhaus Kirilla","isPartOf":{"@id":"https:\/\/dreamhousekirilla.hu\/#website"},"primaryImageOfPage":{"@id":"https:\/\/dreamhousekirilla.hu\/termek\/elado-haz-balatonszentgyorgy-4\/#primaryimage"},"image":{"@id":"https:\/\/dreamhousekirilla.hu\/termek\/elado-haz-balatonszentgyorgy-4\/#primaryimage"},"thumbnailUrl":"https:\/\/dreamhousekirilla.hu\/wp-content\/uploads\/2025\/07\/IMG_5055.jpeg","datePublished":"2025-07-30T12:37:24+00:00","dateModified":"2025-10-02T08:25:52+00:00","description":"Zum Verkauf steht ein sch\u00f6nes, modernes Einfamilienhaus in einer der beliebtesten Stra\u00dfen von Balatonszentgy\u00f6rgy, mit perfektem Grundriss und idealer Umgebung.","breadcrumb":{"@id":"https:\/\/dreamhousekirilla.hu\/termek\/elado-haz-balatonszentgyorgy-4\/#breadcrumb"},"inLanguage":"de","potentialAction":[{"@type":"ReadAction","target":["https:\/\/dreamhousekirilla.hu\/termek\/elado-haz-balatonszentgyorgy-4\/"]}]},{"@type":"ImageObject","inLanguage":"de","@id":"https:\/\/dreamhousekirilla.hu\/termek\/elado-haz-balatonszentgyorgy-4\/#primaryimage","url":"https:\/\/dreamhousekirilla.hu\/wp-content\/uploads\/2025\/07\/IMG_5055.jpeg","contentUrl":"https:\/\/dreamhousekirilla.hu\/wp-content\/uploads\/2025\/07\/IMG_5055.jpeg","width":1700,"height":1275,"caption":"Dream House Kirilla - Elad\u00f3 Ingatlanok"},{"@type":"BreadcrumbList","@id":"https:\/\/dreamhousekirilla.hu\/termek\/elado-haz-balatonszentgyorgy-4\/#breadcrumb","itemListElement":[{"@type":"ListItem","position":1,"name":"Kezd\u0151lap","item":"https:\/\/dreamhousekirilla.hu\/"},{"@type":"ListItem","position":2,"name":"Shop","item":"https:\/\/dreamhousekirilla.hu\/uzlet\/"},{"@type":"ListItem","position":3,"name":"180 m\u00b2 Modern \u00e1lomotthon Balatonszentgy\u00f6rgy\u00f6n"}]},{"@type":"WebSite","@id":"https:\/\/dreamhousekirilla.hu\/#website","url":"https:\/\/dreamhousekirilla.hu\/","name":"DREAM HOUSE Kirilla","description":"Immobilienb\u00fcro","publisher":{"@id":"https:\/\/dreamhousekirilla.hu\/#organization"},"potentialAction":[{"@type":"SearchAction","target":{"@type":"EntryPoint","urlTemplate":"https:\/\/dreamhousekirilla.hu\/?s={search_term_string}"},"query-input":{"@type":"PropertyValueSpecification","valueRequired":true,"valueName":"search_term_string"}}],"inLanguage":"de"},{"@type":"Organization","@id":"https:\/\/dreamhousekirilla.hu\/#organization","name":"Traumhaus Kirilla - Immobilienb\u00fcro","url":"https:\/\/dreamhousekirilla.hu\/","logo":{"@type":"ImageObject","inLanguage":"de","@id":"https:\/\/dreamhousekirilla.hu\/#\/schema\/logo\/image\/","url":"https:\/\/dreamhousekirilla.hu\/wp-content\/uploads\/2025\/07\/Logo-allitott-zold.jpg","contentUrl":"https:\/\/dreamhousekirilla.hu\/wp-content\/uploads\/2025\/07\/Logo-allitott-zold.jpg","width":596,"height":275,"caption":"Dream House Kirilla - real estate agency"},"image":{"@id":"https:\/\/dreamhousekirilla.hu\/#\/schema\/logo\/image\/"}}]}},"_links":{"self":[{"href":"https:\/\/dreamhousekirilla.hu\/de\/wp-json\/wp\/v2\/product\/1052","targetHints":{"allow":["GET"]}}],"collection":[{"href":"https:\/\/dreamhousekirilla.hu\/de\/wp-json\/wp\/v2\/product"}],"about":[{"href":"https:\/\/dreamhousekirilla.hu\/de\/wp-json\/wp\/v2\/types\/product"}],"replies":[{"embeddable":true,"href":"https:\/\/dreamhousekirilla.hu\/de\/wp-json\/wp\/v2\/comments?post=1052"}],"wp:featuredmedia":[{"embeddable":true,"href":"https:\/\/dreamhousekirilla.hu\/de\/wp-json\/wp\/v2\/media\/1053"}],"wp:attachment":[{"href":"https:\/\/dreamhousekirilla.hu\/de\/wp-json\/wp\/v2\/media?parent=1052"}],"wp:term":[{"taxonomy":"product_brand","embeddable":true,"href":"https:\/\/dreamhousekirilla.hu\/de\/wp-json\/wp\/v2\/product_brand?post=1052"},{"taxonomy":"product_cat","embeddable":true,"href":"https:\/\/dreamhousekirilla.hu\/de\/wp-json\/wp\/v2\/product_cat?post=1052"},{"taxonomy":"product_tag","embeddable":true,"href":"https:\/\/dreamhousekirilla.hu\/de\/wp-json\/wp\/v2\/product_tag?post=1052"}],"curies":[{"name":"wp","href":"https:\/\/api.w.org\/{rel}","templated":true}]}}