{"id":1073,"date":"2025-07-30T15:07:04","date_gmt":"2025-07-30T13:07:04","guid":{"rendered":"https:\/\/dreamhousekirilla.hu\/?post_type=product&#038;p=1073"},"modified":"2025-07-31T16:17:19","modified_gmt":"2025-07-31T14:17:19","slug":"elado-kastely-zala","status":"publish","type":"product","link":"https:\/\/dreamhousekirilla.hu\/de\/product\/elado-kastely-zala\/","title":{"rendered":"<b>900 m\u00b2<\/b> <br>Historisches Schloss im Kreis Zala zu verkaufen"},"content":{"rendered":"<p><span style=\"font-weight: 400;\">Zu verkaufen Historisches Schloss im Kreis Zala, malerische Umgebung<\/span><\/p>\n<p><span style=\"font-weight: 400;\">Entdecken Sie das charmante Schloss im Herzen des Bezirks Nagykanizsa, im \u00f6stlichen Teil des Komitats Zala, in der kleinen Region Zalakaros! Nur 10 km vom Kis-Balaton entfernt, ist das Anwesen leicht mit dem Auto zu erreichen, Zalakaros und der Kis-Balaton sind nur 10 Minuten entfernt.<\/span><\/p>\n<p><span style=\"font-weight: 400;\">Technische und sonstige Parameter:<\/span><\/p>\n<p><span style=\"font-weight: 400;\">* Baujahr: 1927<\/span><\/p>\n<p><span style=\"font-weight: 400;\">* Renovierung: neues Mauerwerk in 2016, der Innenausbau wartet auf den neuen Besitzer<\/span><\/p>\n<p><span style=\"font-weight: 400;\">* Grundfl\u00e4che: 858 Quadratmeter<\/span><\/p>\n<p><span style=\"font-weight: 400;\">* Grundst\u00fccksfl\u00e4che: 59.511 Quadratmeter<\/span><\/p>\n<p><span style=\"font-weight: 400;\">* Objektklassifizierung: Wald, stillgelegtes Gr\u00fcnland, stillgelegtes landwirtschaftliches Geb\u00e4ude, Hof, stillgelegter Privatweg, der f\u00fcr die \u00d6ffentlichkeit nicht zug\u00e4nglich ist<\/span><\/p>\n<p><span style=\"font-weight: 400;\">* Zugang: eine 1 km lange asphaltierte Stra\u00dfe abseits der Hauptstra\u00dfe<\/span><\/p>\n<p><span style=\"font-weight: 400;\">Bereitstellung der Infrastruktur:<\/span><\/p>\n<p><span style=\"font-weight: 400;\">* Stromversorgung: kann \u00fcber eine Freileitung erfolgen, mit der M\u00f6glichkeit, einen Solarpark zu installieren<\/span><\/p>\n<p><span style=\"font-weight: 400;\">* Trinkwasserversorgung: ein 68 m tiefes Bohrloch und zwei zus\u00e4tzliche Brunnen<\/span><\/p>\n<p><span style=\"font-weight: 400;\">* Abwasserentsorgung: mit einem geschlossenen Abwassertank ausgestattet<\/span><\/p>\n<p><span style=\"font-weight: 400;\">* Gasversorgung: kann durch Tankgas bereitgestellt werden<\/span><\/p>\n<p><span style=\"font-weight: 400;\">Weitere Merkmale der Immobilie:<\/span><\/p>\n<p><span style=\"font-weight: 400;\">* Erweiterbarkeit: Die Eigenschaft ist nicht aufgelistet und kann daher weiter ausgebaut werden.<\/span><\/p>\n<p><span style=\"font-weight: 400;\">* Parken: in einem geschlossenen Innenhof<\/span><\/p>\n<p><span style=\"font-weight: 400;\">* Vegetation: alte B\u00e4ume, typisch f\u00fcr Schlossparks, wundersch\u00f6n angelegt, eingez\u00e4untes Gel\u00e4nde, 2019 mit 300 weiteren Kastanienb\u00e4umen bepflanzt<\/span><\/p>\n<p><span style=\"font-weight: 400;\">* Art des Gebiets: weitgehend flach, unregelm\u00e4\u00dfig polygonal<\/span><\/p>\n<p><span style=\"font-weight: 400;\">Nutzungsm\u00f6glichkeiten: Das Grundst\u00fcck eignet sich f\u00fcr Veranstaltungen, ein Hotel oder eine Ferienanlage, aber auch f\u00fcr die Haltung von Haustieren.<\/span><\/p>\n<p><span style=\"font-weight: 400;\">Verpassen Sie nicht diese besondere Gelegenheit! Kontaktieren Sie uns und besitzen Sie dieses magische Schloss in einer der sch\u00f6nsten Gegenden des Landkreises Zala!<\/span><\/p>\n<p><br style=\"font-weight: 400;\" \/><br style=\"font-weight: 400;\" \/><\/p>","protected":false},"excerpt":{"rendered":"<p>900 m\u00b2<\/p>","protected":false},"featured_media":1074,"comment_status":"closed","ping_status":"closed","template":"","meta":{"_et_pb_use_builder":"","_et_pb_old_content":"","_et_gb_content_width":"","inline_featured_image":false},"product_brand":[],"product_cat":[21],"product_tag":[],"class_list":{"0":"post-1073","1":"product","2":"type-product","3":"status-publish","4":"has-post-thumbnail","6":"product_cat-elado-ingatlanok","8":"first","9":"instock","10":"shipping-taxable","11":"purchasable","12":"product-type-simple"},"yoast_head":"<!-- This site is optimized with the Yoast SEO plugin v25.7 - https:\/\/yoast.com\/wordpress\/plugins\/seo\/ -->\n<title>900 m\u00b2 T\u00f6rt\u00e9nelmi kast\u00e9ly elad\u00f3 Zala megy\u00e9ben - Dream House Kirilla<\/title>\n<meta name=\"description\" content=\"Fedezze fel Zala megye keleti r\u00e9sz\u00e9n, a Nagykanizsai j\u00e1r\u00e1s sz\u00edv\u00e9ben, a zalakarosi kist\u00e9rs\u00e9gben tal\u00e1lhat\u00f3 elb\u0171v\u00f6l\u0151 kast\u00e9lyt!\" \/>\n<meta name=\"robots\" content=\"index, follow, max-snippet:-1, max-image-preview:large, max-video-preview:-1\" \/>\n<link rel=\"canonical\" href=\"https:\/\/dreamhousekirilla.hu\/de\/product\/elado-kastely-zala\/\" \/>\n<meta property=\"og:locale\" content=\"de_DE\" \/>\n<meta property=\"og:type\" content=\"article\" \/>\n<meta property=\"og:title\" content=\"900 m\u00b2 T\u00f6rt\u00e9nelmi kast\u00e9ly elad\u00f3 Zala megy\u00e9ben - Dream House Kirilla\" \/>\n<meta property=\"og:description\" content=\"Fedezze fel Zala megye keleti r\u00e9sz\u00e9n, a Nagykanizsai j\u00e1r\u00e1s sz\u00edv\u00e9ben, a zalakarosi kist\u00e9rs\u00e9gben tal\u00e1lhat\u00f3 elb\u0171v\u00f6l\u0151 kast\u00e9lyt!\" \/>\n<meta property=\"og:url\" content=\"https:\/\/dreamhousekirilla.hu\/de\/product\/elado-kastely-zala\/\" \/>\n<meta property=\"og:site_name\" content=\"Dream House Kirilla\" \/>\n<meta property=\"article:modified_time\" content=\"2025-07-31T14:17:19+00:00\" \/>\n<meta property=\"og:image\" content=\"https:\/\/dreamhousekirilla.hu\/wp-content\/uploads\/2025\/07\/IMG_5601.jpeg\" \/>\n\t<meta property=\"og:image:width\" content=\"1700\" \/>\n\t<meta property=\"og:image:height\" content=\"1275\" \/>\n\t<meta property=\"og:image:type\" content=\"image\/jpeg\" \/>\n<meta name=\"twitter:card\" content=\"summary_large_image\" \/>\n<meta name=\"twitter:label1\" content=\"Gesch\u00e4tzte Lesezeit\" \/>\n\t<meta name=\"twitter:data1\" content=\"2\u00a0Minuten\" \/>\n<script type=\"application\/ld+json\" class=\"yoast-schema-graph\">{\"@context\":\"https:\/\/schema.org\",\"@graph\":[{\"@type\":\"WebPage\",\"@id\":\"https:\/\/dreamhousekirilla.hu\/termek\/elado-kastely-zala\/\",\"url\":\"https:\/\/dreamhousekirilla.hu\/termek\/elado-kastely-zala\/\",\"name\":\"900 m\u00b2 T\u00f6rt\u00e9nelmi kast\u00e9ly elad\u00f3 Zala megy\u00e9ben - Dream House Kirilla\",\"isPartOf\":{\"@id\":\"https:\/\/dreamhousekirilla.hu\/#website\"},\"primaryImageOfPage\":{\"@id\":\"https:\/\/dreamhousekirilla.hu\/termek\/elado-kastely-zala\/#primaryimage\"},\"image\":{\"@id\":\"https:\/\/dreamhousekirilla.hu\/termek\/elado-kastely-zala\/#primaryimage\"},\"thumbnailUrl\":\"https:\/\/dreamhousekirilla.hu\/wp-content\/uploads\/2025\/07\/IMG_5601.jpeg\",\"datePublished\":\"2025-07-30T13:07:04+00:00\",\"dateModified\":\"2025-07-31T14:17:19+00:00\",\"description\":\"Fedezze fel Zala megye keleti r\u00e9sz\u00e9n, a Nagykanizsai j\u00e1r\u00e1s sz\u00edv\u00e9ben, a zalakarosi kist\u00e9rs\u00e9gben tal\u00e1lhat\u00f3 elb\u0171v\u00f6l\u0151 kast\u00e9lyt!\",\"breadcrumb\":{\"@id\":\"https:\/\/dreamhousekirilla.hu\/termek\/elado-kastely-zala\/#breadcrumb\"},\"inLanguage\":\"de\",\"potentialAction\":[{\"@type\":\"ReadAction\",\"target\":[\"https:\/\/dreamhousekirilla.hu\/termek\/elado-kastely-zala\/\"]}]},{\"@type\":\"ImageObject\",\"inLanguage\":\"de\",\"@id\":\"https:\/\/dreamhousekirilla.hu\/termek\/elado-kastely-zala\/#primaryimage\",\"url\":\"https:\/\/dreamhousekirilla.hu\/wp-content\/uploads\/2025\/07\/IMG_5601.jpeg\",\"contentUrl\":\"https:\/\/dreamhousekirilla.hu\/wp-content\/uploads\/2025\/07\/IMG_5601.jpeg\",\"width\":1700,\"height\":1275,\"caption\":\"Dream House Kirilla - Elad\u00f3 Ingatlanok\"},{\"@type\":\"BreadcrumbList\",\"@id\":\"https:\/\/dreamhousekirilla.hu\/termek\/elado-kastely-zala\/#breadcrumb\",\"itemListElement\":[{\"@type\":\"ListItem\",\"position\":1,\"name\":\"Kezd\u0151lap\",\"item\":\"https:\/\/dreamhousekirilla.hu\/\"},{\"@type\":\"ListItem\",\"position\":2,\"name\":\"Shop\",\"item\":\"https:\/\/dreamhousekirilla.hu\/uzlet\/\"},{\"@type\":\"ListItem\",\"position\":3,\"name\":\"900 m\u00b2 T\u00f6rt\u00e9nelmi kast\u00e9ly elad\u00f3 Zala megy\u00e9ben\"}]},{\"@type\":\"WebSite\",\"@id\":\"https:\/\/dreamhousekirilla.hu\/#website\",\"url\":\"https:\/\/dreamhousekirilla.hu\/\",\"name\":\"Dream House Kirilla\",\"description\":\"Real Estate Agency\",\"publisher\":{\"@id\":\"https:\/\/dreamhousekirilla.hu\/#organization\"},\"potentialAction\":[{\"@type\":\"SearchAction\",\"target\":{\"@type\":\"EntryPoint\",\"urlTemplate\":\"https:\/\/dreamhousekirilla.hu\/?s={search_term_string}\"},\"query-input\":{\"@type\":\"PropertyValueSpecification\",\"valueRequired\":true,\"valueName\":\"search_term_string\"}}],\"inLanguage\":\"de\"},{\"@type\":\"Organization\",\"@id\":\"https:\/\/dreamhousekirilla.hu\/#organization\",\"name\":\"Dream House Kirilla - real estate agency\",\"url\":\"https:\/\/dreamhousekirilla.hu\/\",\"logo\":{\"@type\":\"ImageObject\",\"inLanguage\":\"de\",\"@id\":\"https:\/\/dreamhousekirilla.hu\/#\/schema\/logo\/image\/\",\"url\":\"https:\/\/dreamhousekirilla.hu\/wp-content\/uploads\/2025\/07\/Logo-allitott-zold.jpg\",\"contentUrl\":\"https:\/\/dreamhousekirilla.hu\/wp-content\/uploads\/2025\/07\/Logo-allitott-zold.jpg\",\"width\":596,\"height\":275,\"caption\":\"Dream House Kirilla - real estate agency\"},\"image\":{\"@id\":\"https:\/\/dreamhousekirilla.hu\/#\/schema\/logo\/image\/\"}}]}<\/script>\n<!-- \/ Yoast SEO plugin. -->","yoast_head_json":{"title":"900 m\u00b2 Historisches Schloss im Kreis Zala zu verkaufen - Traumhaus Kirilla","description":"Entdecken Sie das bezaubernde Schloss im Herzen des Bezirks Nagykanizsa, im \u00f6stlichen Teil des Komitats Zala, in der kleinen Region Zalakaros!","robots":{"index":"index","follow":"follow","max-snippet":"max-snippet:-1","max-image-preview":"max-image-preview:large","max-video-preview":"max-video-preview:-1"},"canonical":"https:\/\/dreamhousekirilla.hu\/de\/product\/elado-kastely-zala\/","og_locale":"de_DE","og_type":"article","og_title":"900 m\u00b2 T\u00f6rt\u00e9nelmi kast\u00e9ly elad\u00f3 Zala megy\u00e9ben - Dream House Kirilla","og_description":"Fedezze fel Zala megye keleti r\u00e9sz\u00e9n, a Nagykanizsai j\u00e1r\u00e1s sz\u00edv\u00e9ben, a zalakarosi kist\u00e9rs\u00e9gben tal\u00e1lhat\u00f3 elb\u0171v\u00f6l\u0151 kast\u00e9lyt!","og_url":"https:\/\/dreamhousekirilla.hu\/de\/product\/elado-kastely-zala\/","og_site_name":"Dream House Kirilla","article_modified_time":"2025-07-31T14:17:19+00:00","og_image":[{"width":1700,"height":1275,"url":"https:\/\/dreamhousekirilla.hu\/wp-content\/uploads\/2025\/07\/IMG_5601.jpeg","type":"image\/jpeg"}],"twitter_card":"summary_large_image","twitter_misc":{"Gesch\u00e4tzte Lesezeit":"2\u00a0Minuten"},"schema":{"@context":"https:\/\/schema.org","@graph":[{"@type":"WebPage","@id":"https:\/\/dreamhousekirilla.hu\/termek\/elado-kastely-zala\/","url":"https:\/\/dreamhousekirilla.hu\/termek\/elado-kastely-zala\/","name":"900 m\u00b2 Historisches Schloss im Kreis Zala zu verkaufen - Traumhaus Kirilla","isPartOf":{"@id":"https:\/\/dreamhousekirilla.hu\/#website"},"primaryImageOfPage":{"@id":"https:\/\/dreamhousekirilla.hu\/termek\/elado-kastely-zala\/#primaryimage"},"image":{"@id":"https:\/\/dreamhousekirilla.hu\/termek\/elado-kastely-zala\/#primaryimage"},"thumbnailUrl":"https:\/\/dreamhousekirilla.hu\/wp-content\/uploads\/2025\/07\/IMG_5601.jpeg","datePublished":"2025-07-30T13:07:04+00:00","dateModified":"2025-07-31T14:17:19+00:00","description":"Entdecken Sie das bezaubernde Schloss im Herzen des Bezirks Nagykanizsa, im \u00f6stlichen Teil des Komitats Zala, in der kleinen Region Zalakaros!","breadcrumb":{"@id":"https:\/\/dreamhousekirilla.hu\/termek\/elado-kastely-zala\/#breadcrumb"},"inLanguage":"de","potentialAction":[{"@type":"ReadAction","target":["https:\/\/dreamhousekirilla.hu\/termek\/elado-kastely-zala\/"]}]},{"@type":"ImageObject","inLanguage":"de","@id":"https:\/\/dreamhousekirilla.hu\/termek\/elado-kastely-zala\/#primaryimage","url":"https:\/\/dreamhousekirilla.hu\/wp-content\/uploads\/2025\/07\/IMG_5601.jpeg","contentUrl":"https:\/\/dreamhousekirilla.hu\/wp-content\/uploads\/2025\/07\/IMG_5601.jpeg","width":1700,"height":1275,"caption":"Dream House Kirilla - Elad\u00f3 Ingatlanok"},{"@type":"BreadcrumbList","@id":"https:\/\/dreamhousekirilla.hu\/termek\/elado-kastely-zala\/#breadcrumb","itemListElement":[{"@type":"ListItem","position":1,"name":"Kezd\u0151lap","item":"https:\/\/dreamhousekirilla.hu\/"},{"@type":"ListItem","position":2,"name":"Shop","item":"https:\/\/dreamhousekirilla.hu\/uzlet\/"},{"@type":"ListItem","position":3,"name":"900 m\u00b2 T\u00f6rt\u00e9nelmi kast\u00e9ly elad\u00f3 Zala megy\u00e9ben"}]},{"@type":"WebSite","@id":"https:\/\/dreamhousekirilla.hu\/#website","url":"https:\/\/dreamhousekirilla.hu\/","name":"DREAM HOUSE Kirilla","description":"Immobilienb\u00fcro","publisher":{"@id":"https:\/\/dreamhousekirilla.hu\/#organization"},"potentialAction":[{"@type":"SearchAction","target":{"@type":"EntryPoint","urlTemplate":"https:\/\/dreamhousekirilla.hu\/?s={search_term_string}"},"query-input":{"@type":"PropertyValueSpecification","valueRequired":true,"valueName":"search_term_string"}}],"inLanguage":"de"},{"@type":"Organization","@id":"https:\/\/dreamhousekirilla.hu\/#organization","name":"Traumhaus Kirilla - Immobilienb\u00fcro","url":"https:\/\/dreamhousekirilla.hu\/","logo":{"@type":"ImageObject","inLanguage":"de","@id":"https:\/\/dreamhousekirilla.hu\/#\/schema\/logo\/image\/","url":"https:\/\/dreamhousekirilla.hu\/wp-content\/uploads\/2025\/07\/Logo-allitott-zold.jpg","contentUrl":"https:\/\/dreamhousekirilla.hu\/wp-content\/uploads\/2025\/07\/Logo-allitott-zold.jpg","width":596,"height":275,"caption":"Dream House Kirilla - real estate agency"},"image":{"@id":"https:\/\/dreamhousekirilla.hu\/#\/schema\/logo\/image\/"}}]}},"_links":{"self":[{"href":"https:\/\/dreamhousekirilla.hu\/de\/wp-json\/wp\/v2\/product\/1073","targetHints":{"allow":["GET"]}}],"collection":[{"href":"https:\/\/dreamhousekirilla.hu\/de\/wp-json\/wp\/v2\/product"}],"about":[{"href":"https:\/\/dreamhousekirilla.hu\/de\/wp-json\/wp\/v2\/types\/product"}],"replies":[{"embeddable":true,"href":"https:\/\/dreamhousekirilla.hu\/de\/wp-json\/wp\/v2\/comments?post=1073"}],"wp:featuredmedia":[{"embeddable":true,"href":"https:\/\/dreamhousekirilla.hu\/de\/wp-json\/wp\/v2\/media\/1074"}],"wp:attachment":[{"href":"https:\/\/dreamhousekirilla.hu\/de\/wp-json\/wp\/v2\/media?parent=1073"}],"wp:term":[{"taxonomy":"product_brand","embeddable":true,"href":"https:\/\/dreamhousekirilla.hu\/de\/wp-json\/wp\/v2\/product_brand?post=1073"},{"taxonomy":"product_cat","embeddable":true,"href":"https:\/\/dreamhousekirilla.hu\/de\/wp-json\/wp\/v2\/product_cat?post=1073"},{"taxonomy":"product_tag","embeddable":true,"href":"https:\/\/dreamhousekirilla.hu\/de\/wp-json\/wp\/v2\/product_tag?post=1073"}],"curies":[{"name":"wp","href":"https:\/\/api.w.org\/{rel}","templated":true}]}}