{"id":1219,"date":"2025-07-30T21:43:07","date_gmt":"2025-07-30T19:43:07","guid":{"rendered":"https:\/\/dreamhousekirilla.hu\/?post_type=product&#038;p=1219"},"modified":"2026-01-26T14:01:46","modified_gmt":"2026-01-26T13:01:46","slug":"elado-meses-koder-haus-in-cserszegtomaj","status":"publish","type":"product","link":"https:\/\/dreamhousekirilla.hu\/de\/product\/elado-meses-koder-haus-in-cserszegtomaj\/","title":{"rendered":"<b>200 m\u00b2<\/b> <br>Fabelhaftes Einfamilienhaus in Cserszegtomaj zu verkaufen"},"content":{"rendered":"<p><span style=\"font-weight: 400;\">Fabelhaftes Einfamilienhaus zum Verkauf im h\u00fcgeligen Neubaug\u00fcrtel von Cserszegtomaj<\/span><\/p>\n<p><span style=\"font-weight: 400;\">Stellen Sie sich Ihr Traumhaus in der zauberhaften H\u00fcgellandschaft von Cserszegtomaj vor, wo die Stille und die Umarmung der Natur jeden Tag auf Sie warten! Jetzt bieten wir ein imposantes zweist\u00f6ckiges Einfamilienhaus zum Verkauf an, das im Jahr 2024 erbaut wurde und \u00fcber 200 m\u00b2 netto (300 m\u00b2 brutto) auf einem wundersch\u00f6nen Grundst\u00fcck von 1350 m\u00b2 verf\u00fcgt.<\/span><\/p>\n<p><span style=\"font-weight: 400;\">Dieses Haus ist nicht nur ein Zuhause, sondern ein Lebensstil, der Ihnen h\u00f6chste Qualit\u00e4t und modernen Komfort bietet:<\/span><\/p>\n<ul>\n<li><span style=\"font-weight: 400;\">Elektrische Rolll\u00e4den sorgen daf\u00fcr, dass Sie jederzeit eine Atmosph\u00e4re der Ruhe und des Komforts schaffen k\u00f6nnen.<\/span><\/li>\n<li><span style=\"font-weight: 400;\">Eine Fu\u00dfbodenheizung und eine W\u00e4rmepumpe mit Drei-Zonen-Regelung sorgen daf\u00fcr, dass jeder Winkel des Hauses ideal temperiert ist - warm im Winter, k\u00fchl im Sommer und energieeffizient.<\/span><\/li>\n<li><span style=\"font-weight: 400;\">Die freistehende 60 m\u00b2 gro\u00dfe Doppelgarage des Anwesens ist mit einem elektrischen Tor ausgestattet, das nicht nur f\u00fcr Sicherheit, sondern auch f\u00fcr Komfort sorgt.<\/span><\/li>\n<\/ul>\n<p><span style=\"font-weight: 400;\">Die Innenr\u00e4ume wurden so gestaltet, dass sich jeder Moment angenehm und wohnlich anf\u00fchlt:<\/span><\/p>\n<ul>\n<li><span style=\"font-weight: 400;\">Beim Betreten des Erdgeschosses werden Sie von einem gro\u00dfz\u00fcgigen, hellen Empfangsbereich begr\u00fc\u00dft, der zum eleganten Treppenhaus f\u00fchrt. Von hier aus gelangt man in das atemberaubende Wohnzimmer mit amerikanischer K\u00fcche, in dem alle Familienmitglieder ihren eigenen Platz finden k\u00f6nnen, sei es f\u00fcr gemeinsame Mahlzeiten oder intime Unterhaltungen.<\/span><\/li>\n<li><span style=\"font-weight: 400;\">Neben dem Wohnzimmer befinden sich eine praktische Speisekammer, ein modernes Badezimmer und ein Heizungsraum mit modernster Technik, in dem die Waschmaschinen bequem untergebracht werden k\u00f6nnen. Vom Wohnzimmer aus gelangt man auch in einen kleinen, hellen Raum, der sich perfekt als Arbeits- oder G\u00e4stezimmer eignet.<\/span><\/li>\n<li><span style=\"font-weight: 400;\">Im Obergeschoss kann sich die Familie in aller Ruhe entspannen: ein gro\u00dfes Zimmer mit Balkon, das sich ideal f\u00fcr ein Kinderzimmer eignet, ein ger\u00e4umiges Badezimmer und ein luxuri\u00f6ses Schlafzimmer mit eigenem begehbarem Kleiderschrank und einem gro\u00dfen Balkon, auf dem man jeden Morgen die Sonne an der frischen Luft begr\u00fc\u00dfen kann.<\/span><\/li>\n<\/ul>\n<p><span style=\"font-weight: 400;\">Der Garten des Hauses ist ein kleines Paradies mit vielen Obstb\u00e4umen und viel Platz, um eigene Gartenideen zu verwirklichen, seien es Blumen oder eine Sitzecke.<\/span><\/p>\n<p><span style=\"font-weight: 400;\">Diese Immobilie befindet sich in einem der reizvollsten Neubaugebiete von Cserszegtomaj, wo das Zwitschern der V\u00f6gel und die N\u00e4he zum Plattensee den Alltag komplett machen. Keszthely und das ber\u00fchmte Heilbad H\u00e9v\u00edz sind nur wenige Autominuten entfernt, so dass alles, was wichtig ist, leicht zu erreichen ist.<\/span><\/p>\n<p><span style=\"font-weight: 400;\">Verpassen Sie nicht diese seltene Gelegenheit, sich als Erster in dieses zauberhafte Haus zu verlieben! Um sich zu erkundigen, kontaktieren Sie uns bitte unter den angegebenen Kontaktdaten.<\/span><\/p>\n<p><span style=\"font-weight: 400;\">F\u00fcr weitere Details, Informationen und Bilder kontaktieren Sie mich bitte per Telefon.<\/span><\/p>\n<p class=\"p1\">A kor\u00e1bbi k\u00edn\u00e1lati \u00e1r <span class=\"s1\"><b>458.999 EUR<\/b><\/span> (\u00e1rfolyamf\u00fcgg\u0151), azaz <span class=\"s1\"><b>179.999.999 Ft<\/b><\/span> volt.<\/p>\n<p class=\"p1\">Az \u00faj k\u00edn\u00e1lati \u00e1r <span class=\"s1\"><b>418.999 EUR<\/b><\/span> (\u00e1rfolyamf\u00fcgg\u0151), azaz <span class=\"s1\"><b>159.999.999 Ft<\/b><\/span>.<\/p>\n<p><br style=\"font-weight: 400;\" \/><br style=\"font-weight: 400;\" \/><\/p>","protected":false},"excerpt":{"rendered":"<p>200 m\u00b2<\/p>","protected":false},"featured_media":1220,"comment_status":"closed","ping_status":"closed","template":"","meta":{"_et_pb_use_builder":"","_et_pb_old_content":"","_et_gb_content_width":"","inline_featured_image":false},"product_brand":[],"product_cat":[21],"product_tag":[],"class_list":{"0":"post-1219","1":"product","2":"type-product","3":"status-publish","4":"has-post-thumbnail","6":"product_cat-elado-ingatlanok","8":"first","9":"instock","10":"sale","11":"shipping-taxable","12":"purchasable","13":"product-type-simple"},"yoast_head":"<!-- This site is optimized with the Yoast SEO plugin v25.7 - https:\/\/yoast.com\/wordpress\/plugins\/seo\/ -->\n<title>200 m\u00b2 Elad\u00f3 mes\u00e9s csal\u00e1di otthon Cserszegtomajon - Dream House Kirilla<\/title>\n<meta name=\"description\" content=\"Elad\u00f3 mes\u00e9s csal\u00e1di otthon Cserszegtomaj dombos \u00faj\u00e9p\u00edt\u00e9s\u0171 \u00f6vezet\u00e9ben.\" \/>\n<meta name=\"robots\" content=\"index, follow, max-snippet:-1, max-image-preview:large, max-video-preview:-1\" \/>\n<link rel=\"canonical\" href=\"https:\/\/dreamhousekirilla.hu\/de\/product\/elado-meses-koder-haus-in-cserszegtomaj\/\" \/>\n<meta property=\"og:locale\" content=\"de_DE\" \/>\n<meta property=\"og:type\" content=\"article\" \/>\n<meta property=\"og:title\" content=\"200 m\u00b2 Elad\u00f3 mes\u00e9s csal\u00e1di otthon Cserszegtomajon - Dream House Kirilla\" \/>\n<meta property=\"og:description\" content=\"Elad\u00f3 mes\u00e9s csal\u00e1di otthon Cserszegtomaj dombos \u00faj\u00e9p\u00edt\u00e9s\u0171 \u00f6vezet\u00e9ben.\" \/>\n<meta property=\"og:url\" content=\"https:\/\/dreamhousekirilla.hu\/de\/product\/elado-meses-koder-haus-in-cserszegtomaj\/\" \/>\n<meta property=\"og:site_name\" content=\"Dream House Kirilla\" \/>\n<meta property=\"article:modified_time\" content=\"2026-01-26T13:01:46+00:00\" \/>\n<meta property=\"og:image\" content=\"https:\/\/dreamhousekirilla.hu\/wp-content\/uploads\/2025\/07\/IMG_7307.jpeg\" \/>\n\t<meta property=\"og:image:width\" content=\"1700\" \/>\n\t<meta property=\"og:image:height\" content=\"1275\" \/>\n\t<meta property=\"og:image:type\" content=\"image\/jpeg\" \/>\n<meta name=\"twitter:card\" content=\"summary_large_image\" \/>\n<meta name=\"twitter:label1\" content=\"Gesch\u00e4tzte Lesezeit\" \/>\n\t<meta name=\"twitter:data1\" content=\"3\u00a0Minuten\" \/>\n<script type=\"application\/ld+json\" class=\"yoast-schema-graph\">{\"@context\":\"https:\/\/schema.org\",\"@graph\":[{\"@type\":\"WebPage\",\"@id\":\"https:\/\/dreamhousekirilla.hu\/termek\/elado-meses-csaladi-otthon-cserszegtomajon\/\",\"url\":\"https:\/\/dreamhousekirilla.hu\/termek\/elado-meses-csaladi-otthon-cserszegtomajon\/\",\"name\":\"200 m\u00b2 Elad\u00f3 mes\u00e9s csal\u00e1di otthon Cserszegtomajon - Dream House Kirilla\",\"isPartOf\":{\"@id\":\"https:\/\/dreamhousekirilla.hu\/#website\"},\"primaryImageOfPage\":{\"@id\":\"https:\/\/dreamhousekirilla.hu\/termek\/elado-meses-csaladi-otthon-cserszegtomajon\/#primaryimage\"},\"image\":{\"@id\":\"https:\/\/dreamhousekirilla.hu\/termek\/elado-meses-csaladi-otthon-cserszegtomajon\/#primaryimage\"},\"thumbnailUrl\":\"https:\/\/dreamhousekirilla.hu\/wp-content\/uploads\/2025\/07\/IMG_7307.jpeg\",\"datePublished\":\"2025-07-30T19:43:07+00:00\",\"dateModified\":\"2026-01-26T13:01:46+00:00\",\"description\":\"Elad\u00f3 mes\u00e9s csal\u00e1di otthon Cserszegtomaj dombos \u00faj\u00e9p\u00edt\u00e9s\u0171 \u00f6vezet\u00e9ben.\",\"breadcrumb\":{\"@id\":\"https:\/\/dreamhousekirilla.hu\/termek\/elado-meses-csaladi-otthon-cserszegtomajon\/#breadcrumb\"},\"inLanguage\":\"de\",\"potentialAction\":[{\"@type\":\"ReadAction\",\"target\":[\"https:\/\/dreamhousekirilla.hu\/termek\/elado-meses-csaladi-otthon-cserszegtomajon\/\"]}]},{\"@type\":\"ImageObject\",\"inLanguage\":\"de\",\"@id\":\"https:\/\/dreamhousekirilla.hu\/termek\/elado-meses-csaladi-otthon-cserszegtomajon\/#primaryimage\",\"url\":\"https:\/\/dreamhousekirilla.hu\/wp-content\/uploads\/2025\/07\/IMG_7307.jpeg\",\"contentUrl\":\"https:\/\/dreamhousekirilla.hu\/wp-content\/uploads\/2025\/07\/IMG_7307.jpeg\",\"width\":1700,\"height\":1275,\"caption\":\"Dream House Kirilla - Elad\u00f3 Ingatlanok\"},{\"@type\":\"BreadcrumbList\",\"@id\":\"https:\/\/dreamhousekirilla.hu\/termek\/elado-meses-csaladi-otthon-cserszegtomajon\/#breadcrumb\",\"itemListElement\":[{\"@type\":\"ListItem\",\"position\":1,\"name\":\"Kezd\u0151lap\",\"item\":\"https:\/\/dreamhousekirilla.hu\/\"},{\"@type\":\"ListItem\",\"position\":2,\"name\":\"Shop\",\"item\":\"https:\/\/dreamhousekirilla.hu\/uzlet\/\"},{\"@type\":\"ListItem\",\"position\":3,\"name\":\"200 m\u00b2 Elad\u00f3 mes\u00e9s csal\u00e1di otthon Cserszegtomajon\"}]},{\"@type\":\"WebSite\",\"@id\":\"https:\/\/dreamhousekirilla.hu\/#website\",\"url\":\"https:\/\/dreamhousekirilla.hu\/\",\"name\":\"Dream House Kirilla\",\"description\":\"Real Estate Agency\",\"publisher\":{\"@id\":\"https:\/\/dreamhousekirilla.hu\/#organization\"},\"potentialAction\":[{\"@type\":\"SearchAction\",\"target\":{\"@type\":\"EntryPoint\",\"urlTemplate\":\"https:\/\/dreamhousekirilla.hu\/?s={search_term_string}\"},\"query-input\":{\"@type\":\"PropertyValueSpecification\",\"valueRequired\":true,\"valueName\":\"search_term_string\"}}],\"inLanguage\":\"de\"},{\"@type\":\"Organization\",\"@id\":\"https:\/\/dreamhousekirilla.hu\/#organization\",\"name\":\"Dream House Kirilla - real estate agency\",\"url\":\"https:\/\/dreamhousekirilla.hu\/\",\"logo\":{\"@type\":\"ImageObject\",\"inLanguage\":\"de\",\"@id\":\"https:\/\/dreamhousekirilla.hu\/#\/schema\/logo\/image\/\",\"url\":\"https:\/\/dreamhousekirilla.hu\/wp-content\/uploads\/2025\/07\/Logo-allitott-zold.jpg\",\"contentUrl\":\"https:\/\/dreamhousekirilla.hu\/wp-content\/uploads\/2025\/07\/Logo-allitott-zold.jpg\",\"width\":596,\"height\":275,\"caption\":\"Dream House Kirilla - real estate agency\"},\"image\":{\"@id\":\"https:\/\/dreamhousekirilla.hu\/#\/schema\/logo\/image\/\"}}]}<\/script>\n<!-- \/ Yoast SEO plugin. -->","yoast_head_json":{"title":"200 m\u00b2 Fabelhaftes Einfamilienhaus zu verkaufen in Cserszegtomaj - Traumhaus Kirilla","description":"Wundersch\u00f6nes Einfamilienhaus in dem h\u00fcgeligen Neubaugebiet von Cserszegtomaj zu verkaufen.","robots":{"index":"index","follow":"follow","max-snippet":"max-snippet:-1","max-image-preview":"max-image-preview:large","max-video-preview":"max-video-preview:-1"},"canonical":"https:\/\/dreamhousekirilla.hu\/de\/product\/elado-meses-koder-haus-in-cserszegtomaj\/","og_locale":"de_DE","og_type":"article","og_title":"200 m\u00b2 Elad\u00f3 mes\u00e9s csal\u00e1di otthon Cserszegtomajon - Dream House Kirilla","og_description":"Elad\u00f3 mes\u00e9s csal\u00e1di otthon Cserszegtomaj dombos \u00faj\u00e9p\u00edt\u00e9s\u0171 \u00f6vezet\u00e9ben.","og_url":"https:\/\/dreamhousekirilla.hu\/de\/product\/elado-meses-koder-haus-in-cserszegtomaj\/","og_site_name":"Dream House Kirilla","article_modified_time":"2026-01-26T13:01:46+00:00","og_image":[{"width":1700,"height":1275,"url":"https:\/\/dreamhousekirilla.hu\/wp-content\/uploads\/2025\/07\/IMG_7307.jpeg","type":"image\/jpeg"}],"twitter_card":"summary_large_image","twitter_misc":{"Gesch\u00e4tzte Lesezeit":"3\u00a0Minuten"},"schema":{"@context":"https:\/\/schema.org","@graph":[{"@type":"WebPage","@id":"https:\/\/dreamhousekirilla.hu\/termek\/elado-meses-csaladi-otthon-cserszegtomajon\/","url":"https:\/\/dreamhousekirilla.hu\/termek\/elado-meses-csaladi-otthon-cserszegtomajon\/","name":"200 m\u00b2 Fabelhaftes Einfamilienhaus zu verkaufen in Cserszegtomaj - Traumhaus Kirilla","isPartOf":{"@id":"https:\/\/dreamhousekirilla.hu\/#website"},"primaryImageOfPage":{"@id":"https:\/\/dreamhousekirilla.hu\/termek\/elado-meses-csaladi-otthon-cserszegtomajon\/#primaryimage"},"image":{"@id":"https:\/\/dreamhousekirilla.hu\/termek\/elado-meses-csaladi-otthon-cserszegtomajon\/#primaryimage"},"thumbnailUrl":"https:\/\/dreamhousekirilla.hu\/wp-content\/uploads\/2025\/07\/IMG_7307.jpeg","datePublished":"2025-07-30T19:43:07+00:00","dateModified":"2026-01-26T13:01:46+00:00","description":"Wundersch\u00f6nes Einfamilienhaus in dem h\u00fcgeligen Neubaugebiet von Cserszegtomaj zu verkaufen.","breadcrumb":{"@id":"https:\/\/dreamhousekirilla.hu\/termek\/elado-meses-csaladi-otthon-cserszegtomajon\/#breadcrumb"},"inLanguage":"de","potentialAction":[{"@type":"ReadAction","target":["https:\/\/dreamhousekirilla.hu\/termek\/elado-meses-csaladi-otthon-cserszegtomajon\/"]}]},{"@type":"ImageObject","inLanguage":"de","@id":"https:\/\/dreamhousekirilla.hu\/termek\/elado-meses-csaladi-otthon-cserszegtomajon\/#primaryimage","url":"https:\/\/dreamhousekirilla.hu\/wp-content\/uploads\/2025\/07\/IMG_7307.jpeg","contentUrl":"https:\/\/dreamhousekirilla.hu\/wp-content\/uploads\/2025\/07\/IMG_7307.jpeg","width":1700,"height":1275,"caption":"Dream House Kirilla - Elad\u00f3 Ingatlanok"},{"@type":"BreadcrumbList","@id":"https:\/\/dreamhousekirilla.hu\/termek\/elado-meses-csaladi-otthon-cserszegtomajon\/#breadcrumb","itemListElement":[{"@type":"ListItem","position":1,"name":"Kezd\u0151lap","item":"https:\/\/dreamhousekirilla.hu\/"},{"@type":"ListItem","position":2,"name":"Shop","item":"https:\/\/dreamhousekirilla.hu\/uzlet\/"},{"@type":"ListItem","position":3,"name":"200 m\u00b2 Elad\u00f3 mes\u00e9s csal\u00e1di otthon Cserszegtomajon"}]},{"@type":"WebSite","@id":"https:\/\/dreamhousekirilla.hu\/#website","url":"https:\/\/dreamhousekirilla.hu\/","name":"DREAM HOUSE Kirilla","description":"Immobilienb\u00fcro","publisher":{"@id":"https:\/\/dreamhousekirilla.hu\/#organization"},"potentialAction":[{"@type":"SearchAction","target":{"@type":"EntryPoint","urlTemplate":"https:\/\/dreamhousekirilla.hu\/?s={search_term_string}"},"query-input":{"@type":"PropertyValueSpecification","valueRequired":true,"valueName":"search_term_string"}}],"inLanguage":"de"},{"@type":"Organization","@id":"https:\/\/dreamhousekirilla.hu\/#organization","name":"Traumhaus Kirilla - Immobilienb\u00fcro","url":"https:\/\/dreamhousekirilla.hu\/","logo":{"@type":"ImageObject","inLanguage":"de","@id":"https:\/\/dreamhousekirilla.hu\/#\/schema\/logo\/image\/","url":"https:\/\/dreamhousekirilla.hu\/wp-content\/uploads\/2025\/07\/Logo-allitott-zold.jpg","contentUrl":"https:\/\/dreamhousekirilla.hu\/wp-content\/uploads\/2025\/07\/Logo-allitott-zold.jpg","width":596,"height":275,"caption":"Dream House Kirilla - real estate agency"},"image":{"@id":"https:\/\/dreamhousekirilla.hu\/#\/schema\/logo\/image\/"}}]}},"_links":{"self":[{"href":"https:\/\/dreamhousekirilla.hu\/de\/wp-json\/wp\/v2\/product\/1219","targetHints":{"allow":["GET"]}}],"collection":[{"href":"https:\/\/dreamhousekirilla.hu\/de\/wp-json\/wp\/v2\/product"}],"about":[{"href":"https:\/\/dreamhousekirilla.hu\/de\/wp-json\/wp\/v2\/types\/product"}],"replies":[{"embeddable":true,"href":"https:\/\/dreamhousekirilla.hu\/de\/wp-json\/wp\/v2\/comments?post=1219"}],"wp:featuredmedia":[{"embeddable":true,"href":"https:\/\/dreamhousekirilla.hu\/de\/wp-json\/wp\/v2\/media\/1220"}],"wp:attachment":[{"href":"https:\/\/dreamhousekirilla.hu\/de\/wp-json\/wp\/v2\/media?parent=1219"}],"wp:term":[{"taxonomy":"product_brand","embeddable":true,"href":"https:\/\/dreamhousekirilla.hu\/de\/wp-json\/wp\/v2\/product_brand?post=1219"},{"taxonomy":"product_cat","embeddable":true,"href":"https:\/\/dreamhousekirilla.hu\/de\/wp-json\/wp\/v2\/product_cat?post=1219"},{"taxonomy":"product_tag","embeddable":true,"href":"https:\/\/dreamhousekirilla.hu\/de\/wp-json\/wp\/v2\/product_tag?post=1219"}],"curies":[{"name":"wp","href":"https:\/\/api.w.org\/{rel}","templated":true}]}}