{"id":1281,"date":"2025-07-31T09:08:42","date_gmt":"2025-07-31T07:08:42","guid":{"rendered":"https:\/\/dreamhousekirilla.hu\/?post_type=product&#038;p=1281"},"modified":"2025-10-02T10:27:00","modified_gmt":"2025-10-02T08:27:00","slug":"elado-haz-balatonbereny","status":"publish","type":"product","link":"https:\/\/dreamhousekirilla.hu\/de\/product\/elado-haz-balatonbereny\/","title":{"rendered":"<b>180 m\u00b2<\/b> <br>Familienhaus am S\u00fcdufer des Plattensees, in Balatonber\u00e9ny"},"content":{"rendered":"<p><span style=\"font-weight: 400;\">Sehr anspruchsvolles Einfamilienhaus am S\u00fcdufer des Plattensees, in Balatonber\u00e9ny<\/span><\/p>\n<p><span style=\"font-weight: 400;\">Am S\u00fcdufer des Plattensees, nur 800 Meter vom Ufer entfernt, befindet sich dieses atemberaubende Familienhaus, das von seinem derzeitigen Eigent\u00fcmer st\u00e4ndig gepflegt und instand gehalten wird. Das Haus besteht aus zwei separaten Wohneinheiten: einer ger\u00e4umigen Hauptwohnung und einer 2009 hinzugef\u00fcgten Wohnung, die vom Hauptgeb\u00e4ude oder \u00fcber einen separaten Eingang zug\u00e4nglich ist. Das Innere der Immobilie ist geschmackvoll im Vintage-Stil eingerichtet, wobei die M\u00f6bel im ausgeschriebenen Kaufpreis enthalten sind. Das Haus wird mit einer Gastherme beheizt und es gibt auch einen sch\u00f6nen Kachelofen im Wohnzimmer. Die Immobilie ist au\u00dferdem mit Sonnenkollektoren ausgestattet, die eine umweltfreundliche L\u00f6sung f\u00fcr die Energieversorgung bieten. Das Grundst\u00fcck ist sch\u00f6n angelegt und mit Obstb\u00e4umen bepflanzt und bietet eine angenehme Umgebung f\u00fcr Ruhe und Entspannung.<\/span><\/p>\n<p><span style=\"font-weight: 400;\">Zuweisung von Raum:<\/span><\/p>\n<p><span style=\"font-weight: 400;\">Hauptgeb\u00e4ude:<\/span><\/p>\n<p><span style=\"font-weight: 400;\">* Tornac: 8,20 nm<\/span><\/p>\n<p><span style=\"font-weight: 400;\">* Kantenf\u00e4nger: 3,60 nm<\/span><\/p>\n<p><span style=\"font-weight: 400;\">* Wohnzimmer: 26,30 nm<\/span><\/p>\n<p><span style=\"font-weight: 400;\">* K\u00fcche + Esszimmer: 13,20 qm<\/span><\/p>\n<p><span style=\"font-weight: 400;\">* Spejz: 2,00 nm<\/span><\/p>\n<p><span style=\"font-weight: 400;\">* Zimmer: 9,90 qm<\/span><\/p>\n<p><span style=\"font-weight: 400;\">* Zimmer: 11,20 qm<\/span><\/p>\n<p><span style=\"font-weight: 400;\">* Zimmer: 11,20 qm<\/span><\/p>\n<p><span style=\"font-weight: 400;\">* Bad + WC: 8,60 qm<\/span><\/p>\n<p><span style=\"font-weight: 400;\">* Haushalt: 7,20 Quadratmeter<\/span><\/p>\n<p><span style=\"font-weight: 400;\">* WC: 2,20 nm<\/span><\/p>\n<p><span style=\"font-weight: 400;\">* Garage: 19,80 Quadratmeter<\/span><\/p>\n<p><span style=\"font-weight: 400;\">* Abstellraum: 9,00 qm<\/span><\/p>\n<p><span style=\"font-weight: 400;\">* Terrasse: 17,10 qm<\/span><\/p>\n<p><span style=\"font-weight: 400;\">G\u00e4stewohnung:<\/span><\/p>\n<p><span style=\"font-weight: 400;\">* K\u00fcche + Wohnzimmer: 25,80 qm<\/span><\/p>\n<p><span style=\"font-weight: 400;\">* Bad + WC: 5,40 qm<\/span><\/p>\n<p><span style=\"font-weight: 400;\">* Zimmer: 9,45 qm<\/span><\/p>\n<p><span style=\"font-weight: 400;\">* Terrasse: 10,00 qm<\/span><\/p>\n<p><span style=\"font-weight: 400;\">* Holzlagerraum: 49,09 qm<\/span><\/p>\n<p><span style=\"font-weight: 400;\">Ausf\u00fchrung:<\/span><\/p>\n<p><span style=\"font-weight: 400;\">Die Immobilie ist vollst\u00e4ndig an die Versorgungsnetze angeschlossen, einschlie\u00dflich Strom, Wasser, Kanalisation, Erdgas, Kabelfernsehen, Internet, Klimaanlage und Alarmanlage. Die Heizung erfolgt \u00fcber eine Gaszentralheizung, die Holzfenster haben Isolierglas. Der Bodenbelag besteht aus glasierten Keramikfliesen. Das Grundst\u00fcck ist mit einem Zaun umgeben.<\/span><\/p>\n<p><span style=\"font-weight: 400;\">Die Gesamtfl\u00e4che der Immobilie betr\u00e4gt 180 Quadratmeter, w\u00e4hrend das Grundst\u00fcck 787 Quadratmeter gro\u00df ist. Dies bietet reichlich Platz f\u00fcr komfortables Wohnen und Freizeitaktivit\u00e4ten.<\/span><\/p>\n<p><span style=\"font-weight: 400;\">Standort:<\/span><\/p>\n<p><span style=\"font-weight: 400;\">Das Familienhaus liegt an der s\u00fcdwestlichen Spitze des Plattensees, nur 800 Meter vom Ufer entfernt. Der Ort bietet gut ausgebaute Str\u00e4nde, Restaurants und eine Vielzahl von Unterhaltungsm\u00f6glichkeiten. Vor Ort gibt es Lebensmittelgesch\u00e4fte, Restaurants und medizinische Versorgung. Keszthely, die Hauptstadt des Plattensees, ist nur 15 km entfernt und bietet viele Sehensw\u00fcrdigkeiten, darunter das Schloss Festetics, eine der gr\u00f6\u00dften Burgen des Landes. In der N\u00e4he liegt H\u00e9v\u00edz (20 km) mit dem gr\u00f6\u00dften nat\u00fcrlichen Thermalsee der Welt und einem modernen Heilbad, das auf die Behandlung von Erkrankungen des Bewegungsapparates spezialisiert ist. Die Wassertemperatur des Thermalsees sinkt auch im Winter nicht unter 30 Grad Celsius. Vor kurzem wurde in der N\u00e4he der Stadt ein neues Thermalbad mit einem Wasserpark er\u00f6ffnet.<\/span><\/p>\n<p><span style=\"font-weight: 400;\">F\u00fcr weitere Details, Informationen und Bilder\/Videos kontaktieren Sie mich bitte per Telefon.<\/span><\/p>\n<p><span style=\"font-weight: 400;\">Der Angebotspreis betr\u00e4gt 409.999 Euro (bei variablem Wechselkurs) oder 159.999.999 HUF.<\/span><\/p>\n<p><br style=\"font-weight: 400;\" \/><br style=\"font-weight: 400;\" \/><\/p>","protected":false},"excerpt":{"rendered":"<p>180 m\u00b2<\/p>","protected":false},"featured_media":1282,"comment_status":"closed","ping_status":"closed","template":"","meta":{"_et_pb_use_builder":"","_et_pb_old_content":"","_et_gb_content_width":"","inline_featured_image":false},"product_brand":[],"product_cat":[21],"product_tag":[],"class_list":{"0":"post-1281","1":"product","2":"type-product","3":"status-publish","4":"has-post-thumbnail","6":"product_cat-elado-ingatlanok","8":"first","9":"instock","10":"shipping-taxable","11":"purchasable","12":"product-type-simple"},"yoast_head":"<!-- This site is optimized with the Yoast SEO plugin v25.7 - https:\/\/yoast.com\/wordpress\/plugins\/seo\/ -->\n<title>180 m\u00b2 Csal\u00e1di h\u00e1z a Balaton d\u00e9li partj\u00e1n, Balatonber\u00e9nyben - Dream House Kirilla<\/title>\n<meta name=\"description\" content=\"Nagyon ig\u00e9nyes csal\u00e1di h\u00e1z a Balaton d\u00e9li partj\u00e1n, Balatonber\u00e9nyben.\" \/>\n<meta name=\"robots\" content=\"index, follow, max-snippet:-1, max-image-preview:large, max-video-preview:-1\" \/>\n<link rel=\"canonical\" href=\"https:\/\/dreamhousekirilla.hu\/de\/product\/elado-haz-balatonbereny\/\" \/>\n<meta property=\"og:locale\" content=\"de_DE\" \/>\n<meta property=\"og:type\" content=\"article\" \/>\n<meta property=\"og:title\" content=\"180 m\u00b2 Csal\u00e1di h\u00e1z a Balaton d\u00e9li partj\u00e1n, Balatonber\u00e9nyben - Dream House Kirilla\" \/>\n<meta property=\"og:description\" content=\"Nagyon ig\u00e9nyes csal\u00e1di h\u00e1z a Balaton d\u00e9li partj\u00e1n, Balatonber\u00e9nyben.\" \/>\n<meta property=\"og:url\" content=\"https:\/\/dreamhousekirilla.hu\/de\/product\/elado-haz-balatonbereny\/\" \/>\n<meta property=\"og:site_name\" content=\"Dream House Kirilla\" \/>\n<meta property=\"article:modified_time\" content=\"2025-10-02T08:27:00+00:00\" \/>\n<meta property=\"og:image\" content=\"https:\/\/dreamhousekirilla.hu\/wp-content\/uploads\/2025\/07\/IMG_5716.jpeg\" \/>\n\t<meta property=\"og:image:width\" content=\"1700\" \/>\n\t<meta property=\"og:image:height\" content=\"1275\" \/>\n\t<meta property=\"og:image:type\" content=\"image\/jpeg\" \/>\n<meta name=\"twitter:card\" content=\"summary_large_image\" \/>\n<meta name=\"twitter:label1\" content=\"Gesch\u00e4tzte Lesezeit\" \/>\n\t<meta name=\"twitter:data1\" content=\"3\u00a0Minuten\" \/>\n<script type=\"application\/ld+json\" class=\"yoast-schema-graph\">{\"@context\":\"https:\/\/schema.org\",\"@graph\":[{\"@type\":\"WebPage\",\"@id\":\"https:\/\/dreamhousekirilla.hu\/termek\/elado-haz-balatonbereny\/\",\"url\":\"https:\/\/dreamhousekirilla.hu\/termek\/elado-haz-balatonbereny\/\",\"name\":\"180 m\u00b2 Csal\u00e1di h\u00e1z a Balaton d\u00e9li partj\u00e1n, Balatonber\u00e9nyben - Dream House Kirilla\",\"isPartOf\":{\"@id\":\"https:\/\/dreamhousekirilla.hu\/#website\"},\"primaryImageOfPage\":{\"@id\":\"https:\/\/dreamhousekirilla.hu\/termek\/elado-haz-balatonbereny\/#primaryimage\"},\"image\":{\"@id\":\"https:\/\/dreamhousekirilla.hu\/termek\/elado-haz-balatonbereny\/#primaryimage\"},\"thumbnailUrl\":\"https:\/\/dreamhousekirilla.hu\/wp-content\/uploads\/2025\/07\/IMG_5716.jpeg\",\"datePublished\":\"2025-07-31T07:08:42+00:00\",\"dateModified\":\"2025-10-02T08:27:00+00:00\",\"description\":\"Nagyon ig\u00e9nyes csal\u00e1di h\u00e1z a Balaton d\u00e9li partj\u00e1n, Balatonber\u00e9nyben.\",\"breadcrumb\":{\"@id\":\"https:\/\/dreamhousekirilla.hu\/termek\/elado-haz-balatonbereny\/#breadcrumb\"},\"inLanguage\":\"de\",\"potentialAction\":[{\"@type\":\"ReadAction\",\"target\":[\"https:\/\/dreamhousekirilla.hu\/termek\/elado-haz-balatonbereny\/\"]}]},{\"@type\":\"ImageObject\",\"inLanguage\":\"de\",\"@id\":\"https:\/\/dreamhousekirilla.hu\/termek\/elado-haz-balatonbereny\/#primaryimage\",\"url\":\"https:\/\/dreamhousekirilla.hu\/wp-content\/uploads\/2025\/07\/IMG_5716.jpeg\",\"contentUrl\":\"https:\/\/dreamhousekirilla.hu\/wp-content\/uploads\/2025\/07\/IMG_5716.jpeg\",\"width\":1700,\"height\":1275,\"caption\":\"Dream House Kirilla - Elad\u00f3 Ingatlanok\"},{\"@type\":\"BreadcrumbList\",\"@id\":\"https:\/\/dreamhousekirilla.hu\/termek\/elado-haz-balatonbereny\/#breadcrumb\",\"itemListElement\":[{\"@type\":\"ListItem\",\"position\":1,\"name\":\"Kezd\u0151lap\",\"item\":\"https:\/\/dreamhousekirilla.hu\/\"},{\"@type\":\"ListItem\",\"position\":2,\"name\":\"Shop\",\"item\":\"https:\/\/dreamhousekirilla.hu\/uzlet\/\"},{\"@type\":\"ListItem\",\"position\":3,\"name\":\"180 m\u00b2 Csal\u00e1di h\u00e1z a Balaton d\u00e9li partj\u00e1n, Balatonber\u00e9nyben\"}]},{\"@type\":\"WebSite\",\"@id\":\"https:\/\/dreamhousekirilla.hu\/#website\",\"url\":\"https:\/\/dreamhousekirilla.hu\/\",\"name\":\"Dream House Kirilla\",\"description\":\"Real Estate Agency\",\"publisher\":{\"@id\":\"https:\/\/dreamhousekirilla.hu\/#organization\"},\"potentialAction\":[{\"@type\":\"SearchAction\",\"target\":{\"@type\":\"EntryPoint\",\"urlTemplate\":\"https:\/\/dreamhousekirilla.hu\/?s={search_term_string}\"},\"query-input\":{\"@type\":\"PropertyValueSpecification\",\"valueRequired\":true,\"valueName\":\"search_term_string\"}}],\"inLanguage\":\"de\"},{\"@type\":\"Organization\",\"@id\":\"https:\/\/dreamhousekirilla.hu\/#organization\",\"name\":\"Dream House Kirilla - real estate agency\",\"url\":\"https:\/\/dreamhousekirilla.hu\/\",\"logo\":{\"@type\":\"ImageObject\",\"inLanguage\":\"de\",\"@id\":\"https:\/\/dreamhousekirilla.hu\/#\/schema\/logo\/image\/\",\"url\":\"https:\/\/dreamhousekirilla.hu\/wp-content\/uploads\/2025\/07\/Logo-allitott-zold.jpg\",\"contentUrl\":\"https:\/\/dreamhousekirilla.hu\/wp-content\/uploads\/2025\/07\/Logo-allitott-zold.jpg\",\"width\":596,\"height\":275,\"caption\":\"Dream House Kirilla - real estate agency\"},\"image\":{\"@id\":\"https:\/\/dreamhousekirilla.hu\/#\/schema\/logo\/image\/\"}}]}<\/script>\n<!-- \/ Yoast SEO plugin. -->","yoast_head_json":{"title":"180 m\u00b2 Einfamilienhaus am S\u00fcdufer des Plattensees, in Balatonber\u00e9ny - Traumhaus Kirilla","description":"Sehr anspruchsvolles Einfamilienhaus am S\u00fcdufer des Plattensees, in Balatonber\u00e9ny.","robots":{"index":"index","follow":"follow","max-snippet":"max-snippet:-1","max-image-preview":"max-image-preview:large","max-video-preview":"max-video-preview:-1"},"canonical":"https:\/\/dreamhousekirilla.hu\/de\/product\/elado-haz-balatonbereny\/","og_locale":"de_DE","og_type":"article","og_title":"180 m\u00b2 Csal\u00e1di h\u00e1z a Balaton d\u00e9li partj\u00e1n, Balatonber\u00e9nyben - Dream House Kirilla","og_description":"Nagyon ig\u00e9nyes csal\u00e1di h\u00e1z a Balaton d\u00e9li partj\u00e1n, Balatonber\u00e9nyben.","og_url":"https:\/\/dreamhousekirilla.hu\/de\/product\/elado-haz-balatonbereny\/","og_site_name":"Dream House Kirilla","article_modified_time":"2025-10-02T08:27:00+00:00","og_image":[{"width":1700,"height":1275,"url":"https:\/\/dreamhousekirilla.hu\/wp-content\/uploads\/2025\/07\/IMG_5716.jpeg","type":"image\/jpeg"}],"twitter_card":"summary_large_image","twitter_misc":{"Gesch\u00e4tzte Lesezeit":"3\u00a0Minuten"},"schema":{"@context":"https:\/\/schema.org","@graph":[{"@type":"WebPage","@id":"https:\/\/dreamhousekirilla.hu\/termek\/elado-haz-balatonbereny\/","url":"https:\/\/dreamhousekirilla.hu\/termek\/elado-haz-balatonbereny\/","name":"180 m\u00b2 Einfamilienhaus am S\u00fcdufer des Plattensees, in Balatonber\u00e9ny - Traumhaus Kirilla","isPartOf":{"@id":"https:\/\/dreamhousekirilla.hu\/#website"},"primaryImageOfPage":{"@id":"https:\/\/dreamhousekirilla.hu\/termek\/elado-haz-balatonbereny\/#primaryimage"},"image":{"@id":"https:\/\/dreamhousekirilla.hu\/termek\/elado-haz-balatonbereny\/#primaryimage"},"thumbnailUrl":"https:\/\/dreamhousekirilla.hu\/wp-content\/uploads\/2025\/07\/IMG_5716.jpeg","datePublished":"2025-07-31T07:08:42+00:00","dateModified":"2025-10-02T08:27:00+00:00","description":"Sehr anspruchsvolles Einfamilienhaus am S\u00fcdufer des Plattensees, in Balatonber\u00e9ny.","breadcrumb":{"@id":"https:\/\/dreamhousekirilla.hu\/termek\/elado-haz-balatonbereny\/#breadcrumb"},"inLanguage":"de","potentialAction":[{"@type":"ReadAction","target":["https:\/\/dreamhousekirilla.hu\/termek\/elado-haz-balatonbereny\/"]}]},{"@type":"ImageObject","inLanguage":"de","@id":"https:\/\/dreamhousekirilla.hu\/termek\/elado-haz-balatonbereny\/#primaryimage","url":"https:\/\/dreamhousekirilla.hu\/wp-content\/uploads\/2025\/07\/IMG_5716.jpeg","contentUrl":"https:\/\/dreamhousekirilla.hu\/wp-content\/uploads\/2025\/07\/IMG_5716.jpeg","width":1700,"height":1275,"caption":"Dream House Kirilla - Elad\u00f3 Ingatlanok"},{"@type":"BreadcrumbList","@id":"https:\/\/dreamhousekirilla.hu\/termek\/elado-haz-balatonbereny\/#breadcrumb","itemListElement":[{"@type":"ListItem","position":1,"name":"Kezd\u0151lap","item":"https:\/\/dreamhousekirilla.hu\/"},{"@type":"ListItem","position":2,"name":"Shop","item":"https:\/\/dreamhousekirilla.hu\/uzlet\/"},{"@type":"ListItem","position":3,"name":"180 m\u00b2 Csal\u00e1di h\u00e1z a Balaton d\u00e9li partj\u00e1n, Balatonber\u00e9nyben"}]},{"@type":"WebSite","@id":"https:\/\/dreamhousekirilla.hu\/#website","url":"https:\/\/dreamhousekirilla.hu\/","name":"DREAM HOUSE Kirilla","description":"Immobilienb\u00fcro","publisher":{"@id":"https:\/\/dreamhousekirilla.hu\/#organization"},"potentialAction":[{"@type":"SearchAction","target":{"@type":"EntryPoint","urlTemplate":"https:\/\/dreamhousekirilla.hu\/?s={search_term_string}"},"query-input":{"@type":"PropertyValueSpecification","valueRequired":true,"valueName":"search_term_string"}}],"inLanguage":"de"},{"@type":"Organization","@id":"https:\/\/dreamhousekirilla.hu\/#organization","name":"Traumhaus Kirilla - Immobilienb\u00fcro","url":"https:\/\/dreamhousekirilla.hu\/","logo":{"@type":"ImageObject","inLanguage":"de","@id":"https:\/\/dreamhousekirilla.hu\/#\/schema\/logo\/image\/","url":"https:\/\/dreamhousekirilla.hu\/wp-content\/uploads\/2025\/07\/Logo-allitott-zold.jpg","contentUrl":"https:\/\/dreamhousekirilla.hu\/wp-content\/uploads\/2025\/07\/Logo-allitott-zold.jpg","width":596,"height":275,"caption":"Dream House Kirilla - real estate agency"},"image":{"@id":"https:\/\/dreamhousekirilla.hu\/#\/schema\/logo\/image\/"}}]}},"_links":{"self":[{"href":"https:\/\/dreamhousekirilla.hu\/de\/wp-json\/wp\/v2\/product\/1281","targetHints":{"allow":["GET"]}}],"collection":[{"href":"https:\/\/dreamhousekirilla.hu\/de\/wp-json\/wp\/v2\/product"}],"about":[{"href":"https:\/\/dreamhousekirilla.hu\/de\/wp-json\/wp\/v2\/types\/product"}],"replies":[{"embeddable":true,"href":"https:\/\/dreamhousekirilla.hu\/de\/wp-json\/wp\/v2\/comments?post=1281"}],"wp:featuredmedia":[{"embeddable":true,"href":"https:\/\/dreamhousekirilla.hu\/de\/wp-json\/wp\/v2\/media\/1282"}],"wp:attachment":[{"href":"https:\/\/dreamhousekirilla.hu\/de\/wp-json\/wp\/v2\/media?parent=1281"}],"wp:term":[{"taxonomy":"product_brand","embeddable":true,"href":"https:\/\/dreamhousekirilla.hu\/de\/wp-json\/wp\/v2\/product_brand?post=1281"},{"taxonomy":"product_cat","embeddable":true,"href":"https:\/\/dreamhousekirilla.hu\/de\/wp-json\/wp\/v2\/product_cat?post=1281"},{"taxonomy":"product_tag","embeddable":true,"href":"https:\/\/dreamhousekirilla.hu\/de\/wp-json\/wp\/v2\/product_tag?post=1281"}],"curies":[{"name":"wp","href":"https:\/\/api.w.org\/{rel}","templated":true}]}}