{"id":1431,"date":"2025-08-01T12:45:05","date_gmt":"2025-08-01T10:45:05","guid":{"rendered":"https:\/\/dreamhousekirilla.hu\/?post_type=product&#038;p=1431"},"modified":"2025-08-01T12:45:06","modified_gmt":"2025-08-01T10:45:06","slug":"elado-haz-szentgyorgyvar","status":"publish","type":"product","link":"https:\/\/dreamhousekirilla.hu\/de\/product\/elado-haz-szentgyorgyvar\/","title":{"rendered":"<b>100 m\u00b2<\/b> <br>Modernes Haus in St. George"},"content":{"rendered":"<p><span style=\"font-weight: 400;\">MODERNES HAUS IN SZENTGY\u00d6RGYV\u00c1R<\/span><\/p>\n<p><span style=\"font-weight: 400;\">Zum Verkauf steht ein brandneues, modernes, gemauertes, 100 m\u00b2 gro\u00dfes Einfamilienhaus auf einem 2500 m\u00b2 gro\u00dfen Grundst\u00fcck.<\/span><\/p>\n<p><span style=\"font-weight: 400;\">Dieses speziell entworfene Haus wurde nach den neuesten Standards gebaut und ist sofort bezugsfertig.<\/span><\/p>\n<p><span style=\"font-weight: 400;\">Merkmale der Immobilie:<\/span><\/p>\n<p><span style=\"font-weight: 400;\">&#8211; 100 m\u00b2 alapter\u00fclet \u2013 t\u00e1gas \u00e9s k\u00e9nyelmes otthon mindazok sz\u00e1m\u00e1ra, akik \u00e9rt\u00e9kelik a komfortot.<\/span><\/p>\n<p><span style=\"font-weight: 400;\">&#8211; T\u00e9gl\u00e1b\u00f3l \u00e9p\u00fclt \u2013 massz\u00edv \u00e9s tart\u00f3s anyagokb\u00f3l k\u00e9sz\u00fclt, garant\u00e1lva a hossz\u00fa \u00e9lettartamot \u00e9s a kiv\u00e1l\u00f3 min\u0151s\u00e9g\u0171 kivitelez\u00e9st.<\/span><\/p>\n<p><span style=\"font-weight: 400;\">&#8211; Modern f\u0171t\u00e9si rendszer \u2013 padl\u00f3f\u0171t\u00e9s biztos\u00edt minden helyis\u00e9gben kellemes h\u0151m\u00e9rs\u00e9kletet.<\/span><\/p>\n<p><span style=\"font-weight: 400;\">&#8211; 2500 m\u00b2-es telek \u2013 hatalmas kert, amely t\u00f6k\u00e9letes pihen\u00e9sre, kert\u00e9szked\u00e9sre, n\u00f6v\u00e9nytermeszt\u00e9sre vagy k\u00fcl\u00f6nf\u00e9le szabadt\u00e9ri tev\u00e9kenys\u00e9gekre.<\/span><\/p>\n<p><span style=\"font-weight: 400;\">&#8211; Tov\u00e1bbi lehet\u0151s\u00e9g \u2013 a h\u00e1z mellett tal\u00e1lhat\u00f3 egy m\u00e1sik 2500 m\u00b2-es telek, amely tov\u00e1bbi 25.000 eur\u00f3\u00e9rt megv\u00e1s\u00e1rolhat\u00f3, de k\u00fcl\u00f6n is elad\u00f3.<\/span><\/p>\n<p><span style=\"font-weight: 400;\">Standort:<\/span><\/p>\n<p><span style=\"font-weight: 400;\">St. George's Castle ist ein ruhiges, friedliches Dorf, ideal f\u00fcr Naturliebhaber. Das Dorf ist nur 15 Minuten vom Plattensee und 5 Minuten von der sch\u00f6nen Thermalstadt H\u00e9v\u00edz entfernt. Keszthely, eine der gr\u00f6\u00dften St\u00e4dte der Region, ist 10 Minuten entfernt. Die Autobahn M7 ist in wenigen Minuten zu erreichen und erm\u00f6glicht einen schnellen und bequemen Transport.<\/span><\/p>\n<p><span style=\"font-weight: 400;\">Wenn Sie auf der Suche nach einem neuen, modernen und komfortablen Zuhause sind, sollten Sie sich diese fantastische Gelegenheit nicht entgehen lassen! Diese Immobilie ist die perfekte Wahl f\u00fcr diejenigen, die ein stilvolles und praktisches Zuhause suchen.<\/span><\/p>\n<p><span style=\"font-weight: 400;\">Rufen Sie uns an, um weitere Informationen zu erhalten und einen Besichtigungstermin zu vereinbaren.<\/span><\/p>\n<p><span style=\"font-weight: 400;\">UVP: 195.999 EUR (je nach Wechselkurs) oder 79.999.999 HUF.<\/span><\/p>\n<p><br style=\"font-weight: 400;\" \/><br style=\"font-weight: 400;\" \/><\/p>","protected":false},"excerpt":{"rendered":"<p>100 m\u00b2<\/p>","protected":false},"featured_media":1432,"comment_status":"closed","ping_status":"closed","template":"","meta":{"_et_pb_use_builder":"","_et_pb_old_content":"","_et_gb_content_width":"","inline_featured_image":false},"product_brand":[],"product_cat":[21],"product_tag":[],"class_list":{"0":"post-1431","1":"product","2":"type-product","3":"status-publish","4":"has-post-thumbnail","6":"product_cat-elado-ingatlanok","8":"first","9":"instock","10":"shipping-taxable","11":"purchasable","12":"product-type-simple"},"yoast_head":"<!-- This site is optimized with the Yoast SEO plugin v25.7 - https:\/\/yoast.com\/wordpress\/plugins\/seo\/ -->\n<title>100 m\u00b2 Modern h\u00e1z Szentgy\u00f6rgyv\u00e1ron - Dream House Kirilla<\/title>\n<meta name=\"description\" content=\"Elad\u00f3 egy vadonat\u00faj, modern, t\u00e9gl\u00e1b\u00f3l \u00e9p\u00fclt, 100 m\u00b2-es csal\u00e1di h\u00e1z, amely egy 2500 m\u00b2-es telken helyezkedik el.\" \/>\n<meta name=\"robots\" content=\"index, follow, max-snippet:-1, max-image-preview:large, max-video-preview:-1\" \/>\n<link rel=\"canonical\" href=\"https:\/\/dreamhousekirilla.hu\/de\/product\/elado-haz-szentgyorgyvar\/\" \/>\n<meta property=\"og:locale\" content=\"de_DE\" \/>\n<meta property=\"og:type\" content=\"article\" \/>\n<meta property=\"og:title\" content=\"100 m\u00b2 Modern h\u00e1z Szentgy\u00f6rgyv\u00e1ron - Dream House Kirilla\" \/>\n<meta property=\"og:description\" content=\"Elad\u00f3 egy vadonat\u00faj, modern, t\u00e9gl\u00e1b\u00f3l \u00e9p\u00fclt, 100 m\u00b2-es csal\u00e1di h\u00e1z, amely egy 2500 m\u00b2-es telken helyezkedik el.\" \/>\n<meta property=\"og:url\" content=\"https:\/\/dreamhousekirilla.hu\/de\/product\/elado-haz-szentgyorgyvar\/\" \/>\n<meta property=\"og:site_name\" content=\"Dream House Kirilla\" \/>\n<meta property=\"article:modified_time\" content=\"2025-08-01T10:45:06+00:00\" \/>\n<meta property=\"og:image\" content=\"https:\/\/dreamhousekirilla.hu\/wp-content\/uploads\/2025\/08\/IMG_4426.jpeg\" \/>\n\t<meta property=\"og:image:width\" content=\"1700\" \/>\n\t<meta property=\"og:image:height\" content=\"1275\" \/>\n\t<meta property=\"og:image:type\" content=\"image\/jpeg\" \/>\n<meta name=\"twitter:card\" content=\"summary_large_image\" \/>\n<meta name=\"twitter:label1\" content=\"Gesch\u00e4tzte Lesezeit\" \/>\n\t<meta name=\"twitter:data1\" content=\"2\u00a0Minuten\" \/>\n<script type=\"application\/ld+json\" class=\"yoast-schema-graph\">{\"@context\":\"https:\/\/schema.org\",\"@graph\":[{\"@type\":\"WebPage\",\"@id\":\"https:\/\/dreamhousekirilla.hu\/termek\/elado-haz-szentgyorgyvar\/\",\"url\":\"https:\/\/dreamhousekirilla.hu\/termek\/elado-haz-szentgyorgyvar\/\",\"name\":\"100 m\u00b2 Modern h\u00e1z Szentgy\u00f6rgyv\u00e1ron - Dream House Kirilla\",\"isPartOf\":{\"@id\":\"https:\/\/dreamhousekirilla.hu\/#website\"},\"primaryImageOfPage\":{\"@id\":\"https:\/\/dreamhousekirilla.hu\/termek\/elado-haz-szentgyorgyvar\/#primaryimage\"},\"image\":{\"@id\":\"https:\/\/dreamhousekirilla.hu\/termek\/elado-haz-szentgyorgyvar\/#primaryimage\"},\"thumbnailUrl\":\"https:\/\/dreamhousekirilla.hu\/wp-content\/uploads\/2025\/08\/IMG_4426.jpeg\",\"datePublished\":\"2025-08-01T10:45:05+00:00\",\"dateModified\":\"2025-08-01T10:45:06+00:00\",\"description\":\"Elad\u00f3 egy vadonat\u00faj, modern, t\u00e9gl\u00e1b\u00f3l \u00e9p\u00fclt, 100 m\u00b2-es csal\u00e1di h\u00e1z, amely egy 2500 m\u00b2-es telken helyezkedik el.\",\"breadcrumb\":{\"@id\":\"https:\/\/dreamhousekirilla.hu\/termek\/elado-haz-szentgyorgyvar\/#breadcrumb\"},\"inLanguage\":\"de\",\"potentialAction\":[{\"@type\":\"ReadAction\",\"target\":[\"https:\/\/dreamhousekirilla.hu\/termek\/elado-haz-szentgyorgyvar\/\"]}]},{\"@type\":\"ImageObject\",\"inLanguage\":\"de\",\"@id\":\"https:\/\/dreamhousekirilla.hu\/termek\/elado-haz-szentgyorgyvar\/#primaryimage\",\"url\":\"https:\/\/dreamhousekirilla.hu\/wp-content\/uploads\/2025\/08\/IMG_4426.jpeg\",\"contentUrl\":\"https:\/\/dreamhousekirilla.hu\/wp-content\/uploads\/2025\/08\/IMG_4426.jpeg\",\"width\":1700,\"height\":1275,\"caption\":\"Dream House Kirilla - Elad\u00f3 Ingatlanok\"},{\"@type\":\"BreadcrumbList\",\"@id\":\"https:\/\/dreamhousekirilla.hu\/termek\/elado-haz-szentgyorgyvar\/#breadcrumb\",\"itemListElement\":[{\"@type\":\"ListItem\",\"position\":1,\"name\":\"Kezd\u0151lap\",\"item\":\"https:\/\/dreamhousekirilla.hu\/\"},{\"@type\":\"ListItem\",\"position\":2,\"name\":\"Shop\",\"item\":\"https:\/\/dreamhousekirilla.hu\/uzlet\/\"},{\"@type\":\"ListItem\",\"position\":3,\"name\":\"100 m\u00b2 Modern h\u00e1z Szentgy\u00f6rgyv\u00e1ron\"}]},{\"@type\":\"WebSite\",\"@id\":\"https:\/\/dreamhousekirilla.hu\/#website\",\"url\":\"https:\/\/dreamhousekirilla.hu\/\",\"name\":\"Dream House Kirilla\",\"description\":\"Real Estate Agency\",\"publisher\":{\"@id\":\"https:\/\/dreamhousekirilla.hu\/#organization\"},\"potentialAction\":[{\"@type\":\"SearchAction\",\"target\":{\"@type\":\"EntryPoint\",\"urlTemplate\":\"https:\/\/dreamhousekirilla.hu\/?s={search_term_string}\"},\"query-input\":{\"@type\":\"PropertyValueSpecification\",\"valueRequired\":true,\"valueName\":\"search_term_string\"}}],\"inLanguage\":\"de\"},{\"@type\":\"Organization\",\"@id\":\"https:\/\/dreamhousekirilla.hu\/#organization\",\"name\":\"Dream House Kirilla - real estate agency\",\"url\":\"https:\/\/dreamhousekirilla.hu\/\",\"logo\":{\"@type\":\"ImageObject\",\"inLanguage\":\"de\",\"@id\":\"https:\/\/dreamhousekirilla.hu\/#\/schema\/logo\/image\/\",\"url\":\"https:\/\/dreamhousekirilla.hu\/wp-content\/uploads\/2025\/07\/Logo-allitott-zold.jpg\",\"contentUrl\":\"https:\/\/dreamhousekirilla.hu\/wp-content\/uploads\/2025\/07\/Logo-allitott-zold.jpg\",\"width\":596,\"height\":275,\"caption\":\"Dream House Kirilla - real estate agency\"},\"image\":{\"@id\":\"https:\/\/dreamhousekirilla.hu\/#\/schema\/logo\/image\/\"}}]}<\/script>\n<!-- \/ Yoast SEO plugin. -->","yoast_head_json":{"title":"100 m\u00b2 Modernes Haus in St. George - Traumhaus Kirilla","description":"Zum Verkauf steht ein brandneues, modernes, gemauertes, 100 m\u00b2 gro\u00dfes Einfamilienhaus auf einem 2500 m\u00b2 gro\u00dfen Grundst\u00fcck.","robots":{"index":"index","follow":"follow","max-snippet":"max-snippet:-1","max-image-preview":"max-image-preview:large","max-video-preview":"max-video-preview:-1"},"canonical":"https:\/\/dreamhousekirilla.hu\/de\/product\/elado-haz-szentgyorgyvar\/","og_locale":"de_DE","og_type":"article","og_title":"100 m\u00b2 Modern h\u00e1z Szentgy\u00f6rgyv\u00e1ron - Dream House Kirilla","og_description":"Elad\u00f3 egy vadonat\u00faj, modern, t\u00e9gl\u00e1b\u00f3l \u00e9p\u00fclt, 100 m\u00b2-es csal\u00e1di h\u00e1z, amely egy 2500 m\u00b2-es telken helyezkedik el.","og_url":"https:\/\/dreamhousekirilla.hu\/de\/product\/elado-haz-szentgyorgyvar\/","og_site_name":"Dream House Kirilla","article_modified_time":"2025-08-01T10:45:06+00:00","og_image":[{"width":1700,"height":1275,"url":"https:\/\/dreamhousekirilla.hu\/wp-content\/uploads\/2025\/08\/IMG_4426.jpeg","type":"image\/jpeg"}],"twitter_card":"summary_large_image","twitter_misc":{"Gesch\u00e4tzte Lesezeit":"2\u00a0Minuten"},"schema":{"@context":"https:\/\/schema.org","@graph":[{"@type":"WebPage","@id":"https:\/\/dreamhousekirilla.hu\/termek\/elado-haz-szentgyorgyvar\/","url":"https:\/\/dreamhousekirilla.hu\/termek\/elado-haz-szentgyorgyvar\/","name":"100 m\u00b2 Modernes Haus in St. George - Traumhaus Kirilla","isPartOf":{"@id":"https:\/\/dreamhousekirilla.hu\/#website"},"primaryImageOfPage":{"@id":"https:\/\/dreamhousekirilla.hu\/termek\/elado-haz-szentgyorgyvar\/#primaryimage"},"image":{"@id":"https:\/\/dreamhousekirilla.hu\/termek\/elado-haz-szentgyorgyvar\/#primaryimage"},"thumbnailUrl":"https:\/\/dreamhousekirilla.hu\/wp-content\/uploads\/2025\/08\/IMG_4426.jpeg","datePublished":"2025-08-01T10:45:05+00:00","dateModified":"2025-08-01T10:45:06+00:00","description":"Zum Verkauf steht ein brandneues, modernes, gemauertes, 100 m\u00b2 gro\u00dfes Einfamilienhaus auf einem 2500 m\u00b2 gro\u00dfen Grundst\u00fcck.","breadcrumb":{"@id":"https:\/\/dreamhousekirilla.hu\/termek\/elado-haz-szentgyorgyvar\/#breadcrumb"},"inLanguage":"de","potentialAction":[{"@type":"ReadAction","target":["https:\/\/dreamhousekirilla.hu\/termek\/elado-haz-szentgyorgyvar\/"]}]},{"@type":"ImageObject","inLanguage":"de","@id":"https:\/\/dreamhousekirilla.hu\/termek\/elado-haz-szentgyorgyvar\/#primaryimage","url":"https:\/\/dreamhousekirilla.hu\/wp-content\/uploads\/2025\/08\/IMG_4426.jpeg","contentUrl":"https:\/\/dreamhousekirilla.hu\/wp-content\/uploads\/2025\/08\/IMG_4426.jpeg","width":1700,"height":1275,"caption":"Dream House Kirilla - Elad\u00f3 Ingatlanok"},{"@type":"BreadcrumbList","@id":"https:\/\/dreamhousekirilla.hu\/termek\/elado-haz-szentgyorgyvar\/#breadcrumb","itemListElement":[{"@type":"ListItem","position":1,"name":"Kezd\u0151lap","item":"https:\/\/dreamhousekirilla.hu\/"},{"@type":"ListItem","position":2,"name":"Shop","item":"https:\/\/dreamhousekirilla.hu\/uzlet\/"},{"@type":"ListItem","position":3,"name":"100 m\u00b2 Modern h\u00e1z Szentgy\u00f6rgyv\u00e1ron"}]},{"@type":"WebSite","@id":"https:\/\/dreamhousekirilla.hu\/#website","url":"https:\/\/dreamhousekirilla.hu\/","name":"DREAM HOUSE Kirilla","description":"Immobilienb\u00fcro","publisher":{"@id":"https:\/\/dreamhousekirilla.hu\/#organization"},"potentialAction":[{"@type":"SearchAction","target":{"@type":"EntryPoint","urlTemplate":"https:\/\/dreamhousekirilla.hu\/?s={search_term_string}"},"query-input":{"@type":"PropertyValueSpecification","valueRequired":true,"valueName":"search_term_string"}}],"inLanguage":"de"},{"@type":"Organization","@id":"https:\/\/dreamhousekirilla.hu\/#organization","name":"Traumhaus Kirilla - Immobilienb\u00fcro","url":"https:\/\/dreamhousekirilla.hu\/","logo":{"@type":"ImageObject","inLanguage":"de","@id":"https:\/\/dreamhousekirilla.hu\/#\/schema\/logo\/image\/","url":"https:\/\/dreamhousekirilla.hu\/wp-content\/uploads\/2025\/07\/Logo-allitott-zold.jpg","contentUrl":"https:\/\/dreamhousekirilla.hu\/wp-content\/uploads\/2025\/07\/Logo-allitott-zold.jpg","width":596,"height":275,"caption":"Dream House Kirilla - real estate agency"},"image":{"@id":"https:\/\/dreamhousekirilla.hu\/#\/schema\/logo\/image\/"}}]}},"_links":{"self":[{"href":"https:\/\/dreamhousekirilla.hu\/de\/wp-json\/wp\/v2\/product\/1431","targetHints":{"allow":["GET"]}}],"collection":[{"href":"https:\/\/dreamhousekirilla.hu\/de\/wp-json\/wp\/v2\/product"}],"about":[{"href":"https:\/\/dreamhousekirilla.hu\/de\/wp-json\/wp\/v2\/types\/product"}],"replies":[{"embeddable":true,"href":"https:\/\/dreamhousekirilla.hu\/de\/wp-json\/wp\/v2\/comments?post=1431"}],"wp:featuredmedia":[{"embeddable":true,"href":"https:\/\/dreamhousekirilla.hu\/de\/wp-json\/wp\/v2\/media\/1432"}],"wp:attachment":[{"href":"https:\/\/dreamhousekirilla.hu\/de\/wp-json\/wp\/v2\/media?parent=1431"}],"wp:term":[{"taxonomy":"product_brand","embeddable":true,"href":"https:\/\/dreamhousekirilla.hu\/de\/wp-json\/wp\/v2\/product_brand?post=1431"},{"taxonomy":"product_cat","embeddable":true,"href":"https:\/\/dreamhousekirilla.hu\/de\/wp-json\/wp\/v2\/product_cat?post=1431"},{"taxonomy":"product_tag","embeddable":true,"href":"https:\/\/dreamhousekirilla.hu\/de\/wp-json\/wp\/v2\/product_tag?post=1431"}],"curies":[{"name":"wp","href":"https:\/\/api.w.org\/{rel}","templated":true}]}}