{"id":1450,"date":"2025-08-01T12:57:53","date_gmt":"2025-08-01T10:57:53","guid":{"rendered":"https:\/\/dreamhousekirilla.hu\/?post_type=product&#038;p=1450"},"modified":"2025-08-01T12:57:54","modified_gmt":"2025-08-01T10:57:54","slug":"elado-haz-gyenesdias","status":"publish","type":"product","link":"https:\/\/dreamhousekirilla.hu\/de\/product\/elado-haz-gyenesdias\/","title":{"rendered":"<b>178 m\u00b2<\/b> <br>Modernes, noch im Bau befindliches Haus in Gyenesdias"},"content":{"rendered":"<p><b>Modernes Haus im Bau in Gyenesdi\u00e1s - nur wenige Minuten vom Plattensee entfernt!<\/b><\/p>\n<p><span style=\"font-weight: 400;\">Eine au\u00dfergew\u00f6hnliche Gelegenheit erwartet Sie in Gyenesdi\u00e1s, in unmittelbarer N\u00e4he des Plattensees, in einer beeindruckend ruhigen Umgebung. Wir bieten ein modernes, noch im Bau befindliches Haus zum Verkauf an, das schon jetzt sehr vielversprechend ist und noch mehr Potenzial f\u00fcr die Zukunft hat.<\/span><\/p>\n<p><b>Wesentliche Merkmale:<\/b><\/p>\n<ul>\n<li style=\"font-weight: 400;\" aria-level=\"1\"><b>Wohngebiet:<\/b><span style=\"font-weight: 400;\"> 178 m\u00b2<\/span><span style=\"font-weight: 400;\">\n<p><\/span><\/li>\n<li style=\"font-weight: 400;\" aria-level=\"1\"><b>Ausgezeichnetes Layout:<\/b><span style=\"font-weight: 400;\"> Wohnzimmer mit amerikanischer K\u00fcche, Essbereich, Abstellraum und Gemeinschaftsraum, die zusammen \u00fcber 50 m\u00b2 gro\u00df sind - aber bei Bedarf leicht abgetrennt werden k\u00f6nnen.<\/span><span style=\"font-weight: 400;\">\n<p><\/span><\/li>\n<li style=\"font-weight: 400;\" aria-level=\"1\"><b>Privates Schlafzimmer:<\/b><span style=\"font-weight: 400;\"> Das Wohnzimmer f\u00fchrt in ein Schlafzimmer mit eigenem Bad.<\/span><span style=\"font-weight: 400;\">\n<p><\/span><\/li>\n<li style=\"font-weight: 400;\" aria-level=\"1\"><b>Terrassen:<\/b><span style=\"font-weight: 400;\"> Zwei Terrassen von fast 20 m\u00b2, die von verschiedenen Teilen des Hauses aus zug\u00e4nglich sind.<\/span><span style=\"font-weight: 400;\">\n<p><\/span><\/li>\n<li style=\"font-weight: 400;\" aria-level=\"1\"><b>Zus\u00e4tzliche R\u00e4umlichkeiten:<\/b><span style=\"font-weight: 400;\"> Eine Mezzanine trennt die R\u00e4ume auf der anderen Seite des Hauses. Davor gibt es eine Waschk\u00fcche und eine separate Toilette.<\/span><span style=\"font-weight: 400;\">\n<p><\/span><\/li>\n<li style=\"font-weight: 400;\" aria-level=\"1\"><b>Einstufiger Grundriss:<\/b><span style=\"font-weight: 400;\"> Eine Treppe f\u00fchrt zu einem Flur mit einem kleinen Schlafzimmer mit eigenem Bad und einer Garage auf der anderen Seite. Auf dieser Ebene gibt es zwei weitere Schlafzimmer und ein gro\u00dfes Badezimmer mit Toilette.<\/span><span style=\"font-weight: 400;\">\n<p><\/span><\/li>\n<\/ul>\n<p><b>Ein riesiger Garten:<\/b><span style=\"font-weight: 400;\"> Das Grundst\u00fcck verf\u00fcgt \u00fcber einen 1100 m\u00b2 gro\u00dfen Garten, der reichlich Gelegenheit zum Entspannen, Erholen und G\u00e4rtnern bietet.<\/span><\/p>\n<p><b>Pl\u00e4ne f\u00fcr die Zukunft:<\/b><span style=\"font-weight: 400;\"> Die Bauarbeiten werden bald fortgesetzt - Sonnenkollektoren und Fenster sind geplant, was den aktuellen Preis ver\u00e4ndern k\u00f6nnte. Es ist geplant, den Bau und die K\u00fcche bis zum Ende des Jahres fertigzustellen. Die Immobilie kann bei Bedarf schl\u00fcsselfertig erworben werden.<\/span><\/p>\n<p><b>Pool und Garten:<\/b><span style=\"font-weight: 400;\"> Der Garten ist auch f\u00fcr einen Swimmingpool geeignet, der das Haus und die Umgebung noch angenehmer machen kann.<\/span><\/p>\n<p><b>Dienstleistungen in der N\u00e4he:<\/b><span style=\"font-weight: 400;\"> In der N\u00e4he gibt es Schulen, Gesch\u00e4fte, eine Arztpraxis, das B\u00fcrgermeisteramt und der Plattensee ist nur 3 Minuten mit dem Auto entfernt. Keszthely und H\u00e9v\u00edz sind ebenfalls nur wenige Minuten entfernt.<\/span><\/p>\n<p><b>Verpassen Sie nicht diese fantastische Gelegenheit, dieses sch\u00f6ne moderne Haus in der N\u00e4he des Plattensees zu besitzen!<\/b><\/p>\n<p><span style=\"font-weight: 400;\">F\u00fcr weitere Details, Informationen und Besichtigungen kontaktieren Sie mich bitte unter +36 30 398 8933.<\/span><\/p>\n<p><b>Pauschalpreis:<\/b><span style=\"font-weight: 400;\"> 214.999 Euro (je nach Umrechnungskurs) oder 84.999.999 Forint.<\/span><\/p>","protected":false},"excerpt":{"rendered":"<p>178 m\u00b2<\/p>","protected":false},"featured_media":1451,"comment_status":"closed","ping_status":"closed","template":"","meta":{"_et_pb_use_builder":"","_et_pb_old_content":"","_et_gb_content_width":"","inline_featured_image":false},"product_brand":[],"product_cat":[21],"product_tag":[],"class_list":{"0":"post-1450","1":"product","2":"type-product","3":"status-publish","4":"has-post-thumbnail","6":"product_cat-elado-ingatlanok","8":"first","9":"instock","10":"shipping-taxable","11":"purchasable","12":"product-type-simple"},"yoast_head":"<!-- This site is optimized with the Yoast SEO plugin v25.7 - https:\/\/yoast.com\/wordpress\/plugins\/seo\/ -->\n<title>178 m\u00b2 Modern, m\u00e9g \u00e9p\u00fcl\u0151 h\u00e1z Gyenesdi\u00e1son - Dream House Kirilla<\/title>\n<meta name=\"description\" content=\"Modern, m\u00e9g \u00e9p\u00fcl\u0151 h\u00e1z Gyenesdi\u00e1son \u2013 mind\u00f6ssze n\u00e9h\u00e1ny percre a Balatont\u00f3l! Kiv\u00e9teles lehet\u0151s\u00e9g v\u00e1rja \u00d6nt Gyenesdi\u00e1son, a Balaton k\u00f6zvetlen k\u00f6zel\u00e9ben.\" \/>\n<meta name=\"robots\" content=\"index, follow, max-snippet:-1, max-image-preview:large, max-video-preview:-1\" \/>\n<link rel=\"canonical\" href=\"https:\/\/dreamhousekirilla.hu\/de\/product\/elado-haz-gyenesdias\/\" \/>\n<meta property=\"og:locale\" content=\"de_DE\" \/>\n<meta property=\"og:type\" content=\"article\" \/>\n<meta property=\"og:title\" content=\"178 m\u00b2 Modern, m\u00e9g \u00e9p\u00fcl\u0151 h\u00e1z Gyenesdi\u00e1son - Dream House Kirilla\" \/>\n<meta property=\"og:description\" content=\"Modern, m\u00e9g \u00e9p\u00fcl\u0151 h\u00e1z Gyenesdi\u00e1son \u2013 mind\u00f6ssze n\u00e9h\u00e1ny percre a Balatont\u00f3l! Kiv\u00e9teles lehet\u0151s\u00e9g v\u00e1rja \u00d6nt Gyenesdi\u00e1son, a Balaton k\u00f6zvetlen k\u00f6zel\u00e9ben.\" \/>\n<meta property=\"og:url\" content=\"https:\/\/dreamhousekirilla.hu\/de\/product\/elado-haz-gyenesdias\/\" \/>\n<meta property=\"og:site_name\" content=\"Dream House Kirilla\" \/>\n<meta property=\"article:modified_time\" content=\"2025-08-01T10:57:54+00:00\" \/>\n<meta property=\"og:image\" content=\"https:\/\/dreamhousekirilla.hu\/wp-content\/uploads\/2025\/08\/IMG_4312.jpeg\" \/>\n\t<meta property=\"og:image:width\" content=\"1700\" \/>\n\t<meta property=\"og:image:height\" content=\"1275\" \/>\n\t<meta property=\"og:image:type\" content=\"image\/jpeg\" \/>\n<meta name=\"twitter:card\" content=\"summary_large_image\" \/>\n<meta name=\"twitter:label1\" content=\"Gesch\u00e4tzte Lesezeit\" \/>\n\t<meta name=\"twitter:data1\" content=\"2\u00a0Minuten\" \/>\n<script type=\"application\/ld+json\" class=\"yoast-schema-graph\">{\"@context\":\"https:\/\/schema.org\",\"@graph\":[{\"@type\":\"WebPage\",\"@id\":\"https:\/\/dreamhousekirilla.hu\/termek\/elado-haz-gyenesdias\/\",\"url\":\"https:\/\/dreamhousekirilla.hu\/termek\/elado-haz-gyenesdias\/\",\"name\":\"178 m\u00b2 Modern, m\u00e9g \u00e9p\u00fcl\u0151 h\u00e1z Gyenesdi\u00e1son - Dream House Kirilla\",\"isPartOf\":{\"@id\":\"https:\/\/dreamhousekirilla.hu\/#website\"},\"primaryImageOfPage\":{\"@id\":\"https:\/\/dreamhousekirilla.hu\/termek\/elado-haz-gyenesdias\/#primaryimage\"},\"image\":{\"@id\":\"https:\/\/dreamhousekirilla.hu\/termek\/elado-haz-gyenesdias\/#primaryimage\"},\"thumbnailUrl\":\"https:\/\/dreamhousekirilla.hu\/wp-content\/uploads\/2025\/08\/IMG_4312.jpeg\",\"datePublished\":\"2025-08-01T10:57:53+00:00\",\"dateModified\":\"2025-08-01T10:57:54+00:00\",\"description\":\"Modern, m\u00e9g \u00e9p\u00fcl\u0151 h\u00e1z Gyenesdi\u00e1son \u2013 mind\u00f6ssze n\u00e9h\u00e1ny percre a Balatont\u00f3l! Kiv\u00e9teles lehet\u0151s\u00e9g v\u00e1rja \u00d6nt Gyenesdi\u00e1son, a Balaton k\u00f6zvetlen k\u00f6zel\u00e9ben.\",\"breadcrumb\":{\"@id\":\"https:\/\/dreamhousekirilla.hu\/termek\/elado-haz-gyenesdias\/#breadcrumb\"},\"inLanguage\":\"de\",\"potentialAction\":[{\"@type\":\"ReadAction\",\"target\":[\"https:\/\/dreamhousekirilla.hu\/termek\/elado-haz-gyenesdias\/\"]}]},{\"@type\":\"ImageObject\",\"inLanguage\":\"de\",\"@id\":\"https:\/\/dreamhousekirilla.hu\/termek\/elado-haz-gyenesdias\/#primaryimage\",\"url\":\"https:\/\/dreamhousekirilla.hu\/wp-content\/uploads\/2025\/08\/IMG_4312.jpeg\",\"contentUrl\":\"https:\/\/dreamhousekirilla.hu\/wp-content\/uploads\/2025\/08\/IMG_4312.jpeg\",\"width\":1700,\"height\":1275,\"caption\":\"Dream House Kirilla - Elad\u00f3 Ingatlanok\"},{\"@type\":\"BreadcrumbList\",\"@id\":\"https:\/\/dreamhousekirilla.hu\/termek\/elado-haz-gyenesdias\/#breadcrumb\",\"itemListElement\":[{\"@type\":\"ListItem\",\"position\":1,\"name\":\"Kezd\u0151lap\",\"item\":\"https:\/\/dreamhousekirilla.hu\/\"},{\"@type\":\"ListItem\",\"position\":2,\"name\":\"Shop\",\"item\":\"https:\/\/dreamhousekirilla.hu\/uzlet\/\"},{\"@type\":\"ListItem\",\"position\":3,\"name\":\"178 m\u00b2 Modern, m\u00e9g \u00e9p\u00fcl\u0151 h\u00e1z Gyenesdi\u00e1son\"}]},{\"@type\":\"WebSite\",\"@id\":\"https:\/\/dreamhousekirilla.hu\/#website\",\"url\":\"https:\/\/dreamhousekirilla.hu\/\",\"name\":\"Dream House Kirilla\",\"description\":\"Real Estate Agency\",\"publisher\":{\"@id\":\"https:\/\/dreamhousekirilla.hu\/#organization\"},\"potentialAction\":[{\"@type\":\"SearchAction\",\"target\":{\"@type\":\"EntryPoint\",\"urlTemplate\":\"https:\/\/dreamhousekirilla.hu\/?s={search_term_string}\"},\"query-input\":{\"@type\":\"PropertyValueSpecification\",\"valueRequired\":true,\"valueName\":\"search_term_string\"}}],\"inLanguage\":\"de\"},{\"@type\":\"Organization\",\"@id\":\"https:\/\/dreamhousekirilla.hu\/#organization\",\"name\":\"Dream House Kirilla - real estate agency\",\"url\":\"https:\/\/dreamhousekirilla.hu\/\",\"logo\":{\"@type\":\"ImageObject\",\"inLanguage\":\"de\",\"@id\":\"https:\/\/dreamhousekirilla.hu\/#\/schema\/logo\/image\/\",\"url\":\"https:\/\/dreamhousekirilla.hu\/wp-content\/uploads\/2025\/07\/Logo-allitott-zold.jpg\",\"contentUrl\":\"https:\/\/dreamhousekirilla.hu\/wp-content\/uploads\/2025\/07\/Logo-allitott-zold.jpg\",\"width\":596,\"height\":275,\"caption\":\"Dream House Kirilla - real estate agency\"},\"image\":{\"@id\":\"https:\/\/dreamhousekirilla.hu\/#\/schema\/logo\/image\/\"}}]}<\/script>\n<!-- \/ Yoast SEO plugin. -->","yoast_head_json":{"title":"178 m\u00b2 Modernes Haus im Bau in Gyenesdias - Traumhaus Kirilla","description":"Modernes Haus im Bau in Gyenesdi\u00e1s - nur ein paar Minuten vom Plattensee entfernt! Eine au\u00dfergew\u00f6hnliche Gelegenheit erwartet Sie in Gyenesdi\u00e1s, in unmittelbarer N\u00e4he des Plattensees.","robots":{"index":"index","follow":"follow","max-snippet":"max-snippet:-1","max-image-preview":"max-image-preview:large","max-video-preview":"max-video-preview:-1"},"canonical":"https:\/\/dreamhousekirilla.hu\/de\/product\/elado-haz-gyenesdias\/","og_locale":"de_DE","og_type":"article","og_title":"178 m\u00b2 Modern, m\u00e9g \u00e9p\u00fcl\u0151 h\u00e1z Gyenesdi\u00e1son - Dream House Kirilla","og_description":"Modern, m\u00e9g \u00e9p\u00fcl\u0151 h\u00e1z Gyenesdi\u00e1son \u2013 mind\u00f6ssze n\u00e9h\u00e1ny percre a Balatont\u00f3l! Kiv\u00e9teles lehet\u0151s\u00e9g v\u00e1rja \u00d6nt Gyenesdi\u00e1son, a Balaton k\u00f6zvetlen k\u00f6zel\u00e9ben.","og_url":"https:\/\/dreamhousekirilla.hu\/de\/product\/elado-haz-gyenesdias\/","og_site_name":"Dream House Kirilla","article_modified_time":"2025-08-01T10:57:54+00:00","og_image":[{"width":1700,"height":1275,"url":"https:\/\/dreamhousekirilla.hu\/wp-content\/uploads\/2025\/08\/IMG_4312.jpeg","type":"image\/jpeg"}],"twitter_card":"summary_large_image","twitter_misc":{"Gesch\u00e4tzte Lesezeit":"2\u00a0Minuten"},"schema":{"@context":"https:\/\/schema.org","@graph":[{"@type":"WebPage","@id":"https:\/\/dreamhousekirilla.hu\/termek\/elado-haz-gyenesdias\/","url":"https:\/\/dreamhousekirilla.hu\/termek\/elado-haz-gyenesdias\/","name":"178 m\u00b2 Modernes Haus im Bau in Gyenesdias - Traumhaus Kirilla","isPartOf":{"@id":"https:\/\/dreamhousekirilla.hu\/#website"},"primaryImageOfPage":{"@id":"https:\/\/dreamhousekirilla.hu\/termek\/elado-haz-gyenesdias\/#primaryimage"},"image":{"@id":"https:\/\/dreamhousekirilla.hu\/termek\/elado-haz-gyenesdias\/#primaryimage"},"thumbnailUrl":"https:\/\/dreamhousekirilla.hu\/wp-content\/uploads\/2025\/08\/IMG_4312.jpeg","datePublished":"2025-08-01T10:57:53+00:00","dateModified":"2025-08-01T10:57:54+00:00","description":"Modernes Haus im Bau in Gyenesdi\u00e1s - nur ein paar Minuten vom Plattensee entfernt! Eine au\u00dfergew\u00f6hnliche Gelegenheit erwartet Sie in Gyenesdi\u00e1s, in unmittelbarer N\u00e4he des Plattensees.","breadcrumb":{"@id":"https:\/\/dreamhousekirilla.hu\/termek\/elado-haz-gyenesdias\/#breadcrumb"},"inLanguage":"de","potentialAction":[{"@type":"ReadAction","target":["https:\/\/dreamhousekirilla.hu\/termek\/elado-haz-gyenesdias\/"]}]},{"@type":"ImageObject","inLanguage":"de","@id":"https:\/\/dreamhousekirilla.hu\/termek\/elado-haz-gyenesdias\/#primaryimage","url":"https:\/\/dreamhousekirilla.hu\/wp-content\/uploads\/2025\/08\/IMG_4312.jpeg","contentUrl":"https:\/\/dreamhousekirilla.hu\/wp-content\/uploads\/2025\/08\/IMG_4312.jpeg","width":1700,"height":1275,"caption":"Dream House Kirilla - Elad\u00f3 Ingatlanok"},{"@type":"BreadcrumbList","@id":"https:\/\/dreamhousekirilla.hu\/termek\/elado-haz-gyenesdias\/#breadcrumb","itemListElement":[{"@type":"ListItem","position":1,"name":"Kezd\u0151lap","item":"https:\/\/dreamhousekirilla.hu\/"},{"@type":"ListItem","position":2,"name":"Shop","item":"https:\/\/dreamhousekirilla.hu\/uzlet\/"},{"@type":"ListItem","position":3,"name":"178 m\u00b2 Modern, m\u00e9g \u00e9p\u00fcl\u0151 h\u00e1z Gyenesdi\u00e1son"}]},{"@type":"WebSite","@id":"https:\/\/dreamhousekirilla.hu\/#website","url":"https:\/\/dreamhousekirilla.hu\/","name":"DREAM HOUSE Kirilla","description":"Immobilienb\u00fcro","publisher":{"@id":"https:\/\/dreamhousekirilla.hu\/#organization"},"potentialAction":[{"@type":"SearchAction","target":{"@type":"EntryPoint","urlTemplate":"https:\/\/dreamhousekirilla.hu\/?s={search_term_string}"},"query-input":{"@type":"PropertyValueSpecification","valueRequired":true,"valueName":"search_term_string"}}],"inLanguage":"de"},{"@type":"Organization","@id":"https:\/\/dreamhousekirilla.hu\/#organization","name":"Traumhaus Kirilla - Immobilienb\u00fcro","url":"https:\/\/dreamhousekirilla.hu\/","logo":{"@type":"ImageObject","inLanguage":"de","@id":"https:\/\/dreamhousekirilla.hu\/#\/schema\/logo\/image\/","url":"https:\/\/dreamhousekirilla.hu\/wp-content\/uploads\/2025\/07\/Logo-allitott-zold.jpg","contentUrl":"https:\/\/dreamhousekirilla.hu\/wp-content\/uploads\/2025\/07\/Logo-allitott-zold.jpg","width":596,"height":275,"caption":"Dream House Kirilla - real estate agency"},"image":{"@id":"https:\/\/dreamhousekirilla.hu\/#\/schema\/logo\/image\/"}}]}},"_links":{"self":[{"href":"https:\/\/dreamhousekirilla.hu\/de\/wp-json\/wp\/v2\/product\/1450","targetHints":{"allow":["GET"]}}],"collection":[{"href":"https:\/\/dreamhousekirilla.hu\/de\/wp-json\/wp\/v2\/product"}],"about":[{"href":"https:\/\/dreamhousekirilla.hu\/de\/wp-json\/wp\/v2\/types\/product"}],"replies":[{"embeddable":true,"href":"https:\/\/dreamhousekirilla.hu\/de\/wp-json\/wp\/v2\/comments?post=1450"}],"wp:featuredmedia":[{"embeddable":true,"href":"https:\/\/dreamhousekirilla.hu\/de\/wp-json\/wp\/v2\/media\/1451"}],"wp:attachment":[{"href":"https:\/\/dreamhousekirilla.hu\/de\/wp-json\/wp\/v2\/media?parent=1450"}],"wp:term":[{"taxonomy":"product_brand","embeddable":true,"href":"https:\/\/dreamhousekirilla.hu\/de\/wp-json\/wp\/v2\/product_brand?post=1450"},{"taxonomy":"product_cat","embeddable":true,"href":"https:\/\/dreamhousekirilla.hu\/de\/wp-json\/wp\/v2\/product_cat?post=1450"},{"taxonomy":"product_tag","embeddable":true,"href":"https:\/\/dreamhousekirilla.hu\/de\/wp-json\/wp\/v2\/product_tag?post=1450"}],"curies":[{"name":"wp","href":"https:\/\/api.w.org\/{rel}","templated":true}]}}