{"id":2071,"date":"2025-09-05T14:26:08","date_gmt":"2025-09-05T12:26:08","guid":{"rendered":"https:\/\/dreamhousekirilla.hu\/?post_type=product&#038;p=2071"},"modified":"2025-09-05T14:38:03","modified_gmt":"2025-09-05T12:38:03","slug":"haus-und-gastehaus-in-gyenesdias-am-balaton","status":"publish","type":"product","link":"https:\/\/dreamhousekirilla.hu\/de\/product\/haus-und-gastehaus-in-gyenesdias-am-balaton\/","title":{"rendered":"<b>232 m2<\/b> <br>Einfamilienhaus und G\u00e4stehaus zu verkaufen in Gyenesdi\u00e1s, in der N\u00e4he des Plattensees"},"content":{"rendered":"<p>Einfamilienhaus und G\u00e4stehaus zu verkaufen in Gyenesdi\u00e1s, in der N\u00e4he des Plattensees<\/p>\n<p>Gyenesdi\u00e1s ist eines der beliebtesten D\u00f6rfer am Nordufer des Plattensees, in unmittelbarer N\u00e4he von Keszthely und H\u00e9v\u00edz. Die ruhige, familienfreundliche Umgebung, die gepflegten Str\u00e4nde, die gut ausgebauten Radwege und die Ausflugsm\u00f6glichkeiten der Gegend sorgen das ganze Jahr \u00fcber f\u00fcr eine attraktive Lebensqualit\u00e4t.<\/p>\n<p>Die angebotene Immobilie befindet sich auf einem 1036 m\u00b2 gro\u00dfen, vollst\u00e4ndig umz\u00e4unten Grundst\u00fcck. Das 2001 errichtete Hauptgeb\u00e4ude aus Ziegeln ist in hervorragendem Zustand und verf\u00fcgt \u00fcber ein separates G\u00e4stehaus, was es zu einer idealen Wahl f\u00fcr das Zusammenleben mehrerer Generationen oder als Investition macht.<\/p>\n<p>Hauptgeb\u00e4ude (170 m\u00b2 + 23 m\u00b2 Terrasse)<br \/>\nGute technische L\u00f6sungen: Bosch-Gastherme, Radiatorheizung, isolierter Dachboden, 8 cm Fassadend\u00e4mmung, Ziegeldach, Kunststofffenster mit Rolll\u00e4den und Moskitonetzen.<br \/>\nErdgeschoss: Eingangshalle, G\u00e4ste-WC, K\u00fcche mit Speisekammer, Esszimmer, Wohnzimmer, Schlafzimmer, Bad mit WC (Badewanne) und eine gro\u00dfe Terrasse.<br \/>\n-Emelet: Esszimmer mit Kochnische, 3 Schlafzimmer - jedes mit eigenem Bad und WC (Dusche).<br \/>\nGer\u00e4umige, helle Innenr\u00e4ume, Einbauschr\u00e4nke.<br \/>\n-Klimatisierte Schlafzimmer f\u00fcr maximalen Komfort.<\/p>\n<p>G\u00e4stehaus (50 m\u00b2 + Terrasse + Garage)<br \/>\n-Heizung: Klimaanlage und Kaminofen.<br \/>\n-Grundriss: K\u00fcche-Esszimmer, Wohnzimmer, Badezimmer-WC, Schlafzimmer im Dachgeschoss.<br \/>\n-spezielle Terrasse und Garage.<br \/>\n-Zurzeit vom Mieter bewohnt, Innenfotos sp\u00e4ter verf\u00fcgbar.<\/p>\n<p>Zus\u00e4tzliche Merkmale<br \/>\n-20 m\u00b2 Garage, gebohrter Brunnen.<br \/>\n-Geringere Wartungskosten.<br \/>\n-Komplette Ausstattung inklusive, zu verkaufen, sofort bezugsfertig.<br \/>\n-Das Ufer des Plattensees ist nur 1,5 km entfernt, Einkaufsm\u00f6glichkeiten in der N\u00e4he.<\/p>\n<p>Diese Immobilie ist ideal f\u00fcr diejenigen, die ein ger\u00e4umiges, multifunktionales Haus in der N\u00e4he des Plattensees suchen. Es ist auch eine ausgezeichnete Gelegenheit f\u00fcr Investoren, da das G\u00e4stehaus unabh\u00e4ngig vermietet werden kann.<\/p>\n<p>Richtpreis: 139.999.999 (je nach Wechselkurs) 354.999 EUR<\/p>\n<p><br style=\"font-weight: 400;\" \/><br style=\"font-weight: 400;\" \/><\/p>","protected":false},"excerpt":{"rendered":"<div class=\"listing-property justify-content-around col col-print d-flex flex-column text-center border-end border-1 border-gray-100 px-3\"><span class=\"fw-bold fs-4\">232 m<sup>2<\/sup><\/span><\/div>","protected":false},"featured_media":2072,"comment_status":"closed","ping_status":"closed","template":"","meta":{"_et_pb_use_builder":"","_et_pb_old_content":"","_et_gb_content_width":"","inline_featured_image":false},"product_brand":[],"product_cat":[21],"product_tag":[],"class_list":{"0":"post-2071","1":"product","2":"type-product","3":"status-publish","4":"has-post-thumbnail","6":"product_cat-elado-ingatlanok","8":"first","9":"instock","10":"shipping-taxable","11":"purchasable","12":"product-type-simple"},"yoast_head":"<!-- This site is optimized with the Yoast SEO plugin v25.7 - https:\/\/yoast.com\/wordpress\/plugins\/seo\/ -->\n<title>232 m2 Elad\u00f3 csal\u00e1di h\u00e1z \u00e9s vend\u00e9gh\u00e1z Gyenesdi\u00e1son, a Balaton k\u00f6zel\u00e9ben - Dream House Kirilla<\/title>\n<meta name=\"description\" content=\"Elad\u00f3 csal\u00e1di h\u00e1z \u00e9s vend\u00e9gh\u00e1z Gyenesdi\u00e1son, a Balaton k\u00f6zel\u00e9ben. T\u00e1gas otthon, k\u00fcl\u00f6n vend\u00e9gh\u00e1zzal, gar\u00e1zzsal, 1036 m\u00b2 telken, azonnal k\u00f6lt\u00f6zhet\u0151.\" \/>\n<meta name=\"robots\" content=\"index, follow, max-snippet:-1, max-image-preview:large, max-video-preview:-1\" \/>\n<link rel=\"canonical\" href=\"https:\/\/dreamhousekirilla.hu\/de\/product\/haus-und-gastehaus-in-gyenesdias-am-balaton\/\" \/>\n<meta property=\"og:locale\" content=\"de_DE\" \/>\n<meta property=\"og:type\" content=\"article\" \/>\n<meta property=\"og:title\" content=\"232 m2 Elad\u00f3 csal\u00e1di h\u00e1z \u00e9s vend\u00e9gh\u00e1z Gyenesdi\u00e1son, a Balaton k\u00f6zel\u00e9ben - Dream House Kirilla\" \/>\n<meta property=\"og:description\" content=\"Elad\u00f3 csal\u00e1di h\u00e1z \u00e9s vend\u00e9gh\u00e1z Gyenesdi\u00e1son, a Balaton k\u00f6zel\u00e9ben. T\u00e1gas otthon, k\u00fcl\u00f6n vend\u00e9gh\u00e1zzal, gar\u00e1zzsal, 1036 m\u00b2 telken, azonnal k\u00f6lt\u00f6zhet\u0151.\" \/>\n<meta property=\"og:url\" content=\"https:\/\/dreamhousekirilla.hu\/de\/product\/haus-und-gastehaus-in-gyenesdias-am-balaton\/\" \/>\n<meta property=\"og:site_name\" content=\"Dream House Kirilla\" \/>\n<meta property=\"article:modified_time\" content=\"2025-09-05T12:38:03+00:00\" \/>\n<meta property=\"og:image\" content=\"https:\/\/dreamhousekirilla.hu\/wp-content\/uploads\/2025\/09\/wmremove-transformed-1024x767.png\" \/>\n\t<meta property=\"og:image:width\" content=\"1024\" \/>\n\t<meta property=\"og:image:height\" content=\"767\" \/>\n\t<meta property=\"og:image:type\" content=\"image\/png\" \/>\n<meta name=\"twitter:card\" content=\"summary_large_image\" \/>\n<meta name=\"twitter:label1\" content=\"Gesch\u00e4tzte Lesezeit\" \/>\n\t<meta name=\"twitter:data1\" content=\"2\u00a0Minuten\" \/>\n<script type=\"application\/ld+json\" class=\"yoast-schema-graph\">{\"@context\":\"https:\/\/schema.org\",\"@graph\":[{\"@type\":\"WebPage\",\"@id\":\"https:\/\/dreamhousekirilla.hu\/termek\/elado-csaladi-haz-es-vendeghaz-gyenesdiason-a-balaton-kozeleben\/\",\"url\":\"https:\/\/dreamhousekirilla.hu\/termek\/elado-csaladi-haz-es-vendeghaz-gyenesdiason-a-balaton-kozeleben\/\",\"name\":\"232 m2 Elad\u00f3 csal\u00e1di h\u00e1z \u00e9s vend\u00e9gh\u00e1z Gyenesdi\u00e1son, a Balaton k\u00f6zel\u00e9ben - Dream House Kirilla\",\"isPartOf\":{\"@id\":\"https:\/\/dreamhousekirilla.hu\/#website\"},\"primaryImageOfPage\":{\"@id\":\"https:\/\/dreamhousekirilla.hu\/termek\/elado-csaladi-haz-es-vendeghaz-gyenesdiason-a-balaton-kozeleben\/#primaryimage\"},\"image\":{\"@id\":\"https:\/\/dreamhousekirilla.hu\/termek\/elado-csaladi-haz-es-vendeghaz-gyenesdiason-a-balaton-kozeleben\/#primaryimage\"},\"thumbnailUrl\":\"https:\/\/dreamhousekirilla.hu\/wp-content\/uploads\/2025\/09\/wmremove-transformed.png\",\"datePublished\":\"2025-09-05T12:26:08+00:00\",\"dateModified\":\"2025-09-05T12:38:03+00:00\",\"description\":\"Elad\u00f3 csal\u00e1di h\u00e1z \u00e9s vend\u00e9gh\u00e1z Gyenesdi\u00e1son, a Balaton k\u00f6zel\u00e9ben. T\u00e1gas otthon, k\u00fcl\u00f6n vend\u00e9gh\u00e1zzal, gar\u00e1zzsal, 1036 m\u00b2 telken, azonnal k\u00f6lt\u00f6zhet\u0151.\",\"breadcrumb\":{\"@id\":\"https:\/\/dreamhousekirilla.hu\/termek\/elado-csaladi-haz-es-vendeghaz-gyenesdiason-a-balaton-kozeleben\/#breadcrumb\"},\"inLanguage\":\"de\",\"potentialAction\":[{\"@type\":\"ReadAction\",\"target\":[\"https:\/\/dreamhousekirilla.hu\/termek\/elado-csaladi-haz-es-vendeghaz-gyenesdiason-a-balaton-kozeleben\/\"]}]},{\"@type\":\"ImageObject\",\"inLanguage\":\"de\",\"@id\":\"https:\/\/dreamhousekirilla.hu\/termek\/elado-csaladi-haz-es-vendeghaz-gyenesdiason-a-balaton-kozeleben\/#primaryimage\",\"url\":\"https:\/\/dreamhousekirilla.hu\/wp-content\/uploads\/2025\/09\/wmremove-transformed.png\",\"contentUrl\":\"https:\/\/dreamhousekirilla.hu\/wp-content\/uploads\/2025\/09\/wmremove-transformed.png\",\"width\":2402,\"height\":1800},{\"@type\":\"BreadcrumbList\",\"@id\":\"https:\/\/dreamhousekirilla.hu\/termek\/elado-csaladi-haz-es-vendeghaz-gyenesdiason-a-balaton-kozeleben\/#breadcrumb\",\"itemListElement\":[{\"@type\":\"ListItem\",\"position\":1,\"name\":\"Kezd\u0151lap\",\"item\":\"https:\/\/dreamhousekirilla.hu\/\"},{\"@type\":\"ListItem\",\"position\":2,\"name\":\"Shop\",\"item\":\"https:\/\/dreamhousekirilla.hu\/uzlet\/\"},{\"@type\":\"ListItem\",\"position\":3,\"name\":\"232 m2 Elad\u00f3 csal\u00e1di h\u00e1z \u00e9s vend\u00e9gh\u00e1z Gyenesdi\u00e1son, a Balaton k\u00f6zel\u00e9ben\"}]},{\"@type\":\"WebSite\",\"@id\":\"https:\/\/dreamhousekirilla.hu\/#website\",\"url\":\"https:\/\/dreamhousekirilla.hu\/\",\"name\":\"Dream House Kirilla\",\"description\":\"Real Estate Agency\",\"publisher\":{\"@id\":\"https:\/\/dreamhousekirilla.hu\/#organization\"},\"potentialAction\":[{\"@type\":\"SearchAction\",\"target\":{\"@type\":\"EntryPoint\",\"urlTemplate\":\"https:\/\/dreamhousekirilla.hu\/?s={search_term_string}\"},\"query-input\":{\"@type\":\"PropertyValueSpecification\",\"valueRequired\":true,\"valueName\":\"search_term_string\"}}],\"inLanguage\":\"de\"},{\"@type\":\"Organization\",\"@id\":\"https:\/\/dreamhousekirilla.hu\/#organization\",\"name\":\"Dream House Kirilla - real estate agency\",\"url\":\"https:\/\/dreamhousekirilla.hu\/\",\"logo\":{\"@type\":\"ImageObject\",\"inLanguage\":\"de\",\"@id\":\"https:\/\/dreamhousekirilla.hu\/#\/schema\/logo\/image\/\",\"url\":\"https:\/\/dreamhousekirilla.hu\/wp-content\/uploads\/2025\/07\/Logo-allitott-zold.jpg\",\"contentUrl\":\"https:\/\/dreamhousekirilla.hu\/wp-content\/uploads\/2025\/07\/Logo-allitott-zold.jpg\",\"width\":596,\"height\":275,\"caption\":\"Dream House Kirilla - real estate agency\"},\"image\":{\"@id\":\"https:\/\/dreamhousekirilla.hu\/#\/schema\/logo\/image\/\"}}]}<\/script>\n<!-- \/ Yoast SEO plugin. -->","yoast_head_json":{"title":"232 m2 Einfamilienhaus und G\u00e4stehaus zu verkaufen in Gyenesdi\u00e1s, in der N\u00e4he des Plattensees - Traumhaus Kirilla","description":"Einfamilienhaus und G\u00e4stehaus zu verkaufen in Gyenesdi\u00e1s, in der N\u00e4he des Plattensees. Ger\u00e4umiges Haus mit separatem G\u00e4stehaus, Garage, 1036 m\u00b2 Grundst\u00fcck, bezugsfertig.","robots":{"index":"index","follow":"follow","max-snippet":"max-snippet:-1","max-image-preview":"max-image-preview:large","max-video-preview":"max-video-preview:-1"},"canonical":"https:\/\/dreamhousekirilla.hu\/de\/product\/haus-und-gastehaus-in-gyenesdias-am-balaton\/","og_locale":"de_DE","og_type":"article","og_title":"232 m2 Elad\u00f3 csal\u00e1di h\u00e1z \u00e9s vend\u00e9gh\u00e1z Gyenesdi\u00e1son, a Balaton k\u00f6zel\u00e9ben - Dream House Kirilla","og_description":"Elad\u00f3 csal\u00e1di h\u00e1z \u00e9s vend\u00e9gh\u00e1z Gyenesdi\u00e1son, a Balaton k\u00f6zel\u00e9ben. T\u00e1gas otthon, k\u00fcl\u00f6n vend\u00e9gh\u00e1zzal, gar\u00e1zzsal, 1036 m\u00b2 telken, azonnal k\u00f6lt\u00f6zhet\u0151.","og_url":"https:\/\/dreamhousekirilla.hu\/de\/product\/haus-und-gastehaus-in-gyenesdias-am-balaton\/","og_site_name":"Dream House Kirilla","article_modified_time":"2025-09-05T12:38:03+00:00","og_image":[{"width":1024,"height":767,"url":"https:\/\/dreamhousekirilla.hu\/wp-content\/uploads\/2025\/09\/wmremove-transformed-1024x767.png","type":"image\/png"}],"twitter_card":"summary_large_image","twitter_misc":{"Gesch\u00e4tzte Lesezeit":"2\u00a0Minuten"},"schema":{"@context":"https:\/\/schema.org","@graph":[{"@type":"WebPage","@id":"https:\/\/dreamhousekirilla.hu\/termek\/elado-csaladi-haz-es-vendeghaz-gyenesdiason-a-balaton-kozeleben\/","url":"https:\/\/dreamhousekirilla.hu\/termek\/elado-csaladi-haz-es-vendeghaz-gyenesdiason-a-balaton-kozeleben\/","name":"232 m2 Einfamilienhaus und G\u00e4stehaus zu verkaufen in Gyenesdi\u00e1s, in der N\u00e4he des Plattensees - Traumhaus Kirilla","isPartOf":{"@id":"https:\/\/dreamhousekirilla.hu\/#website"},"primaryImageOfPage":{"@id":"https:\/\/dreamhousekirilla.hu\/termek\/elado-csaladi-haz-es-vendeghaz-gyenesdiason-a-balaton-kozeleben\/#primaryimage"},"image":{"@id":"https:\/\/dreamhousekirilla.hu\/termek\/elado-csaladi-haz-es-vendeghaz-gyenesdiason-a-balaton-kozeleben\/#primaryimage"},"thumbnailUrl":"https:\/\/dreamhousekirilla.hu\/wp-content\/uploads\/2025\/09\/wmremove-transformed.png","datePublished":"2025-09-05T12:26:08+00:00","dateModified":"2025-09-05T12:38:03+00:00","description":"Einfamilienhaus und G\u00e4stehaus zu verkaufen in Gyenesdi\u00e1s, in der N\u00e4he des Plattensees. Ger\u00e4umiges Haus mit separatem G\u00e4stehaus, Garage, 1036 m\u00b2 Grundst\u00fcck, bezugsfertig.","breadcrumb":{"@id":"https:\/\/dreamhousekirilla.hu\/termek\/elado-csaladi-haz-es-vendeghaz-gyenesdiason-a-balaton-kozeleben\/#breadcrumb"},"inLanguage":"de","potentialAction":[{"@type":"ReadAction","target":["https:\/\/dreamhousekirilla.hu\/termek\/elado-csaladi-haz-es-vendeghaz-gyenesdiason-a-balaton-kozeleben\/"]}]},{"@type":"ImageObject","inLanguage":"de","@id":"https:\/\/dreamhousekirilla.hu\/termek\/elado-csaladi-haz-es-vendeghaz-gyenesdiason-a-balaton-kozeleben\/#primaryimage","url":"https:\/\/dreamhousekirilla.hu\/wp-content\/uploads\/2025\/09\/wmremove-transformed.png","contentUrl":"https:\/\/dreamhousekirilla.hu\/wp-content\/uploads\/2025\/09\/wmremove-transformed.png","width":2402,"height":1800},{"@type":"BreadcrumbList","@id":"https:\/\/dreamhousekirilla.hu\/termek\/elado-csaladi-haz-es-vendeghaz-gyenesdiason-a-balaton-kozeleben\/#breadcrumb","itemListElement":[{"@type":"ListItem","position":1,"name":"Kezd\u0151lap","item":"https:\/\/dreamhousekirilla.hu\/"},{"@type":"ListItem","position":2,"name":"Shop","item":"https:\/\/dreamhousekirilla.hu\/uzlet\/"},{"@type":"ListItem","position":3,"name":"232 m2 Elad\u00f3 csal\u00e1di h\u00e1z \u00e9s vend\u00e9gh\u00e1z Gyenesdi\u00e1son, a Balaton k\u00f6zel\u00e9ben"}]},{"@type":"WebSite","@id":"https:\/\/dreamhousekirilla.hu\/#website","url":"https:\/\/dreamhousekirilla.hu\/","name":"DREAM HOUSE Kirilla","description":"Immobilienb\u00fcro","publisher":{"@id":"https:\/\/dreamhousekirilla.hu\/#organization"},"potentialAction":[{"@type":"SearchAction","target":{"@type":"EntryPoint","urlTemplate":"https:\/\/dreamhousekirilla.hu\/?s={search_term_string}"},"query-input":{"@type":"PropertyValueSpecification","valueRequired":true,"valueName":"search_term_string"}}],"inLanguage":"de"},{"@type":"Organization","@id":"https:\/\/dreamhousekirilla.hu\/#organization","name":"Traumhaus Kirilla - Immobilienb\u00fcro","url":"https:\/\/dreamhousekirilla.hu\/","logo":{"@type":"ImageObject","inLanguage":"de","@id":"https:\/\/dreamhousekirilla.hu\/#\/schema\/logo\/image\/","url":"https:\/\/dreamhousekirilla.hu\/wp-content\/uploads\/2025\/07\/Logo-allitott-zold.jpg","contentUrl":"https:\/\/dreamhousekirilla.hu\/wp-content\/uploads\/2025\/07\/Logo-allitott-zold.jpg","width":596,"height":275,"caption":"Dream House Kirilla - real estate agency"},"image":{"@id":"https:\/\/dreamhousekirilla.hu\/#\/schema\/logo\/image\/"}}]}},"_links":{"self":[{"href":"https:\/\/dreamhousekirilla.hu\/de\/wp-json\/wp\/v2\/product\/2071","targetHints":{"allow":["GET"]}}],"collection":[{"href":"https:\/\/dreamhousekirilla.hu\/de\/wp-json\/wp\/v2\/product"}],"about":[{"href":"https:\/\/dreamhousekirilla.hu\/de\/wp-json\/wp\/v2\/types\/product"}],"replies":[{"embeddable":true,"href":"https:\/\/dreamhousekirilla.hu\/de\/wp-json\/wp\/v2\/comments?post=2071"}],"wp:featuredmedia":[{"embeddable":true,"href":"https:\/\/dreamhousekirilla.hu\/de\/wp-json\/wp\/v2\/media\/2072"}],"wp:attachment":[{"href":"https:\/\/dreamhousekirilla.hu\/de\/wp-json\/wp\/v2\/media?parent=2071"}],"wp:term":[{"taxonomy":"product_brand","embeddable":true,"href":"https:\/\/dreamhousekirilla.hu\/de\/wp-json\/wp\/v2\/product_brand?post=2071"},{"taxonomy":"product_cat","embeddable":true,"href":"https:\/\/dreamhousekirilla.hu\/de\/wp-json\/wp\/v2\/product_cat?post=2071"},{"taxonomy":"product_tag","embeddable":true,"href":"https:\/\/dreamhousekirilla.hu\/de\/wp-json\/wp\/v2\/product_tag?post=2071"}],"curies":[{"name":"wp","href":"https:\/\/api.w.org\/{rel}","templated":true}]}}