{"id":2111,"date":"2025-09-05T15:48:13","date_gmt":"2025-09-05T13:48:13","guid":{"rendered":"https:\/\/dreamhousekirilla.hu\/?post_type=product&#038;p=2111"},"modified":"2025-09-05T15:56:29","modified_gmt":"2025-09-05T13:56:29","slug":"wohnung-im-vi-kerulet-in-der-szekely-bertalan-strase","status":"publish","type":"product","link":"https:\/\/dreamhousekirilla.hu\/de\/product\/wohnung-im-vi-kerulet-in-der-szekely-bertalan-strase\/","title":{"rendered":"<b>24 + 14 m2<\/b> <br>Renovierte Wohnung im VI. Bezirk, in der Sz\u00e9kely Bertalan Stra\u00dfe"},"content":{"rendered":"<p class=\"p1\"><b>Renovierte Wohnung zu verkaufen im VI. Bezirk, in der Sz\u00e9kely Bertalan Stra\u00dfe<\/b><b><\/b><\/p>\n<p class=\"p1\">Wir bieten im Herzen von Budapest, im VI. Bezirk, in der Sz\u00e9kely Bertalan Stra\u00dfe, direkt neben der Podmaniczky Stra\u00dfe, ein Haus zum Verkauf an. <b>komplett renovierte Wohnung von 24 m\u00b2 mit einer 14 m\u00b2 gro\u00dfen Galerie<\/b>.<\/p>\n<p class=\"p1\">Die Renovierung wurde im Jahr 2025 abgeschlossen und verwandelte die Wohnung in ein modernes, komfortables Zuhause. Auf der unteren Ebene wurde ein neues Wohnzimmer <b>ausgestattete, moderne K\u00fcche<\/b>, a <b>helles Wohnzimmer<\/b>und ein geschmackvoll renoviertes <b>Badezimmer<\/b>. Die 14 m\u00b2 gro\u00dfe Galerie ist ein praktischer und gut genutzter Lebensraum.<\/p>\n<p class=\"p1\">Die Wohnung wird beheizt durch eine <b>K\u00fchlung-Heizung-Klimatisierung<\/b> die auf Anfrage Folgendes bereitstellt <b>mit norwegischer Heizplatte<\/b> kann erg\u00e4nzt werden durch. Das hei\u00dfe Wasser ist eine Neuheit, <b>Elektrischer 80-Liter-Wassererhitzer<\/b> bereitgestellt von. Die Wohnung <b>m\u00f6bliert zu verkaufen<\/b>so dass es sofort verschoben werden kann.<\/p>\n<p class=\"p1\"><b>Standort und Transport<\/b><b><\/b><\/p>\n<p class=\"p1\">Die Immobilie in der Sz\u00e9kely Bertalan Stra\u00dfe <b>mit einer hervorragenden Lage<\/b> Der Stadtpark, der Heldenplatz und die Andrassy-Allee sind nur wenige Gehminuten entfernt. Die Nachbarschaft ist geordnet und sicher, mit vielen Restaurants, Caf\u00e9s, Gesch\u00e4ften und Dienstleistungen in der N\u00e4he.<\/p>\n<p class=\"p1\">Die Verkehrsanbindung ist hervorragend: Die U-Bahn-Linie M1 (Bajza utca, Haltestelle Kod\u00e1ly k\u00f6r\u00f6nd), mehrere Trolleybus- und Buslinien sorgen f\u00fcr eine schnelle Anbindung an das Stadtzentrum, und der Bahnhof Nyugati sowie die zentralen Teile des Stadtzentrums sind leicht erreichbar.<\/p>\n<p class=\"p1\">F\u00fcr weitere Details, Informationen und Bilder, kontaktieren Sie mich bitte.<\/p>\n<p class=\"p1\">Angebotspreis: 143.499 EUR (je nach Wechselkurs) oder 56.299.999 HUF.<\/p>\n<p>&nbsp;<\/p>","protected":false},"excerpt":{"rendered":"<p>24 + 14 m\u00b2<\/p>","protected":false},"featured_media":2112,"comment_status":"closed","ping_status":"closed","template":"","meta":{"_et_pb_use_builder":"","_et_pb_old_content":"","_et_gb_content_width":"","inline_featured_image":false},"product_brand":[],"product_cat":[21],"product_tag":[],"class_list":{"0":"post-2111","1":"product","2":"type-product","3":"status-publish","4":"has-post-thumbnail","6":"product_cat-elado-ingatlanok","8":"first","9":"instock","10":"shipping-taxable","11":"purchasable","12":"product-type-simple"},"yoast_head":"<!-- This site is optimized with the Yoast SEO plugin v25.7 - https:\/\/yoast.com\/wordpress\/plugins\/seo\/ -->\n<title>24 + 14 m2 Fel\u00faj\u00edtott garzonlak\u00e1s a VI. ker\u00fcletben, a Sz\u00e9kely Bertalan utc\u00e1ban - Dream House Kirilla<\/title>\n<meta name=\"description\" content=\"Elad\u00f3, 2025-ben fel\u00faj\u00edtott, 24+14 m\u00b2-es gal\u00e9ri\u00e1s lak\u00e1s a VI. ker\u00fcletben, Sz\u00e9kely Bertalan utc\u00e1ban. Modern konyha, b\u00fatorozott, azonnal k\u00f6lt\u00f6zhet\u0151.\" \/>\n<meta name=\"robots\" content=\"index, follow, max-snippet:-1, max-image-preview:large, max-video-preview:-1\" \/>\n<link rel=\"canonical\" href=\"https:\/\/dreamhousekirilla.hu\/de\/product\/wohnung-im-vi-kerulet-in-der-szekely-bertalan-strase\/\" \/>\n<meta property=\"og:locale\" content=\"de_DE\" \/>\n<meta property=\"og:type\" content=\"article\" \/>\n<meta property=\"og:title\" content=\"24 + 14 m2 Fel\u00faj\u00edtott garzonlak\u00e1s a VI. ker\u00fcletben, a Sz\u00e9kely Bertalan utc\u00e1ban - Dream House Kirilla\" \/>\n<meta property=\"og:description\" content=\"Elad\u00f3, 2025-ben fel\u00faj\u00edtott, 24+14 m\u00b2-es gal\u00e9ri\u00e1s lak\u00e1s a VI. ker\u00fcletben, Sz\u00e9kely Bertalan utc\u00e1ban. Modern konyha, b\u00fatorozott, azonnal k\u00f6lt\u00f6zhet\u0151.\" \/>\n<meta property=\"og:url\" content=\"https:\/\/dreamhousekirilla.hu\/de\/product\/wohnung-im-vi-kerulet-in-der-szekely-bertalan-strase\/\" \/>\n<meta property=\"og:site_name\" content=\"Dream House Kirilla\" \/>\n<meta property=\"article:modified_time\" content=\"2025-09-05T13:56:29+00:00\" \/>\n<meta property=\"og:image\" content=\"https:\/\/dreamhousekirilla.hu\/wp-content\/uploads\/2025\/09\/IMG_5062-scaled.jpeg\" \/>\n\t<meta property=\"og:image:width\" content=\"2560\" \/>\n\t<meta property=\"og:image:height\" content=\"1920\" \/>\n\t<meta property=\"og:image:type\" content=\"image\/jpeg\" \/>\n<meta name=\"twitter:card\" content=\"summary_large_image\" \/>\n<meta name=\"twitter:label1\" content=\"Gesch\u00e4tzte Lesezeit\" \/>\n\t<meta name=\"twitter:data1\" content=\"2\u00a0Minuten\" \/>\n<script type=\"application\/ld+json\" class=\"yoast-schema-graph\">{\"@context\":\"https:\/\/schema.org\",\"@graph\":[{\"@type\":\"WebPage\",\"@id\":\"https:\/\/dreamhousekirilla.hu\/termek\/felujitott-garzonlakas-a-vi-keruletben-a-szekely-bertalan-utcaban\/\",\"url\":\"https:\/\/dreamhousekirilla.hu\/termek\/felujitott-garzonlakas-a-vi-keruletben-a-szekely-bertalan-utcaban\/\",\"name\":\"24 + 14 m2 Fel\u00faj\u00edtott garzonlak\u00e1s a VI. ker\u00fcletben, a Sz\u00e9kely Bertalan utc\u00e1ban - Dream House Kirilla\",\"isPartOf\":{\"@id\":\"https:\/\/dreamhousekirilla.hu\/#website\"},\"primaryImageOfPage\":{\"@id\":\"https:\/\/dreamhousekirilla.hu\/termek\/felujitott-garzonlakas-a-vi-keruletben-a-szekely-bertalan-utcaban\/#primaryimage\"},\"image\":{\"@id\":\"https:\/\/dreamhousekirilla.hu\/termek\/felujitott-garzonlakas-a-vi-keruletben-a-szekely-bertalan-utcaban\/#primaryimage\"},\"thumbnailUrl\":\"https:\/\/dreamhousekirilla.hu\/wp-content\/uploads\/2025\/09\/IMG_5062-scaled.jpeg\",\"datePublished\":\"2025-09-05T13:48:13+00:00\",\"dateModified\":\"2025-09-05T13:56:29+00:00\",\"description\":\"Elad\u00f3, 2025-ben fel\u00faj\u00edtott, 24+14 m\u00b2-es gal\u00e9ri\u00e1s lak\u00e1s a VI. ker\u00fcletben, Sz\u00e9kely Bertalan utc\u00e1ban. Modern konyha, b\u00fatorozott, azonnal k\u00f6lt\u00f6zhet\u0151.\",\"breadcrumb\":{\"@id\":\"https:\/\/dreamhousekirilla.hu\/termek\/felujitott-garzonlakas-a-vi-keruletben-a-szekely-bertalan-utcaban\/#breadcrumb\"},\"inLanguage\":\"de\",\"potentialAction\":[{\"@type\":\"ReadAction\",\"target\":[\"https:\/\/dreamhousekirilla.hu\/termek\/felujitott-garzonlakas-a-vi-keruletben-a-szekely-bertalan-utcaban\/\"]}]},{\"@type\":\"ImageObject\",\"inLanguage\":\"de\",\"@id\":\"https:\/\/dreamhousekirilla.hu\/termek\/felujitott-garzonlakas-a-vi-keruletben-a-szekely-bertalan-utcaban\/#primaryimage\",\"url\":\"https:\/\/dreamhousekirilla.hu\/wp-content\/uploads\/2025\/09\/IMG_5062-scaled.jpeg\",\"contentUrl\":\"https:\/\/dreamhousekirilla.hu\/wp-content\/uploads\/2025\/09\/IMG_5062-scaled.jpeg\",\"width\":2560,\"height\":1920},{\"@type\":\"BreadcrumbList\",\"@id\":\"https:\/\/dreamhousekirilla.hu\/termek\/felujitott-garzonlakas-a-vi-keruletben-a-szekely-bertalan-utcaban\/#breadcrumb\",\"itemListElement\":[{\"@type\":\"ListItem\",\"position\":1,\"name\":\"Kezd\u0151lap\",\"item\":\"https:\/\/dreamhousekirilla.hu\/\"},{\"@type\":\"ListItem\",\"position\":2,\"name\":\"Shop\",\"item\":\"https:\/\/dreamhousekirilla.hu\/uzlet\/\"},{\"@type\":\"ListItem\",\"position\":3,\"name\":\"24 + 14 m2 Fel\u00faj\u00edtott garzonlak\u00e1s a VI. ker\u00fcletben, a Sz\u00e9kely Bertalan utc\u00e1ban\"}]},{\"@type\":\"WebSite\",\"@id\":\"https:\/\/dreamhousekirilla.hu\/#website\",\"url\":\"https:\/\/dreamhousekirilla.hu\/\",\"name\":\"Dream House Kirilla\",\"description\":\"Real Estate Agency\",\"publisher\":{\"@id\":\"https:\/\/dreamhousekirilla.hu\/#organization\"},\"potentialAction\":[{\"@type\":\"SearchAction\",\"target\":{\"@type\":\"EntryPoint\",\"urlTemplate\":\"https:\/\/dreamhousekirilla.hu\/?s={search_term_string}\"},\"query-input\":{\"@type\":\"PropertyValueSpecification\",\"valueRequired\":true,\"valueName\":\"search_term_string\"}}],\"inLanguage\":\"de\"},{\"@type\":\"Organization\",\"@id\":\"https:\/\/dreamhousekirilla.hu\/#organization\",\"name\":\"Dream House Kirilla - real estate agency\",\"url\":\"https:\/\/dreamhousekirilla.hu\/\",\"logo\":{\"@type\":\"ImageObject\",\"inLanguage\":\"de\",\"@id\":\"https:\/\/dreamhousekirilla.hu\/#\/schema\/logo\/image\/\",\"url\":\"https:\/\/dreamhousekirilla.hu\/wp-content\/uploads\/2025\/07\/Logo-allitott-zold.jpg\",\"contentUrl\":\"https:\/\/dreamhousekirilla.hu\/wp-content\/uploads\/2025\/07\/Logo-allitott-zold.jpg\",\"width\":596,\"height\":275,\"caption\":\"Dream House Kirilla - real estate agency\"},\"image\":{\"@id\":\"https:\/\/dreamhousekirilla.hu\/#\/schema\/logo\/image\/\"}}]}<\/script>\n<!-- \/ Yoast SEO plugin. -->","yoast_head_json":{"title":"24 + 14 m2 Renovierte Einzimmerwohnung im VI. Bezirk, in der Sz\u00e9kely Bertalan Stra\u00dfe - Traumhaus Kirilla","description":"Zu verkaufen 24+14 m\u00b2 Wohnung mit Galerie, renoviert im Jahr 2025, im VI. Bezirk, Sz\u00e9kely Bertalan Stra\u00dfe. Moderne K\u00fcche, m\u00f6bliert, sofort bezugsfertig.","robots":{"index":"index","follow":"follow","max-snippet":"max-snippet:-1","max-image-preview":"max-image-preview:large","max-video-preview":"max-video-preview:-1"},"canonical":"https:\/\/dreamhousekirilla.hu\/de\/product\/wohnung-im-vi-kerulet-in-der-szekely-bertalan-strase\/","og_locale":"de_DE","og_type":"article","og_title":"24 + 14 m2 Fel\u00faj\u00edtott garzonlak\u00e1s a VI. ker\u00fcletben, a Sz\u00e9kely Bertalan utc\u00e1ban - Dream House Kirilla","og_description":"Elad\u00f3, 2025-ben fel\u00faj\u00edtott, 24+14 m\u00b2-es gal\u00e9ri\u00e1s lak\u00e1s a VI. ker\u00fcletben, Sz\u00e9kely Bertalan utc\u00e1ban. Modern konyha, b\u00fatorozott, azonnal k\u00f6lt\u00f6zhet\u0151.","og_url":"https:\/\/dreamhousekirilla.hu\/de\/product\/wohnung-im-vi-kerulet-in-der-szekely-bertalan-strase\/","og_site_name":"Dream House Kirilla","article_modified_time":"2025-09-05T13:56:29+00:00","og_image":[{"width":2560,"height":1920,"url":"https:\/\/dreamhousekirilla.hu\/wp-content\/uploads\/2025\/09\/IMG_5062-scaled.jpeg","type":"image\/jpeg"}],"twitter_card":"summary_large_image","twitter_misc":{"Gesch\u00e4tzte Lesezeit":"2\u00a0Minuten"},"schema":{"@context":"https:\/\/schema.org","@graph":[{"@type":"WebPage","@id":"https:\/\/dreamhousekirilla.hu\/termek\/felujitott-garzonlakas-a-vi-keruletben-a-szekely-bertalan-utcaban\/","url":"https:\/\/dreamhousekirilla.hu\/termek\/felujitott-garzonlakas-a-vi-keruletben-a-szekely-bertalan-utcaban\/","name":"24 + 14 m2 Renovierte Einzimmerwohnung im VI. Bezirk, in der Sz\u00e9kely Bertalan Stra\u00dfe - Traumhaus Kirilla","isPartOf":{"@id":"https:\/\/dreamhousekirilla.hu\/#website"},"primaryImageOfPage":{"@id":"https:\/\/dreamhousekirilla.hu\/termek\/felujitott-garzonlakas-a-vi-keruletben-a-szekely-bertalan-utcaban\/#primaryimage"},"image":{"@id":"https:\/\/dreamhousekirilla.hu\/termek\/felujitott-garzonlakas-a-vi-keruletben-a-szekely-bertalan-utcaban\/#primaryimage"},"thumbnailUrl":"https:\/\/dreamhousekirilla.hu\/wp-content\/uploads\/2025\/09\/IMG_5062-scaled.jpeg","datePublished":"2025-09-05T13:48:13+00:00","dateModified":"2025-09-05T13:56:29+00:00","description":"Zu verkaufen 24+14 m\u00b2 Wohnung mit Galerie, renoviert im Jahr 2025, im VI. Bezirk, Sz\u00e9kely Bertalan Stra\u00dfe. Moderne K\u00fcche, m\u00f6bliert, sofort bezugsfertig.","breadcrumb":{"@id":"https:\/\/dreamhousekirilla.hu\/termek\/felujitott-garzonlakas-a-vi-keruletben-a-szekely-bertalan-utcaban\/#breadcrumb"},"inLanguage":"de","potentialAction":[{"@type":"ReadAction","target":["https:\/\/dreamhousekirilla.hu\/termek\/felujitott-garzonlakas-a-vi-keruletben-a-szekely-bertalan-utcaban\/"]}]},{"@type":"ImageObject","inLanguage":"de","@id":"https:\/\/dreamhousekirilla.hu\/termek\/felujitott-garzonlakas-a-vi-keruletben-a-szekely-bertalan-utcaban\/#primaryimage","url":"https:\/\/dreamhousekirilla.hu\/wp-content\/uploads\/2025\/09\/IMG_5062-scaled.jpeg","contentUrl":"https:\/\/dreamhousekirilla.hu\/wp-content\/uploads\/2025\/09\/IMG_5062-scaled.jpeg","width":2560,"height":1920},{"@type":"BreadcrumbList","@id":"https:\/\/dreamhousekirilla.hu\/termek\/felujitott-garzonlakas-a-vi-keruletben-a-szekely-bertalan-utcaban\/#breadcrumb","itemListElement":[{"@type":"ListItem","position":1,"name":"Kezd\u0151lap","item":"https:\/\/dreamhousekirilla.hu\/"},{"@type":"ListItem","position":2,"name":"Shop","item":"https:\/\/dreamhousekirilla.hu\/uzlet\/"},{"@type":"ListItem","position":3,"name":"24 + 14 m2 Fel\u00faj\u00edtott garzonlak\u00e1s a VI. ker\u00fcletben, a Sz\u00e9kely Bertalan utc\u00e1ban"}]},{"@type":"WebSite","@id":"https:\/\/dreamhousekirilla.hu\/#website","url":"https:\/\/dreamhousekirilla.hu\/","name":"DREAM HOUSE Kirilla","description":"Immobilienb\u00fcro","publisher":{"@id":"https:\/\/dreamhousekirilla.hu\/#organization"},"potentialAction":[{"@type":"SearchAction","target":{"@type":"EntryPoint","urlTemplate":"https:\/\/dreamhousekirilla.hu\/?s={search_term_string}"},"query-input":{"@type":"PropertyValueSpecification","valueRequired":true,"valueName":"search_term_string"}}],"inLanguage":"de"},{"@type":"Organization","@id":"https:\/\/dreamhousekirilla.hu\/#organization","name":"Traumhaus Kirilla - Immobilienb\u00fcro","url":"https:\/\/dreamhousekirilla.hu\/","logo":{"@type":"ImageObject","inLanguage":"de","@id":"https:\/\/dreamhousekirilla.hu\/#\/schema\/logo\/image\/","url":"https:\/\/dreamhousekirilla.hu\/wp-content\/uploads\/2025\/07\/Logo-allitott-zold.jpg","contentUrl":"https:\/\/dreamhousekirilla.hu\/wp-content\/uploads\/2025\/07\/Logo-allitott-zold.jpg","width":596,"height":275,"caption":"Dream House Kirilla - real estate agency"},"image":{"@id":"https:\/\/dreamhousekirilla.hu\/#\/schema\/logo\/image\/"}}]}},"_links":{"self":[{"href":"https:\/\/dreamhousekirilla.hu\/de\/wp-json\/wp\/v2\/product\/2111","targetHints":{"allow":["GET"]}}],"collection":[{"href":"https:\/\/dreamhousekirilla.hu\/de\/wp-json\/wp\/v2\/product"}],"about":[{"href":"https:\/\/dreamhousekirilla.hu\/de\/wp-json\/wp\/v2\/types\/product"}],"replies":[{"embeddable":true,"href":"https:\/\/dreamhousekirilla.hu\/de\/wp-json\/wp\/v2\/comments?post=2111"}],"wp:featuredmedia":[{"embeddable":true,"href":"https:\/\/dreamhousekirilla.hu\/de\/wp-json\/wp\/v2\/media\/2112"}],"wp:attachment":[{"href":"https:\/\/dreamhousekirilla.hu\/de\/wp-json\/wp\/v2\/media?parent=2111"}],"wp:term":[{"taxonomy":"product_brand","embeddable":true,"href":"https:\/\/dreamhousekirilla.hu\/de\/wp-json\/wp\/v2\/product_brand?post=2111"},{"taxonomy":"product_cat","embeddable":true,"href":"https:\/\/dreamhousekirilla.hu\/de\/wp-json\/wp\/v2\/product_cat?post=2111"},{"taxonomy":"product_tag","embeddable":true,"href":"https:\/\/dreamhousekirilla.hu\/de\/wp-json\/wp\/v2\/product_tag?post=2111"}],"curies":[{"name":"wp","href":"https:\/\/api.w.org\/{rel}","templated":true}]}}