{"id":2125,"date":"2025-09-08T12:29:20","date_gmt":"2025-09-08T10:29:20","guid":{"rendered":"https:\/\/dreamhousekirilla.hu\/?post_type=product&#038;p=2125"},"modified":"2025-09-08T12:42:35","modified_gmt":"2025-09-08T10:42:35","slug":"freistehendes-haus-in-balatonszentgyorgy-in-ruhiger-umgebung","status":"publish","type":"product","link":"https:\/\/dreamhousekirilla.hu\/de\/product\/freistehendes-haus-in-balatonszentgyorgy-in-ruhiger-umgebung\/","title":{"rendered":"<b>115 m2<\/b> <br>Zu verkaufen Einfamilienhaus in Balatonszentgy\u00f6rgy, ruhige Umgebung"},"content":{"rendered":"<p class=\"p1\"><b>Zu verkaufen Einfamilienhaus in Balatonszentgy\u00f6rgy, ruhige Umgebung<\/b><b><\/b><\/p>\n<p class=\"p1\">In einer ruhigen, gepflegten Stra\u00dfe von Balatonszentgy\u00f6rgy bieten wir ein 115 m\u00b2 gro\u00dfes Dreizimmer-Einfamilienhaus mit einem 1187 m\u00b2 gro\u00dfen, gepflegten Grundst\u00fcck zum Verkauf an. Zur Immobilie geh\u00f6ren auch Nebengeb\u00e4ude und eine freistehende Garage, die zahlreiche Lager- und Nutzungsm\u00f6glichkeiten bieten. Das Haus wird mit einem Gas- und einem Mischbrennstoffkessel beheizt, der Gaskessel ist brandneu. Kunststofffenster und -t\u00fcren sorgen f\u00fcr eine moderne Isolierung, und das Haus verf\u00fcgt auch \u00fcber eine separate Sommerk\u00fcche und eine eingebaute Terrasse, die den Alltag noch angenehmer machen.<\/p>\n<p class=\"p1\">Das Dorf liegt nur wenige Minuten vom S\u00fcdufer des Plattensees entfernt, in der N\u00e4he von H\u00e9v\u00edz und Keszthely, so dass Sie Ihren Urlaub und Ihre Erholung zu jeder Jahreszeit genie\u00dfen k\u00f6nnen. Balatonszentgy\u00f6rgy ist auch verkehrstechnisch g\u00fcnstig gelegen: Die Autobahn M7 bietet schnelle Verbindungen nach Budapest und in die westeurop\u00e4ischen L\u00e4nder, und der Bahnhof macht die Gemeinde mit dem Zug leicht erreichbar. Das Dorf verf\u00fcgt \u00fcber einen Kindergarten, eine Schule und alle grundlegenden Dienstleistungen, was es zu einer idealen Wahl f\u00fcr Familien macht, die ein ruhiges, sicheres Umfeld suchen, in dem sie sich niederlassen k\u00f6nnen.<\/p>\n<p class=\"p1\">F\u00fcr weitere Details, Informationen und Bilder, kontaktieren Sie mich bitte.<\/p>\n<p class=\"p1\">Angebotspreis: 152.999 EUR (je nach Wechselkurs) oder 59.999.999 HUF.<\/p>\n<p><br style=\"font-weight: 400;\" \/><br style=\"font-weight: 400;\" \/><\/p>","protected":false},"excerpt":{"rendered":"<div class=\"listing-property justify-content-around col col-print d-flex flex-column text-center border-end border-1 border-gray-100 px-3\"><span class=\"fw-bold fs-4\">115 m2<\/span><\/div>\n<div class=\"listing-property justify-content-around col col-print d-flex flex-column text-center border-end border-1 border-gray-100 px-3\"><\/div>","protected":false},"featured_media":2126,"comment_status":"closed","ping_status":"closed","template":"","meta":{"_et_pb_use_builder":"","_et_pb_old_content":"","_et_gb_content_width":"","inline_featured_image":false},"product_brand":[],"product_cat":[21],"product_tag":[],"class_list":{"0":"post-2125","1":"product","2":"type-product","3":"status-publish","4":"has-post-thumbnail","6":"product_cat-elado-ingatlanok","8":"first","9":"instock","10":"shipping-taxable","11":"purchasable","12":"product-type-simple"},"yoast_head":"<!-- This site is optimized with the Yoast SEO plugin v25.7 - https:\/\/yoast.com\/wordpress\/plugins\/seo\/ -->\n<title>115 m2 Elad\u00f3 csal\u00e1di h\u00e1z Balatonszentgy\u00f6rgy\u00f6n, csendes k\u00f6rnyezetben - Dream House Kirilla<\/title>\n<meta name=\"description\" content=\"Elad\u00f3 115 m\u00b2-es, 3 szob\u00e1s csal\u00e1di h\u00e1z Balatonszentgy\u00f6rgy\u00f6n, 1187 m\u00b2 telekkel, gar\u00e1zzsal \u00e9s mell\u00e9k\u00e9p\u00fcletekkel, a Balaton k\u00f6zel\u00e9ben. Ir\u00e1ny\u00e1r: 59,9 M Ft.\" \/>\n<meta name=\"robots\" content=\"index, follow, max-snippet:-1, max-image-preview:large, max-video-preview:-1\" \/>\n<link rel=\"canonical\" href=\"https:\/\/dreamhousekirilla.hu\/de\/product\/freistehendes-haus-in-balatonszentgyorgy-in-ruhiger-umgebung\/\" \/>\n<meta property=\"og:locale\" content=\"de_DE\" \/>\n<meta property=\"og:type\" content=\"article\" \/>\n<meta property=\"og:title\" content=\"115 m2 Elad\u00f3 csal\u00e1di h\u00e1z Balatonszentgy\u00f6rgy\u00f6n, csendes k\u00f6rnyezetben - Dream House Kirilla\" \/>\n<meta property=\"og:description\" content=\"Elad\u00f3 115 m\u00b2-es, 3 szob\u00e1s csal\u00e1di h\u00e1z Balatonszentgy\u00f6rgy\u00f6n, 1187 m\u00b2 telekkel, gar\u00e1zzsal \u00e9s mell\u00e9k\u00e9p\u00fcletekkel, a Balaton k\u00f6zel\u00e9ben. Ir\u00e1ny\u00e1r: 59,9 M Ft.\" \/>\n<meta property=\"og:url\" content=\"https:\/\/dreamhousekirilla.hu\/de\/product\/freistehendes-haus-in-balatonszentgyorgy-in-ruhiger-umgebung\/\" \/>\n<meta property=\"og:site_name\" content=\"Dream House Kirilla\" \/>\n<meta property=\"article:modified_time\" content=\"2025-09-08T10:42:35+00:00\" \/>\n<meta property=\"og:image\" content=\"https:\/\/dreamhousekirilla.hu\/wp-content\/uploads\/2025\/09\/1.jpeg\" \/>\n\t<meta property=\"og:image:width\" content=\"1280\" \/>\n\t<meta property=\"og:image:height\" content=\"959\" \/>\n\t<meta property=\"og:image:type\" content=\"image\/jpeg\" \/>\n<meta name=\"twitter:card\" content=\"summary_large_image\" \/>\n<meta name=\"twitter:label1\" content=\"Gesch\u00e4tzte Lesezeit\" \/>\n\t<meta name=\"twitter:data1\" content=\"2\u00a0Minuten\" \/>\n<script type=\"application\/ld+json\" class=\"yoast-schema-graph\">{\"@context\":\"https:\/\/schema.org\",\"@graph\":[{\"@type\":\"WebPage\",\"@id\":\"https:\/\/dreamhousekirilla.hu\/termek\/elado-csaladi-haz-balatonszentgyorgyon-csendes-kornyezetben\/\",\"url\":\"https:\/\/dreamhousekirilla.hu\/termek\/elado-csaladi-haz-balatonszentgyorgyon-csendes-kornyezetben\/\",\"name\":\"115 m2 Elad\u00f3 csal\u00e1di h\u00e1z Balatonszentgy\u00f6rgy\u00f6n, csendes k\u00f6rnyezetben - Dream House Kirilla\",\"isPartOf\":{\"@id\":\"https:\/\/dreamhousekirilla.hu\/#website\"},\"primaryImageOfPage\":{\"@id\":\"https:\/\/dreamhousekirilla.hu\/termek\/elado-csaladi-haz-balatonszentgyorgyon-csendes-kornyezetben\/#primaryimage\"},\"image\":{\"@id\":\"https:\/\/dreamhousekirilla.hu\/termek\/elado-csaladi-haz-balatonszentgyorgyon-csendes-kornyezetben\/#primaryimage\"},\"thumbnailUrl\":\"https:\/\/dreamhousekirilla.hu\/wp-content\/uploads\/2025\/09\/1.jpeg\",\"datePublished\":\"2025-09-08T10:29:20+00:00\",\"dateModified\":\"2025-09-08T10:42:35+00:00\",\"description\":\"Elad\u00f3 115 m\u00b2-es, 3 szob\u00e1s csal\u00e1di h\u00e1z Balatonszentgy\u00f6rgy\u00f6n, 1187 m\u00b2 telekkel, gar\u00e1zzsal \u00e9s mell\u00e9k\u00e9p\u00fcletekkel, a Balaton k\u00f6zel\u00e9ben. Ir\u00e1ny\u00e1r: 59,9 M Ft.\",\"breadcrumb\":{\"@id\":\"https:\/\/dreamhousekirilla.hu\/termek\/elado-csaladi-haz-balatonszentgyorgyon-csendes-kornyezetben\/#breadcrumb\"},\"inLanguage\":\"de\",\"potentialAction\":[{\"@type\":\"ReadAction\",\"target\":[\"https:\/\/dreamhousekirilla.hu\/termek\/elado-csaladi-haz-balatonszentgyorgyon-csendes-kornyezetben\/\"]}]},{\"@type\":\"ImageObject\",\"inLanguage\":\"de\",\"@id\":\"https:\/\/dreamhousekirilla.hu\/termek\/elado-csaladi-haz-balatonszentgyorgyon-csendes-kornyezetben\/#primaryimage\",\"url\":\"https:\/\/dreamhousekirilla.hu\/wp-content\/uploads\/2025\/09\/1.jpeg\",\"contentUrl\":\"https:\/\/dreamhousekirilla.hu\/wp-content\/uploads\/2025\/09\/1.jpeg\",\"width\":1280,\"height\":959},{\"@type\":\"BreadcrumbList\",\"@id\":\"https:\/\/dreamhousekirilla.hu\/termek\/elado-csaladi-haz-balatonszentgyorgyon-csendes-kornyezetben\/#breadcrumb\",\"itemListElement\":[{\"@type\":\"ListItem\",\"position\":1,\"name\":\"Kezd\u0151lap\",\"item\":\"https:\/\/dreamhousekirilla.hu\/\"},{\"@type\":\"ListItem\",\"position\":2,\"name\":\"Shop\",\"item\":\"https:\/\/dreamhousekirilla.hu\/uzlet\/\"},{\"@type\":\"ListItem\",\"position\":3,\"name\":\"115 m2 Elad\u00f3 csal\u00e1di h\u00e1z Balatonszentgy\u00f6rgy\u00f6n, csendes k\u00f6rnyezetben\"}]},{\"@type\":\"WebSite\",\"@id\":\"https:\/\/dreamhousekirilla.hu\/#website\",\"url\":\"https:\/\/dreamhousekirilla.hu\/\",\"name\":\"Dream House Kirilla\",\"description\":\"Real Estate Agency\",\"publisher\":{\"@id\":\"https:\/\/dreamhousekirilla.hu\/#organization\"},\"potentialAction\":[{\"@type\":\"SearchAction\",\"target\":{\"@type\":\"EntryPoint\",\"urlTemplate\":\"https:\/\/dreamhousekirilla.hu\/?s={search_term_string}\"},\"query-input\":{\"@type\":\"PropertyValueSpecification\",\"valueRequired\":true,\"valueName\":\"search_term_string\"}}],\"inLanguage\":\"de\"},{\"@type\":\"Organization\",\"@id\":\"https:\/\/dreamhousekirilla.hu\/#organization\",\"name\":\"Dream House Kirilla - real estate agency\",\"url\":\"https:\/\/dreamhousekirilla.hu\/\",\"logo\":{\"@type\":\"ImageObject\",\"inLanguage\":\"de\",\"@id\":\"https:\/\/dreamhousekirilla.hu\/#\/schema\/logo\/image\/\",\"url\":\"https:\/\/dreamhousekirilla.hu\/wp-content\/uploads\/2025\/07\/Logo-allitott-zold.jpg\",\"contentUrl\":\"https:\/\/dreamhousekirilla.hu\/wp-content\/uploads\/2025\/07\/Logo-allitott-zold.jpg\",\"width\":596,\"height\":275,\"caption\":\"Dream House Kirilla - real estate agency\"},\"image\":{\"@id\":\"https:\/\/dreamhousekirilla.hu\/#\/schema\/logo\/image\/\"}}]}<\/script>\n<!-- \/ Yoast SEO plugin. -->","yoast_head_json":{"title":"115 m2 Zu verkaufen Einfamilienhaus in Balatonszentgy\u00f6rgy, ruhige Umgebung - Traumhaus Kirilla","description":"Zu verkaufen 115 m\u00b2, 3 Schlafzimmer Haus in Balatonszentgy\u00f6rgy, 1187 m\u00b2 Grundst\u00fcck, Garage und Nebengeb\u00e4ude, in der N\u00e4he des Plattensees. Angebotspreis: 59,9 M HUF.","robots":{"index":"index","follow":"follow","max-snippet":"max-snippet:-1","max-image-preview":"max-image-preview:large","max-video-preview":"max-video-preview:-1"},"canonical":"https:\/\/dreamhousekirilla.hu\/de\/product\/freistehendes-haus-in-balatonszentgyorgy-in-ruhiger-umgebung\/","og_locale":"de_DE","og_type":"article","og_title":"115 m2 Elad\u00f3 csal\u00e1di h\u00e1z Balatonszentgy\u00f6rgy\u00f6n, csendes k\u00f6rnyezetben - Dream House Kirilla","og_description":"Elad\u00f3 115 m\u00b2-es, 3 szob\u00e1s csal\u00e1di h\u00e1z Balatonszentgy\u00f6rgy\u00f6n, 1187 m\u00b2 telekkel, gar\u00e1zzsal \u00e9s mell\u00e9k\u00e9p\u00fcletekkel, a Balaton k\u00f6zel\u00e9ben. Ir\u00e1ny\u00e1r: 59,9 M Ft.","og_url":"https:\/\/dreamhousekirilla.hu\/de\/product\/freistehendes-haus-in-balatonszentgyorgy-in-ruhiger-umgebung\/","og_site_name":"Dream House Kirilla","article_modified_time":"2025-09-08T10:42:35+00:00","og_image":[{"width":1280,"height":959,"url":"https:\/\/dreamhousekirilla.hu\/wp-content\/uploads\/2025\/09\/1.jpeg","type":"image\/jpeg"}],"twitter_card":"summary_large_image","twitter_misc":{"Gesch\u00e4tzte Lesezeit":"2\u00a0Minuten"},"schema":{"@context":"https:\/\/schema.org","@graph":[{"@type":"WebPage","@id":"https:\/\/dreamhousekirilla.hu\/termek\/elado-csaladi-haz-balatonszentgyorgyon-csendes-kornyezetben\/","url":"https:\/\/dreamhousekirilla.hu\/termek\/elado-csaladi-haz-balatonszentgyorgyon-csendes-kornyezetben\/","name":"115 m2 Zu verkaufen Einfamilienhaus in Balatonszentgy\u00f6rgy, ruhige Umgebung - Traumhaus Kirilla","isPartOf":{"@id":"https:\/\/dreamhousekirilla.hu\/#website"},"primaryImageOfPage":{"@id":"https:\/\/dreamhousekirilla.hu\/termek\/elado-csaladi-haz-balatonszentgyorgyon-csendes-kornyezetben\/#primaryimage"},"image":{"@id":"https:\/\/dreamhousekirilla.hu\/termek\/elado-csaladi-haz-balatonszentgyorgyon-csendes-kornyezetben\/#primaryimage"},"thumbnailUrl":"https:\/\/dreamhousekirilla.hu\/wp-content\/uploads\/2025\/09\/1.jpeg","datePublished":"2025-09-08T10:29:20+00:00","dateModified":"2025-09-08T10:42:35+00:00","description":"Zu verkaufen 115 m\u00b2, 3 Schlafzimmer Haus in Balatonszentgy\u00f6rgy, 1187 m\u00b2 Grundst\u00fcck, Garage und Nebengeb\u00e4ude, in der N\u00e4he des Plattensees. Angebotspreis: 59,9 M HUF.","breadcrumb":{"@id":"https:\/\/dreamhousekirilla.hu\/termek\/elado-csaladi-haz-balatonszentgyorgyon-csendes-kornyezetben\/#breadcrumb"},"inLanguage":"de","potentialAction":[{"@type":"ReadAction","target":["https:\/\/dreamhousekirilla.hu\/termek\/elado-csaladi-haz-balatonszentgyorgyon-csendes-kornyezetben\/"]}]},{"@type":"ImageObject","inLanguage":"de","@id":"https:\/\/dreamhousekirilla.hu\/termek\/elado-csaladi-haz-balatonszentgyorgyon-csendes-kornyezetben\/#primaryimage","url":"https:\/\/dreamhousekirilla.hu\/wp-content\/uploads\/2025\/09\/1.jpeg","contentUrl":"https:\/\/dreamhousekirilla.hu\/wp-content\/uploads\/2025\/09\/1.jpeg","width":1280,"height":959},{"@type":"BreadcrumbList","@id":"https:\/\/dreamhousekirilla.hu\/termek\/elado-csaladi-haz-balatonszentgyorgyon-csendes-kornyezetben\/#breadcrumb","itemListElement":[{"@type":"ListItem","position":1,"name":"Kezd\u0151lap","item":"https:\/\/dreamhousekirilla.hu\/"},{"@type":"ListItem","position":2,"name":"Shop","item":"https:\/\/dreamhousekirilla.hu\/uzlet\/"},{"@type":"ListItem","position":3,"name":"115 m2 Elad\u00f3 csal\u00e1di h\u00e1z Balatonszentgy\u00f6rgy\u00f6n, csendes k\u00f6rnyezetben"}]},{"@type":"WebSite","@id":"https:\/\/dreamhousekirilla.hu\/#website","url":"https:\/\/dreamhousekirilla.hu\/","name":"DREAM HOUSE Kirilla","description":"Immobilienb\u00fcro","publisher":{"@id":"https:\/\/dreamhousekirilla.hu\/#organization"},"potentialAction":[{"@type":"SearchAction","target":{"@type":"EntryPoint","urlTemplate":"https:\/\/dreamhousekirilla.hu\/?s={search_term_string}"},"query-input":{"@type":"PropertyValueSpecification","valueRequired":true,"valueName":"search_term_string"}}],"inLanguage":"de"},{"@type":"Organization","@id":"https:\/\/dreamhousekirilla.hu\/#organization","name":"Traumhaus Kirilla - Immobilienb\u00fcro","url":"https:\/\/dreamhousekirilla.hu\/","logo":{"@type":"ImageObject","inLanguage":"de","@id":"https:\/\/dreamhousekirilla.hu\/#\/schema\/logo\/image\/","url":"https:\/\/dreamhousekirilla.hu\/wp-content\/uploads\/2025\/07\/Logo-allitott-zold.jpg","contentUrl":"https:\/\/dreamhousekirilla.hu\/wp-content\/uploads\/2025\/07\/Logo-allitott-zold.jpg","width":596,"height":275,"caption":"Dream House Kirilla - real estate agency"},"image":{"@id":"https:\/\/dreamhousekirilla.hu\/#\/schema\/logo\/image\/"}}]}},"_links":{"self":[{"href":"https:\/\/dreamhousekirilla.hu\/de\/wp-json\/wp\/v2\/product\/2125","targetHints":{"allow":["GET"]}}],"collection":[{"href":"https:\/\/dreamhousekirilla.hu\/de\/wp-json\/wp\/v2\/product"}],"about":[{"href":"https:\/\/dreamhousekirilla.hu\/de\/wp-json\/wp\/v2\/types\/product"}],"replies":[{"embeddable":true,"href":"https:\/\/dreamhousekirilla.hu\/de\/wp-json\/wp\/v2\/comments?post=2125"}],"wp:featuredmedia":[{"embeddable":true,"href":"https:\/\/dreamhousekirilla.hu\/de\/wp-json\/wp\/v2\/media\/2126"}],"wp:attachment":[{"href":"https:\/\/dreamhousekirilla.hu\/de\/wp-json\/wp\/v2\/media?parent=2125"}],"wp:term":[{"taxonomy":"product_brand","embeddable":true,"href":"https:\/\/dreamhousekirilla.hu\/de\/wp-json\/wp\/v2\/product_brand?post=2125"},{"taxonomy":"product_cat","embeddable":true,"href":"https:\/\/dreamhousekirilla.hu\/de\/wp-json\/wp\/v2\/product_cat?post=2125"},{"taxonomy":"product_tag","embeddable":true,"href":"https:\/\/dreamhousekirilla.hu\/de\/wp-json\/wp\/v2\/product_tag?post=2125"}],"curies":[{"name":"wp","href":"https:\/\/api.w.org\/{rel}","templated":true}]}}