{"id":2162,"date":"2025-09-18T21:05:06","date_gmt":"2025-09-18T19:05:06","guid":{"rendered":"https:\/\/dreamhousekirilla.hu\/?post_type=product&#038;p=2162"},"modified":"2025-09-18T21:18:21","modified_gmt":"2025-09-18T19:18:21","slug":"elado-csaladi-haz-zalacsany-ruhig-nach-reszen-gesucht","status":"publish","type":"product","link":"https:\/\/dreamhousekirilla.hu\/de\/product\/elado-csaladi-haz-zalacsany-ruhig-nach-reszen-gesucht\/","title":{"rendered":"<b>184 m2<\/b> <br>Einfamilienhaus zu verkaufen in einer ruhigen, gefragten Gegend von Zalacs\u00e1ny."},"content":{"rendered":"<p class=\"p1\">Einfamilienhaus zu verkaufen in einer ruhigen, gefragten Gegend von Zalacs\u00e1ny.<\/p>\n<p>In einer ruhigen Stra\u00dfe von Zalacs\u00e1ny, aber in der N\u00e4he aller wichtigen Dienstleistungen, bieten wir dieses 178 m\u00b2 gro\u00dfe, vollst\u00e4ndig renovierte Einfamilienhaus auf einem 1 260 m\u00b2 gro\u00dfen, gepflegten Grundst\u00fcck zum Verkauf an.<\/p>\n<p>Die moderne, durchdachte Aufteilung des Hauses ist ideal f\u00fcr gr\u00f6\u00dfere Familien: Das ger\u00e4umige Wohn-K\u00fcchen-Esszimmer ist ein idealer Gemeinschaftsraum, w\u00e4hrend die drei Schlafzimmer - darunter zwei Kinderzimmer und ein ger\u00e4umiges Hauptschlafzimmer - Privatsph\u00e4re bieten. Das Hauptbadezimmer verf\u00fcgt \u00fcber eine Dusche, eine separate Toilette und eine praktische Speisekammer.<\/p>\n<p>Eine Besonderheit des Hauses ist der separate Eingang zum Wohnbereich, der aus einem Schlafzimmer und einem eigenen Bad mit Dusche besteht - ideal f\u00fcr G\u00e4ste oder \u00e4ltere Familienmitglieder.<\/p>\n<p>Der gepflegte, eingez\u00e4unte Garten ist von Obstb\u00e4umen und Gr\u00fcnfl\u00e4chen umgeben und verf\u00fcgt \u00fcber ein motorisiertes Tor f\u00fcr einen einfachen Zugang. Das Anwesen verf\u00fcgt \u00fcber zwei Garagen, so dass Fahrzeuge immer sicher sind.<\/p>\n<p>In den letzten zwei Jahren wurde das Haus komplett modernisiert: die Elektro- und Wasserinstallation wurde erneuert, die Fenster, das Dach und die Fassade wurden isoliert. Die K\u00fcche und das Bad sind modern und \u00e4sthetisch gestaltet, und den neuen Eigent\u00fcmer erwartet ein komfortables, sofort bezugsfertiges Zuhause.<\/p>\n<p>Die Heizung erfolgt \u00fcber einen Gaskessel und einen Mischbrennstoffkessel, die Warmwasserversorgung \u00fcber einen Elektro- und einen Gaskessel.<\/p>\n<p>Lage: Zalacs\u00e1ny liegt in der malerischen Landschaft des Komitats Zala, 10 km von H\u00e9v\u00edz und 15 km von Keszthely entfernt. Die N\u00e4he zum Plattensee und den ber\u00fchmten Thermalb\u00e4dern sowie die schnelle Anbindung an die Hauptstra\u00dfe 76 und die Autobahn M7 machen die Siedlung zu einem begehrten Wohngebiet. Zu den Attraktionen in der Umgebung geh\u00f6ren das Schloss Batthy\u00e1ny und das Zala Springs Golf Resort.<\/p>\n<p>Dieses Haus ist die perfekte Wahl f\u00fcr alle, die ein ger\u00e4umiges, komfortables und modernes Zuhause in einer ruhigen und sicheren Umgebung suchen.<\/p>\n<p>Bitte kontaktieren Sie uns, wenn Sie interessiert sind - verpassen Sie diese seltene Gelegenheit nicht!<\/p>\n<p>212.999 EUR (je nach Wechselkurs) oder 82.999.999 HUF<\/p>","protected":false},"excerpt":{"rendered":"<div class=\"listing-property justify-content-around col col-print d-flex flex-column text-center border-end border-1 border-gray-100 px-3\">\n<div class=\"listing-property justify-content-around col col-print d-flex flex-column text-center border-end border-1 border-gray-100 px-3\"><span class=\"fw-bold fs-4\">184 m2<\/span><\/div>\n<div class=\"listing-property justify-content-around col col-print d-flex flex-column text-center border-end border-1 border-gray-100 px-3\"><\/div>\n<\/div>\n<div class=\"listing-property justify-content-around col col-print d-flex flex-column text-center border-end border-1 border-gray-100 px-3\"><\/div>","protected":false},"featured_media":2163,"comment_status":"closed","ping_status":"closed","template":"","meta":{"_et_pb_use_builder":"","_et_pb_old_content":"","_et_gb_content_width":"","inline_featured_image":false},"product_brand":[],"product_cat":[21],"product_tag":[],"class_list":{"0":"post-2162","1":"product","2":"type-product","3":"status-publish","4":"has-post-thumbnail","6":"product_cat-elado-ingatlanok","8":"first","9":"instock","10":"shipping-taxable","11":"purchasable","12":"product-type-simple"},"yoast_head":"<!-- This site is optimized with the Yoast SEO plugin v25.7 - https:\/\/yoast.com\/wordpress\/plugins\/seo\/ -->\n<title>184 m2 Elad\u00f3 csal\u00e1di h\u00e1z Zalacs\u00e1ny csendes, keresett r\u00e9sz\u00e9n. - Dream House Kirilla<\/title>\n<meta name=\"description\" content=\"Elad\u00f3 178 m\u00b2-es, teljesen fel\u00faj\u00edtott csal\u00e1di h\u00e1z Zalacs\u00e1ny csendes, keresett r\u00e9sz\u00e9n, 1 260 m\u00b2-es gondozott telken. 3 h\u00e1l\u00f3szoba, t\u00e1gas nappali-konyha-\u00e9tkez\u0151, k\u00fcl\u00f6n bej\u00e1rat\u00fa lakr\u00e9sz, k\u00e9t gar\u00e1zs, modern f\u0171t\u00e9s \u00e9s eszt\u00e9tikus kert gy\u00fcm\u00f6lcsf\u00e1kkal. H\u00e9v\u00edz 10 km, Keszthely 15 km, Balaton \u00e9s term\u00e1lf\u00fcrd\u0151k k\u00f6zel\u00e9ben.\" \/>\n<meta name=\"robots\" content=\"index, follow, max-snippet:-1, max-image-preview:large, max-video-preview:-1\" \/>\n<link rel=\"canonical\" href=\"https:\/\/dreamhousekirilla.hu\/de\/product\/elado-csaladi-haz-zalacsany-ruhig-nach-reszen-gesucht\/\" \/>\n<meta property=\"og:locale\" content=\"de_DE\" \/>\n<meta property=\"og:type\" content=\"article\" \/>\n<meta property=\"og:title\" content=\"184 m2 Elad\u00f3 csal\u00e1di h\u00e1z Zalacs\u00e1ny csendes, keresett r\u00e9sz\u00e9n. - Dream House Kirilla\" \/>\n<meta property=\"og:description\" content=\"Elad\u00f3 178 m\u00b2-es, teljesen fel\u00faj\u00edtott csal\u00e1di h\u00e1z Zalacs\u00e1ny csendes, keresett r\u00e9sz\u00e9n, 1 260 m\u00b2-es gondozott telken. 3 h\u00e1l\u00f3szoba, t\u00e1gas nappali-konyha-\u00e9tkez\u0151, k\u00fcl\u00f6n bej\u00e1rat\u00fa lakr\u00e9sz, k\u00e9t gar\u00e1zs, modern f\u0171t\u00e9s \u00e9s eszt\u00e9tikus kert gy\u00fcm\u00f6lcsf\u00e1kkal. H\u00e9v\u00edz 10 km, Keszthely 15 km, Balaton \u00e9s term\u00e1lf\u00fcrd\u0151k k\u00f6zel\u00e9ben.\" \/>\n<meta property=\"og:url\" content=\"https:\/\/dreamhousekirilla.hu\/de\/product\/elado-csaladi-haz-zalacsany-ruhig-nach-reszen-gesucht\/\" \/>\n<meta property=\"og:site_name\" content=\"Dream House Kirilla\" \/>\n<meta property=\"article:modified_time\" content=\"2025-09-18T19:18:21+00:00\" \/>\n<meta property=\"og:image\" content=\"https:\/\/dreamhousekirilla.hu\/wp-content\/uploads\/2025\/09\/IMG_5447-scaled.jpeg\" \/>\n\t<meta property=\"og:image:width\" content=\"2560\" \/>\n\t<meta property=\"og:image:height\" content=\"1920\" \/>\n\t<meta property=\"og:image:type\" content=\"image\/jpeg\" \/>\n<meta name=\"twitter:card\" content=\"summary_large_image\" \/>\n<meta name=\"twitter:label1\" content=\"Gesch\u00e4tzte Lesezeit\" \/>\n\t<meta name=\"twitter:data1\" content=\"2\u00a0Minuten\" \/>\n<script type=\"application\/ld+json\" class=\"yoast-schema-graph\">{\"@context\":\"https:\/\/schema.org\",\"@graph\":[{\"@type\":\"WebPage\",\"@id\":\"https:\/\/dreamhousekirilla.hu\/termek\/elado-csaladi-haz-zalacsany-csendes-keresett-reszen\/\",\"url\":\"https:\/\/dreamhousekirilla.hu\/termek\/elado-csaladi-haz-zalacsany-csendes-keresett-reszen\/\",\"name\":\"184 m2 Elad\u00f3 csal\u00e1di h\u00e1z Zalacs\u00e1ny csendes, keresett r\u00e9sz\u00e9n. - Dream House Kirilla\",\"isPartOf\":{\"@id\":\"https:\/\/dreamhousekirilla.hu\/#website\"},\"primaryImageOfPage\":{\"@id\":\"https:\/\/dreamhousekirilla.hu\/termek\/elado-csaladi-haz-zalacsany-csendes-keresett-reszen\/#primaryimage\"},\"image\":{\"@id\":\"https:\/\/dreamhousekirilla.hu\/termek\/elado-csaladi-haz-zalacsany-csendes-keresett-reszen\/#primaryimage\"},\"thumbnailUrl\":\"https:\/\/dreamhousekirilla.hu\/wp-content\/uploads\/2025\/09\/IMG_5447-scaled.jpeg\",\"datePublished\":\"2025-09-18T19:05:06+00:00\",\"dateModified\":\"2025-09-18T19:18:21+00:00\",\"description\":\"Elad\u00f3 178 m\u00b2-es, teljesen fel\u00faj\u00edtott csal\u00e1di h\u00e1z Zalacs\u00e1ny csendes, keresett r\u00e9sz\u00e9n, 1 260 m\u00b2-es gondozott telken. 3 h\u00e1l\u00f3szoba, t\u00e1gas nappali-konyha-\u00e9tkez\u0151, k\u00fcl\u00f6n bej\u00e1rat\u00fa lakr\u00e9sz, k\u00e9t gar\u00e1zs, modern f\u0171t\u00e9s \u00e9s eszt\u00e9tikus kert gy\u00fcm\u00f6lcsf\u00e1kkal. H\u00e9v\u00edz 10 km, Keszthely 15 km, Balaton \u00e9s term\u00e1lf\u00fcrd\u0151k k\u00f6zel\u00e9ben.\",\"breadcrumb\":{\"@id\":\"https:\/\/dreamhousekirilla.hu\/termek\/elado-csaladi-haz-zalacsany-csendes-keresett-reszen\/#breadcrumb\"},\"inLanguage\":\"de\",\"potentialAction\":[{\"@type\":\"ReadAction\",\"target\":[\"https:\/\/dreamhousekirilla.hu\/termek\/elado-csaladi-haz-zalacsany-csendes-keresett-reszen\/\"]}]},{\"@type\":\"ImageObject\",\"inLanguage\":\"de\",\"@id\":\"https:\/\/dreamhousekirilla.hu\/termek\/elado-csaladi-haz-zalacsany-csendes-keresett-reszen\/#primaryimage\",\"url\":\"https:\/\/dreamhousekirilla.hu\/wp-content\/uploads\/2025\/09\/IMG_5447-scaled.jpeg\",\"contentUrl\":\"https:\/\/dreamhousekirilla.hu\/wp-content\/uploads\/2025\/09\/IMG_5447-scaled.jpeg\",\"width\":2560,\"height\":1920},{\"@type\":\"BreadcrumbList\",\"@id\":\"https:\/\/dreamhousekirilla.hu\/termek\/elado-csaladi-haz-zalacsany-csendes-keresett-reszen\/#breadcrumb\",\"itemListElement\":[{\"@type\":\"ListItem\",\"position\":1,\"name\":\"Kezd\u0151lap\",\"item\":\"https:\/\/dreamhousekirilla.hu\/\"},{\"@type\":\"ListItem\",\"position\":2,\"name\":\"Shop\",\"item\":\"https:\/\/dreamhousekirilla.hu\/uzlet\/\"},{\"@type\":\"ListItem\",\"position\":3,\"name\":\"184 m2 Elad\u00f3 csal\u00e1di h\u00e1z Zalacs\u00e1ny csendes, keresett r\u00e9sz\u00e9n.\"}]},{\"@type\":\"WebSite\",\"@id\":\"https:\/\/dreamhousekirilla.hu\/#website\",\"url\":\"https:\/\/dreamhousekirilla.hu\/\",\"name\":\"Dream House Kirilla\",\"description\":\"Real Estate Agency\",\"publisher\":{\"@id\":\"https:\/\/dreamhousekirilla.hu\/#organization\"},\"potentialAction\":[{\"@type\":\"SearchAction\",\"target\":{\"@type\":\"EntryPoint\",\"urlTemplate\":\"https:\/\/dreamhousekirilla.hu\/?s={search_term_string}\"},\"query-input\":{\"@type\":\"PropertyValueSpecification\",\"valueRequired\":true,\"valueName\":\"search_term_string\"}}],\"inLanguage\":\"de\"},{\"@type\":\"Organization\",\"@id\":\"https:\/\/dreamhousekirilla.hu\/#organization\",\"name\":\"Dream House Kirilla - real estate agency\",\"url\":\"https:\/\/dreamhousekirilla.hu\/\",\"logo\":{\"@type\":\"ImageObject\",\"inLanguage\":\"de\",\"@id\":\"https:\/\/dreamhousekirilla.hu\/#\/schema\/logo\/image\/\",\"url\":\"https:\/\/dreamhousekirilla.hu\/wp-content\/uploads\/2025\/07\/Logo-allitott-zold.jpg\",\"contentUrl\":\"https:\/\/dreamhousekirilla.hu\/wp-content\/uploads\/2025\/07\/Logo-allitott-zold.jpg\",\"width\":596,\"height\":275,\"caption\":\"Dream House Kirilla - real estate agency\"},\"image\":{\"@id\":\"https:\/\/dreamhousekirilla.hu\/#\/schema\/logo\/image\/\"}}]}<\/script>\n<!-- \/ Yoast SEO plugin. -->","yoast_head_json":{"title":"184 m2 Einfamilienhaus zu verkaufen in einem ruhigen, gefragten Teil von Zalacs\u00e1ny - Traumhaus Kirilla","description":"Zu verkaufen 178 m\u00b2, komplett renoviertes Familienhaus in einer ruhigen, gefragten Gegend von Zalacs\u00e1ny, auf einem gepflegten Grundst\u00fcck von 1 260 m\u00b2. 3 Schlafzimmer, ger\u00e4umiges Wohn-K\u00fcchen-Esszimmer, separater Eingang, zwei Garagen, moderne Heizung und \u00e4sthetischer Garten mit Obstb\u00e4umen. H\u00e9v\u00edz 10 km, Keszthely 15 km, in der N\u00e4he des Plattensees und der Thermalb\u00e4der.","robots":{"index":"index","follow":"follow","max-snippet":"max-snippet:-1","max-image-preview":"max-image-preview:large","max-video-preview":"max-video-preview:-1"},"canonical":"https:\/\/dreamhousekirilla.hu\/de\/product\/elado-csaladi-haz-zalacsany-ruhig-nach-reszen-gesucht\/","og_locale":"de_DE","og_type":"article","og_title":"184 m2 Elad\u00f3 csal\u00e1di h\u00e1z Zalacs\u00e1ny csendes, keresett r\u00e9sz\u00e9n. - Dream House Kirilla","og_description":"Elad\u00f3 178 m\u00b2-es, teljesen fel\u00faj\u00edtott csal\u00e1di h\u00e1z Zalacs\u00e1ny csendes, keresett r\u00e9sz\u00e9n, 1 260 m\u00b2-es gondozott telken. 3 h\u00e1l\u00f3szoba, t\u00e1gas nappali-konyha-\u00e9tkez\u0151, k\u00fcl\u00f6n bej\u00e1rat\u00fa lakr\u00e9sz, k\u00e9t gar\u00e1zs, modern f\u0171t\u00e9s \u00e9s eszt\u00e9tikus kert gy\u00fcm\u00f6lcsf\u00e1kkal. H\u00e9v\u00edz 10 km, Keszthely 15 km, Balaton \u00e9s term\u00e1lf\u00fcrd\u0151k k\u00f6zel\u00e9ben.","og_url":"https:\/\/dreamhousekirilla.hu\/de\/product\/elado-csaladi-haz-zalacsany-ruhig-nach-reszen-gesucht\/","og_site_name":"Dream House Kirilla","article_modified_time":"2025-09-18T19:18:21+00:00","og_image":[{"width":2560,"height":1920,"url":"https:\/\/dreamhousekirilla.hu\/wp-content\/uploads\/2025\/09\/IMG_5447-scaled.jpeg","type":"image\/jpeg"}],"twitter_card":"summary_large_image","twitter_misc":{"Gesch\u00e4tzte Lesezeit":"2\u00a0Minuten"},"schema":{"@context":"https:\/\/schema.org","@graph":[{"@type":"WebPage","@id":"https:\/\/dreamhousekirilla.hu\/termek\/elado-csaladi-haz-zalacsany-csendes-keresett-reszen\/","url":"https:\/\/dreamhousekirilla.hu\/termek\/elado-csaladi-haz-zalacsany-csendes-keresett-reszen\/","name":"184 m2 Einfamilienhaus zu verkaufen in einem ruhigen, gefragten Teil von Zalacs\u00e1ny - Traumhaus Kirilla","isPartOf":{"@id":"https:\/\/dreamhousekirilla.hu\/#website"},"primaryImageOfPage":{"@id":"https:\/\/dreamhousekirilla.hu\/termek\/elado-csaladi-haz-zalacsany-csendes-keresett-reszen\/#primaryimage"},"image":{"@id":"https:\/\/dreamhousekirilla.hu\/termek\/elado-csaladi-haz-zalacsany-csendes-keresett-reszen\/#primaryimage"},"thumbnailUrl":"https:\/\/dreamhousekirilla.hu\/wp-content\/uploads\/2025\/09\/IMG_5447-scaled.jpeg","datePublished":"2025-09-18T19:05:06+00:00","dateModified":"2025-09-18T19:18:21+00:00","description":"Zu verkaufen 178 m\u00b2, komplett renoviertes Familienhaus in einer ruhigen, gefragten Gegend von Zalacs\u00e1ny, auf einem gepflegten Grundst\u00fcck von 1 260 m\u00b2. 3 Schlafzimmer, ger\u00e4umiges Wohn-K\u00fcchen-Esszimmer, separater Eingang, zwei Garagen, moderne Heizung und \u00e4sthetischer Garten mit Obstb\u00e4umen. H\u00e9v\u00edz 10 km, Keszthely 15 km, in der N\u00e4he des Plattensees und der Thermalb\u00e4der.","breadcrumb":{"@id":"https:\/\/dreamhousekirilla.hu\/termek\/elado-csaladi-haz-zalacsany-csendes-keresett-reszen\/#breadcrumb"},"inLanguage":"de","potentialAction":[{"@type":"ReadAction","target":["https:\/\/dreamhousekirilla.hu\/termek\/elado-csaladi-haz-zalacsany-csendes-keresett-reszen\/"]}]},{"@type":"ImageObject","inLanguage":"de","@id":"https:\/\/dreamhousekirilla.hu\/termek\/elado-csaladi-haz-zalacsany-csendes-keresett-reszen\/#primaryimage","url":"https:\/\/dreamhousekirilla.hu\/wp-content\/uploads\/2025\/09\/IMG_5447-scaled.jpeg","contentUrl":"https:\/\/dreamhousekirilla.hu\/wp-content\/uploads\/2025\/09\/IMG_5447-scaled.jpeg","width":2560,"height":1920},{"@type":"BreadcrumbList","@id":"https:\/\/dreamhousekirilla.hu\/termek\/elado-csaladi-haz-zalacsany-csendes-keresett-reszen\/#breadcrumb","itemListElement":[{"@type":"ListItem","position":1,"name":"Kezd\u0151lap","item":"https:\/\/dreamhousekirilla.hu\/"},{"@type":"ListItem","position":2,"name":"Shop","item":"https:\/\/dreamhousekirilla.hu\/uzlet\/"},{"@type":"ListItem","position":3,"name":"184 m2 Elad\u00f3 csal\u00e1di h\u00e1z Zalacs\u00e1ny csendes, keresett r\u00e9sz\u00e9n."}]},{"@type":"WebSite","@id":"https:\/\/dreamhousekirilla.hu\/#website","url":"https:\/\/dreamhousekirilla.hu\/","name":"DREAM HOUSE Kirilla","description":"Immobilienb\u00fcro","publisher":{"@id":"https:\/\/dreamhousekirilla.hu\/#organization"},"potentialAction":[{"@type":"SearchAction","target":{"@type":"EntryPoint","urlTemplate":"https:\/\/dreamhousekirilla.hu\/?s={search_term_string}"},"query-input":{"@type":"PropertyValueSpecification","valueRequired":true,"valueName":"search_term_string"}}],"inLanguage":"de"},{"@type":"Organization","@id":"https:\/\/dreamhousekirilla.hu\/#organization","name":"Traumhaus Kirilla - Immobilienb\u00fcro","url":"https:\/\/dreamhousekirilla.hu\/","logo":{"@type":"ImageObject","inLanguage":"de","@id":"https:\/\/dreamhousekirilla.hu\/#\/schema\/logo\/image\/","url":"https:\/\/dreamhousekirilla.hu\/wp-content\/uploads\/2025\/07\/Logo-allitott-zold.jpg","contentUrl":"https:\/\/dreamhousekirilla.hu\/wp-content\/uploads\/2025\/07\/Logo-allitott-zold.jpg","width":596,"height":275,"caption":"Dream House Kirilla - real estate agency"},"image":{"@id":"https:\/\/dreamhousekirilla.hu\/#\/schema\/logo\/image\/"}}]}},"_links":{"self":[{"href":"https:\/\/dreamhousekirilla.hu\/de\/wp-json\/wp\/v2\/product\/2162","targetHints":{"allow":["GET"]}}],"collection":[{"href":"https:\/\/dreamhousekirilla.hu\/de\/wp-json\/wp\/v2\/product"}],"about":[{"href":"https:\/\/dreamhousekirilla.hu\/de\/wp-json\/wp\/v2\/types\/product"}],"replies":[{"embeddable":true,"href":"https:\/\/dreamhousekirilla.hu\/de\/wp-json\/wp\/v2\/comments?post=2162"}],"wp:featuredmedia":[{"embeddable":true,"href":"https:\/\/dreamhousekirilla.hu\/de\/wp-json\/wp\/v2\/media\/2163"}],"wp:attachment":[{"href":"https:\/\/dreamhousekirilla.hu\/de\/wp-json\/wp\/v2\/media?parent=2162"}],"wp:term":[{"taxonomy":"product_brand","embeddable":true,"href":"https:\/\/dreamhousekirilla.hu\/de\/wp-json\/wp\/v2\/product_brand?post=2162"},{"taxonomy":"product_cat","embeddable":true,"href":"https:\/\/dreamhousekirilla.hu\/de\/wp-json\/wp\/v2\/product_cat?post=2162"},{"taxonomy":"product_tag","embeddable":true,"href":"https:\/\/dreamhousekirilla.hu\/de\/wp-json\/wp\/v2\/product_tag?post=2162"}],"curies":[{"name":"wp","href":"https:\/\/api.w.org\/{rel}","templated":true}]}}