{"id":2420,"date":"2026-01-23T19:02:15","date_gmt":"2026-01-23T18:02:15","guid":{"rendered":"https:\/\/dreamhousekirilla.hu\/?post_type=product&#038;p=2420"},"modified":"2026-01-23T19:16:16","modified_gmt":"2026-01-23T18:16:16","slug":"felujitott-3-szintes-sorhaz-elado-keszthely-nyugati-varosreszeben-kertkapcsolat-kocsibeallo","status":"publish","type":"product","link":"https:\/\/dreamhousekirilla.hu\/de\/product\/felujitott-3-szintes-sorhaz-elado-keszthely-nyugati-varosreszeben-kertkapcsolat-kocsibeallo\/","title":{"rendered":"<b>114 m\u00b2<\/b> <br>Fel\u00faj\u00edtott, h\u00e1romszintes sorh\u00e1z elad\u00f3 Keszthely kiemelt, z\u00f6ld\u00f6vezeti r\u00e9sz\u00e9n"},"content":{"rendered":"<p class=\"p1\"><b>Fel\u00faj\u00edtott, h\u00e1romszintes sorh\u00e1z elad\u00f3 Keszthely kiemelt, z\u00f6ld\u00f6vezeti r\u00e9sz\u00e9n<\/b><b><\/b><\/p>\n<p class=\"p1\">Keszthely nyugati, csendes \u00e9s rendezett v\u00e1rosr\u00e9sz\u00e9ben k\u00edn\u00e1lunk megv\u00e9telre egy <b>114 m\u00b2 hasznos alapter\u00fclet\u0171, h\u00e1romszintes, ig\u00e9nyesen fel\u00faj\u00edtott sorh\u00e1zat<\/b>, saj\u00e1t kertkapcsolattal \u00e9s fedett g\u00e9pkocsibe\u00e1ll\u00f3val. Az ingatlan ide\u00e1lis v\u00e1laszt\u00e1s mind \u00e1lland\u00f3 lakhat\u00e1sra, mind hossz\u00fa t\u00e1v\u00fa befektet\u00e9sk\u00e9nt.<\/p>\n<p class=\"p1\">A h\u00e1z bels\u0151 kialak\u00edt\u00e1sa \u00e1tgondolt \u00e9s funkcion\u00e1lis, a t\u00e1gas \u00e9letterek, valamint a kiv\u00e1l\u00f3 t\u00e1rol\u00e1si lehet\u0151s\u00e9gek k\u00e9nyelmes mindennapokat biztos\u00edtanak ak\u00e1r nagyobb csal\u00e1d sz\u00e1m\u00e1ra is.<\/p>\n<p class=\"p1\"><b>Hauptmerkmale<\/b><b><\/b><\/p>\n<p class=\"p1\">\u20225 k\u00fcl\u00f6n ny\u00edl\u00f3 szoba \u00e9s nappali<\/p>\n<p class=\"p1\">\u20222 f\u00fcrd\u0151szoba, tov\u00e1bb\u00e1 egy k\u00fcl\u00f6n vend\u00e9g WC<\/p>\n<p class=\"p1\">\u2022Kertkapcsolatos terasz<\/p>\n<p class=\"p1\">\u2022F\u00e9m t\u00e1rol\u00f3 kerti eszk\u00f6z\u00f6k \u00e9s ker\u00e9kp\u00e1rok sz\u00e1m\u00e1ra<\/p>\n<p class=\"p1\">\u2022Fedett kocsibe\u00e1ll\u00f3<\/p>\n<p class=\"p1\">\u2022T\u00e1rol\u00e1sra alkalmas padl\u00e1st\u00e9r<\/p>\n<p class=\"p1\">\u2022Be\u00e9p\u00edtett szekr\u00e9nyek, nagy t\u00e1rol\u00f3kapacit\u00e1s<\/p>\n<p class=\"p1\"><b>M\u0171szaki \u00e1llapot, fel\u00faj\u00edt\u00e1sok<\/b><b><\/b><\/p>\n<p class=\"p1\">Az ingatlan az elm\u00falt \u00e9vekben t\u00f6bb \u00fctemben, magas m\u0171szaki sz\u00ednvonalon ker\u00fclt korszer\u0171s\u00edt\u00e9sre:<\/p>\n<p class=\"p1\">\u2022<b>2021:<\/b> kondenz\u00e1ci\u00f3s g\u00e1zkaz\u00e1n be\u00e9p\u00edt\u00e9se, tet\u0151t\u00e9ri fa ny\u00edl\u00e1sz\u00e1r\u00f3k cser\u00e9je h\u0151v\u00e9d\u0151 f\u00f3li\u00e1val, a fels\u0151 szint teljes k\u00f6r\u0171 fel\u00faj\u00edt\u00e1sa (ny\u00edl\u00e1sz\u00e1r\u00f3k, belt\u00e9ri ajt\u00f3k, burkolatok, f\u00fcrd\u0151szoba, teraszok)<\/p>\n<p class=\"p1\">\u2022<b>2022:<\/b> teljes k\u00f6r\u0171 konyhafel\u00faj\u00edt\u00e1s, elektromos h\u00e1l\u00f3zat korszer\u0171s\u00edt\u00e9se, fedett kocsibe\u00e1ll\u00f3 kialak\u00edt\u00e1sa<\/p>\n<p class=\"p1\">A h\u00e1z korszer\u0171 m\u0171anyag ny\u00edl\u00e1sz\u00e1r\u00f3kkal felszerelt, f\u0171t\u00e9se gazdas\u00e1gos, a kert gondozott, az ingatlan azonnal k\u00f6lt\u00f6zhet\u0151 \u00e1llapotban van.<\/p>\n<p class=\"p1\"><b>K\u00f6rnyezet \u00e9s elhelyezked\u00e9s<\/b><b><\/b><\/p>\n<p class=\"p1\">A k\u00f6rny\u00e9k nyugodt, z\u00f6ld\u00f6vezeti jelleg\u0171, ugyanakkor Keszthely k\u00f6zpontja, \u00fczletek, iskol\u00e1k, eg\u00e9szs\u00e9g\u00fcgyi int\u00e9zm\u00e9nyek \u00e9s a Balaton r\u00f6vid id\u0151n bel\u00fcl el\u00e9rhet\u0151k. Ide\u00e1lis v\u00e1laszt\u00e1s azok sz\u00e1m\u00e1ra, akik a csendet \u00e9s a v\u00e1rosi k\u00e9nyelmet egyszerre keresik.<\/p>\n<p class=\"p1\"><b>Bitte kontaktieren Sie uns, wenn Sie interessiert sind - verpassen Sie diese seltene Gelegenheit nicht!<\/b><\/p>\n<p class=\"p1\"><b>235.999 EUR (\u00e1rfolyamf\u00fcgg\u0151) vagy 89.999.999 HUF<\/b><b><\/b><\/p>\n<p class=\"p1\">Megtekint\u00e9s \u00e9s tov\u00e1bbi inform\u00e1ci\u00f3k \u00e9rdek\u00e9ben \u00e1llunk rendelkez\u00e9s\u00e9re. Ez az ingatlan Keszthely egyik keresett v\u00e1rosr\u00e9sz\u00e9ben k\u00edn\u00e1l kiv\u00e1l\u00f3 \u00e1r-\u00e9rt\u00e9k ar\u00e1nyt \u00e9s hossz\u00fa t\u00e1v\u00fa \u00e9rt\u00e9k\u00e1ll\u00f3s\u00e1got.<\/p>","protected":false},"excerpt":{"rendered":"<p>114 m\u00b2<\/p>","protected":false},"featured_media":2421,"comment_status":"closed","ping_status":"closed","template":"","meta":{"_et_pb_use_builder":"","_et_pb_old_content":"","_et_gb_content_width":"","inline_featured_image":false},"product_brand":[],"product_cat":[21],"product_tag":[],"class_list":{"0":"post-2420","1":"product","2":"type-product","3":"status-publish","4":"has-post-thumbnail","6":"product_cat-elado-ingatlanok","8":"first","9":"instock","10":"shipping-taxable","11":"purchasable","12":"product-type-simple"},"yoast_head":"<!-- This site is optimized with the Yoast SEO plugin v25.7 - https:\/\/yoast.com\/wordpress\/plugins\/seo\/ -->\n<title>114 m\u00b2 Fel\u00faj\u00edtott, h\u00e1romszintes sorh\u00e1z elad\u00f3 Keszthely kiemelt, z\u00f6ld\u00f6vezeti r\u00e9sz\u00e9n - Dream House Kirilla<\/title>\n<meta name=\"description\" content=\"Elad\u00f3 Keszthely Nyugati v\u00e1rosr\u00e9sz\u00e9nek csendes, z\u00f6ld\u00f6vezeti r\u00e9sz\u00e9n egy 114 m\u00b2-es, h\u00e1romszintes, ig\u00e9nyesen fel\u00faj\u00edtott sorh\u00e1z saj\u00e1t kerttel \u00e9s fedett kocsibe\u00e1ll\u00f3val. Azonnal k\u00f6lt\u00f6zhet\u0151, kiv\u00e1l\u00f3 csal\u00e1di otthon vagy befektet\u00e9s a Balaton k\u00f6zel\u00e9ben.\" \/>\n<meta name=\"robots\" content=\"index, follow, max-snippet:-1, max-image-preview:large, max-video-preview:-1\" \/>\n<link rel=\"canonical\" href=\"https:\/\/dreamhousekirilla.hu\/de\/product\/felujitott-3-szintes-sorhaz-elado-keszthely-nyugati-varosreszeben-kertkapcsolat-kocsibeallo\/\" \/>\n<meta property=\"og:locale\" content=\"de_DE\" \/>\n<meta property=\"og:type\" content=\"article\" \/>\n<meta property=\"og:title\" content=\"114 m\u00b2 Fel\u00faj\u00edtott, h\u00e1romszintes sorh\u00e1z elad\u00f3 Keszthely kiemelt, z\u00f6ld\u00f6vezeti r\u00e9sz\u00e9n - Dream House Kirilla\" \/>\n<meta property=\"og:description\" content=\"Elad\u00f3 Keszthely Nyugati v\u00e1rosr\u00e9sz\u00e9nek csendes, z\u00f6ld\u00f6vezeti r\u00e9sz\u00e9n egy 114 m\u00b2-es, h\u00e1romszintes, ig\u00e9nyesen fel\u00faj\u00edtott sorh\u00e1z saj\u00e1t kerttel \u00e9s fedett kocsibe\u00e1ll\u00f3val. Azonnal k\u00f6lt\u00f6zhet\u0151, kiv\u00e1l\u00f3 csal\u00e1di otthon vagy befektet\u00e9s a Balaton k\u00f6zel\u00e9ben.\" \/>\n<meta property=\"og:url\" content=\"https:\/\/dreamhousekirilla.hu\/de\/product\/felujitott-3-szintes-sorhaz-elado-keszthely-nyugati-varosreszeben-kertkapcsolat-kocsibeallo\/\" \/>\n<meta property=\"og:site_name\" content=\"Dream House Kirilla\" \/>\n<meta property=\"article:modified_time\" content=\"2026-01-23T18:16:16+00:00\" \/>\n<meta property=\"og:image\" content=\"https:\/\/dreamhousekirilla.hu\/wp-content\/uploads\/2026\/01\/att.LwZKWJdfVv-V0TNnPA8E3xUHGSveCisrWddVB8kZYVg.jpg\" \/>\n\t<meta property=\"og:image:width\" content=\"768\" \/>\n\t<meta property=\"og:image:height\" content=\"1024\" \/>\n\t<meta property=\"og:image:type\" content=\"image\/jpeg\" \/>\n<meta name=\"twitter:card\" content=\"summary_large_image\" \/>\n<meta name=\"twitter:label1\" content=\"Gesch\u00e4tzte Lesezeit\" \/>\n\t<meta name=\"twitter:data1\" content=\"2\u00a0Minuten\" \/>\n<script type=\"application\/ld+json\" class=\"yoast-schema-graph\">{\"@context\":\"https:\/\/schema.org\",\"@graph\":[{\"@type\":\"WebPage\",\"@id\":\"https:\/\/dreamhousekirilla.hu\/termek\/felujitott-3-szintes-sorhaz-elado-keszthely-nyugati-varosreszeben-kertkapcsolat-kocsibeallo\/\",\"url\":\"https:\/\/dreamhousekirilla.hu\/termek\/felujitott-3-szintes-sorhaz-elado-keszthely-nyugati-varosreszeben-kertkapcsolat-kocsibeallo\/\",\"name\":\"114 m\u00b2 Fel\u00faj\u00edtott, h\u00e1romszintes sorh\u00e1z elad\u00f3 Keszthely kiemelt, z\u00f6ld\u00f6vezeti r\u00e9sz\u00e9n - Dream House Kirilla\",\"isPartOf\":{\"@id\":\"https:\/\/dreamhousekirilla.hu\/#website\"},\"primaryImageOfPage\":{\"@id\":\"https:\/\/dreamhousekirilla.hu\/termek\/felujitott-3-szintes-sorhaz-elado-keszthely-nyugati-varosreszeben-kertkapcsolat-kocsibeallo\/#primaryimage\"},\"image\":{\"@id\":\"https:\/\/dreamhousekirilla.hu\/termek\/felujitott-3-szintes-sorhaz-elado-keszthely-nyugati-varosreszeben-kertkapcsolat-kocsibeallo\/#primaryimage\"},\"thumbnailUrl\":\"https:\/\/dreamhousekirilla.hu\/wp-content\/uploads\/2026\/01\/att.LwZKWJdfVv-V0TNnPA8E3xUHGSveCisrWddVB8kZYVg.jpg\",\"datePublished\":\"2026-01-23T18:02:15+00:00\",\"dateModified\":\"2026-01-23T18:16:16+00:00\",\"description\":\"Elad\u00f3 Keszthely Nyugati v\u00e1rosr\u00e9sz\u00e9nek csendes, z\u00f6ld\u00f6vezeti r\u00e9sz\u00e9n egy 114 m\u00b2-es, h\u00e1romszintes, ig\u00e9nyesen fel\u00faj\u00edtott sorh\u00e1z saj\u00e1t kerttel \u00e9s fedett kocsibe\u00e1ll\u00f3val. Azonnal k\u00f6lt\u00f6zhet\u0151, kiv\u00e1l\u00f3 csal\u00e1di otthon vagy befektet\u00e9s a Balaton k\u00f6zel\u00e9ben.\",\"breadcrumb\":{\"@id\":\"https:\/\/dreamhousekirilla.hu\/termek\/felujitott-3-szintes-sorhaz-elado-keszthely-nyugati-varosreszeben-kertkapcsolat-kocsibeallo\/#breadcrumb\"},\"inLanguage\":\"de\",\"potentialAction\":[{\"@type\":\"ReadAction\",\"target\":[\"https:\/\/dreamhousekirilla.hu\/termek\/felujitott-3-szintes-sorhaz-elado-keszthely-nyugati-varosreszeben-kertkapcsolat-kocsibeallo\/\"]}]},{\"@type\":\"ImageObject\",\"inLanguage\":\"de\",\"@id\":\"https:\/\/dreamhousekirilla.hu\/termek\/felujitott-3-szintes-sorhaz-elado-keszthely-nyugati-varosreszeben-kertkapcsolat-kocsibeallo\/#primaryimage\",\"url\":\"https:\/\/dreamhousekirilla.hu\/wp-content\/uploads\/2026\/01\/att.LwZKWJdfVv-V0TNnPA8E3xUHGSveCisrWddVB8kZYVg.jpg\",\"contentUrl\":\"https:\/\/dreamhousekirilla.hu\/wp-content\/uploads\/2026\/01\/att.LwZKWJdfVv-V0TNnPA8E3xUHGSveCisrWddVB8kZYVg.jpg\",\"width\":768,\"height\":1024},{\"@type\":\"BreadcrumbList\",\"@id\":\"https:\/\/dreamhousekirilla.hu\/termek\/felujitott-3-szintes-sorhaz-elado-keszthely-nyugati-varosreszeben-kertkapcsolat-kocsibeallo\/#breadcrumb\",\"itemListElement\":[{\"@type\":\"ListItem\",\"position\":1,\"name\":\"Kezd\u0151lap\",\"item\":\"https:\/\/dreamhousekirilla.hu\/\"},{\"@type\":\"ListItem\",\"position\":2,\"name\":\"Shop\",\"item\":\"https:\/\/dreamhousekirilla.hu\/uzlet\/\"},{\"@type\":\"ListItem\",\"position\":3,\"name\":\"114 m\u00b2 Fel\u00faj\u00edtott, h\u00e1romszintes sorh\u00e1z elad\u00f3 Keszthely kiemelt, z\u00f6ld\u00f6vezeti r\u00e9sz\u00e9n\"}]},{\"@type\":\"WebSite\",\"@id\":\"https:\/\/dreamhousekirilla.hu\/#website\",\"url\":\"https:\/\/dreamhousekirilla.hu\/\",\"name\":\"Dream House Kirilla\",\"description\":\"Real Estate Agency\",\"publisher\":{\"@id\":\"https:\/\/dreamhousekirilla.hu\/#organization\"},\"potentialAction\":[{\"@type\":\"SearchAction\",\"target\":{\"@type\":\"EntryPoint\",\"urlTemplate\":\"https:\/\/dreamhousekirilla.hu\/?s={search_term_string}\"},\"query-input\":{\"@type\":\"PropertyValueSpecification\",\"valueRequired\":true,\"valueName\":\"search_term_string\"}}],\"inLanguage\":\"de\"},{\"@type\":\"Organization\",\"@id\":\"https:\/\/dreamhousekirilla.hu\/#organization\",\"name\":\"Dream House Kirilla - real estate agency\",\"url\":\"https:\/\/dreamhousekirilla.hu\/\",\"logo\":{\"@type\":\"ImageObject\",\"inLanguage\":\"de\",\"@id\":\"https:\/\/dreamhousekirilla.hu\/#\/schema\/logo\/image\/\",\"url\":\"https:\/\/dreamhousekirilla.hu\/wp-content\/uploads\/2025\/07\/Logo-allitott-zold.jpg\",\"contentUrl\":\"https:\/\/dreamhousekirilla.hu\/wp-content\/uploads\/2025\/07\/Logo-allitott-zold.jpg\",\"width\":596,\"height\":275,\"caption\":\"Dream House Kirilla - real estate agency\"},\"image\":{\"@id\":\"https:\/\/dreamhousekirilla.hu\/#\/schema\/logo\/image\/\"}}]}<\/script>\n<!-- \/ Yoast SEO plugin. -->","yoast_head_json":{"title":"114 m\u00b2 Fel\u00faj\u00edtott, h\u00e1romszintes sorh\u00e1z elad\u00f3 Keszthely kiemelt, z\u00f6ld\u00f6vezeti r\u00e9sz\u00e9n - Dream House Kirilla","description":"Elad\u00f3 Keszthely Nyugati v\u00e1rosr\u00e9sz\u00e9nek csendes, z\u00f6ld\u00f6vezeti r\u00e9sz\u00e9n egy 114 m\u00b2-es, h\u00e1romszintes, ig\u00e9nyesen fel\u00faj\u00edtott sorh\u00e1z saj\u00e1t kerttel \u00e9s fedett kocsibe\u00e1ll\u00f3val. Azonnal k\u00f6lt\u00f6zhet\u0151, kiv\u00e1l\u00f3 csal\u00e1di otthon vagy befektet\u00e9s a Balaton k\u00f6zel\u00e9ben.","robots":{"index":"index","follow":"follow","max-snippet":"max-snippet:-1","max-image-preview":"max-image-preview:large","max-video-preview":"max-video-preview:-1"},"canonical":"https:\/\/dreamhousekirilla.hu\/de\/product\/felujitott-3-szintes-sorhaz-elado-keszthely-nyugati-varosreszeben-kertkapcsolat-kocsibeallo\/","og_locale":"de_DE","og_type":"article","og_title":"114 m\u00b2 Fel\u00faj\u00edtott, h\u00e1romszintes sorh\u00e1z elad\u00f3 Keszthely kiemelt, z\u00f6ld\u00f6vezeti r\u00e9sz\u00e9n - Dream House Kirilla","og_description":"Elad\u00f3 Keszthely Nyugati v\u00e1rosr\u00e9sz\u00e9nek csendes, z\u00f6ld\u00f6vezeti r\u00e9sz\u00e9n egy 114 m\u00b2-es, h\u00e1romszintes, ig\u00e9nyesen fel\u00faj\u00edtott sorh\u00e1z saj\u00e1t kerttel \u00e9s fedett kocsibe\u00e1ll\u00f3val. Azonnal k\u00f6lt\u00f6zhet\u0151, kiv\u00e1l\u00f3 csal\u00e1di otthon vagy befektet\u00e9s a Balaton k\u00f6zel\u00e9ben.","og_url":"https:\/\/dreamhousekirilla.hu\/de\/product\/felujitott-3-szintes-sorhaz-elado-keszthely-nyugati-varosreszeben-kertkapcsolat-kocsibeallo\/","og_site_name":"Dream House Kirilla","article_modified_time":"2026-01-23T18:16:16+00:00","og_image":[{"width":768,"height":1024,"url":"https:\/\/dreamhousekirilla.hu\/wp-content\/uploads\/2026\/01\/att.LwZKWJdfVv-V0TNnPA8E3xUHGSveCisrWddVB8kZYVg.jpg","type":"image\/jpeg"}],"twitter_card":"summary_large_image","twitter_misc":{"Gesch\u00e4tzte Lesezeit":"2\u00a0Minuten"},"schema":{"@context":"https:\/\/schema.org","@graph":[{"@type":"WebPage","@id":"https:\/\/dreamhousekirilla.hu\/termek\/felujitott-3-szintes-sorhaz-elado-keszthely-nyugati-varosreszeben-kertkapcsolat-kocsibeallo\/","url":"https:\/\/dreamhousekirilla.hu\/termek\/felujitott-3-szintes-sorhaz-elado-keszthely-nyugati-varosreszeben-kertkapcsolat-kocsibeallo\/","name":"114 m\u00b2 Fel\u00faj\u00edtott, h\u00e1romszintes sorh\u00e1z elad\u00f3 Keszthely kiemelt, z\u00f6ld\u00f6vezeti r\u00e9sz\u00e9n - Dream House Kirilla","isPartOf":{"@id":"https:\/\/dreamhousekirilla.hu\/#website"},"primaryImageOfPage":{"@id":"https:\/\/dreamhousekirilla.hu\/termek\/felujitott-3-szintes-sorhaz-elado-keszthely-nyugati-varosreszeben-kertkapcsolat-kocsibeallo\/#primaryimage"},"image":{"@id":"https:\/\/dreamhousekirilla.hu\/termek\/felujitott-3-szintes-sorhaz-elado-keszthely-nyugati-varosreszeben-kertkapcsolat-kocsibeallo\/#primaryimage"},"thumbnailUrl":"https:\/\/dreamhousekirilla.hu\/wp-content\/uploads\/2026\/01\/att.LwZKWJdfVv-V0TNnPA8E3xUHGSveCisrWddVB8kZYVg.jpg","datePublished":"2026-01-23T18:02:15+00:00","dateModified":"2026-01-23T18:16:16+00:00","description":"Elad\u00f3 Keszthely Nyugati v\u00e1rosr\u00e9sz\u00e9nek csendes, z\u00f6ld\u00f6vezeti r\u00e9sz\u00e9n egy 114 m\u00b2-es, h\u00e1romszintes, ig\u00e9nyesen fel\u00faj\u00edtott sorh\u00e1z saj\u00e1t kerttel \u00e9s fedett kocsibe\u00e1ll\u00f3val. Azonnal k\u00f6lt\u00f6zhet\u0151, kiv\u00e1l\u00f3 csal\u00e1di otthon vagy befektet\u00e9s a Balaton k\u00f6zel\u00e9ben.","breadcrumb":{"@id":"https:\/\/dreamhousekirilla.hu\/termek\/felujitott-3-szintes-sorhaz-elado-keszthely-nyugati-varosreszeben-kertkapcsolat-kocsibeallo\/#breadcrumb"},"inLanguage":"de","potentialAction":[{"@type":"ReadAction","target":["https:\/\/dreamhousekirilla.hu\/termek\/felujitott-3-szintes-sorhaz-elado-keszthely-nyugati-varosreszeben-kertkapcsolat-kocsibeallo\/"]}]},{"@type":"ImageObject","inLanguage":"de","@id":"https:\/\/dreamhousekirilla.hu\/termek\/felujitott-3-szintes-sorhaz-elado-keszthely-nyugati-varosreszeben-kertkapcsolat-kocsibeallo\/#primaryimage","url":"https:\/\/dreamhousekirilla.hu\/wp-content\/uploads\/2026\/01\/att.LwZKWJdfVv-V0TNnPA8E3xUHGSveCisrWddVB8kZYVg.jpg","contentUrl":"https:\/\/dreamhousekirilla.hu\/wp-content\/uploads\/2026\/01\/att.LwZKWJdfVv-V0TNnPA8E3xUHGSveCisrWddVB8kZYVg.jpg","width":768,"height":1024},{"@type":"BreadcrumbList","@id":"https:\/\/dreamhousekirilla.hu\/termek\/felujitott-3-szintes-sorhaz-elado-keszthely-nyugati-varosreszeben-kertkapcsolat-kocsibeallo\/#breadcrumb","itemListElement":[{"@type":"ListItem","position":1,"name":"Kezd\u0151lap","item":"https:\/\/dreamhousekirilla.hu\/"},{"@type":"ListItem","position":2,"name":"Shop","item":"https:\/\/dreamhousekirilla.hu\/uzlet\/"},{"@type":"ListItem","position":3,"name":"114 m\u00b2 Fel\u00faj\u00edtott, h\u00e1romszintes sorh\u00e1z elad\u00f3 Keszthely kiemelt, z\u00f6ld\u00f6vezeti r\u00e9sz\u00e9n"}]},{"@type":"WebSite","@id":"https:\/\/dreamhousekirilla.hu\/#website","url":"https:\/\/dreamhousekirilla.hu\/","name":"DREAM HOUSE Kirilla","description":"Immobilienb\u00fcro","publisher":{"@id":"https:\/\/dreamhousekirilla.hu\/#organization"},"potentialAction":[{"@type":"SearchAction","target":{"@type":"EntryPoint","urlTemplate":"https:\/\/dreamhousekirilla.hu\/?s={search_term_string}"},"query-input":{"@type":"PropertyValueSpecification","valueRequired":true,"valueName":"search_term_string"}}],"inLanguage":"de"},{"@type":"Organization","@id":"https:\/\/dreamhousekirilla.hu\/#organization","name":"Traumhaus Kirilla - Immobilienb\u00fcro","url":"https:\/\/dreamhousekirilla.hu\/","logo":{"@type":"ImageObject","inLanguage":"de","@id":"https:\/\/dreamhousekirilla.hu\/#\/schema\/logo\/image\/","url":"https:\/\/dreamhousekirilla.hu\/wp-content\/uploads\/2025\/07\/Logo-allitott-zold.jpg","contentUrl":"https:\/\/dreamhousekirilla.hu\/wp-content\/uploads\/2025\/07\/Logo-allitott-zold.jpg","width":596,"height":275,"caption":"Dream House Kirilla - real estate agency"},"image":{"@id":"https:\/\/dreamhousekirilla.hu\/#\/schema\/logo\/image\/"}}]}},"_links":{"self":[{"href":"https:\/\/dreamhousekirilla.hu\/de\/wp-json\/wp\/v2\/product\/2420","targetHints":{"allow":["GET"]}}],"collection":[{"href":"https:\/\/dreamhousekirilla.hu\/de\/wp-json\/wp\/v2\/product"}],"about":[{"href":"https:\/\/dreamhousekirilla.hu\/de\/wp-json\/wp\/v2\/types\/product"}],"replies":[{"embeddable":true,"href":"https:\/\/dreamhousekirilla.hu\/de\/wp-json\/wp\/v2\/comments?post=2420"}],"wp:featuredmedia":[{"embeddable":true,"href":"https:\/\/dreamhousekirilla.hu\/de\/wp-json\/wp\/v2\/media\/2421"}],"wp:attachment":[{"href":"https:\/\/dreamhousekirilla.hu\/de\/wp-json\/wp\/v2\/media?parent=2420"}],"wp:term":[{"taxonomy":"product_brand","embeddable":true,"href":"https:\/\/dreamhousekirilla.hu\/de\/wp-json\/wp\/v2\/product_brand?post=2420"},{"taxonomy":"product_cat","embeddable":true,"href":"https:\/\/dreamhousekirilla.hu\/de\/wp-json\/wp\/v2\/product_cat?post=2420"},{"taxonomy":"product_tag","embeddable":true,"href":"https:\/\/dreamhousekirilla.hu\/de\/wp-json\/wp\/v2\/product_tag?post=2420"}],"curies":[{"name":"wp","href":"https:\/\/api.w.org\/{rel}","templated":true}]}}