{"id":2619,"date":"2026-02-18T15:02:40","date_gmt":"2026-02-18T14:02:40","guid":{"rendered":"https:\/\/dreamhousekirilla.hu\/?post_type=product&#038;p=2619"},"modified":"2026-02-18T15:21:04","modified_gmt":"2026-02-18T14:21:04","slug":"exkluziv-ketszintes-csaladi-haz-balatonszentgyorgyon-180-m%c2%b2-parkositott-kert-2-km-re-a-balatontol","status":"publish","type":"product","link":"https:\/\/dreamhousekirilla.hu\/de\/product\/exkluziv-ketszintes-csaladi-haz-balatonszentgyorgyon-180-m%c2%b2-parkositott-kert-2-km-re-a-balatontol\/","title":{"rendered":"<b>180 m2<\/b> <br>Exkluz\u00edv k\u00e9tszintes csal\u00e1di h\u00e1z Balatonszentgy\u00f6rgy\u00f6n \u2013 Parkos\u00edtott kert, 2 km-re a Balatont\u00f3l"},"content":{"rendered":"<p class=\"p1\">Balatonszentgy\u00f6rgy egyik csendes, bar\u00e1ts\u00e1gos mell\u00e9kutc\u00e1j\u00e1ban k\u00edn\u00e1lunk elad\u00e1sra egy exkluz\u00edv, k\u00e9tszintes csal\u00e1di h\u00e1zat, amely a min\u0151s\u00e9gi, gondosan karbantartott otthon \u00e9s a term\u00e9szet k\u00f6zels\u00e9g\u00e9nek t\u00f6k\u00e9letes kombin\u00e1ci\u00f3j\u00e1t ny\u00fajtja. Az ingatlan 180 m\u00b2 lak\u00f3ter\u00fclettel rendelkezik, a telek nagys\u00e1ga 1312 m\u00b2, amelyben gondosan kialak\u00edtott, parkos\u00edtott kert tal\u00e1lhat\u00f3 \u00f6r\u00f6kz\u00f6ldekkel, vir\u00e1gokkal \u00e9s automata csepegtet\u0151 \u00f6nt\u00f6z\u0151rendszerrel. A kertben \u00e1sott k\u00fat biztos\u00edtja a k\u00f6nny\u0171 \u00f6nt\u00f6z\u00e9st \u00e9s a fenntarthat\u00f3 kertgondoz\u00e1st.<\/p>\n<p class=\"p1\">A h\u00e1z t\u00e1gas \u00e9s praktikus kialak\u00edt\u00e1s\u00fa. A f\u00f6ldszinten a vil\u00e1gos nappali k\u00f6zvetlen kij\u00e1rattal rendelkezik a d\u00e9li fekv\u00e9s\u0171, 30 m\u00b2-es teraszra, ahol a csal\u00e1di pillanatok nyugodt, z\u00f6ld k\u00f6rnyezetben \u00e9lvezhet\u0151k. A f\u00f6ldszinten emellett konyha \u00e9tkez\u0151vel, h\u00e1l\u00f3szoba, f\u00fcrd\u0151szoba, k\u00fcl\u00f6n WC, kaz\u00e1nh\u00e1z \u00e9s mos\u00f3konyha, dupla gar\u00e1zs \u00e9s t\u00e1rol\u00f3 tal\u00e1lhat\u00f3. A tet\u0151t\u00e9rben h\u00e1rom h\u00e1l\u00f3szoba, f\u00fcrd\u0151szoba, k\u00fcl\u00f6n WC, gardr\u00f3b \u00e9s t\u00e1rol\u00f3 szolg\u00e1lja a k\u00e9nyelmet \u00e9s a priv\u00e1t teret minden csal\u00e1dtag sz\u00e1m\u00e1ra.<\/p>\n<p class=\"p1\">A h\u00e1z m\u0171szaki felszerelts\u00e9ge korszer\u0171 \u00e9s megb\u00edzhat\u00f3: k\u00f6zponti g\u00e1zf\u0171t\u00e9s kondenz\u00e1ci\u00f3s kaz\u00e1nr\u00f3l, h\u0151szigetelt m\u0171anyag ny\u00edl\u00e1sz\u00e1r\u00f3k, relux\u00e1val szerelve, minden alapvet\u0151 k\u00f6zm\u0171 (v\u00edz, villany, csatorna, f\u00f6ldg\u00e1z) rendelkez\u00e9sre \u00e1ll. Az ingatlanban telev\u00edzi\u00f3, k\u00e1bel, internet \u00e9s kaputelefon is bevezet\u00e9sre ker\u00fclt, \u00edgy a modern \u00e9let minden k\u00e9nyelme biztos\u00edtott. A padl\u00f3burkolatok lamin\u00e1lt parketta \u00e9s m\u00e1zas ker\u00e1mia, a tet\u0151t cser\u00e9pfed\u00e9s v\u00e9di.<\/p>\n<p class=\"p1\">Az ingatlan elhelyezked\u00e9se kiemelked\u0151: mind\u00f6ssze 2 km-re van a Balaton partja, 8 km-re Keszthely, 20 km-re H\u00e9v\u00edz, ahol Eur\u00f3pa legnagyobb term\u00e1ltava tal\u00e1lhat\u00f3 \u00e9s eg\u00e9sz \u00e9vben biztos\u00edt szabadt\u00e9ri f\u00fcrd\u00e9si lehet\u0151s\u00e9get. A k\u00f6rny\u00e9k gazdag sportol\u00e1si lehet\u0151s\u00e9gekben (vitorl\u00e1z\u00e1s, horg\u00e1szat, ker\u00e9kp\u00e1roz\u00e1s), valamint a ny\u00e1ri id\u0151szakban a sz\u00f3rakoz\u00e1si \u00e9s kultur\u00e1lis programok b\u0151s\u00e9ges v\u00e1laszt\u00e9k\u00e1t k\u00edn\u00e1lja. A telep\u00fcl\u00e9s infrastrukt\u00far\u00e1ja kiv\u00e1l\u00f3: \u00fczletek, \u00e9ttermek, iskola, \u00f3voda, orvosi rendel\u0151, gy\u00f3gyszert\u00e1r, posta \u00e9s benzink\u00fat a k\u00f6zelben tal\u00e1lhat\u00f3, \u00edgy a mindennapi \u00e9let k\u00e9nyelme teljesen biztos\u00edtott.<\/p>\n<p class=\"p1\">Ez a h\u00e1z t\u00f6k\u00e9letes v\u00e1laszt\u00e1s azok sz\u00e1m\u00e1ra, akik \u00e9rt\u00e9kelik a Balaton k\u00f6zeli, nyugodt, z\u00f6ld k\u00f6rnyezetet, ugyanakkor modern \u00e9s k\u00e9nyelmes otthonra v\u00e1gynak. Az ingatlan azonnal k\u00f6lt\u00f6zhet\u0151, \u00e9s hossz\u00fa t\u00e1von is \u00e9rt\u00e9k\u00e1ll\u00f3 befektet\u00e9st jelent a t\u00e9rs\u00e9gben.<\/p>\n<p class=\"p1\">Az ingatlan v\u00e9tel\u00e1ra 399.999 eur\u00f3, amely \u00e1rfolyamf\u00fcgg\u0151en 149.999.999 forintnak felel meg.<\/p>\n<p class=\"p1\"><i>Tov\u00e1bbi r\u00e9szletek\u00e9rt \u00e9s aktu\u00e1lis ingatlank\u00edn\u00e1latunk\u00e9rt l\u00e1togasson el weboldalunkra: <\/i><a href=\"https:\/\/dreamhousekirilla.hu\/de\/\"><b><i>www.dreamhousekirilla.hu<\/i><\/b><b><i><\/i><\/b><\/a><\/p>","protected":false},"excerpt":{"rendered":"<div class=\"listing-property justify-content-around col col-print d-flex flex-column text-center border-end border-1 border-gray-100 px-3\"><span class=\"fw-bold fs-4\">180 m2<\/span><\/div>\n<div class=\"listing-property justify-content-around col col-print d-flex flex-column text-center border-end border-1 border-gray-100 px-3\"><\/div>","protected":false},"featured_media":2620,"comment_status":"closed","ping_status":"closed","template":"","meta":{"_et_pb_use_builder":"","_et_pb_old_content":"","_et_gb_content_width":"","inline_featured_image":false},"product_brand":[],"product_cat":[21],"product_tag":[],"class_list":{"0":"post-2619","1":"product","2":"type-product","3":"status-publish","4":"has-post-thumbnail","6":"product_cat-elado-ingatlanok","8":"first","9":"instock","10":"shipping-taxable","11":"purchasable","12":"product-type-simple"},"yoast_head":"<!-- This site is optimized with the Yoast SEO plugin v25.7 - https:\/\/yoast.com\/wordpress\/plugins\/seo\/ -->\n<title>180 m2 Exkluz\u00edv k\u00e9tszintes csal\u00e1di h\u00e1z Balatonszentgy\u00f6rgy\u00f6n \u2013 Parkos\u00edtott kert, 2 km-re a Balatont\u00f3l - Dream House Kirilla<\/title>\n<meta name=\"description\" content=\"Elad\u00f3 egy gondosan karbantartott, k\u00e9tszintes csal\u00e1di h\u00e1z Balatonszentgy\u00f6rgy csendes utc\u00e1j\u00e1ban. 180 m\u00b2 lak\u00f3t\u00e9r, 1.312 m\u00b2 telek parkos\u00edtott kerttel, 30 m\u00b2 terasszal \u00e9s dupla gar\u00e1zzsal. A Balaton mind\u00f6ssze 2 km-re, Keszthely 8 km-re. Azonnal k\u00f6lt\u00f6zhet\u0151, modern f\u0171t\u00e9s, kl\u00edma, k\u00e1bel \u00e9s internet biztos\u00edtja a k\u00e9nyelmet.\" \/>\n<meta name=\"robots\" content=\"index, follow, max-snippet:-1, max-image-preview:large, max-video-preview:-1\" \/>\n<link rel=\"canonical\" href=\"https:\/\/dreamhousekirilla.hu\/de\/product\/exkluziv-ketszintes-csaladi-haz-balatonszentgyorgyon-180-m\u00b2-parkositott-kert-2-km-re-a-balatontol\/\" \/>\n<meta property=\"og:locale\" content=\"de_DE\" \/>\n<meta property=\"og:type\" content=\"article\" \/>\n<meta property=\"og:title\" content=\"180 m2 Exkluz\u00edv k\u00e9tszintes csal\u00e1di h\u00e1z Balatonszentgy\u00f6rgy\u00f6n \u2013 Parkos\u00edtott kert, 2 km-re a Balatont\u00f3l - Dream House Kirilla\" \/>\n<meta property=\"og:description\" content=\"Elad\u00f3 egy gondosan karbantartott, k\u00e9tszintes csal\u00e1di h\u00e1z Balatonszentgy\u00f6rgy csendes utc\u00e1j\u00e1ban. 180 m\u00b2 lak\u00f3t\u00e9r, 1.312 m\u00b2 telek parkos\u00edtott kerttel, 30 m\u00b2 terasszal \u00e9s dupla gar\u00e1zzsal. A Balaton mind\u00f6ssze 2 km-re, Keszthely 8 km-re. Azonnal k\u00f6lt\u00f6zhet\u0151, modern f\u0171t\u00e9s, kl\u00edma, k\u00e1bel \u00e9s internet biztos\u00edtja a k\u00e9nyelmet.\" \/>\n<meta property=\"og:url\" content=\"https:\/\/dreamhousekirilla.hu\/de\/product\/exkluziv-ketszintes-csaladi-haz-balatonszentgyorgyon-180-m\u00b2-parkositott-kert-2-km-re-a-balatontol\/\" \/>\n<meta property=\"og:site_name\" content=\"Dream House Kirilla\" \/>\n<meta property=\"article:modified_time\" content=\"2026-02-18T14:21:04+00:00\" \/>\n<meta property=\"og:image\" content=\"https:\/\/dreamhousekirilla.hu\/wp-content\/uploads\/2026\/02\/IMG_8566-scaled.jpeg\" \/>\n\t<meta property=\"og:image:width\" content=\"2560\" \/>\n\t<meta property=\"og:image:height\" content=\"1920\" \/>\n\t<meta property=\"og:image:type\" content=\"image\/jpeg\" \/>\n<meta name=\"twitter:card\" content=\"summary_large_image\" \/>\n<meta name=\"twitter:label1\" content=\"Gesch\u00e4tzte Lesezeit\" \/>\n\t<meta name=\"twitter:data1\" content=\"2\u00a0Minuten\" \/>\n<script type=\"application\/ld+json\" class=\"yoast-schema-graph\">{\"@context\":\"https:\/\/schema.org\",\"@graph\":[{\"@type\":\"WebPage\",\"@id\":\"https:\/\/dreamhousekirilla.hu\/termek\/exkluziv-ketszintes-csaladi-haz-balatonszentgyorgyon-180-m%c2%b2-parkositott-kert-2-km-re-a-balatontol\/\",\"url\":\"https:\/\/dreamhousekirilla.hu\/termek\/exkluziv-ketszintes-csaladi-haz-balatonszentgyorgyon-180-m%c2%b2-parkositott-kert-2-km-re-a-balatontol\/\",\"name\":\"180 m2 Exkluz\u00edv k\u00e9tszintes csal\u00e1di h\u00e1z Balatonszentgy\u00f6rgy\u00f6n \u2013 Parkos\u00edtott kert, 2 km-re a Balatont\u00f3l - Dream House Kirilla\",\"isPartOf\":{\"@id\":\"https:\/\/dreamhousekirilla.hu\/#website\"},\"primaryImageOfPage\":{\"@id\":\"https:\/\/dreamhousekirilla.hu\/termek\/exkluziv-ketszintes-csaladi-haz-balatonszentgyorgyon-180-m%c2%b2-parkositott-kert-2-km-re-a-balatontol\/#primaryimage\"},\"image\":{\"@id\":\"https:\/\/dreamhousekirilla.hu\/termek\/exkluziv-ketszintes-csaladi-haz-balatonszentgyorgyon-180-m%c2%b2-parkositott-kert-2-km-re-a-balatontol\/#primaryimage\"},\"thumbnailUrl\":\"https:\/\/dreamhousekirilla.hu\/wp-content\/uploads\/2026\/02\/IMG_8566-scaled.jpeg\",\"datePublished\":\"2026-02-18T14:02:40+00:00\",\"dateModified\":\"2026-02-18T14:21:04+00:00\",\"description\":\"Elad\u00f3 egy gondosan karbantartott, k\u00e9tszintes csal\u00e1di h\u00e1z Balatonszentgy\u00f6rgy csendes utc\u00e1j\u00e1ban. 180 m\u00b2 lak\u00f3t\u00e9r, 1.312 m\u00b2 telek parkos\u00edtott kerttel, 30 m\u00b2 terasszal \u00e9s dupla gar\u00e1zzsal. A Balaton mind\u00f6ssze 2 km-re, Keszthely 8 km-re. Azonnal k\u00f6lt\u00f6zhet\u0151, modern f\u0171t\u00e9s, kl\u00edma, k\u00e1bel \u00e9s internet biztos\u00edtja a k\u00e9nyelmet.\",\"breadcrumb\":{\"@id\":\"https:\/\/dreamhousekirilla.hu\/termek\/exkluziv-ketszintes-csaladi-haz-balatonszentgyorgyon-180-m%c2%b2-parkositott-kert-2-km-re-a-balatontol\/#breadcrumb\"},\"inLanguage\":\"de\",\"potentialAction\":[{\"@type\":\"ReadAction\",\"target\":[\"https:\/\/dreamhousekirilla.hu\/termek\/exkluziv-ketszintes-csaladi-haz-balatonszentgyorgyon-180-m%c2%b2-parkositott-kert-2-km-re-a-balatontol\/\"]}]},{\"@type\":\"ImageObject\",\"inLanguage\":\"de\",\"@id\":\"https:\/\/dreamhousekirilla.hu\/termek\/exkluziv-ketszintes-csaladi-haz-balatonszentgyorgyon-180-m%c2%b2-parkositott-kert-2-km-re-a-balatontol\/#primaryimage\",\"url\":\"https:\/\/dreamhousekirilla.hu\/wp-content\/uploads\/2026\/02\/IMG_8566-scaled.jpeg\",\"contentUrl\":\"https:\/\/dreamhousekirilla.hu\/wp-content\/uploads\/2026\/02\/IMG_8566-scaled.jpeg\",\"width\":2560,\"height\":1920},{\"@type\":\"BreadcrumbList\",\"@id\":\"https:\/\/dreamhousekirilla.hu\/termek\/exkluziv-ketszintes-csaladi-haz-balatonszentgyorgyon-180-m%c2%b2-parkositott-kert-2-km-re-a-balatontol\/#breadcrumb\",\"itemListElement\":[{\"@type\":\"ListItem\",\"position\":1,\"name\":\"Kezd\u0151lap\",\"item\":\"https:\/\/dreamhousekirilla.hu\/\"},{\"@type\":\"ListItem\",\"position\":2,\"name\":\"Shop\",\"item\":\"https:\/\/dreamhousekirilla.hu\/uzlet\/\"},{\"@type\":\"ListItem\",\"position\":3,\"name\":\"180 m2 Exkluz\u00edv k\u00e9tszintes csal\u00e1di h\u00e1z Balatonszentgy\u00f6rgy\u00f6n \u2013 Parkos\u00edtott kert, 2 km-re a Balatont\u00f3l\"}]},{\"@type\":\"WebSite\",\"@id\":\"https:\/\/dreamhousekirilla.hu\/#website\",\"url\":\"https:\/\/dreamhousekirilla.hu\/\",\"name\":\"Dream House Kirilla\",\"description\":\"Real Estate Agency\",\"publisher\":{\"@id\":\"https:\/\/dreamhousekirilla.hu\/#organization\"},\"potentialAction\":[{\"@type\":\"SearchAction\",\"target\":{\"@type\":\"EntryPoint\",\"urlTemplate\":\"https:\/\/dreamhousekirilla.hu\/?s={search_term_string}\"},\"query-input\":{\"@type\":\"PropertyValueSpecification\",\"valueRequired\":true,\"valueName\":\"search_term_string\"}}],\"inLanguage\":\"de\"},{\"@type\":\"Organization\",\"@id\":\"https:\/\/dreamhousekirilla.hu\/#organization\",\"name\":\"Dream House Kirilla - real estate agency\",\"url\":\"https:\/\/dreamhousekirilla.hu\/\",\"logo\":{\"@type\":\"ImageObject\",\"inLanguage\":\"de\",\"@id\":\"https:\/\/dreamhousekirilla.hu\/#\/schema\/logo\/image\/\",\"url\":\"https:\/\/dreamhousekirilla.hu\/wp-content\/uploads\/2025\/07\/Logo-allitott-zold.jpg\",\"contentUrl\":\"https:\/\/dreamhousekirilla.hu\/wp-content\/uploads\/2025\/07\/Logo-allitott-zold.jpg\",\"width\":596,\"height\":275,\"caption\":\"Dream House Kirilla - real estate agency\"},\"image\":{\"@id\":\"https:\/\/dreamhousekirilla.hu\/#\/schema\/logo\/image\/\"}}]}<\/script>\n<!-- \/ Yoast SEO plugin. -->","yoast_head_json":{"title":"180 m2 Exkluz\u00edv k\u00e9tszintes csal\u00e1di h\u00e1z Balatonszentgy\u00f6rgy\u00f6n \u2013 Parkos\u00edtott kert, 2 km-re a Balatont\u00f3l - Dream House Kirilla","description":"Elad\u00f3 egy gondosan karbantartott, k\u00e9tszintes csal\u00e1di h\u00e1z Balatonszentgy\u00f6rgy csendes utc\u00e1j\u00e1ban. 180 m\u00b2 lak\u00f3t\u00e9r, 1.312 m\u00b2 telek parkos\u00edtott kerttel, 30 m\u00b2 terasszal \u00e9s dupla gar\u00e1zzsal. A Balaton mind\u00f6ssze 2 km-re, Keszthely 8 km-re. Azonnal k\u00f6lt\u00f6zhet\u0151, modern f\u0171t\u00e9s, kl\u00edma, k\u00e1bel \u00e9s internet biztos\u00edtja a k\u00e9nyelmet.","robots":{"index":"index","follow":"follow","max-snippet":"max-snippet:-1","max-image-preview":"max-image-preview:large","max-video-preview":"max-video-preview:-1"},"canonical":"https:\/\/dreamhousekirilla.hu\/de\/product\/exkluziv-ketszintes-csaladi-haz-balatonszentgyorgyon-180-m\u00b2-parkositott-kert-2-km-re-a-balatontol\/","og_locale":"de_DE","og_type":"article","og_title":"180 m2 Exkluz\u00edv k\u00e9tszintes csal\u00e1di h\u00e1z Balatonszentgy\u00f6rgy\u00f6n \u2013 Parkos\u00edtott kert, 2 km-re a Balatont\u00f3l - Dream House Kirilla","og_description":"Elad\u00f3 egy gondosan karbantartott, k\u00e9tszintes csal\u00e1di h\u00e1z Balatonszentgy\u00f6rgy csendes utc\u00e1j\u00e1ban. 180 m\u00b2 lak\u00f3t\u00e9r, 1.312 m\u00b2 telek parkos\u00edtott kerttel, 30 m\u00b2 terasszal \u00e9s dupla gar\u00e1zzsal. A Balaton mind\u00f6ssze 2 km-re, Keszthely 8 km-re. Azonnal k\u00f6lt\u00f6zhet\u0151, modern f\u0171t\u00e9s, kl\u00edma, k\u00e1bel \u00e9s internet biztos\u00edtja a k\u00e9nyelmet.","og_url":"https:\/\/dreamhousekirilla.hu\/de\/product\/exkluziv-ketszintes-csaladi-haz-balatonszentgyorgyon-180-m\u00b2-parkositott-kert-2-km-re-a-balatontol\/","og_site_name":"Dream House Kirilla","article_modified_time":"2026-02-18T14:21:04+00:00","og_image":[{"width":2560,"height":1920,"url":"https:\/\/dreamhousekirilla.hu\/wp-content\/uploads\/2026\/02\/IMG_8566-scaled.jpeg","type":"image\/jpeg"}],"twitter_card":"summary_large_image","twitter_misc":{"Gesch\u00e4tzte Lesezeit":"2\u00a0Minuten"},"schema":{"@context":"https:\/\/schema.org","@graph":[{"@type":"WebPage","@id":"https:\/\/dreamhousekirilla.hu\/termek\/exkluziv-ketszintes-csaladi-haz-balatonszentgyorgyon-180-m%c2%b2-parkositott-kert-2-km-re-a-balatontol\/","url":"https:\/\/dreamhousekirilla.hu\/termek\/exkluziv-ketszintes-csaladi-haz-balatonszentgyorgyon-180-m%c2%b2-parkositott-kert-2-km-re-a-balatontol\/","name":"180 m2 Exkluz\u00edv k\u00e9tszintes csal\u00e1di h\u00e1z Balatonszentgy\u00f6rgy\u00f6n \u2013 Parkos\u00edtott kert, 2 km-re a Balatont\u00f3l - Dream House Kirilla","isPartOf":{"@id":"https:\/\/dreamhousekirilla.hu\/#website"},"primaryImageOfPage":{"@id":"https:\/\/dreamhousekirilla.hu\/termek\/exkluziv-ketszintes-csaladi-haz-balatonszentgyorgyon-180-m%c2%b2-parkositott-kert-2-km-re-a-balatontol\/#primaryimage"},"image":{"@id":"https:\/\/dreamhousekirilla.hu\/termek\/exkluziv-ketszintes-csaladi-haz-balatonszentgyorgyon-180-m%c2%b2-parkositott-kert-2-km-re-a-balatontol\/#primaryimage"},"thumbnailUrl":"https:\/\/dreamhousekirilla.hu\/wp-content\/uploads\/2026\/02\/IMG_8566-scaled.jpeg","datePublished":"2026-02-18T14:02:40+00:00","dateModified":"2026-02-18T14:21:04+00:00","description":"Elad\u00f3 egy gondosan karbantartott, k\u00e9tszintes csal\u00e1di h\u00e1z Balatonszentgy\u00f6rgy csendes utc\u00e1j\u00e1ban. 180 m\u00b2 lak\u00f3t\u00e9r, 1.312 m\u00b2 telek parkos\u00edtott kerttel, 30 m\u00b2 terasszal \u00e9s dupla gar\u00e1zzsal. A Balaton mind\u00f6ssze 2 km-re, Keszthely 8 km-re. Azonnal k\u00f6lt\u00f6zhet\u0151, modern f\u0171t\u00e9s, kl\u00edma, k\u00e1bel \u00e9s internet biztos\u00edtja a k\u00e9nyelmet.","breadcrumb":{"@id":"https:\/\/dreamhousekirilla.hu\/termek\/exkluziv-ketszintes-csaladi-haz-balatonszentgyorgyon-180-m%c2%b2-parkositott-kert-2-km-re-a-balatontol\/#breadcrumb"},"inLanguage":"de","potentialAction":[{"@type":"ReadAction","target":["https:\/\/dreamhousekirilla.hu\/termek\/exkluziv-ketszintes-csaladi-haz-balatonszentgyorgyon-180-m%c2%b2-parkositott-kert-2-km-re-a-balatontol\/"]}]},{"@type":"ImageObject","inLanguage":"de","@id":"https:\/\/dreamhousekirilla.hu\/termek\/exkluziv-ketszintes-csaladi-haz-balatonszentgyorgyon-180-m%c2%b2-parkositott-kert-2-km-re-a-balatontol\/#primaryimage","url":"https:\/\/dreamhousekirilla.hu\/wp-content\/uploads\/2026\/02\/IMG_8566-scaled.jpeg","contentUrl":"https:\/\/dreamhousekirilla.hu\/wp-content\/uploads\/2026\/02\/IMG_8566-scaled.jpeg","width":2560,"height":1920},{"@type":"BreadcrumbList","@id":"https:\/\/dreamhousekirilla.hu\/termek\/exkluziv-ketszintes-csaladi-haz-balatonszentgyorgyon-180-m%c2%b2-parkositott-kert-2-km-re-a-balatontol\/#breadcrumb","itemListElement":[{"@type":"ListItem","position":1,"name":"Kezd\u0151lap","item":"https:\/\/dreamhousekirilla.hu\/"},{"@type":"ListItem","position":2,"name":"Shop","item":"https:\/\/dreamhousekirilla.hu\/uzlet\/"},{"@type":"ListItem","position":3,"name":"180 m2 Exkluz\u00edv k\u00e9tszintes csal\u00e1di h\u00e1z Balatonszentgy\u00f6rgy\u00f6n \u2013 Parkos\u00edtott kert, 2 km-re a Balatont\u00f3l"}]},{"@type":"WebSite","@id":"https:\/\/dreamhousekirilla.hu\/#website","url":"https:\/\/dreamhousekirilla.hu\/","name":"DREAM HOUSE Kirilla","description":"Immobilienb\u00fcro","publisher":{"@id":"https:\/\/dreamhousekirilla.hu\/#organization"},"potentialAction":[{"@type":"SearchAction","target":{"@type":"EntryPoint","urlTemplate":"https:\/\/dreamhousekirilla.hu\/?s={search_term_string}"},"query-input":{"@type":"PropertyValueSpecification","valueRequired":true,"valueName":"search_term_string"}}],"inLanguage":"de"},{"@type":"Organization","@id":"https:\/\/dreamhousekirilla.hu\/#organization","name":"Traumhaus Kirilla - Immobilienb\u00fcro","url":"https:\/\/dreamhousekirilla.hu\/","logo":{"@type":"ImageObject","inLanguage":"de","@id":"https:\/\/dreamhousekirilla.hu\/#\/schema\/logo\/image\/","url":"https:\/\/dreamhousekirilla.hu\/wp-content\/uploads\/2025\/07\/Logo-allitott-zold.jpg","contentUrl":"https:\/\/dreamhousekirilla.hu\/wp-content\/uploads\/2025\/07\/Logo-allitott-zold.jpg","width":596,"height":275,"caption":"Dream House Kirilla - real estate agency"},"image":{"@id":"https:\/\/dreamhousekirilla.hu\/#\/schema\/logo\/image\/"}}]}},"_links":{"self":[{"href":"https:\/\/dreamhousekirilla.hu\/de\/wp-json\/wp\/v2\/product\/2619","targetHints":{"allow":["GET"]}}],"collection":[{"href":"https:\/\/dreamhousekirilla.hu\/de\/wp-json\/wp\/v2\/product"}],"about":[{"href":"https:\/\/dreamhousekirilla.hu\/de\/wp-json\/wp\/v2\/types\/product"}],"replies":[{"embeddable":true,"href":"https:\/\/dreamhousekirilla.hu\/de\/wp-json\/wp\/v2\/comments?post=2619"}],"wp:featuredmedia":[{"embeddable":true,"href":"https:\/\/dreamhousekirilla.hu\/de\/wp-json\/wp\/v2\/media\/2620"}],"wp:attachment":[{"href":"https:\/\/dreamhousekirilla.hu\/de\/wp-json\/wp\/v2\/media?parent=2619"}],"wp:term":[{"taxonomy":"product_brand","embeddable":true,"href":"https:\/\/dreamhousekirilla.hu\/de\/wp-json\/wp\/v2\/product_brand?post=2619"},{"taxonomy":"product_cat","embeddable":true,"href":"https:\/\/dreamhousekirilla.hu\/de\/wp-json\/wp\/v2\/product_cat?post=2619"},{"taxonomy":"product_tag","embeddable":true,"href":"https:\/\/dreamhousekirilla.hu\/de\/wp-json\/wp\/v2\/product_tag?post=2619"}],"curies":[{"name":"wp","href":"https:\/\/api.w.org\/{rel}","templated":true}]}}