{"id":2702,"date":"2026-03-16T19:57:14","date_gmt":"2026-03-16T18:57:14","guid":{"rendered":"https:\/\/dreamhousekirilla.hu\/?post_type=product&#038;p=2702"},"modified":"2026-03-16T20:15:25","modified_gmt":"2026-03-16T19:15:25","slug":"felujitott-csaladi-haz-elado-zalakaroson-140-m%c2%b2-5-szoba-800-m%c2%b2-telek","status":"publish","type":"product","link":"https:\/\/dreamhousekirilla.hu\/de\/product\/felujitott-csaladi-haz-elado-zalakaroson-140-m%c2%b2-5-szoba-800-m%c2%b2-telek\/","title":{"rendered":"<b>140 m2<\/b> <br>Fel\u00faj\u00edtott csal\u00e1di h\u00e1z elad\u00f3 Zalakaros csendes r\u00e9sz\u00e9n"},"content":{"rendered":"<p class=\"p1\"><b>Fel\u00faj\u00edtott csal\u00e1di h\u00e1z elad\u00f3 Zalakaros csendes r\u00e9sz\u00e9n<\/b><b><\/b><\/p>\n<p class=\"p1\">Zalakaros nyugodt, kellemes k\u00f6rnyezet\u00e9ben k\u00edn\u00e1lunk megv\u00e9telre egy 140 m\u00b2 alapter\u00fclet\u0171, j\u00f3 elrendez\u00e9s\u0171 csal\u00e1di h\u00e1zat, amely egy gondozott, 800 m\u00b2-es telken helyezkedik el. Az ingatlan az elm\u00falt id\u0151szakban t\u00f6bb fel\u00faj\u00edt\u00e1son esett \u00e1t, ennek k\u00f6sz\u00f6nhet\u0151en m\u0171szaki \u00e9s eszt\u00e9tikai szempontb\u00f3l is korszer\u0171 \u00e1llapotban v\u00e1rja \u00faj tulajdonos\u00e1t. A h\u00e1z kiv\u00e1l\u00f3 v\u00e1laszt\u00e1s lehet \u00e1lland\u00f3 otthonnak, nyaral\u00f3nak vagy ak\u00e1r befektet\u00e9si c\u00e9lra is.<\/p>\n<p class=\"p1\">A t\u00e1gas bels\u0151 terek praktikus kialak\u00edt\u00e1ssal rendelkeznek. Az ingatlanban \u00f6t szoba \u00e9s egy nappali tal\u00e1lhat\u00f3, tov\u00e1bb\u00e1 k\u00e9t f\u00fcrd\u0151szoba, egy konyha \u00e9s egy kamra biztos\u00edtja a k\u00e9nyelmes mindennapokat. Az emeleten egy tov\u00e1bbi helyis\u00e9g kapott helyet, amely eredetileg m\u00e1sodik konyh\u00e1nak lett kialak\u00edtva. Jelenleg berendez\u00e9s n\u00e9lk\u00fcl, rakt\u00e1rk\u00e9nt haszn\u00e1lj\u00e1k, azonban ig\u00e9ny szerint k\u00f6nnyed\u00e9n ism\u00e9t konyhak\u00e9nt funkcion\u00e1lhat, vagy m\u00e1s c\u00e9lra is \u00e1talak\u00edthat\u00f3.<\/p>\n<p class=\"p1\">A h\u00e1z m\u0171szaki felszerelts\u00e9ge korszer\u0171 megold\u00e1sokat k\u00edn\u00e1l. A f\u0171t\u00e9sr\u0151l kondenz\u00e1ci\u00f3s kaz\u00e1n gondoskodik radi\u00e1toros k\u00f6zponti f\u0171t\u00e9ssel, amelyet egy hangulatos cser\u00e9pk\u00e1lyha eg\u00e9sz\u00edt ki. A kellemes h\u0151m\u00e9rs\u00e9kletr\u0151l h\u00e1rom kl\u00edmaberendez\u00e9s gondoskodik. Az elektromos h\u00e1l\u00f3zat h\u00e1romf\u00e1zis\u00fa rendszerrel \u00e9s \u00faj k\u00e1belez\u00e9ssel ker\u00fclt kialak\u00edt\u00e1sra.<\/p>\n<p class=\"p1\">A fel\u00faj\u00edt\u00e1s sor\u00e1n \u00faj tet\u0151ablakok, modern ny\u00edl\u00e1sz\u00e1r\u00f3k \u00e9s \u00faj bej\u00e1rati ajt\u00f3 ker\u00fcltek be\u00e9p\u00edt\u00e9sre, amelyek hozz\u00e1j\u00e1rulnak az ingatlan energiahat\u00e9konys\u00e1g\u00e1hoz \u00e9s komfortj\u00e1hoz.<\/p>\n<p class=\"p1\">A rendezett, gondozott kert ide\u00e1lis helysz\u00ednt biztos\u00edt pihen\u00e9sre, kikapcsol\u00f3d\u00e1sra vagy ak\u00e1r csal\u00e1di, bar\u00e1ti \u00f6sszej\u00f6vetelekre. A telek m\u00e9rete \u00e9s az ingatlan elrendez\u00e9se sz\u00e1mos lehet\u0151s\u00e9get k\u00edn\u00e1l a j\u00f6v\u0151beni tulajdonos sz\u00e1m\u00e1ra.<\/p>\n<p class=\"p1\">Az ingatlan v\u00e9tel\u00e1ra 197.000 eur\u00f3, amely az aktu\u00e1lis \u00e1rfolyamt\u00f3l f\u00fcgg\u0151en megk\u00f6zel\u00edt\u0151leg 76.900.000 forintnak felel meg.<\/p>\n<p class=\"p1\">Amennyiben felkeltette \u00e9rdekl\u0151d\u00e9s\u00e9t ez a zalakarosi ingatlan, keressen bizalommal tov\u00e1bbi inform\u00e1ci\u00f3\u00e9rt vagy szem\u00e9lyes megtekint\u00e9s egyeztet\u00e9s\u00e9hez.<\/p>","protected":false},"excerpt":{"rendered":"<div class=\"listing-property justify-content-around col col-print d-flex flex-column text-center border-end border-1 border-gray-100 px-3\">\n<div class=\"listing-property justify-content-around col col-print d-flex flex-column text-center border-end border-1 border-gray-100 px-3\"><span class=\"fw-bold fs-4\">140 m2<\/span><\/div>\n<div class=\"listing-property justify-content-around col col-print d-flex flex-column text-center border-end border-1 border-gray-100 px-3\"><\/div>\n<\/div>\n<div class=\"listing-property justify-content-around col col-print d-flex flex-column text-center border-end border-1 border-gray-100 px-3\"><\/div>","protected":false},"featured_media":2703,"comment_status":"closed","ping_status":"closed","template":"","meta":{"_et_pb_use_builder":"","_et_pb_old_content":"","_et_gb_content_width":"","inline_featured_image":false},"product_brand":[],"product_cat":[21],"product_tag":[],"class_list":{"0":"post-2702","1":"product","2":"type-product","3":"status-publish","4":"has-post-thumbnail","6":"product_cat-elado-ingatlanok","8":"first","9":"instock","10":"shipping-taxable","11":"purchasable","12":"product-type-simple"},"yoast_head":"<!-- This site is optimized with the Yoast SEO plugin v25.7 - https:\/\/yoast.com\/wordpress\/plugins\/seo\/ -->\n<title>140 m2 Fel\u00faj\u00edtott csal\u00e1di h\u00e1z elad\u00f3 Zalakaros csendes r\u00e9sz\u00e9n - Dream House Kirilla<\/title>\n<meta name=\"description\" content=\"Elad\u00f3 egy 140 m\u00b2-es fel\u00faj\u00edtott csal\u00e1di h\u00e1z Zalakaros csendes r\u00e9sz\u00e9n. 5 szoba, nappali, 2 f\u00fcrd\u0151szoba, kl\u00edma, kondenz\u00e1ci\u00f3s kaz\u00e1n \u00e9s rendezett 800 m\u00b2-es telek. Ide\u00e1lis otthonnak vagy befektet\u00e9snek.\" \/>\n<meta name=\"robots\" content=\"index, follow, max-snippet:-1, max-image-preview:large, max-video-preview:-1\" \/>\n<link rel=\"canonical\" href=\"https:\/\/dreamhousekirilla.hu\/de\/product\/felujitott-csaladi-haz-elado-zalakaroson-140-m\u00b2-5-szoba-800-m\u00b2-telek\/\" \/>\n<meta property=\"og:locale\" content=\"de_DE\" \/>\n<meta property=\"og:type\" content=\"article\" \/>\n<meta property=\"og:title\" content=\"140 m2 Fel\u00faj\u00edtott csal\u00e1di h\u00e1z elad\u00f3 Zalakaros csendes r\u00e9sz\u00e9n - Dream House Kirilla\" \/>\n<meta property=\"og:description\" content=\"Elad\u00f3 egy 140 m\u00b2-es fel\u00faj\u00edtott csal\u00e1di h\u00e1z Zalakaros csendes r\u00e9sz\u00e9n. 5 szoba, nappali, 2 f\u00fcrd\u0151szoba, kl\u00edma, kondenz\u00e1ci\u00f3s kaz\u00e1n \u00e9s rendezett 800 m\u00b2-es telek. Ide\u00e1lis otthonnak vagy befektet\u00e9snek.\" \/>\n<meta property=\"og:url\" content=\"https:\/\/dreamhousekirilla.hu\/de\/product\/felujitott-csaladi-haz-elado-zalakaroson-140-m\u00b2-5-szoba-800-m\u00b2-telek\/\" \/>\n<meta property=\"og:site_name\" content=\"Dream House Kirilla\" \/>\n<meta property=\"article:modified_time\" content=\"2026-03-16T19:15:25+00:00\" \/>\n<meta property=\"og:image\" content=\"https:\/\/dreamhousekirilla.hu\/wp-content\/uploads\/2026\/03\/IMG_9047-scaled.jpeg\" \/>\n\t<meta property=\"og:image:width\" content=\"2560\" \/>\n\t<meta property=\"og:image:height\" content=\"1920\" \/>\n\t<meta property=\"og:image:type\" content=\"image\/jpeg\" \/>\n<meta name=\"twitter:card\" content=\"summary_large_image\" \/>\n<meta name=\"twitter:label1\" content=\"Gesch\u00e4tzte Lesezeit\" \/>\n\t<meta name=\"twitter:data1\" content=\"2\u00a0Minuten\" \/>\n<script type=\"application\/ld+json\" class=\"yoast-schema-graph\">{\"@context\":\"https:\/\/schema.org\",\"@graph\":[{\"@type\":\"WebPage\",\"@id\":\"https:\/\/dreamhousekirilla.hu\/termek\/felujitott-csaladi-haz-elado-zalakaroson-140-m%c2%b2-5-szoba-800-m%c2%b2-telek\/\",\"url\":\"https:\/\/dreamhousekirilla.hu\/termek\/felujitott-csaladi-haz-elado-zalakaroson-140-m%c2%b2-5-szoba-800-m%c2%b2-telek\/\",\"name\":\"140 m2 Fel\u00faj\u00edtott csal\u00e1di h\u00e1z elad\u00f3 Zalakaros csendes r\u00e9sz\u00e9n - Dream House Kirilla\",\"isPartOf\":{\"@id\":\"https:\/\/dreamhousekirilla.hu\/#website\"},\"primaryImageOfPage\":{\"@id\":\"https:\/\/dreamhousekirilla.hu\/termek\/felujitott-csaladi-haz-elado-zalakaroson-140-m%c2%b2-5-szoba-800-m%c2%b2-telek\/#primaryimage\"},\"image\":{\"@id\":\"https:\/\/dreamhousekirilla.hu\/termek\/felujitott-csaladi-haz-elado-zalakaroson-140-m%c2%b2-5-szoba-800-m%c2%b2-telek\/#primaryimage\"},\"thumbnailUrl\":\"https:\/\/dreamhousekirilla.hu\/wp-content\/uploads\/2026\/03\/IMG_9047-scaled.jpeg\",\"datePublished\":\"2026-03-16T18:57:14+00:00\",\"dateModified\":\"2026-03-16T19:15:25+00:00\",\"description\":\"Elad\u00f3 egy 140 m\u00b2-es fel\u00faj\u00edtott csal\u00e1di h\u00e1z Zalakaros csendes r\u00e9sz\u00e9n. 5 szoba, nappali, 2 f\u00fcrd\u0151szoba, kl\u00edma, kondenz\u00e1ci\u00f3s kaz\u00e1n \u00e9s rendezett 800 m\u00b2-es telek. Ide\u00e1lis otthonnak vagy befektet\u00e9snek.\",\"breadcrumb\":{\"@id\":\"https:\/\/dreamhousekirilla.hu\/termek\/felujitott-csaladi-haz-elado-zalakaroson-140-m%c2%b2-5-szoba-800-m%c2%b2-telek\/#breadcrumb\"},\"inLanguage\":\"de\",\"potentialAction\":[{\"@type\":\"ReadAction\",\"target\":[\"https:\/\/dreamhousekirilla.hu\/termek\/felujitott-csaladi-haz-elado-zalakaroson-140-m%c2%b2-5-szoba-800-m%c2%b2-telek\/\"]}]},{\"@type\":\"ImageObject\",\"inLanguage\":\"de\",\"@id\":\"https:\/\/dreamhousekirilla.hu\/termek\/felujitott-csaladi-haz-elado-zalakaroson-140-m%c2%b2-5-szoba-800-m%c2%b2-telek\/#primaryimage\",\"url\":\"https:\/\/dreamhousekirilla.hu\/wp-content\/uploads\/2026\/03\/IMG_9047-scaled.jpeg\",\"contentUrl\":\"https:\/\/dreamhousekirilla.hu\/wp-content\/uploads\/2026\/03\/IMG_9047-scaled.jpeg\",\"width\":2560,\"height\":1920},{\"@type\":\"BreadcrumbList\",\"@id\":\"https:\/\/dreamhousekirilla.hu\/termek\/felujitott-csaladi-haz-elado-zalakaroson-140-m%c2%b2-5-szoba-800-m%c2%b2-telek\/#breadcrumb\",\"itemListElement\":[{\"@type\":\"ListItem\",\"position\":1,\"name\":\"Kezd\u0151lap\",\"item\":\"https:\/\/dreamhousekirilla.hu\/\"},{\"@type\":\"ListItem\",\"position\":2,\"name\":\"Shop\",\"item\":\"https:\/\/dreamhousekirilla.hu\/uzlet\/\"},{\"@type\":\"ListItem\",\"position\":3,\"name\":\"140 m2 Fel\u00faj\u00edtott csal\u00e1di h\u00e1z elad\u00f3 Zalakaros csendes r\u00e9sz\u00e9n\"}]},{\"@type\":\"WebSite\",\"@id\":\"https:\/\/dreamhousekirilla.hu\/#website\",\"url\":\"https:\/\/dreamhousekirilla.hu\/\",\"name\":\"Dream House Kirilla\",\"description\":\"Real Estate Agency\",\"publisher\":{\"@id\":\"https:\/\/dreamhousekirilla.hu\/#organization\"},\"potentialAction\":[{\"@type\":\"SearchAction\",\"target\":{\"@type\":\"EntryPoint\",\"urlTemplate\":\"https:\/\/dreamhousekirilla.hu\/?s={search_term_string}\"},\"query-input\":{\"@type\":\"PropertyValueSpecification\",\"valueRequired\":true,\"valueName\":\"search_term_string\"}}],\"inLanguage\":\"de\"},{\"@type\":\"Organization\",\"@id\":\"https:\/\/dreamhousekirilla.hu\/#organization\",\"name\":\"Dream House Kirilla - real estate agency\",\"url\":\"https:\/\/dreamhousekirilla.hu\/\",\"logo\":{\"@type\":\"ImageObject\",\"inLanguage\":\"de\",\"@id\":\"https:\/\/dreamhousekirilla.hu\/#\/schema\/logo\/image\/\",\"url\":\"https:\/\/dreamhousekirilla.hu\/wp-content\/uploads\/2025\/07\/Logo-allitott-zold.jpg\",\"contentUrl\":\"https:\/\/dreamhousekirilla.hu\/wp-content\/uploads\/2025\/07\/Logo-allitott-zold.jpg\",\"width\":596,\"height\":275,\"caption\":\"Dream House Kirilla - real estate agency\"},\"image\":{\"@id\":\"https:\/\/dreamhousekirilla.hu\/#\/schema\/logo\/image\/\"}}]}<\/script>\n<!-- \/ Yoast SEO plugin. -->","yoast_head_json":{"title":"140 m2 Fel\u00faj\u00edtott csal\u00e1di h\u00e1z elad\u00f3 Zalakaros csendes r\u00e9sz\u00e9n - Dream House Kirilla","description":"Elad\u00f3 egy 140 m\u00b2-es fel\u00faj\u00edtott csal\u00e1di h\u00e1z Zalakaros csendes r\u00e9sz\u00e9n. 5 szoba, nappali, 2 f\u00fcrd\u0151szoba, kl\u00edma, kondenz\u00e1ci\u00f3s kaz\u00e1n \u00e9s rendezett 800 m\u00b2-es telek. Ide\u00e1lis otthonnak vagy befektet\u00e9snek.","robots":{"index":"index","follow":"follow","max-snippet":"max-snippet:-1","max-image-preview":"max-image-preview:large","max-video-preview":"max-video-preview:-1"},"canonical":"https:\/\/dreamhousekirilla.hu\/de\/product\/felujitott-csaladi-haz-elado-zalakaroson-140-m\u00b2-5-szoba-800-m\u00b2-telek\/","og_locale":"de_DE","og_type":"article","og_title":"140 m2 Fel\u00faj\u00edtott csal\u00e1di h\u00e1z elad\u00f3 Zalakaros csendes r\u00e9sz\u00e9n - Dream House Kirilla","og_description":"Elad\u00f3 egy 140 m\u00b2-es fel\u00faj\u00edtott csal\u00e1di h\u00e1z Zalakaros csendes r\u00e9sz\u00e9n. 5 szoba, nappali, 2 f\u00fcrd\u0151szoba, kl\u00edma, kondenz\u00e1ci\u00f3s kaz\u00e1n \u00e9s rendezett 800 m\u00b2-es telek. Ide\u00e1lis otthonnak vagy befektet\u00e9snek.","og_url":"https:\/\/dreamhousekirilla.hu\/de\/product\/felujitott-csaladi-haz-elado-zalakaroson-140-m\u00b2-5-szoba-800-m\u00b2-telek\/","og_site_name":"Dream House Kirilla","article_modified_time":"2026-03-16T19:15:25+00:00","og_image":[{"width":2560,"height":1920,"url":"https:\/\/dreamhousekirilla.hu\/wp-content\/uploads\/2026\/03\/IMG_9047-scaled.jpeg","type":"image\/jpeg"}],"twitter_card":"summary_large_image","twitter_misc":{"Gesch\u00e4tzte Lesezeit":"2\u00a0Minuten"},"schema":{"@context":"https:\/\/schema.org","@graph":[{"@type":"WebPage","@id":"https:\/\/dreamhousekirilla.hu\/termek\/felujitott-csaladi-haz-elado-zalakaroson-140-m%c2%b2-5-szoba-800-m%c2%b2-telek\/","url":"https:\/\/dreamhousekirilla.hu\/termek\/felujitott-csaladi-haz-elado-zalakaroson-140-m%c2%b2-5-szoba-800-m%c2%b2-telek\/","name":"140 m2 Fel\u00faj\u00edtott csal\u00e1di h\u00e1z elad\u00f3 Zalakaros csendes r\u00e9sz\u00e9n - Dream House Kirilla","isPartOf":{"@id":"https:\/\/dreamhousekirilla.hu\/#website"},"primaryImageOfPage":{"@id":"https:\/\/dreamhousekirilla.hu\/termek\/felujitott-csaladi-haz-elado-zalakaroson-140-m%c2%b2-5-szoba-800-m%c2%b2-telek\/#primaryimage"},"image":{"@id":"https:\/\/dreamhousekirilla.hu\/termek\/felujitott-csaladi-haz-elado-zalakaroson-140-m%c2%b2-5-szoba-800-m%c2%b2-telek\/#primaryimage"},"thumbnailUrl":"https:\/\/dreamhousekirilla.hu\/wp-content\/uploads\/2026\/03\/IMG_9047-scaled.jpeg","datePublished":"2026-03-16T18:57:14+00:00","dateModified":"2026-03-16T19:15:25+00:00","description":"Elad\u00f3 egy 140 m\u00b2-es fel\u00faj\u00edtott csal\u00e1di h\u00e1z Zalakaros csendes r\u00e9sz\u00e9n. 5 szoba, nappali, 2 f\u00fcrd\u0151szoba, kl\u00edma, kondenz\u00e1ci\u00f3s kaz\u00e1n \u00e9s rendezett 800 m\u00b2-es telek. Ide\u00e1lis otthonnak vagy befektet\u00e9snek.","breadcrumb":{"@id":"https:\/\/dreamhousekirilla.hu\/termek\/felujitott-csaladi-haz-elado-zalakaroson-140-m%c2%b2-5-szoba-800-m%c2%b2-telek\/#breadcrumb"},"inLanguage":"de","potentialAction":[{"@type":"ReadAction","target":["https:\/\/dreamhousekirilla.hu\/termek\/felujitott-csaladi-haz-elado-zalakaroson-140-m%c2%b2-5-szoba-800-m%c2%b2-telek\/"]}]},{"@type":"ImageObject","inLanguage":"de","@id":"https:\/\/dreamhousekirilla.hu\/termek\/felujitott-csaladi-haz-elado-zalakaroson-140-m%c2%b2-5-szoba-800-m%c2%b2-telek\/#primaryimage","url":"https:\/\/dreamhousekirilla.hu\/wp-content\/uploads\/2026\/03\/IMG_9047-scaled.jpeg","contentUrl":"https:\/\/dreamhousekirilla.hu\/wp-content\/uploads\/2026\/03\/IMG_9047-scaled.jpeg","width":2560,"height":1920},{"@type":"BreadcrumbList","@id":"https:\/\/dreamhousekirilla.hu\/termek\/felujitott-csaladi-haz-elado-zalakaroson-140-m%c2%b2-5-szoba-800-m%c2%b2-telek\/#breadcrumb","itemListElement":[{"@type":"ListItem","position":1,"name":"Kezd\u0151lap","item":"https:\/\/dreamhousekirilla.hu\/"},{"@type":"ListItem","position":2,"name":"Shop","item":"https:\/\/dreamhousekirilla.hu\/uzlet\/"},{"@type":"ListItem","position":3,"name":"140 m2 Fel\u00faj\u00edtott csal\u00e1di h\u00e1z elad\u00f3 Zalakaros csendes r\u00e9sz\u00e9n"}]},{"@type":"WebSite","@id":"https:\/\/dreamhousekirilla.hu\/#website","url":"https:\/\/dreamhousekirilla.hu\/","name":"DREAM HOUSE Kirilla","description":"Immobilienb\u00fcro","publisher":{"@id":"https:\/\/dreamhousekirilla.hu\/#organization"},"potentialAction":[{"@type":"SearchAction","target":{"@type":"EntryPoint","urlTemplate":"https:\/\/dreamhousekirilla.hu\/?s={search_term_string}"},"query-input":{"@type":"PropertyValueSpecification","valueRequired":true,"valueName":"search_term_string"}}],"inLanguage":"de"},{"@type":"Organization","@id":"https:\/\/dreamhousekirilla.hu\/#organization","name":"Traumhaus Kirilla - Immobilienb\u00fcro","url":"https:\/\/dreamhousekirilla.hu\/","logo":{"@type":"ImageObject","inLanguage":"de","@id":"https:\/\/dreamhousekirilla.hu\/#\/schema\/logo\/image\/","url":"https:\/\/dreamhousekirilla.hu\/wp-content\/uploads\/2025\/07\/Logo-allitott-zold.jpg","contentUrl":"https:\/\/dreamhousekirilla.hu\/wp-content\/uploads\/2025\/07\/Logo-allitott-zold.jpg","width":596,"height":275,"caption":"Dream House Kirilla - real estate agency"},"image":{"@id":"https:\/\/dreamhousekirilla.hu\/#\/schema\/logo\/image\/"}}]}},"_links":{"self":[{"href":"https:\/\/dreamhousekirilla.hu\/de\/wp-json\/wp\/v2\/product\/2702","targetHints":{"allow":["GET"]}}],"collection":[{"href":"https:\/\/dreamhousekirilla.hu\/de\/wp-json\/wp\/v2\/product"}],"about":[{"href":"https:\/\/dreamhousekirilla.hu\/de\/wp-json\/wp\/v2\/types\/product"}],"replies":[{"embeddable":true,"href":"https:\/\/dreamhousekirilla.hu\/de\/wp-json\/wp\/v2\/comments?post=2702"}],"wp:featuredmedia":[{"embeddable":true,"href":"https:\/\/dreamhousekirilla.hu\/de\/wp-json\/wp\/v2\/media\/2703"}],"wp:attachment":[{"href":"https:\/\/dreamhousekirilla.hu\/de\/wp-json\/wp\/v2\/media?parent=2702"}],"wp:term":[{"taxonomy":"product_brand","embeddable":true,"href":"https:\/\/dreamhousekirilla.hu\/de\/wp-json\/wp\/v2\/product_brand?post=2702"},{"taxonomy":"product_cat","embeddable":true,"href":"https:\/\/dreamhousekirilla.hu\/de\/wp-json\/wp\/v2\/product_cat?post=2702"},{"taxonomy":"product_tag","embeddable":true,"href":"https:\/\/dreamhousekirilla.hu\/de\/wp-json\/wp\/v2\/product_tag?post=2702"}],"curies":[{"name":"wp","href":"https:\/\/api.w.org\/{rel}","templated":true}]}}