{"id":2744,"date":"2026-03-17T13:11:37","date_gmt":"2026-03-17T12:11:37","guid":{"rendered":"https:\/\/dreamhousekirilla.hu\/?post_type=product&#038;p=2744"},"modified":"2026-03-17T13:21:27","modified_gmt":"2026-03-17T12:21:27","slug":"keszthely-kozpontjaban-elado-2-generacios-csaladi-haz-a-balatontol-kozel","status":"publish","type":"product","link":"https:\/\/dreamhousekirilla.hu\/de\/product\/keszthely-kozpontjaban-elado-2-generacios-csaladi-haz-a-balatontol-kozel\/","title":{"rendered":"<b>170 m\u00b2<\/b> <br>Keszthely k\u00f6zpontj\u00e1ban elad\u00f3 2 gener\u00e1ci\u00f3s csal\u00e1di h\u00e1z a Balatont\u00f3l k\u00f6zel"},"content":{"rendered":"<p class=\"p1\">Keszthely k\u00f6zpontj\u00e1ban, a Balatont\u00f3l r\u00f6vid t\u00e1vols\u00e1gra elad\u00f3 egy rendezett, k\u00e9tgener\u00e1ci\u00f3s csal\u00e1di h\u00e1z, amely ide\u00e1lis nagyobb csal\u00e1dok vagy k\u00e9t gener\u00e1ci\u00f3 sz\u00e1m\u00e1ra. Az ingatlan 2000-ben \u00e9p\u00fclt, teljesen szepar\u00e1lt k\u00e9t lak\u00f3r\u00e9sszel rendelkezik, mindkett\u0151 k\u00fcl\u00f6n f\u0171t\u00e9si rendszerrel felszerelt, \u00edgy maxim\u00e1lis priv\u00e1t szf\u00e9r\u00e1t biztos\u00edt.<\/p>\n<p class=\"p1\">A h\u00e1z \u00f6sszesen 170 m\u00b2 alapter\u00fclet\u0171, a telek 300 m\u00b2-es, k\u00f6rbeker\u00edtett, betonozott bej\u00e1rati r\u00e9sszel, h\u00e1ts\u00f3 kerttel \u00e9s t\u00e1rol\u00f3 \u00e9p\u00fclettel. Az ingatlanhoz gar\u00e1zs is tartozik, az \u00e9p\u00fclet szigetelt t\u00e9gl\u00e1b\u00f3l k\u00e9sz\u00fclt, cser\u00e9ptet\u0151vel \u00e9s m\u0171anyag ny\u00edl\u00e1sz\u00e1r\u00f3kkal. A h\u00e1z riaszt\u00f3val felszerelt, a g\u00e1zkaz\u00e1n biztos\u00edtja a k\u00e9nyelmes f\u0171t\u00e9st, \u00e9s az ingatlan azonnal birtokba vehet\u0151.<\/p>\n<p class=\"p1\">A f\u00f6ldszinten tal\u00e1lhat\u00f3 lak\u00f3r\u00e9sz t\u00f6bb szob\u00e1val, nagy konyh\u00e1val \u00e9s gar\u00e1zs kapcsolattal rendelkezik, t\u00f6k\u00e9letes csal\u00e1di otthonnak vagy id\u0151sebb gener\u00e1ci\u00f3 r\u00e9sz\u00e9re. Az emeleten, k\u00fcl\u00f6n l\u00e9pcs\u0151h\u00e1zb\u00f3l k\u00f6zel\u00edthet\u0151 meg a m\u00e1sodik lakr\u00e9sz, amely erk\u00e9lyes szob\u00e1kkal, nagy fedett terasszal \u00e9s t\u00e1gas konyh\u00e1val rendelkezik, ide\u00e1lis fiatalabb gener\u00e1ci\u00f3 vagy vend\u00e9gek sz\u00e1m\u00e1ra. A l\u00e9pcs\u0151h\u00e1z alatt praktikus t\u00e1rol\u00f3helyis\u00e9g tal\u00e1lhat\u00f3.<\/p>\n<p class=\"p1\">Ez a k\u00e9tszintes, teljesen szepar\u00e1lt, j\u00f3l karbantartott csal\u00e1di h\u00e1z ide\u00e1lis v\u00e1laszt\u00e1s azoknak, akik a Keszthely k\u00f6zpontj\u00e1ban tal\u00e1lhat\u00f3 ingatlant keresnek, k\u00f6zel a Balatonhoz, mik\u00f6zben mindk\u00e9t gener\u00e1ci\u00f3 sz\u00e1m\u00e1ra biztos\u00edtott a k\u00fcl\u00f6n \u00e9letter\u00fclet \u00e9s a k\u00e9nyelem.<\/p>\n<p class=\"p1\">Az ingatlan v\u00e9tel\u00e1ra 84.900.000 Ft, amely az aktu\u00e1lis \u00e1rfolyamt\u00f3l f\u00fcgg\u0151en 217.000 Eur\u00f3nak felel meg.<\/p>","protected":false},"excerpt":{"rendered":"<p>170 m\u00b2<\/p>","protected":false},"featured_media":2745,"comment_status":"closed","ping_status":"closed","template":"","meta":{"_et_pb_use_builder":"","_et_pb_old_content":"","_et_gb_content_width":"","inline_featured_image":false},"product_brand":[],"product_cat":[21],"product_tag":[],"class_list":{"0":"post-2744","1":"product","2":"type-product","3":"status-publish","4":"has-post-thumbnail","6":"product_cat-elado-ingatlanok","8":"first","9":"instock","10":"shipping-taxable","11":"purchasable","12":"product-type-simple"},"yoast_head":"<!-- This site is optimized with the Yoast SEO plugin v25.7 - https:\/\/yoast.com\/wordpress\/plugins\/seo\/ -->\n<title>170 m\u00b2 Keszthely k\u00f6zpontj\u00e1ban elad\u00f3 2 gener\u00e1ci\u00f3s csal\u00e1di h\u00e1z a Balatont\u00f3l k\u00f6zel - Dream House Kirilla<\/title>\n<meta name=\"description\" content=\"Keszthely k\u00f6zpontj\u00e1ban, a Balatont\u00f3l r\u00f6vid t\u00e1vols\u00e1gra elad\u00f3 egy 170 m\u00b2-es, k\u00e9t lak\u00f3r\u00e9szb\u0151l \u00e1ll\u00f3, j\u00f3l karbantartott, k\u00e9tgener\u00e1ci\u00f3s csal\u00e1di h\u00e1z gar\u00e1zzsal \u00e9s kerttel. Az ingatlan azonnal birtokba vehet\u0151.\" \/>\n<meta name=\"robots\" content=\"index, follow, max-snippet:-1, max-image-preview:large, max-video-preview:-1\" \/>\n<link rel=\"canonical\" href=\"https:\/\/dreamhousekirilla.hu\/de\/product\/keszthely-kozpontjaban-elado-2-generacios-csaladi-haz-a-balatontol-kozel\/\" \/>\n<meta property=\"og:locale\" content=\"de_DE\" \/>\n<meta property=\"og:type\" content=\"article\" \/>\n<meta property=\"og:title\" content=\"170 m\u00b2 Keszthely k\u00f6zpontj\u00e1ban elad\u00f3 2 gener\u00e1ci\u00f3s csal\u00e1di h\u00e1z a Balatont\u00f3l k\u00f6zel - Dream House Kirilla\" \/>\n<meta property=\"og:description\" content=\"Keszthely k\u00f6zpontj\u00e1ban, a Balatont\u00f3l r\u00f6vid t\u00e1vols\u00e1gra elad\u00f3 egy 170 m\u00b2-es, k\u00e9t lak\u00f3r\u00e9szb\u0151l \u00e1ll\u00f3, j\u00f3l karbantartott, k\u00e9tgener\u00e1ci\u00f3s csal\u00e1di h\u00e1z gar\u00e1zzsal \u00e9s kerttel. Az ingatlan azonnal birtokba vehet\u0151.\" \/>\n<meta property=\"og:url\" content=\"https:\/\/dreamhousekirilla.hu\/de\/product\/keszthely-kozpontjaban-elado-2-generacios-csaladi-haz-a-balatontol-kozel\/\" \/>\n<meta property=\"og:site_name\" content=\"Dream House Kirilla\" \/>\n<meta property=\"article:modified_time\" content=\"2026-03-17T12:21:27+00:00\" \/>\n<meta property=\"og:image\" content=\"https:\/\/dreamhousekirilla.hu\/wp-content\/uploads\/2026\/03\/1-scaled.jpeg\" \/>\n\t<meta property=\"og:image:width\" content=\"2560\" \/>\n\t<meta property=\"og:image:height\" content=\"1920\" \/>\n\t<meta property=\"og:image:type\" content=\"image\/jpeg\" \/>\n<meta name=\"twitter:card\" content=\"summary_large_image\" \/>\n<meta name=\"twitter:label1\" content=\"Gesch\u00e4tzte Lesezeit\" \/>\n\t<meta name=\"twitter:data1\" content=\"2\u00a0Minuten\" \/>\n<script type=\"application\/ld+json\" class=\"yoast-schema-graph\">{\"@context\":\"https:\/\/schema.org\",\"@graph\":[{\"@type\":\"WebPage\",\"@id\":\"https:\/\/dreamhousekirilla.hu\/termek\/keszthely-kozpontjaban-elado-2-generacios-csaladi-haz-a-balatontol-kozel\/\",\"url\":\"https:\/\/dreamhousekirilla.hu\/termek\/keszthely-kozpontjaban-elado-2-generacios-csaladi-haz-a-balatontol-kozel\/\",\"name\":\"170 m\u00b2 Keszthely k\u00f6zpontj\u00e1ban elad\u00f3 2 gener\u00e1ci\u00f3s csal\u00e1di h\u00e1z a Balatont\u00f3l k\u00f6zel - Dream House Kirilla\",\"isPartOf\":{\"@id\":\"https:\/\/dreamhousekirilla.hu\/#website\"},\"primaryImageOfPage\":{\"@id\":\"https:\/\/dreamhousekirilla.hu\/termek\/keszthely-kozpontjaban-elado-2-generacios-csaladi-haz-a-balatontol-kozel\/#primaryimage\"},\"image\":{\"@id\":\"https:\/\/dreamhousekirilla.hu\/termek\/keszthely-kozpontjaban-elado-2-generacios-csaladi-haz-a-balatontol-kozel\/#primaryimage\"},\"thumbnailUrl\":\"https:\/\/dreamhousekirilla.hu\/wp-content\/uploads\/2026\/03\/1-scaled.jpeg\",\"datePublished\":\"2026-03-17T12:11:37+00:00\",\"dateModified\":\"2026-03-17T12:21:27+00:00\",\"description\":\"Keszthely k\u00f6zpontj\u00e1ban, a Balatont\u00f3l r\u00f6vid t\u00e1vols\u00e1gra elad\u00f3 egy 170 m\u00b2-es, k\u00e9t lak\u00f3r\u00e9szb\u0151l \u00e1ll\u00f3, j\u00f3l karbantartott, k\u00e9tgener\u00e1ci\u00f3s csal\u00e1di h\u00e1z gar\u00e1zzsal \u00e9s kerttel. Az ingatlan azonnal birtokba vehet\u0151.\",\"breadcrumb\":{\"@id\":\"https:\/\/dreamhousekirilla.hu\/termek\/keszthely-kozpontjaban-elado-2-generacios-csaladi-haz-a-balatontol-kozel\/#breadcrumb\"},\"inLanguage\":\"de\",\"potentialAction\":[{\"@type\":\"ReadAction\",\"target\":[\"https:\/\/dreamhousekirilla.hu\/termek\/keszthely-kozpontjaban-elado-2-generacios-csaladi-haz-a-balatontol-kozel\/\"]}]},{\"@type\":\"ImageObject\",\"inLanguage\":\"de\",\"@id\":\"https:\/\/dreamhousekirilla.hu\/termek\/keszthely-kozpontjaban-elado-2-generacios-csaladi-haz-a-balatontol-kozel\/#primaryimage\",\"url\":\"https:\/\/dreamhousekirilla.hu\/wp-content\/uploads\/2026\/03\/1-scaled.jpeg\",\"contentUrl\":\"https:\/\/dreamhousekirilla.hu\/wp-content\/uploads\/2026\/03\/1-scaled.jpeg\",\"width\":2560,\"height\":1920},{\"@type\":\"BreadcrumbList\",\"@id\":\"https:\/\/dreamhousekirilla.hu\/termek\/keszthely-kozpontjaban-elado-2-generacios-csaladi-haz-a-balatontol-kozel\/#breadcrumb\",\"itemListElement\":[{\"@type\":\"ListItem\",\"position\":1,\"name\":\"Kezd\u0151lap\",\"item\":\"https:\/\/dreamhousekirilla.hu\/\"},{\"@type\":\"ListItem\",\"position\":2,\"name\":\"Shop\",\"item\":\"https:\/\/dreamhousekirilla.hu\/uzlet\/\"},{\"@type\":\"ListItem\",\"position\":3,\"name\":\"170 m\u00b2 Keszthely k\u00f6zpontj\u00e1ban elad\u00f3 2 gener\u00e1ci\u00f3s csal\u00e1di h\u00e1z a Balatont\u00f3l k\u00f6zel\"}]},{\"@type\":\"WebSite\",\"@id\":\"https:\/\/dreamhousekirilla.hu\/#website\",\"url\":\"https:\/\/dreamhousekirilla.hu\/\",\"name\":\"Dream House Kirilla\",\"description\":\"Real Estate Agency\",\"publisher\":{\"@id\":\"https:\/\/dreamhousekirilla.hu\/#organization\"},\"potentialAction\":[{\"@type\":\"SearchAction\",\"target\":{\"@type\":\"EntryPoint\",\"urlTemplate\":\"https:\/\/dreamhousekirilla.hu\/?s={search_term_string}\"},\"query-input\":{\"@type\":\"PropertyValueSpecification\",\"valueRequired\":true,\"valueName\":\"search_term_string\"}}],\"inLanguage\":\"de\"},{\"@type\":\"Organization\",\"@id\":\"https:\/\/dreamhousekirilla.hu\/#organization\",\"name\":\"Dream House Kirilla - real estate agency\",\"url\":\"https:\/\/dreamhousekirilla.hu\/\",\"logo\":{\"@type\":\"ImageObject\",\"inLanguage\":\"de\",\"@id\":\"https:\/\/dreamhousekirilla.hu\/#\/schema\/logo\/image\/\",\"url\":\"https:\/\/dreamhousekirilla.hu\/wp-content\/uploads\/2025\/07\/Logo-allitott-zold.jpg\",\"contentUrl\":\"https:\/\/dreamhousekirilla.hu\/wp-content\/uploads\/2025\/07\/Logo-allitott-zold.jpg\",\"width\":596,\"height\":275,\"caption\":\"Dream House Kirilla - real estate agency\"},\"image\":{\"@id\":\"https:\/\/dreamhousekirilla.hu\/#\/schema\/logo\/image\/\"}}]}<\/script>\n<!-- \/ Yoast SEO plugin. -->","yoast_head_json":{"title":"170 m\u00b2 Keszthely k\u00f6zpontj\u00e1ban elad\u00f3 2 gener\u00e1ci\u00f3s csal\u00e1di h\u00e1z a Balatont\u00f3l k\u00f6zel - Dream House Kirilla","description":"Keszthely k\u00f6zpontj\u00e1ban, a Balatont\u00f3l r\u00f6vid t\u00e1vols\u00e1gra elad\u00f3 egy 170 m\u00b2-es, k\u00e9t lak\u00f3r\u00e9szb\u0151l \u00e1ll\u00f3, j\u00f3l karbantartott, k\u00e9tgener\u00e1ci\u00f3s csal\u00e1di h\u00e1z gar\u00e1zzsal \u00e9s kerttel. Az ingatlan azonnal birtokba vehet\u0151.","robots":{"index":"index","follow":"follow","max-snippet":"max-snippet:-1","max-image-preview":"max-image-preview:large","max-video-preview":"max-video-preview:-1"},"canonical":"https:\/\/dreamhousekirilla.hu\/de\/product\/keszthely-kozpontjaban-elado-2-generacios-csaladi-haz-a-balatontol-kozel\/","og_locale":"de_DE","og_type":"article","og_title":"170 m\u00b2 Keszthely k\u00f6zpontj\u00e1ban elad\u00f3 2 gener\u00e1ci\u00f3s csal\u00e1di h\u00e1z a Balatont\u00f3l k\u00f6zel - Dream House Kirilla","og_description":"Keszthely k\u00f6zpontj\u00e1ban, a Balatont\u00f3l r\u00f6vid t\u00e1vols\u00e1gra elad\u00f3 egy 170 m\u00b2-es, k\u00e9t lak\u00f3r\u00e9szb\u0151l \u00e1ll\u00f3, j\u00f3l karbantartott, k\u00e9tgener\u00e1ci\u00f3s csal\u00e1di h\u00e1z gar\u00e1zzsal \u00e9s kerttel. Az ingatlan azonnal birtokba vehet\u0151.","og_url":"https:\/\/dreamhousekirilla.hu\/de\/product\/keszthely-kozpontjaban-elado-2-generacios-csaladi-haz-a-balatontol-kozel\/","og_site_name":"Dream House Kirilla","article_modified_time":"2026-03-17T12:21:27+00:00","og_image":[{"width":2560,"height":1920,"url":"https:\/\/dreamhousekirilla.hu\/wp-content\/uploads\/2026\/03\/1-scaled.jpeg","type":"image\/jpeg"}],"twitter_card":"summary_large_image","twitter_misc":{"Gesch\u00e4tzte Lesezeit":"2\u00a0Minuten"},"schema":{"@context":"https:\/\/schema.org","@graph":[{"@type":"WebPage","@id":"https:\/\/dreamhousekirilla.hu\/termek\/keszthely-kozpontjaban-elado-2-generacios-csaladi-haz-a-balatontol-kozel\/","url":"https:\/\/dreamhousekirilla.hu\/termek\/keszthely-kozpontjaban-elado-2-generacios-csaladi-haz-a-balatontol-kozel\/","name":"170 m\u00b2 Keszthely k\u00f6zpontj\u00e1ban elad\u00f3 2 gener\u00e1ci\u00f3s csal\u00e1di h\u00e1z a Balatont\u00f3l k\u00f6zel - Dream House Kirilla","isPartOf":{"@id":"https:\/\/dreamhousekirilla.hu\/#website"},"primaryImageOfPage":{"@id":"https:\/\/dreamhousekirilla.hu\/termek\/keszthely-kozpontjaban-elado-2-generacios-csaladi-haz-a-balatontol-kozel\/#primaryimage"},"image":{"@id":"https:\/\/dreamhousekirilla.hu\/termek\/keszthely-kozpontjaban-elado-2-generacios-csaladi-haz-a-balatontol-kozel\/#primaryimage"},"thumbnailUrl":"https:\/\/dreamhousekirilla.hu\/wp-content\/uploads\/2026\/03\/1-scaled.jpeg","datePublished":"2026-03-17T12:11:37+00:00","dateModified":"2026-03-17T12:21:27+00:00","description":"Keszthely k\u00f6zpontj\u00e1ban, a Balatont\u00f3l r\u00f6vid t\u00e1vols\u00e1gra elad\u00f3 egy 170 m\u00b2-es, k\u00e9t lak\u00f3r\u00e9szb\u0151l \u00e1ll\u00f3, j\u00f3l karbantartott, k\u00e9tgener\u00e1ci\u00f3s csal\u00e1di h\u00e1z gar\u00e1zzsal \u00e9s kerttel. Az ingatlan azonnal birtokba vehet\u0151.","breadcrumb":{"@id":"https:\/\/dreamhousekirilla.hu\/termek\/keszthely-kozpontjaban-elado-2-generacios-csaladi-haz-a-balatontol-kozel\/#breadcrumb"},"inLanguage":"de","potentialAction":[{"@type":"ReadAction","target":["https:\/\/dreamhousekirilla.hu\/termek\/keszthely-kozpontjaban-elado-2-generacios-csaladi-haz-a-balatontol-kozel\/"]}]},{"@type":"ImageObject","inLanguage":"de","@id":"https:\/\/dreamhousekirilla.hu\/termek\/keszthely-kozpontjaban-elado-2-generacios-csaladi-haz-a-balatontol-kozel\/#primaryimage","url":"https:\/\/dreamhousekirilla.hu\/wp-content\/uploads\/2026\/03\/1-scaled.jpeg","contentUrl":"https:\/\/dreamhousekirilla.hu\/wp-content\/uploads\/2026\/03\/1-scaled.jpeg","width":2560,"height":1920},{"@type":"BreadcrumbList","@id":"https:\/\/dreamhousekirilla.hu\/termek\/keszthely-kozpontjaban-elado-2-generacios-csaladi-haz-a-balatontol-kozel\/#breadcrumb","itemListElement":[{"@type":"ListItem","position":1,"name":"Kezd\u0151lap","item":"https:\/\/dreamhousekirilla.hu\/"},{"@type":"ListItem","position":2,"name":"Shop","item":"https:\/\/dreamhousekirilla.hu\/uzlet\/"},{"@type":"ListItem","position":3,"name":"170 m\u00b2 Keszthely k\u00f6zpontj\u00e1ban elad\u00f3 2 gener\u00e1ci\u00f3s csal\u00e1di h\u00e1z a Balatont\u00f3l k\u00f6zel"}]},{"@type":"WebSite","@id":"https:\/\/dreamhousekirilla.hu\/#website","url":"https:\/\/dreamhousekirilla.hu\/","name":"DREAM HOUSE Kirilla","description":"Immobilienb\u00fcro","publisher":{"@id":"https:\/\/dreamhousekirilla.hu\/#organization"},"potentialAction":[{"@type":"SearchAction","target":{"@type":"EntryPoint","urlTemplate":"https:\/\/dreamhousekirilla.hu\/?s={search_term_string}"},"query-input":{"@type":"PropertyValueSpecification","valueRequired":true,"valueName":"search_term_string"}}],"inLanguage":"de"},{"@type":"Organization","@id":"https:\/\/dreamhousekirilla.hu\/#organization","name":"Traumhaus Kirilla - Immobilienb\u00fcro","url":"https:\/\/dreamhousekirilla.hu\/","logo":{"@type":"ImageObject","inLanguage":"de","@id":"https:\/\/dreamhousekirilla.hu\/#\/schema\/logo\/image\/","url":"https:\/\/dreamhousekirilla.hu\/wp-content\/uploads\/2025\/07\/Logo-allitott-zold.jpg","contentUrl":"https:\/\/dreamhousekirilla.hu\/wp-content\/uploads\/2025\/07\/Logo-allitott-zold.jpg","width":596,"height":275,"caption":"Dream House Kirilla - real estate agency"},"image":{"@id":"https:\/\/dreamhousekirilla.hu\/#\/schema\/logo\/image\/"}}]}},"_links":{"self":[{"href":"https:\/\/dreamhousekirilla.hu\/de\/wp-json\/wp\/v2\/product\/2744","targetHints":{"allow":["GET"]}}],"collection":[{"href":"https:\/\/dreamhousekirilla.hu\/de\/wp-json\/wp\/v2\/product"}],"about":[{"href":"https:\/\/dreamhousekirilla.hu\/de\/wp-json\/wp\/v2\/types\/product"}],"replies":[{"embeddable":true,"href":"https:\/\/dreamhousekirilla.hu\/de\/wp-json\/wp\/v2\/comments?post=2744"}],"wp:featuredmedia":[{"embeddable":true,"href":"https:\/\/dreamhousekirilla.hu\/de\/wp-json\/wp\/v2\/media\/2745"}],"wp:attachment":[{"href":"https:\/\/dreamhousekirilla.hu\/de\/wp-json\/wp\/v2\/media?parent=2744"}],"wp:term":[{"taxonomy":"product_brand","embeddable":true,"href":"https:\/\/dreamhousekirilla.hu\/de\/wp-json\/wp\/v2\/product_brand?post=2744"},{"taxonomy":"product_cat","embeddable":true,"href":"https:\/\/dreamhousekirilla.hu\/de\/wp-json\/wp\/v2\/product_cat?post=2744"},{"taxonomy":"product_tag","embeddable":true,"href":"https:\/\/dreamhousekirilla.hu\/de\/wp-json\/wp\/v2\/product_tag?post=2744"}],"curies":[{"name":"wp","href":"https:\/\/api.w.org\/{rel}","templated":true}]}}