{"id":2786,"date":"2026-03-17T17:07:49","date_gmt":"2026-03-17T16:07:49","guid":{"rendered":"https:\/\/dreamhousekirilla.hu\/?post_type=product&#038;p=2786"},"modified":"2026-03-17T17:24:42","modified_gmt":"2026-03-17T16:24:42","slug":"tobbgeneracios-csaladi-haz-keszthelyen-214-m%c2%b2-910-m%c2%b2-telek","status":"publish","type":"product","link":"https:\/\/dreamhousekirilla.hu\/de\/product\/tobbgeneracios-csaladi-haz-keszthelyen-214-m%c2%b2-910-m%c2%b2-telek\/","title":{"rendered":"<b>214 m2<\/b> <br>T\u00e1gas, t\u00f6bbgener\u00e1ci\u00f3s csal\u00e1di h\u00e1z Keszthelyen elad\u00f3"},"content":{"rendered":"<p class=\"p1\">Keszthely kertv\u00e1rosi r\u00e9sz\u00e9n, nyugodt, z\u00f6ld k\u00f6rnyezetben k\u00edn\u00e1lunk megv\u00e9telre egy 910 m\u00b2-es telken elhelyezked\u0151, 214 m\u00b2 alapter\u00fclet\u0171, t\u00f6bbgener\u00e1ci\u00f3s, t\u00e9gla\u00e9p\u00edt\u00e9s\u0171 csal\u00e1di h\u00e1zat.<\/p>\n<p class=\"p1\">Az ingatlan szinteltol\u00e1sos kialak\u00edt\u00e1s\u00e1nak k\u00f6sz\u00f6nhet\u0151en t\u00e1gas \u00e9s j\u00f3l elk\u00fcl\u00f6n\u00edthet\u0151 \u00e9lettereket biztos\u00edt, \u00edgy ide\u00e1lis t\u00f6bb gener\u00e1ci\u00f3 egy\u00fctt\u00e9l\u00e9s\u00e9re vagy ak\u00e1r befektet\u00e9si c\u00e9lra is. A f\u00f6ldszinten egy nagy terasz kapcsol\u00f3dik a lak\u00f3t\u00e9rhez, ahol k\u00f6zleked\u0151, konyha, \u00e9tkez\u0151, egy szoba, valamint f\u00fcrd\u0151szoba tal\u00e1lhat\u00f3. Ezen a szinten k\u00e9t k\u00fcl\u00f6n bej\u00e1rat\u00fa st\u00fadi\u00f3lak\u00e1s is kialak\u00edt\u00e1sra ker\u00fclt, amelyek mindegyike saj\u00e1t f\u0151z\u0151f\u00fclk\u00e9vel \u00e9s f\u00fcrd\u0151szob\u00e1val rendelkezik.<\/p>\n<p class=\"p1\">A klimatiz\u00e1lt tet\u0151t\u00e9r teljes eg\u00e9sz\u00e9ben be\u00e9p\u00edtett, ahol egy el\u0151szobar\u00e9sz, egy t\u00e1gas nappali konyh\u00e1val \u00e9s \u00e9tkez\u0151vel, erk\u00e9lykapcsolattal, tov\u00e1bb\u00e1 k\u00e9t h\u00e1l\u00f3szoba, t\u00f6bb f\u00fcrd\u0151szoba \u00e9s k\u00f6zleked\u0151 ker\u00fclt kialak\u00edt\u00e1sra, szint\u00e9n erk\u00e9lykapcsolatokkal.<\/p>\n<p class=\"p1\">A pinceszinten gar\u00e1zs, kaz\u00e1nh\u00e1z, t\u00e1rol\u00f3helyis\u00e9gek \u00e9s k\u00f6zleked\u0151 tal\u00e1lhat\u00f3, m\u00edg az udvaron egy k\u00fcl\u00f6n\u00e1ll\u00f3 \u00e9p\u00fclet tov\u00e1bbi gar\u00e1zsk\u00e9nt funkcion\u00e1l. A f\u0171t\u00e9sr\u0151l t\u00f6bbf\u00e9le rendszer gondoskodik, bele\u00e9rtve a g\u00e1z-cirk\u00f3 kaz\u00e1nt, a vegyest\u00fczel\u00e9s\u0171 kaz\u00e1nt, valamint k\u00e1lyh\u00e1t \u00e9s cser\u00e9pk\u00e1lyh\u00e1t is. Az ingatlan h\u00e1romf\u00e1zis\u00fa \u00e1rammal ell\u00e1tott.<\/p>\n<p class=\"p1\">Az \u00e9p\u00fclet a 70-es \u00e9vekben \u00e9p\u00fclt, majd 1996-ban \u00e9s 2001-ben fel\u00faj\u00edt\u00e1son esett \u00e1t, melynek sor\u00e1n a teljes vezet\u00e9kh\u00e1l\u00f3zat cser\u00e9je is megt\u00f6rt\u00e9nt.<\/p>\n<p class=\"p1\">Elhelyezked\u00e9se kiv\u00e1l\u00f3, hiszen aut\u00f3val n\u00e9h\u00e1ny perc alatt el\u00e9rhet\u0151 <a href=\"chatgpt:\/\/generic-entity?number=0\"><span class=\"s1\">H\u00e9v\u00edz<\/span><\/a>, valamint <a href=\"chatgpt:\/\/generic-entity?number=1\"><span class=\"s1\">Keszthely<\/span><\/a> belv\u00e1rosa, ahol bev\u00e1s\u00e1rl\u00e1si lehet\u0151s\u00e9gek, \u00e9ttermek \u00e9s minden sz\u00fcks\u00e9ges szolg\u00e1ltat\u00e1s megtal\u00e1lhat\u00f3. A k\u00f6zelben rendszeres buszk\u00f6zleked\u00e9s is biztos\u00edtott.<\/p>\n<p class=\"p1\">Az ingatlan ir\u00e1ny\u00e1ra 130.000.000 Ft, amely az aktu\u00e1lis \u00e1rfolyamt\u00f3l f\u00fcgg\u0151en k\u00f6r\u00fclbel\u00fcl 334.000 eur\u00f3nak felel meg.<\/p>","protected":false},"excerpt":{"rendered":"<div class=\"listing-property justify-content-around col col-print d-flex flex-column text-center border-end border-1 border-gray-100 px-3\">\n<div class=\"listing-property justify-content-around col col-print d-flex flex-column text-center border-end border-1 border-gray-100 px-3\"><span class=\"fw-bold fs-4\">214 m2<\/span><\/div>\n<div class=\"listing-property justify-content-around col col-print d-flex flex-column text-center border-end border-1 border-gray-100 px-3\"><\/div>\n<\/div>\n<div class=\"listing-property justify-content-around col col-print d-flex flex-column text-center border-end border-1 border-gray-100 px-3\"><\/div>","protected":false},"featured_media":2787,"comment_status":"closed","ping_status":"closed","template":"","meta":{"_et_pb_use_builder":"","_et_pb_old_content":"","_et_gb_content_width":"","inline_featured_image":false},"product_brand":[],"product_cat":[21],"product_tag":[],"class_list":{"0":"post-2786","1":"product","2":"type-product","3":"status-publish","4":"has-post-thumbnail","6":"product_cat-elado-ingatlanok","8":"first","9":"instock","10":"shipping-taxable","11":"purchasable","12":"product-type-simple"},"yoast_head":"<!-- This site is optimized with the Yoast SEO plugin v25.7 - https:\/\/yoast.com\/wordpress\/plugins\/seo\/ -->\n<title>214 m2 T\u00e1gas, t\u00f6bbgener\u00e1ci\u00f3s csal\u00e1di h\u00e1z Keszthelyen elad\u00f3 - Dream House Kirilla<\/title>\n<meta name=\"description\" content=\"Keszthely kertv\u00e1rosi r\u00e9sz\u00e9n k\u00edn\u00e1lunk elad\u00e1sra egy 214 m\u00b2-es, t\u00f6bbgener\u00e1ci\u00f3s csal\u00e1di h\u00e1zat 910 m\u00b2-es telken, k\u00fcl\u00f6n lakr\u00e9szekkel, gar\u00e1zzsal \u00e9s kiv\u00e1l\u00f3 elhelyezked\u00e9ssel.\" \/>\n<meta name=\"robots\" content=\"index, follow, max-snippet:-1, max-image-preview:large, max-video-preview:-1\" \/>\n<link rel=\"canonical\" href=\"https:\/\/dreamhousekirilla.hu\/de\/product\/tobbgeneracios-csaladi-haz-keszthelyen-214-m\u00b2-910-m\u00b2-telek\/\" \/>\n<meta property=\"og:locale\" content=\"de_DE\" \/>\n<meta property=\"og:type\" content=\"article\" \/>\n<meta property=\"og:title\" content=\"214 m2 T\u00e1gas, t\u00f6bbgener\u00e1ci\u00f3s csal\u00e1di h\u00e1z Keszthelyen elad\u00f3 - Dream House Kirilla\" \/>\n<meta property=\"og:description\" content=\"Keszthely kertv\u00e1rosi r\u00e9sz\u00e9n k\u00edn\u00e1lunk elad\u00e1sra egy 214 m\u00b2-es, t\u00f6bbgener\u00e1ci\u00f3s csal\u00e1di h\u00e1zat 910 m\u00b2-es telken, k\u00fcl\u00f6n lakr\u00e9szekkel, gar\u00e1zzsal \u00e9s kiv\u00e1l\u00f3 elhelyezked\u00e9ssel.\" \/>\n<meta property=\"og:url\" content=\"https:\/\/dreamhousekirilla.hu\/de\/product\/tobbgeneracios-csaladi-haz-keszthelyen-214-m\u00b2-910-m\u00b2-telek\/\" \/>\n<meta property=\"og:site_name\" content=\"Dream House Kirilla\" \/>\n<meta property=\"article:modified_time\" content=\"2026-03-17T16:24:42+00:00\" \/>\n<meta property=\"og:image\" content=\"https:\/\/dreamhousekirilla.hu\/wp-content\/uploads\/2026\/03\/Kepernyofoto-2026-03-17-15.55.39.jpeg\" \/>\n\t<meta property=\"og:image:width\" content=\"2398\" \/>\n\t<meta property=\"og:image:height\" content=\"1800\" \/>\n\t<meta property=\"og:image:type\" content=\"image\/jpeg\" \/>\n<meta name=\"twitter:card\" content=\"summary_large_image\" \/>\n<meta name=\"twitter:label1\" content=\"Gesch\u00e4tzte Lesezeit\" \/>\n\t<meta name=\"twitter:data1\" content=\"2\u00a0Minuten\" \/>\n<script type=\"application\/ld+json\" class=\"yoast-schema-graph\">{\"@context\":\"https:\/\/schema.org\",\"@graph\":[{\"@type\":\"WebPage\",\"@id\":\"https:\/\/dreamhousekirilla.hu\/termek\/tobbgeneracios-csaladi-haz-keszthelyen-214-m%c2%b2-910-m%c2%b2-telek\/\",\"url\":\"https:\/\/dreamhousekirilla.hu\/termek\/tobbgeneracios-csaladi-haz-keszthelyen-214-m%c2%b2-910-m%c2%b2-telek\/\",\"name\":\"214 m2 T\u00e1gas, t\u00f6bbgener\u00e1ci\u00f3s csal\u00e1di h\u00e1z Keszthelyen elad\u00f3 - Dream House Kirilla\",\"isPartOf\":{\"@id\":\"https:\/\/dreamhousekirilla.hu\/#website\"},\"primaryImageOfPage\":{\"@id\":\"https:\/\/dreamhousekirilla.hu\/termek\/tobbgeneracios-csaladi-haz-keszthelyen-214-m%c2%b2-910-m%c2%b2-telek\/#primaryimage\"},\"image\":{\"@id\":\"https:\/\/dreamhousekirilla.hu\/termek\/tobbgeneracios-csaladi-haz-keszthelyen-214-m%c2%b2-910-m%c2%b2-telek\/#primaryimage\"},\"thumbnailUrl\":\"https:\/\/dreamhousekirilla.hu\/wp-content\/uploads\/2026\/03\/Kepernyofoto-2026-03-17-15.55.39.jpeg\",\"datePublished\":\"2026-03-17T16:07:49+00:00\",\"dateModified\":\"2026-03-17T16:24:42+00:00\",\"description\":\"Keszthely kertv\u00e1rosi r\u00e9sz\u00e9n k\u00edn\u00e1lunk elad\u00e1sra egy 214 m\u00b2-es, t\u00f6bbgener\u00e1ci\u00f3s csal\u00e1di h\u00e1zat 910 m\u00b2-es telken, k\u00fcl\u00f6n lakr\u00e9szekkel, gar\u00e1zzsal \u00e9s kiv\u00e1l\u00f3 elhelyezked\u00e9ssel.\",\"breadcrumb\":{\"@id\":\"https:\/\/dreamhousekirilla.hu\/termek\/tobbgeneracios-csaladi-haz-keszthelyen-214-m%c2%b2-910-m%c2%b2-telek\/#breadcrumb\"},\"inLanguage\":\"de\",\"potentialAction\":[{\"@type\":\"ReadAction\",\"target\":[\"https:\/\/dreamhousekirilla.hu\/termek\/tobbgeneracios-csaladi-haz-keszthelyen-214-m%c2%b2-910-m%c2%b2-telek\/\"]}]},{\"@type\":\"ImageObject\",\"inLanguage\":\"de\",\"@id\":\"https:\/\/dreamhousekirilla.hu\/termek\/tobbgeneracios-csaladi-haz-keszthelyen-214-m%c2%b2-910-m%c2%b2-telek\/#primaryimage\",\"url\":\"https:\/\/dreamhousekirilla.hu\/wp-content\/uploads\/2026\/03\/Kepernyofoto-2026-03-17-15.55.39.jpeg\",\"contentUrl\":\"https:\/\/dreamhousekirilla.hu\/wp-content\/uploads\/2026\/03\/Kepernyofoto-2026-03-17-15.55.39.jpeg\",\"width\":2398,\"height\":1800,\"caption\":\"Screenshot\"},{\"@type\":\"BreadcrumbList\",\"@id\":\"https:\/\/dreamhousekirilla.hu\/termek\/tobbgeneracios-csaladi-haz-keszthelyen-214-m%c2%b2-910-m%c2%b2-telek\/#breadcrumb\",\"itemListElement\":[{\"@type\":\"ListItem\",\"position\":1,\"name\":\"Kezd\u0151lap\",\"item\":\"https:\/\/dreamhousekirilla.hu\/\"},{\"@type\":\"ListItem\",\"position\":2,\"name\":\"Shop\",\"item\":\"https:\/\/dreamhousekirilla.hu\/uzlet\/\"},{\"@type\":\"ListItem\",\"position\":3,\"name\":\"214 m2 T\u00e1gas, t\u00f6bbgener\u00e1ci\u00f3s csal\u00e1di h\u00e1z Keszthelyen elad\u00f3\"}]},{\"@type\":\"WebSite\",\"@id\":\"https:\/\/dreamhousekirilla.hu\/#website\",\"url\":\"https:\/\/dreamhousekirilla.hu\/\",\"name\":\"Dream House Kirilla\",\"description\":\"Real Estate Agency\",\"publisher\":{\"@id\":\"https:\/\/dreamhousekirilla.hu\/#organization\"},\"potentialAction\":[{\"@type\":\"SearchAction\",\"target\":{\"@type\":\"EntryPoint\",\"urlTemplate\":\"https:\/\/dreamhousekirilla.hu\/?s={search_term_string}\"},\"query-input\":{\"@type\":\"PropertyValueSpecification\",\"valueRequired\":true,\"valueName\":\"search_term_string\"}}],\"inLanguage\":\"de\"},{\"@type\":\"Organization\",\"@id\":\"https:\/\/dreamhousekirilla.hu\/#organization\",\"name\":\"Dream House Kirilla - real estate agency\",\"url\":\"https:\/\/dreamhousekirilla.hu\/\",\"logo\":{\"@type\":\"ImageObject\",\"inLanguage\":\"de\",\"@id\":\"https:\/\/dreamhousekirilla.hu\/#\/schema\/logo\/image\/\",\"url\":\"https:\/\/dreamhousekirilla.hu\/wp-content\/uploads\/2025\/07\/Logo-allitott-zold.jpg\",\"contentUrl\":\"https:\/\/dreamhousekirilla.hu\/wp-content\/uploads\/2025\/07\/Logo-allitott-zold.jpg\",\"width\":596,\"height\":275,\"caption\":\"Dream House Kirilla - real estate agency\"},\"image\":{\"@id\":\"https:\/\/dreamhousekirilla.hu\/#\/schema\/logo\/image\/\"}}]}<\/script>\n<!-- \/ Yoast SEO plugin. -->","yoast_head_json":{"title":"214 m2 T\u00e1gas, t\u00f6bbgener\u00e1ci\u00f3s csal\u00e1di h\u00e1z Keszthelyen elad\u00f3 - Dream House Kirilla","description":"Keszthely kertv\u00e1rosi r\u00e9sz\u00e9n k\u00edn\u00e1lunk elad\u00e1sra egy 214 m\u00b2-es, t\u00f6bbgener\u00e1ci\u00f3s csal\u00e1di h\u00e1zat 910 m\u00b2-es telken, k\u00fcl\u00f6n lakr\u00e9szekkel, gar\u00e1zzsal \u00e9s kiv\u00e1l\u00f3 elhelyezked\u00e9ssel.","robots":{"index":"index","follow":"follow","max-snippet":"max-snippet:-1","max-image-preview":"max-image-preview:large","max-video-preview":"max-video-preview:-1"},"canonical":"https:\/\/dreamhousekirilla.hu\/de\/product\/tobbgeneracios-csaladi-haz-keszthelyen-214-m\u00b2-910-m\u00b2-telek\/","og_locale":"de_DE","og_type":"article","og_title":"214 m2 T\u00e1gas, t\u00f6bbgener\u00e1ci\u00f3s csal\u00e1di h\u00e1z Keszthelyen elad\u00f3 - Dream House Kirilla","og_description":"Keszthely kertv\u00e1rosi r\u00e9sz\u00e9n k\u00edn\u00e1lunk elad\u00e1sra egy 214 m\u00b2-es, t\u00f6bbgener\u00e1ci\u00f3s csal\u00e1di h\u00e1zat 910 m\u00b2-es telken, k\u00fcl\u00f6n lakr\u00e9szekkel, gar\u00e1zzsal \u00e9s kiv\u00e1l\u00f3 elhelyezked\u00e9ssel.","og_url":"https:\/\/dreamhousekirilla.hu\/de\/product\/tobbgeneracios-csaladi-haz-keszthelyen-214-m\u00b2-910-m\u00b2-telek\/","og_site_name":"Dream House Kirilla","article_modified_time":"2026-03-17T16:24:42+00:00","og_image":[{"width":2398,"height":1800,"url":"https:\/\/dreamhousekirilla.hu\/wp-content\/uploads\/2026\/03\/Kepernyofoto-2026-03-17-15.55.39.jpeg","type":"image\/jpeg"}],"twitter_card":"summary_large_image","twitter_misc":{"Gesch\u00e4tzte Lesezeit":"2\u00a0Minuten"},"schema":{"@context":"https:\/\/schema.org","@graph":[{"@type":"WebPage","@id":"https:\/\/dreamhousekirilla.hu\/termek\/tobbgeneracios-csaladi-haz-keszthelyen-214-m%c2%b2-910-m%c2%b2-telek\/","url":"https:\/\/dreamhousekirilla.hu\/termek\/tobbgeneracios-csaladi-haz-keszthelyen-214-m%c2%b2-910-m%c2%b2-telek\/","name":"214 m2 T\u00e1gas, t\u00f6bbgener\u00e1ci\u00f3s csal\u00e1di h\u00e1z Keszthelyen elad\u00f3 - Dream House Kirilla","isPartOf":{"@id":"https:\/\/dreamhousekirilla.hu\/#website"},"primaryImageOfPage":{"@id":"https:\/\/dreamhousekirilla.hu\/termek\/tobbgeneracios-csaladi-haz-keszthelyen-214-m%c2%b2-910-m%c2%b2-telek\/#primaryimage"},"image":{"@id":"https:\/\/dreamhousekirilla.hu\/termek\/tobbgeneracios-csaladi-haz-keszthelyen-214-m%c2%b2-910-m%c2%b2-telek\/#primaryimage"},"thumbnailUrl":"https:\/\/dreamhousekirilla.hu\/wp-content\/uploads\/2026\/03\/Kepernyofoto-2026-03-17-15.55.39.jpeg","datePublished":"2026-03-17T16:07:49+00:00","dateModified":"2026-03-17T16:24:42+00:00","description":"Keszthely kertv\u00e1rosi r\u00e9sz\u00e9n k\u00edn\u00e1lunk elad\u00e1sra egy 214 m\u00b2-es, t\u00f6bbgener\u00e1ci\u00f3s csal\u00e1di h\u00e1zat 910 m\u00b2-es telken, k\u00fcl\u00f6n lakr\u00e9szekkel, gar\u00e1zzsal \u00e9s kiv\u00e1l\u00f3 elhelyezked\u00e9ssel.","breadcrumb":{"@id":"https:\/\/dreamhousekirilla.hu\/termek\/tobbgeneracios-csaladi-haz-keszthelyen-214-m%c2%b2-910-m%c2%b2-telek\/#breadcrumb"},"inLanguage":"de","potentialAction":[{"@type":"ReadAction","target":["https:\/\/dreamhousekirilla.hu\/termek\/tobbgeneracios-csaladi-haz-keszthelyen-214-m%c2%b2-910-m%c2%b2-telek\/"]}]},{"@type":"ImageObject","inLanguage":"de","@id":"https:\/\/dreamhousekirilla.hu\/termek\/tobbgeneracios-csaladi-haz-keszthelyen-214-m%c2%b2-910-m%c2%b2-telek\/#primaryimage","url":"https:\/\/dreamhousekirilla.hu\/wp-content\/uploads\/2026\/03\/Kepernyofoto-2026-03-17-15.55.39.jpeg","contentUrl":"https:\/\/dreamhousekirilla.hu\/wp-content\/uploads\/2026\/03\/Kepernyofoto-2026-03-17-15.55.39.jpeg","width":2398,"height":1800,"caption":"Screenshot"},{"@type":"BreadcrumbList","@id":"https:\/\/dreamhousekirilla.hu\/termek\/tobbgeneracios-csaladi-haz-keszthelyen-214-m%c2%b2-910-m%c2%b2-telek\/#breadcrumb","itemListElement":[{"@type":"ListItem","position":1,"name":"Kezd\u0151lap","item":"https:\/\/dreamhousekirilla.hu\/"},{"@type":"ListItem","position":2,"name":"Shop","item":"https:\/\/dreamhousekirilla.hu\/uzlet\/"},{"@type":"ListItem","position":3,"name":"214 m2 T\u00e1gas, t\u00f6bbgener\u00e1ci\u00f3s csal\u00e1di h\u00e1z Keszthelyen elad\u00f3"}]},{"@type":"WebSite","@id":"https:\/\/dreamhousekirilla.hu\/#website","url":"https:\/\/dreamhousekirilla.hu\/","name":"DREAM HOUSE Kirilla","description":"Immobilienb\u00fcro","publisher":{"@id":"https:\/\/dreamhousekirilla.hu\/#organization"},"potentialAction":[{"@type":"SearchAction","target":{"@type":"EntryPoint","urlTemplate":"https:\/\/dreamhousekirilla.hu\/?s={search_term_string}"},"query-input":{"@type":"PropertyValueSpecification","valueRequired":true,"valueName":"search_term_string"}}],"inLanguage":"de"},{"@type":"Organization","@id":"https:\/\/dreamhousekirilla.hu\/#organization","name":"Traumhaus Kirilla - Immobilienb\u00fcro","url":"https:\/\/dreamhousekirilla.hu\/","logo":{"@type":"ImageObject","inLanguage":"de","@id":"https:\/\/dreamhousekirilla.hu\/#\/schema\/logo\/image\/","url":"https:\/\/dreamhousekirilla.hu\/wp-content\/uploads\/2025\/07\/Logo-allitott-zold.jpg","contentUrl":"https:\/\/dreamhousekirilla.hu\/wp-content\/uploads\/2025\/07\/Logo-allitott-zold.jpg","width":596,"height":275,"caption":"Dream House Kirilla - real estate agency"},"image":{"@id":"https:\/\/dreamhousekirilla.hu\/#\/schema\/logo\/image\/"}}]}},"_links":{"self":[{"href":"https:\/\/dreamhousekirilla.hu\/de\/wp-json\/wp\/v2\/product\/2786","targetHints":{"allow":["GET"]}}],"collection":[{"href":"https:\/\/dreamhousekirilla.hu\/de\/wp-json\/wp\/v2\/product"}],"about":[{"href":"https:\/\/dreamhousekirilla.hu\/de\/wp-json\/wp\/v2\/types\/product"}],"replies":[{"embeddable":true,"href":"https:\/\/dreamhousekirilla.hu\/de\/wp-json\/wp\/v2\/comments?post=2786"}],"wp:featuredmedia":[{"embeddable":true,"href":"https:\/\/dreamhousekirilla.hu\/de\/wp-json\/wp\/v2\/media\/2787"}],"wp:attachment":[{"href":"https:\/\/dreamhousekirilla.hu\/de\/wp-json\/wp\/v2\/media?parent=2786"}],"wp:term":[{"taxonomy":"product_brand","embeddable":true,"href":"https:\/\/dreamhousekirilla.hu\/de\/wp-json\/wp\/v2\/product_brand?post=2786"},{"taxonomy":"product_cat","embeddable":true,"href":"https:\/\/dreamhousekirilla.hu\/de\/wp-json\/wp\/v2\/product_cat?post=2786"},{"taxonomy":"product_tag","embeddable":true,"href":"https:\/\/dreamhousekirilla.hu\/de\/wp-json\/wp\/v2\/product_tag?post=2786"}],"curies":[{"name":"wp","href":"https:\/\/api.w.org\/{rel}","templated":true}]}}