{"id":2808,"date":"2026-03-26T15:50:57","date_gmt":"2026-03-26T14:50:57","guid":{"rendered":"https:\/\/dreamhousekirilla.hu\/?post_type=product&#038;p=2808"},"modified":"2026-03-26T16:01:10","modified_gmt":"2026-03-26T15:01:10","slug":"elado-csaladi-haz-savolyon-felujitott-nagy-telekkel-kozel-a-balatonhoz","status":"publish","type":"product","link":"https:\/\/dreamhousekirilla.hu\/de\/product\/elado-csaladi-haz-savolyon-felujitott-nagy-telekkel-kozel-a-balatonhoz\/","title":{"rendered":"<b>105 m2<\/b> <br>Elad\u00f3 csal\u00e1di h\u00e1z S\u00e1volyon \u2013 egy otthon, ahol \u00faj fejezet kezd\u0151dhet."},"content":{"rendered":"<p class=\"p1\">Elad\u00f3 csal\u00e1di h\u00e1z S\u00e1volyon \u2013 egy otthon, ahol \u00faj fejezet kezd\u0151dhet.<\/p>\n<p class=\"p1\">S\u00e1voly csendes, bar\u00e1ts\u00e1gos utc\u00e1j\u00e1ban k\u00edn\u00e1lunk megv\u00e9telre egy 105 m\u00b2 alapter\u00fclet\u0171, massz\u00edv t\u00e9gla\u00e9p\u00edt\u00e9s\u0171 csal\u00e1di h\u00e1zat, amely egy 3303 m\u00b2-es telken helyezkedik el. Az ingatlan jelenlegi \u00e1llapot\u00e1ban is kiv\u00e1l\u00f3 lehet\u0151s\u00e9get k\u00edn\u00e1l, azonban igazi \u00e9rt\u00e9ke abban rejlik, hogy \u00faj tulajdonosa saj\u00e1t elk\u00e9pzel\u00e9sei szerint form\u00e1lhatja v\u00e9gleges otthon\u00e1v\u00e1.<\/p>\n<p class=\"p1\">A h\u00e1z teljes k\u00f6r\u0171 fel\u00faj\u00edt\u00e1sa a k\u00f6zelm\u00faltban megkezd\u0151d\u00f6tt, \u00edgy a legfontosabb m\u0171szaki alapok m\u00e1r rendelkez\u00e9sre \u00e1llnak. Megt\u00f6rt\u00e9nt a v\u00edz- \u00e9s villanyvezet\u00e9kek cser\u00e9je, \u00faj ny\u00edl\u00e1sz\u00e1r\u00f3k ker\u00fcltek be\u00e9p\u00edt\u00e9sre, valamint a bels\u0151 terek \u00e1talak\u00edt\u00e1sa is elkezd\u0151d\u00f6tt. A k\u00e9t t\u00e1gas szoba m\u00e1r r\u00e9szben elk\u00e9sz\u00fclt, lamin\u00e1lt padl\u00f3val burkolt, m\u00edg a modern f\u00fcrd\u0151szoba teljesen \u00faj \u00e9s azonnal haszn\u00e1lhat\u00f3. A tov\u00e1bbi helyis\u00e9gek, k\u00f6zt\u00fck a konyha \u00e9s a nappali, m\u00e9g kialak\u00edt\u00e1sra v\u00e1rnak, \u00edgy a leend\u0151 tulajdonos saj\u00e1t \u00edzl\u00e9s\u00e9nek megfelel\u0151en alak\u00edthatja ki a k\u00f6zponti \u00e9letteret.<\/p>\n<p class=\"p1\">Az ingatlan sz\u00e1mos tov\u00e1bbi lehet\u0151s\u00e9get rejt mag\u00e1ban. A h\u00e1ts\u00f3 bej\u00e1ratn\u00e1l tal\u00e1lhat\u00f3 ny\u00e1ri konyha k\u00f6nnyed\u00e9n egybenyithat\u00f3 a f\u0151\u00e9p\u00fclettel, a tet\u0151t\u00e9r pedig be\u00e9p\u00edthet\u0151, \u00edgy tov\u00e1bbi lak\u00f3terek hozhat\u00f3k l\u00e9tre. A t\u00e1gas telek, valamint a mell\u00e9k\u00e9p\u00fcletek \u00e9s a gar\u00e1zs ide\u00e1lis k\u00f6rnyezetet biztos\u00edtanak ak\u00e1r kert\u00e9szked\u00e9shez, \u00e1llattart\u00e1shoz vagy kisebb gazd\u00e1lkod\u00e1shoz is.<\/p>\n<p class=\"p1\">A h\u00e1z minden k\u00f6zm\u0171vel ell\u00e1tott, \u00edgy a tov\u00e1bbi munk\u00e1latok befejez\u00e9s\u00e9t k\u00f6vet\u0151en a bek\u00f6lt\u00f6z\u00e9s gyorsan \u00e9s z\u00f6kken\u0151mentesen megval\u00f3s\u00edthat\u00f3. Az ingatlan kiv\u00e1l\u00f3 v\u00e1laszt\u00e1s lehet mindazok sz\u00e1m\u00e1ra, akik nyugodt vid\u00e9ki k\u00f6rnyezetben szeretn\u00e9nek \u00e9lni, ugyanakkor fontos sz\u00e1mukra a j\u00f3 megk\u00f6zel\u00edthet\u0151s\u00e9g \u00e9s az alapvet\u0151 szolg\u00e1ltat\u00e1sok k\u00f6zels\u00e9ge.<\/p>\n<p class=\"p1\">S\u00e1voly rendezett, biztons\u00e1gos telep\u00fcl\u00e9s, ahol a mindennapi \u00e9lethez sz\u00fcks\u00e9ges int\u00e9zm\u00e9nyek k\u00f6nnyen el\u00e9rhet\u0151k. A k\u00f6rnyez\u0151 v\u00e1rosok, mint Marcali, Zalakaros, Nagykanizsa, valamint Keszthely \u00e9s H\u00e9v\u00edz r\u00f6vid id\u0151n bel\u00fcl megk\u00f6zel\u00edthet\u0151k, az M7-es aut\u00f3p\u00e1lya pedig szint\u00e9n el\u00e9rhet\u0151 t\u00e1vols\u00e1gban tal\u00e1lhat\u00f3.<\/p>\n<p class=\"p1\">Ez az ingatlan nem csup\u00e1n egy h\u00e1z, hanem egy lehet\u0151s\u00e9g arra, hogy egy val\u00f3di, szem\u00e9lyre szabott otthon sz\u00fclessen bel\u0151le. Ha \u00d6n is l\u00e1tja benne a potenci\u00e1lt, \u00e9rdemes szem\u00e9lyesen is megtekinteni.<\/p>\n<p class=\"p1\">Az ingatlan ir\u00e1ny\u00e1ra 26.000.000 Ft, amely az aktu\u00e1lis \u00e1rfolyamt\u00f3l f\u00fcgg\u0151en megk\u00f6zel\u00edt\u0151leg 67.000 eur\u00f3nak felel meg.<\/p>","protected":false},"excerpt":{"rendered":"<div class=\"listing-property justify-content-around col col-print d-flex flex-column text-center border-end border-1 border-gray-100 px-3\">\n<div class=\"listing-property justify-content-around col col-print d-flex flex-column text-center border-end border-1 border-gray-100 px-3\"><span class=\"fw-bold fs-4\">105 m2<\/span><\/div>\n<div class=\"listing-property justify-content-around col col-print d-flex flex-column text-center border-end border-1 border-gray-100 px-3\"><\/div>\n<\/div>\n<div class=\"listing-property justify-content-around col col-print d-flex flex-column text-center border-end border-1 border-gray-100 px-3\"><\/div>","protected":false},"featured_media":2809,"comment_status":"closed","ping_status":"closed","template":"","meta":{"_et_pb_use_builder":"","_et_pb_old_content":"","_et_gb_content_width":"","inline_featured_image":false},"product_brand":[],"product_cat":[21],"product_tag":[],"class_list":{"0":"post-2808","1":"product","2":"type-product","3":"status-publish","4":"has-post-thumbnail","6":"product_cat-elado-ingatlanok","8":"first","9":"instock","10":"shipping-taxable","11":"purchasable","12":"product-type-simple"},"yoast_head":"<!-- This site is optimized with the Yoast SEO plugin v25.7 - https:\/\/yoast.com\/wordpress\/plugins\/seo\/ -->\n<title>105 m2 Elad\u00f3 csal\u00e1di h\u00e1z S\u00e1volyon \u2013 egy otthon, ahol \u00faj fejezet kezd\u0151dhet. - Dream House Kirilla<\/title>\n<meta name=\"description\" content=\"S\u00e1volyon elad\u00f3 egy 105 m\u00b2-es csal\u00e1di h\u00e1z 3303 m\u00b2-es telken. R\u00e9szben fel\u00faj\u00edtott, nagy potenci\u00e1llal, csendes k\u00f6rnyezetben, a Balaton k\u00f6zel\u00e9ben.\" \/>\n<meta name=\"robots\" content=\"index, follow, max-snippet:-1, max-image-preview:large, max-video-preview:-1\" \/>\n<link rel=\"canonical\" href=\"https:\/\/dreamhousekirilla.hu\/de\/product\/elado-csaladi-haz-savolyon-felujitott-nagy-telekkel-kozel-a-balatonhoz\/\" \/>\n<meta property=\"og:locale\" content=\"de_DE\" \/>\n<meta property=\"og:type\" content=\"article\" \/>\n<meta property=\"og:title\" content=\"105 m2 Elad\u00f3 csal\u00e1di h\u00e1z S\u00e1volyon \u2013 egy otthon, ahol \u00faj fejezet kezd\u0151dhet. - Dream House Kirilla\" \/>\n<meta property=\"og:description\" content=\"S\u00e1volyon elad\u00f3 egy 105 m\u00b2-es csal\u00e1di h\u00e1z 3303 m\u00b2-es telken. R\u00e9szben fel\u00faj\u00edtott, nagy potenci\u00e1llal, csendes k\u00f6rnyezetben, a Balaton k\u00f6zel\u00e9ben.\" \/>\n<meta property=\"og:url\" content=\"https:\/\/dreamhousekirilla.hu\/de\/product\/elado-csaladi-haz-savolyon-felujitott-nagy-telekkel-kozel-a-balatonhoz\/\" \/>\n<meta property=\"og:site_name\" content=\"Dream House Kirilla\" \/>\n<meta property=\"article:modified_time\" content=\"2026-03-26T15:01:10+00:00\" \/>\n<meta property=\"og:image\" content=\"https:\/\/dreamhousekirilla.hu\/wp-content\/uploads\/2026\/03\/IMG_9430-scaled.jpeg\" \/>\n\t<meta property=\"og:image:width\" content=\"2560\" \/>\n\t<meta property=\"og:image:height\" content=\"1920\" \/>\n\t<meta property=\"og:image:type\" content=\"image\/jpeg\" \/>\n<meta name=\"twitter:card\" content=\"summary_large_image\" \/>\n<meta name=\"twitter:label1\" content=\"Gesch\u00e4tzte Lesezeit\" \/>\n\t<meta name=\"twitter:data1\" content=\"2\u00a0Minuten\" \/>\n<script type=\"application\/ld+json\" class=\"yoast-schema-graph\">{\"@context\":\"https:\/\/schema.org\",\"@graph\":[{\"@type\":\"WebPage\",\"@id\":\"https:\/\/dreamhousekirilla.hu\/termek\/elado-csaladi-haz-savolyon-felujitott-nagy-telekkel-kozel-a-balatonhoz\/\",\"url\":\"https:\/\/dreamhousekirilla.hu\/termek\/elado-csaladi-haz-savolyon-felujitott-nagy-telekkel-kozel-a-balatonhoz\/\",\"name\":\"105 m2 Elad\u00f3 csal\u00e1di h\u00e1z S\u00e1volyon \u2013 egy otthon, ahol \u00faj fejezet kezd\u0151dhet. - Dream House Kirilla\",\"isPartOf\":{\"@id\":\"https:\/\/dreamhousekirilla.hu\/#website\"},\"primaryImageOfPage\":{\"@id\":\"https:\/\/dreamhousekirilla.hu\/termek\/elado-csaladi-haz-savolyon-felujitott-nagy-telekkel-kozel-a-balatonhoz\/#primaryimage\"},\"image\":{\"@id\":\"https:\/\/dreamhousekirilla.hu\/termek\/elado-csaladi-haz-savolyon-felujitott-nagy-telekkel-kozel-a-balatonhoz\/#primaryimage\"},\"thumbnailUrl\":\"https:\/\/dreamhousekirilla.hu\/wp-content\/uploads\/2026\/03\/IMG_9430-scaled.jpeg\",\"datePublished\":\"2026-03-26T14:50:57+00:00\",\"dateModified\":\"2026-03-26T15:01:10+00:00\",\"description\":\"S\u00e1volyon elad\u00f3 egy 105 m\u00b2-es csal\u00e1di h\u00e1z 3303 m\u00b2-es telken. R\u00e9szben fel\u00faj\u00edtott, nagy potenci\u00e1llal, csendes k\u00f6rnyezetben, a Balaton k\u00f6zel\u00e9ben.\",\"breadcrumb\":{\"@id\":\"https:\/\/dreamhousekirilla.hu\/termek\/elado-csaladi-haz-savolyon-felujitott-nagy-telekkel-kozel-a-balatonhoz\/#breadcrumb\"},\"inLanguage\":\"de\",\"potentialAction\":[{\"@type\":\"ReadAction\",\"target\":[\"https:\/\/dreamhousekirilla.hu\/termek\/elado-csaladi-haz-savolyon-felujitott-nagy-telekkel-kozel-a-balatonhoz\/\"]}]},{\"@type\":\"ImageObject\",\"inLanguage\":\"de\",\"@id\":\"https:\/\/dreamhousekirilla.hu\/termek\/elado-csaladi-haz-savolyon-felujitott-nagy-telekkel-kozel-a-balatonhoz\/#primaryimage\",\"url\":\"https:\/\/dreamhousekirilla.hu\/wp-content\/uploads\/2026\/03\/IMG_9430-scaled.jpeg\",\"contentUrl\":\"https:\/\/dreamhousekirilla.hu\/wp-content\/uploads\/2026\/03\/IMG_9430-scaled.jpeg\",\"width\":2560,\"height\":1920},{\"@type\":\"BreadcrumbList\",\"@id\":\"https:\/\/dreamhousekirilla.hu\/termek\/elado-csaladi-haz-savolyon-felujitott-nagy-telekkel-kozel-a-balatonhoz\/#breadcrumb\",\"itemListElement\":[{\"@type\":\"ListItem\",\"position\":1,\"name\":\"Kezd\u0151lap\",\"item\":\"https:\/\/dreamhousekirilla.hu\/\"},{\"@type\":\"ListItem\",\"position\":2,\"name\":\"Shop\",\"item\":\"https:\/\/dreamhousekirilla.hu\/uzlet\/\"},{\"@type\":\"ListItem\",\"position\":3,\"name\":\"105 m2 Elad\u00f3 csal\u00e1di h\u00e1z S\u00e1volyon \u2013 egy otthon, ahol \u00faj fejezet kezd\u0151dhet.\"}]},{\"@type\":\"WebSite\",\"@id\":\"https:\/\/dreamhousekirilla.hu\/#website\",\"url\":\"https:\/\/dreamhousekirilla.hu\/\",\"name\":\"Dream House Kirilla\",\"description\":\"Real Estate Agency\",\"publisher\":{\"@id\":\"https:\/\/dreamhousekirilla.hu\/#organization\"},\"potentialAction\":[{\"@type\":\"SearchAction\",\"target\":{\"@type\":\"EntryPoint\",\"urlTemplate\":\"https:\/\/dreamhousekirilla.hu\/?s={search_term_string}\"},\"query-input\":{\"@type\":\"PropertyValueSpecification\",\"valueRequired\":true,\"valueName\":\"search_term_string\"}}],\"inLanguage\":\"de\"},{\"@type\":\"Organization\",\"@id\":\"https:\/\/dreamhousekirilla.hu\/#organization\",\"name\":\"Dream House Kirilla - real estate agency\",\"url\":\"https:\/\/dreamhousekirilla.hu\/\",\"logo\":{\"@type\":\"ImageObject\",\"inLanguage\":\"de\",\"@id\":\"https:\/\/dreamhousekirilla.hu\/#\/schema\/logo\/image\/\",\"url\":\"https:\/\/dreamhousekirilla.hu\/wp-content\/uploads\/2025\/07\/Logo-allitott-zold.jpg\",\"contentUrl\":\"https:\/\/dreamhousekirilla.hu\/wp-content\/uploads\/2025\/07\/Logo-allitott-zold.jpg\",\"width\":596,\"height\":275,\"caption\":\"Dream House Kirilla - real estate agency\"},\"image\":{\"@id\":\"https:\/\/dreamhousekirilla.hu\/#\/schema\/logo\/image\/\"}}]}<\/script>\n<!-- \/ Yoast SEO plugin. -->","yoast_head_json":{"title":"105 m2 Elad\u00f3 csal\u00e1di h\u00e1z S\u00e1volyon \u2013 egy otthon, ahol \u00faj fejezet kezd\u0151dhet. - Dream House Kirilla","description":"S\u00e1volyon elad\u00f3 egy 105 m\u00b2-es csal\u00e1di h\u00e1z 3303 m\u00b2-es telken. R\u00e9szben fel\u00faj\u00edtott, nagy potenci\u00e1llal, csendes k\u00f6rnyezetben, a Balaton k\u00f6zel\u00e9ben.","robots":{"index":"index","follow":"follow","max-snippet":"max-snippet:-1","max-image-preview":"max-image-preview:large","max-video-preview":"max-video-preview:-1"},"canonical":"https:\/\/dreamhousekirilla.hu\/de\/product\/elado-csaladi-haz-savolyon-felujitott-nagy-telekkel-kozel-a-balatonhoz\/","og_locale":"de_DE","og_type":"article","og_title":"105 m2 Elad\u00f3 csal\u00e1di h\u00e1z S\u00e1volyon \u2013 egy otthon, ahol \u00faj fejezet kezd\u0151dhet. - Dream House Kirilla","og_description":"S\u00e1volyon elad\u00f3 egy 105 m\u00b2-es csal\u00e1di h\u00e1z 3303 m\u00b2-es telken. R\u00e9szben fel\u00faj\u00edtott, nagy potenci\u00e1llal, csendes k\u00f6rnyezetben, a Balaton k\u00f6zel\u00e9ben.","og_url":"https:\/\/dreamhousekirilla.hu\/de\/product\/elado-csaladi-haz-savolyon-felujitott-nagy-telekkel-kozel-a-balatonhoz\/","og_site_name":"Dream House Kirilla","article_modified_time":"2026-03-26T15:01:10+00:00","og_image":[{"width":2560,"height":1920,"url":"https:\/\/dreamhousekirilla.hu\/wp-content\/uploads\/2026\/03\/IMG_9430-scaled.jpeg","type":"image\/jpeg"}],"twitter_card":"summary_large_image","twitter_misc":{"Gesch\u00e4tzte Lesezeit":"2\u00a0Minuten"},"schema":{"@context":"https:\/\/schema.org","@graph":[{"@type":"WebPage","@id":"https:\/\/dreamhousekirilla.hu\/termek\/elado-csaladi-haz-savolyon-felujitott-nagy-telekkel-kozel-a-balatonhoz\/","url":"https:\/\/dreamhousekirilla.hu\/termek\/elado-csaladi-haz-savolyon-felujitott-nagy-telekkel-kozel-a-balatonhoz\/","name":"105 m2 Elad\u00f3 csal\u00e1di h\u00e1z S\u00e1volyon \u2013 egy otthon, ahol \u00faj fejezet kezd\u0151dhet. - Dream House Kirilla","isPartOf":{"@id":"https:\/\/dreamhousekirilla.hu\/#website"},"primaryImageOfPage":{"@id":"https:\/\/dreamhousekirilla.hu\/termek\/elado-csaladi-haz-savolyon-felujitott-nagy-telekkel-kozel-a-balatonhoz\/#primaryimage"},"image":{"@id":"https:\/\/dreamhousekirilla.hu\/termek\/elado-csaladi-haz-savolyon-felujitott-nagy-telekkel-kozel-a-balatonhoz\/#primaryimage"},"thumbnailUrl":"https:\/\/dreamhousekirilla.hu\/wp-content\/uploads\/2026\/03\/IMG_9430-scaled.jpeg","datePublished":"2026-03-26T14:50:57+00:00","dateModified":"2026-03-26T15:01:10+00:00","description":"S\u00e1volyon elad\u00f3 egy 105 m\u00b2-es csal\u00e1di h\u00e1z 3303 m\u00b2-es telken. R\u00e9szben fel\u00faj\u00edtott, nagy potenci\u00e1llal, csendes k\u00f6rnyezetben, a Balaton k\u00f6zel\u00e9ben.","breadcrumb":{"@id":"https:\/\/dreamhousekirilla.hu\/termek\/elado-csaladi-haz-savolyon-felujitott-nagy-telekkel-kozel-a-balatonhoz\/#breadcrumb"},"inLanguage":"de","potentialAction":[{"@type":"ReadAction","target":["https:\/\/dreamhousekirilla.hu\/termek\/elado-csaladi-haz-savolyon-felujitott-nagy-telekkel-kozel-a-balatonhoz\/"]}]},{"@type":"ImageObject","inLanguage":"de","@id":"https:\/\/dreamhousekirilla.hu\/termek\/elado-csaladi-haz-savolyon-felujitott-nagy-telekkel-kozel-a-balatonhoz\/#primaryimage","url":"https:\/\/dreamhousekirilla.hu\/wp-content\/uploads\/2026\/03\/IMG_9430-scaled.jpeg","contentUrl":"https:\/\/dreamhousekirilla.hu\/wp-content\/uploads\/2026\/03\/IMG_9430-scaled.jpeg","width":2560,"height":1920},{"@type":"BreadcrumbList","@id":"https:\/\/dreamhousekirilla.hu\/termek\/elado-csaladi-haz-savolyon-felujitott-nagy-telekkel-kozel-a-balatonhoz\/#breadcrumb","itemListElement":[{"@type":"ListItem","position":1,"name":"Kezd\u0151lap","item":"https:\/\/dreamhousekirilla.hu\/"},{"@type":"ListItem","position":2,"name":"Shop","item":"https:\/\/dreamhousekirilla.hu\/uzlet\/"},{"@type":"ListItem","position":3,"name":"105 m2 Elad\u00f3 csal\u00e1di h\u00e1z S\u00e1volyon \u2013 egy otthon, ahol \u00faj fejezet kezd\u0151dhet."}]},{"@type":"WebSite","@id":"https:\/\/dreamhousekirilla.hu\/#website","url":"https:\/\/dreamhousekirilla.hu\/","name":"DREAM HOUSE Kirilla","description":"Immobilienb\u00fcro","publisher":{"@id":"https:\/\/dreamhousekirilla.hu\/#organization"},"potentialAction":[{"@type":"SearchAction","target":{"@type":"EntryPoint","urlTemplate":"https:\/\/dreamhousekirilla.hu\/?s={search_term_string}"},"query-input":{"@type":"PropertyValueSpecification","valueRequired":true,"valueName":"search_term_string"}}],"inLanguage":"de"},{"@type":"Organization","@id":"https:\/\/dreamhousekirilla.hu\/#organization","name":"Traumhaus Kirilla - Immobilienb\u00fcro","url":"https:\/\/dreamhousekirilla.hu\/","logo":{"@type":"ImageObject","inLanguage":"de","@id":"https:\/\/dreamhousekirilla.hu\/#\/schema\/logo\/image\/","url":"https:\/\/dreamhousekirilla.hu\/wp-content\/uploads\/2025\/07\/Logo-allitott-zold.jpg","contentUrl":"https:\/\/dreamhousekirilla.hu\/wp-content\/uploads\/2025\/07\/Logo-allitott-zold.jpg","width":596,"height":275,"caption":"Dream House Kirilla - real estate agency"},"image":{"@id":"https:\/\/dreamhousekirilla.hu\/#\/schema\/logo\/image\/"}}]}},"_links":{"self":[{"href":"https:\/\/dreamhousekirilla.hu\/de\/wp-json\/wp\/v2\/product\/2808","targetHints":{"allow":["GET"]}}],"collection":[{"href":"https:\/\/dreamhousekirilla.hu\/de\/wp-json\/wp\/v2\/product"}],"about":[{"href":"https:\/\/dreamhousekirilla.hu\/de\/wp-json\/wp\/v2\/types\/product"}],"replies":[{"embeddable":true,"href":"https:\/\/dreamhousekirilla.hu\/de\/wp-json\/wp\/v2\/comments?post=2808"}],"wp:featuredmedia":[{"embeddable":true,"href":"https:\/\/dreamhousekirilla.hu\/de\/wp-json\/wp\/v2\/media\/2809"}],"wp:attachment":[{"href":"https:\/\/dreamhousekirilla.hu\/de\/wp-json\/wp\/v2\/media?parent=2808"}],"wp:term":[{"taxonomy":"product_brand","embeddable":true,"href":"https:\/\/dreamhousekirilla.hu\/de\/wp-json\/wp\/v2\/product_brand?post=2808"},{"taxonomy":"product_cat","embeddable":true,"href":"https:\/\/dreamhousekirilla.hu\/de\/wp-json\/wp\/v2\/product_cat?post=2808"},{"taxonomy":"product_tag","embeddable":true,"href":"https:\/\/dreamhousekirilla.hu\/de\/wp-json\/wp\/v2\/product_tag?post=2808"}],"curies":[{"name":"wp","href":"https:\/\/api.w.org\/{rel}","templated":true}]}}