{"id":2829,"date":"2026-03-26T16:40:37","date_gmt":"2026-03-26T15:40:37","guid":{"rendered":"https:\/\/dreamhousekirilla.hu\/?post_type=product&#038;p=2829"},"modified":"2026-03-26T16:49:41","modified_gmt":"2026-03-26T15:49:41","slug":"elado-csaladi-haz-vorson-90-m%c2%b2-4240-m%c2%b2-telek-balaton-kozeleben","status":"publish","type":"product","link":"https:\/\/dreamhousekirilla.hu\/de\/product\/elado-csaladi-haz-vorson-90-m%c2%b2-4240-m%c2%b2-telek-balaton-kozeleben\/","title":{"rendered":"<b>90 m2<\/b> <br>Csal\u00e1di h\u00e1z nagy telekkel a Balaton k\u00f6zel\u00e9ben, V\u00f6rs\u00f6n"},"content":{"rendered":"<p class=\"p1\">V\u00f6rs\u00f6n, Keszthelyt\u0151l mind\u00f6ssze 18 kilom\u00e9terre, a Balatont\u00f3l pedig csup\u00e1n 7 kilom\u00e9terre k\u00edn\u00e1lunk megv\u00e9telre egy j\u00f3 \u00e1llapot\u00fa, 90 m\u00b2-es csal\u00e1di h\u00e1zat, amely egy t\u00e1gas, 4240 m\u00b2-es telken helyezkedik el. A telep\u00fcl\u00e9s nyugodt, rendezett k\u00f6rnyezetet biztos\u00edt, ugyanakkor kiv\u00e1l\u00f3 infrastrukt\u00far\u00e1val \u00e9s j\u00f3 k\u00f6zleked\u00e9si adotts\u00e1gokkal rendelkezik, az M7-es aut\u00f3p\u00e1lya n\u00e9h\u00e1ny percen bel\u00fcl el\u00e9rhet\u0151.<\/p>\n<p class=\"p1\">Az ingatlan praktikus elrendez\u00e9s\u0171, vil\u00e1gos, j\u00f3l kihaszn\u00e1lhat\u00f3 terekkel rendelkezik, amelyek k\u00e9nyelmes otthont biztos\u00edtanak ak\u00e1r egy csal\u00e1d sz\u00e1m\u00e1ra is. A 2 szoba \u00e9s 2 f\u00e9lszoba megfelel\u0151 \u00e9letteret k\u00edn\u00e1l a mindennapokhoz, mik\u00f6zben a h\u00e1z hangulata bar\u00e1ts\u00e1gos \u00e9s otthonos.<\/p>\n<p class=\"p1\">A f\u0171t\u00e9sr\u0151l g\u00e1z k\u00f6zponti rendszer gondoskodik, amelyet egy cser\u00e9pk\u00e1lyha eg\u00e9sz\u00edt ki, \u00edgy a t\u00e9li h\u00f3napokban is kellemes, meleg otthon biztos\u00edtott. Az ingatlanhoz gar\u00e1zs \u00e9s mell\u00e9k\u00e9p\u00fclet is tartozik, amelyek tov\u00e1bbi t\u00e1rol\u00e1si vagy egy\u00e9b hasznos\u00edt\u00e1si lehet\u0151s\u00e9geket k\u00edn\u00e1lnak. Az ingatlanhoz pince is tartozik, amely extra t\u00e1rol\u00e1si lehet\u0151s\u00e9get biztos\u00edt.<\/p>\n<p class=\"p1\">V\u00f6rs falusi CSOK-ra alkalmas telep\u00fcl\u00e9s, ami k\u00fcl\u00f6n el\u0151nyt jelent a t\u00e1mogat\u00e1sokban gondolkod\u00f3 v\u00e1s\u00e1rl\u00f3k sz\u00e1m\u00e1ra. Az ingatlan kiv\u00e1l\u00f3 v\u00e1laszt\u00e1s mindazoknak, akik a Balaton k\u00f6zels\u00e9g\u00e9ben, m\u00e9gis csendes, vid\u00e9ki k\u00f6rnyezetben szeretn\u00e9nek \u00e9lni vagy befektet\u00e9sben gondolkodnak.<\/p>\n<p class=\"p1\">Az ingatlan ir\u00e1ny\u00e1ra 50.000.000 Ft, amely az aktu\u00e1lis \u00e1rfolyamt\u00f3l f\u00fcgg\u0151en megk\u00f6zel\u00edt\u0151leg 129.000 eur\u00f3nak felel meg.<\/p>","protected":false},"excerpt":{"rendered":"<div class=\"listing-property justify-content-around col col-print d-flex flex-column text-center border-end border-1 border-gray-100 px-3\">\n<div class=\"listing-property justify-content-around col col-print d-flex flex-column text-center border-end border-1 border-gray-100 px-3\"><span class=\"fw-bold fs-4\">90 m2<\/span><\/div>\n<div class=\"listing-property justify-content-around col col-print d-flex flex-column text-center border-end border-1 border-gray-100 px-3\"><\/div>\n<\/div>\n<div class=\"listing-property justify-content-around col col-print d-flex flex-column text-center border-end border-1 border-gray-100 px-3\"><\/div>","protected":false},"featured_media":2830,"comment_status":"closed","ping_status":"closed","template":"","meta":{"_et_pb_use_builder":"","_et_pb_old_content":"","_et_gb_content_width":"","inline_featured_image":false},"product_brand":[],"product_cat":[21],"product_tag":[],"class_list":{"0":"post-2829","1":"product","2":"type-product","3":"status-publish","4":"has-post-thumbnail","6":"product_cat-elado-ingatlanok","8":"first","9":"instock","10":"shipping-taxable","11":"purchasable","12":"product-type-simple"},"yoast_head":"<!-- This site is optimized with the Yoast SEO plugin v25.7 - https:\/\/yoast.com\/wordpress\/plugins\/seo\/ -->\n<title>90 m2 Csal\u00e1di h\u00e1z nagy telekkel a Balaton k\u00f6zel\u00e9ben, V\u00f6rs\u00f6n - Dream House Kirilla<\/title>\n<meta name=\"description\" content=\"V\u00f6rs\u00f6n, a Balaton k\u00f6zel\u00e9ben elad\u00f3 egy 90 m\u00b2-es j\u00f3 \u00e1llapot\u00fa csal\u00e1di h\u00e1z 4240 m\u00b2-es telken. Csendes k\u00f6rnyezet, mell\u00e9k\u00e9p\u00fcletek, gar\u00e1zs, M7 k\u00f6zel\u00e9ben. Ir\u00e1ny\u00e1r: 50.000.000 Ft \/ 129.000 EUR.\" \/>\n<meta name=\"robots\" content=\"index, follow, max-snippet:-1, max-image-preview:large, max-video-preview:-1\" \/>\n<link rel=\"canonical\" href=\"https:\/\/dreamhousekirilla.hu\/de\/product\/elado-csaladi-haz-vorson-90-m\u00b2-4240-m\u00b2-telek-balaton-kozeleben\/\" \/>\n<meta property=\"og:locale\" content=\"de_DE\" \/>\n<meta property=\"og:type\" content=\"article\" \/>\n<meta property=\"og:title\" content=\"90 m2 Csal\u00e1di h\u00e1z nagy telekkel a Balaton k\u00f6zel\u00e9ben, V\u00f6rs\u00f6n - Dream House Kirilla\" \/>\n<meta property=\"og:description\" content=\"V\u00f6rs\u00f6n, a Balaton k\u00f6zel\u00e9ben elad\u00f3 egy 90 m\u00b2-es j\u00f3 \u00e1llapot\u00fa csal\u00e1di h\u00e1z 4240 m\u00b2-es telken. Csendes k\u00f6rnyezet, mell\u00e9k\u00e9p\u00fcletek, gar\u00e1zs, M7 k\u00f6zel\u00e9ben. Ir\u00e1ny\u00e1r: 50.000.000 Ft \/ 129.000 EUR.\" \/>\n<meta property=\"og:url\" content=\"https:\/\/dreamhousekirilla.hu\/de\/product\/elado-csaladi-haz-vorson-90-m\u00b2-4240-m\u00b2-telek-balaton-kozeleben\/\" \/>\n<meta property=\"og:site_name\" content=\"Dream House Kirilla\" \/>\n<meta property=\"article:modified_time\" content=\"2026-03-26T15:49:41+00:00\" \/>\n<meta property=\"og:image\" content=\"https:\/\/dreamhousekirilla.hu\/wp-content\/uploads\/2026\/03\/1-2-scaled.jpeg\" \/>\n\t<meta property=\"og:image:width\" content=\"2560\" \/>\n\t<meta property=\"og:image:height\" content=\"1920\" \/>\n\t<meta property=\"og:image:type\" content=\"image\/jpeg\" \/>\n<meta name=\"twitter:card\" content=\"summary_large_image\" \/>\n<meta name=\"twitter:label1\" content=\"Gesch\u00e4tzte Lesezeit\" \/>\n\t<meta name=\"twitter:data1\" content=\"2\u00a0Minuten\" \/>\n<script type=\"application\/ld+json\" class=\"yoast-schema-graph\">{\"@context\":\"https:\/\/schema.org\",\"@graph\":[{\"@type\":\"WebPage\",\"@id\":\"https:\/\/dreamhousekirilla.hu\/termek\/elado-csaladi-haz-vorson-90-m%c2%b2-4240-m%c2%b2-telek-balaton-kozeleben\/\",\"url\":\"https:\/\/dreamhousekirilla.hu\/termek\/elado-csaladi-haz-vorson-90-m%c2%b2-4240-m%c2%b2-telek-balaton-kozeleben\/\",\"name\":\"90 m2 Csal\u00e1di h\u00e1z nagy telekkel a Balaton k\u00f6zel\u00e9ben, V\u00f6rs\u00f6n - Dream House Kirilla\",\"isPartOf\":{\"@id\":\"https:\/\/dreamhousekirilla.hu\/#website\"},\"primaryImageOfPage\":{\"@id\":\"https:\/\/dreamhousekirilla.hu\/termek\/elado-csaladi-haz-vorson-90-m%c2%b2-4240-m%c2%b2-telek-balaton-kozeleben\/#primaryimage\"},\"image\":{\"@id\":\"https:\/\/dreamhousekirilla.hu\/termek\/elado-csaladi-haz-vorson-90-m%c2%b2-4240-m%c2%b2-telek-balaton-kozeleben\/#primaryimage\"},\"thumbnailUrl\":\"https:\/\/dreamhousekirilla.hu\/wp-content\/uploads\/2026\/03\/1-2-scaled.jpeg\",\"datePublished\":\"2026-03-26T15:40:37+00:00\",\"dateModified\":\"2026-03-26T15:49:41+00:00\",\"description\":\"V\u00f6rs\u00f6n, a Balaton k\u00f6zel\u00e9ben elad\u00f3 egy 90 m\u00b2-es j\u00f3 \u00e1llapot\u00fa csal\u00e1di h\u00e1z 4240 m\u00b2-es telken. Csendes k\u00f6rnyezet, mell\u00e9k\u00e9p\u00fcletek, gar\u00e1zs, M7 k\u00f6zel\u00e9ben. Ir\u00e1ny\u00e1r: 50.000.000 Ft \/ 129.000 EUR.\",\"breadcrumb\":{\"@id\":\"https:\/\/dreamhousekirilla.hu\/termek\/elado-csaladi-haz-vorson-90-m%c2%b2-4240-m%c2%b2-telek-balaton-kozeleben\/#breadcrumb\"},\"inLanguage\":\"de\",\"potentialAction\":[{\"@type\":\"ReadAction\",\"target\":[\"https:\/\/dreamhousekirilla.hu\/termek\/elado-csaladi-haz-vorson-90-m%c2%b2-4240-m%c2%b2-telek-balaton-kozeleben\/\"]}]},{\"@type\":\"ImageObject\",\"inLanguage\":\"de\",\"@id\":\"https:\/\/dreamhousekirilla.hu\/termek\/elado-csaladi-haz-vorson-90-m%c2%b2-4240-m%c2%b2-telek-balaton-kozeleben\/#primaryimage\",\"url\":\"https:\/\/dreamhousekirilla.hu\/wp-content\/uploads\/2026\/03\/1-2-scaled.jpeg\",\"contentUrl\":\"https:\/\/dreamhousekirilla.hu\/wp-content\/uploads\/2026\/03\/1-2-scaled.jpeg\",\"width\":2560,\"height\":1920},{\"@type\":\"BreadcrumbList\",\"@id\":\"https:\/\/dreamhousekirilla.hu\/termek\/elado-csaladi-haz-vorson-90-m%c2%b2-4240-m%c2%b2-telek-balaton-kozeleben\/#breadcrumb\",\"itemListElement\":[{\"@type\":\"ListItem\",\"position\":1,\"name\":\"Kezd\u0151lap\",\"item\":\"https:\/\/dreamhousekirilla.hu\/\"},{\"@type\":\"ListItem\",\"position\":2,\"name\":\"Shop\",\"item\":\"https:\/\/dreamhousekirilla.hu\/uzlet\/\"},{\"@type\":\"ListItem\",\"position\":3,\"name\":\"90 m2 Csal\u00e1di h\u00e1z nagy telekkel a Balaton k\u00f6zel\u00e9ben, V\u00f6rs\u00f6n\"}]},{\"@type\":\"WebSite\",\"@id\":\"https:\/\/dreamhousekirilla.hu\/#website\",\"url\":\"https:\/\/dreamhousekirilla.hu\/\",\"name\":\"Dream House Kirilla\",\"description\":\"Real Estate Agency\",\"publisher\":{\"@id\":\"https:\/\/dreamhousekirilla.hu\/#organization\"},\"potentialAction\":[{\"@type\":\"SearchAction\",\"target\":{\"@type\":\"EntryPoint\",\"urlTemplate\":\"https:\/\/dreamhousekirilla.hu\/?s={search_term_string}\"},\"query-input\":{\"@type\":\"PropertyValueSpecification\",\"valueRequired\":true,\"valueName\":\"search_term_string\"}}],\"inLanguage\":\"de\"},{\"@type\":\"Organization\",\"@id\":\"https:\/\/dreamhousekirilla.hu\/#organization\",\"name\":\"Dream House Kirilla - real estate agency\",\"url\":\"https:\/\/dreamhousekirilla.hu\/\",\"logo\":{\"@type\":\"ImageObject\",\"inLanguage\":\"de\",\"@id\":\"https:\/\/dreamhousekirilla.hu\/#\/schema\/logo\/image\/\",\"url\":\"https:\/\/dreamhousekirilla.hu\/wp-content\/uploads\/2025\/07\/Logo-allitott-zold.jpg\",\"contentUrl\":\"https:\/\/dreamhousekirilla.hu\/wp-content\/uploads\/2025\/07\/Logo-allitott-zold.jpg\",\"width\":596,\"height\":275,\"caption\":\"Dream House Kirilla - real estate agency\"},\"image\":{\"@id\":\"https:\/\/dreamhousekirilla.hu\/#\/schema\/logo\/image\/\"}}]}<\/script>\n<!-- \/ Yoast SEO plugin. -->","yoast_head_json":{"title":"90 m2 Csal\u00e1di h\u00e1z nagy telekkel a Balaton k\u00f6zel\u00e9ben, V\u00f6rs\u00f6n - Dream House Kirilla","description":"V\u00f6rs\u00f6n, a Balaton k\u00f6zel\u00e9ben elad\u00f3 egy 90 m\u00b2-es j\u00f3 \u00e1llapot\u00fa csal\u00e1di h\u00e1z 4240 m\u00b2-es telken. Csendes k\u00f6rnyezet, mell\u00e9k\u00e9p\u00fcletek, gar\u00e1zs, M7 k\u00f6zel\u00e9ben. Ir\u00e1ny\u00e1r: 50.000.000 Ft \/ 129.000 EUR.","robots":{"index":"index","follow":"follow","max-snippet":"max-snippet:-1","max-image-preview":"max-image-preview:large","max-video-preview":"max-video-preview:-1"},"canonical":"https:\/\/dreamhousekirilla.hu\/de\/product\/elado-csaladi-haz-vorson-90-m\u00b2-4240-m\u00b2-telek-balaton-kozeleben\/","og_locale":"de_DE","og_type":"article","og_title":"90 m2 Csal\u00e1di h\u00e1z nagy telekkel a Balaton k\u00f6zel\u00e9ben, V\u00f6rs\u00f6n - Dream House Kirilla","og_description":"V\u00f6rs\u00f6n, a Balaton k\u00f6zel\u00e9ben elad\u00f3 egy 90 m\u00b2-es j\u00f3 \u00e1llapot\u00fa csal\u00e1di h\u00e1z 4240 m\u00b2-es telken. Csendes k\u00f6rnyezet, mell\u00e9k\u00e9p\u00fcletek, gar\u00e1zs, M7 k\u00f6zel\u00e9ben. Ir\u00e1ny\u00e1r: 50.000.000 Ft \/ 129.000 EUR.","og_url":"https:\/\/dreamhousekirilla.hu\/de\/product\/elado-csaladi-haz-vorson-90-m\u00b2-4240-m\u00b2-telek-balaton-kozeleben\/","og_site_name":"Dream House Kirilla","article_modified_time":"2026-03-26T15:49:41+00:00","og_image":[{"width":2560,"height":1920,"url":"https:\/\/dreamhousekirilla.hu\/wp-content\/uploads\/2026\/03\/1-2-scaled.jpeg","type":"image\/jpeg"}],"twitter_card":"summary_large_image","twitter_misc":{"Gesch\u00e4tzte Lesezeit":"2\u00a0Minuten"},"schema":{"@context":"https:\/\/schema.org","@graph":[{"@type":"WebPage","@id":"https:\/\/dreamhousekirilla.hu\/termek\/elado-csaladi-haz-vorson-90-m%c2%b2-4240-m%c2%b2-telek-balaton-kozeleben\/","url":"https:\/\/dreamhousekirilla.hu\/termek\/elado-csaladi-haz-vorson-90-m%c2%b2-4240-m%c2%b2-telek-balaton-kozeleben\/","name":"90 m2 Csal\u00e1di h\u00e1z nagy telekkel a Balaton k\u00f6zel\u00e9ben, V\u00f6rs\u00f6n - Dream House Kirilla","isPartOf":{"@id":"https:\/\/dreamhousekirilla.hu\/#website"},"primaryImageOfPage":{"@id":"https:\/\/dreamhousekirilla.hu\/termek\/elado-csaladi-haz-vorson-90-m%c2%b2-4240-m%c2%b2-telek-balaton-kozeleben\/#primaryimage"},"image":{"@id":"https:\/\/dreamhousekirilla.hu\/termek\/elado-csaladi-haz-vorson-90-m%c2%b2-4240-m%c2%b2-telek-balaton-kozeleben\/#primaryimage"},"thumbnailUrl":"https:\/\/dreamhousekirilla.hu\/wp-content\/uploads\/2026\/03\/1-2-scaled.jpeg","datePublished":"2026-03-26T15:40:37+00:00","dateModified":"2026-03-26T15:49:41+00:00","description":"V\u00f6rs\u00f6n, a Balaton k\u00f6zel\u00e9ben elad\u00f3 egy 90 m\u00b2-es j\u00f3 \u00e1llapot\u00fa csal\u00e1di h\u00e1z 4240 m\u00b2-es telken. Csendes k\u00f6rnyezet, mell\u00e9k\u00e9p\u00fcletek, gar\u00e1zs, M7 k\u00f6zel\u00e9ben. Ir\u00e1ny\u00e1r: 50.000.000 Ft \/ 129.000 EUR.","breadcrumb":{"@id":"https:\/\/dreamhousekirilla.hu\/termek\/elado-csaladi-haz-vorson-90-m%c2%b2-4240-m%c2%b2-telek-balaton-kozeleben\/#breadcrumb"},"inLanguage":"de","potentialAction":[{"@type":"ReadAction","target":["https:\/\/dreamhousekirilla.hu\/termek\/elado-csaladi-haz-vorson-90-m%c2%b2-4240-m%c2%b2-telek-balaton-kozeleben\/"]}]},{"@type":"ImageObject","inLanguage":"de","@id":"https:\/\/dreamhousekirilla.hu\/termek\/elado-csaladi-haz-vorson-90-m%c2%b2-4240-m%c2%b2-telek-balaton-kozeleben\/#primaryimage","url":"https:\/\/dreamhousekirilla.hu\/wp-content\/uploads\/2026\/03\/1-2-scaled.jpeg","contentUrl":"https:\/\/dreamhousekirilla.hu\/wp-content\/uploads\/2026\/03\/1-2-scaled.jpeg","width":2560,"height":1920},{"@type":"BreadcrumbList","@id":"https:\/\/dreamhousekirilla.hu\/termek\/elado-csaladi-haz-vorson-90-m%c2%b2-4240-m%c2%b2-telek-balaton-kozeleben\/#breadcrumb","itemListElement":[{"@type":"ListItem","position":1,"name":"Kezd\u0151lap","item":"https:\/\/dreamhousekirilla.hu\/"},{"@type":"ListItem","position":2,"name":"Shop","item":"https:\/\/dreamhousekirilla.hu\/uzlet\/"},{"@type":"ListItem","position":3,"name":"90 m2 Csal\u00e1di h\u00e1z nagy telekkel a Balaton k\u00f6zel\u00e9ben, V\u00f6rs\u00f6n"}]},{"@type":"WebSite","@id":"https:\/\/dreamhousekirilla.hu\/#website","url":"https:\/\/dreamhousekirilla.hu\/","name":"DREAM HOUSE Kirilla","description":"Immobilienb\u00fcro","publisher":{"@id":"https:\/\/dreamhousekirilla.hu\/#organization"},"potentialAction":[{"@type":"SearchAction","target":{"@type":"EntryPoint","urlTemplate":"https:\/\/dreamhousekirilla.hu\/?s={search_term_string}"},"query-input":{"@type":"PropertyValueSpecification","valueRequired":true,"valueName":"search_term_string"}}],"inLanguage":"de"},{"@type":"Organization","@id":"https:\/\/dreamhousekirilla.hu\/#organization","name":"Traumhaus Kirilla - Immobilienb\u00fcro","url":"https:\/\/dreamhousekirilla.hu\/","logo":{"@type":"ImageObject","inLanguage":"de","@id":"https:\/\/dreamhousekirilla.hu\/#\/schema\/logo\/image\/","url":"https:\/\/dreamhousekirilla.hu\/wp-content\/uploads\/2025\/07\/Logo-allitott-zold.jpg","contentUrl":"https:\/\/dreamhousekirilla.hu\/wp-content\/uploads\/2025\/07\/Logo-allitott-zold.jpg","width":596,"height":275,"caption":"Dream House Kirilla - real estate agency"},"image":{"@id":"https:\/\/dreamhousekirilla.hu\/#\/schema\/logo\/image\/"}}]}},"_links":{"self":[{"href":"https:\/\/dreamhousekirilla.hu\/de\/wp-json\/wp\/v2\/product\/2829","targetHints":{"allow":["GET"]}}],"collection":[{"href":"https:\/\/dreamhousekirilla.hu\/de\/wp-json\/wp\/v2\/product"}],"about":[{"href":"https:\/\/dreamhousekirilla.hu\/de\/wp-json\/wp\/v2\/types\/product"}],"replies":[{"embeddable":true,"href":"https:\/\/dreamhousekirilla.hu\/de\/wp-json\/wp\/v2\/comments?post=2829"}],"wp:featuredmedia":[{"embeddable":true,"href":"https:\/\/dreamhousekirilla.hu\/de\/wp-json\/wp\/v2\/media\/2830"}],"wp:attachment":[{"href":"https:\/\/dreamhousekirilla.hu\/de\/wp-json\/wp\/v2\/media?parent=2829"}],"wp:term":[{"taxonomy":"product_brand","embeddable":true,"href":"https:\/\/dreamhousekirilla.hu\/de\/wp-json\/wp\/v2\/product_brand?post=2829"},{"taxonomy":"product_cat","embeddable":true,"href":"https:\/\/dreamhousekirilla.hu\/de\/wp-json\/wp\/v2\/product_cat?post=2829"},{"taxonomy":"product_tag","embeddable":true,"href":"https:\/\/dreamhousekirilla.hu\/de\/wp-json\/wp\/v2\/product_tag?post=2829"}],"curies":[{"name":"wp","href":"https:\/\/api.w.org\/{rel}","templated":true}]}}