{"id":2911,"date":"2026-04-10T14:37:32","date_gmt":"2026-04-10T12:37:32","guid":{"rendered":"https:\/\/dreamhousekirilla.hu\/?post_type=product&#038;p=2911"},"modified":"2026-04-10T14:46:05","modified_gmt":"2026-04-10T12:46:05","slug":"elado-csaladi-haz-balatonszentgyorgy-napelem-bovitheto-nagy-telek","status":"publish","type":"product","link":"https:\/\/dreamhousekirilla.hu\/de\/product\/elado-csaladi-haz-balatonszentgyorgy-napelem-bovitheto-nagy-telek\/","title":{"rendered":"<b>90 m2<\/b> <br>Csendes elhelyezked\u00e9s\u0171 h\u00e1z napelemes rendszerrel a Balaton k\u00f6zel\u00e9ben"},"content":{"rendered":"<p class=\"p1\">Elad\u00e1sra k\u00edn\u00e1lunk <a href=\"chatgpt:\/\/generic-entity?number=0\"><span class=\"s1\">Balatonszentgy\u00f6rgy<\/span><\/a> egyik csendes \u00e9s k\u00f6zkedvelt utc\u00e1j\u00e1ban egy jelenleg 90 n\u00e9gyzetm\u00e9teres, ugyanakkor k\u00f6nnyed\u00e9n b\u0151v\u00edthet\u0151 csal\u00e1di h\u00e1zat, amely egy 1100 n\u00e9gyzetm\u00e9teres telken helyezkedik el.<\/p>\n<p class=\"p1\">Az ingatlan az elm\u00falt id\u0151szakban fel\u00faj\u00edt\u00e1son esett \u00e1t, amely sor\u00e1n a kor\u00e1bbi g\u00e1zkonvektorok elt\u00e1vol\u00edt\u00e1sra ker\u00fcltek, az elektromos h\u00e1l\u00f3zat teljes k\u00f6r\u0171en korszer\u0171s\u00edtve \u00e9s b\u0151v\u00edtve lett, valamint ki\u00e9p\u00edt\u00e9sre ker\u00fclt egy \u00e9ves szald\u00f3s elsz\u00e1mol\u00e1s\u00fa, 6,5 kW teljes\u00edtm\u00e9ny\u0171 napelemes rendszer. A f\u0171t\u00e9st modern elektromos f\u0171t\u0151panelek \u00e9s h\u0171t\u0151-f\u0171t\u0151 kl\u00edmaberendez\u00e9sek biztos\u00edtj\u00e1k, a napelemes rendszernek k\u00f6sz\u00f6nhet\u0151en pedig a fenntart\u00e1si k\u00f6lts\u00e9gek rendk\u00edv\u00fcl kedvez\u0151ek.<\/p>\n<p class=\"p1\">A h\u00e1zba bel\u00e9pve egy t\u00e1gas el\u0151t\u00e9r fogad, amely ide\u00e1lis lehet\u0151s\u00e9get biztos\u00edt egy bels\u0151 l\u00e9pcs\u0151 kialak\u00edt\u00e1s\u00e1ra, \u00edgy a pince \u00e9s a tet\u0151t\u00e9r is k\u00f6zvetlen\u00fcl \u00f6sszekapcsolhat\u00f3. A jelenlegi elrendez\u00e9s j\u00f3l \u00e1tgondolt, a k\u00f6zleked\u0151b\u0151l valamennyi helyis\u00e9g k\u00e9nyelmesen megk\u00f6zel\u00edthet\u0151, k\u00e9t h\u00e1l\u00f3szoba, egy vil\u00e1gos nappali, konyha, f\u00fcrd\u0151szoba, valamint egy k\u00fcl\u00f6n\u00e1ll\u00f3 mell\u00e9khelyis\u00e9g \u00e1ll rendelkez\u00e9sre. A konyh\u00e1b\u00f3l egy praktikus kamra ny\u00edlik, ahol jelenleg a padl\u00e1sfelj\u00e1r\u00f3 tal\u00e1lhat\u00f3, de innen is k\u00f6nnyed\u00e9n kialak\u00edthat\u00f3 egy emeletre vezet\u0151 l\u00e9pcs\u0151, amellyel tov\u00e1bbi lak\u00f3t\u00e9r hozhat\u00f3 l\u00e9tre.<\/p>\n<p class=\"p1\">Az \u00e9p\u00fclet h\u00e1ts\u00f3 r\u00e9sz\u00e9ben k\u00e9t gar\u00e1zs tal\u00e1lhat\u00f3, amelyek kiv\u00e1l\u00f3 lehet\u0151s\u00e9get k\u00edn\u00e1lnak egy k\u00fcl\u00f6n\u00e1ll\u00f3 szuter\u00e9n lak\u00e1s kialak\u00edt\u00e1s\u00e1ra, vagy ak\u00e1r a f\u00f6ldszinttel t\u00f6rt\u00e9n\u0151 egybenyit\u00e1s r\u00e9v\u00e9n a lak\u00f3t\u00e9r tov\u00e1bbi b\u0151v\u00edt\u00e9s\u00e9re. A kertben egy massz\u00edv, szigetelt beton alapra \u00e9p\u00fclt t\u00e9gla mell\u00e9k\u00e9p\u00fclet is helyet kapott, amely szint\u00e9n alkalmas k\u00fcl\u00f6n lakr\u00e9sz kialak\u00edt\u00e1s\u00e1ra vagy egy\u00e9b hasznos\u00edt\u00e1sra.<\/p>\n<p class=\"p1\">Az \u00e9p\u00fclet 10 cm vastag h\u0151szigetel\u00e9ssel rendelkezik, amely hozz\u00e1j\u00e1rul az energiahat\u00e9kony m\u0171k\u00f6d\u00e9shez \u00e9s a komfort\u00e9rzet n\u00f6vel\u00e9s\u00e9hez.<\/p>\n<p class=\"p1\"><span class=\"s1\"><a href=\"chatgpt:\/\/generic-entity?number=1\">Balatonszentgy\u00f6rgy<\/a><\/span> kiv\u00e1l\u00f3 elhelyezked\u00e9s\u00e9nek k\u00f6sz\u00f6nhet\u0151en a <a href=\"chatgpt:\/\/generic-entity?number=2\"><span class=\"s1\">Balaton<\/span><\/a> k\u00f6zels\u00e9ge mellett gyors el\u00e9rhet\u0151s\u00e9get biztos\u00edt <a href=\"chatgpt:\/\/generic-entity?number=3\"><span class=\"s1\">Keszthely<\/span><\/a> und <a href=\"chatgpt:\/\/generic-entity?number=4\"><span class=\"s1\">H\u00e9v\u00edz<\/span><\/a> ir\u00e1ny\u00e1ba is. A telep\u00fcl\u00e9s nyugodt, ugyanakkor j\u00f3l ell\u00e1tott, a mindennapi \u00e9lethez sz\u00fcks\u00e9ges szolg\u00e1ltat\u00e1sok k\u00f6nnyen el\u00e9rhet\u0151k, \u00edgy az ingatlan ide\u00e1lis v\u00e1laszt\u00e1s \u00e1lland\u00f3 otthonnak vagy m\u00e1sodik lak\u00f3helyk\u00e9nt egyar\u00e1nt.<\/p>\n<p class=\"p1\">Az ingatlan ir\u00e1ny\u00e1ra 65.900.000 Ft, amely az aktu\u00e1lis \u00e1rfolyamt\u00f3l f\u00fcgg\u0151en megk\u00f6zel\u00edt\u0151leg 170.000 eur\u00f3nak felel meg.<\/p>","protected":false},"excerpt":{"rendered":"<div class=\"listing-property justify-content-around col col-print d-flex flex-column text-center border-end border-1 border-gray-100 px-3\">\n<div class=\"listing-property justify-content-around col col-print d-flex flex-column text-center border-end border-1 border-gray-100 px-3\"><span class=\"fw-bold fs-4\">90 m2<\/span><\/div>\n<div class=\"listing-property justify-content-around col col-print d-flex flex-column text-center border-end border-1 border-gray-100 px-3\"><\/div>\n<\/div>\n<div class=\"listing-property justify-content-around col col-print d-flex flex-column text-center border-end border-1 border-gray-100 px-3\"><\/div>","protected":false},"featured_media":2912,"comment_status":"closed","ping_status":"closed","template":"","meta":{"_et_pb_use_builder":"","_et_pb_old_content":"","_et_gb_content_width":"","inline_featured_image":false},"product_brand":[],"product_cat":[21],"product_tag":[],"class_list":{"0":"post-2911","1":"product","2":"type-product","3":"status-publish","4":"has-post-thumbnail","6":"product_cat-elado-ingatlanok","8":"first","9":"instock","10":"shipping-taxable","11":"purchasable","12":"product-type-simple"},"yoast_head":"<!-- This site is optimized with the Yoast SEO plugin v25.7 - https:\/\/yoast.com\/wordpress\/plugins\/seo\/ -->\n<title>90 m2 Csendes elhelyezked\u00e9s\u0171 h\u00e1z napelemes rendszerrel a Balaton k\u00f6zel\u00e9ben - Dream House Kirilla<\/title>\n<meta name=\"description\" content=\"Elad\u00f3 90 m\u00b2-es, b\u0151v\u00edthet\u0151 csal\u00e1di h\u00e1z 1100 m\u00b2 telekkel Balatonszentgy\u00f6rgy telep\u00fcl\u00e9sen, Balaton k\u00f6zel\u00e9ben. Fel\u00faj\u00edtott, 6,5 kW napelemes rendszerrel, alacsony rezsivel, gar\u00e1zsokkal \u00e9s mell\u00e9k\u00e9p\u00fclettel.\" \/>\n<meta name=\"robots\" content=\"index, follow, max-snippet:-1, max-image-preview:large, max-video-preview:-1\" \/>\n<link rel=\"canonical\" href=\"https:\/\/dreamhousekirilla.hu\/de\/product\/elado-csaladi-haz-balatonszentgyorgy-napelem-bovitheto-nagy-telek\/\" \/>\n<meta property=\"og:locale\" content=\"de_DE\" \/>\n<meta property=\"og:type\" content=\"article\" \/>\n<meta property=\"og:title\" content=\"90 m2 Csendes elhelyezked\u00e9s\u0171 h\u00e1z napelemes rendszerrel a Balaton k\u00f6zel\u00e9ben - Dream House Kirilla\" \/>\n<meta property=\"og:description\" content=\"Elad\u00f3 90 m\u00b2-es, b\u0151v\u00edthet\u0151 csal\u00e1di h\u00e1z 1100 m\u00b2 telekkel Balatonszentgy\u00f6rgy telep\u00fcl\u00e9sen, Balaton k\u00f6zel\u00e9ben. Fel\u00faj\u00edtott, 6,5 kW napelemes rendszerrel, alacsony rezsivel, gar\u00e1zsokkal \u00e9s mell\u00e9k\u00e9p\u00fclettel.\" \/>\n<meta property=\"og:url\" content=\"https:\/\/dreamhousekirilla.hu\/de\/product\/elado-csaladi-haz-balatonszentgyorgy-napelem-bovitheto-nagy-telek\/\" \/>\n<meta property=\"og:site_name\" content=\"Dream House Kirilla\" \/>\n<meta property=\"article:modified_time\" content=\"2026-04-10T12:46:05+00:00\" \/>\n<meta property=\"og:image\" content=\"https:\/\/dreamhousekirilla.hu\/wp-content\/uploads\/2026\/04\/1-1-scaled.jpeg\" \/>\n\t<meta property=\"og:image:width\" content=\"2560\" \/>\n\t<meta property=\"og:image:height\" content=\"1920\" \/>\n\t<meta property=\"og:image:type\" content=\"image\/jpeg\" \/>\n<meta name=\"twitter:card\" content=\"summary_large_image\" \/>\n<meta name=\"twitter:label1\" content=\"Gesch\u00e4tzte Lesezeit\" \/>\n\t<meta name=\"twitter:data1\" content=\"2\u00a0Minuten\" \/>\n<script type=\"application\/ld+json\" class=\"yoast-schema-graph\">{\"@context\":\"https:\/\/schema.org\",\"@graph\":[{\"@type\":\"WebPage\",\"@id\":\"https:\/\/dreamhousekirilla.hu\/termek\/elado-csaladi-haz-balatonszentgyorgy-napelem-bovitheto-nagy-telek\/\",\"url\":\"https:\/\/dreamhousekirilla.hu\/termek\/elado-csaladi-haz-balatonszentgyorgy-napelem-bovitheto-nagy-telek\/\",\"name\":\"90 m2 Csendes elhelyezked\u00e9s\u0171 h\u00e1z napelemes rendszerrel a Balaton k\u00f6zel\u00e9ben - Dream House Kirilla\",\"isPartOf\":{\"@id\":\"https:\/\/dreamhousekirilla.hu\/#website\"},\"primaryImageOfPage\":{\"@id\":\"https:\/\/dreamhousekirilla.hu\/termek\/elado-csaladi-haz-balatonszentgyorgy-napelem-bovitheto-nagy-telek\/#primaryimage\"},\"image\":{\"@id\":\"https:\/\/dreamhousekirilla.hu\/termek\/elado-csaladi-haz-balatonszentgyorgy-napelem-bovitheto-nagy-telek\/#primaryimage\"},\"thumbnailUrl\":\"https:\/\/dreamhousekirilla.hu\/wp-content\/uploads\/2026\/04\/1-1-scaled.jpeg\",\"datePublished\":\"2026-04-10T12:37:32+00:00\",\"dateModified\":\"2026-04-10T12:46:05+00:00\",\"description\":\"Elad\u00f3 90 m\u00b2-es, b\u0151v\u00edthet\u0151 csal\u00e1di h\u00e1z 1100 m\u00b2 telekkel Balatonszentgy\u00f6rgy telep\u00fcl\u00e9sen, Balaton k\u00f6zel\u00e9ben. Fel\u00faj\u00edtott, 6,5 kW napelemes rendszerrel, alacsony rezsivel, gar\u00e1zsokkal \u00e9s mell\u00e9k\u00e9p\u00fclettel.\",\"breadcrumb\":{\"@id\":\"https:\/\/dreamhousekirilla.hu\/termek\/elado-csaladi-haz-balatonszentgyorgy-napelem-bovitheto-nagy-telek\/#breadcrumb\"},\"inLanguage\":\"de\",\"potentialAction\":[{\"@type\":\"ReadAction\",\"target\":[\"https:\/\/dreamhousekirilla.hu\/termek\/elado-csaladi-haz-balatonszentgyorgy-napelem-bovitheto-nagy-telek\/\"]}]},{\"@type\":\"ImageObject\",\"inLanguage\":\"de\",\"@id\":\"https:\/\/dreamhousekirilla.hu\/termek\/elado-csaladi-haz-balatonszentgyorgy-napelem-bovitheto-nagy-telek\/#primaryimage\",\"url\":\"https:\/\/dreamhousekirilla.hu\/wp-content\/uploads\/2026\/04\/1-1-scaled.jpeg\",\"contentUrl\":\"https:\/\/dreamhousekirilla.hu\/wp-content\/uploads\/2026\/04\/1-1-scaled.jpeg\",\"width\":2560,\"height\":1920},{\"@type\":\"BreadcrumbList\",\"@id\":\"https:\/\/dreamhousekirilla.hu\/termek\/elado-csaladi-haz-balatonszentgyorgy-napelem-bovitheto-nagy-telek\/#breadcrumb\",\"itemListElement\":[{\"@type\":\"ListItem\",\"position\":1,\"name\":\"Kezd\u0151lap\",\"item\":\"https:\/\/dreamhousekirilla.hu\/\"},{\"@type\":\"ListItem\",\"position\":2,\"name\":\"Shop\",\"item\":\"https:\/\/dreamhousekirilla.hu\/uzlet\/\"},{\"@type\":\"ListItem\",\"position\":3,\"name\":\"90 m2 Csendes elhelyezked\u00e9s\u0171 h\u00e1z napelemes rendszerrel a Balaton k\u00f6zel\u00e9ben\"}]},{\"@type\":\"WebSite\",\"@id\":\"https:\/\/dreamhousekirilla.hu\/#website\",\"url\":\"https:\/\/dreamhousekirilla.hu\/\",\"name\":\"Dream House Kirilla\",\"description\":\"Real Estate Agency\",\"publisher\":{\"@id\":\"https:\/\/dreamhousekirilla.hu\/#organization\"},\"potentialAction\":[{\"@type\":\"SearchAction\",\"target\":{\"@type\":\"EntryPoint\",\"urlTemplate\":\"https:\/\/dreamhousekirilla.hu\/?s={search_term_string}\"},\"query-input\":{\"@type\":\"PropertyValueSpecification\",\"valueRequired\":true,\"valueName\":\"search_term_string\"}}],\"inLanguage\":\"de\"},{\"@type\":\"Organization\",\"@id\":\"https:\/\/dreamhousekirilla.hu\/#organization\",\"name\":\"Dream House Kirilla - real estate agency\",\"url\":\"https:\/\/dreamhousekirilla.hu\/\",\"logo\":{\"@type\":\"ImageObject\",\"inLanguage\":\"de\",\"@id\":\"https:\/\/dreamhousekirilla.hu\/#\/schema\/logo\/image\/\",\"url\":\"https:\/\/dreamhousekirilla.hu\/wp-content\/uploads\/2025\/07\/Logo-allitott-zold.jpg\",\"contentUrl\":\"https:\/\/dreamhousekirilla.hu\/wp-content\/uploads\/2025\/07\/Logo-allitott-zold.jpg\",\"width\":596,\"height\":275,\"caption\":\"Dream House Kirilla - real estate agency\"},\"image\":{\"@id\":\"https:\/\/dreamhousekirilla.hu\/#\/schema\/logo\/image\/\"}}]}<\/script>\n<!-- \/ Yoast SEO plugin. -->","yoast_head_json":{"title":"90 m2 Csendes elhelyezked\u00e9s\u0171 h\u00e1z napelemes rendszerrel a Balaton k\u00f6zel\u00e9ben - Dream House Kirilla","description":"Elad\u00f3 90 m\u00b2-es, b\u0151v\u00edthet\u0151 csal\u00e1di h\u00e1z 1100 m\u00b2 telekkel Balatonszentgy\u00f6rgy telep\u00fcl\u00e9sen, Balaton k\u00f6zel\u00e9ben. Fel\u00faj\u00edtott, 6,5 kW napelemes rendszerrel, alacsony rezsivel, gar\u00e1zsokkal \u00e9s mell\u00e9k\u00e9p\u00fclettel.","robots":{"index":"index","follow":"follow","max-snippet":"max-snippet:-1","max-image-preview":"max-image-preview:large","max-video-preview":"max-video-preview:-1"},"canonical":"https:\/\/dreamhousekirilla.hu\/de\/product\/elado-csaladi-haz-balatonszentgyorgy-napelem-bovitheto-nagy-telek\/","og_locale":"de_DE","og_type":"article","og_title":"90 m2 Csendes elhelyezked\u00e9s\u0171 h\u00e1z napelemes rendszerrel a Balaton k\u00f6zel\u00e9ben - Dream House Kirilla","og_description":"Elad\u00f3 90 m\u00b2-es, b\u0151v\u00edthet\u0151 csal\u00e1di h\u00e1z 1100 m\u00b2 telekkel Balatonszentgy\u00f6rgy telep\u00fcl\u00e9sen, Balaton k\u00f6zel\u00e9ben. Fel\u00faj\u00edtott, 6,5 kW napelemes rendszerrel, alacsony rezsivel, gar\u00e1zsokkal \u00e9s mell\u00e9k\u00e9p\u00fclettel.","og_url":"https:\/\/dreamhousekirilla.hu\/de\/product\/elado-csaladi-haz-balatonszentgyorgy-napelem-bovitheto-nagy-telek\/","og_site_name":"Dream House Kirilla","article_modified_time":"2026-04-10T12:46:05+00:00","og_image":[{"width":2560,"height":1920,"url":"https:\/\/dreamhousekirilla.hu\/wp-content\/uploads\/2026\/04\/1-1-scaled.jpeg","type":"image\/jpeg"}],"twitter_card":"summary_large_image","twitter_misc":{"Gesch\u00e4tzte Lesezeit":"2\u00a0Minuten"},"schema":{"@context":"https:\/\/schema.org","@graph":[{"@type":"WebPage","@id":"https:\/\/dreamhousekirilla.hu\/termek\/elado-csaladi-haz-balatonszentgyorgy-napelem-bovitheto-nagy-telek\/","url":"https:\/\/dreamhousekirilla.hu\/termek\/elado-csaladi-haz-balatonszentgyorgy-napelem-bovitheto-nagy-telek\/","name":"90 m2 Csendes elhelyezked\u00e9s\u0171 h\u00e1z napelemes rendszerrel a Balaton k\u00f6zel\u00e9ben - Dream House Kirilla","isPartOf":{"@id":"https:\/\/dreamhousekirilla.hu\/#website"},"primaryImageOfPage":{"@id":"https:\/\/dreamhousekirilla.hu\/termek\/elado-csaladi-haz-balatonszentgyorgy-napelem-bovitheto-nagy-telek\/#primaryimage"},"image":{"@id":"https:\/\/dreamhousekirilla.hu\/termek\/elado-csaladi-haz-balatonszentgyorgy-napelem-bovitheto-nagy-telek\/#primaryimage"},"thumbnailUrl":"https:\/\/dreamhousekirilla.hu\/wp-content\/uploads\/2026\/04\/1-1-scaled.jpeg","datePublished":"2026-04-10T12:37:32+00:00","dateModified":"2026-04-10T12:46:05+00:00","description":"Elad\u00f3 90 m\u00b2-es, b\u0151v\u00edthet\u0151 csal\u00e1di h\u00e1z 1100 m\u00b2 telekkel Balatonszentgy\u00f6rgy telep\u00fcl\u00e9sen, Balaton k\u00f6zel\u00e9ben. Fel\u00faj\u00edtott, 6,5 kW napelemes rendszerrel, alacsony rezsivel, gar\u00e1zsokkal \u00e9s mell\u00e9k\u00e9p\u00fclettel.","breadcrumb":{"@id":"https:\/\/dreamhousekirilla.hu\/termek\/elado-csaladi-haz-balatonszentgyorgy-napelem-bovitheto-nagy-telek\/#breadcrumb"},"inLanguage":"de","potentialAction":[{"@type":"ReadAction","target":["https:\/\/dreamhousekirilla.hu\/termek\/elado-csaladi-haz-balatonszentgyorgy-napelem-bovitheto-nagy-telek\/"]}]},{"@type":"ImageObject","inLanguage":"de","@id":"https:\/\/dreamhousekirilla.hu\/termek\/elado-csaladi-haz-balatonszentgyorgy-napelem-bovitheto-nagy-telek\/#primaryimage","url":"https:\/\/dreamhousekirilla.hu\/wp-content\/uploads\/2026\/04\/1-1-scaled.jpeg","contentUrl":"https:\/\/dreamhousekirilla.hu\/wp-content\/uploads\/2026\/04\/1-1-scaled.jpeg","width":2560,"height":1920},{"@type":"BreadcrumbList","@id":"https:\/\/dreamhousekirilla.hu\/termek\/elado-csaladi-haz-balatonszentgyorgy-napelem-bovitheto-nagy-telek\/#breadcrumb","itemListElement":[{"@type":"ListItem","position":1,"name":"Kezd\u0151lap","item":"https:\/\/dreamhousekirilla.hu\/"},{"@type":"ListItem","position":2,"name":"Shop","item":"https:\/\/dreamhousekirilla.hu\/uzlet\/"},{"@type":"ListItem","position":3,"name":"90 m2 Csendes elhelyezked\u00e9s\u0171 h\u00e1z napelemes rendszerrel a Balaton k\u00f6zel\u00e9ben"}]},{"@type":"WebSite","@id":"https:\/\/dreamhousekirilla.hu\/#website","url":"https:\/\/dreamhousekirilla.hu\/","name":"DREAM HOUSE Kirilla","description":"Immobilienb\u00fcro","publisher":{"@id":"https:\/\/dreamhousekirilla.hu\/#organization"},"potentialAction":[{"@type":"SearchAction","target":{"@type":"EntryPoint","urlTemplate":"https:\/\/dreamhousekirilla.hu\/?s={search_term_string}"},"query-input":{"@type":"PropertyValueSpecification","valueRequired":true,"valueName":"search_term_string"}}],"inLanguage":"de"},{"@type":"Organization","@id":"https:\/\/dreamhousekirilla.hu\/#organization","name":"Traumhaus Kirilla - Immobilienb\u00fcro","url":"https:\/\/dreamhousekirilla.hu\/","logo":{"@type":"ImageObject","inLanguage":"de","@id":"https:\/\/dreamhousekirilla.hu\/#\/schema\/logo\/image\/","url":"https:\/\/dreamhousekirilla.hu\/wp-content\/uploads\/2025\/07\/Logo-allitott-zold.jpg","contentUrl":"https:\/\/dreamhousekirilla.hu\/wp-content\/uploads\/2025\/07\/Logo-allitott-zold.jpg","width":596,"height":275,"caption":"Dream House Kirilla - real estate agency"},"image":{"@id":"https:\/\/dreamhousekirilla.hu\/#\/schema\/logo\/image\/"}}]}},"_links":{"self":[{"href":"https:\/\/dreamhousekirilla.hu\/de\/wp-json\/wp\/v2\/product\/2911","targetHints":{"allow":["GET"]}}],"collection":[{"href":"https:\/\/dreamhousekirilla.hu\/de\/wp-json\/wp\/v2\/product"}],"about":[{"href":"https:\/\/dreamhousekirilla.hu\/de\/wp-json\/wp\/v2\/types\/product"}],"replies":[{"embeddable":true,"href":"https:\/\/dreamhousekirilla.hu\/de\/wp-json\/wp\/v2\/comments?post=2911"}],"wp:featuredmedia":[{"embeddable":true,"href":"https:\/\/dreamhousekirilla.hu\/de\/wp-json\/wp\/v2\/media\/2912"}],"wp:attachment":[{"href":"https:\/\/dreamhousekirilla.hu\/de\/wp-json\/wp\/v2\/media?parent=2911"}],"wp:term":[{"taxonomy":"product_brand","embeddable":true,"href":"https:\/\/dreamhousekirilla.hu\/de\/wp-json\/wp\/v2\/product_brand?post=2911"},{"taxonomy":"product_cat","embeddable":true,"href":"https:\/\/dreamhousekirilla.hu\/de\/wp-json\/wp\/v2\/product_cat?post=2911"},{"taxonomy":"product_tag","embeddable":true,"href":"https:\/\/dreamhousekirilla.hu\/de\/wp-json\/wp\/v2\/product_tag?post=2911"}],"curies":[{"name":"wp","href":"https:\/\/api.w.org\/{rel}","templated":true}]}}