{"id":810,"date":"2025-07-29T20:49:05","date_gmt":"2025-07-29T18:49:05","guid":{"rendered":"https:\/\/dreamhousekirilla.hu\/?post_type=product&#038;p=810"},"modified":"2026-01-26T14:04:06","modified_gmt":"2026-01-26T13:04:06","slug":"elado-haz-balatonszentgyorgy","status":"publish","type":"product","link":"https:\/\/dreamhousekirilla.hu\/de\/product\/elado-haz-balatonszentgyorgy\/","title":{"rendered":"<b>170 m\u00b2<\/b> <br>Neubauobjekt mit gro\u00dfem Grundst\u00fcck in Balatonszentgy\u00f6rgy"},"content":{"rendered":"<p><b>Modernes, neu gebautes Einfamilienhaus mit gro\u00dfem Grundst\u00fcck in einer ruhigen Gegend von Balatonszentgy\u00f6rgy - ein komfortables, energieeffizientes Haus in der N\u00e4he des Plattensees!<\/b><\/p>\n<p><span style=\"font-weight: 400;\">Wir bieten einen ebenerdigen Bungalow in Balatonszentgy\u00f6rgy, Baujahr 2023, auf einem 2.802 m\u00b2 gro\u00dfen, vollst\u00e4ndig eingez\u00e4unten Grundst\u00fcck mit eigenem Eingang zum Verkauf an. Die bebaute Fl\u00e4che betr\u00e4gt 230 m\u00b2, die Wohnfl\u00e4che betr\u00e4gt ca. 170 m\u00b2.<\/span><\/p>\n<p><span style=\"font-weight: 400;\">Das Haus ist mit moderner Bautechnik gebaut: 30 cm dicke Ytong-Ziegelw\u00e4nde, 10 cm Au\u00dfend\u00e4mmung, Terran-Betondachziegel. Der durchdachte Grundriss ist ideal f\u00fcr Familien: Garage, Eingangshalle, G\u00e4ste-WC, Diele, Hauswirtschaftsraum, K\u00fcche mit Essbereich, Speisekammer, ger\u00e4umiges Wohnzimmer, zwei Schlafzimmer, Badezimmer mit Dusche und WC und ein separates Hauptschlafzimmer mit eigenem Bad (Badewanne und WC). Zwei nach Westen ausgerichtete \u00fcberdachte Terrassen vervollst\u00e4ndigen die gem\u00fctliche Aufteilung.<\/span><\/p>\n<p><span style=\"font-weight: 400;\">Die Innenr\u00e4ume sind mit hochwertigen Materialien ausgestattet: Laminatb\u00f6den in den Schlafzimmern und elegante Keramikfliesen in den anderen R\u00e4umen. Im Wohnzimmer sorgen ein gem\u00fctlicher Kamin und eine Klimaanlage (K\u00fchlung\/Heizung) das ganze Jahr \u00fcber f\u00fcr Komfort.<\/span><\/p>\n<p><span style=\"font-weight: 400;\">Das Haus ist energieeffizient: Heizung und Warmwasser werden durch ein modernes, solarbetriebenes Stromsystem bereitgestellt. Die Kunststofffenster und -t\u00fcren sind mehrschichtig, isoliert und mit Aluminiumfensterl\u00e4den und Moskitonetzen ausgestattet.<\/span><\/p>\n<p><span style=\"font-weight: 400;\">Auf dem Grundst\u00fcck befindet sich auch ein Nebengeb\u00e4ude von ca. 25-30 m\u00b2, ideal f\u00fcr eine Garage oder Werkstatt. Der gepflegte Garten ist mit Weiden und Weidenb\u00e4umen bepflanzt und hat einen eigenen Brunnen - perfekt f\u00fcr die Bew\u00e4sserung oder zum Autowaschen.<\/span><\/p>\n<p><span style=\"font-weight: 400;\">Es ist eine ausgezeichnete Wahl f\u00fcr Familien, die ein ger\u00e4umiges, modernes Haus in der N\u00e4he des Plattensees, aber in einer ruhigen, geordneten Umgebung suchen.<\/span><\/p>\n<p><span style=\"font-weight: 400;\">Die Infrastruktur des Dorfes ist ausgezeichnet: Bushaltestelle, Bahnhof, Arztpraxis, Apotheke, Lebensmittelgesch\u00e4ft, Restaurants und das B\u00fcrgermeisteramt sind 3 Minuten zu Fu\u00df entfernt; Schule, Kindergarten und Kirche sind in 5 Minuten zu Fu\u00df erreichbar. Keszthely und Marcali sind 15 km entfernt, H\u00e9v\u00edz 20 km. Wien und Budapest sind etwa 200 km entfernt.<\/span><\/p>\n<p><span style=\"font-weight: 400;\">Die Immobilie ist ideal f\u00fcr einen dauerhaften Wohnsitz, ein Ferienhaus oder ein vielseitiges Familienanwesen.<\/span><\/p>\n<p><span style=\"font-weight: 400;\">F\u00fcr weitere Informationen, Details und Bilder, kontaktieren Sie mich bitte!<\/span><\/p>\n<p class=\"p1\"><span class=\"s1\">Kor\u00e1bbi \u00e1r: <\/span><b>369.999 EUR \/ 147.999.999 Ft<\/b><b><\/b><\/p>\n<p class=\"p1\"><span class=\"s1\">\u00daj \u00e1r: <\/span><b>349.999 EUR (\u00e1rfolyamf\u00fcgg\u0151) \/ 133.999.999 Ft<\/b><\/p>\n<p><br style=\"font-weight: 400;\" \/><br style=\"font-weight: 400;\" \/><\/p>","protected":false},"excerpt":{"rendered":"<p>170 m\u00b2<\/p>","protected":false},"featured_media":811,"comment_status":"closed","ping_status":"closed","template":"","meta":{"_et_pb_use_builder":"","_et_pb_old_content":"","_et_gb_content_width":"","inline_featured_image":false},"product_brand":[],"product_cat":[21],"product_tag":[],"class_list":{"0":"post-810","1":"product","2":"type-product","3":"status-publish","4":"has-post-thumbnail","6":"product_cat-elado-ingatlanok","8":"first","9":"instock","10":"sale","11":"shipping-taxable","12":"purchasable","13":"product-type-simple"},"yoast_head":"<!-- This site is optimized with the Yoast SEO plugin v25.7 - https:\/\/yoast.com\/wordpress\/plugins\/seo\/ -->\n<title>170 m\u00b2 \u00daj \u00e9p\u00edt\u00e9s\u0171 ingatlan nagy telekkel Balatonszentgy\u00f6rgy\u00f6n - Dream House Kirilla<\/title>\n<meta name=\"description\" content=\"Modern, \u00faj \u00e9p\u00edt\u00e9s\u0171 csal\u00e1di h\u00e1z hatalmas telekkel Balatonszentgy\u00f6rgy csendes r\u00e9sz\u00e9n \u2013 k\u00e9nyelmes, energiahat\u00e9kony otthon a Balaton k\u00f6zel\u00e9ben!\" \/>\n<meta name=\"robots\" content=\"index, follow, max-snippet:-1, max-image-preview:large, max-video-preview:-1\" \/>\n<link rel=\"canonical\" href=\"https:\/\/dreamhousekirilla.hu\/de\/product\/elado-haz-balatonszentgyorgy\/\" \/>\n<meta property=\"og:locale\" content=\"de_DE\" \/>\n<meta property=\"og:type\" content=\"article\" \/>\n<meta property=\"og:title\" content=\"170 m\u00b2 \u00daj \u00e9p\u00edt\u00e9s\u0171 ingatlan nagy telekkel Balatonszentgy\u00f6rgy\u00f6n - Dream House Kirilla\" \/>\n<meta property=\"og:description\" content=\"Modern, \u00faj \u00e9p\u00edt\u00e9s\u0171 csal\u00e1di h\u00e1z hatalmas telekkel Balatonszentgy\u00f6rgy csendes r\u00e9sz\u00e9n \u2013 k\u00e9nyelmes, energiahat\u00e9kony otthon a Balaton k\u00f6zel\u00e9ben!\" \/>\n<meta property=\"og:url\" content=\"https:\/\/dreamhousekirilla.hu\/de\/product\/elado-haz-balatonszentgyorgy\/\" \/>\n<meta property=\"og:site_name\" content=\"Dream House Kirilla\" \/>\n<meta property=\"article:modified_time\" content=\"2026-01-26T13:04:06+00:00\" \/>\n<meta property=\"og:image\" content=\"https:\/\/dreamhousekirilla.hu\/wp-content\/uploads\/2025\/07\/IMG_3711.jpeg\" \/>\n\t<meta property=\"og:image:width\" content=\"1700\" \/>\n\t<meta property=\"og:image:height\" content=\"1275\" \/>\n\t<meta property=\"og:image:type\" content=\"image\/jpeg\" \/>\n<meta name=\"twitter:card\" content=\"summary_large_image\" \/>\n<meta name=\"twitter:label1\" content=\"Gesch\u00e4tzte Lesezeit\" \/>\n\t<meta name=\"twitter:data1\" content=\"2\u00a0Minuten\" \/>\n<script type=\"application\/ld+json\" class=\"yoast-schema-graph\">{\"@context\":\"https:\/\/schema.org\",\"@graph\":[{\"@type\":\"WebPage\",\"@id\":\"https:\/\/dreamhousekirilla.hu\/termek\/elado-haz-balatonszentgyorgy\/\",\"url\":\"https:\/\/dreamhousekirilla.hu\/termek\/elado-haz-balatonszentgyorgy\/\",\"name\":\"170 m\u00b2 \u00daj \u00e9p\u00edt\u00e9s\u0171 ingatlan nagy telekkel Balatonszentgy\u00f6rgy\u00f6n - Dream House Kirilla\",\"isPartOf\":{\"@id\":\"https:\/\/dreamhousekirilla.hu\/#website\"},\"primaryImageOfPage\":{\"@id\":\"https:\/\/dreamhousekirilla.hu\/termek\/elado-haz-balatonszentgyorgy\/#primaryimage\"},\"image\":{\"@id\":\"https:\/\/dreamhousekirilla.hu\/termek\/elado-haz-balatonszentgyorgy\/#primaryimage\"},\"thumbnailUrl\":\"https:\/\/dreamhousekirilla.hu\/wp-content\/uploads\/2025\/07\/IMG_3711.jpeg\",\"datePublished\":\"2025-07-29T18:49:05+00:00\",\"dateModified\":\"2026-01-26T13:04:06+00:00\",\"description\":\"Modern, \u00faj \u00e9p\u00edt\u00e9s\u0171 csal\u00e1di h\u00e1z hatalmas telekkel Balatonszentgy\u00f6rgy csendes r\u00e9sz\u00e9n \u2013 k\u00e9nyelmes, energiahat\u00e9kony otthon a Balaton k\u00f6zel\u00e9ben!\",\"breadcrumb\":{\"@id\":\"https:\/\/dreamhousekirilla.hu\/termek\/elado-haz-balatonszentgyorgy\/#breadcrumb\"},\"inLanguage\":\"de\",\"potentialAction\":[{\"@type\":\"ReadAction\",\"target\":[\"https:\/\/dreamhousekirilla.hu\/termek\/elado-haz-balatonszentgyorgy\/\"]}]},{\"@type\":\"ImageObject\",\"inLanguage\":\"de\",\"@id\":\"https:\/\/dreamhousekirilla.hu\/termek\/elado-haz-balatonszentgyorgy\/#primaryimage\",\"url\":\"https:\/\/dreamhousekirilla.hu\/wp-content\/uploads\/2025\/07\/IMG_3711.jpeg\",\"contentUrl\":\"https:\/\/dreamhousekirilla.hu\/wp-content\/uploads\/2025\/07\/IMG_3711.jpeg\",\"width\":1700,\"height\":1275,\"caption\":\"Dream House Kirilla - Elad\u00f3 Ingatlanok\"},{\"@type\":\"BreadcrumbList\",\"@id\":\"https:\/\/dreamhousekirilla.hu\/termek\/elado-haz-balatonszentgyorgy\/#breadcrumb\",\"itemListElement\":[{\"@type\":\"ListItem\",\"position\":1,\"name\":\"Kezd\u0151lap\",\"item\":\"https:\/\/dreamhousekirilla.hu\/\"},{\"@type\":\"ListItem\",\"position\":2,\"name\":\"Shop\",\"item\":\"https:\/\/dreamhousekirilla.hu\/uzlet\/\"},{\"@type\":\"ListItem\",\"position\":3,\"name\":\"170 m\u00b2 \u00daj \u00e9p\u00edt\u00e9s\u0171 ingatlan nagy telekkel Balatonszentgy\u00f6rgy\u00f6n\"}]},{\"@type\":\"WebSite\",\"@id\":\"https:\/\/dreamhousekirilla.hu\/#website\",\"url\":\"https:\/\/dreamhousekirilla.hu\/\",\"name\":\"Dream House Kirilla\",\"description\":\"Real Estate Agency\",\"publisher\":{\"@id\":\"https:\/\/dreamhousekirilla.hu\/#organization\"},\"potentialAction\":[{\"@type\":\"SearchAction\",\"target\":{\"@type\":\"EntryPoint\",\"urlTemplate\":\"https:\/\/dreamhousekirilla.hu\/?s={search_term_string}\"},\"query-input\":{\"@type\":\"PropertyValueSpecification\",\"valueRequired\":true,\"valueName\":\"search_term_string\"}}],\"inLanguage\":\"de\"},{\"@type\":\"Organization\",\"@id\":\"https:\/\/dreamhousekirilla.hu\/#organization\",\"name\":\"Dream House Kirilla - real estate agency\",\"url\":\"https:\/\/dreamhousekirilla.hu\/\",\"logo\":{\"@type\":\"ImageObject\",\"inLanguage\":\"de\",\"@id\":\"https:\/\/dreamhousekirilla.hu\/#\/schema\/logo\/image\/\",\"url\":\"https:\/\/dreamhousekirilla.hu\/wp-content\/uploads\/2025\/07\/Logo-allitott-zold.jpg\",\"contentUrl\":\"https:\/\/dreamhousekirilla.hu\/wp-content\/uploads\/2025\/07\/Logo-allitott-zold.jpg\",\"width\":596,\"height\":275,\"caption\":\"Dream House Kirilla - real estate agency\"},\"image\":{\"@id\":\"https:\/\/dreamhousekirilla.hu\/#\/schema\/logo\/image\/\"}}]}<\/script>\n<!-- \/ Yoast SEO plugin. -->","yoast_head_json":{"title":"170 m\u00b2 Neubauobjekt mit gro\u00dfem Grundst\u00fcck in Balatonszentgy\u00f6rgy - Traumhaus Kirilla","description":"Modernes, neu gebautes Einfamilienhaus mit gro\u00dfem Grundst\u00fcck in einer ruhigen Gegend von Balatonszentgy\u00f6rgy - ein komfortables, energieeffizientes Haus in der N\u00e4he des Plattensees!","robots":{"index":"index","follow":"follow","max-snippet":"max-snippet:-1","max-image-preview":"max-image-preview:large","max-video-preview":"max-video-preview:-1"},"canonical":"https:\/\/dreamhousekirilla.hu\/de\/product\/elado-haz-balatonszentgyorgy\/","og_locale":"de_DE","og_type":"article","og_title":"170 m\u00b2 \u00daj \u00e9p\u00edt\u00e9s\u0171 ingatlan nagy telekkel Balatonszentgy\u00f6rgy\u00f6n - Dream House Kirilla","og_description":"Modern, \u00faj \u00e9p\u00edt\u00e9s\u0171 csal\u00e1di h\u00e1z hatalmas telekkel Balatonszentgy\u00f6rgy csendes r\u00e9sz\u00e9n \u2013 k\u00e9nyelmes, energiahat\u00e9kony otthon a Balaton k\u00f6zel\u00e9ben!","og_url":"https:\/\/dreamhousekirilla.hu\/de\/product\/elado-haz-balatonszentgyorgy\/","og_site_name":"Dream House Kirilla","article_modified_time":"2026-01-26T13:04:06+00:00","og_image":[{"width":1700,"height":1275,"url":"https:\/\/dreamhousekirilla.hu\/wp-content\/uploads\/2025\/07\/IMG_3711.jpeg","type":"image\/jpeg"}],"twitter_card":"summary_large_image","twitter_misc":{"Gesch\u00e4tzte Lesezeit":"2\u00a0Minuten"},"schema":{"@context":"https:\/\/schema.org","@graph":[{"@type":"WebPage","@id":"https:\/\/dreamhousekirilla.hu\/termek\/elado-haz-balatonszentgyorgy\/","url":"https:\/\/dreamhousekirilla.hu\/termek\/elado-haz-balatonszentgyorgy\/","name":"170 m\u00b2 Neubauobjekt mit gro\u00dfem Grundst\u00fcck in Balatonszentgy\u00f6rgy - Traumhaus Kirilla","isPartOf":{"@id":"https:\/\/dreamhousekirilla.hu\/#website"},"primaryImageOfPage":{"@id":"https:\/\/dreamhousekirilla.hu\/termek\/elado-haz-balatonszentgyorgy\/#primaryimage"},"image":{"@id":"https:\/\/dreamhousekirilla.hu\/termek\/elado-haz-balatonszentgyorgy\/#primaryimage"},"thumbnailUrl":"https:\/\/dreamhousekirilla.hu\/wp-content\/uploads\/2025\/07\/IMG_3711.jpeg","datePublished":"2025-07-29T18:49:05+00:00","dateModified":"2026-01-26T13:04:06+00:00","description":"Modernes, neu gebautes Einfamilienhaus mit gro\u00dfem Grundst\u00fcck in einer ruhigen Gegend von Balatonszentgy\u00f6rgy - ein komfortables, energieeffizientes Haus in der N\u00e4he des Plattensees!","breadcrumb":{"@id":"https:\/\/dreamhousekirilla.hu\/termek\/elado-haz-balatonszentgyorgy\/#breadcrumb"},"inLanguage":"de","potentialAction":[{"@type":"ReadAction","target":["https:\/\/dreamhousekirilla.hu\/termek\/elado-haz-balatonszentgyorgy\/"]}]},{"@type":"ImageObject","inLanguage":"de","@id":"https:\/\/dreamhousekirilla.hu\/termek\/elado-haz-balatonszentgyorgy\/#primaryimage","url":"https:\/\/dreamhousekirilla.hu\/wp-content\/uploads\/2025\/07\/IMG_3711.jpeg","contentUrl":"https:\/\/dreamhousekirilla.hu\/wp-content\/uploads\/2025\/07\/IMG_3711.jpeg","width":1700,"height":1275,"caption":"Dream House Kirilla - Elad\u00f3 Ingatlanok"},{"@type":"BreadcrumbList","@id":"https:\/\/dreamhousekirilla.hu\/termek\/elado-haz-balatonszentgyorgy\/#breadcrumb","itemListElement":[{"@type":"ListItem","position":1,"name":"Kezd\u0151lap","item":"https:\/\/dreamhousekirilla.hu\/"},{"@type":"ListItem","position":2,"name":"Shop","item":"https:\/\/dreamhousekirilla.hu\/uzlet\/"},{"@type":"ListItem","position":3,"name":"170 m\u00b2 \u00daj \u00e9p\u00edt\u00e9s\u0171 ingatlan nagy telekkel Balatonszentgy\u00f6rgy\u00f6n"}]},{"@type":"WebSite","@id":"https:\/\/dreamhousekirilla.hu\/#website","url":"https:\/\/dreamhousekirilla.hu\/","name":"DREAM HOUSE Kirilla","description":"Immobilienb\u00fcro","publisher":{"@id":"https:\/\/dreamhousekirilla.hu\/#organization"},"potentialAction":[{"@type":"SearchAction","target":{"@type":"EntryPoint","urlTemplate":"https:\/\/dreamhousekirilla.hu\/?s={search_term_string}"},"query-input":{"@type":"PropertyValueSpecification","valueRequired":true,"valueName":"search_term_string"}}],"inLanguage":"de"},{"@type":"Organization","@id":"https:\/\/dreamhousekirilla.hu\/#organization","name":"Traumhaus Kirilla - Immobilienb\u00fcro","url":"https:\/\/dreamhousekirilla.hu\/","logo":{"@type":"ImageObject","inLanguage":"de","@id":"https:\/\/dreamhousekirilla.hu\/#\/schema\/logo\/image\/","url":"https:\/\/dreamhousekirilla.hu\/wp-content\/uploads\/2025\/07\/Logo-allitott-zold.jpg","contentUrl":"https:\/\/dreamhousekirilla.hu\/wp-content\/uploads\/2025\/07\/Logo-allitott-zold.jpg","width":596,"height":275,"caption":"Dream House Kirilla - real estate agency"},"image":{"@id":"https:\/\/dreamhousekirilla.hu\/#\/schema\/logo\/image\/"}}]}},"_links":{"self":[{"href":"https:\/\/dreamhousekirilla.hu\/de\/wp-json\/wp\/v2\/product\/810","targetHints":{"allow":["GET"]}}],"collection":[{"href":"https:\/\/dreamhousekirilla.hu\/de\/wp-json\/wp\/v2\/product"}],"about":[{"href":"https:\/\/dreamhousekirilla.hu\/de\/wp-json\/wp\/v2\/types\/product"}],"replies":[{"embeddable":true,"href":"https:\/\/dreamhousekirilla.hu\/de\/wp-json\/wp\/v2\/comments?post=810"}],"wp:featuredmedia":[{"embeddable":true,"href":"https:\/\/dreamhousekirilla.hu\/de\/wp-json\/wp\/v2\/media\/811"}],"wp:attachment":[{"href":"https:\/\/dreamhousekirilla.hu\/de\/wp-json\/wp\/v2\/media?parent=810"}],"wp:term":[{"taxonomy":"product_brand","embeddable":true,"href":"https:\/\/dreamhousekirilla.hu\/de\/wp-json\/wp\/v2\/product_brand?post=810"},{"taxonomy":"product_cat","embeddable":true,"href":"https:\/\/dreamhousekirilla.hu\/de\/wp-json\/wp\/v2\/product_cat?post=810"},{"taxonomy":"product_tag","embeddable":true,"href":"https:\/\/dreamhousekirilla.hu\/de\/wp-json\/wp\/v2\/product_tag?post=810"}],"curies":[{"name":"wp","href":"https:\/\/api.w.org\/{rel}","templated":true}]}}