{"id":873,"date":"2025-07-29T22:38:50","date_gmt":"2025-07-29T20:38:50","guid":{"rendered":"https:\/\/dreamhousekirilla.hu\/?post_type=product&#038;p=873"},"modified":"2025-07-31T15:48:52","modified_gmt":"2025-07-31T13:48:52","slug":"elado-haz-balatonkeresztur","status":"publish","type":"product","link":"https:\/\/dreamhousekirilla.hu\/de\/product\/elado-haz-balatonkeresztur\/","title":{"rendered":"<b>70 m\u00b2<\/b> <br>Renoviertes, barrierefreies Anwesen mit Wald in Balatonereszt\u00faron"},"content":{"rendered":"<p><span style=\"font-weight: 400;\">Wir bieten in Balatonkereszt\u00faron ein sehr gut erhaltenes, komplett renoviertes Anwesen mit 70 m\u00b2 Wohnfl\u00e4che und 1300 m\u00b2 Grundst\u00fcck zum Verkauf an.<\/span><\/p>\n<p><span style=\"font-weight: 400;\">Das Geb\u00e4ude wurde in den letzten Jahren innen und au\u00dfen komplett renoviert. Das Dach, die Isolierung, die Fenster und der Garten wurden erneuert und befinden sich in einem gepflegten und gut erhaltenen Zustand.<\/span><\/p>\n<p><span style=\"font-weight: 400;\">Das Haus verf\u00fcgt \u00fcber zwei Schlafzimmer, eine ger\u00e4umige K\u00fcche mit Gemeinschaftsbereich, eine kleine Waschk\u00fcche, eine Speisekammer und ein modernes Badezimmer. Der Wohnbereich und das Badezimmer sind barrierefrei, so dass es auch f\u00fcr \u00e4ltere oder behinderte Menschen leicht zu nutzen ist.<\/span><\/p>\n<p><span style=\"font-weight: 400;\">An den Wohnbereich schlie\u00dft sich ein Koch-Esszimmer im \u00f6sterreichischen Stil an, das eine besondere Atmosph\u00e4re bietet und sich perfekt f\u00fcr Treffen mit Freunden oder der Familie eignet.<\/span><\/p>\n<p><span style=\"font-weight: 400;\">Die Immobilie ist Teil einer gro\u00dfen Garage mit Werkstatt, die direkt mit dem Hauptgeb\u00e4ude verbunden ist. Auf der R\u00fcckseite des Hauses befindet sich eine \u00fcberdachte und dennoch offene Sommerk\u00fcche und ein gem\u00fctlicher Freisitz mit Pflanzen.<\/span><\/p>\n<p><span style=\"font-weight: 400;\">Im Garten gibt es auch ein Lagergeb\u00e4ude im \u00f6sterreichischen Stil mit einem Keller darunter mit einer versteckten mechanischen T\u00fcr. Es gibt auch externe Nebengeb\u00e4ude - eine Toilette und ein Pissoir.<\/span><\/p>\n<p><span style=\"font-weight: 400;\">Das Grundst\u00fcck ist sorgf\u00e4ltig angelegt, mit mehreren Obstb\u00e4umen und Gem\u00fcseg\u00e4rten. Es gibt auch Platz f\u00fcr einen erh\u00f6hten Parkplatz f\u00fcr Autos und Wohnwagen und eine freistehende Garage.<\/span><\/p>\n<p><span style=\"font-weight: 400;\">Eine Solaranlage auf dem Dach der Lagerhalle und des Carports liefert einen Teil der Energieversorgung des Anwesens sowie Warmwasser f\u00fcr die Sommerk\u00fcche und die Au\u00dfendusche.<\/span><\/p>\n<p><span style=\"font-weight: 400;\">Das Grundst\u00fcck hinter den Garagen bietet weiteres Entwicklungspotenzial, und am Ende des Gartens befindet sich ein Holzchalet, das mit dem privaten Waldbereich des Grundst\u00fccks verbunden ist.<\/span><\/p>\n<p><span style=\"font-weight: 400;\">Die Immobilie eignet sich ideal als st\u00e4ndiger Wohnsitz, als Feriendomizil oder sogar als multifunktionales Familienanwesen.<\/span><\/p>\n<p><span style=\"font-weight: 400;\">F\u00fcr weitere Informationen, Details und Bilder, kontaktieren Sie mich bitte.<\/span><\/p>\n<p><span style=\"font-weight: 400;\">Kaufpreis: 207.999 EUR (je nach Wechselkurs) oder 83.499.999 HUF.<\/span><\/p>\n<p><br style=\"font-weight: 400;\" \/><br style=\"font-weight: 400;\" \/><\/p>","protected":false},"excerpt":{"rendered":"<p>70 m\u00b2<\/p>","protected":false},"featured_media":874,"comment_status":"closed","ping_status":"closed","template":"","meta":{"_et_pb_use_builder":"","_et_pb_old_content":"","_et_gb_content_width":"","inline_featured_image":false},"product_brand":[],"product_cat":[21],"product_tag":[],"class_list":{"0":"post-873","1":"product","2":"type-product","3":"status-publish","4":"has-post-thumbnail","6":"product_cat-elado-ingatlanok","8":"first","9":"instock","10":"shipping-taxable","11":"purchasable","12":"product-type-simple"},"yoast_head":"<!-- This site is optimized with the Yoast SEO plugin v25.7 - https:\/\/yoast.com\/wordpress\/plugins\/seo\/ -->\n<title>70 m\u00b2 Fel\u00faj\u00edtott, akad\u00e1lymentes birtok erd\u0151vel Balatonereszt\u00faron - Dream House Kirilla<\/title>\n<meta name=\"description\" content=\"Elad\u00e1sra k\u00edn\u00e1lunk Balatonkereszt\u00faron egy kiv\u00e1l\u00f3 \u00e1llapot\u00fa, teljes k\u00f6r\u0171en fel\u00faj\u00edtott ingatlant, amely 70 m\u00b2-es lak\u00f3ter\u00fclettel \u00e9s 1300 m\u00b2-es telekkel rendelkezik.\" \/>\n<meta name=\"robots\" content=\"index, follow, max-snippet:-1, max-image-preview:large, max-video-preview:-1\" \/>\n<link rel=\"canonical\" href=\"https:\/\/dreamhousekirilla.hu\/de\/product\/elado-haz-balatonkeresztur\/\" \/>\n<meta property=\"og:locale\" content=\"de_DE\" \/>\n<meta property=\"og:type\" content=\"article\" \/>\n<meta property=\"og:title\" content=\"70 m\u00b2 Fel\u00faj\u00edtott, akad\u00e1lymentes birtok erd\u0151vel Balatonereszt\u00faron - Dream House Kirilla\" \/>\n<meta property=\"og:description\" content=\"Elad\u00e1sra k\u00edn\u00e1lunk Balatonkereszt\u00faron egy kiv\u00e1l\u00f3 \u00e1llapot\u00fa, teljes k\u00f6r\u0171en fel\u00faj\u00edtott ingatlant, amely 70 m\u00b2-es lak\u00f3ter\u00fclettel \u00e9s 1300 m\u00b2-es telekkel rendelkezik.\" \/>\n<meta property=\"og:url\" content=\"https:\/\/dreamhousekirilla.hu\/de\/product\/elado-haz-balatonkeresztur\/\" \/>\n<meta property=\"og:site_name\" content=\"Dream House Kirilla\" \/>\n<meta property=\"article:modified_time\" content=\"2025-07-31T13:48:52+00:00\" \/>\n<meta property=\"og:image\" content=\"https:\/\/dreamhousekirilla.hu\/wp-content\/uploads\/2025\/07\/IMG_3547.jpeg\" \/>\n\t<meta property=\"og:image:width\" content=\"1700\" \/>\n\t<meta property=\"og:image:height\" content=\"1275\" \/>\n\t<meta property=\"og:image:type\" content=\"image\/jpeg\" \/>\n<meta name=\"twitter:card\" content=\"summary_large_image\" \/>\n<meta name=\"twitter:label1\" content=\"Gesch\u00e4tzte Lesezeit\" \/>\n\t<meta name=\"twitter:data1\" content=\"2\u00a0Minuten\" \/>\n<script type=\"application\/ld+json\" class=\"yoast-schema-graph\">{\"@context\":\"https:\/\/schema.org\",\"@graph\":[{\"@type\":\"WebPage\",\"@id\":\"https:\/\/dreamhousekirilla.hu\/termek\/elado-haz-balatonkeresztur\/\",\"url\":\"https:\/\/dreamhousekirilla.hu\/termek\/elado-haz-balatonkeresztur\/\",\"name\":\"70 m\u00b2 Fel\u00faj\u00edtott, akad\u00e1lymentes birtok erd\u0151vel Balatonereszt\u00faron - Dream House Kirilla\",\"isPartOf\":{\"@id\":\"https:\/\/dreamhousekirilla.hu\/#website\"},\"primaryImageOfPage\":{\"@id\":\"https:\/\/dreamhousekirilla.hu\/termek\/elado-haz-balatonkeresztur\/#primaryimage\"},\"image\":{\"@id\":\"https:\/\/dreamhousekirilla.hu\/termek\/elado-haz-balatonkeresztur\/#primaryimage\"},\"thumbnailUrl\":\"https:\/\/dreamhousekirilla.hu\/wp-content\/uploads\/2025\/07\/IMG_3547.jpeg\",\"datePublished\":\"2025-07-29T20:38:50+00:00\",\"dateModified\":\"2025-07-31T13:48:52+00:00\",\"description\":\"Elad\u00e1sra k\u00edn\u00e1lunk Balatonkereszt\u00faron egy kiv\u00e1l\u00f3 \u00e1llapot\u00fa, teljes k\u00f6r\u0171en fel\u00faj\u00edtott ingatlant, amely 70 m\u00b2-es lak\u00f3ter\u00fclettel \u00e9s 1300 m\u00b2-es telekkel rendelkezik.\",\"breadcrumb\":{\"@id\":\"https:\/\/dreamhousekirilla.hu\/termek\/elado-haz-balatonkeresztur\/#breadcrumb\"},\"inLanguage\":\"de\",\"potentialAction\":[{\"@type\":\"ReadAction\",\"target\":[\"https:\/\/dreamhousekirilla.hu\/termek\/elado-haz-balatonkeresztur\/\"]}]},{\"@type\":\"ImageObject\",\"inLanguage\":\"de\",\"@id\":\"https:\/\/dreamhousekirilla.hu\/termek\/elado-haz-balatonkeresztur\/#primaryimage\",\"url\":\"https:\/\/dreamhousekirilla.hu\/wp-content\/uploads\/2025\/07\/IMG_3547.jpeg\",\"contentUrl\":\"https:\/\/dreamhousekirilla.hu\/wp-content\/uploads\/2025\/07\/IMG_3547.jpeg\",\"width\":1700,\"height\":1275,\"caption\":\"Dream House Kirilla - Elad\u00f3 Ingatlanok\"},{\"@type\":\"BreadcrumbList\",\"@id\":\"https:\/\/dreamhousekirilla.hu\/termek\/elado-haz-balatonkeresztur\/#breadcrumb\",\"itemListElement\":[{\"@type\":\"ListItem\",\"position\":1,\"name\":\"Kezd\u0151lap\",\"item\":\"https:\/\/dreamhousekirilla.hu\/\"},{\"@type\":\"ListItem\",\"position\":2,\"name\":\"Shop\",\"item\":\"https:\/\/dreamhousekirilla.hu\/uzlet\/\"},{\"@type\":\"ListItem\",\"position\":3,\"name\":\"70 m\u00b2 Fel\u00faj\u00edtott, akad\u00e1lymentes birtok erd\u0151vel Balatonereszt\u00faron\"}]},{\"@type\":\"WebSite\",\"@id\":\"https:\/\/dreamhousekirilla.hu\/#website\",\"url\":\"https:\/\/dreamhousekirilla.hu\/\",\"name\":\"Dream House Kirilla\",\"description\":\"Real Estate Agency\",\"publisher\":{\"@id\":\"https:\/\/dreamhousekirilla.hu\/#organization\"},\"potentialAction\":[{\"@type\":\"SearchAction\",\"target\":{\"@type\":\"EntryPoint\",\"urlTemplate\":\"https:\/\/dreamhousekirilla.hu\/?s={search_term_string}\"},\"query-input\":{\"@type\":\"PropertyValueSpecification\",\"valueRequired\":true,\"valueName\":\"search_term_string\"}}],\"inLanguage\":\"de\"},{\"@type\":\"Organization\",\"@id\":\"https:\/\/dreamhousekirilla.hu\/#organization\",\"name\":\"Dream House Kirilla - real estate agency\",\"url\":\"https:\/\/dreamhousekirilla.hu\/\",\"logo\":{\"@type\":\"ImageObject\",\"inLanguage\":\"de\",\"@id\":\"https:\/\/dreamhousekirilla.hu\/#\/schema\/logo\/image\/\",\"url\":\"https:\/\/dreamhousekirilla.hu\/wp-content\/uploads\/2025\/07\/Logo-allitott-zold.jpg\",\"contentUrl\":\"https:\/\/dreamhousekirilla.hu\/wp-content\/uploads\/2025\/07\/Logo-allitott-zold.jpg\",\"width\":596,\"height\":275,\"caption\":\"Dream House Kirilla - real estate agency\"},\"image\":{\"@id\":\"https:\/\/dreamhousekirilla.hu\/#\/schema\/logo\/image\/\"}}]}<\/script>\n<!-- \/ Yoast SEO plugin. -->","yoast_head_json":{"title":"70 m\u00b2 Renoviertes, barrierefreies Anwesen mit Wald in Balatonereszt\u00faron - Traumhaus Kirilla","description":"Wir bieten in Balatonkereszt\u00faron ein sehr gut erhaltenes, komplett renoviertes Anwesen mit 70 m\u00b2 Wohnfl\u00e4che und 1300 m\u00b2 Grundst\u00fcck zum Verkauf an.","robots":{"index":"index","follow":"follow","max-snippet":"max-snippet:-1","max-image-preview":"max-image-preview:large","max-video-preview":"max-video-preview:-1"},"canonical":"https:\/\/dreamhousekirilla.hu\/de\/product\/elado-haz-balatonkeresztur\/","og_locale":"de_DE","og_type":"article","og_title":"70 m\u00b2 Fel\u00faj\u00edtott, akad\u00e1lymentes birtok erd\u0151vel Balatonereszt\u00faron - Dream House Kirilla","og_description":"Elad\u00e1sra k\u00edn\u00e1lunk Balatonkereszt\u00faron egy kiv\u00e1l\u00f3 \u00e1llapot\u00fa, teljes k\u00f6r\u0171en fel\u00faj\u00edtott ingatlant, amely 70 m\u00b2-es lak\u00f3ter\u00fclettel \u00e9s 1300 m\u00b2-es telekkel rendelkezik.","og_url":"https:\/\/dreamhousekirilla.hu\/de\/product\/elado-haz-balatonkeresztur\/","og_site_name":"Dream House Kirilla","article_modified_time":"2025-07-31T13:48:52+00:00","og_image":[{"width":1700,"height":1275,"url":"https:\/\/dreamhousekirilla.hu\/wp-content\/uploads\/2025\/07\/IMG_3547.jpeg","type":"image\/jpeg"}],"twitter_card":"summary_large_image","twitter_misc":{"Gesch\u00e4tzte Lesezeit":"2\u00a0Minuten"},"schema":{"@context":"https:\/\/schema.org","@graph":[{"@type":"WebPage","@id":"https:\/\/dreamhousekirilla.hu\/termek\/elado-haz-balatonkeresztur\/","url":"https:\/\/dreamhousekirilla.hu\/termek\/elado-haz-balatonkeresztur\/","name":"70 m\u00b2 Renoviertes, barrierefreies Anwesen mit Wald in Balatonereszt\u00faron - Traumhaus Kirilla","isPartOf":{"@id":"https:\/\/dreamhousekirilla.hu\/#website"},"primaryImageOfPage":{"@id":"https:\/\/dreamhousekirilla.hu\/termek\/elado-haz-balatonkeresztur\/#primaryimage"},"image":{"@id":"https:\/\/dreamhousekirilla.hu\/termek\/elado-haz-balatonkeresztur\/#primaryimage"},"thumbnailUrl":"https:\/\/dreamhousekirilla.hu\/wp-content\/uploads\/2025\/07\/IMG_3547.jpeg","datePublished":"2025-07-29T20:38:50+00:00","dateModified":"2025-07-31T13:48:52+00:00","description":"Wir bieten in Balatonkereszt\u00faron ein sehr gut erhaltenes, komplett renoviertes Anwesen mit 70 m\u00b2 Wohnfl\u00e4che und 1300 m\u00b2 Grundst\u00fcck zum Verkauf an.","breadcrumb":{"@id":"https:\/\/dreamhousekirilla.hu\/termek\/elado-haz-balatonkeresztur\/#breadcrumb"},"inLanguage":"de","potentialAction":[{"@type":"ReadAction","target":["https:\/\/dreamhousekirilla.hu\/termek\/elado-haz-balatonkeresztur\/"]}]},{"@type":"ImageObject","inLanguage":"de","@id":"https:\/\/dreamhousekirilla.hu\/termek\/elado-haz-balatonkeresztur\/#primaryimage","url":"https:\/\/dreamhousekirilla.hu\/wp-content\/uploads\/2025\/07\/IMG_3547.jpeg","contentUrl":"https:\/\/dreamhousekirilla.hu\/wp-content\/uploads\/2025\/07\/IMG_3547.jpeg","width":1700,"height":1275,"caption":"Dream House Kirilla - Elad\u00f3 Ingatlanok"},{"@type":"BreadcrumbList","@id":"https:\/\/dreamhousekirilla.hu\/termek\/elado-haz-balatonkeresztur\/#breadcrumb","itemListElement":[{"@type":"ListItem","position":1,"name":"Kezd\u0151lap","item":"https:\/\/dreamhousekirilla.hu\/"},{"@type":"ListItem","position":2,"name":"Shop","item":"https:\/\/dreamhousekirilla.hu\/uzlet\/"},{"@type":"ListItem","position":3,"name":"70 m\u00b2 Fel\u00faj\u00edtott, akad\u00e1lymentes birtok erd\u0151vel Balatonereszt\u00faron"}]},{"@type":"WebSite","@id":"https:\/\/dreamhousekirilla.hu\/#website","url":"https:\/\/dreamhousekirilla.hu\/","name":"DREAM HOUSE Kirilla","description":"Immobilienb\u00fcro","publisher":{"@id":"https:\/\/dreamhousekirilla.hu\/#organization"},"potentialAction":[{"@type":"SearchAction","target":{"@type":"EntryPoint","urlTemplate":"https:\/\/dreamhousekirilla.hu\/?s={search_term_string}"},"query-input":{"@type":"PropertyValueSpecification","valueRequired":true,"valueName":"search_term_string"}}],"inLanguage":"de"},{"@type":"Organization","@id":"https:\/\/dreamhousekirilla.hu\/#organization","name":"Traumhaus Kirilla - Immobilienb\u00fcro","url":"https:\/\/dreamhousekirilla.hu\/","logo":{"@type":"ImageObject","inLanguage":"de","@id":"https:\/\/dreamhousekirilla.hu\/#\/schema\/logo\/image\/","url":"https:\/\/dreamhousekirilla.hu\/wp-content\/uploads\/2025\/07\/Logo-allitott-zold.jpg","contentUrl":"https:\/\/dreamhousekirilla.hu\/wp-content\/uploads\/2025\/07\/Logo-allitott-zold.jpg","width":596,"height":275,"caption":"Dream House Kirilla - real estate agency"},"image":{"@id":"https:\/\/dreamhousekirilla.hu\/#\/schema\/logo\/image\/"}}]}},"_links":{"self":[{"href":"https:\/\/dreamhousekirilla.hu\/de\/wp-json\/wp\/v2\/product\/873","targetHints":{"allow":["GET"]}}],"collection":[{"href":"https:\/\/dreamhousekirilla.hu\/de\/wp-json\/wp\/v2\/product"}],"about":[{"href":"https:\/\/dreamhousekirilla.hu\/de\/wp-json\/wp\/v2\/types\/product"}],"replies":[{"embeddable":true,"href":"https:\/\/dreamhousekirilla.hu\/de\/wp-json\/wp\/v2\/comments?post=873"}],"wp:featuredmedia":[{"embeddable":true,"href":"https:\/\/dreamhousekirilla.hu\/de\/wp-json\/wp\/v2\/media\/874"}],"wp:attachment":[{"href":"https:\/\/dreamhousekirilla.hu\/de\/wp-json\/wp\/v2\/media?parent=873"}],"wp:term":[{"taxonomy":"product_brand","embeddable":true,"href":"https:\/\/dreamhousekirilla.hu\/de\/wp-json\/wp\/v2\/product_brand?post=873"},{"taxonomy":"product_cat","embeddable":true,"href":"https:\/\/dreamhousekirilla.hu\/de\/wp-json\/wp\/v2\/product_cat?post=873"},{"taxonomy":"product_tag","embeddable":true,"href":"https:\/\/dreamhousekirilla.hu\/de\/wp-json\/wp\/v2\/product_tag?post=873"}],"curies":[{"name":"wp","href":"https:\/\/api.w.org\/{rel}","templated":true}]}}