{"id":935,"date":"2025-07-30T12:01:57","date_gmt":"2025-07-30T10:01:57","guid":{"rendered":"https:\/\/dreamhousekirilla.hu\/?post_type=product&#038;p=935"},"modified":"2025-09-29T19:54:07","modified_gmt":"2025-09-29T17:54:07","slug":"elado-haz-heviz","status":"publish","type":"product","link":"https:\/\/dreamhousekirilla.hu\/de\/product\/elado-haz-heviz\/","title":{"rendered":"<b>190 m\u00b2<\/b> <br>Erstklassiges Haus in der sch\u00f6nsten Gegend von H\u00e9v\u00edz"},"content":{"rendered":"<p><span style=\"font-weight: 400;\">Eine der einzigartigsten Immobilien in H\u00e9v\u00edz zu verkaufen: ein erstklassiges zweist\u00f6ckiges Haus auf der Insel der Ruhe und des Komforts!<\/span><\/p>\n<p><span style=\"font-weight: 400;\">Wir freuen uns, diese einmalige Gelegenheit in einer der sch\u00f6nsten, ruhigsten und luxuri\u00f6sesten Wohngegenden von Heviz zum Verkauf anbieten zu k\u00f6nnen. Dieses 2024 fertiggestellte zweist\u00f6ckige Premiumobjekt mit einer Wohnfl\u00e4che von \u00fcber 190 m\u00b2 und einem Grundst\u00fcck von 770 m\u00b2 wurde unter Verwendung der modernsten technischen L\u00f6sungen gebaut. Die Immobilie vereint Eleganz, Qualit\u00e4t und Komfort und bietet gleichzeitig umweltfreundliche L\u00f6sungen f\u00fcr Nachhaltigkeit.<\/span><\/p>\n<p><span style=\"font-weight: 400;\">Diese Immobilie bietet nicht nur \u00e4sthetischen Genuss, sondern sorgt auch f\u00fcr langfristig niedrige Betriebskosten.<\/span><\/p>\n<p><span style=\"font-weight: 400;\">Struktur und Baumaterialien<\/span><\/p>\n<p><span style=\"font-weight: 400;\">F\u00fcr die Konstruktion des Hauses wurden hochwertige Materialien verwendet, die eine lange Lebensdauer und maximale Energieeffizienz garantieren:<\/span><\/p>\n<ul>\n<li><span style=\"font-weight: 400;\">Leier 30 Ziegel mit 15 cm W\u00e4rmed\u00e4mmung, um die gew\u00fcnschte Temperatur in allen Jahreszeiten zu gew\u00e4hrleisten<\/span><\/li>\n<li><span style=\"font-weight: 400;\">Das Dach ist mit Wellblech mit Vollverschalung und 30 cm Faserisolierung f\u00fcr eine hervorragende W\u00e4rmed\u00e4mmung und Stabilit\u00e4t eingedeckt.<\/span><\/li>\n<li><span style=\"font-weight: 400;\">Flachdach mit spezieller, 20 cm hoher und belastungsf\u00e4higer D\u00e4mmung, Gef\u00e4lleausbildung aus EPS 150 und PVC-Verkleidung - unter Ber\u00fccksichtigung sowohl \u00e4sthetischer als auch funktionaler Anforderungen.<\/span><\/li>\n<\/ul>\n<p><span style=\"font-weight: 400;\">Technische L\u00f6sungen<\/span><\/p>\n<p><span style=\"font-weight: 400;\">Die mechanischen Systeme des Hauses wurden nach dem neuesten Stand der Technik konzipiert, um optimalen Komfort und Nachhaltigkeit zu gew\u00e4hrleisten:<\/span><\/p>\n<ul>\n<li><span style=\"font-weight: 400;\">Die W\u00e4rmepumpe LG Therma 12 kW heizt und k\u00fchlt und nutzt dabei effizient die nat\u00fcrlichen Energiequellen.<\/span><\/li>\n<li><span style=\"font-weight: 400;\">7,5-kW-Photovoltaikanlage mit j\u00e4hrlicher Abrechnung, um die Energiekosten zu senken und die Energieeffizienz der Immobilie zu erh\u00f6hen.<\/span><\/li>\n<li><span style=\"font-weight: 400;\">Elektrischer Warmwasserbereiter mit Zeitschaltuhr-Zirkulationssystem f\u00fcr sofortige Warmwasserversorgung.<\/span><\/li>\n<li><span style=\"font-weight: 400;\">Fu\u00dfbodenheizung auf zwei Ebenen, mit zwei Kreisl\u00e4ufen mit kontrollierter Zirkulation, die Komfort und effiziente Heizung garantieren.<\/span><\/li>\n<\/ul>\n<p><span style=\"font-weight: 400;\">Innenraum und Komfort<\/span><\/p>\n<p><span style=\"font-weight: 400;\">Das Innere der Immobilie wurde nach den h\u00f6chsten Standards gestaltet, wobei jedes Detail sorgf\u00e4ltig geplant wurde:<\/span><\/p>\n<ul>\n<li><span style=\"font-weight: 400;\">Die Einbauk\u00fcche und das Esszimmer sind komplett mit Tischlerm\u00f6beln ausgestattet, die sich harmonisch in den gro\u00dfz\u00fcgigen Raum einf\u00fcgen.<\/span><\/li>\n<li><span style=\"font-weight: 400;\">Die in der Slowakei hergestellten Innent\u00fcren mit perforierten Eins\u00e4tzen, die nicht als Papiergitter ausgef\u00fchrt sind, gew\u00e4hrleisten Langlebigkeit und Eleganz.<\/span><\/li>\n<li><span style=\"font-weight: 400;\">Die Zimmer, der Flur und der Korridor im Obergeschoss sind mit Einbauschr\u00e4nken ausgestattet, die von einem Schreiner gefertigt wurden, um den vorhandenen Platz optimal zu nutzen.<\/span><\/li>\n<\/ul>\n<p><span style=\"font-weight: 400;\">Besondere Merkmale<\/span><\/p>\n<ul>\n<li><span style=\"font-weight: 400;\">Ger\u00e4umige Garage mit einem Stellplatz im Haus, die bequemes Parken erm\u00f6glicht.<\/span><\/li>\n<li><span style=\"font-weight: 400;\">Alle Zimmer und R\u00e4ume des Hauses verf\u00fcgen \u00fcber gro\u00dfe, helle Fenster, die viel nat\u00fcrliches Licht hereinlassen, w\u00e4hrend man die wunderbare Aussicht auf den Garten und die Umgebung genie\u00dfen kann.<\/span><\/li>\n<li><span style=\"font-weight: 400;\">4 Schlafzimmer auf zwei Ebenen, alle elegant und komfortabel, ideal zum Entspannen.<\/span><\/li>\n<li><span style=\"font-weight: 400;\">2 ger\u00e4umige Badezimmer, beide in modernem Design mit hochwertigen Armaturen, und eine separate G\u00e4stetoilette f\u00fcr den praktischen Gebrauch.<\/span><\/li>\n<li><span style=\"font-weight: 400;\">Die Speisekammer neben der K\u00fcche und das Wohnzimmer mit amerikanischer K\u00fcche bieten modernen Wohnkomfort, w\u00e4hrend das Wohnzimmer einen gro\u00dfz\u00fcgigen Raum f\u00fcr Familien- und Gesellschaftsveranstaltungen bietet.<\/span><\/li>\n<li><span style=\"font-weight: 400;\">Eine Sauna, die das ultimative Entspannungserlebnis bietet, nur einen Schritt entfernt vom Komfort Ihres Zuhauses.<\/span><\/li>\n<li><span style=\"font-weight: 400;\">Der wundersch\u00f6n gepflegte Garten ist eine gr\u00fcne Oase, die einen privaten Entspannungsbereich bietet. Der Grillplatz im Garten ist ideal f\u00fcr Aktivit\u00e4ten im Freien.<\/span><\/li>\n<\/ul>\n<p><span style=\"font-weight: 400;\">H\u00e9v\u00edz - Ein lebendiger Ort inmitten von Natur und Komfort<\/span><\/p>\n<p><span style=\"font-weight: 400;\">Diese Immobilie ist nicht nur ein Haus, sondern ein Lebensstil. Es befindet sich in einer der sch\u00f6nsten, ruhigsten und exklusivsten Wohngegenden von Heviz. Die N\u00e4he zur Natur, die frische Luft und das Vogelgezwitscher garantieren Ruhe, w\u00e4hrend die zentrale Lage einen einfachen Zugang zu allen wichtigen Dienstleistungen gew\u00e4hrleistet.<\/span><\/p>\n<p><span style=\"font-weight: 400;\">Die Immobilie liegt nur wenige Minuten von Keszthely, dem malerischen Ufer des Plattensees und dem weltber\u00fchmten Heilbad H\u00e9v\u00edz entfernt und ist damit die perfekte Wahl f\u00fcr alle, die in der N\u00e4he der Natur leben und gleichzeitig alle notwendigen Dienstleistungen in Anspruch nehmen m\u00f6chten.<\/span><\/p>\n<p><span style=\"font-weight: 400;\">Ihr Traumhaus erwartet Sie!<\/span><\/p>\n<p><span style=\"font-weight: 400;\">Lassen Sie sich diese einmalige Gelegenheit nicht entgehen, ein solch exklusives und hochwertiges Objekt zu besitzen! Die einzigartige Lage, das ausgekl\u00fcgelte Design und die hochmoderne Technologie sorgen daf\u00fcr, dass Sie und Ihre Familie sich wie zu Hause f\u00fchlen.<\/span><\/p>\n<p>Preis: 702.999 EUR (je nach Wechselkurs) oder 274.999.999 HUF<\/p>\n<p><span style=\"font-weight: 400;\">F\u00fcr weitere Informationen, Bilder und eine pers\u00f6nliche Besichtigung der Immobilie stehen wir Ihnen gerne telefonisch zur Verf\u00fcgung.<\/span><\/p>\n<p><span style=\"font-weight: 400;\">Verpassen Sie nicht dieses seltene Angebot - Ihr Traumhaus wartet auf Sie!<\/span><\/p>\n<p><br style=\"font-weight: 400;\" \/><br style=\"font-weight: 400;\" \/><\/p>","protected":false},"excerpt":{"rendered":"<p>190 m<\/p>","protected":false},"featured_media":936,"comment_status":"closed","ping_status":"closed","template":"","meta":{"_et_pb_use_builder":"","_et_pb_old_content":"","_et_gb_content_width":"","inline_featured_image":false},"product_brand":[],"product_cat":[21],"product_tag":[],"class_list":{"0":"post-935","1":"product","2":"type-product","3":"status-publish","4":"has-post-thumbnail","6":"product_cat-elado-ingatlanok","8":"first","9":"instock","10":"shipping-taxable","11":"purchasable","12":"product-type-simple"},"yoast_head":"<!-- This site is optimized with the Yoast SEO plugin v25.7 - https:\/\/yoast.com\/wordpress\/plugins\/seo\/ -->\n<title>190 m\u00b2 Pr\u00e9mium h\u00e1z H\u00e9v\u00edz legszebb r\u00e9sz\u00e9n - Dream House Kirilla<\/title>\n<meta name=\"description\" content=\"Elad\u00f3 H\u00e9v\u00edz egyik legk\u00fcl\u00f6nlegesebb ingatlanja: Egy Pr\u00e9mium K\u00e9t Emeletes H\u00e1z a Nyugalom \u00e9s K\u00e9nyelem Sziget\u00e9n!\" \/>\n<meta name=\"robots\" content=\"index, follow, max-snippet:-1, max-image-preview:large, max-video-preview:-1\" \/>\n<link rel=\"canonical\" href=\"https:\/\/dreamhousekirilla.hu\/de\/product\/elado-haz-heviz\/\" \/>\n<meta property=\"og:locale\" content=\"de_DE\" \/>\n<meta property=\"og:type\" content=\"article\" \/>\n<meta property=\"og:title\" content=\"190 m\u00b2 Pr\u00e9mium h\u00e1z H\u00e9v\u00edz legszebb r\u00e9sz\u00e9n - Dream House Kirilla\" \/>\n<meta property=\"og:description\" content=\"Elad\u00f3 H\u00e9v\u00edz egyik legk\u00fcl\u00f6nlegesebb ingatlanja: Egy Pr\u00e9mium K\u00e9t Emeletes H\u00e1z a Nyugalom \u00e9s K\u00e9nyelem Sziget\u00e9n!\" \/>\n<meta property=\"og:url\" content=\"https:\/\/dreamhousekirilla.hu\/de\/product\/elado-haz-heviz\/\" \/>\n<meta property=\"og:site_name\" content=\"Dream House Kirilla\" \/>\n<meta property=\"article:modified_time\" content=\"2025-09-29T17:54:07+00:00\" \/>\n<meta property=\"og:image\" content=\"https:\/\/dreamhousekirilla.hu\/wp-content\/uploads\/2025\/07\/IMG_0060.jpeg\" \/>\n\t<meta property=\"og:image:width\" content=\"1700\" \/>\n\t<meta property=\"og:image:height\" content=\"1275\" \/>\n\t<meta property=\"og:image:type\" content=\"image\/jpeg\" \/>\n<meta name=\"twitter:card\" content=\"summary_large_image\" \/>\n<meta name=\"twitter:label1\" content=\"Gesch\u00e4tzte Lesezeit\" \/>\n\t<meta name=\"twitter:data1\" content=\"4\u00a0Minuten\" \/>\n<script type=\"application\/ld+json\" class=\"yoast-schema-graph\">{\"@context\":\"https:\/\/schema.org\",\"@graph\":[{\"@type\":\"WebPage\",\"@id\":\"https:\/\/dreamhousekirilla.hu\/termek\/elado-haz-heviz\/\",\"url\":\"https:\/\/dreamhousekirilla.hu\/termek\/elado-haz-heviz\/\",\"name\":\"190 m\u00b2 Pr\u00e9mium h\u00e1z H\u00e9v\u00edz legszebb r\u00e9sz\u00e9n - Dream House Kirilla\",\"isPartOf\":{\"@id\":\"https:\/\/dreamhousekirilla.hu\/#website\"},\"primaryImageOfPage\":{\"@id\":\"https:\/\/dreamhousekirilla.hu\/termek\/elado-haz-heviz\/#primaryimage\"},\"image\":{\"@id\":\"https:\/\/dreamhousekirilla.hu\/termek\/elado-haz-heviz\/#primaryimage\"},\"thumbnailUrl\":\"https:\/\/dreamhousekirilla.hu\/wp-content\/uploads\/2025\/07\/IMG_0060.jpeg\",\"datePublished\":\"2025-07-30T10:01:57+00:00\",\"dateModified\":\"2025-09-29T17:54:07+00:00\",\"description\":\"Elad\u00f3 H\u00e9v\u00edz egyik legk\u00fcl\u00f6nlegesebb ingatlanja: Egy Pr\u00e9mium K\u00e9t Emeletes H\u00e1z a Nyugalom \u00e9s K\u00e9nyelem Sziget\u00e9n!\",\"breadcrumb\":{\"@id\":\"https:\/\/dreamhousekirilla.hu\/termek\/elado-haz-heviz\/#breadcrumb\"},\"inLanguage\":\"de\",\"potentialAction\":[{\"@type\":\"ReadAction\",\"target\":[\"https:\/\/dreamhousekirilla.hu\/termek\/elado-haz-heviz\/\"]}]},{\"@type\":\"ImageObject\",\"inLanguage\":\"de\",\"@id\":\"https:\/\/dreamhousekirilla.hu\/termek\/elado-haz-heviz\/#primaryimage\",\"url\":\"https:\/\/dreamhousekirilla.hu\/wp-content\/uploads\/2025\/07\/IMG_0060.jpeg\",\"contentUrl\":\"https:\/\/dreamhousekirilla.hu\/wp-content\/uploads\/2025\/07\/IMG_0060.jpeg\",\"width\":1700,\"height\":1275,\"caption\":\"Dream House Kirilla - Elad\u00f3 Ingatlanok\"},{\"@type\":\"BreadcrumbList\",\"@id\":\"https:\/\/dreamhousekirilla.hu\/termek\/elado-haz-heviz\/#breadcrumb\",\"itemListElement\":[{\"@type\":\"ListItem\",\"position\":1,\"name\":\"Kezd\u0151lap\",\"item\":\"https:\/\/dreamhousekirilla.hu\/\"},{\"@type\":\"ListItem\",\"position\":2,\"name\":\"Shop\",\"item\":\"https:\/\/dreamhousekirilla.hu\/uzlet\/\"},{\"@type\":\"ListItem\",\"position\":3,\"name\":\"190 m\u00b2 Pr\u00e9mium h\u00e1z H\u00e9v\u00edz legszebb r\u00e9sz\u00e9n\"}]},{\"@type\":\"WebSite\",\"@id\":\"https:\/\/dreamhousekirilla.hu\/#website\",\"url\":\"https:\/\/dreamhousekirilla.hu\/\",\"name\":\"Dream House Kirilla\",\"description\":\"Real Estate Agency\",\"publisher\":{\"@id\":\"https:\/\/dreamhousekirilla.hu\/#organization\"},\"potentialAction\":[{\"@type\":\"SearchAction\",\"target\":{\"@type\":\"EntryPoint\",\"urlTemplate\":\"https:\/\/dreamhousekirilla.hu\/?s={search_term_string}\"},\"query-input\":{\"@type\":\"PropertyValueSpecification\",\"valueRequired\":true,\"valueName\":\"search_term_string\"}}],\"inLanguage\":\"de\"},{\"@type\":\"Organization\",\"@id\":\"https:\/\/dreamhousekirilla.hu\/#organization\",\"name\":\"Dream House Kirilla - real estate agency\",\"url\":\"https:\/\/dreamhousekirilla.hu\/\",\"logo\":{\"@type\":\"ImageObject\",\"inLanguage\":\"de\",\"@id\":\"https:\/\/dreamhousekirilla.hu\/#\/schema\/logo\/image\/\",\"url\":\"https:\/\/dreamhousekirilla.hu\/wp-content\/uploads\/2025\/07\/Logo-allitott-zold.jpg\",\"contentUrl\":\"https:\/\/dreamhousekirilla.hu\/wp-content\/uploads\/2025\/07\/Logo-allitott-zold.jpg\",\"width\":596,\"height\":275,\"caption\":\"Dream House Kirilla - real estate agency\"},\"image\":{\"@id\":\"https:\/\/dreamhousekirilla.hu\/#\/schema\/logo\/image\/\"}}]}<\/script>\n<!-- \/ Yoast SEO plugin. -->","yoast_head_json":{"title":"190 m\u00b2 Premium-Haus in der sch\u00f6nsten Gegend von H\u00e9v\u00edz - Traumhaus Kirilla","description":"Eine der einzigartigsten Immobilien in H\u00e9v\u00edz zu verkaufen: ein erstklassiges zweist\u00f6ckiges Haus auf der Insel der Ruhe und des Komforts!","robots":{"index":"index","follow":"follow","max-snippet":"max-snippet:-1","max-image-preview":"max-image-preview:large","max-video-preview":"max-video-preview:-1"},"canonical":"https:\/\/dreamhousekirilla.hu\/de\/product\/elado-haz-heviz\/","og_locale":"de_DE","og_type":"article","og_title":"190 m\u00b2 Pr\u00e9mium h\u00e1z H\u00e9v\u00edz legszebb r\u00e9sz\u00e9n - Dream House Kirilla","og_description":"Elad\u00f3 H\u00e9v\u00edz egyik legk\u00fcl\u00f6nlegesebb ingatlanja: Egy Pr\u00e9mium K\u00e9t Emeletes H\u00e1z a Nyugalom \u00e9s K\u00e9nyelem Sziget\u00e9n!","og_url":"https:\/\/dreamhousekirilla.hu\/de\/product\/elado-haz-heviz\/","og_site_name":"Dream House Kirilla","article_modified_time":"2025-09-29T17:54:07+00:00","og_image":[{"width":1700,"height":1275,"url":"https:\/\/dreamhousekirilla.hu\/wp-content\/uploads\/2025\/07\/IMG_0060.jpeg","type":"image\/jpeg"}],"twitter_card":"summary_large_image","twitter_misc":{"Gesch\u00e4tzte Lesezeit":"4\u00a0Minuten"},"schema":{"@context":"https:\/\/schema.org","@graph":[{"@type":"WebPage","@id":"https:\/\/dreamhousekirilla.hu\/termek\/elado-haz-heviz\/","url":"https:\/\/dreamhousekirilla.hu\/termek\/elado-haz-heviz\/","name":"190 m\u00b2 Premium-Haus in der sch\u00f6nsten Gegend von H\u00e9v\u00edz - Traumhaus Kirilla","isPartOf":{"@id":"https:\/\/dreamhousekirilla.hu\/#website"},"primaryImageOfPage":{"@id":"https:\/\/dreamhousekirilla.hu\/termek\/elado-haz-heviz\/#primaryimage"},"image":{"@id":"https:\/\/dreamhousekirilla.hu\/termek\/elado-haz-heviz\/#primaryimage"},"thumbnailUrl":"https:\/\/dreamhousekirilla.hu\/wp-content\/uploads\/2025\/07\/IMG_0060.jpeg","datePublished":"2025-07-30T10:01:57+00:00","dateModified":"2025-09-29T17:54:07+00:00","description":"Eine der einzigartigsten Immobilien in H\u00e9v\u00edz zu verkaufen: ein erstklassiges zweist\u00f6ckiges Haus auf der Insel der Ruhe und des Komforts!","breadcrumb":{"@id":"https:\/\/dreamhousekirilla.hu\/termek\/elado-haz-heviz\/#breadcrumb"},"inLanguage":"de","potentialAction":[{"@type":"ReadAction","target":["https:\/\/dreamhousekirilla.hu\/termek\/elado-haz-heviz\/"]}]},{"@type":"ImageObject","inLanguage":"de","@id":"https:\/\/dreamhousekirilla.hu\/termek\/elado-haz-heviz\/#primaryimage","url":"https:\/\/dreamhousekirilla.hu\/wp-content\/uploads\/2025\/07\/IMG_0060.jpeg","contentUrl":"https:\/\/dreamhousekirilla.hu\/wp-content\/uploads\/2025\/07\/IMG_0060.jpeg","width":1700,"height":1275,"caption":"Dream House Kirilla - Elad\u00f3 Ingatlanok"},{"@type":"BreadcrumbList","@id":"https:\/\/dreamhousekirilla.hu\/termek\/elado-haz-heviz\/#breadcrumb","itemListElement":[{"@type":"ListItem","position":1,"name":"Kezd\u0151lap","item":"https:\/\/dreamhousekirilla.hu\/"},{"@type":"ListItem","position":2,"name":"Shop","item":"https:\/\/dreamhousekirilla.hu\/uzlet\/"},{"@type":"ListItem","position":3,"name":"190 m\u00b2 Pr\u00e9mium h\u00e1z H\u00e9v\u00edz legszebb r\u00e9sz\u00e9n"}]},{"@type":"WebSite","@id":"https:\/\/dreamhousekirilla.hu\/#website","url":"https:\/\/dreamhousekirilla.hu\/","name":"DREAM HOUSE Kirilla","description":"Immobilienb\u00fcro","publisher":{"@id":"https:\/\/dreamhousekirilla.hu\/#organization"},"potentialAction":[{"@type":"SearchAction","target":{"@type":"EntryPoint","urlTemplate":"https:\/\/dreamhousekirilla.hu\/?s={search_term_string}"},"query-input":{"@type":"PropertyValueSpecification","valueRequired":true,"valueName":"search_term_string"}}],"inLanguage":"de"},{"@type":"Organization","@id":"https:\/\/dreamhousekirilla.hu\/#organization","name":"Traumhaus Kirilla - Immobilienb\u00fcro","url":"https:\/\/dreamhousekirilla.hu\/","logo":{"@type":"ImageObject","inLanguage":"de","@id":"https:\/\/dreamhousekirilla.hu\/#\/schema\/logo\/image\/","url":"https:\/\/dreamhousekirilla.hu\/wp-content\/uploads\/2025\/07\/Logo-allitott-zold.jpg","contentUrl":"https:\/\/dreamhousekirilla.hu\/wp-content\/uploads\/2025\/07\/Logo-allitott-zold.jpg","width":596,"height":275,"caption":"Dream House Kirilla - real estate agency"},"image":{"@id":"https:\/\/dreamhousekirilla.hu\/#\/schema\/logo\/image\/"}}]}},"_links":{"self":[{"href":"https:\/\/dreamhousekirilla.hu\/de\/wp-json\/wp\/v2\/product\/935","targetHints":{"allow":["GET"]}}],"collection":[{"href":"https:\/\/dreamhousekirilla.hu\/de\/wp-json\/wp\/v2\/product"}],"about":[{"href":"https:\/\/dreamhousekirilla.hu\/de\/wp-json\/wp\/v2\/types\/product"}],"replies":[{"embeddable":true,"href":"https:\/\/dreamhousekirilla.hu\/de\/wp-json\/wp\/v2\/comments?post=935"}],"wp:featuredmedia":[{"embeddable":true,"href":"https:\/\/dreamhousekirilla.hu\/de\/wp-json\/wp\/v2\/media\/936"}],"wp:attachment":[{"href":"https:\/\/dreamhousekirilla.hu\/de\/wp-json\/wp\/v2\/media?parent=935"}],"wp:term":[{"taxonomy":"product_brand","embeddable":true,"href":"https:\/\/dreamhousekirilla.hu\/de\/wp-json\/wp\/v2\/product_brand?post=935"},{"taxonomy":"product_cat","embeddable":true,"href":"https:\/\/dreamhousekirilla.hu\/de\/wp-json\/wp\/v2\/product_cat?post=935"},{"taxonomy":"product_tag","embeddable":true,"href":"https:\/\/dreamhousekirilla.hu\/de\/wp-json\/wp\/v2\/product_tag?post=935"}],"curies":[{"name":"wp","href":"https:\/\/api.w.org\/{rel}","templated":true}]}}