{"id":956,"date":"2025-07-30T12:34:41","date_gmt":"2025-07-30T10:34:41","guid":{"rendered":"https:\/\/dreamhousekirilla.hu\/?post_type=product&#038;p=956"},"modified":"2025-07-31T16:01:13","modified_gmt":"2025-07-31T14:01:13","slug":"elado-haz-kethely","status":"publish","type":"product","link":"https:\/\/dreamhousekirilla.hu\/de\/product\/elado-haz-kethely\/","title":{"rendered":"<b>100 m\u00b2<\/b> <br>Gem\u00fctliches Einfamilienhaus mit gro\u00dfem Garten im Zentrum von K\u00e9thely"},"content":{"rendered":"<p><span style=\"font-weight: 400;\">Zum Verkauf steht ein gem\u00fctliches Einfamilienhaus mit gro\u00dfem Garten im Zentrum von K\u00e9thely - sofort bezugsfertig!<\/span><\/p>\n<p><span style=\"font-weight: 400;\">Wir bieten ein 100 m\u00b2 gro\u00dfes Mehrzimmer-Familienhaus in K\u00e9thely zum Verkauf an, das in einem 1300 m\u00b2 gro\u00dfen, gepflegten Garten mit Blumen und Obstb\u00e4umen liegt. Die Immobilie befindet sich im zentralen Teil von K\u00e9thely, nur wenige Gehminuten von Schulen, Arztpraxen, Gesch\u00e4ften und allen wichtigen Dienstleistungen entfernt. Die nahegelegene Stadt Marcali ist nur 4 Autominuten entfernt, w\u00e4hrend der Plattensee leicht zu erreichen ist.<\/span><\/p>\n<p><span style=\"font-weight: 400;\">Das Haus ist ideal mit f\u00fcnf separaten Schlafzimmern und einem ger\u00e4umigen, hellen Wohnzimmer mit amerikanischer K\u00fcche f\u00fcr Komfort und soziales Leben konzipiert. Dar\u00fcber hinaus gibt es eine praktische Speisekammer, ein Badezimmer mit Badewanne und eine separate Toilette.<\/span><\/p>\n<p><span style=\"font-weight: 400;\">Die Immobilie wurde vor kurzem einer kompletten Dachsanierung unterzogen, die auch eine neue Isolierung und Dachrinne umfasste, so dass der energetische Zustand des Hauses hervorragend ist.<\/span><\/p>\n<p><span style=\"font-weight: 400;\">Ein gem\u00fctlicher Kachelofen im Wohnzimmer und eine Gasheizung in den Zimmern sorgen f\u00fcr ein angenehmes W\u00e4rmegef\u00fchl.<\/span><\/p>\n<p><span style=\"font-weight: 400;\">Auf dem Grundst\u00fcck befindet sich ein separates Nebengeb\u00e4ude, das als G\u00e4stehaus dient und mit einem eigenen Bad ausgestattet ist - ideal f\u00fcr die Unterbringung von Familie, Freunden oder als G\u00e4steunterkunft. Es gibt auch einen Carport f\u00fcr bequemes Parken.<\/span><\/p>\n<p><span style=\"font-weight: 400;\">Die Bew\u00e4sserung des Gartens erfolgt \u00fcber einen Bohrbrunnen, der auch an die Wasserversorgung des Hauses angeschlossen werden kann.<\/span><\/p>\n<p><span style=\"font-weight: 400;\">Dieses gut gepflegte, charmante Zweifamilienhaus ist eine ideale Wahl:<\/span><\/p>\n<ul>\n<li><span style=\"font-weight: 400;\">f\u00fcr Familien mit mehreren Kindern<\/span><\/li>\n<li><span style=\"font-weight: 400;\">f\u00fcr Menschen, die eine Zwei-Generationen-L\u00f6sung suchen<\/span><\/li>\n<li><span style=\"font-weight: 400;\">oder f\u00fcr diejenigen, die Ruhe, aber auch eine gute Infrastruktur sch\u00e4tzen.<\/span><\/li>\n<\/ul>\n<p><span style=\"font-weight: 400;\">F\u00fcr weitere Informationen, Bilder und zur Vereinbarung eines Besichtigungstermins rufen Sie mich bitte an!<\/span><\/p>\n<p><span style=\"font-weight: 400;\">Kaufpreis: 103.999 EUR (je nach Wechselkurs) oder 41.999.999 HUF<\/span><\/p>\n<p><span style=\"font-weight: 400;\">F\u00fcr weitere Details, Informationen und Fotos kontaktieren Sie mich bitte unter der folgenden Telefonnummer.<\/span><\/p>\n<p><br style=\"font-weight: 400;\" \/><br style=\"font-weight: 400;\" \/><\/p>","protected":false},"excerpt":{"rendered":"<p>100 m\u00b2<\/p>","protected":false},"featured_media":957,"comment_status":"closed","ping_status":"closed","template":"","meta":{"_et_pb_use_builder":"","_et_pb_old_content":"","_et_gb_content_width":"","inline_featured_image":false},"product_brand":[],"product_cat":[21],"product_tag":[],"class_list":{"0":"post-956","1":"product","2":"type-product","3":"status-publish","4":"has-post-thumbnail","6":"product_cat-elado-ingatlanok","8":"first","9":"instock","10":"shipping-taxable","11":"purchasable","12":"product-type-simple"},"yoast_head":"<!-- This site is optimized with the Yoast SEO plugin v25.7 - https:\/\/yoast.com\/wordpress\/plugins\/seo\/ -->\n<title>100 m\u00b2 Hangulatos csal\u00e1di h\u00e1z t\u00e1gas kerttel K\u00e9thely k\u00f6zpontj\u00e1ban - Dream House Kirilla<\/title>\n<meta name=\"description\" content=\"Elad\u00f3 hangulatos csal\u00e1di h\u00e1z t\u00e1gas kerttel K\u00e9thely k\u00f6zpontj\u00e1ban \u2013 azonnal k\u00f6lt\u00f6zhet\u0151 \u00e1llapotban!\" \/>\n<meta name=\"robots\" content=\"index, follow, max-snippet:-1, max-image-preview:large, max-video-preview:-1\" \/>\n<link rel=\"canonical\" href=\"https:\/\/dreamhousekirilla.hu\/de\/product\/elado-haz-kethely\/\" \/>\n<meta property=\"og:locale\" content=\"de_DE\" \/>\n<meta property=\"og:type\" content=\"article\" \/>\n<meta property=\"og:title\" content=\"100 m\u00b2 Hangulatos csal\u00e1di h\u00e1z t\u00e1gas kerttel K\u00e9thely k\u00f6zpontj\u00e1ban - Dream House Kirilla\" \/>\n<meta property=\"og:description\" content=\"Elad\u00f3 hangulatos csal\u00e1di h\u00e1z t\u00e1gas kerttel K\u00e9thely k\u00f6zpontj\u00e1ban \u2013 azonnal k\u00f6lt\u00f6zhet\u0151 \u00e1llapotban!\" \/>\n<meta property=\"og:url\" content=\"https:\/\/dreamhousekirilla.hu\/de\/product\/elado-haz-kethely\/\" \/>\n<meta property=\"og:site_name\" content=\"Dream House Kirilla\" \/>\n<meta property=\"article:modified_time\" content=\"2025-07-31T14:01:13+00:00\" \/>\n<meta property=\"og:image\" content=\"https:\/\/dreamhousekirilla.hu\/wp-content\/uploads\/2025\/07\/IMG_3120.jpeg\" \/>\n\t<meta property=\"og:image:width\" content=\"1700\" \/>\n\t<meta property=\"og:image:height\" content=\"1275\" \/>\n\t<meta property=\"og:image:type\" content=\"image\/jpeg\" \/>\n<meta name=\"twitter:card\" content=\"summary_large_image\" \/>\n<meta name=\"twitter:label1\" content=\"Gesch\u00e4tzte Lesezeit\" \/>\n\t<meta name=\"twitter:data1\" content=\"2\u00a0Minuten\" \/>\n<script type=\"application\/ld+json\" class=\"yoast-schema-graph\">{\"@context\":\"https:\/\/schema.org\",\"@graph\":[{\"@type\":\"WebPage\",\"@id\":\"https:\/\/dreamhousekirilla.hu\/termek\/elado-haz-kethely\/\",\"url\":\"https:\/\/dreamhousekirilla.hu\/termek\/elado-haz-kethely\/\",\"name\":\"100 m\u00b2 Hangulatos csal\u00e1di h\u00e1z t\u00e1gas kerttel K\u00e9thely k\u00f6zpontj\u00e1ban - Dream House Kirilla\",\"isPartOf\":{\"@id\":\"https:\/\/dreamhousekirilla.hu\/#website\"},\"primaryImageOfPage\":{\"@id\":\"https:\/\/dreamhousekirilla.hu\/termek\/elado-haz-kethely\/#primaryimage\"},\"image\":{\"@id\":\"https:\/\/dreamhousekirilla.hu\/termek\/elado-haz-kethely\/#primaryimage\"},\"thumbnailUrl\":\"https:\/\/dreamhousekirilla.hu\/wp-content\/uploads\/2025\/07\/IMG_3120.jpeg\",\"datePublished\":\"2025-07-30T10:34:41+00:00\",\"dateModified\":\"2025-07-31T14:01:13+00:00\",\"description\":\"Elad\u00f3 hangulatos csal\u00e1di h\u00e1z t\u00e1gas kerttel K\u00e9thely k\u00f6zpontj\u00e1ban \u2013 azonnal k\u00f6lt\u00f6zhet\u0151 \u00e1llapotban!\",\"breadcrumb\":{\"@id\":\"https:\/\/dreamhousekirilla.hu\/termek\/elado-haz-kethely\/#breadcrumb\"},\"inLanguage\":\"de\",\"potentialAction\":[{\"@type\":\"ReadAction\",\"target\":[\"https:\/\/dreamhousekirilla.hu\/termek\/elado-haz-kethely\/\"]}]},{\"@type\":\"ImageObject\",\"inLanguage\":\"de\",\"@id\":\"https:\/\/dreamhousekirilla.hu\/termek\/elado-haz-kethely\/#primaryimage\",\"url\":\"https:\/\/dreamhousekirilla.hu\/wp-content\/uploads\/2025\/07\/IMG_3120.jpeg\",\"contentUrl\":\"https:\/\/dreamhousekirilla.hu\/wp-content\/uploads\/2025\/07\/IMG_3120.jpeg\",\"width\":1700,\"height\":1275,\"caption\":\"Dream House Kirilla - Elad\u00f3 Ingatlanok\"},{\"@type\":\"BreadcrumbList\",\"@id\":\"https:\/\/dreamhousekirilla.hu\/termek\/elado-haz-kethely\/#breadcrumb\",\"itemListElement\":[{\"@type\":\"ListItem\",\"position\":1,\"name\":\"Kezd\u0151lap\",\"item\":\"https:\/\/dreamhousekirilla.hu\/\"},{\"@type\":\"ListItem\",\"position\":2,\"name\":\"Shop\",\"item\":\"https:\/\/dreamhousekirilla.hu\/uzlet\/\"},{\"@type\":\"ListItem\",\"position\":3,\"name\":\"100 m\u00b2 Hangulatos csal\u00e1di h\u00e1z t\u00e1gas kerttel K\u00e9thely k\u00f6zpontj\u00e1ban\"}]},{\"@type\":\"WebSite\",\"@id\":\"https:\/\/dreamhousekirilla.hu\/#website\",\"url\":\"https:\/\/dreamhousekirilla.hu\/\",\"name\":\"Dream House Kirilla\",\"description\":\"Real Estate Agency\",\"publisher\":{\"@id\":\"https:\/\/dreamhousekirilla.hu\/#organization\"},\"potentialAction\":[{\"@type\":\"SearchAction\",\"target\":{\"@type\":\"EntryPoint\",\"urlTemplate\":\"https:\/\/dreamhousekirilla.hu\/?s={search_term_string}\"},\"query-input\":{\"@type\":\"PropertyValueSpecification\",\"valueRequired\":true,\"valueName\":\"search_term_string\"}}],\"inLanguage\":\"de\"},{\"@type\":\"Organization\",\"@id\":\"https:\/\/dreamhousekirilla.hu\/#organization\",\"name\":\"Dream House Kirilla - real estate agency\",\"url\":\"https:\/\/dreamhousekirilla.hu\/\",\"logo\":{\"@type\":\"ImageObject\",\"inLanguage\":\"de\",\"@id\":\"https:\/\/dreamhousekirilla.hu\/#\/schema\/logo\/image\/\",\"url\":\"https:\/\/dreamhousekirilla.hu\/wp-content\/uploads\/2025\/07\/Logo-allitott-zold.jpg\",\"contentUrl\":\"https:\/\/dreamhousekirilla.hu\/wp-content\/uploads\/2025\/07\/Logo-allitott-zold.jpg\",\"width\":596,\"height\":275,\"caption\":\"Dream House Kirilla - real estate agency\"},\"image\":{\"@id\":\"https:\/\/dreamhousekirilla.hu\/#\/schema\/logo\/image\/\"}}]}<\/script>\n<!-- \/ Yoast SEO plugin. -->","yoast_head_json":{"title":"100 m\u00b2 Gem\u00fctliches Einfamilienhaus mit gro\u00dfem Garten im Zentrum von K\u00e9thely - Traumhaus Kirilla","description":"Zum Verkauf steht ein gem\u00fctliches Einfamilienhaus mit gro\u00dfem Garten im Zentrum von K\u00e9thely - sofort bezugsfertig!","robots":{"index":"index","follow":"follow","max-snippet":"max-snippet:-1","max-image-preview":"max-image-preview:large","max-video-preview":"max-video-preview:-1"},"canonical":"https:\/\/dreamhousekirilla.hu\/de\/product\/elado-haz-kethely\/","og_locale":"de_DE","og_type":"article","og_title":"100 m\u00b2 Hangulatos csal\u00e1di h\u00e1z t\u00e1gas kerttel K\u00e9thely k\u00f6zpontj\u00e1ban - Dream House Kirilla","og_description":"Elad\u00f3 hangulatos csal\u00e1di h\u00e1z t\u00e1gas kerttel K\u00e9thely k\u00f6zpontj\u00e1ban \u2013 azonnal k\u00f6lt\u00f6zhet\u0151 \u00e1llapotban!","og_url":"https:\/\/dreamhousekirilla.hu\/de\/product\/elado-haz-kethely\/","og_site_name":"Dream House Kirilla","article_modified_time":"2025-07-31T14:01:13+00:00","og_image":[{"width":1700,"height":1275,"url":"https:\/\/dreamhousekirilla.hu\/wp-content\/uploads\/2025\/07\/IMG_3120.jpeg","type":"image\/jpeg"}],"twitter_card":"summary_large_image","twitter_misc":{"Gesch\u00e4tzte Lesezeit":"2\u00a0Minuten"},"schema":{"@context":"https:\/\/schema.org","@graph":[{"@type":"WebPage","@id":"https:\/\/dreamhousekirilla.hu\/termek\/elado-haz-kethely\/","url":"https:\/\/dreamhousekirilla.hu\/termek\/elado-haz-kethely\/","name":"100 m\u00b2 Gem\u00fctliches Einfamilienhaus mit gro\u00dfem Garten im Zentrum von K\u00e9thely - Traumhaus Kirilla","isPartOf":{"@id":"https:\/\/dreamhousekirilla.hu\/#website"},"primaryImageOfPage":{"@id":"https:\/\/dreamhousekirilla.hu\/termek\/elado-haz-kethely\/#primaryimage"},"image":{"@id":"https:\/\/dreamhousekirilla.hu\/termek\/elado-haz-kethely\/#primaryimage"},"thumbnailUrl":"https:\/\/dreamhousekirilla.hu\/wp-content\/uploads\/2025\/07\/IMG_3120.jpeg","datePublished":"2025-07-30T10:34:41+00:00","dateModified":"2025-07-31T14:01:13+00:00","description":"Zum Verkauf steht ein gem\u00fctliches Einfamilienhaus mit gro\u00dfem Garten im Zentrum von K\u00e9thely - sofort bezugsfertig!","breadcrumb":{"@id":"https:\/\/dreamhousekirilla.hu\/termek\/elado-haz-kethely\/#breadcrumb"},"inLanguage":"de","potentialAction":[{"@type":"ReadAction","target":["https:\/\/dreamhousekirilla.hu\/termek\/elado-haz-kethely\/"]}]},{"@type":"ImageObject","inLanguage":"de","@id":"https:\/\/dreamhousekirilla.hu\/termek\/elado-haz-kethely\/#primaryimage","url":"https:\/\/dreamhousekirilla.hu\/wp-content\/uploads\/2025\/07\/IMG_3120.jpeg","contentUrl":"https:\/\/dreamhousekirilla.hu\/wp-content\/uploads\/2025\/07\/IMG_3120.jpeg","width":1700,"height":1275,"caption":"Dream House Kirilla - Elad\u00f3 Ingatlanok"},{"@type":"BreadcrumbList","@id":"https:\/\/dreamhousekirilla.hu\/termek\/elado-haz-kethely\/#breadcrumb","itemListElement":[{"@type":"ListItem","position":1,"name":"Kezd\u0151lap","item":"https:\/\/dreamhousekirilla.hu\/"},{"@type":"ListItem","position":2,"name":"Shop","item":"https:\/\/dreamhousekirilla.hu\/uzlet\/"},{"@type":"ListItem","position":3,"name":"100 m\u00b2 Hangulatos csal\u00e1di h\u00e1z t\u00e1gas kerttel K\u00e9thely k\u00f6zpontj\u00e1ban"}]},{"@type":"WebSite","@id":"https:\/\/dreamhousekirilla.hu\/#website","url":"https:\/\/dreamhousekirilla.hu\/","name":"DREAM HOUSE Kirilla","description":"Immobilienb\u00fcro","publisher":{"@id":"https:\/\/dreamhousekirilla.hu\/#organization"},"potentialAction":[{"@type":"SearchAction","target":{"@type":"EntryPoint","urlTemplate":"https:\/\/dreamhousekirilla.hu\/?s={search_term_string}"},"query-input":{"@type":"PropertyValueSpecification","valueRequired":true,"valueName":"search_term_string"}}],"inLanguage":"de"},{"@type":"Organization","@id":"https:\/\/dreamhousekirilla.hu\/#organization","name":"Traumhaus Kirilla - Immobilienb\u00fcro","url":"https:\/\/dreamhousekirilla.hu\/","logo":{"@type":"ImageObject","inLanguage":"de","@id":"https:\/\/dreamhousekirilla.hu\/#\/schema\/logo\/image\/","url":"https:\/\/dreamhousekirilla.hu\/wp-content\/uploads\/2025\/07\/Logo-allitott-zold.jpg","contentUrl":"https:\/\/dreamhousekirilla.hu\/wp-content\/uploads\/2025\/07\/Logo-allitott-zold.jpg","width":596,"height":275,"caption":"Dream House Kirilla - real estate agency"},"image":{"@id":"https:\/\/dreamhousekirilla.hu\/#\/schema\/logo\/image\/"}}]}},"_links":{"self":[{"href":"https:\/\/dreamhousekirilla.hu\/de\/wp-json\/wp\/v2\/product\/956","targetHints":{"allow":["GET"]}}],"collection":[{"href":"https:\/\/dreamhousekirilla.hu\/de\/wp-json\/wp\/v2\/product"}],"about":[{"href":"https:\/\/dreamhousekirilla.hu\/de\/wp-json\/wp\/v2\/types\/product"}],"replies":[{"embeddable":true,"href":"https:\/\/dreamhousekirilla.hu\/de\/wp-json\/wp\/v2\/comments?post=956"}],"wp:featuredmedia":[{"embeddable":true,"href":"https:\/\/dreamhousekirilla.hu\/de\/wp-json\/wp\/v2\/media\/957"}],"wp:attachment":[{"href":"https:\/\/dreamhousekirilla.hu\/de\/wp-json\/wp\/v2\/media?parent=956"}],"wp:term":[{"taxonomy":"product_brand","embeddable":true,"href":"https:\/\/dreamhousekirilla.hu\/de\/wp-json\/wp\/v2\/product_brand?post=956"},{"taxonomy":"product_cat","embeddable":true,"href":"https:\/\/dreamhousekirilla.hu\/de\/wp-json\/wp\/v2\/product_cat?post=956"},{"taxonomy":"product_tag","embeddable":true,"href":"https:\/\/dreamhousekirilla.hu\/de\/wp-json\/wp\/v2\/product_tag?post=956"}],"curies":[{"name":"wp","href":"https:\/\/api.w.org\/{rel}","templated":true}]}}