{"id":1388,"date":"2025-07-31T14:34:02","date_gmt":"2025-07-31T12:34:02","guid":{"rendered":"https:\/\/dreamhousekirilla.hu\/?page_id=1388"},"modified":"2025-08-07T15:23:22","modified_gmt":"2025-08-07T13:23:22","slug":"kiado-real-estate","status":"publish","type":"page","link":"https:\/\/dreamhousekirilla.hu\/en\/kiado-real-estate\/","title":{"rendered":"Properties for rent"},"content":{"rendered":"[et_pb_section fb_built=\"1\u2033 _builder_version=\"4.27.4\u2033 _module_preset=\"default\" background_color=\"rgba(1,66,0,0.8)\" z_index=\"3\u2033 custom_margin=\"0px||0px||false|false\" custom_padding=\"0px||0px||false|false\" hover_enabled=\"0\u2033 locked=\"off\" global_colors_info=\"{}\" sticky_enabled=\"0\u2033][et_pb_row _builder_version=\"4.27.4\u2033 _module_preset=\"default\" custom_margin=\"0px||0px||false|false\" custom_padding=\"20px||20px||false|false\" global_colors_info=\"{}\"][et_pb_column type=\"4_4\u2033 _builder_version=\"4.27.4\u2033 _module_preset=\"default\" global_colors_info=\"{}\"][et_pb_menu menu_id=\"23\u2033 menu_style=\"centered\" active_link_color=\"#B7A291\u2033 dropdown_menu_bg_color=\"rgba(1,66,0,0.8)\" dropdown_menu_line_color=\"#B7A291\u2033 dropdown_menu_text_color=\"#EBE7DD\" dropdown_menu_active_link_color=\"#4A3C33\u2033 mobile_menu_bg_color=\"#014200\u2033 mobile_menu_text_color=\"#EBE7DD\" _builder_version=\"4.27.4\u2033 _module_preset=\"default\" menu_font=\"-et_global_body_font||on|||||\" menu_text_color=\"#EBE7DD\" menu_font_size=\"16px\" background_color=\"RGBA(255,255,255,0)\" z_index=\"0\u2033 custom_margin=\"9px|||||\" hover_enabled=\"0\u2033 menu_font_size_tablet=\"16px\" menu_font_size_phone=\"14px\" menu_font_size_last_edited=\"on|phone\" global_colors_info=\"{}\" sticky_enabled=\"0\u2033][\/et_pb_menu][\/et_pb_column][\/et_pb_row][\/et_pb_section][et_pb_section fb_built=\"1\u2033 _builder_version=\"4.27.4\u2033 _module_preset=\"default\" background_image=\"https:\/\/dreamhousekirilla.hu\/wp-content\/uploads\/2025\/08\/kategoriak-fokep-2.jpg\" custom_margin=\"-80px||||false|false\" custom_padding=\"130px||120px||false|false\" locked=\"off\" global_colors_info=\"{}\"][et_pb_row _builder_version=\"4.27.4\u2033 _module_preset=\"default\" global_colors_info=\"{}\"][et_pb_column type=\"4_4\u2033 _builder_version=\"4.27.4\u2033 _module_preset=\"default\" global_colors_info=\"{}\"][et_pb_heading title=\"Dream house Kirilla\" _builder_version=\"4.27.4\u2033 _module_preset=\"default\" title_level=\"h3\u2033 title_font=\"-et_global_heading_font||on|||||\" title_text_align=\"center\" title_text_color=\"rgba(249,251,245,0.6)\" title_font_size=\"45px\" animation_style=\"slide\" animation_duration=\"1100ms\" animation_delay=\"100ms\" animation_speed_curve=\"ease-in\" hover_transition_duration=\"450ms\" hover_transition_speed_curve=\"ease-in-out\" title_font_size_tablet=\"40px\" title_font_size_phone=\"40px\" title_font_size_last_edited=\"on|phone\" locked=\"off\" global_colors_info=\"{}\"][\/et_pb_heading][et_pb_text _builder_version=\"4.27.4\u2033 _module_preset=\"default\" text_font=\"-et_global_body_font|500||on|||||\" text_text_color=\"#F9FBF5\u2033 text_font_size=\"29px\" text_orientation=\"center\" custom_margin=\"0px||||false|false\" animation_style=\"slide\" animation_duration=\"1100ms\" animation_delay=\"200ms\" global_colors_info=\"{}\"]<p>PROPERTIES for rent<\/p>[\/et_pb_text][\/et_pb_column][\/et_pb_row][\/et_pb_section][et_pb_section fb_built=\"1\u2033 _builder_version=\"4.27.4\u2033 _module_preset=\"default\" background_color=\"RGBA(255,255,255,0)\" locked=\"off\" global_colors_info=\"{}\"][et_pb_row column_structure=\"1_4,3_4\u2033 _builder_version=\"4.27.4\u2033 _module_preset=\"default\" global_colors_info=\"{}\"][et_pb_column type=\"1_4\u2033 _builder_version=\"4.27.4\u2033 _module_preset=\"default\" custom_padding=\"10px|10px|10px|10px|false|false\" border_width_all=\"2px\" border_color_all=\"#DED7C6\u2033 global_colors_info=\"{}\"][et_pb_text _builder_version=\"4.27.4\u2033 _module_preset=\"default\" text_font=\"|600||on|||||\" text_text_color=\"#014200\u2033 custom_padding=\"|||0px|false|false\" global_colors_info=\"{}\"]<p>Narrowing down results<\/p>[\/et_pb_text][et_pb_code _builder_version=&#8221;4.27.4&#8243; _module_preset=&#8221;default&#8221; global_colors_info=&#8221;{}&#8221;][\/et_pb_code][\/et_pb_column][et_pb_column type=&#8221;3_4&#8243; _builder_version=&#8221;4.27.4&#8243; _module_preset=&#8221;default&#8221; z_index=&#8221;1&#8243; global_colors_info=&#8221;{}&#8221;][et_pb_shop type=&#8221;product_category&#8221; show_pagination=&#8221;on&#8221; include_categories=&#8221;20&#8243; columns_number=&#8221;3&#8243; icon_hover_color=&#8221;#014200&#8243; hover_overlay_color=&#8221;rgba(235,231,221,0.8)&#8221; hover_icon=&#8221;&#xe050;||divi||400&#8243; _builder_version=&#8221;4.27.4&#8243; _module_preset=&#8221;default&#8221; title_font=&#8221;&#8211;et_global_body_font|500|||||||&#8221; title_text_color=&#8221;#4A3C33&#8243; title_font_size=&#8221;16px&#8221; title_line_height=&#8221;1.4em&#8221; price_font=&#8221;&#8211;et_global_body_font|500|||||||&#8221; price_text_align=&#8221;left&#8221; price_text_color=&#8221;#014200&#8243; price_font_size=&#8221;20px&#8221; custom_padding=&#8221;0px|||0px|false|false&#8221; custom_css_product=&#8221;||&#8221; custom_css_price=&#8221;||&#8221; border_radii_image=&#8221;on|5px|5px|5px|5px&#8221; border_width_bottom_image=&#8221;10px&#8221; border_color_bottom_image=&#8221;#B7A291&#8243; box_shadow_style_image=&#8221;preset2&#8243; box_shadow_horizontal_image=&#8221;5px&#8221; global_colors_info=&#8221;{}&#8221;][\/et_pb_shop][\/et_pb_column][\/et_pb_row][\/et_pb_section]","protected":false},"excerpt":{"rendered":"<p>INGLANDS for rentNarrowing search results<\/p>","protected":false},"author":1,"featured_media":0,"parent":0,"menu_order":0,"comment_status":"closed","ping_status":"closed","template":"","meta":{"_et_pb_use_builder":"on","_et_pb_old_content":"","_et_gb_content_width":"","inline_featured_image":false,"footnotes":""},"class_list":["post-1388","page","type-page","status-publish","hentry"],"yoast_head":"<!-- This site is optimized with the Yoast SEO plugin v25.7 - https:\/\/yoast.com\/wordpress\/plugins\/seo\/ -->\n<title>Kiad\u00f3 ingatlanok - Dream House Kirilla<\/title>\n<meta name=\"description\" content=\"El\u00e9g a keresg\u00e9l\u00e9sb\u0151l, el\u00e9g a pap\u00edrmunk\u00e1b\u00f3l, el\u00e9g a stresszb\u0151l! Mi nem csak ingatlant tal\u00e1lunk \u2013 OTTHONT TEREMT\u00dcNK.\" \/>\n<meta name=\"robots\" content=\"index, follow, max-snippet:-1, max-image-preview:large, max-video-preview:-1\" \/>\n<link rel=\"canonical\" href=\"https:\/\/dreamhousekirilla.hu\/en\/kiado-real-estate\/\" \/>\n<meta property=\"og:locale\" content=\"en_US\" \/>\n<meta property=\"og:type\" content=\"article\" \/>\n<meta property=\"og:title\" content=\"Kiad\u00f3 ingatlanok - Dream House Kirilla\" \/>\n<meta property=\"og:description\" content=\"El\u00e9g a keresg\u00e9l\u00e9sb\u0151l, el\u00e9g a pap\u00edrmunk\u00e1b\u00f3l, el\u00e9g a stresszb\u0151l! Mi nem csak ingatlant tal\u00e1lunk \u2013 OTTHONT TEREMT\u00dcNK.\" \/>\n<meta property=\"og:url\" content=\"https:\/\/dreamhousekirilla.hu\/en\/kiado-real-estate\/\" \/>\n<meta property=\"og:site_name\" content=\"Dream House Kirilla\" \/>\n<meta property=\"article:modified_time\" content=\"2025-08-07T13:23:22+00:00\" \/>\n<meta property=\"og:image\" content=\"https:\/\/dreamhousekirilla.hu\/wp-content\/uploads\/2025\/07\/fooldal-nyitokep-1024x583.jpg\" \/>\n\t<meta property=\"og:image:width\" content=\"1024\" \/>\n\t<meta property=\"og:image:height\" content=\"583\" \/>\n\t<meta property=\"og:image:type\" content=\"image\/jpeg\" \/>\n<meta name=\"twitter:card\" content=\"summary_large_image\" \/>\n<meta name=\"twitter:label1\" content=\"Est. reading time\" \/>\n\t<meta name=\"twitter:data1\" content=\"1 minute\" \/>\n<script type=\"application\/ld+json\" class=\"yoast-schema-graph\">{\"@context\":\"https:\/\/schema.org\",\"@graph\":[{\"@type\":\"WebPage\",\"@id\":\"https:\/\/dreamhousekirilla.hu\/kiado-ingatlanok\/\",\"url\":\"https:\/\/dreamhousekirilla.hu\/kiado-ingatlanok\/\",\"name\":\"Kiad\u00f3 ingatlanok - Dream House Kirilla\",\"isPartOf\":{\"@id\":\"https:\/\/dreamhousekirilla.hu\/#website\"},\"datePublished\":\"2025-07-31T12:34:02+00:00\",\"dateModified\":\"2025-08-07T13:23:22+00:00\",\"description\":\"El\u00e9g a keresg\u00e9l\u00e9sb\u0151l, el\u00e9g a pap\u00edrmunk\u00e1b\u00f3l, el\u00e9g a stresszb\u0151l! Mi nem csak ingatlant tal\u00e1lunk \u2013 OTTHONT TEREMT\u00dcNK.\",\"breadcrumb\":{\"@id\":\"https:\/\/dreamhousekirilla.hu\/kiado-ingatlanok\/#breadcrumb\"},\"inLanguage\":\"en-US\",\"potentialAction\":[{\"@type\":\"ReadAction\",\"target\":[\"https:\/\/dreamhousekirilla.hu\/kiado-ingatlanok\/\"]}]},{\"@type\":\"BreadcrumbList\",\"@id\":\"https:\/\/dreamhousekirilla.hu\/kiado-ingatlanok\/#breadcrumb\",\"itemListElement\":[{\"@type\":\"ListItem\",\"position\":1,\"name\":\"Kezd\u0151lap\",\"item\":\"https:\/\/dreamhousekirilla.hu\/\"},{\"@type\":\"ListItem\",\"position\":2,\"name\":\"Kiad\u00f3 ingatlanok\"}]},{\"@type\":\"WebSite\",\"@id\":\"https:\/\/dreamhousekirilla.hu\/#website\",\"url\":\"https:\/\/dreamhousekirilla.hu\/\",\"name\":\"Dream House Kirilla\",\"description\":\"Real Estate Agency\",\"publisher\":{\"@id\":\"https:\/\/dreamhousekirilla.hu\/#organization\"},\"potentialAction\":[{\"@type\":\"SearchAction\",\"target\":{\"@type\":\"EntryPoint\",\"urlTemplate\":\"https:\/\/dreamhousekirilla.hu\/?s={search_term_string}\"},\"query-input\":{\"@type\":\"PropertyValueSpecification\",\"valueRequired\":true,\"valueName\":\"search_term_string\"}}],\"inLanguage\":\"en-US\"},{\"@type\":\"Organization\",\"@id\":\"https:\/\/dreamhousekirilla.hu\/#organization\",\"name\":\"Dream House Kirilla - real estate agency\",\"url\":\"https:\/\/dreamhousekirilla.hu\/\",\"logo\":{\"@type\":\"ImageObject\",\"inLanguage\":\"en-US\",\"@id\":\"https:\/\/dreamhousekirilla.hu\/#\/schema\/logo\/image\/\",\"url\":\"https:\/\/dreamhousekirilla.hu\/wp-content\/uploads\/2025\/07\/Logo-allitott-zold.jpg\",\"contentUrl\":\"https:\/\/dreamhousekirilla.hu\/wp-content\/uploads\/2025\/07\/Logo-allitott-zold.jpg\",\"width\":596,\"height\":275,\"caption\":\"Dream House Kirilla - real estate agency\"},\"image\":{\"@id\":\"https:\/\/dreamhousekirilla.hu\/#\/schema\/logo\/image\/\"}}]}<\/script>\n<!-- \/ Yoast SEO plugin. -->","yoast_head_json":{"title":"Properties for rent - Dream House Kirilla","description":"Enough searching, enough paperwork, enough stress! We don't just find you property - we make you a HOME.","robots":{"index":"index","follow":"follow","max-snippet":"max-snippet:-1","max-image-preview":"max-image-preview:large","max-video-preview":"max-video-preview:-1"},"canonical":"https:\/\/dreamhousekirilla.hu\/en\/kiado-real-estate\/","og_locale":"en_US","og_type":"article","og_title":"Kiad\u00f3 ingatlanok - Dream House Kirilla","og_description":"El\u00e9g a keresg\u00e9l\u00e9sb\u0151l, el\u00e9g a pap\u00edrmunk\u00e1b\u00f3l, el\u00e9g a stresszb\u0151l! Mi nem csak ingatlant tal\u00e1lunk \u2013 OTTHONT TEREMT\u00dcNK.","og_url":"https:\/\/dreamhousekirilla.hu\/en\/kiado-real-estate\/","og_site_name":"Dream House Kirilla","article_modified_time":"2025-08-07T13:23:22+00:00","og_image":[{"width":1024,"height":583,"url":"https:\/\/dreamhousekirilla.hu\/wp-content\/uploads\/2025\/07\/fooldal-nyitokep-1024x583.jpg","type":"image\/jpeg"}],"twitter_card":"summary_large_image","twitter_misc":{"Est. reading time":"1 minute"},"schema":{"@context":"https:\/\/schema.org","@graph":[{"@type":"WebPage","@id":"https:\/\/dreamhousekirilla.hu\/kiado-ingatlanok\/","url":"https:\/\/dreamhousekirilla.hu\/kiado-ingatlanok\/","name":"Properties for rent - Dream House Kirilla","isPartOf":{"@id":"https:\/\/dreamhousekirilla.hu\/#website"},"datePublished":"2025-07-31T12:34:02+00:00","dateModified":"2025-08-07T13:23:22+00:00","description":"Enough searching, enough paperwork, enough stress! We don't just find you property - we make you a HOME.","breadcrumb":{"@id":"https:\/\/dreamhousekirilla.hu\/kiado-ingatlanok\/#breadcrumb"},"inLanguage":"en-US","potentialAction":[{"@type":"ReadAction","target":["https:\/\/dreamhousekirilla.hu\/kiado-ingatlanok\/"]}]},{"@type":"BreadcrumbList","@id":"https:\/\/dreamhousekirilla.hu\/kiado-ingatlanok\/#breadcrumb","itemListElement":[{"@type":"ListItem","position":1,"name":"Kezd\u0151lap","item":"https:\/\/dreamhousekirilla.hu\/"},{"@type":"ListItem","position":2,"name":"Kiad\u00f3 ingatlanok"}]},{"@type":"WebSite","@id":"https:\/\/dreamhousekirilla.hu\/#website","url":"https:\/\/dreamhousekirilla.hu\/","name":"Dream House Kirilla","description":"Real Estate Agency","publisher":{"@id":"https:\/\/dreamhousekirilla.hu\/#organization"},"potentialAction":[{"@type":"SearchAction","target":{"@type":"EntryPoint","urlTemplate":"https:\/\/dreamhousekirilla.hu\/?s={search_term_string}"},"query-input":{"@type":"PropertyValueSpecification","valueRequired":true,"valueName":"search_term_string"}}],"inLanguage":"en-US"},{"@type":"Organization","@id":"https:\/\/dreamhousekirilla.hu\/#organization","name":"Dream House Kirilla - real estate agency","url":"https:\/\/dreamhousekirilla.hu\/","logo":{"@type":"ImageObject","inLanguage":"en-US","@id":"https:\/\/dreamhousekirilla.hu\/#\/schema\/logo\/image\/","url":"https:\/\/dreamhousekirilla.hu\/wp-content\/uploads\/2025\/07\/Logo-allitott-zold.jpg","contentUrl":"https:\/\/dreamhousekirilla.hu\/wp-content\/uploads\/2025\/07\/Logo-allitott-zold.jpg","width":596,"height":275,"caption":"Dream House Kirilla - real estate agency"},"image":{"@id":"https:\/\/dreamhousekirilla.hu\/#\/schema\/logo\/image\/"}}]}},"_links":{"self":[{"href":"https:\/\/dreamhousekirilla.hu\/en\/wp-json\/wp\/v2\/pages\/1388","targetHints":{"allow":["GET"]}}],"collection":[{"href":"https:\/\/dreamhousekirilla.hu\/en\/wp-json\/wp\/v2\/pages"}],"about":[{"href":"https:\/\/dreamhousekirilla.hu\/en\/wp-json\/wp\/v2\/types\/page"}],"author":[{"embeddable":true,"href":"https:\/\/dreamhousekirilla.hu\/en\/wp-json\/wp\/v2\/users\/1"}],"replies":[{"embeddable":true,"href":"https:\/\/dreamhousekirilla.hu\/en\/wp-json\/wp\/v2\/comments?post=1388"}],"version-history":[{"count":5,"href":"https:\/\/dreamhousekirilla.hu\/en\/wp-json\/wp\/v2\/pages\/1388\/revisions"}],"predecessor-version":[{"id":1818,"href":"https:\/\/dreamhousekirilla.hu\/en\/wp-json\/wp\/v2\/pages\/1388\/revisions\/1818"}],"wp:attachment":[{"href":"https:\/\/dreamhousekirilla.hu\/en\/wp-json\/wp\/v2\/media?parent=1388"}],"curies":[{"name":"wp","href":"https:\/\/api.w.org\/{rel}","templated":true}]}}