{"id":1023,"date":"2025-07-30T14:03:49","date_gmt":"2025-07-30T12:03:49","guid":{"rendered":"https:\/\/dreamhousekirilla.hu\/?post_type=product&#038;p=1023"},"modified":"2026-01-19T14:21:26","modified_gmt":"2026-01-19T13:21:26","slug":"elado-haz-somogysamson","status":"publish","type":"product","link":"https:\/\/dreamhousekirilla.hu\/en\/product\/elado-haz-somogysamson\/","title":{"rendered":"<b>128 m\u00b2<\/b> <br>Partly renovated, detached house with large plot"},"content":{"rendered":"<p><span style=\"font-weight: 400;\">For sale a partially renovated 128 m\u00b2 house in the main street of Somogys\u00e1mson, 4267 m\u00b2 plot, night electricity and three-phase strong electricity!<\/span><\/p>\n<p><span style=\"font-weight: 400;\">In the main street of Somogys\u00e1mson, in a quiet and peaceful environment, we offer for sale a 128 m\u00b2, partially renovated family house, located on a large plot of 4267 m\u00b2. The renovation of the property has already started, so the new owner can finish the works according to his own ideas!<\/span><\/p>\n<p><span style=\"font-weight: 400;\">Since the advertisement was published, further work has been completed: the rooms are finished, the plumbing, electricity and underfloor heating pipes have been installed, the ceiling is finished and the ceiling and walls have been plastered.<\/span><\/p>\n<p><span style=\"font-weight: 400;\">All that remains for the new owner to do is to install the windows and doors, lay the floor tiles, paint the walls and complete the technical installations. The external insulation and painting of the building is also still to be done, but the roof has been renovated and is made of high quality materials.<\/span><\/p>\n<p><span style=\"font-weight: 400;\">The house is modern and spacious: 3 separate bedrooms, a large entrance area and hallway, a bathroom with a sunken floor and shower, a separate toilet and a spacious living room with an American kitchen provide a cosy atmosphere. From the living room you can access a covered wooden terrace, which can be converted into a winter garden if required, and from here you have direct access to the cellar, which is perfect for storage.<\/span><\/p>\n<p><span style=\"font-weight: 400;\">The property also benefits from underfloor heating throughout the house, so comfort is guaranteed all year round. Night-time electricity and three-phase strong current are also wired into the plot, providing excellent possibilities for the use of various electrical appliances and further improvements.<\/span><\/p>\n<p><span style=\"font-weight: 400;\">On the 4267 m\u00b2 plot there are several outbuildings, which can be used as a garage, storage or even for livestock.<\/span><\/p>\n<p><span style=\"font-weight: 400;\">The location of the property is also very favourable: Keszthely is only 22 km away, while Lake Balaton is 15 km away in Balatonber\u00e9ny. Marcali is only 10 km away, where all important services are easily accessible. The M7 motorway is within easy reach, just 5 km from the house, providing fast and convenient connections to both the surrounding towns and Lake Balaton.<\/span><\/p>\n<p><span style=\"font-weight: 400;\">This property is an excellent choice for those who wish to finish their home to their own specifications in a tranquil, rural setting, while the large plot and buildings provide a wealth of possibilities.<\/span><\/p>\n<p><span style=\"font-weight: 400;\">Don't miss this special opportunity to create your own dream home!<\/span><\/p>\n<p><span style=\"font-weight: 400;\">For more details, information and pictures, please contact me by phone.<\/span><\/p>\n<p><span style=\"font-weight: 400;\">Click on the link to watch an online video tour of the property.<\/span><\/p>\n<p class=\"p1\"><b>\u00c1RCS\u00d6KKENT\u00c9S!<\/b><b><\/b><\/p>\n<p class=\"p2\">Kor\u00e1bbi \u00e1r: <span class=\"s1\">75.999 EUR \/ 29.999.999 Ft<\/span><\/p>\n<p class=\"p1\"><b>\u00daj \u00e1r: 69.999 EUR (\u00e1rfolyamf\u00fcgg\u0151) \/ 26.999.999 Ft<\/b><\/p>\n<p><br style=\"font-weight: 400;\" \/><br style=\"font-weight: 400;\" \/><\/p>","protected":false},"excerpt":{"rendered":"<p>128 m\u00b2<\/p>","protected":false},"featured_media":1024,"comment_status":"closed","ping_status":"closed","template":"","meta":{"_et_pb_use_builder":"","_et_pb_old_content":"","_et_gb_content_width":"","inline_featured_image":false},"product_brand":[],"product_cat":[21],"product_tag":[],"class_list":{"0":"post-1023","1":"product","2":"type-product","3":"status-publish","4":"has-post-thumbnail","6":"product_cat-elado-ingatlanok","8":"first","9":"instock","10":"shipping-taxable","11":"purchasable","12":"product-type-simple"},"yoast_head":"<!-- This site is optimized with the Yoast SEO plugin v25.7 - https:\/\/yoast.com\/wordpress\/plugins\/seo\/ -->\n<title>128 m\u00b2 R\u00e9szben fel\u00faj\u00edtott, csal\u00e1di h\u00e1z nagy telekkel - Dream House Kirilla<\/title>\n<meta name=\"description\" content=\"Elad\u00f3 egy r\u00e9szben fel\u00faj\u00edtott 128 m\u00b2-es h\u00e1z Somogys\u00e1mson f\u0151utc\u00e1j\u00e1ban, 4267 m\u00b2-es telekkel, \u00e9jszakai \u00e1rammal \u00e9s h\u00e1romf\u00e1zis\u00fa er\u0151s \u00e1rammal!\" \/>\n<meta name=\"robots\" content=\"index, follow, max-snippet:-1, max-image-preview:large, max-video-preview:-1\" \/>\n<link rel=\"canonical\" href=\"https:\/\/dreamhousekirilla.hu\/en\/product\/elado-haz-somogysamson\/\" \/>\n<meta property=\"og:locale\" content=\"en_US\" \/>\n<meta property=\"og:type\" content=\"article\" \/>\n<meta property=\"og:title\" content=\"128 m\u00b2 R\u00e9szben fel\u00faj\u00edtott, csal\u00e1di h\u00e1z nagy telekkel - Dream House Kirilla\" \/>\n<meta property=\"og:description\" content=\"Elad\u00f3 egy r\u00e9szben fel\u00faj\u00edtott 128 m\u00b2-es h\u00e1z Somogys\u00e1mson f\u0151utc\u00e1j\u00e1ban, 4267 m\u00b2-es telekkel, \u00e9jszakai \u00e1rammal \u00e9s h\u00e1romf\u00e1zis\u00fa er\u0151s \u00e1rammal!\" \/>\n<meta property=\"og:url\" content=\"https:\/\/dreamhousekirilla.hu\/en\/product\/elado-haz-somogysamson\/\" \/>\n<meta property=\"og:site_name\" content=\"Dream House Kirilla\" \/>\n<meta property=\"article:modified_time\" content=\"2026-01-19T13:21:26+00:00\" \/>\n<meta property=\"og:image\" content=\"https:\/\/dreamhousekirilla.hu\/wp-content\/uploads\/2025\/07\/IMG_7895.jpeg\" \/>\n\t<meta property=\"og:image:width\" content=\"1700\" \/>\n\t<meta property=\"og:image:height\" content=\"1275\" \/>\n\t<meta property=\"og:image:type\" content=\"image\/jpeg\" \/>\n<meta name=\"twitter:card\" content=\"summary_large_image\" \/>\n<meta name=\"twitter:label1\" content=\"Est. reading time\" \/>\n\t<meta name=\"twitter:data1\" content=\"3 minutes\" \/>\n<script type=\"application\/ld+json\" class=\"yoast-schema-graph\">{\"@context\":\"https:\/\/schema.org\",\"@graph\":[{\"@type\":\"WebPage\",\"@id\":\"https:\/\/dreamhousekirilla.hu\/termek\/elado-haz-somogysamson\/\",\"url\":\"https:\/\/dreamhousekirilla.hu\/termek\/elado-haz-somogysamson\/\",\"name\":\"128 m\u00b2 R\u00e9szben fel\u00faj\u00edtott, csal\u00e1di h\u00e1z nagy telekkel - Dream House Kirilla\",\"isPartOf\":{\"@id\":\"https:\/\/dreamhousekirilla.hu\/#website\"},\"primaryImageOfPage\":{\"@id\":\"https:\/\/dreamhousekirilla.hu\/termek\/elado-haz-somogysamson\/#primaryimage\"},\"image\":{\"@id\":\"https:\/\/dreamhousekirilla.hu\/termek\/elado-haz-somogysamson\/#primaryimage\"},\"thumbnailUrl\":\"https:\/\/dreamhousekirilla.hu\/wp-content\/uploads\/2025\/07\/IMG_7895.jpeg\",\"datePublished\":\"2025-07-30T12:03:49+00:00\",\"dateModified\":\"2026-01-19T13:21:26+00:00\",\"description\":\"Elad\u00f3 egy r\u00e9szben fel\u00faj\u00edtott 128 m\u00b2-es h\u00e1z Somogys\u00e1mson f\u0151utc\u00e1j\u00e1ban, 4267 m\u00b2-es telekkel, \u00e9jszakai \u00e1rammal \u00e9s h\u00e1romf\u00e1zis\u00fa er\u0151s \u00e1rammal!\",\"breadcrumb\":{\"@id\":\"https:\/\/dreamhousekirilla.hu\/termek\/elado-haz-somogysamson\/#breadcrumb\"},\"inLanguage\":\"en-US\",\"potentialAction\":[{\"@type\":\"ReadAction\",\"target\":[\"https:\/\/dreamhousekirilla.hu\/termek\/elado-haz-somogysamson\/\"]}]},{\"@type\":\"ImageObject\",\"inLanguage\":\"en-US\",\"@id\":\"https:\/\/dreamhousekirilla.hu\/termek\/elado-haz-somogysamson\/#primaryimage\",\"url\":\"https:\/\/dreamhousekirilla.hu\/wp-content\/uploads\/2025\/07\/IMG_7895.jpeg\",\"contentUrl\":\"https:\/\/dreamhousekirilla.hu\/wp-content\/uploads\/2025\/07\/IMG_7895.jpeg\",\"width\":1700,\"height\":1275,\"caption\":\"Dream House Kirilla - Elad\u00f3 Ingatlanok\"},{\"@type\":\"BreadcrumbList\",\"@id\":\"https:\/\/dreamhousekirilla.hu\/termek\/elado-haz-somogysamson\/#breadcrumb\",\"itemListElement\":[{\"@type\":\"ListItem\",\"position\":1,\"name\":\"Kezd\u0151lap\",\"item\":\"https:\/\/dreamhousekirilla.hu\/\"},{\"@type\":\"ListItem\",\"position\":2,\"name\":\"Shop\",\"item\":\"https:\/\/dreamhousekirilla.hu\/uzlet\/\"},{\"@type\":\"ListItem\",\"position\":3,\"name\":\"128 m\u00b2 R\u00e9szben fel\u00faj\u00edtott, csal\u00e1di h\u00e1z nagy telekkel\"}]},{\"@type\":\"WebSite\",\"@id\":\"https:\/\/dreamhousekirilla.hu\/#website\",\"url\":\"https:\/\/dreamhousekirilla.hu\/\",\"name\":\"Dream House Kirilla\",\"description\":\"Real Estate Agency\",\"publisher\":{\"@id\":\"https:\/\/dreamhousekirilla.hu\/#organization\"},\"potentialAction\":[{\"@type\":\"SearchAction\",\"target\":{\"@type\":\"EntryPoint\",\"urlTemplate\":\"https:\/\/dreamhousekirilla.hu\/?s={search_term_string}\"},\"query-input\":{\"@type\":\"PropertyValueSpecification\",\"valueRequired\":true,\"valueName\":\"search_term_string\"}}],\"inLanguage\":\"en-US\"},{\"@type\":\"Organization\",\"@id\":\"https:\/\/dreamhousekirilla.hu\/#organization\",\"name\":\"Dream House Kirilla - real estate agency\",\"url\":\"https:\/\/dreamhousekirilla.hu\/\",\"logo\":{\"@type\":\"ImageObject\",\"inLanguage\":\"en-US\",\"@id\":\"https:\/\/dreamhousekirilla.hu\/#\/schema\/logo\/image\/\",\"url\":\"https:\/\/dreamhousekirilla.hu\/wp-content\/uploads\/2025\/07\/Logo-allitott-zold.jpg\",\"contentUrl\":\"https:\/\/dreamhousekirilla.hu\/wp-content\/uploads\/2025\/07\/Logo-allitott-zold.jpg\",\"width\":596,\"height\":275,\"caption\":\"Dream House Kirilla - real estate agency\"},\"image\":{\"@id\":\"https:\/\/dreamhousekirilla.hu\/#\/schema\/logo\/image\/\"}}]}<\/script>\n<!-- \/ Yoast SEO plugin. -->","yoast_head_json":{"title":"128 m\u00b2 Partly renovated detached house with large plot - Dream House Kirilla","description":"For sale a partially renovated 128 m\u00b2 house in the main street of Somogys\u00e1mson, 4267 m\u00b2 plot, night electricity and three-phase strong electricity!","robots":{"index":"index","follow":"follow","max-snippet":"max-snippet:-1","max-image-preview":"max-image-preview:large","max-video-preview":"max-video-preview:-1"},"canonical":"https:\/\/dreamhousekirilla.hu\/en\/product\/elado-haz-somogysamson\/","og_locale":"en_US","og_type":"article","og_title":"128 m\u00b2 R\u00e9szben fel\u00faj\u00edtott, csal\u00e1di h\u00e1z nagy telekkel - Dream House Kirilla","og_description":"Elad\u00f3 egy r\u00e9szben fel\u00faj\u00edtott 128 m\u00b2-es h\u00e1z Somogys\u00e1mson f\u0151utc\u00e1j\u00e1ban, 4267 m\u00b2-es telekkel, \u00e9jszakai \u00e1rammal \u00e9s h\u00e1romf\u00e1zis\u00fa er\u0151s \u00e1rammal!","og_url":"https:\/\/dreamhousekirilla.hu\/en\/product\/elado-haz-somogysamson\/","og_site_name":"Dream House Kirilla","article_modified_time":"2026-01-19T13:21:26+00:00","og_image":[{"width":1700,"height":1275,"url":"https:\/\/dreamhousekirilla.hu\/wp-content\/uploads\/2025\/07\/IMG_7895.jpeg","type":"image\/jpeg"}],"twitter_card":"summary_large_image","twitter_misc":{"Est. reading time":"3 minutes"},"schema":{"@context":"https:\/\/schema.org","@graph":[{"@type":"WebPage","@id":"https:\/\/dreamhousekirilla.hu\/termek\/elado-haz-somogysamson\/","url":"https:\/\/dreamhousekirilla.hu\/termek\/elado-haz-somogysamson\/","name":"128 m\u00b2 Partly renovated detached house with large plot - Dream House Kirilla","isPartOf":{"@id":"https:\/\/dreamhousekirilla.hu\/#website"},"primaryImageOfPage":{"@id":"https:\/\/dreamhousekirilla.hu\/termek\/elado-haz-somogysamson\/#primaryimage"},"image":{"@id":"https:\/\/dreamhousekirilla.hu\/termek\/elado-haz-somogysamson\/#primaryimage"},"thumbnailUrl":"https:\/\/dreamhousekirilla.hu\/wp-content\/uploads\/2025\/07\/IMG_7895.jpeg","datePublished":"2025-07-30T12:03:49+00:00","dateModified":"2026-01-19T13:21:26+00:00","description":"For sale a partially renovated 128 m\u00b2 house in the main street of Somogys\u00e1mson, 4267 m\u00b2 plot, night electricity and three-phase strong electricity!","breadcrumb":{"@id":"https:\/\/dreamhousekirilla.hu\/termek\/elado-haz-somogysamson\/#breadcrumb"},"inLanguage":"en-US","potentialAction":[{"@type":"ReadAction","target":["https:\/\/dreamhousekirilla.hu\/termek\/elado-haz-somogysamson\/"]}]},{"@type":"ImageObject","inLanguage":"en-US","@id":"https:\/\/dreamhousekirilla.hu\/termek\/elado-haz-somogysamson\/#primaryimage","url":"https:\/\/dreamhousekirilla.hu\/wp-content\/uploads\/2025\/07\/IMG_7895.jpeg","contentUrl":"https:\/\/dreamhousekirilla.hu\/wp-content\/uploads\/2025\/07\/IMG_7895.jpeg","width":1700,"height":1275,"caption":"Dream House Kirilla - Elad\u00f3 Ingatlanok"},{"@type":"BreadcrumbList","@id":"https:\/\/dreamhousekirilla.hu\/termek\/elado-haz-somogysamson\/#breadcrumb","itemListElement":[{"@type":"ListItem","position":1,"name":"Kezd\u0151lap","item":"https:\/\/dreamhousekirilla.hu\/"},{"@type":"ListItem","position":2,"name":"Shop","item":"https:\/\/dreamhousekirilla.hu\/uzlet\/"},{"@type":"ListItem","position":3,"name":"128 m\u00b2 R\u00e9szben fel\u00faj\u00edtott, csal\u00e1di h\u00e1z nagy telekkel"}]},{"@type":"WebSite","@id":"https:\/\/dreamhousekirilla.hu\/#website","url":"https:\/\/dreamhousekirilla.hu\/","name":"Dream House Kirilla","description":"Real Estate Agency","publisher":{"@id":"https:\/\/dreamhousekirilla.hu\/#organization"},"potentialAction":[{"@type":"SearchAction","target":{"@type":"EntryPoint","urlTemplate":"https:\/\/dreamhousekirilla.hu\/?s={search_term_string}"},"query-input":{"@type":"PropertyValueSpecification","valueRequired":true,"valueName":"search_term_string"}}],"inLanguage":"en-US"},{"@type":"Organization","@id":"https:\/\/dreamhousekirilla.hu\/#organization","name":"Dream House Kirilla - real estate agency","url":"https:\/\/dreamhousekirilla.hu\/","logo":{"@type":"ImageObject","inLanguage":"en-US","@id":"https:\/\/dreamhousekirilla.hu\/#\/schema\/logo\/image\/","url":"https:\/\/dreamhousekirilla.hu\/wp-content\/uploads\/2025\/07\/Logo-allitott-zold.jpg","contentUrl":"https:\/\/dreamhousekirilla.hu\/wp-content\/uploads\/2025\/07\/Logo-allitott-zold.jpg","width":596,"height":275,"caption":"Dream House Kirilla - real estate agency"},"image":{"@id":"https:\/\/dreamhousekirilla.hu\/#\/schema\/logo\/image\/"}}]}},"_links":{"self":[{"href":"https:\/\/dreamhousekirilla.hu\/en\/wp-json\/wp\/v2\/product\/1023","targetHints":{"allow":["GET"]}}],"collection":[{"href":"https:\/\/dreamhousekirilla.hu\/en\/wp-json\/wp\/v2\/product"}],"about":[{"href":"https:\/\/dreamhousekirilla.hu\/en\/wp-json\/wp\/v2\/types\/product"}],"replies":[{"embeddable":true,"href":"https:\/\/dreamhousekirilla.hu\/en\/wp-json\/wp\/v2\/comments?post=1023"}],"wp:featuredmedia":[{"embeddable":true,"href":"https:\/\/dreamhousekirilla.hu\/en\/wp-json\/wp\/v2\/media\/1024"}],"wp:attachment":[{"href":"https:\/\/dreamhousekirilla.hu\/en\/wp-json\/wp\/v2\/media?parent=1023"}],"wp:term":[{"taxonomy":"product_brand","embeddable":true,"href":"https:\/\/dreamhousekirilla.hu\/en\/wp-json\/wp\/v2\/product_brand?post=1023"},{"taxonomy":"product_cat","embeddable":true,"href":"https:\/\/dreamhousekirilla.hu\/en\/wp-json\/wp\/v2\/product_cat?post=1023"},{"taxonomy":"product_tag","embeddable":true,"href":"https:\/\/dreamhousekirilla.hu\/en\/wp-json\/wp\/v2\/product_tag?post=1023"}],"curies":[{"name":"wp","href":"https:\/\/api.w.org\/{rel}","templated":true}]}}