{"id":1052,"date":"2025-07-30T14:37:24","date_gmt":"2025-07-30T12:37:24","guid":{"rendered":"https:\/\/dreamhousekirilla.hu\/?post_type=product&#038;p=1052"},"modified":"2025-10-02T10:25:52","modified_gmt":"2025-10-02T08:25:52","slug":"elado-haz-balatonszentgyorgy-4","status":"publish","type":"product","link":"https:\/\/dreamhousekirilla.hu\/en\/product\/elado-haz-balatonszentgyorgy-4\/","title":{"rendered":"<b>180 m\u00b2<\/b> <br>Modern dream home in Balatonszentgy\u00f6rgy"},"content":{"rendered":"<p><span style=\"font-weight: 400;\">For sale is a beautiful, modern family house in one of the most popular streets of Balatonszentgy\u00f6rgy, with a perfect layout and ideal surroundings. This unique, two-storey house on a plot of over 1000 square metres offers a home that meets all your needs.<\/span><\/p>\n<p><span style=\"font-weight: 400;\">Entering the house, you immediately feel the modern and contemporary atmosphere. The spacious kitchen and dining room immediately draw the eye. From the lower level you can access a large terrace with a jacuzzi and a sauna for perfect relaxation. There is also a summer kitchen, ideal for barbecues and family gatherings.<\/span><\/p>\n<p><span style=\"font-weight: 400;\">On the lower level there is a large living room with fireplace, a study, a bathroom and a pantry. Half a level down is the boiler, which keeps the house warm. Upstairs there is a spacious hallway with easy access to the large bathroom, the spacious master bedroom, two further large bedrooms and a walk-in wardrobe.<\/span><\/p>\n<p><span style=\"font-weight: 400;\">The house has a 48 square meter double garage with parking space for two cars. Behind the garage is a lush garden, ideal for gardening and relaxing.<\/span><\/p>\n<p><span style=\"font-weight: 400;\">The house is heated with wood and a 10 KW solar panel system installed on the roof of the garage, which provides almost free heating and energy. The concrete back garden of the property adds to the value and practicality of the property.<\/span><\/p>\n<p><span style=\"font-weight: 400;\">A grocery store, bus stop, kindergarten and school, petrol station, cultural centre and train station are just 3 minutes away, and the property is about 5-6 minutes from the centre. Major towns such as Marcali and Keszthely are 12 km away, and the village is situated on the shores of the beautiful Lake Balaton, while the famous thermal baths of H\u00e9v\u00edz are about 15 km away and are the perfect place for swimming and relaxing. In addition, the proximity of the M7 motorway provides further convenience for travellers, adding to the property's appeal.<\/span><\/p>\n<p><span style=\"font-weight: 400;\">The house is in turnkey condition, so no further renovation is needed. Don't miss this unique opportunity and be the happy owner of this perfect home in one of the most sought-after neighbourhoods of Balatonszentgy\u00f6rgy! Contact us today to view this stunning property in person!<\/span><\/p>\n<p><span style=\"font-weight: 400;\">For further details, please contact me by phone.<\/span><\/p>\n<p><span style=\"font-weight: 400;\">The recommended price is 376.999 euros (depending on the exchange rate) 146.999.999 HUF.<\/span><\/p>\n<p><br style=\"font-weight: 400;\" \/><br style=\"font-weight: 400;\" \/><\/p>","protected":false},"excerpt":{"rendered":"<p>180 m\u00b2<\/p>","protected":false},"featured_media":1053,"comment_status":"closed","ping_status":"closed","template":"","meta":{"_et_pb_use_builder":"","_et_pb_old_content":"","_et_gb_content_width":"","inline_featured_image":false},"product_brand":[],"product_cat":[21],"product_tag":[],"class_list":{"0":"post-1052","1":"product","2":"type-product","3":"status-publish","4":"has-post-thumbnail","6":"product_cat-elado-ingatlanok","8":"first","9":"instock","10":"shipping-taxable","11":"purchasable","12":"product-type-simple"},"yoast_head":"<!-- This site is optimized with the Yoast SEO plugin v25.7 - https:\/\/yoast.com\/wordpress\/plugins\/seo\/ -->\n<title>180 m\u00b2 Modern \u00e1lomotthon Balatonszentgy\u00f6rgy\u00f6n - Dream House Kirilla<\/title>\n<meta name=\"description\" content=\"Elad\u00f3 egy gy\u00f6ny\u00f6r\u0171, modern csal\u00e1di h\u00e1z Balatonszentgy\u00f6rgy egyik legkedveltebb utc\u00e1j\u00e1ban, amely t\u00f6k\u00e9letes elrendez\u00e9ssel \u00e9s ide\u00e1lis k\u00f6rnyezettel rendelkezik.\" \/>\n<meta name=\"robots\" content=\"index, follow, max-snippet:-1, max-image-preview:large, max-video-preview:-1\" \/>\n<link rel=\"canonical\" href=\"https:\/\/dreamhousekirilla.hu\/en\/product\/elado-haz-balatonszentgyorgy-4\/\" \/>\n<meta property=\"og:locale\" content=\"en_US\" \/>\n<meta property=\"og:type\" content=\"article\" \/>\n<meta property=\"og:title\" content=\"180 m\u00b2 Modern \u00e1lomotthon Balatonszentgy\u00f6rgy\u00f6n - Dream House Kirilla\" \/>\n<meta property=\"og:description\" content=\"Elad\u00f3 egy gy\u00f6ny\u00f6r\u0171, modern csal\u00e1di h\u00e1z Balatonszentgy\u00f6rgy egyik legkedveltebb utc\u00e1j\u00e1ban, amely t\u00f6k\u00e9letes elrendez\u00e9ssel \u00e9s ide\u00e1lis k\u00f6rnyezettel rendelkezik.\" \/>\n<meta property=\"og:url\" content=\"https:\/\/dreamhousekirilla.hu\/en\/product\/elado-haz-balatonszentgyorgy-4\/\" \/>\n<meta property=\"og:site_name\" content=\"Dream House Kirilla\" \/>\n<meta property=\"article:modified_time\" content=\"2025-10-02T08:25:52+00:00\" \/>\n<meta property=\"og:image\" content=\"https:\/\/dreamhousekirilla.hu\/wp-content\/uploads\/2025\/07\/IMG_5055.jpeg\" \/>\n\t<meta property=\"og:image:width\" content=\"1700\" \/>\n\t<meta property=\"og:image:height\" content=\"1275\" \/>\n\t<meta property=\"og:image:type\" content=\"image\/jpeg\" \/>\n<meta name=\"twitter:card\" content=\"summary_large_image\" \/>\n<meta name=\"twitter:label1\" content=\"Est. reading time\" \/>\n\t<meta name=\"twitter:data1\" content=\"2 minutes\" \/>\n<script type=\"application\/ld+json\" class=\"yoast-schema-graph\">{\"@context\":\"https:\/\/schema.org\",\"@graph\":[{\"@type\":\"WebPage\",\"@id\":\"https:\/\/dreamhousekirilla.hu\/termek\/elado-haz-balatonszentgyorgy-4\/\",\"url\":\"https:\/\/dreamhousekirilla.hu\/termek\/elado-haz-balatonszentgyorgy-4\/\",\"name\":\"180 m\u00b2 Modern \u00e1lomotthon Balatonszentgy\u00f6rgy\u00f6n - Dream House Kirilla\",\"isPartOf\":{\"@id\":\"https:\/\/dreamhousekirilla.hu\/#website\"},\"primaryImageOfPage\":{\"@id\":\"https:\/\/dreamhousekirilla.hu\/termek\/elado-haz-balatonszentgyorgy-4\/#primaryimage\"},\"image\":{\"@id\":\"https:\/\/dreamhousekirilla.hu\/termek\/elado-haz-balatonszentgyorgy-4\/#primaryimage\"},\"thumbnailUrl\":\"https:\/\/dreamhousekirilla.hu\/wp-content\/uploads\/2025\/07\/IMG_5055.jpeg\",\"datePublished\":\"2025-07-30T12:37:24+00:00\",\"dateModified\":\"2025-10-02T08:25:52+00:00\",\"description\":\"Elad\u00f3 egy gy\u00f6ny\u00f6r\u0171, modern csal\u00e1di h\u00e1z Balatonszentgy\u00f6rgy egyik legkedveltebb utc\u00e1j\u00e1ban, amely t\u00f6k\u00e9letes elrendez\u00e9ssel \u00e9s ide\u00e1lis k\u00f6rnyezettel rendelkezik.\",\"breadcrumb\":{\"@id\":\"https:\/\/dreamhousekirilla.hu\/termek\/elado-haz-balatonszentgyorgy-4\/#breadcrumb\"},\"inLanguage\":\"en-US\",\"potentialAction\":[{\"@type\":\"ReadAction\",\"target\":[\"https:\/\/dreamhousekirilla.hu\/termek\/elado-haz-balatonszentgyorgy-4\/\"]}]},{\"@type\":\"ImageObject\",\"inLanguage\":\"en-US\",\"@id\":\"https:\/\/dreamhousekirilla.hu\/termek\/elado-haz-balatonszentgyorgy-4\/#primaryimage\",\"url\":\"https:\/\/dreamhousekirilla.hu\/wp-content\/uploads\/2025\/07\/IMG_5055.jpeg\",\"contentUrl\":\"https:\/\/dreamhousekirilla.hu\/wp-content\/uploads\/2025\/07\/IMG_5055.jpeg\",\"width\":1700,\"height\":1275,\"caption\":\"Dream House Kirilla - Elad\u00f3 Ingatlanok\"},{\"@type\":\"BreadcrumbList\",\"@id\":\"https:\/\/dreamhousekirilla.hu\/termek\/elado-haz-balatonszentgyorgy-4\/#breadcrumb\",\"itemListElement\":[{\"@type\":\"ListItem\",\"position\":1,\"name\":\"Kezd\u0151lap\",\"item\":\"https:\/\/dreamhousekirilla.hu\/\"},{\"@type\":\"ListItem\",\"position\":2,\"name\":\"Shop\",\"item\":\"https:\/\/dreamhousekirilla.hu\/uzlet\/\"},{\"@type\":\"ListItem\",\"position\":3,\"name\":\"180 m\u00b2 Modern \u00e1lomotthon Balatonszentgy\u00f6rgy\u00f6n\"}]},{\"@type\":\"WebSite\",\"@id\":\"https:\/\/dreamhousekirilla.hu\/#website\",\"url\":\"https:\/\/dreamhousekirilla.hu\/\",\"name\":\"Dream House Kirilla\",\"description\":\"Real Estate Agency\",\"publisher\":{\"@id\":\"https:\/\/dreamhousekirilla.hu\/#organization\"},\"potentialAction\":[{\"@type\":\"SearchAction\",\"target\":{\"@type\":\"EntryPoint\",\"urlTemplate\":\"https:\/\/dreamhousekirilla.hu\/?s={search_term_string}\"},\"query-input\":{\"@type\":\"PropertyValueSpecification\",\"valueRequired\":true,\"valueName\":\"search_term_string\"}}],\"inLanguage\":\"en-US\"},{\"@type\":\"Organization\",\"@id\":\"https:\/\/dreamhousekirilla.hu\/#organization\",\"name\":\"Dream House Kirilla - real estate agency\",\"url\":\"https:\/\/dreamhousekirilla.hu\/\",\"logo\":{\"@type\":\"ImageObject\",\"inLanguage\":\"en-US\",\"@id\":\"https:\/\/dreamhousekirilla.hu\/#\/schema\/logo\/image\/\",\"url\":\"https:\/\/dreamhousekirilla.hu\/wp-content\/uploads\/2025\/07\/Logo-allitott-zold.jpg\",\"contentUrl\":\"https:\/\/dreamhousekirilla.hu\/wp-content\/uploads\/2025\/07\/Logo-allitott-zold.jpg\",\"width\":596,\"height\":275,\"caption\":\"Dream House Kirilla - real estate agency\"},\"image\":{\"@id\":\"https:\/\/dreamhousekirilla.hu\/#\/schema\/logo\/image\/\"}}]}<\/script>\n<!-- \/ Yoast SEO plugin. -->","yoast_head_json":{"title":"180 m\u00b2 Modern dream home in Balatonszentgy\u00f6rgy - Dream House Kirilla","description":"For sale is a beautiful, modern family house in one of the most popular streets of Balatonszentgy\u00f6rgy, with a perfect layout and ideal surroundings.","robots":{"index":"index","follow":"follow","max-snippet":"max-snippet:-1","max-image-preview":"max-image-preview:large","max-video-preview":"max-video-preview:-1"},"canonical":"https:\/\/dreamhousekirilla.hu\/en\/product\/elado-haz-balatonszentgyorgy-4\/","og_locale":"en_US","og_type":"article","og_title":"180 m\u00b2 Modern \u00e1lomotthon Balatonszentgy\u00f6rgy\u00f6n - Dream House Kirilla","og_description":"Elad\u00f3 egy gy\u00f6ny\u00f6r\u0171, modern csal\u00e1di h\u00e1z Balatonszentgy\u00f6rgy egyik legkedveltebb utc\u00e1j\u00e1ban, amely t\u00f6k\u00e9letes elrendez\u00e9ssel \u00e9s ide\u00e1lis k\u00f6rnyezettel rendelkezik.","og_url":"https:\/\/dreamhousekirilla.hu\/en\/product\/elado-haz-balatonszentgyorgy-4\/","og_site_name":"Dream House Kirilla","article_modified_time":"2025-10-02T08:25:52+00:00","og_image":[{"width":1700,"height":1275,"url":"https:\/\/dreamhousekirilla.hu\/wp-content\/uploads\/2025\/07\/IMG_5055.jpeg","type":"image\/jpeg"}],"twitter_card":"summary_large_image","twitter_misc":{"Est. reading time":"2 minutes"},"schema":{"@context":"https:\/\/schema.org","@graph":[{"@type":"WebPage","@id":"https:\/\/dreamhousekirilla.hu\/termek\/elado-haz-balatonszentgyorgy-4\/","url":"https:\/\/dreamhousekirilla.hu\/termek\/elado-haz-balatonszentgyorgy-4\/","name":"180 m\u00b2 Modern dream home in Balatonszentgy\u00f6rgy - Dream House Kirilla","isPartOf":{"@id":"https:\/\/dreamhousekirilla.hu\/#website"},"primaryImageOfPage":{"@id":"https:\/\/dreamhousekirilla.hu\/termek\/elado-haz-balatonszentgyorgy-4\/#primaryimage"},"image":{"@id":"https:\/\/dreamhousekirilla.hu\/termek\/elado-haz-balatonszentgyorgy-4\/#primaryimage"},"thumbnailUrl":"https:\/\/dreamhousekirilla.hu\/wp-content\/uploads\/2025\/07\/IMG_5055.jpeg","datePublished":"2025-07-30T12:37:24+00:00","dateModified":"2025-10-02T08:25:52+00:00","description":"For sale is a beautiful, modern family house in one of the most popular streets of Balatonszentgy\u00f6rgy, with a perfect layout and ideal surroundings.","breadcrumb":{"@id":"https:\/\/dreamhousekirilla.hu\/termek\/elado-haz-balatonszentgyorgy-4\/#breadcrumb"},"inLanguage":"en-US","potentialAction":[{"@type":"ReadAction","target":["https:\/\/dreamhousekirilla.hu\/termek\/elado-haz-balatonszentgyorgy-4\/"]}]},{"@type":"ImageObject","inLanguage":"en-US","@id":"https:\/\/dreamhousekirilla.hu\/termek\/elado-haz-balatonszentgyorgy-4\/#primaryimage","url":"https:\/\/dreamhousekirilla.hu\/wp-content\/uploads\/2025\/07\/IMG_5055.jpeg","contentUrl":"https:\/\/dreamhousekirilla.hu\/wp-content\/uploads\/2025\/07\/IMG_5055.jpeg","width":1700,"height":1275,"caption":"Dream House Kirilla - Elad\u00f3 Ingatlanok"},{"@type":"BreadcrumbList","@id":"https:\/\/dreamhousekirilla.hu\/termek\/elado-haz-balatonszentgyorgy-4\/#breadcrumb","itemListElement":[{"@type":"ListItem","position":1,"name":"Kezd\u0151lap","item":"https:\/\/dreamhousekirilla.hu\/"},{"@type":"ListItem","position":2,"name":"Shop","item":"https:\/\/dreamhousekirilla.hu\/uzlet\/"},{"@type":"ListItem","position":3,"name":"180 m\u00b2 Modern \u00e1lomotthon Balatonszentgy\u00f6rgy\u00f6n"}]},{"@type":"WebSite","@id":"https:\/\/dreamhousekirilla.hu\/#website","url":"https:\/\/dreamhousekirilla.hu\/","name":"Dream House Kirilla","description":"Real Estate Agency","publisher":{"@id":"https:\/\/dreamhousekirilla.hu\/#organization"},"potentialAction":[{"@type":"SearchAction","target":{"@type":"EntryPoint","urlTemplate":"https:\/\/dreamhousekirilla.hu\/?s={search_term_string}"},"query-input":{"@type":"PropertyValueSpecification","valueRequired":true,"valueName":"search_term_string"}}],"inLanguage":"en-US"},{"@type":"Organization","@id":"https:\/\/dreamhousekirilla.hu\/#organization","name":"Dream House Kirilla - real estate agency","url":"https:\/\/dreamhousekirilla.hu\/","logo":{"@type":"ImageObject","inLanguage":"en-US","@id":"https:\/\/dreamhousekirilla.hu\/#\/schema\/logo\/image\/","url":"https:\/\/dreamhousekirilla.hu\/wp-content\/uploads\/2025\/07\/Logo-allitott-zold.jpg","contentUrl":"https:\/\/dreamhousekirilla.hu\/wp-content\/uploads\/2025\/07\/Logo-allitott-zold.jpg","width":596,"height":275,"caption":"Dream House Kirilla - real estate agency"},"image":{"@id":"https:\/\/dreamhousekirilla.hu\/#\/schema\/logo\/image\/"}}]}},"_links":{"self":[{"href":"https:\/\/dreamhousekirilla.hu\/en\/wp-json\/wp\/v2\/product\/1052","targetHints":{"allow":["GET"]}}],"collection":[{"href":"https:\/\/dreamhousekirilla.hu\/en\/wp-json\/wp\/v2\/product"}],"about":[{"href":"https:\/\/dreamhousekirilla.hu\/en\/wp-json\/wp\/v2\/types\/product"}],"replies":[{"embeddable":true,"href":"https:\/\/dreamhousekirilla.hu\/en\/wp-json\/wp\/v2\/comments?post=1052"}],"wp:featuredmedia":[{"embeddable":true,"href":"https:\/\/dreamhousekirilla.hu\/en\/wp-json\/wp\/v2\/media\/1053"}],"wp:attachment":[{"href":"https:\/\/dreamhousekirilla.hu\/en\/wp-json\/wp\/v2\/media?parent=1052"}],"wp:term":[{"taxonomy":"product_brand","embeddable":true,"href":"https:\/\/dreamhousekirilla.hu\/en\/wp-json\/wp\/v2\/product_brand?post=1052"},{"taxonomy":"product_cat","embeddable":true,"href":"https:\/\/dreamhousekirilla.hu\/en\/wp-json\/wp\/v2\/product_cat?post=1052"},{"taxonomy":"product_tag","embeddable":true,"href":"https:\/\/dreamhousekirilla.hu\/en\/wp-json\/wp\/v2\/product_tag?post=1052"}],"curies":[{"name":"wp","href":"https:\/\/api.w.org\/{rel}","templated":true}]}}