{"id":1116,"date":"2025-07-30T16:50:32","date_gmt":"2025-07-30T14:50:32","guid":{"rendered":"https:\/\/dreamhousekirilla.hu\/?post_type=product&#038;p=1116"},"modified":"2025-07-31T16:25:27","modified_gmt":"2025-07-31T14:25:27","slug":"elado-rider-tanyapanzio-karmacs","status":"publish","type":"product","link":"https:\/\/dreamhousekirilla.hu\/en\/product\/elado-rider-tanyapanzio-karmacs\/","title":{"rendered":"<b>204 m\u00b2<\/b> <br>Farmhouse for sale in the picturesque surroundings of Karmacs"},"content":{"rendered":"<p><span style=\"font-weight: 400;\">Farmhouse for sale in the picturesque surroundings of Karmacs - Exceptional opportunity!<\/span><\/p>\n<p><span style=\"font-weight: 400;\">Price: 59.999.999 Ft (148.999 \u20ac)<\/span><\/p>\n<p><span style=\"font-weight: 400;\">Plot area: 4.800 m\u00b2<\/span><\/p>\n<p><span style=\"font-weight: 400;\">Residential building area: 204 m\u00b2<\/span><\/p>\n<p><span style=\"font-weight: 400;\">In one of the most beautiful parts of Karmacs, in a quiet and peaceful environment, we offer for sale a unique horse farm, which offers not only a home, but also numerous opportunities for farming, tourism or hobby animal husbandry.<\/span><\/p>\n<p><span style=\"font-weight: 400;\">Property details<\/span><\/p>\n<p><span style=\"font-weight: 400;\">Main building<\/span><\/p>\n<ul>\n<li><span style=\"font-weight: 400;\">Size: 204 m\u00b2<\/span><\/li>\n<li><span style=\"font-weight: 400;\">Year of construction: the original building was built in 1920-30 and extended between 1985-90.<\/span><\/li>\n<li><span style=\"font-weight: 400;\">Each room in the new wing has its own bathroom, ideal for catering or as a guest house.<\/span><\/li>\n<li><span style=\"font-weight: 400;\">Attic: a large attic that can be developed to create additional living or storage space.<\/span><\/li>\n<li><span style=\"font-weight: 400;\">Heating: gas boiler with central heating system, supplemented by a tiled stove with water space, optimized for wood burning.<\/span><\/li>\n<\/ul>\n<p><span style=\"font-weight: 400;\">Annex<\/span><\/p>\n<ul>\n<li><span style=\"font-weight: 400;\">It is the same age as the original building and can be used as a multifunctional space (workshop, warehouse, garage).<\/span><\/li>\n<\/ul>\n<p><span style=\"font-weight: 400;\">Stabling and riding facilities<\/span><\/p>\n<ul>\n<li><span style=\"font-weight: 400;\">Size: 65 m\u00b2<\/span><\/li>\n<li><span style=\"font-weight: 400;\">3 horse boxes and 6 additional stalls provide perfect conditions for the horses.<\/span><\/li>\n<\/ul>\n<p><span style=\"font-weight: 400;\">Separate apartment building plan<\/span><\/p>\n<ul>\n<li><span style=\"font-weight: 400;\">Next to the stables is a building started 30 years ago, which could serve as a dwelling.<\/span><\/li>\n<li><span style=\"font-weight: 400;\">Utilities: water, electricity, sewerage already installed.<\/span><\/li>\n<\/ul>\n<p><span style=\"font-weight: 400;\">More extras<\/span><\/p>\n<ul>\n<li><span style=\"font-weight: 400;\">Digged well, which provides water supply.<\/span><\/li>\n<li><span style=\"font-weight: 400;\">Modern wastewater system.<\/span><\/li>\n<li><span style=\"font-weight: 400;\">Strong electricity (industrial electricity), which is an excellent option for businesses.<\/span><\/li>\n<li><span style=\"font-weight: 400;\">Electric gate for convenient access.<\/span><\/li>\n<\/ul>\n<p><span style=\"font-weight: 400;\">Options for use<\/span><\/p>\n<p><span style=\"font-weight: 400;\">This property is a great choice:<\/span><\/p>\n<ul>\n<li><span style=\"font-weight: 400;\">For riders, as all the infrastructure is there.<\/span><\/li>\n<li><span style=\"font-weight: 400;\">For guest accommodation or as a bed and breakfast, due to the separate living area, the en-suite rooms and the attic.<\/span><\/li>\n<li><span style=\"font-weight: 400;\">For farmers, as the size of the plot and the versatility of the buildings make it ideal for farming.<\/span><\/li>\n<\/ul>\n<p><span style=\"font-weight: 400;\">Price: 59.999.999 Ft<\/span><\/p>\n<p><span style=\"font-weight: 400;\">This rare opportunity is perfect for those looking for a close to nature lifestyle and would take advantage of the property's diverse staycations, contact us today!<\/span><\/p>\n<p><span style=\"font-weight: 400;\">If you are interested, please call me for a viewing!<\/span><\/p>\n<p><br style=\"font-weight: 400;\" \/><br style=\"font-weight: 400;\" \/><\/p>","protected":false},"excerpt":{"rendered":"<p>204 m\u00b2<\/p>","protected":false},"featured_media":1117,"comment_status":"closed","ping_status":"closed","template":"","meta":{"_et_pb_use_builder":"","_et_pb_old_content":"","_et_gb_content_width":"","inline_featured_image":false},"product_brand":[],"product_cat":[21],"product_tag":[],"class_list":{"0":"post-1116","1":"product","2":"type-product","3":"status-publish","4":"has-post-thumbnail","6":"product_cat-elado-ingatlanok","8":"first","9":"instock","10":"shipping-taxable","11":"purchasable","12":"product-type-simple"},"yoast_head":"<!-- This site is optimized with the Yoast SEO plugin v25.7 - https:\/\/yoast.com\/wordpress\/plugins\/seo\/ -->\n<title>204 m\u00b2 Elad\u00f3 Lovas Tanyapanzi\u00f3 Karmacs fest\u0151i k\u00f6rnyezet\u00e9ben - Dream House Kirilla<\/title>\n<meta name=\"description\" content=\"Elad\u00f3 Lovas Tanyapanzi\u00f3 Karmacs fest\u0151i k\u00f6rnyezet\u00e9ben \u2013 Kiv\u00e9teles lehet\u0151s\u00e9g!\" \/>\n<meta name=\"robots\" content=\"index, follow, max-snippet:-1, max-image-preview:large, max-video-preview:-1\" \/>\n<link rel=\"canonical\" href=\"https:\/\/dreamhousekirilla.hu\/en\/product\/elado-rider-tanyapanzio-karmacs\/\" \/>\n<meta property=\"og:locale\" content=\"en_US\" \/>\n<meta property=\"og:type\" content=\"article\" \/>\n<meta property=\"og:title\" content=\"204 m\u00b2 Elad\u00f3 Lovas Tanyapanzi\u00f3 Karmacs fest\u0151i k\u00f6rnyezet\u00e9ben - Dream House Kirilla\" \/>\n<meta property=\"og:description\" content=\"Elad\u00f3 Lovas Tanyapanzi\u00f3 Karmacs fest\u0151i k\u00f6rnyezet\u00e9ben \u2013 Kiv\u00e9teles lehet\u0151s\u00e9g!\" \/>\n<meta property=\"og:url\" content=\"https:\/\/dreamhousekirilla.hu\/en\/product\/elado-rider-tanyapanzio-karmacs\/\" \/>\n<meta property=\"og:site_name\" content=\"Dream House Kirilla\" \/>\n<meta property=\"article:modified_time\" content=\"2025-07-31T14:25:27+00:00\" \/>\n<meta property=\"og:image\" content=\"https:\/\/dreamhousekirilla.hu\/wp-content\/uploads\/2025\/07\/IMG_8684-1024x768.jpeg\" \/>\n\t<meta property=\"og:image:width\" content=\"1024\" \/>\n\t<meta property=\"og:image:height\" content=\"768\" \/>\n\t<meta property=\"og:image:type\" content=\"image\/jpeg\" \/>\n<meta name=\"twitter:card\" content=\"summary_large_image\" \/>\n<meta name=\"twitter:label1\" content=\"Est. reading time\" \/>\n\t<meta name=\"twitter:data1\" content=\"2 minutes\" \/>\n<script type=\"application\/ld+json\" class=\"yoast-schema-graph\">{\"@context\":\"https:\/\/schema.org\",\"@graph\":[{\"@type\":\"WebPage\",\"@id\":\"https:\/\/dreamhousekirilla.hu\/termek\/elado-lovas-tanyapanzio-karmacs\/\",\"url\":\"https:\/\/dreamhousekirilla.hu\/termek\/elado-lovas-tanyapanzio-karmacs\/\",\"name\":\"204 m\u00b2 Elad\u00f3 Lovas Tanyapanzi\u00f3 Karmacs fest\u0151i k\u00f6rnyezet\u00e9ben - Dream House Kirilla\",\"isPartOf\":{\"@id\":\"https:\/\/dreamhousekirilla.hu\/#website\"},\"primaryImageOfPage\":{\"@id\":\"https:\/\/dreamhousekirilla.hu\/termek\/elado-lovas-tanyapanzio-karmacs\/#primaryimage\"},\"image\":{\"@id\":\"https:\/\/dreamhousekirilla.hu\/termek\/elado-lovas-tanyapanzio-karmacs\/#primaryimage\"},\"thumbnailUrl\":\"https:\/\/dreamhousekirilla.hu\/wp-content\/uploads\/2025\/07\/IMG_8684.jpeg\",\"datePublished\":\"2025-07-30T14:50:32+00:00\",\"dateModified\":\"2025-07-31T14:25:27+00:00\",\"description\":\"Elad\u00f3 Lovas Tanyapanzi\u00f3 Karmacs fest\u0151i k\u00f6rnyezet\u00e9ben \u2013 Kiv\u00e9teles lehet\u0151s\u00e9g!\",\"breadcrumb\":{\"@id\":\"https:\/\/dreamhousekirilla.hu\/termek\/elado-lovas-tanyapanzio-karmacs\/#breadcrumb\"},\"inLanguage\":\"en-US\",\"potentialAction\":[{\"@type\":\"ReadAction\",\"target\":[\"https:\/\/dreamhousekirilla.hu\/termek\/elado-lovas-tanyapanzio-karmacs\/\"]}]},{\"@type\":\"ImageObject\",\"inLanguage\":\"en-US\",\"@id\":\"https:\/\/dreamhousekirilla.hu\/termek\/elado-lovas-tanyapanzio-karmacs\/#primaryimage\",\"url\":\"https:\/\/dreamhousekirilla.hu\/wp-content\/uploads\/2025\/07\/IMG_8684.jpeg\",\"contentUrl\":\"https:\/\/dreamhousekirilla.hu\/wp-content\/uploads\/2025\/07\/IMG_8684.jpeg\",\"width\":1700,\"height\":1275,\"caption\":\"Dream House Kirilla - Elad\u00f3 Ingatlanok\"},{\"@type\":\"BreadcrumbList\",\"@id\":\"https:\/\/dreamhousekirilla.hu\/termek\/elado-lovas-tanyapanzio-karmacs\/#breadcrumb\",\"itemListElement\":[{\"@type\":\"ListItem\",\"position\":1,\"name\":\"Kezd\u0151lap\",\"item\":\"https:\/\/dreamhousekirilla.hu\/\"},{\"@type\":\"ListItem\",\"position\":2,\"name\":\"Shop\",\"item\":\"https:\/\/dreamhousekirilla.hu\/uzlet\/\"},{\"@type\":\"ListItem\",\"position\":3,\"name\":\"204 m\u00b2 Elad\u00f3 Lovas Tanyapanzi\u00f3 Karmacs fest\u0151i k\u00f6rnyezet\u00e9ben\"}]},{\"@type\":\"WebSite\",\"@id\":\"https:\/\/dreamhousekirilla.hu\/#website\",\"url\":\"https:\/\/dreamhousekirilla.hu\/\",\"name\":\"Dream House Kirilla\",\"description\":\"Real Estate Agency\",\"publisher\":{\"@id\":\"https:\/\/dreamhousekirilla.hu\/#organization\"},\"potentialAction\":[{\"@type\":\"SearchAction\",\"target\":{\"@type\":\"EntryPoint\",\"urlTemplate\":\"https:\/\/dreamhousekirilla.hu\/?s={search_term_string}\"},\"query-input\":{\"@type\":\"PropertyValueSpecification\",\"valueRequired\":true,\"valueName\":\"search_term_string\"}}],\"inLanguage\":\"en-US\"},{\"@type\":\"Organization\",\"@id\":\"https:\/\/dreamhousekirilla.hu\/#organization\",\"name\":\"Dream House Kirilla - real estate agency\",\"url\":\"https:\/\/dreamhousekirilla.hu\/\",\"logo\":{\"@type\":\"ImageObject\",\"inLanguage\":\"en-US\",\"@id\":\"https:\/\/dreamhousekirilla.hu\/#\/schema\/logo\/image\/\",\"url\":\"https:\/\/dreamhousekirilla.hu\/wp-content\/uploads\/2025\/07\/Logo-allitott-zold.jpg\",\"contentUrl\":\"https:\/\/dreamhousekirilla.hu\/wp-content\/uploads\/2025\/07\/Logo-allitott-zold.jpg\",\"width\":596,\"height\":275,\"caption\":\"Dream House Kirilla - real estate agency\"},\"image\":{\"@id\":\"https:\/\/dreamhousekirilla.hu\/#\/schema\/logo\/image\/\"}}]}<\/script>\n<!-- \/ Yoast SEO plugin. -->","yoast_head_json":{"title":"204 m\u00b2 Farmhouse for sale in the picturesque surroundings of Karmacs - Dream House Kirilla","description":"Farmhouse for sale in the picturesque surroundings of Karmacs - Exceptional opportunity!","robots":{"index":"index","follow":"follow","max-snippet":"max-snippet:-1","max-image-preview":"max-image-preview:large","max-video-preview":"max-video-preview:-1"},"canonical":"https:\/\/dreamhousekirilla.hu\/en\/product\/elado-rider-tanyapanzio-karmacs\/","og_locale":"en_US","og_type":"article","og_title":"204 m\u00b2 Elad\u00f3 Lovas Tanyapanzi\u00f3 Karmacs fest\u0151i k\u00f6rnyezet\u00e9ben - Dream House Kirilla","og_description":"Elad\u00f3 Lovas Tanyapanzi\u00f3 Karmacs fest\u0151i k\u00f6rnyezet\u00e9ben \u2013 Kiv\u00e9teles lehet\u0151s\u00e9g!","og_url":"https:\/\/dreamhousekirilla.hu\/en\/product\/elado-rider-tanyapanzio-karmacs\/","og_site_name":"Dream House Kirilla","article_modified_time":"2025-07-31T14:25:27+00:00","og_image":[{"width":1024,"height":768,"url":"https:\/\/dreamhousekirilla.hu\/wp-content\/uploads\/2025\/07\/IMG_8684-1024x768.jpeg","type":"image\/jpeg"}],"twitter_card":"summary_large_image","twitter_misc":{"Est. reading time":"2 minutes"},"schema":{"@context":"https:\/\/schema.org","@graph":[{"@type":"WebPage","@id":"https:\/\/dreamhousekirilla.hu\/termek\/elado-lovas-tanyapanzio-karmacs\/","url":"https:\/\/dreamhousekirilla.hu\/termek\/elado-lovas-tanyapanzio-karmacs\/","name":"204 m\u00b2 Farmhouse for sale in the picturesque surroundings of Karmacs - Dream House Kirilla","isPartOf":{"@id":"https:\/\/dreamhousekirilla.hu\/#website"},"primaryImageOfPage":{"@id":"https:\/\/dreamhousekirilla.hu\/termek\/elado-lovas-tanyapanzio-karmacs\/#primaryimage"},"image":{"@id":"https:\/\/dreamhousekirilla.hu\/termek\/elado-lovas-tanyapanzio-karmacs\/#primaryimage"},"thumbnailUrl":"https:\/\/dreamhousekirilla.hu\/wp-content\/uploads\/2025\/07\/IMG_8684.jpeg","datePublished":"2025-07-30T14:50:32+00:00","dateModified":"2025-07-31T14:25:27+00:00","description":"Farmhouse for sale in the picturesque surroundings of Karmacs - Exceptional opportunity!","breadcrumb":{"@id":"https:\/\/dreamhousekirilla.hu\/termek\/elado-lovas-tanyapanzio-karmacs\/#breadcrumb"},"inLanguage":"en-US","potentialAction":[{"@type":"ReadAction","target":["https:\/\/dreamhousekirilla.hu\/termek\/elado-lovas-tanyapanzio-karmacs\/"]}]},{"@type":"ImageObject","inLanguage":"en-US","@id":"https:\/\/dreamhousekirilla.hu\/termek\/elado-lovas-tanyapanzio-karmacs\/#primaryimage","url":"https:\/\/dreamhousekirilla.hu\/wp-content\/uploads\/2025\/07\/IMG_8684.jpeg","contentUrl":"https:\/\/dreamhousekirilla.hu\/wp-content\/uploads\/2025\/07\/IMG_8684.jpeg","width":1700,"height":1275,"caption":"Dream House Kirilla - Elad\u00f3 Ingatlanok"},{"@type":"BreadcrumbList","@id":"https:\/\/dreamhousekirilla.hu\/termek\/elado-lovas-tanyapanzio-karmacs\/#breadcrumb","itemListElement":[{"@type":"ListItem","position":1,"name":"Kezd\u0151lap","item":"https:\/\/dreamhousekirilla.hu\/"},{"@type":"ListItem","position":2,"name":"Shop","item":"https:\/\/dreamhousekirilla.hu\/uzlet\/"},{"@type":"ListItem","position":3,"name":"204 m\u00b2 Elad\u00f3 Lovas Tanyapanzi\u00f3 Karmacs fest\u0151i k\u00f6rnyezet\u00e9ben"}]},{"@type":"WebSite","@id":"https:\/\/dreamhousekirilla.hu\/#website","url":"https:\/\/dreamhousekirilla.hu\/","name":"Dream House Kirilla","description":"Real Estate Agency","publisher":{"@id":"https:\/\/dreamhousekirilla.hu\/#organization"},"potentialAction":[{"@type":"SearchAction","target":{"@type":"EntryPoint","urlTemplate":"https:\/\/dreamhousekirilla.hu\/?s={search_term_string}"},"query-input":{"@type":"PropertyValueSpecification","valueRequired":true,"valueName":"search_term_string"}}],"inLanguage":"en-US"},{"@type":"Organization","@id":"https:\/\/dreamhousekirilla.hu\/#organization","name":"Dream House Kirilla - real estate agency","url":"https:\/\/dreamhousekirilla.hu\/","logo":{"@type":"ImageObject","inLanguage":"en-US","@id":"https:\/\/dreamhousekirilla.hu\/#\/schema\/logo\/image\/","url":"https:\/\/dreamhousekirilla.hu\/wp-content\/uploads\/2025\/07\/Logo-allitott-zold.jpg","contentUrl":"https:\/\/dreamhousekirilla.hu\/wp-content\/uploads\/2025\/07\/Logo-allitott-zold.jpg","width":596,"height":275,"caption":"Dream House Kirilla - real estate agency"},"image":{"@id":"https:\/\/dreamhousekirilla.hu\/#\/schema\/logo\/image\/"}}]}},"_links":{"self":[{"href":"https:\/\/dreamhousekirilla.hu\/en\/wp-json\/wp\/v2\/product\/1116","targetHints":{"allow":["GET"]}}],"collection":[{"href":"https:\/\/dreamhousekirilla.hu\/en\/wp-json\/wp\/v2\/product"}],"about":[{"href":"https:\/\/dreamhousekirilla.hu\/en\/wp-json\/wp\/v2\/types\/product"}],"replies":[{"embeddable":true,"href":"https:\/\/dreamhousekirilla.hu\/en\/wp-json\/wp\/v2\/comments?post=1116"}],"wp:featuredmedia":[{"embeddable":true,"href":"https:\/\/dreamhousekirilla.hu\/en\/wp-json\/wp\/v2\/media\/1117"}],"wp:attachment":[{"href":"https:\/\/dreamhousekirilla.hu\/en\/wp-json\/wp\/v2\/media?parent=1116"}],"wp:term":[{"taxonomy":"product_brand","embeddable":true,"href":"https:\/\/dreamhousekirilla.hu\/en\/wp-json\/wp\/v2\/product_brand?post=1116"},{"taxonomy":"product_cat","embeddable":true,"href":"https:\/\/dreamhousekirilla.hu\/en\/wp-json\/wp\/v2\/product_cat?post=1116"},{"taxonomy":"product_tag","embeddable":true,"href":"https:\/\/dreamhousekirilla.hu\/en\/wp-json\/wp\/v2\/product_tag?post=1116"}],"curies":[{"name":"wp","href":"https:\/\/api.w.org\/{rel}","templated":true}]}}