{"id":1197,"date":"2025-07-30T20:01:22","date_gmt":"2025-07-30T18:01:22","guid":{"rendered":"https:\/\/dreamhousekirilla.hu\/?post_type=product&#038;p=1197"},"modified":"2025-07-31T16:36:25","modified_gmt":"2025-07-31T14:36:25","slug":"elado-haz-felsopahok","status":"publish","type":"product","link":"https:\/\/dreamhousekirilla.hu\/en\/product\/elado-haz-felsopahok\/","title":{"rendered":"<b>175 m\u00b2<\/b> <br>Premium family house for sale in Fels\u0151p\u00e1hok"},"content":{"rendered":"<p><span style=\"font-weight: 400;\">Premium family house for sale in one of the most beautiful panoramic streets of Fels\u0151p\u00e1hok<\/span><\/p>\n<p><span style=\"font-weight: 400;\">In a quiet and quiet street of Fels\u0151p\u00e1hok, in one of the most excellent location, we offer for sale a modern, over 170 m\u00b2, high quality built family house, located on a 700 m\u00b2 well-kept plot. One of the main advantages of the property is the unrivalled panoramic views, which are one of the most beautiful in the area.<\/span><\/p>\n<p><span style=\"font-weight: 400;\">The house is unique in that it can be divided into three separate apartments, each with its own entrance. At the moment one of the apartments is open, but it can be easily detached, so the property is ideal for several generations to live together, or for hosting guests. Each bedroom of the home has its own bathroom, which further enhances the comfort of the residents.<\/span><\/p>\n<p><span style=\"font-weight: 400;\">Modern technology and sustainable solutions<\/span><\/p>\n<p><span style=\"font-weight: 400;\">The property has been built using state-of-the-art construction technology and outstanding energy efficiency, ensuring sustainable and economical operation. The house has an energy rating of A++, the highest category.<\/span><\/p>\n<p><span style=\"font-weight: 400;\">Modern engineering solutions include:<\/span><\/p>\n<ul>\n<li><span style=\"font-weight: 400;\">Water-to-air heat pump heating system<\/span><\/li>\n<li><span style=\"font-weight: 400;\">12 kW solar PV system with annual balance settlement<\/span><\/li>\n<li><span style=\"font-weight: 400;\">Time-controlled electric boiler with circulation for a continuous hot water supply<\/span><\/li>\n<li><span style=\"font-weight: 400;\">Water softening system to protect household appliances and improve drinking water quality<\/span><\/li>\n<\/ul>\n<p><span style=\"font-weight: 400;\">Sophisticated interior design and comfortable living space<\/span><\/p>\n<p><span style=\"font-weight: 400;\">The interior design of the house reflects modern needs and high quality. All the apartments are fully furnished and the fitted kitchens are fully equipped, so there is no need for the new owner to make any additional investment. The spacious, bright rooms have large glass surfaces that allow natural light and highlight the magnificent panoramic views.<\/span><\/p>\n<p><span style=\"font-weight: 400;\">The property has a garden with a number of amenities:<\/span><\/p>\n<ul>\n<li><span style=\"font-weight: 400;\">Pool and Jacuzzi for maximum relaxation<\/span><\/li>\n<li><span style=\"font-weight: 400;\">A conservatory that provides a pleasant living space all year round<\/span><\/li>\n<li><span style=\"font-weight: 400;\">Lightweight garage and remote controlled motorized garden gate<\/span><\/li>\n<li><span style=\"font-weight: 400;\">Several balconies to enjoy the panoramic views<\/span><\/li>\n<li><span style=\"font-weight: 400;\">Utility infrastructure: water, electricity, sewerage and gas available within the plot<\/span><\/li>\n<\/ul>\n<p><span style=\"font-weight: 400;\">Innovative construction technology and superior thermal insulation<\/span><\/p>\n<p><span style=\"font-weight: 400;\">The property is built using the latest graphite S.I.P. (Structural Insulated Panel) technology, which is currently one of the best insulation materials on the market. The thermal conductivity of the structure is only 0.032 W\/mK, a fraction of that of conventional B30 brick walls, ensuring comfortable temperatures in winter and summer with extremely low energy consumption.<\/span><\/p>\n<p><span style=\"font-weight: 400;\">The house is powered by a 12 kW optimized solar system and a premium quality inverter, which operates on an annual balance settlement, guaranteeing minimum utility costs for the new owner.<\/span><\/p>\n<p><span style=\"font-weight: 400;\">Excellent location and infrastructure<\/span><\/p>\n<p><span style=\"font-weight: 400;\">The property is located in Fels\u0151p\u00e1hok, where silence, fresh air and proximity to nature ensure a peaceful lifestyle. Thanks to its extremely favourable location, the area is only a few minutes away:<\/span><\/p>\n<ul>\n<li><span style=\"font-weight: 400;\">Keszthely, the cultural and tourist centre of Lake Balaton<\/span><\/li>\n<li><span style=\"font-weight: 400;\">The world-famous H\u00e9v\u00edz Spa, which offers relaxation and regeneration all year round<\/span><\/li>\n<li><span style=\"font-weight: 400;\">The shores of Lake Balaton, a summer destination for recreation and water sports<\/span><\/li>\n<\/ul>\n<p><span style=\"font-weight: 400;\">A unique opportunity - the dream home that meets all your needs<\/span><\/p>\n<p><span style=\"font-weight: 400;\">This property is not just a house, but a lifestyle. The combination of modern technology, energy-saving solutions and stunning panoramic views creates a home where tranquillity and closeness to nature set the tone for every day.<\/span><\/p>\n<p><span style=\"font-weight: 400;\">For more information and to arrange a viewing, please call.<\/span><\/p>\n<p><span style=\"font-weight: 400;\">Price: \u20ac429,999 (depending on exchange rate) or HUF 174,999,999.<\/span><\/p>\n<p><br style=\"font-weight: 400;\" \/><br style=\"font-weight: 400;\" \/><\/p>","protected":false},"excerpt":{"rendered":"<p>175 m\u00b2<\/p>","protected":false},"featured_media":1198,"comment_status":"closed","ping_status":"closed","template":"","meta":{"_et_pb_use_builder":"","_et_pb_old_content":"","_et_gb_content_width":"","inline_featured_image":false},"product_brand":[],"product_cat":[21],"product_tag":[],"class_list":{"0":"post-1197","1":"product","2":"type-product","3":"status-publish","4":"has-post-thumbnail","6":"product_cat-elado-ingatlanok","8":"first","9":"instock","10":"shipping-taxable","11":"purchasable","12":"product-type-simple"},"yoast_head":"<!-- This site is optimized with the Yoast SEO plugin v25.7 - https:\/\/yoast.com\/wordpress\/plugins\/seo\/ -->\n<title>175 m\u00b2 Elad\u00f3 pr\u00e9mium csal\u00e1di h\u00e1z Fels\u0151p\u00e1hokon - Dream House Kirilla<\/title>\n<meta name=\"description\" content=\"Fels\u0151p\u00e1hok egyik legkiv\u00e1l\u00f3bb fekv\u00e9s\u0171, csendes \u00e9s nyugodt utc\u00e1j\u00e1ban elad\u00e1sra k\u00edn\u00e1lunk egy modern, t\u00f6bb mint 170 m\u00b2-es lak\u00f3ter\u00fclet\u0171, kiv\u00e1l\u00f3 min\u0151s\u00e9gben meg\u00e9p\u00edtett csal\u00e1di h\u00e1zat.\" \/>\n<meta name=\"robots\" content=\"index, follow, max-snippet:-1, max-image-preview:large, max-video-preview:-1\" \/>\n<link rel=\"canonical\" href=\"https:\/\/dreamhousekirilla.hu\/en\/product\/elado-haz-felsopahok\/\" \/>\n<meta property=\"og:locale\" content=\"en_US\" \/>\n<meta property=\"og:type\" content=\"article\" \/>\n<meta property=\"og:title\" content=\"175 m\u00b2 Elad\u00f3 pr\u00e9mium csal\u00e1di h\u00e1z Fels\u0151p\u00e1hokon - Dream House Kirilla\" \/>\n<meta property=\"og:description\" content=\"Fels\u0151p\u00e1hok egyik legkiv\u00e1l\u00f3bb fekv\u00e9s\u0171, csendes \u00e9s nyugodt utc\u00e1j\u00e1ban elad\u00e1sra k\u00edn\u00e1lunk egy modern, t\u00f6bb mint 170 m\u00b2-es lak\u00f3ter\u00fclet\u0171, kiv\u00e1l\u00f3 min\u0151s\u00e9gben meg\u00e9p\u00edtett csal\u00e1di h\u00e1zat.\" \/>\n<meta property=\"og:url\" content=\"https:\/\/dreamhousekirilla.hu\/en\/product\/elado-haz-felsopahok\/\" \/>\n<meta property=\"og:site_name\" content=\"Dream House Kirilla\" \/>\n<meta property=\"article:modified_time\" content=\"2025-07-31T14:36:25+00:00\" \/>\n<meta property=\"og:image\" content=\"https:\/\/dreamhousekirilla.hu\/wp-content\/uploads\/2025\/07\/IMG_0244.jpeg\" \/>\n\t<meta property=\"og:image:width\" content=\"1700\" \/>\n\t<meta property=\"og:image:height\" content=\"1374\" \/>\n\t<meta property=\"og:image:type\" content=\"image\/jpeg\" \/>\n<meta name=\"twitter:card\" content=\"summary_large_image\" \/>\n<meta name=\"twitter:label1\" content=\"Est. reading time\" \/>\n\t<meta name=\"twitter:data1\" content=\"3 minutes\" \/>\n<script type=\"application\/ld+json\" class=\"yoast-schema-graph\">{\"@context\":\"https:\/\/schema.org\",\"@graph\":[{\"@type\":\"WebPage\",\"@id\":\"https:\/\/dreamhousekirilla.hu\/termek\/elado-haz-felsopahok\/\",\"url\":\"https:\/\/dreamhousekirilla.hu\/termek\/elado-haz-felsopahok\/\",\"name\":\"175 m\u00b2 Elad\u00f3 pr\u00e9mium csal\u00e1di h\u00e1z Fels\u0151p\u00e1hokon - Dream House Kirilla\",\"isPartOf\":{\"@id\":\"https:\/\/dreamhousekirilla.hu\/#website\"},\"primaryImageOfPage\":{\"@id\":\"https:\/\/dreamhousekirilla.hu\/termek\/elado-haz-felsopahok\/#primaryimage\"},\"image\":{\"@id\":\"https:\/\/dreamhousekirilla.hu\/termek\/elado-haz-felsopahok\/#primaryimage\"},\"thumbnailUrl\":\"https:\/\/dreamhousekirilla.hu\/wp-content\/uploads\/2025\/07\/IMG_0244.jpeg\",\"datePublished\":\"2025-07-30T18:01:22+00:00\",\"dateModified\":\"2025-07-31T14:36:25+00:00\",\"description\":\"Fels\u0151p\u00e1hok egyik legkiv\u00e1l\u00f3bb fekv\u00e9s\u0171, csendes \u00e9s nyugodt utc\u00e1j\u00e1ban elad\u00e1sra k\u00edn\u00e1lunk egy modern, t\u00f6bb mint 170 m\u00b2-es lak\u00f3ter\u00fclet\u0171, kiv\u00e1l\u00f3 min\u0151s\u00e9gben meg\u00e9p\u00edtett csal\u00e1di h\u00e1zat.\",\"breadcrumb\":{\"@id\":\"https:\/\/dreamhousekirilla.hu\/termek\/elado-haz-felsopahok\/#breadcrumb\"},\"inLanguage\":\"en-US\",\"potentialAction\":[{\"@type\":\"ReadAction\",\"target\":[\"https:\/\/dreamhousekirilla.hu\/termek\/elado-haz-felsopahok\/\"]}]},{\"@type\":\"ImageObject\",\"inLanguage\":\"en-US\",\"@id\":\"https:\/\/dreamhousekirilla.hu\/termek\/elado-haz-felsopahok\/#primaryimage\",\"url\":\"https:\/\/dreamhousekirilla.hu\/wp-content\/uploads\/2025\/07\/IMG_0244.jpeg\",\"contentUrl\":\"https:\/\/dreamhousekirilla.hu\/wp-content\/uploads\/2025\/07\/IMG_0244.jpeg\",\"width\":1700,\"height\":1374,\"caption\":\"Dream House Kirilla - Elad\u00f3 Ingatlanok\"},{\"@type\":\"BreadcrumbList\",\"@id\":\"https:\/\/dreamhousekirilla.hu\/termek\/elado-haz-felsopahok\/#breadcrumb\",\"itemListElement\":[{\"@type\":\"ListItem\",\"position\":1,\"name\":\"Kezd\u0151lap\",\"item\":\"https:\/\/dreamhousekirilla.hu\/\"},{\"@type\":\"ListItem\",\"position\":2,\"name\":\"Shop\",\"item\":\"https:\/\/dreamhousekirilla.hu\/uzlet\/\"},{\"@type\":\"ListItem\",\"position\":3,\"name\":\"175 m\u00b2 Elad\u00f3 pr\u00e9mium csal\u00e1di h\u00e1z Fels\u0151p\u00e1hokon\"}]},{\"@type\":\"WebSite\",\"@id\":\"https:\/\/dreamhousekirilla.hu\/#website\",\"url\":\"https:\/\/dreamhousekirilla.hu\/\",\"name\":\"Dream House Kirilla\",\"description\":\"Real Estate Agency\",\"publisher\":{\"@id\":\"https:\/\/dreamhousekirilla.hu\/#organization\"},\"potentialAction\":[{\"@type\":\"SearchAction\",\"target\":{\"@type\":\"EntryPoint\",\"urlTemplate\":\"https:\/\/dreamhousekirilla.hu\/?s={search_term_string}\"},\"query-input\":{\"@type\":\"PropertyValueSpecification\",\"valueRequired\":true,\"valueName\":\"search_term_string\"}}],\"inLanguage\":\"en-US\"},{\"@type\":\"Organization\",\"@id\":\"https:\/\/dreamhousekirilla.hu\/#organization\",\"name\":\"Dream House Kirilla - real estate agency\",\"url\":\"https:\/\/dreamhousekirilla.hu\/\",\"logo\":{\"@type\":\"ImageObject\",\"inLanguage\":\"en-US\",\"@id\":\"https:\/\/dreamhousekirilla.hu\/#\/schema\/logo\/image\/\",\"url\":\"https:\/\/dreamhousekirilla.hu\/wp-content\/uploads\/2025\/07\/Logo-allitott-zold.jpg\",\"contentUrl\":\"https:\/\/dreamhousekirilla.hu\/wp-content\/uploads\/2025\/07\/Logo-allitott-zold.jpg\",\"width\":596,\"height\":275,\"caption\":\"Dream House Kirilla - real estate agency\"},\"image\":{\"@id\":\"https:\/\/dreamhousekirilla.hu\/#\/schema\/logo\/image\/\"}}]}<\/script>\n<!-- \/ Yoast SEO plugin. -->","yoast_head_json":{"title":"175 m\u00b2 For sale premium family house in Fels\u0151p\u00e1hok - Dream House Kirilla","description":"In a quiet and quiet street of Fels\u0151p\u00e1hok, in one of the most excellent location, we offer for sale a modern, more than 170 m\u00b2, high quality built family house.","robots":{"index":"index","follow":"follow","max-snippet":"max-snippet:-1","max-image-preview":"max-image-preview:large","max-video-preview":"max-video-preview:-1"},"canonical":"https:\/\/dreamhousekirilla.hu\/en\/product\/elado-haz-felsopahok\/","og_locale":"en_US","og_type":"article","og_title":"175 m\u00b2 Elad\u00f3 pr\u00e9mium csal\u00e1di h\u00e1z Fels\u0151p\u00e1hokon - Dream House Kirilla","og_description":"Fels\u0151p\u00e1hok egyik legkiv\u00e1l\u00f3bb fekv\u00e9s\u0171, csendes \u00e9s nyugodt utc\u00e1j\u00e1ban elad\u00e1sra k\u00edn\u00e1lunk egy modern, t\u00f6bb mint 170 m\u00b2-es lak\u00f3ter\u00fclet\u0171, kiv\u00e1l\u00f3 min\u0151s\u00e9gben meg\u00e9p\u00edtett csal\u00e1di h\u00e1zat.","og_url":"https:\/\/dreamhousekirilla.hu\/en\/product\/elado-haz-felsopahok\/","og_site_name":"Dream House Kirilla","article_modified_time":"2025-07-31T14:36:25+00:00","og_image":[{"width":1700,"height":1374,"url":"https:\/\/dreamhousekirilla.hu\/wp-content\/uploads\/2025\/07\/IMG_0244.jpeg","type":"image\/jpeg"}],"twitter_card":"summary_large_image","twitter_misc":{"Est. reading time":"3 minutes"},"schema":{"@context":"https:\/\/schema.org","@graph":[{"@type":"WebPage","@id":"https:\/\/dreamhousekirilla.hu\/termek\/elado-haz-felsopahok\/","url":"https:\/\/dreamhousekirilla.hu\/termek\/elado-haz-felsopahok\/","name":"175 m\u00b2 For sale premium family house in Fels\u0151p\u00e1hok - Dream House Kirilla","isPartOf":{"@id":"https:\/\/dreamhousekirilla.hu\/#website"},"primaryImageOfPage":{"@id":"https:\/\/dreamhousekirilla.hu\/termek\/elado-haz-felsopahok\/#primaryimage"},"image":{"@id":"https:\/\/dreamhousekirilla.hu\/termek\/elado-haz-felsopahok\/#primaryimage"},"thumbnailUrl":"https:\/\/dreamhousekirilla.hu\/wp-content\/uploads\/2025\/07\/IMG_0244.jpeg","datePublished":"2025-07-30T18:01:22+00:00","dateModified":"2025-07-31T14:36:25+00:00","description":"In a quiet and quiet street of Fels\u0151p\u00e1hok, in one of the most excellent location, we offer for sale a modern, more than 170 m\u00b2, high quality built family house.","breadcrumb":{"@id":"https:\/\/dreamhousekirilla.hu\/termek\/elado-haz-felsopahok\/#breadcrumb"},"inLanguage":"en-US","potentialAction":[{"@type":"ReadAction","target":["https:\/\/dreamhousekirilla.hu\/termek\/elado-haz-felsopahok\/"]}]},{"@type":"ImageObject","inLanguage":"en-US","@id":"https:\/\/dreamhousekirilla.hu\/termek\/elado-haz-felsopahok\/#primaryimage","url":"https:\/\/dreamhousekirilla.hu\/wp-content\/uploads\/2025\/07\/IMG_0244.jpeg","contentUrl":"https:\/\/dreamhousekirilla.hu\/wp-content\/uploads\/2025\/07\/IMG_0244.jpeg","width":1700,"height":1374,"caption":"Dream House Kirilla - Elad\u00f3 Ingatlanok"},{"@type":"BreadcrumbList","@id":"https:\/\/dreamhousekirilla.hu\/termek\/elado-haz-felsopahok\/#breadcrumb","itemListElement":[{"@type":"ListItem","position":1,"name":"Kezd\u0151lap","item":"https:\/\/dreamhousekirilla.hu\/"},{"@type":"ListItem","position":2,"name":"Shop","item":"https:\/\/dreamhousekirilla.hu\/uzlet\/"},{"@type":"ListItem","position":3,"name":"175 m\u00b2 Elad\u00f3 pr\u00e9mium csal\u00e1di h\u00e1z Fels\u0151p\u00e1hokon"}]},{"@type":"WebSite","@id":"https:\/\/dreamhousekirilla.hu\/#website","url":"https:\/\/dreamhousekirilla.hu\/","name":"Dream House Kirilla","description":"Real Estate Agency","publisher":{"@id":"https:\/\/dreamhousekirilla.hu\/#organization"},"potentialAction":[{"@type":"SearchAction","target":{"@type":"EntryPoint","urlTemplate":"https:\/\/dreamhousekirilla.hu\/?s={search_term_string}"},"query-input":{"@type":"PropertyValueSpecification","valueRequired":true,"valueName":"search_term_string"}}],"inLanguage":"en-US"},{"@type":"Organization","@id":"https:\/\/dreamhousekirilla.hu\/#organization","name":"Dream House Kirilla - real estate agency","url":"https:\/\/dreamhousekirilla.hu\/","logo":{"@type":"ImageObject","inLanguage":"en-US","@id":"https:\/\/dreamhousekirilla.hu\/#\/schema\/logo\/image\/","url":"https:\/\/dreamhousekirilla.hu\/wp-content\/uploads\/2025\/07\/Logo-allitott-zold.jpg","contentUrl":"https:\/\/dreamhousekirilla.hu\/wp-content\/uploads\/2025\/07\/Logo-allitott-zold.jpg","width":596,"height":275,"caption":"Dream House Kirilla - real estate agency"},"image":{"@id":"https:\/\/dreamhousekirilla.hu\/#\/schema\/logo\/image\/"}}]}},"_links":{"self":[{"href":"https:\/\/dreamhousekirilla.hu\/en\/wp-json\/wp\/v2\/product\/1197","targetHints":{"allow":["GET"]}}],"collection":[{"href":"https:\/\/dreamhousekirilla.hu\/en\/wp-json\/wp\/v2\/product"}],"about":[{"href":"https:\/\/dreamhousekirilla.hu\/en\/wp-json\/wp\/v2\/types\/product"}],"replies":[{"embeddable":true,"href":"https:\/\/dreamhousekirilla.hu\/en\/wp-json\/wp\/v2\/comments?post=1197"}],"wp:featuredmedia":[{"embeddable":true,"href":"https:\/\/dreamhousekirilla.hu\/en\/wp-json\/wp\/v2\/media\/1198"}],"wp:attachment":[{"href":"https:\/\/dreamhousekirilla.hu\/en\/wp-json\/wp\/v2\/media?parent=1197"}],"wp:term":[{"taxonomy":"product_brand","embeddable":true,"href":"https:\/\/dreamhousekirilla.hu\/en\/wp-json\/wp\/v2\/product_brand?post=1197"},{"taxonomy":"product_cat","embeddable":true,"href":"https:\/\/dreamhousekirilla.hu\/en\/wp-json\/wp\/v2\/product_cat?post=1197"},{"taxonomy":"product_tag","embeddable":true,"href":"https:\/\/dreamhousekirilla.hu\/en\/wp-json\/wp\/v2\/product_tag?post=1197"}],"curies":[{"name":"wp","href":"https:\/\/api.w.org\/{rel}","templated":true}]}}