{"id":1219,"date":"2025-07-30T21:43:07","date_gmt":"2025-07-30T19:43:07","guid":{"rendered":"https:\/\/dreamhousekirilla.hu\/?post_type=product&#038;p=1219"},"modified":"2026-01-26T14:01:46","modified_gmt":"2026-01-26T13:01:46","slug":"elado-meses-bait-home-in-cserszegtomaj","status":"publish","type":"product","link":"https:\/\/dreamhousekirilla.hu\/en\/product\/elado-meses-bait-home-in-cserszegtomaj\/","title":{"rendered":"<b>200 m\u00b2<\/b> <br>Fabulous family home for sale in Cserszegtomaj"},"content":{"rendered":"<p><span style=\"font-weight: 400;\">Fabulous Family Home for Sale in the hilly New Built Belt of Cserszegtomaj<\/span><\/p>\n<p><span style=\"font-weight: 400;\">Imagine the home of your dreams in the magical hilly countryside of Cserszegtomaj, where the silence and the embrace of nature await you every day! Now we offer for sale an imposing two-storey family house, dreamed and built in 2024, boasting 200 m\u00b2 net (300 m\u00b2 gross) on a beautiful plot of 1350 m\u00b2.<\/span><\/p>\n<p><span style=\"font-weight: 400;\">This house is not just a home, but a lifestyle that brings you the highest quality and modern comfort:<\/span><\/p>\n<ul>\n<li><span style=\"font-weight: 400;\">Electric shutters ensure that you can create an atmosphere of peace and comfort at any time.<\/span><\/li>\n<li><span style=\"font-weight: 400;\">Underfloor heating and a heat pump with three zone control ensure that every corner of the house is kept at the ideal temperature - warm in winter, cool in summer, and energy efficient.<\/span><\/li>\n<li><span style=\"font-weight: 400;\">The detached 60 m\u00b2 double garage of the property is equipped with an electric gate, which ensures not only security but also convenience.<\/span><\/li>\n<\/ul>\n<p><span style=\"font-weight: 400;\">The interiors have been designed to make every moment feel joyful and homely:<\/span><\/p>\n<ul>\n<li><span style=\"font-weight: 400;\">On entering the ground floor you are greeted by a spacious, bright reception area leading to the elegant staircase. This opens into the stunning living room with American kitchen, where all members of the family can find their own space, whether for shared meals or intimate conversations.<\/span><\/li>\n<li><span style=\"font-weight: 400;\">Next to the living room is a practical pantry, a modern bathroom and a boiler room with state-of-the-art technology, where the washing machines can be conveniently located. The living room also opens into a small, bright room, perfect for a study or guest room.<\/span><\/li>\n<li><span style=\"font-weight: 400;\">Upstairs, the family can relax in peace and quiet: a large room with a balcony ideal for a nursery, a spacious bathroom, and a luxurious bedroom with its own walk-in wardrobe and a large balcony where you can greet the sun every morning with fresh air.<\/span><\/li>\n<\/ul>\n<p><span style=\"font-weight: 400;\">The garden of the house is a little paradise, with lots of fruit trees and plenty of space to realise your own gardening ideas, whether it's flowers or a seating area.<\/span><\/p>\n<p><span style=\"font-weight: 400;\">This property is located in one of the most charming new-built areas of Cserszegtomaj, where the birds' chirping and the proximity of Lake Balaton make everyday life complete. Keszthely and the famous H\u00e9v\u00edz Spa are only a few minutes' drive away, so everything that is important is within easy reach.<\/span><\/p>\n<p><span style=\"font-weight: 400;\">Don't miss this rare opportunity to be the first to fall in love with this magical home! To enquire, please contact us on the contact details provided.<\/span><\/p>\n<p><span style=\"font-weight: 400;\">For more details, information and pictures, please contact me by phone.<\/span><\/p>\n<p class=\"p1\">A kor\u00e1bbi k\u00edn\u00e1lati \u00e1r <span class=\"s1\"><b>458.999 EUR<\/b><\/span> (\u00e1rfolyamf\u00fcgg\u0151), azaz <span class=\"s1\"><b>179.999.999 Ft<\/b><\/span> volt.<\/p>\n<p class=\"p1\">Az \u00faj k\u00edn\u00e1lati \u00e1r <span class=\"s1\"><b>418.999 EUR<\/b><\/span> (\u00e1rfolyamf\u00fcgg\u0151), azaz <span class=\"s1\"><b>159.999.999 Ft<\/b><\/span>.<\/p>\n<p><br style=\"font-weight: 400;\" \/><br style=\"font-weight: 400;\" \/><\/p>","protected":false},"excerpt":{"rendered":"<p>200 m\u00b2<\/p>","protected":false},"featured_media":1220,"comment_status":"closed","ping_status":"closed","template":"","meta":{"_et_pb_use_builder":"","_et_pb_old_content":"","_et_gb_content_width":"","inline_featured_image":false},"product_brand":[],"product_cat":[21],"product_tag":[],"class_list":{"0":"post-1219","1":"product","2":"type-product","3":"status-publish","4":"has-post-thumbnail","6":"product_cat-elado-ingatlanok","8":"first","9":"instock","10":"sale","11":"shipping-taxable","12":"purchasable","13":"product-type-simple"},"yoast_head":"<!-- This site is optimized with the Yoast SEO plugin v25.7 - https:\/\/yoast.com\/wordpress\/plugins\/seo\/ -->\n<title>200 m\u00b2 Elad\u00f3 mes\u00e9s csal\u00e1di otthon Cserszegtomajon - Dream House Kirilla<\/title>\n<meta name=\"description\" content=\"Elad\u00f3 mes\u00e9s csal\u00e1di otthon Cserszegtomaj dombos \u00faj\u00e9p\u00edt\u00e9s\u0171 \u00f6vezet\u00e9ben.\" \/>\n<meta name=\"robots\" content=\"index, follow, max-snippet:-1, max-image-preview:large, max-video-preview:-1\" \/>\n<link rel=\"canonical\" href=\"https:\/\/dreamhousekirilla.hu\/en\/product\/elado-meses-bait-home-in-cserszegtomaj\/\" \/>\n<meta property=\"og:locale\" content=\"en_US\" \/>\n<meta property=\"og:type\" content=\"article\" \/>\n<meta property=\"og:title\" content=\"200 m\u00b2 Elad\u00f3 mes\u00e9s csal\u00e1di otthon Cserszegtomajon - Dream House Kirilla\" \/>\n<meta property=\"og:description\" content=\"Elad\u00f3 mes\u00e9s csal\u00e1di otthon Cserszegtomaj dombos \u00faj\u00e9p\u00edt\u00e9s\u0171 \u00f6vezet\u00e9ben.\" \/>\n<meta property=\"og:url\" content=\"https:\/\/dreamhousekirilla.hu\/en\/product\/elado-meses-bait-home-in-cserszegtomaj\/\" \/>\n<meta property=\"og:site_name\" content=\"Dream House Kirilla\" \/>\n<meta property=\"article:modified_time\" content=\"2026-01-26T13:01:46+00:00\" \/>\n<meta property=\"og:image\" content=\"https:\/\/dreamhousekirilla.hu\/wp-content\/uploads\/2025\/07\/IMG_7307.jpeg\" \/>\n\t<meta property=\"og:image:width\" content=\"1700\" \/>\n\t<meta property=\"og:image:height\" content=\"1275\" \/>\n\t<meta property=\"og:image:type\" content=\"image\/jpeg\" \/>\n<meta name=\"twitter:card\" content=\"summary_large_image\" \/>\n<meta name=\"twitter:label1\" content=\"Est. reading time\" \/>\n\t<meta name=\"twitter:data1\" content=\"3 minutes\" \/>\n<script type=\"application\/ld+json\" class=\"yoast-schema-graph\">{\"@context\":\"https:\/\/schema.org\",\"@graph\":[{\"@type\":\"WebPage\",\"@id\":\"https:\/\/dreamhousekirilla.hu\/termek\/elado-meses-csaladi-otthon-cserszegtomajon\/\",\"url\":\"https:\/\/dreamhousekirilla.hu\/termek\/elado-meses-csaladi-otthon-cserszegtomajon\/\",\"name\":\"200 m\u00b2 Elad\u00f3 mes\u00e9s csal\u00e1di otthon Cserszegtomajon - Dream House Kirilla\",\"isPartOf\":{\"@id\":\"https:\/\/dreamhousekirilla.hu\/#website\"},\"primaryImageOfPage\":{\"@id\":\"https:\/\/dreamhousekirilla.hu\/termek\/elado-meses-csaladi-otthon-cserszegtomajon\/#primaryimage\"},\"image\":{\"@id\":\"https:\/\/dreamhousekirilla.hu\/termek\/elado-meses-csaladi-otthon-cserszegtomajon\/#primaryimage\"},\"thumbnailUrl\":\"https:\/\/dreamhousekirilla.hu\/wp-content\/uploads\/2025\/07\/IMG_7307.jpeg\",\"datePublished\":\"2025-07-30T19:43:07+00:00\",\"dateModified\":\"2026-01-26T13:01:46+00:00\",\"description\":\"Elad\u00f3 mes\u00e9s csal\u00e1di otthon Cserszegtomaj dombos \u00faj\u00e9p\u00edt\u00e9s\u0171 \u00f6vezet\u00e9ben.\",\"breadcrumb\":{\"@id\":\"https:\/\/dreamhousekirilla.hu\/termek\/elado-meses-csaladi-otthon-cserszegtomajon\/#breadcrumb\"},\"inLanguage\":\"en-US\",\"potentialAction\":[{\"@type\":\"ReadAction\",\"target\":[\"https:\/\/dreamhousekirilla.hu\/termek\/elado-meses-csaladi-otthon-cserszegtomajon\/\"]}]},{\"@type\":\"ImageObject\",\"inLanguage\":\"en-US\",\"@id\":\"https:\/\/dreamhousekirilla.hu\/termek\/elado-meses-csaladi-otthon-cserszegtomajon\/#primaryimage\",\"url\":\"https:\/\/dreamhousekirilla.hu\/wp-content\/uploads\/2025\/07\/IMG_7307.jpeg\",\"contentUrl\":\"https:\/\/dreamhousekirilla.hu\/wp-content\/uploads\/2025\/07\/IMG_7307.jpeg\",\"width\":1700,\"height\":1275,\"caption\":\"Dream House Kirilla - Elad\u00f3 Ingatlanok\"},{\"@type\":\"BreadcrumbList\",\"@id\":\"https:\/\/dreamhousekirilla.hu\/termek\/elado-meses-csaladi-otthon-cserszegtomajon\/#breadcrumb\",\"itemListElement\":[{\"@type\":\"ListItem\",\"position\":1,\"name\":\"Kezd\u0151lap\",\"item\":\"https:\/\/dreamhousekirilla.hu\/\"},{\"@type\":\"ListItem\",\"position\":2,\"name\":\"Shop\",\"item\":\"https:\/\/dreamhousekirilla.hu\/uzlet\/\"},{\"@type\":\"ListItem\",\"position\":3,\"name\":\"200 m\u00b2 Elad\u00f3 mes\u00e9s csal\u00e1di otthon Cserszegtomajon\"}]},{\"@type\":\"WebSite\",\"@id\":\"https:\/\/dreamhousekirilla.hu\/#website\",\"url\":\"https:\/\/dreamhousekirilla.hu\/\",\"name\":\"Dream House Kirilla\",\"description\":\"Real Estate Agency\",\"publisher\":{\"@id\":\"https:\/\/dreamhousekirilla.hu\/#organization\"},\"potentialAction\":[{\"@type\":\"SearchAction\",\"target\":{\"@type\":\"EntryPoint\",\"urlTemplate\":\"https:\/\/dreamhousekirilla.hu\/?s={search_term_string}\"},\"query-input\":{\"@type\":\"PropertyValueSpecification\",\"valueRequired\":true,\"valueName\":\"search_term_string\"}}],\"inLanguage\":\"en-US\"},{\"@type\":\"Organization\",\"@id\":\"https:\/\/dreamhousekirilla.hu\/#organization\",\"name\":\"Dream House Kirilla - real estate agency\",\"url\":\"https:\/\/dreamhousekirilla.hu\/\",\"logo\":{\"@type\":\"ImageObject\",\"inLanguage\":\"en-US\",\"@id\":\"https:\/\/dreamhousekirilla.hu\/#\/schema\/logo\/image\/\",\"url\":\"https:\/\/dreamhousekirilla.hu\/wp-content\/uploads\/2025\/07\/Logo-allitott-zold.jpg\",\"contentUrl\":\"https:\/\/dreamhousekirilla.hu\/wp-content\/uploads\/2025\/07\/Logo-allitott-zold.jpg\",\"width\":596,\"height\":275,\"caption\":\"Dream House Kirilla - real estate agency\"},\"image\":{\"@id\":\"https:\/\/dreamhousekirilla.hu\/#\/schema\/logo\/image\/\"}}]}<\/script>\n<!-- \/ Yoast SEO plugin. -->","yoast_head_json":{"title":"200 m\u00b2 Fabulous family home for sale in Cserszegtomaj - Dream House Kirilla","description":"Fabulous family home for sale in the hilly new-built area of Cserszegtomaj.","robots":{"index":"index","follow":"follow","max-snippet":"max-snippet:-1","max-image-preview":"max-image-preview:large","max-video-preview":"max-video-preview:-1"},"canonical":"https:\/\/dreamhousekirilla.hu\/en\/product\/elado-meses-bait-home-in-cserszegtomaj\/","og_locale":"en_US","og_type":"article","og_title":"200 m\u00b2 Elad\u00f3 mes\u00e9s csal\u00e1di otthon Cserszegtomajon - Dream House Kirilla","og_description":"Elad\u00f3 mes\u00e9s csal\u00e1di otthon Cserszegtomaj dombos \u00faj\u00e9p\u00edt\u00e9s\u0171 \u00f6vezet\u00e9ben.","og_url":"https:\/\/dreamhousekirilla.hu\/en\/product\/elado-meses-bait-home-in-cserszegtomaj\/","og_site_name":"Dream House Kirilla","article_modified_time":"2026-01-26T13:01:46+00:00","og_image":[{"width":1700,"height":1275,"url":"https:\/\/dreamhousekirilla.hu\/wp-content\/uploads\/2025\/07\/IMG_7307.jpeg","type":"image\/jpeg"}],"twitter_card":"summary_large_image","twitter_misc":{"Est. reading time":"3 minutes"},"schema":{"@context":"https:\/\/schema.org","@graph":[{"@type":"WebPage","@id":"https:\/\/dreamhousekirilla.hu\/termek\/elado-meses-csaladi-otthon-cserszegtomajon\/","url":"https:\/\/dreamhousekirilla.hu\/termek\/elado-meses-csaladi-otthon-cserszegtomajon\/","name":"200 m\u00b2 Fabulous family home for sale in Cserszegtomaj - Dream House Kirilla","isPartOf":{"@id":"https:\/\/dreamhousekirilla.hu\/#website"},"primaryImageOfPage":{"@id":"https:\/\/dreamhousekirilla.hu\/termek\/elado-meses-csaladi-otthon-cserszegtomajon\/#primaryimage"},"image":{"@id":"https:\/\/dreamhousekirilla.hu\/termek\/elado-meses-csaladi-otthon-cserszegtomajon\/#primaryimage"},"thumbnailUrl":"https:\/\/dreamhousekirilla.hu\/wp-content\/uploads\/2025\/07\/IMG_7307.jpeg","datePublished":"2025-07-30T19:43:07+00:00","dateModified":"2026-01-26T13:01:46+00:00","description":"Fabulous family home for sale in the hilly new-built area of Cserszegtomaj.","breadcrumb":{"@id":"https:\/\/dreamhousekirilla.hu\/termek\/elado-meses-csaladi-otthon-cserszegtomajon\/#breadcrumb"},"inLanguage":"en-US","potentialAction":[{"@type":"ReadAction","target":["https:\/\/dreamhousekirilla.hu\/termek\/elado-meses-csaladi-otthon-cserszegtomajon\/"]}]},{"@type":"ImageObject","inLanguage":"en-US","@id":"https:\/\/dreamhousekirilla.hu\/termek\/elado-meses-csaladi-otthon-cserszegtomajon\/#primaryimage","url":"https:\/\/dreamhousekirilla.hu\/wp-content\/uploads\/2025\/07\/IMG_7307.jpeg","contentUrl":"https:\/\/dreamhousekirilla.hu\/wp-content\/uploads\/2025\/07\/IMG_7307.jpeg","width":1700,"height":1275,"caption":"Dream House Kirilla - Elad\u00f3 Ingatlanok"},{"@type":"BreadcrumbList","@id":"https:\/\/dreamhousekirilla.hu\/termek\/elado-meses-csaladi-otthon-cserszegtomajon\/#breadcrumb","itemListElement":[{"@type":"ListItem","position":1,"name":"Kezd\u0151lap","item":"https:\/\/dreamhousekirilla.hu\/"},{"@type":"ListItem","position":2,"name":"Shop","item":"https:\/\/dreamhousekirilla.hu\/uzlet\/"},{"@type":"ListItem","position":3,"name":"200 m\u00b2 Elad\u00f3 mes\u00e9s csal\u00e1di otthon Cserszegtomajon"}]},{"@type":"WebSite","@id":"https:\/\/dreamhousekirilla.hu\/#website","url":"https:\/\/dreamhousekirilla.hu\/","name":"Dream House Kirilla","description":"Real Estate Agency","publisher":{"@id":"https:\/\/dreamhousekirilla.hu\/#organization"},"potentialAction":[{"@type":"SearchAction","target":{"@type":"EntryPoint","urlTemplate":"https:\/\/dreamhousekirilla.hu\/?s={search_term_string}"},"query-input":{"@type":"PropertyValueSpecification","valueRequired":true,"valueName":"search_term_string"}}],"inLanguage":"en-US"},{"@type":"Organization","@id":"https:\/\/dreamhousekirilla.hu\/#organization","name":"Dream House Kirilla - real estate agency","url":"https:\/\/dreamhousekirilla.hu\/","logo":{"@type":"ImageObject","inLanguage":"en-US","@id":"https:\/\/dreamhousekirilla.hu\/#\/schema\/logo\/image\/","url":"https:\/\/dreamhousekirilla.hu\/wp-content\/uploads\/2025\/07\/Logo-allitott-zold.jpg","contentUrl":"https:\/\/dreamhousekirilla.hu\/wp-content\/uploads\/2025\/07\/Logo-allitott-zold.jpg","width":596,"height":275,"caption":"Dream House Kirilla - real estate agency"},"image":{"@id":"https:\/\/dreamhousekirilla.hu\/#\/schema\/logo\/image\/"}}]}},"_links":{"self":[{"href":"https:\/\/dreamhousekirilla.hu\/en\/wp-json\/wp\/v2\/product\/1219","targetHints":{"allow":["GET"]}}],"collection":[{"href":"https:\/\/dreamhousekirilla.hu\/en\/wp-json\/wp\/v2\/product"}],"about":[{"href":"https:\/\/dreamhousekirilla.hu\/en\/wp-json\/wp\/v2\/types\/product"}],"replies":[{"embeddable":true,"href":"https:\/\/dreamhousekirilla.hu\/en\/wp-json\/wp\/v2\/comments?post=1219"}],"wp:featuredmedia":[{"embeddable":true,"href":"https:\/\/dreamhousekirilla.hu\/en\/wp-json\/wp\/v2\/media\/1220"}],"wp:attachment":[{"href":"https:\/\/dreamhousekirilla.hu\/en\/wp-json\/wp\/v2\/media?parent=1219"}],"wp:term":[{"taxonomy":"product_brand","embeddable":true,"href":"https:\/\/dreamhousekirilla.hu\/en\/wp-json\/wp\/v2\/product_brand?post=1219"},{"taxonomy":"product_cat","embeddable":true,"href":"https:\/\/dreamhousekirilla.hu\/en\/wp-json\/wp\/v2\/product_cat?post=1219"},{"taxonomy":"product_tag","embeddable":true,"href":"https:\/\/dreamhousekirilla.hu\/en\/wp-json\/wp\/v2\/product_tag?post=1219"}],"curies":[{"name":"wp","href":"https:\/\/api.w.org\/{rel}","templated":true}]}}