{"id":1281,"date":"2025-07-31T09:08:42","date_gmt":"2025-07-31T07:08:42","guid":{"rendered":"https:\/\/dreamhousekirilla.hu\/?post_type=product&#038;p=1281"},"modified":"2025-10-02T10:27:00","modified_gmt":"2025-10-02T08:27:00","slug":"elado-haz-balatonbereny","status":"publish","type":"product","link":"https:\/\/dreamhousekirilla.hu\/en\/product\/elado-haz-balatonbereny\/","title":{"rendered":"<b>180 m\u00b2<\/b> <br>Family house on the south shore of Lake Balaton, in Balatonber\u00e9ny"},"content":{"rendered":"<p><span style=\"font-weight: 400;\">Very demanding family house on the south shore of Lake Balaton, in Balatonber\u00e9ny<\/span><\/p>\n<p><span style=\"font-weight: 400;\">Located on the southern shore of Lake Balaton, only 800 meters from the shore, this stunning family house is constantly cared for and maintained by its current owner. The house consists of two separate living units: a spacious main apartment and an apartment, added in 2009, which can be accessed from the main building or by a separate entrance. The interior of the property is tastefully furnished in a vintage style, with furniture included in the advertised purchase price. The house is heated by a gas boiler and there is also a nice tiled stove in the living room. The property is also equipped with solar panels, offering an environmentally friendly solution for energy supply. The plot is nicely landscaped and planted with fruit trees, providing a pleasant environment for rest and relaxation.<\/span><\/p>\n<p><span style=\"font-weight: 400;\">Allocation of space:<\/span><\/p>\n<p><span style=\"font-weight: 400;\">Main building:<\/span><\/p>\n<p><span style=\"font-weight: 400;\">* Tornac: 8,20 nm<\/span><\/p>\n<p><span style=\"font-weight: 400;\">* Edge catcher: 3,60 nm<\/span><\/p>\n<p><span style=\"font-weight: 400;\">* Living room: 26,30 nm<\/span><\/p>\n<p><span style=\"font-weight: 400;\">* Kitchen + dining room: 13,20 sqm<\/span><\/p>\n<p><span style=\"font-weight: 400;\">* Spejz: 2.00 nm<\/span><\/p>\n<p><span style=\"font-weight: 400;\">* Room: 9,90 sqm<\/span><\/p>\n<p><span style=\"font-weight: 400;\">* Room: 11,20 sqm<\/span><\/p>\n<p><span style=\"font-weight: 400;\">* Room: 11,20 sqm<\/span><\/p>\n<p><span style=\"font-weight: 400;\">* Bathroom + WC: 8,60 sqm<\/span><\/p>\n<p><span style=\"font-weight: 400;\">* Household: 7,20 sqm<\/span><\/p>\n<p><span style=\"font-weight: 400;\">* WC: 2,20 nm<\/span><\/p>\n<p><span style=\"font-weight: 400;\">* Garage: 19,80 sqm<\/span><\/p>\n<p><span style=\"font-weight: 400;\">* Storage room: 9,00 sqm<\/span><\/p>\n<p><span style=\"font-weight: 400;\">* Terrace: 17,10 sqm<\/span><\/p>\n<p><span style=\"font-weight: 400;\">Guest apartment:<\/span><\/p>\n<p><span style=\"font-weight: 400;\">* Kitchen + living room: 25,80 sqm<\/span><\/p>\n<p><span style=\"font-weight: 400;\">* Bathroom + WC: 5,40 sqm<\/span><\/p>\n<p><span style=\"font-weight: 400;\">* Room: 9,45 sqm<\/span><\/p>\n<p><span style=\"font-weight: 400;\">* Terrace: 10,00 sqm<\/span><\/p>\n<p><span style=\"font-weight: 400;\">* Wooden storage room: 49,09 sqm<\/span><\/p>\n<p><span style=\"font-weight: 400;\">Execution:<\/span><\/p>\n<p><span style=\"font-weight: 400;\">The property is fully connected to utilities including electricity, mains water, sewerage, natural gas, cable TV, internet, air conditioning and alarm. Heating is provided by central gas, while the wooden windows have insulated glass. Flooring is glazed ceramic tiles. The plot is bordered by a fence.<\/span><\/p>\n<p><span style=\"font-weight: 400;\">The total floor area of the property is 180 square meters, while the plot covers 787 square meters. This provides ample space for both comfortable living and leisure activities.<\/span><\/p>\n<p><span style=\"font-weight: 400;\">Location:<\/span><\/p>\n<p><span style=\"font-weight: 400;\">The family house is located at the south-western tip of Lake Balaton, just 800 metres from the shore. The village offers well-developed beaches, restaurants and a variety of entertainment. There are grocery shops, restaurants and medical services on site. Keszthely, the capital of Lake Balaton, is only 15 km away, with many attractions, including the Festetics Castle, one of the largest castles in the country. Nearby is H\u00e9v\u00edz (20 km), which boasts the world's largest natural hot-water thermal lake and an advanced spa specialising in the treatment of musculoskeletal disorders. The water temperature of the thermal lake does not drop below 30 degrees Celsius even in winter. Recently, a new thermal spa with a water park has been opened near the town.<\/span><\/p>\n<p><span style=\"font-weight: 400;\">For more details, information and pictures\/videos, please contact me by phone.<\/span><\/p>\n<p><span style=\"font-weight: 400;\">The offer price is 409.999 Euro (at variable exchange rate) or 159.999.999 HUF.<\/span><\/p>\n<p><br style=\"font-weight: 400;\" \/><br style=\"font-weight: 400;\" \/><\/p>","protected":false},"excerpt":{"rendered":"<p>180 m\u00b2<\/p>","protected":false},"featured_media":1282,"comment_status":"closed","ping_status":"closed","template":"","meta":{"_et_pb_use_builder":"","_et_pb_old_content":"","_et_gb_content_width":"","inline_featured_image":false},"product_brand":[],"product_cat":[21],"product_tag":[],"class_list":{"0":"post-1281","1":"product","2":"type-product","3":"status-publish","4":"has-post-thumbnail","6":"product_cat-elado-ingatlanok","8":"first","9":"instock","10":"shipping-taxable","11":"purchasable","12":"product-type-simple"},"yoast_head":"<!-- This site is optimized with the Yoast SEO plugin v25.7 - https:\/\/yoast.com\/wordpress\/plugins\/seo\/ -->\n<title>180 m\u00b2 Csal\u00e1di h\u00e1z a Balaton d\u00e9li partj\u00e1n, Balatonber\u00e9nyben - Dream House Kirilla<\/title>\n<meta name=\"description\" content=\"Nagyon ig\u00e9nyes csal\u00e1di h\u00e1z a Balaton d\u00e9li partj\u00e1n, Balatonber\u00e9nyben.\" \/>\n<meta name=\"robots\" content=\"index, follow, max-snippet:-1, max-image-preview:large, max-video-preview:-1\" \/>\n<link rel=\"canonical\" href=\"https:\/\/dreamhousekirilla.hu\/en\/product\/elado-haz-balatonbereny\/\" \/>\n<meta property=\"og:locale\" content=\"en_US\" \/>\n<meta property=\"og:type\" content=\"article\" \/>\n<meta property=\"og:title\" content=\"180 m\u00b2 Csal\u00e1di h\u00e1z a Balaton d\u00e9li partj\u00e1n, Balatonber\u00e9nyben - Dream House Kirilla\" \/>\n<meta property=\"og:description\" content=\"Nagyon ig\u00e9nyes csal\u00e1di h\u00e1z a Balaton d\u00e9li partj\u00e1n, Balatonber\u00e9nyben.\" \/>\n<meta property=\"og:url\" content=\"https:\/\/dreamhousekirilla.hu\/en\/product\/elado-haz-balatonbereny\/\" \/>\n<meta property=\"og:site_name\" content=\"Dream House Kirilla\" \/>\n<meta property=\"article:modified_time\" content=\"2025-10-02T08:27:00+00:00\" \/>\n<meta property=\"og:image\" content=\"https:\/\/dreamhousekirilla.hu\/wp-content\/uploads\/2025\/07\/IMG_5716.jpeg\" \/>\n\t<meta property=\"og:image:width\" content=\"1700\" \/>\n\t<meta property=\"og:image:height\" content=\"1275\" \/>\n\t<meta property=\"og:image:type\" content=\"image\/jpeg\" \/>\n<meta name=\"twitter:card\" content=\"summary_large_image\" \/>\n<meta name=\"twitter:label1\" content=\"Est. reading time\" \/>\n\t<meta name=\"twitter:data1\" content=\"3 minutes\" \/>\n<script type=\"application\/ld+json\" class=\"yoast-schema-graph\">{\"@context\":\"https:\/\/schema.org\",\"@graph\":[{\"@type\":\"WebPage\",\"@id\":\"https:\/\/dreamhousekirilla.hu\/termek\/elado-haz-balatonbereny\/\",\"url\":\"https:\/\/dreamhousekirilla.hu\/termek\/elado-haz-balatonbereny\/\",\"name\":\"180 m\u00b2 Csal\u00e1di h\u00e1z a Balaton d\u00e9li partj\u00e1n, Balatonber\u00e9nyben - Dream House Kirilla\",\"isPartOf\":{\"@id\":\"https:\/\/dreamhousekirilla.hu\/#website\"},\"primaryImageOfPage\":{\"@id\":\"https:\/\/dreamhousekirilla.hu\/termek\/elado-haz-balatonbereny\/#primaryimage\"},\"image\":{\"@id\":\"https:\/\/dreamhousekirilla.hu\/termek\/elado-haz-balatonbereny\/#primaryimage\"},\"thumbnailUrl\":\"https:\/\/dreamhousekirilla.hu\/wp-content\/uploads\/2025\/07\/IMG_5716.jpeg\",\"datePublished\":\"2025-07-31T07:08:42+00:00\",\"dateModified\":\"2025-10-02T08:27:00+00:00\",\"description\":\"Nagyon ig\u00e9nyes csal\u00e1di h\u00e1z a Balaton d\u00e9li partj\u00e1n, Balatonber\u00e9nyben.\",\"breadcrumb\":{\"@id\":\"https:\/\/dreamhousekirilla.hu\/termek\/elado-haz-balatonbereny\/#breadcrumb\"},\"inLanguage\":\"en-US\",\"potentialAction\":[{\"@type\":\"ReadAction\",\"target\":[\"https:\/\/dreamhousekirilla.hu\/termek\/elado-haz-balatonbereny\/\"]}]},{\"@type\":\"ImageObject\",\"inLanguage\":\"en-US\",\"@id\":\"https:\/\/dreamhousekirilla.hu\/termek\/elado-haz-balatonbereny\/#primaryimage\",\"url\":\"https:\/\/dreamhousekirilla.hu\/wp-content\/uploads\/2025\/07\/IMG_5716.jpeg\",\"contentUrl\":\"https:\/\/dreamhousekirilla.hu\/wp-content\/uploads\/2025\/07\/IMG_5716.jpeg\",\"width\":1700,\"height\":1275,\"caption\":\"Dream House Kirilla - Elad\u00f3 Ingatlanok\"},{\"@type\":\"BreadcrumbList\",\"@id\":\"https:\/\/dreamhousekirilla.hu\/termek\/elado-haz-balatonbereny\/#breadcrumb\",\"itemListElement\":[{\"@type\":\"ListItem\",\"position\":1,\"name\":\"Kezd\u0151lap\",\"item\":\"https:\/\/dreamhousekirilla.hu\/\"},{\"@type\":\"ListItem\",\"position\":2,\"name\":\"Shop\",\"item\":\"https:\/\/dreamhousekirilla.hu\/uzlet\/\"},{\"@type\":\"ListItem\",\"position\":3,\"name\":\"180 m\u00b2 Csal\u00e1di h\u00e1z a Balaton d\u00e9li partj\u00e1n, Balatonber\u00e9nyben\"}]},{\"@type\":\"WebSite\",\"@id\":\"https:\/\/dreamhousekirilla.hu\/#website\",\"url\":\"https:\/\/dreamhousekirilla.hu\/\",\"name\":\"Dream House Kirilla\",\"description\":\"Real Estate Agency\",\"publisher\":{\"@id\":\"https:\/\/dreamhousekirilla.hu\/#organization\"},\"potentialAction\":[{\"@type\":\"SearchAction\",\"target\":{\"@type\":\"EntryPoint\",\"urlTemplate\":\"https:\/\/dreamhousekirilla.hu\/?s={search_term_string}\"},\"query-input\":{\"@type\":\"PropertyValueSpecification\",\"valueRequired\":true,\"valueName\":\"search_term_string\"}}],\"inLanguage\":\"en-US\"},{\"@type\":\"Organization\",\"@id\":\"https:\/\/dreamhousekirilla.hu\/#organization\",\"name\":\"Dream House Kirilla - real estate agency\",\"url\":\"https:\/\/dreamhousekirilla.hu\/\",\"logo\":{\"@type\":\"ImageObject\",\"inLanguage\":\"en-US\",\"@id\":\"https:\/\/dreamhousekirilla.hu\/#\/schema\/logo\/image\/\",\"url\":\"https:\/\/dreamhousekirilla.hu\/wp-content\/uploads\/2025\/07\/Logo-allitott-zold.jpg\",\"contentUrl\":\"https:\/\/dreamhousekirilla.hu\/wp-content\/uploads\/2025\/07\/Logo-allitott-zold.jpg\",\"width\":596,\"height\":275,\"caption\":\"Dream House Kirilla - real estate agency\"},\"image\":{\"@id\":\"https:\/\/dreamhousekirilla.hu\/#\/schema\/logo\/image\/\"}}]}<\/script>\n<!-- \/ Yoast SEO plugin. -->","yoast_head_json":{"title":"180 m\u00b2 Family house on the south shore of Lake Balaton, in Balatonber\u00e9ny - Dream House Kirilla","description":"Very demanding family house on the south shore of Lake Balaton, in Balatonber\u00e9ny.","robots":{"index":"index","follow":"follow","max-snippet":"max-snippet:-1","max-image-preview":"max-image-preview:large","max-video-preview":"max-video-preview:-1"},"canonical":"https:\/\/dreamhousekirilla.hu\/en\/product\/elado-haz-balatonbereny\/","og_locale":"en_US","og_type":"article","og_title":"180 m\u00b2 Csal\u00e1di h\u00e1z a Balaton d\u00e9li partj\u00e1n, Balatonber\u00e9nyben - Dream House Kirilla","og_description":"Nagyon ig\u00e9nyes csal\u00e1di h\u00e1z a Balaton d\u00e9li partj\u00e1n, Balatonber\u00e9nyben.","og_url":"https:\/\/dreamhousekirilla.hu\/en\/product\/elado-haz-balatonbereny\/","og_site_name":"Dream House Kirilla","article_modified_time":"2025-10-02T08:27:00+00:00","og_image":[{"width":1700,"height":1275,"url":"https:\/\/dreamhousekirilla.hu\/wp-content\/uploads\/2025\/07\/IMG_5716.jpeg","type":"image\/jpeg"}],"twitter_card":"summary_large_image","twitter_misc":{"Est. reading time":"3 minutes"},"schema":{"@context":"https:\/\/schema.org","@graph":[{"@type":"WebPage","@id":"https:\/\/dreamhousekirilla.hu\/termek\/elado-haz-balatonbereny\/","url":"https:\/\/dreamhousekirilla.hu\/termek\/elado-haz-balatonbereny\/","name":"180 m\u00b2 Family house on the south shore of Lake Balaton, in Balatonber\u00e9ny - Dream House Kirilla","isPartOf":{"@id":"https:\/\/dreamhousekirilla.hu\/#website"},"primaryImageOfPage":{"@id":"https:\/\/dreamhousekirilla.hu\/termek\/elado-haz-balatonbereny\/#primaryimage"},"image":{"@id":"https:\/\/dreamhousekirilla.hu\/termek\/elado-haz-balatonbereny\/#primaryimage"},"thumbnailUrl":"https:\/\/dreamhousekirilla.hu\/wp-content\/uploads\/2025\/07\/IMG_5716.jpeg","datePublished":"2025-07-31T07:08:42+00:00","dateModified":"2025-10-02T08:27:00+00:00","description":"Very demanding family house on the south shore of Lake Balaton, in Balatonber\u00e9ny.","breadcrumb":{"@id":"https:\/\/dreamhousekirilla.hu\/termek\/elado-haz-balatonbereny\/#breadcrumb"},"inLanguage":"en-US","potentialAction":[{"@type":"ReadAction","target":["https:\/\/dreamhousekirilla.hu\/termek\/elado-haz-balatonbereny\/"]}]},{"@type":"ImageObject","inLanguage":"en-US","@id":"https:\/\/dreamhousekirilla.hu\/termek\/elado-haz-balatonbereny\/#primaryimage","url":"https:\/\/dreamhousekirilla.hu\/wp-content\/uploads\/2025\/07\/IMG_5716.jpeg","contentUrl":"https:\/\/dreamhousekirilla.hu\/wp-content\/uploads\/2025\/07\/IMG_5716.jpeg","width":1700,"height":1275,"caption":"Dream House Kirilla - Elad\u00f3 Ingatlanok"},{"@type":"BreadcrumbList","@id":"https:\/\/dreamhousekirilla.hu\/termek\/elado-haz-balatonbereny\/#breadcrumb","itemListElement":[{"@type":"ListItem","position":1,"name":"Kezd\u0151lap","item":"https:\/\/dreamhousekirilla.hu\/"},{"@type":"ListItem","position":2,"name":"Shop","item":"https:\/\/dreamhousekirilla.hu\/uzlet\/"},{"@type":"ListItem","position":3,"name":"180 m\u00b2 Csal\u00e1di h\u00e1z a Balaton d\u00e9li partj\u00e1n, Balatonber\u00e9nyben"}]},{"@type":"WebSite","@id":"https:\/\/dreamhousekirilla.hu\/#website","url":"https:\/\/dreamhousekirilla.hu\/","name":"Dream House Kirilla","description":"Real Estate Agency","publisher":{"@id":"https:\/\/dreamhousekirilla.hu\/#organization"},"potentialAction":[{"@type":"SearchAction","target":{"@type":"EntryPoint","urlTemplate":"https:\/\/dreamhousekirilla.hu\/?s={search_term_string}"},"query-input":{"@type":"PropertyValueSpecification","valueRequired":true,"valueName":"search_term_string"}}],"inLanguage":"en-US"},{"@type":"Organization","@id":"https:\/\/dreamhousekirilla.hu\/#organization","name":"Dream House Kirilla - real estate agency","url":"https:\/\/dreamhousekirilla.hu\/","logo":{"@type":"ImageObject","inLanguage":"en-US","@id":"https:\/\/dreamhousekirilla.hu\/#\/schema\/logo\/image\/","url":"https:\/\/dreamhousekirilla.hu\/wp-content\/uploads\/2025\/07\/Logo-allitott-zold.jpg","contentUrl":"https:\/\/dreamhousekirilla.hu\/wp-content\/uploads\/2025\/07\/Logo-allitott-zold.jpg","width":596,"height":275,"caption":"Dream House Kirilla - real estate agency"},"image":{"@id":"https:\/\/dreamhousekirilla.hu\/#\/schema\/logo\/image\/"}}]}},"_links":{"self":[{"href":"https:\/\/dreamhousekirilla.hu\/en\/wp-json\/wp\/v2\/product\/1281","targetHints":{"allow":["GET"]}}],"collection":[{"href":"https:\/\/dreamhousekirilla.hu\/en\/wp-json\/wp\/v2\/product"}],"about":[{"href":"https:\/\/dreamhousekirilla.hu\/en\/wp-json\/wp\/v2\/types\/product"}],"replies":[{"embeddable":true,"href":"https:\/\/dreamhousekirilla.hu\/en\/wp-json\/wp\/v2\/comments?post=1281"}],"wp:featuredmedia":[{"embeddable":true,"href":"https:\/\/dreamhousekirilla.hu\/en\/wp-json\/wp\/v2\/media\/1282"}],"wp:attachment":[{"href":"https:\/\/dreamhousekirilla.hu\/en\/wp-json\/wp\/v2\/media?parent=1281"}],"wp:term":[{"taxonomy":"product_brand","embeddable":true,"href":"https:\/\/dreamhousekirilla.hu\/en\/wp-json\/wp\/v2\/product_brand?post=1281"},{"taxonomy":"product_cat","embeddable":true,"href":"https:\/\/dreamhousekirilla.hu\/en\/wp-json\/wp\/v2\/product_cat?post=1281"},{"taxonomy":"product_tag","embeddable":true,"href":"https:\/\/dreamhousekirilla.hu\/en\/wp-json\/wp\/v2\/product_tag?post=1281"}],"curies":[{"name":"wp","href":"https:\/\/api.w.org\/{rel}","templated":true}]}}