{"id":1450,"date":"2025-08-01T12:57:53","date_gmt":"2025-08-01T10:57:53","guid":{"rendered":"https:\/\/dreamhousekirilla.hu\/?post_type=product&#038;p=1450"},"modified":"2025-08-01T12:57:54","modified_gmt":"2025-08-01T10:57:54","slug":"elado-haz-gyenesdias","status":"publish","type":"product","link":"https:\/\/dreamhousekirilla.hu\/en\/product\/elado-haz-gyenesdias\/","title":{"rendered":"<b>178 m\u00b2<\/b> <br>Modern house still under construction in Gyenesdias"},"content":{"rendered":"<p><b>Modern house under construction in Gyenesdi\u00e1s - just a few minutes from Lake Balaton!<\/b><\/p>\n<p><span style=\"font-weight: 400;\">An exceptional opportunity awaits you in Gyenesdi\u00e1s, in the immediate vicinity of Lake Balaton, in an impressively quiet environment. We are offering for sale a modern house, still under construction, which is already very promising and has even more potential for the future.<\/span><\/p>\n<p><b>Key features:<\/b><\/p>\n<ul>\n<li style=\"font-weight: 400;\" aria-level=\"1\"><b>Residential area:<\/b><span style=\"font-weight: 400;\"> 178 m\u00b2<\/span><span style=\"font-weight: 400;\">\n<p><\/span><\/li>\n<li style=\"font-weight: 400;\" aria-level=\"1\"><b>Excellent layout:<\/b><span style=\"font-weight: 400;\"> living room with American kitchen, dining area, storage and communal space, which together make up over 50 m\u00b2 - but can be easily separated if required.<\/span><span style=\"font-weight: 400;\">\n<p><\/span><\/li>\n<li style=\"font-weight: 400;\" aria-level=\"1\"><b>Private bedroom:<\/b><span style=\"font-weight: 400;\"> The living room opens into a bedroom with en-suite bathroom.<\/span><span style=\"font-weight: 400;\">\n<p><\/span><\/li>\n<li style=\"font-weight: 400;\" aria-level=\"1\"><b>Terraces:<\/b><span style=\"font-weight: 400;\"> Two terraces of almost 20 m\u00b2, which can be accessed from different parts of the house.<\/span><span style=\"font-weight: 400;\">\n<p><\/span><\/li>\n<li style=\"font-weight: 400;\" aria-level=\"1\"><b>Additional premises:<\/b><span style=\"font-weight: 400;\"> A mezzanine separates the rooms on the other side of the house. In front of this there is a laundry room and a separate toilet.<\/span><span style=\"font-weight: 400;\">\n<p><\/span><\/li>\n<li style=\"font-weight: 400;\" aria-level=\"1\"><b>One-level layout:<\/b><span style=\"font-weight: 400;\"> A staircase leads to a hallway with a small bedroom with en-suite bathroom and a garage on the other side. On this level there are two more bedrooms and a large bathroom with toilet.<\/span><span style=\"font-weight: 400;\">\n<p><\/span><\/li>\n<\/ul>\n<p><b>A huge garden:<\/b><span style=\"font-weight: 400;\"> The property has a garden of 1100 m\u00b2 which offers ample opportunity for relaxation, recreation and gardening.<\/span><\/p>\n<p><b>Future plans:<\/b><span style=\"font-weight: 400;\"> Construction will continue soon - solar panels and windows are planned, which could change the current price. It is planned to complete the construction and the kitchen by the end of the year. The property can be purchased turnkey if required.<\/span><\/p>\n<p><b>Pool and garden:<\/b><span style=\"font-weight: 400;\"> The garden is also suitable for a swimming pool, which can make the home and the environment even more pleasant.<\/span><\/p>\n<p><b>Nearby services:<\/b><span style=\"font-weight: 400;\"> Nearby there are schools, shops, doctor's surgery, mayor's office and Lake Balaton is only 3 minutes away by car. Keszthely and H\u00e9v\u00edz are also a few minutes away.<\/span><\/p>\n<p><b>Don't miss this fantastic opportunity to own this beautiful modern home near Lake Balaton!<\/b><\/p>\n<p><span style=\"font-weight: 400;\">For further details, information and viewing please contact me on +36 30 398 8933.<\/span><\/p>\n<p><b>Flat rate:<\/b><span style=\"font-weight: 400;\"> 214.999 euros (depending on the exchange rate) or 84.999.999 forints.<\/span><\/p>","protected":false},"excerpt":{"rendered":"<p>178 m\u00b2<\/p>","protected":false},"featured_media":1451,"comment_status":"closed","ping_status":"closed","template":"","meta":{"_et_pb_use_builder":"","_et_pb_old_content":"","_et_gb_content_width":"","inline_featured_image":false},"product_brand":[],"product_cat":[21],"product_tag":[],"class_list":{"0":"post-1450","1":"product","2":"type-product","3":"status-publish","4":"has-post-thumbnail","6":"product_cat-elado-ingatlanok","8":"first","9":"instock","10":"shipping-taxable","11":"purchasable","12":"product-type-simple"},"yoast_head":"<!-- This site is optimized with the Yoast SEO plugin v25.7 - https:\/\/yoast.com\/wordpress\/plugins\/seo\/ -->\n<title>178 m\u00b2 Modern, m\u00e9g \u00e9p\u00fcl\u0151 h\u00e1z Gyenesdi\u00e1son - Dream House Kirilla<\/title>\n<meta name=\"description\" content=\"Modern, m\u00e9g \u00e9p\u00fcl\u0151 h\u00e1z Gyenesdi\u00e1son \u2013 mind\u00f6ssze n\u00e9h\u00e1ny percre a Balatont\u00f3l! Kiv\u00e9teles lehet\u0151s\u00e9g v\u00e1rja \u00d6nt Gyenesdi\u00e1son, a Balaton k\u00f6zvetlen k\u00f6zel\u00e9ben.\" \/>\n<meta name=\"robots\" content=\"index, follow, max-snippet:-1, max-image-preview:large, max-video-preview:-1\" \/>\n<link rel=\"canonical\" href=\"https:\/\/dreamhousekirilla.hu\/en\/product\/elado-haz-gyenesdias\/\" \/>\n<meta property=\"og:locale\" content=\"en_US\" \/>\n<meta property=\"og:type\" content=\"article\" \/>\n<meta property=\"og:title\" content=\"178 m\u00b2 Modern, m\u00e9g \u00e9p\u00fcl\u0151 h\u00e1z Gyenesdi\u00e1son - Dream House Kirilla\" \/>\n<meta property=\"og:description\" content=\"Modern, m\u00e9g \u00e9p\u00fcl\u0151 h\u00e1z Gyenesdi\u00e1son \u2013 mind\u00f6ssze n\u00e9h\u00e1ny percre a Balatont\u00f3l! Kiv\u00e9teles lehet\u0151s\u00e9g v\u00e1rja \u00d6nt Gyenesdi\u00e1son, a Balaton k\u00f6zvetlen k\u00f6zel\u00e9ben.\" \/>\n<meta property=\"og:url\" content=\"https:\/\/dreamhousekirilla.hu\/en\/product\/elado-haz-gyenesdias\/\" \/>\n<meta property=\"og:site_name\" content=\"Dream House Kirilla\" \/>\n<meta property=\"article:modified_time\" content=\"2025-08-01T10:57:54+00:00\" \/>\n<meta property=\"og:image\" content=\"https:\/\/dreamhousekirilla.hu\/wp-content\/uploads\/2025\/08\/IMG_4312.jpeg\" \/>\n\t<meta property=\"og:image:width\" content=\"1700\" \/>\n\t<meta property=\"og:image:height\" content=\"1275\" \/>\n\t<meta property=\"og:image:type\" content=\"image\/jpeg\" \/>\n<meta name=\"twitter:card\" content=\"summary_large_image\" \/>\n<meta name=\"twitter:label1\" content=\"Est. reading time\" \/>\n\t<meta name=\"twitter:data1\" content=\"2 minutes\" \/>\n<script type=\"application\/ld+json\" class=\"yoast-schema-graph\">{\"@context\":\"https:\/\/schema.org\",\"@graph\":[{\"@type\":\"WebPage\",\"@id\":\"https:\/\/dreamhousekirilla.hu\/termek\/elado-haz-gyenesdias\/\",\"url\":\"https:\/\/dreamhousekirilla.hu\/termek\/elado-haz-gyenesdias\/\",\"name\":\"178 m\u00b2 Modern, m\u00e9g \u00e9p\u00fcl\u0151 h\u00e1z Gyenesdi\u00e1son - Dream House Kirilla\",\"isPartOf\":{\"@id\":\"https:\/\/dreamhousekirilla.hu\/#website\"},\"primaryImageOfPage\":{\"@id\":\"https:\/\/dreamhousekirilla.hu\/termek\/elado-haz-gyenesdias\/#primaryimage\"},\"image\":{\"@id\":\"https:\/\/dreamhousekirilla.hu\/termek\/elado-haz-gyenesdias\/#primaryimage\"},\"thumbnailUrl\":\"https:\/\/dreamhousekirilla.hu\/wp-content\/uploads\/2025\/08\/IMG_4312.jpeg\",\"datePublished\":\"2025-08-01T10:57:53+00:00\",\"dateModified\":\"2025-08-01T10:57:54+00:00\",\"description\":\"Modern, m\u00e9g \u00e9p\u00fcl\u0151 h\u00e1z Gyenesdi\u00e1son \u2013 mind\u00f6ssze n\u00e9h\u00e1ny percre a Balatont\u00f3l! Kiv\u00e9teles lehet\u0151s\u00e9g v\u00e1rja \u00d6nt Gyenesdi\u00e1son, a Balaton k\u00f6zvetlen k\u00f6zel\u00e9ben.\",\"breadcrumb\":{\"@id\":\"https:\/\/dreamhousekirilla.hu\/termek\/elado-haz-gyenesdias\/#breadcrumb\"},\"inLanguage\":\"en-US\",\"potentialAction\":[{\"@type\":\"ReadAction\",\"target\":[\"https:\/\/dreamhousekirilla.hu\/termek\/elado-haz-gyenesdias\/\"]}]},{\"@type\":\"ImageObject\",\"inLanguage\":\"en-US\",\"@id\":\"https:\/\/dreamhousekirilla.hu\/termek\/elado-haz-gyenesdias\/#primaryimage\",\"url\":\"https:\/\/dreamhousekirilla.hu\/wp-content\/uploads\/2025\/08\/IMG_4312.jpeg\",\"contentUrl\":\"https:\/\/dreamhousekirilla.hu\/wp-content\/uploads\/2025\/08\/IMG_4312.jpeg\",\"width\":1700,\"height\":1275,\"caption\":\"Dream House Kirilla - Elad\u00f3 Ingatlanok\"},{\"@type\":\"BreadcrumbList\",\"@id\":\"https:\/\/dreamhousekirilla.hu\/termek\/elado-haz-gyenesdias\/#breadcrumb\",\"itemListElement\":[{\"@type\":\"ListItem\",\"position\":1,\"name\":\"Kezd\u0151lap\",\"item\":\"https:\/\/dreamhousekirilla.hu\/\"},{\"@type\":\"ListItem\",\"position\":2,\"name\":\"Shop\",\"item\":\"https:\/\/dreamhousekirilla.hu\/uzlet\/\"},{\"@type\":\"ListItem\",\"position\":3,\"name\":\"178 m\u00b2 Modern, m\u00e9g \u00e9p\u00fcl\u0151 h\u00e1z Gyenesdi\u00e1son\"}]},{\"@type\":\"WebSite\",\"@id\":\"https:\/\/dreamhousekirilla.hu\/#website\",\"url\":\"https:\/\/dreamhousekirilla.hu\/\",\"name\":\"Dream House Kirilla\",\"description\":\"Real Estate Agency\",\"publisher\":{\"@id\":\"https:\/\/dreamhousekirilla.hu\/#organization\"},\"potentialAction\":[{\"@type\":\"SearchAction\",\"target\":{\"@type\":\"EntryPoint\",\"urlTemplate\":\"https:\/\/dreamhousekirilla.hu\/?s={search_term_string}\"},\"query-input\":{\"@type\":\"PropertyValueSpecification\",\"valueRequired\":true,\"valueName\":\"search_term_string\"}}],\"inLanguage\":\"en-US\"},{\"@type\":\"Organization\",\"@id\":\"https:\/\/dreamhousekirilla.hu\/#organization\",\"name\":\"Dream House Kirilla - real estate agency\",\"url\":\"https:\/\/dreamhousekirilla.hu\/\",\"logo\":{\"@type\":\"ImageObject\",\"inLanguage\":\"en-US\",\"@id\":\"https:\/\/dreamhousekirilla.hu\/#\/schema\/logo\/image\/\",\"url\":\"https:\/\/dreamhousekirilla.hu\/wp-content\/uploads\/2025\/07\/Logo-allitott-zold.jpg\",\"contentUrl\":\"https:\/\/dreamhousekirilla.hu\/wp-content\/uploads\/2025\/07\/Logo-allitott-zold.jpg\",\"width\":596,\"height\":275,\"caption\":\"Dream House Kirilla - real estate agency\"},\"image\":{\"@id\":\"https:\/\/dreamhousekirilla.hu\/#\/schema\/logo\/image\/\"}}]}<\/script>\n<!-- \/ Yoast SEO plugin. -->","yoast_head_json":{"title":"178 m\u00b2 Modern house under construction in Gyenesdias - Dream House Kirilla","description":"Modern house under construction in Gyenesdi\u00e1s - just a few minutes from Lake Balaton! An exceptional opportunity awaits you in Gyenesdi\u00e1s, in the immediate vicinity of Lake Balaton.","robots":{"index":"index","follow":"follow","max-snippet":"max-snippet:-1","max-image-preview":"max-image-preview:large","max-video-preview":"max-video-preview:-1"},"canonical":"https:\/\/dreamhousekirilla.hu\/en\/product\/elado-haz-gyenesdias\/","og_locale":"en_US","og_type":"article","og_title":"178 m\u00b2 Modern, m\u00e9g \u00e9p\u00fcl\u0151 h\u00e1z Gyenesdi\u00e1son - Dream House Kirilla","og_description":"Modern, m\u00e9g \u00e9p\u00fcl\u0151 h\u00e1z Gyenesdi\u00e1son \u2013 mind\u00f6ssze n\u00e9h\u00e1ny percre a Balatont\u00f3l! Kiv\u00e9teles lehet\u0151s\u00e9g v\u00e1rja \u00d6nt Gyenesdi\u00e1son, a Balaton k\u00f6zvetlen k\u00f6zel\u00e9ben.","og_url":"https:\/\/dreamhousekirilla.hu\/en\/product\/elado-haz-gyenesdias\/","og_site_name":"Dream House Kirilla","article_modified_time":"2025-08-01T10:57:54+00:00","og_image":[{"width":1700,"height":1275,"url":"https:\/\/dreamhousekirilla.hu\/wp-content\/uploads\/2025\/08\/IMG_4312.jpeg","type":"image\/jpeg"}],"twitter_card":"summary_large_image","twitter_misc":{"Est. reading time":"2 minutes"},"schema":{"@context":"https:\/\/schema.org","@graph":[{"@type":"WebPage","@id":"https:\/\/dreamhousekirilla.hu\/termek\/elado-haz-gyenesdias\/","url":"https:\/\/dreamhousekirilla.hu\/termek\/elado-haz-gyenesdias\/","name":"178 m\u00b2 Modern house under construction in Gyenesdias - Dream House Kirilla","isPartOf":{"@id":"https:\/\/dreamhousekirilla.hu\/#website"},"primaryImageOfPage":{"@id":"https:\/\/dreamhousekirilla.hu\/termek\/elado-haz-gyenesdias\/#primaryimage"},"image":{"@id":"https:\/\/dreamhousekirilla.hu\/termek\/elado-haz-gyenesdias\/#primaryimage"},"thumbnailUrl":"https:\/\/dreamhousekirilla.hu\/wp-content\/uploads\/2025\/08\/IMG_4312.jpeg","datePublished":"2025-08-01T10:57:53+00:00","dateModified":"2025-08-01T10:57:54+00:00","description":"Modern house under construction in Gyenesdi\u00e1s - just a few minutes from Lake Balaton! An exceptional opportunity awaits you in Gyenesdi\u00e1s, in the immediate vicinity of Lake Balaton.","breadcrumb":{"@id":"https:\/\/dreamhousekirilla.hu\/termek\/elado-haz-gyenesdias\/#breadcrumb"},"inLanguage":"en-US","potentialAction":[{"@type":"ReadAction","target":["https:\/\/dreamhousekirilla.hu\/termek\/elado-haz-gyenesdias\/"]}]},{"@type":"ImageObject","inLanguage":"en-US","@id":"https:\/\/dreamhousekirilla.hu\/termek\/elado-haz-gyenesdias\/#primaryimage","url":"https:\/\/dreamhousekirilla.hu\/wp-content\/uploads\/2025\/08\/IMG_4312.jpeg","contentUrl":"https:\/\/dreamhousekirilla.hu\/wp-content\/uploads\/2025\/08\/IMG_4312.jpeg","width":1700,"height":1275,"caption":"Dream House Kirilla - Elad\u00f3 Ingatlanok"},{"@type":"BreadcrumbList","@id":"https:\/\/dreamhousekirilla.hu\/termek\/elado-haz-gyenesdias\/#breadcrumb","itemListElement":[{"@type":"ListItem","position":1,"name":"Kezd\u0151lap","item":"https:\/\/dreamhousekirilla.hu\/"},{"@type":"ListItem","position":2,"name":"Shop","item":"https:\/\/dreamhousekirilla.hu\/uzlet\/"},{"@type":"ListItem","position":3,"name":"178 m\u00b2 Modern, m\u00e9g \u00e9p\u00fcl\u0151 h\u00e1z Gyenesdi\u00e1son"}]},{"@type":"WebSite","@id":"https:\/\/dreamhousekirilla.hu\/#website","url":"https:\/\/dreamhousekirilla.hu\/","name":"Dream House Kirilla","description":"Real Estate Agency","publisher":{"@id":"https:\/\/dreamhousekirilla.hu\/#organization"},"potentialAction":[{"@type":"SearchAction","target":{"@type":"EntryPoint","urlTemplate":"https:\/\/dreamhousekirilla.hu\/?s={search_term_string}"},"query-input":{"@type":"PropertyValueSpecification","valueRequired":true,"valueName":"search_term_string"}}],"inLanguage":"en-US"},{"@type":"Organization","@id":"https:\/\/dreamhousekirilla.hu\/#organization","name":"Dream House Kirilla - real estate agency","url":"https:\/\/dreamhousekirilla.hu\/","logo":{"@type":"ImageObject","inLanguage":"en-US","@id":"https:\/\/dreamhousekirilla.hu\/#\/schema\/logo\/image\/","url":"https:\/\/dreamhousekirilla.hu\/wp-content\/uploads\/2025\/07\/Logo-allitott-zold.jpg","contentUrl":"https:\/\/dreamhousekirilla.hu\/wp-content\/uploads\/2025\/07\/Logo-allitott-zold.jpg","width":596,"height":275,"caption":"Dream House Kirilla - real estate agency"},"image":{"@id":"https:\/\/dreamhousekirilla.hu\/#\/schema\/logo\/image\/"}}]}},"_links":{"self":[{"href":"https:\/\/dreamhousekirilla.hu\/en\/wp-json\/wp\/v2\/product\/1450","targetHints":{"allow":["GET"]}}],"collection":[{"href":"https:\/\/dreamhousekirilla.hu\/en\/wp-json\/wp\/v2\/product"}],"about":[{"href":"https:\/\/dreamhousekirilla.hu\/en\/wp-json\/wp\/v2\/types\/product"}],"replies":[{"embeddable":true,"href":"https:\/\/dreamhousekirilla.hu\/en\/wp-json\/wp\/v2\/comments?post=1450"}],"wp:featuredmedia":[{"embeddable":true,"href":"https:\/\/dreamhousekirilla.hu\/en\/wp-json\/wp\/v2\/media\/1451"}],"wp:attachment":[{"href":"https:\/\/dreamhousekirilla.hu\/en\/wp-json\/wp\/v2\/media?parent=1450"}],"wp:term":[{"taxonomy":"product_brand","embeddable":true,"href":"https:\/\/dreamhousekirilla.hu\/en\/wp-json\/wp\/v2\/product_brand?post=1450"},{"taxonomy":"product_cat","embeddable":true,"href":"https:\/\/dreamhousekirilla.hu\/en\/wp-json\/wp\/v2\/product_cat?post=1450"},{"taxonomy":"product_tag","embeddable":true,"href":"https:\/\/dreamhousekirilla.hu\/en\/wp-json\/wp\/v2\/product_tag?post=1450"}],"curies":[{"name":"wp","href":"https:\/\/api.w.org\/{rel}","templated":true}]}}