{"id":2071,"date":"2025-09-05T14:26:08","date_gmt":"2025-09-05T12:26:08","guid":{"rendered":"https:\/\/dreamhousekirilla.hu\/?post_type=product&#038;p=2071"},"modified":"2025-09-05T14:38:03","modified_gmt":"2025-09-05T12:38:03","slug":"house-and-guesthouse-in-gyenesdias-near-lake-balaton","status":"publish","type":"product","link":"https:\/\/dreamhousekirilla.hu\/en\/product\/house-and-guesthouse-in-gyenesdias-near-lake-balaton\/","title":{"rendered":"<b>232 m2<\/b> <br>Family house and guest house for sale in Gyenesdi\u00e1s, near Lake Balaton"},"content":{"rendered":"<p>Family house and guest house for sale in Gyenesdi\u00e1s, near Lake Balaton<\/p>\n<p>Gyenesdi\u00e1s is one of the most popular villages on the northern shore of Lake Balaton, in the immediate vicinity of Keszthely and H\u00e9v\u00edz. The peaceful, family-friendly environment, the well-kept beaches, the well-developed cycle paths and the excursion possibilities of the area ensure an attractive quality of life all year round.<\/p>\n<p>The offered property is located on a 1036 m\u00b2 fully fenced plot. The brick-built main building, built in 2001, is in excellent condition and includes a separate guest house, making it an ideal choice for multi-generational cohabitation or investment.<\/p>\n<p>Main building (170 m\u00b2 + 23 m\u00b2 terrace)<br \/>\n-Good technical solutions: Bosch gas boiler, radiator heating, insulated attic, 8 cm facade insulation, tiled roof, plastic windows with shutters and mosquito nets.<br \/>\n-Ground floor: entrance hall, guest toilet, kitchen with pantry, dining room, living room, bedroom, bathroom with toilet (bath) and a large terrace.<br \/>\n-Emelet: dining room with kitchenette, 3 bedrooms - each with en-suite bathroom and toilet (shower).<br \/>\nSpacious, bright interiors, built-in wardrobes.<br \/>\n-Air-conditioned bedrooms for maximum comfort.<\/p>\n<p>Guest house (50 m\u00b2 + terrace + garage)<br \/>\n-Heating: air conditioning and wood-burning stove.<br \/>\n-Floor plan: kitchen-dining room, living room, bathroom-WC, attic bedroom.<br \/>\n-Special terrace and garage.<br \/>\n-Currently tenant occupied, interior photos available later.<\/p>\n<p>Additional features<br \/>\n-20 m\u00b2 garage, drilled well.<br \/>\n-Lower maintenance costs.<br \/>\n-Full equipment included, for sale, ready for immediate occupation.<br \/>\n-The shore of Lake Balaton is only 1.5 km away, shopping facilities nearby.<\/p>\n<p>This property is ideal for those looking for a spacious, multi-functional home near Lake Balaton. It is also an excellent opportunity for investors, as the guest house can be rented out independently.<\/p>\n<p>Guide price: 139.999.999 (depending on exchange rate) 354.999 EUR<\/p>\n<p><br style=\"font-weight: 400;\" \/><br style=\"font-weight: 400;\" \/><\/p>","protected":false},"excerpt":{"rendered":"<div class=\"listing-property justify-content-around col col-print d-flex flex-column text-center border-end border-1 border-gray-100 px-3\"><span class=\"fw-bold fs-4\">232 m<sup>2<\/sup><\/span><\/div>","protected":false},"featured_media":2072,"comment_status":"closed","ping_status":"closed","template":"","meta":{"_et_pb_use_builder":"","_et_pb_old_content":"","_et_gb_content_width":"","inline_featured_image":false},"product_brand":[],"product_cat":[21],"product_tag":[],"class_list":{"0":"post-2071","1":"product","2":"type-product","3":"status-publish","4":"has-post-thumbnail","6":"product_cat-elado-ingatlanok","8":"first","9":"instock","10":"shipping-taxable","11":"purchasable","12":"product-type-simple"},"yoast_head":"<!-- This site is optimized with the Yoast SEO plugin v25.7 - https:\/\/yoast.com\/wordpress\/plugins\/seo\/ -->\n<title>232 m2 Elad\u00f3 csal\u00e1di h\u00e1z \u00e9s vend\u00e9gh\u00e1z Gyenesdi\u00e1son, a Balaton k\u00f6zel\u00e9ben - Dream House Kirilla<\/title>\n<meta name=\"description\" content=\"Elad\u00f3 csal\u00e1di h\u00e1z \u00e9s vend\u00e9gh\u00e1z Gyenesdi\u00e1son, a Balaton k\u00f6zel\u00e9ben. T\u00e1gas otthon, k\u00fcl\u00f6n vend\u00e9gh\u00e1zzal, gar\u00e1zzsal, 1036 m\u00b2 telken, azonnal k\u00f6lt\u00f6zhet\u0151.\" \/>\n<meta name=\"robots\" content=\"index, follow, max-snippet:-1, max-image-preview:large, max-video-preview:-1\" \/>\n<link rel=\"canonical\" href=\"https:\/\/dreamhousekirilla.hu\/en\/product\/house-and-guesthouse-in-gyenesdias-near-lake-balaton\/\" \/>\n<meta property=\"og:locale\" content=\"en_US\" \/>\n<meta property=\"og:type\" content=\"article\" \/>\n<meta property=\"og:title\" content=\"232 m2 Elad\u00f3 csal\u00e1di h\u00e1z \u00e9s vend\u00e9gh\u00e1z Gyenesdi\u00e1son, a Balaton k\u00f6zel\u00e9ben - Dream House Kirilla\" \/>\n<meta property=\"og:description\" content=\"Elad\u00f3 csal\u00e1di h\u00e1z \u00e9s vend\u00e9gh\u00e1z Gyenesdi\u00e1son, a Balaton k\u00f6zel\u00e9ben. T\u00e1gas otthon, k\u00fcl\u00f6n vend\u00e9gh\u00e1zzal, gar\u00e1zzsal, 1036 m\u00b2 telken, azonnal k\u00f6lt\u00f6zhet\u0151.\" \/>\n<meta property=\"og:url\" content=\"https:\/\/dreamhousekirilla.hu\/en\/product\/house-and-guesthouse-in-gyenesdias-near-lake-balaton\/\" \/>\n<meta property=\"og:site_name\" content=\"Dream House Kirilla\" \/>\n<meta property=\"article:modified_time\" content=\"2025-09-05T12:38:03+00:00\" \/>\n<meta property=\"og:image\" content=\"https:\/\/dreamhousekirilla.hu\/wp-content\/uploads\/2025\/09\/wmremove-transformed-1024x767.png\" \/>\n\t<meta property=\"og:image:width\" content=\"1024\" \/>\n\t<meta property=\"og:image:height\" content=\"767\" \/>\n\t<meta property=\"og:image:type\" content=\"image\/png\" \/>\n<meta name=\"twitter:card\" content=\"summary_large_image\" \/>\n<meta name=\"twitter:label1\" content=\"Est. reading time\" \/>\n\t<meta name=\"twitter:data1\" content=\"2 minutes\" \/>\n<script type=\"application\/ld+json\" class=\"yoast-schema-graph\">{\"@context\":\"https:\/\/schema.org\",\"@graph\":[{\"@type\":\"WebPage\",\"@id\":\"https:\/\/dreamhousekirilla.hu\/termek\/elado-csaladi-haz-es-vendeghaz-gyenesdiason-a-balaton-kozeleben\/\",\"url\":\"https:\/\/dreamhousekirilla.hu\/termek\/elado-csaladi-haz-es-vendeghaz-gyenesdiason-a-balaton-kozeleben\/\",\"name\":\"232 m2 Elad\u00f3 csal\u00e1di h\u00e1z \u00e9s vend\u00e9gh\u00e1z Gyenesdi\u00e1son, a Balaton k\u00f6zel\u00e9ben - Dream House Kirilla\",\"isPartOf\":{\"@id\":\"https:\/\/dreamhousekirilla.hu\/#website\"},\"primaryImageOfPage\":{\"@id\":\"https:\/\/dreamhousekirilla.hu\/termek\/elado-csaladi-haz-es-vendeghaz-gyenesdiason-a-balaton-kozeleben\/#primaryimage\"},\"image\":{\"@id\":\"https:\/\/dreamhousekirilla.hu\/termek\/elado-csaladi-haz-es-vendeghaz-gyenesdiason-a-balaton-kozeleben\/#primaryimage\"},\"thumbnailUrl\":\"https:\/\/dreamhousekirilla.hu\/wp-content\/uploads\/2025\/09\/wmremove-transformed.png\",\"datePublished\":\"2025-09-05T12:26:08+00:00\",\"dateModified\":\"2025-09-05T12:38:03+00:00\",\"description\":\"Elad\u00f3 csal\u00e1di h\u00e1z \u00e9s vend\u00e9gh\u00e1z Gyenesdi\u00e1son, a Balaton k\u00f6zel\u00e9ben. T\u00e1gas otthon, k\u00fcl\u00f6n vend\u00e9gh\u00e1zzal, gar\u00e1zzsal, 1036 m\u00b2 telken, azonnal k\u00f6lt\u00f6zhet\u0151.\",\"breadcrumb\":{\"@id\":\"https:\/\/dreamhousekirilla.hu\/termek\/elado-csaladi-haz-es-vendeghaz-gyenesdiason-a-balaton-kozeleben\/#breadcrumb\"},\"inLanguage\":\"en-US\",\"potentialAction\":[{\"@type\":\"ReadAction\",\"target\":[\"https:\/\/dreamhousekirilla.hu\/termek\/elado-csaladi-haz-es-vendeghaz-gyenesdiason-a-balaton-kozeleben\/\"]}]},{\"@type\":\"ImageObject\",\"inLanguage\":\"en-US\",\"@id\":\"https:\/\/dreamhousekirilla.hu\/termek\/elado-csaladi-haz-es-vendeghaz-gyenesdiason-a-balaton-kozeleben\/#primaryimage\",\"url\":\"https:\/\/dreamhousekirilla.hu\/wp-content\/uploads\/2025\/09\/wmremove-transformed.png\",\"contentUrl\":\"https:\/\/dreamhousekirilla.hu\/wp-content\/uploads\/2025\/09\/wmremove-transformed.png\",\"width\":2402,\"height\":1800},{\"@type\":\"BreadcrumbList\",\"@id\":\"https:\/\/dreamhousekirilla.hu\/termek\/elado-csaladi-haz-es-vendeghaz-gyenesdiason-a-balaton-kozeleben\/#breadcrumb\",\"itemListElement\":[{\"@type\":\"ListItem\",\"position\":1,\"name\":\"Kezd\u0151lap\",\"item\":\"https:\/\/dreamhousekirilla.hu\/\"},{\"@type\":\"ListItem\",\"position\":2,\"name\":\"Shop\",\"item\":\"https:\/\/dreamhousekirilla.hu\/uzlet\/\"},{\"@type\":\"ListItem\",\"position\":3,\"name\":\"232 m2 Elad\u00f3 csal\u00e1di h\u00e1z \u00e9s vend\u00e9gh\u00e1z Gyenesdi\u00e1son, a Balaton k\u00f6zel\u00e9ben\"}]},{\"@type\":\"WebSite\",\"@id\":\"https:\/\/dreamhousekirilla.hu\/#website\",\"url\":\"https:\/\/dreamhousekirilla.hu\/\",\"name\":\"Dream House Kirilla\",\"description\":\"Real Estate Agency\",\"publisher\":{\"@id\":\"https:\/\/dreamhousekirilla.hu\/#organization\"},\"potentialAction\":[{\"@type\":\"SearchAction\",\"target\":{\"@type\":\"EntryPoint\",\"urlTemplate\":\"https:\/\/dreamhousekirilla.hu\/?s={search_term_string}\"},\"query-input\":{\"@type\":\"PropertyValueSpecification\",\"valueRequired\":true,\"valueName\":\"search_term_string\"}}],\"inLanguage\":\"en-US\"},{\"@type\":\"Organization\",\"@id\":\"https:\/\/dreamhousekirilla.hu\/#organization\",\"name\":\"Dream House Kirilla - real estate agency\",\"url\":\"https:\/\/dreamhousekirilla.hu\/\",\"logo\":{\"@type\":\"ImageObject\",\"inLanguage\":\"en-US\",\"@id\":\"https:\/\/dreamhousekirilla.hu\/#\/schema\/logo\/image\/\",\"url\":\"https:\/\/dreamhousekirilla.hu\/wp-content\/uploads\/2025\/07\/Logo-allitott-zold.jpg\",\"contentUrl\":\"https:\/\/dreamhousekirilla.hu\/wp-content\/uploads\/2025\/07\/Logo-allitott-zold.jpg\",\"width\":596,\"height\":275,\"caption\":\"Dream House Kirilla - real estate agency\"},\"image\":{\"@id\":\"https:\/\/dreamhousekirilla.hu\/#\/schema\/logo\/image\/\"}}]}<\/script>\n<!-- \/ Yoast SEO plugin. -->","yoast_head_json":{"title":"232 m2 Family house and guest house for sale in Gyenesdi\u00e1s, near Lake Balaton - Dream House Kirilla","description":"Family house and guest house for sale in Gyenesdi\u00e1s, near Lake Balaton. Spacious home with separate guest house, garage, 1036 m\u00b2 plot, ready to move in.","robots":{"index":"index","follow":"follow","max-snippet":"max-snippet:-1","max-image-preview":"max-image-preview:large","max-video-preview":"max-video-preview:-1"},"canonical":"https:\/\/dreamhousekirilla.hu\/en\/product\/house-and-guesthouse-in-gyenesdias-near-lake-balaton\/","og_locale":"en_US","og_type":"article","og_title":"232 m2 Elad\u00f3 csal\u00e1di h\u00e1z \u00e9s vend\u00e9gh\u00e1z Gyenesdi\u00e1son, a Balaton k\u00f6zel\u00e9ben - Dream House Kirilla","og_description":"Elad\u00f3 csal\u00e1di h\u00e1z \u00e9s vend\u00e9gh\u00e1z Gyenesdi\u00e1son, a Balaton k\u00f6zel\u00e9ben. T\u00e1gas otthon, k\u00fcl\u00f6n vend\u00e9gh\u00e1zzal, gar\u00e1zzsal, 1036 m\u00b2 telken, azonnal k\u00f6lt\u00f6zhet\u0151.","og_url":"https:\/\/dreamhousekirilla.hu\/en\/product\/house-and-guesthouse-in-gyenesdias-near-lake-balaton\/","og_site_name":"Dream House Kirilla","article_modified_time":"2025-09-05T12:38:03+00:00","og_image":[{"width":1024,"height":767,"url":"https:\/\/dreamhousekirilla.hu\/wp-content\/uploads\/2025\/09\/wmremove-transformed-1024x767.png","type":"image\/png"}],"twitter_card":"summary_large_image","twitter_misc":{"Est. reading time":"2 minutes"},"schema":{"@context":"https:\/\/schema.org","@graph":[{"@type":"WebPage","@id":"https:\/\/dreamhousekirilla.hu\/termek\/elado-csaladi-haz-es-vendeghaz-gyenesdiason-a-balaton-kozeleben\/","url":"https:\/\/dreamhousekirilla.hu\/termek\/elado-csaladi-haz-es-vendeghaz-gyenesdiason-a-balaton-kozeleben\/","name":"232 m2 Family house and guest house for sale in Gyenesdi\u00e1s, near Lake Balaton - Dream House Kirilla","isPartOf":{"@id":"https:\/\/dreamhousekirilla.hu\/#website"},"primaryImageOfPage":{"@id":"https:\/\/dreamhousekirilla.hu\/termek\/elado-csaladi-haz-es-vendeghaz-gyenesdiason-a-balaton-kozeleben\/#primaryimage"},"image":{"@id":"https:\/\/dreamhousekirilla.hu\/termek\/elado-csaladi-haz-es-vendeghaz-gyenesdiason-a-balaton-kozeleben\/#primaryimage"},"thumbnailUrl":"https:\/\/dreamhousekirilla.hu\/wp-content\/uploads\/2025\/09\/wmremove-transformed.png","datePublished":"2025-09-05T12:26:08+00:00","dateModified":"2025-09-05T12:38:03+00:00","description":"Family house and guest house for sale in Gyenesdi\u00e1s, near Lake Balaton. Spacious home with separate guest house, garage, 1036 m\u00b2 plot, ready to move in.","breadcrumb":{"@id":"https:\/\/dreamhousekirilla.hu\/termek\/elado-csaladi-haz-es-vendeghaz-gyenesdiason-a-balaton-kozeleben\/#breadcrumb"},"inLanguage":"en-US","potentialAction":[{"@type":"ReadAction","target":["https:\/\/dreamhousekirilla.hu\/termek\/elado-csaladi-haz-es-vendeghaz-gyenesdiason-a-balaton-kozeleben\/"]}]},{"@type":"ImageObject","inLanguage":"en-US","@id":"https:\/\/dreamhousekirilla.hu\/termek\/elado-csaladi-haz-es-vendeghaz-gyenesdiason-a-balaton-kozeleben\/#primaryimage","url":"https:\/\/dreamhousekirilla.hu\/wp-content\/uploads\/2025\/09\/wmremove-transformed.png","contentUrl":"https:\/\/dreamhousekirilla.hu\/wp-content\/uploads\/2025\/09\/wmremove-transformed.png","width":2402,"height":1800},{"@type":"BreadcrumbList","@id":"https:\/\/dreamhousekirilla.hu\/termek\/elado-csaladi-haz-es-vendeghaz-gyenesdiason-a-balaton-kozeleben\/#breadcrumb","itemListElement":[{"@type":"ListItem","position":1,"name":"Kezd\u0151lap","item":"https:\/\/dreamhousekirilla.hu\/"},{"@type":"ListItem","position":2,"name":"Shop","item":"https:\/\/dreamhousekirilla.hu\/uzlet\/"},{"@type":"ListItem","position":3,"name":"232 m2 Elad\u00f3 csal\u00e1di h\u00e1z \u00e9s vend\u00e9gh\u00e1z Gyenesdi\u00e1son, a Balaton k\u00f6zel\u00e9ben"}]},{"@type":"WebSite","@id":"https:\/\/dreamhousekirilla.hu\/#website","url":"https:\/\/dreamhousekirilla.hu\/","name":"Dream House Kirilla","description":"Real Estate Agency","publisher":{"@id":"https:\/\/dreamhousekirilla.hu\/#organization"},"potentialAction":[{"@type":"SearchAction","target":{"@type":"EntryPoint","urlTemplate":"https:\/\/dreamhousekirilla.hu\/?s={search_term_string}"},"query-input":{"@type":"PropertyValueSpecification","valueRequired":true,"valueName":"search_term_string"}}],"inLanguage":"en-US"},{"@type":"Organization","@id":"https:\/\/dreamhousekirilla.hu\/#organization","name":"Dream House Kirilla - real estate agency","url":"https:\/\/dreamhousekirilla.hu\/","logo":{"@type":"ImageObject","inLanguage":"en-US","@id":"https:\/\/dreamhousekirilla.hu\/#\/schema\/logo\/image\/","url":"https:\/\/dreamhousekirilla.hu\/wp-content\/uploads\/2025\/07\/Logo-allitott-zold.jpg","contentUrl":"https:\/\/dreamhousekirilla.hu\/wp-content\/uploads\/2025\/07\/Logo-allitott-zold.jpg","width":596,"height":275,"caption":"Dream House Kirilla - real estate agency"},"image":{"@id":"https:\/\/dreamhousekirilla.hu\/#\/schema\/logo\/image\/"}}]}},"_links":{"self":[{"href":"https:\/\/dreamhousekirilla.hu\/en\/wp-json\/wp\/v2\/product\/2071","targetHints":{"allow":["GET"]}}],"collection":[{"href":"https:\/\/dreamhousekirilla.hu\/en\/wp-json\/wp\/v2\/product"}],"about":[{"href":"https:\/\/dreamhousekirilla.hu\/en\/wp-json\/wp\/v2\/types\/product"}],"replies":[{"embeddable":true,"href":"https:\/\/dreamhousekirilla.hu\/en\/wp-json\/wp\/v2\/comments?post=2071"}],"wp:featuredmedia":[{"embeddable":true,"href":"https:\/\/dreamhousekirilla.hu\/en\/wp-json\/wp\/v2\/media\/2072"}],"wp:attachment":[{"href":"https:\/\/dreamhousekirilla.hu\/en\/wp-json\/wp\/v2\/media?parent=2071"}],"wp:term":[{"taxonomy":"product_brand","embeddable":true,"href":"https:\/\/dreamhousekirilla.hu\/en\/wp-json\/wp\/v2\/product_brand?post=2071"},{"taxonomy":"product_cat","embeddable":true,"href":"https:\/\/dreamhousekirilla.hu\/en\/wp-json\/wp\/v2\/product_cat?post=2071"},{"taxonomy":"product_tag","embeddable":true,"href":"https:\/\/dreamhousekirilla.hu\/en\/wp-json\/wp\/v2\/product_tag?post=2071"}],"curies":[{"name":"wp","href":"https:\/\/api.w.org\/{rel}","templated":true}]}}