{"id":2111,"date":"2025-09-05T15:48:13","date_gmt":"2025-09-05T13:48:13","guid":{"rendered":"https:\/\/dreamhousekirilla.hu\/?post_type=product&#038;p=2111"},"modified":"2025-09-05T15:56:29","modified_gmt":"2025-09-05T13:56:29","slug":"apartment-in-the-vi-kerulet-on-szekely-bertalan-street","status":"publish","type":"product","link":"https:\/\/dreamhousekirilla.hu\/en\/product\/apartment-in-the-vi-kerulet-on-szekely-bertalan-street\/","title":{"rendered":"<b>24 + 14 m2<\/b> <br>Renovated apartment in the VI. district, in Sz\u00e9kely Bertalan street"},"content":{"rendered":"<p class=\"p1\"><b>Renovated apartment for sale in the VI. district, in Sz\u00e9kely Bertalan street<\/b><b><\/b><\/p>\n<p class=\"p1\">We offer for sale in the heart of Budapest, in the VI. district, in Sz\u00e9kely Bertalan street, directly near Podmaniczky street, a <b>fully renovated apartment of 24 m\u00b2 with a 14 m\u00b2 gallery<\/b>.<\/p>\n<p class=\"p1\">The renovation was completed in 2025, transforming the apartment into a modern, comfortable home. On the lower level, a new living room has been <b>equipped, modern kitchen<\/b>, a <b>bright living room<\/b>, and a tastefully renovated <b>bathroom<\/b>. The 14 m\u00b2 gallery is a practical and well-used living space.<\/p>\n<p class=\"p1\">The apartment is heated by a <b>cooling-heating air conditioning<\/b> which, on request, provides <b>with Norwegian heating panel<\/b> can be supplemented by. The hot water is a new, <b>80 litre electric water heater<\/b> provided by. The apartment <b>for sale furnished<\/b>, so it can be moved immediately.<\/p>\n<p class=\"p1\"><b>Location and transport<\/b><b><\/b><\/p>\n<p class=\"p1\">The property in Sz\u00e9kely Bertalan street <b>with an outstanding location<\/b> City Park, Heroes' Square and Andrassy Avenue are just a few minutes' walk away. The neighbourhood is well-ordered and safe, with many restaurants, caf\u00e9s, shops and services nearby.<\/p>\n<p class=\"p1\">Transport is excellent: the M1 metro line (Bajza utca, Kod\u00e1ly k\u00f6r\u00f6nd stop), several trolleybus and bus lines provide fast connections to the city centre, and Nyugati railway station and the central parts of the city centre are easily accessible.<\/p>\n<p class=\"p1\">For more details, information and pictures, please contact me.<\/p>\n<p class=\"p1\">Offer price: 143.499 EUR (depending on exchange rate) or 56.299.999 HUF.<\/p>\n<p>&nbsp;<\/p>","protected":false},"excerpt":{"rendered":"<p>24 + 14 m\u00b2<\/p>","protected":false},"featured_media":2112,"comment_status":"closed","ping_status":"closed","template":"","meta":{"_et_pb_use_builder":"","_et_pb_old_content":"","_et_gb_content_width":"","inline_featured_image":false},"product_brand":[],"product_cat":[21],"product_tag":[],"class_list":{"0":"post-2111","1":"product","2":"type-product","3":"status-publish","4":"has-post-thumbnail","6":"product_cat-elado-ingatlanok","8":"first","9":"instock","10":"shipping-taxable","11":"purchasable","12":"product-type-simple"},"yoast_head":"<!-- This site is optimized with the Yoast SEO plugin v25.7 - https:\/\/yoast.com\/wordpress\/plugins\/seo\/ -->\n<title>24 + 14 m2 Fel\u00faj\u00edtott garzonlak\u00e1s a VI. ker\u00fcletben, a Sz\u00e9kely Bertalan utc\u00e1ban - Dream House Kirilla<\/title>\n<meta name=\"description\" content=\"Elad\u00f3, 2025-ben fel\u00faj\u00edtott, 24+14 m\u00b2-es gal\u00e9ri\u00e1s lak\u00e1s a VI. ker\u00fcletben, Sz\u00e9kely Bertalan utc\u00e1ban. Modern konyha, b\u00fatorozott, azonnal k\u00f6lt\u00f6zhet\u0151.\" \/>\n<meta name=\"robots\" content=\"index, follow, max-snippet:-1, max-image-preview:large, max-video-preview:-1\" \/>\n<link rel=\"canonical\" href=\"https:\/\/dreamhousekirilla.hu\/en\/product\/apartment-in-the-vi-kerulet-on-szekely-bertalan-street\/\" \/>\n<meta property=\"og:locale\" content=\"en_US\" \/>\n<meta property=\"og:type\" content=\"article\" \/>\n<meta property=\"og:title\" content=\"24 + 14 m2 Fel\u00faj\u00edtott garzonlak\u00e1s a VI. ker\u00fcletben, a Sz\u00e9kely Bertalan utc\u00e1ban - Dream House Kirilla\" \/>\n<meta property=\"og:description\" content=\"Elad\u00f3, 2025-ben fel\u00faj\u00edtott, 24+14 m\u00b2-es gal\u00e9ri\u00e1s lak\u00e1s a VI. ker\u00fcletben, Sz\u00e9kely Bertalan utc\u00e1ban. Modern konyha, b\u00fatorozott, azonnal k\u00f6lt\u00f6zhet\u0151.\" \/>\n<meta property=\"og:url\" content=\"https:\/\/dreamhousekirilla.hu\/en\/product\/apartment-in-the-vi-kerulet-on-szekely-bertalan-street\/\" \/>\n<meta property=\"og:site_name\" content=\"Dream House Kirilla\" \/>\n<meta property=\"article:modified_time\" content=\"2025-09-05T13:56:29+00:00\" \/>\n<meta property=\"og:image\" content=\"https:\/\/dreamhousekirilla.hu\/wp-content\/uploads\/2025\/09\/IMG_5062-scaled.jpeg\" \/>\n\t<meta property=\"og:image:width\" content=\"2560\" \/>\n\t<meta property=\"og:image:height\" content=\"1920\" \/>\n\t<meta property=\"og:image:type\" content=\"image\/jpeg\" \/>\n<meta name=\"twitter:card\" content=\"summary_large_image\" \/>\n<meta name=\"twitter:label1\" content=\"Est. reading time\" \/>\n\t<meta name=\"twitter:data1\" content=\"2 minutes\" \/>\n<script type=\"application\/ld+json\" class=\"yoast-schema-graph\">{\"@context\":\"https:\/\/schema.org\",\"@graph\":[{\"@type\":\"WebPage\",\"@id\":\"https:\/\/dreamhousekirilla.hu\/termek\/felujitott-garzonlakas-a-vi-keruletben-a-szekely-bertalan-utcaban\/\",\"url\":\"https:\/\/dreamhousekirilla.hu\/termek\/felujitott-garzonlakas-a-vi-keruletben-a-szekely-bertalan-utcaban\/\",\"name\":\"24 + 14 m2 Fel\u00faj\u00edtott garzonlak\u00e1s a VI. ker\u00fcletben, a Sz\u00e9kely Bertalan utc\u00e1ban - Dream House Kirilla\",\"isPartOf\":{\"@id\":\"https:\/\/dreamhousekirilla.hu\/#website\"},\"primaryImageOfPage\":{\"@id\":\"https:\/\/dreamhousekirilla.hu\/termek\/felujitott-garzonlakas-a-vi-keruletben-a-szekely-bertalan-utcaban\/#primaryimage\"},\"image\":{\"@id\":\"https:\/\/dreamhousekirilla.hu\/termek\/felujitott-garzonlakas-a-vi-keruletben-a-szekely-bertalan-utcaban\/#primaryimage\"},\"thumbnailUrl\":\"https:\/\/dreamhousekirilla.hu\/wp-content\/uploads\/2025\/09\/IMG_5062-scaled.jpeg\",\"datePublished\":\"2025-09-05T13:48:13+00:00\",\"dateModified\":\"2025-09-05T13:56:29+00:00\",\"description\":\"Elad\u00f3, 2025-ben fel\u00faj\u00edtott, 24+14 m\u00b2-es gal\u00e9ri\u00e1s lak\u00e1s a VI. ker\u00fcletben, Sz\u00e9kely Bertalan utc\u00e1ban. Modern konyha, b\u00fatorozott, azonnal k\u00f6lt\u00f6zhet\u0151.\",\"breadcrumb\":{\"@id\":\"https:\/\/dreamhousekirilla.hu\/termek\/felujitott-garzonlakas-a-vi-keruletben-a-szekely-bertalan-utcaban\/#breadcrumb\"},\"inLanguage\":\"en-US\",\"potentialAction\":[{\"@type\":\"ReadAction\",\"target\":[\"https:\/\/dreamhousekirilla.hu\/termek\/felujitott-garzonlakas-a-vi-keruletben-a-szekely-bertalan-utcaban\/\"]}]},{\"@type\":\"ImageObject\",\"inLanguage\":\"en-US\",\"@id\":\"https:\/\/dreamhousekirilla.hu\/termek\/felujitott-garzonlakas-a-vi-keruletben-a-szekely-bertalan-utcaban\/#primaryimage\",\"url\":\"https:\/\/dreamhousekirilla.hu\/wp-content\/uploads\/2025\/09\/IMG_5062-scaled.jpeg\",\"contentUrl\":\"https:\/\/dreamhousekirilla.hu\/wp-content\/uploads\/2025\/09\/IMG_5062-scaled.jpeg\",\"width\":2560,\"height\":1920},{\"@type\":\"BreadcrumbList\",\"@id\":\"https:\/\/dreamhousekirilla.hu\/termek\/felujitott-garzonlakas-a-vi-keruletben-a-szekely-bertalan-utcaban\/#breadcrumb\",\"itemListElement\":[{\"@type\":\"ListItem\",\"position\":1,\"name\":\"Kezd\u0151lap\",\"item\":\"https:\/\/dreamhousekirilla.hu\/\"},{\"@type\":\"ListItem\",\"position\":2,\"name\":\"Shop\",\"item\":\"https:\/\/dreamhousekirilla.hu\/uzlet\/\"},{\"@type\":\"ListItem\",\"position\":3,\"name\":\"24 + 14 m2 Fel\u00faj\u00edtott garzonlak\u00e1s a VI. ker\u00fcletben, a Sz\u00e9kely Bertalan utc\u00e1ban\"}]},{\"@type\":\"WebSite\",\"@id\":\"https:\/\/dreamhousekirilla.hu\/#website\",\"url\":\"https:\/\/dreamhousekirilla.hu\/\",\"name\":\"Dream House Kirilla\",\"description\":\"Real Estate Agency\",\"publisher\":{\"@id\":\"https:\/\/dreamhousekirilla.hu\/#organization\"},\"potentialAction\":[{\"@type\":\"SearchAction\",\"target\":{\"@type\":\"EntryPoint\",\"urlTemplate\":\"https:\/\/dreamhousekirilla.hu\/?s={search_term_string}\"},\"query-input\":{\"@type\":\"PropertyValueSpecification\",\"valueRequired\":true,\"valueName\":\"search_term_string\"}}],\"inLanguage\":\"en-US\"},{\"@type\":\"Organization\",\"@id\":\"https:\/\/dreamhousekirilla.hu\/#organization\",\"name\":\"Dream House Kirilla - real estate agency\",\"url\":\"https:\/\/dreamhousekirilla.hu\/\",\"logo\":{\"@type\":\"ImageObject\",\"inLanguage\":\"en-US\",\"@id\":\"https:\/\/dreamhousekirilla.hu\/#\/schema\/logo\/image\/\",\"url\":\"https:\/\/dreamhousekirilla.hu\/wp-content\/uploads\/2025\/07\/Logo-allitott-zold.jpg\",\"contentUrl\":\"https:\/\/dreamhousekirilla.hu\/wp-content\/uploads\/2025\/07\/Logo-allitott-zold.jpg\",\"width\":596,\"height\":275,\"caption\":\"Dream House Kirilla - real estate agency\"},\"image\":{\"@id\":\"https:\/\/dreamhousekirilla.hu\/#\/schema\/logo\/image\/\"}}]}<\/script>\n<!-- \/ Yoast SEO plugin. -->","yoast_head_json":{"title":"24 + 14 m2 Renovated studio apartment in the VI. district, in Sz\u00e9kely Bertalan street - Dream House Kirilla","description":"For sale 24+14 m\u00b2 apartment with gallery, renovated in 2025, in the VI. district, Sz\u00e9kely Bertalan street. Modern kitchen, furnished, ready to move in.","robots":{"index":"index","follow":"follow","max-snippet":"max-snippet:-1","max-image-preview":"max-image-preview:large","max-video-preview":"max-video-preview:-1"},"canonical":"https:\/\/dreamhousekirilla.hu\/en\/product\/apartment-in-the-vi-kerulet-on-szekely-bertalan-street\/","og_locale":"en_US","og_type":"article","og_title":"24 + 14 m2 Fel\u00faj\u00edtott garzonlak\u00e1s a VI. ker\u00fcletben, a Sz\u00e9kely Bertalan utc\u00e1ban - Dream House Kirilla","og_description":"Elad\u00f3, 2025-ben fel\u00faj\u00edtott, 24+14 m\u00b2-es gal\u00e9ri\u00e1s lak\u00e1s a VI. ker\u00fcletben, Sz\u00e9kely Bertalan utc\u00e1ban. Modern konyha, b\u00fatorozott, azonnal k\u00f6lt\u00f6zhet\u0151.","og_url":"https:\/\/dreamhousekirilla.hu\/en\/product\/apartment-in-the-vi-kerulet-on-szekely-bertalan-street\/","og_site_name":"Dream House Kirilla","article_modified_time":"2025-09-05T13:56:29+00:00","og_image":[{"width":2560,"height":1920,"url":"https:\/\/dreamhousekirilla.hu\/wp-content\/uploads\/2025\/09\/IMG_5062-scaled.jpeg","type":"image\/jpeg"}],"twitter_card":"summary_large_image","twitter_misc":{"Est. reading time":"2 minutes"},"schema":{"@context":"https:\/\/schema.org","@graph":[{"@type":"WebPage","@id":"https:\/\/dreamhousekirilla.hu\/termek\/felujitott-garzonlakas-a-vi-keruletben-a-szekely-bertalan-utcaban\/","url":"https:\/\/dreamhousekirilla.hu\/termek\/felujitott-garzonlakas-a-vi-keruletben-a-szekely-bertalan-utcaban\/","name":"24 + 14 m2 Renovated studio apartment in the VI. district, in Sz\u00e9kely Bertalan street - Dream House Kirilla","isPartOf":{"@id":"https:\/\/dreamhousekirilla.hu\/#website"},"primaryImageOfPage":{"@id":"https:\/\/dreamhousekirilla.hu\/termek\/felujitott-garzonlakas-a-vi-keruletben-a-szekely-bertalan-utcaban\/#primaryimage"},"image":{"@id":"https:\/\/dreamhousekirilla.hu\/termek\/felujitott-garzonlakas-a-vi-keruletben-a-szekely-bertalan-utcaban\/#primaryimage"},"thumbnailUrl":"https:\/\/dreamhousekirilla.hu\/wp-content\/uploads\/2025\/09\/IMG_5062-scaled.jpeg","datePublished":"2025-09-05T13:48:13+00:00","dateModified":"2025-09-05T13:56:29+00:00","description":"For sale 24+14 m\u00b2 apartment with gallery, renovated in 2025, in the VI. district, Sz\u00e9kely Bertalan street. Modern kitchen, furnished, ready to move in.","breadcrumb":{"@id":"https:\/\/dreamhousekirilla.hu\/termek\/felujitott-garzonlakas-a-vi-keruletben-a-szekely-bertalan-utcaban\/#breadcrumb"},"inLanguage":"en-US","potentialAction":[{"@type":"ReadAction","target":["https:\/\/dreamhousekirilla.hu\/termek\/felujitott-garzonlakas-a-vi-keruletben-a-szekely-bertalan-utcaban\/"]}]},{"@type":"ImageObject","inLanguage":"en-US","@id":"https:\/\/dreamhousekirilla.hu\/termek\/felujitott-garzonlakas-a-vi-keruletben-a-szekely-bertalan-utcaban\/#primaryimage","url":"https:\/\/dreamhousekirilla.hu\/wp-content\/uploads\/2025\/09\/IMG_5062-scaled.jpeg","contentUrl":"https:\/\/dreamhousekirilla.hu\/wp-content\/uploads\/2025\/09\/IMG_5062-scaled.jpeg","width":2560,"height":1920},{"@type":"BreadcrumbList","@id":"https:\/\/dreamhousekirilla.hu\/termek\/felujitott-garzonlakas-a-vi-keruletben-a-szekely-bertalan-utcaban\/#breadcrumb","itemListElement":[{"@type":"ListItem","position":1,"name":"Kezd\u0151lap","item":"https:\/\/dreamhousekirilla.hu\/"},{"@type":"ListItem","position":2,"name":"Shop","item":"https:\/\/dreamhousekirilla.hu\/uzlet\/"},{"@type":"ListItem","position":3,"name":"24 + 14 m2 Fel\u00faj\u00edtott garzonlak\u00e1s a VI. ker\u00fcletben, a Sz\u00e9kely Bertalan utc\u00e1ban"}]},{"@type":"WebSite","@id":"https:\/\/dreamhousekirilla.hu\/#website","url":"https:\/\/dreamhousekirilla.hu\/","name":"Dream House Kirilla","description":"Real Estate Agency","publisher":{"@id":"https:\/\/dreamhousekirilla.hu\/#organization"},"potentialAction":[{"@type":"SearchAction","target":{"@type":"EntryPoint","urlTemplate":"https:\/\/dreamhousekirilla.hu\/?s={search_term_string}"},"query-input":{"@type":"PropertyValueSpecification","valueRequired":true,"valueName":"search_term_string"}}],"inLanguage":"en-US"},{"@type":"Organization","@id":"https:\/\/dreamhousekirilla.hu\/#organization","name":"Dream House Kirilla - real estate agency","url":"https:\/\/dreamhousekirilla.hu\/","logo":{"@type":"ImageObject","inLanguage":"en-US","@id":"https:\/\/dreamhousekirilla.hu\/#\/schema\/logo\/image\/","url":"https:\/\/dreamhousekirilla.hu\/wp-content\/uploads\/2025\/07\/Logo-allitott-zold.jpg","contentUrl":"https:\/\/dreamhousekirilla.hu\/wp-content\/uploads\/2025\/07\/Logo-allitott-zold.jpg","width":596,"height":275,"caption":"Dream House Kirilla - real estate agency"},"image":{"@id":"https:\/\/dreamhousekirilla.hu\/#\/schema\/logo\/image\/"}}]}},"_links":{"self":[{"href":"https:\/\/dreamhousekirilla.hu\/en\/wp-json\/wp\/v2\/product\/2111","targetHints":{"allow":["GET"]}}],"collection":[{"href":"https:\/\/dreamhousekirilla.hu\/en\/wp-json\/wp\/v2\/product"}],"about":[{"href":"https:\/\/dreamhousekirilla.hu\/en\/wp-json\/wp\/v2\/types\/product"}],"replies":[{"embeddable":true,"href":"https:\/\/dreamhousekirilla.hu\/en\/wp-json\/wp\/v2\/comments?post=2111"}],"wp:featuredmedia":[{"embeddable":true,"href":"https:\/\/dreamhousekirilla.hu\/en\/wp-json\/wp\/v2\/media\/2112"}],"wp:attachment":[{"href":"https:\/\/dreamhousekirilla.hu\/en\/wp-json\/wp\/v2\/media?parent=2111"}],"wp:term":[{"taxonomy":"product_brand","embeddable":true,"href":"https:\/\/dreamhousekirilla.hu\/en\/wp-json\/wp\/v2\/product_brand?post=2111"},{"taxonomy":"product_cat","embeddable":true,"href":"https:\/\/dreamhousekirilla.hu\/en\/wp-json\/wp\/v2\/product_cat?post=2111"},{"taxonomy":"product_tag","embeddable":true,"href":"https:\/\/dreamhousekirilla.hu\/en\/wp-json\/wp\/v2\/product_tag?post=2111"}],"curies":[{"name":"wp","href":"https:\/\/api.w.org\/{rel}","templated":true}]}}