{"id":2140,"date":"2025-09-18T19:46:55","date_gmt":"2025-09-18T17:46:55","guid":{"rendered":"https:\/\/dreamhousekirilla.hu\/?post_type=product&#038;p=2140"},"modified":"2025-09-18T19:59:41","modified_gmt":"2025-09-18T17:59:41","slug":"elado-3-storey-house-in-balatonszarszon-with-apartment-for-rent","status":"publish","type":"product","link":"https:\/\/dreamhousekirilla.hu\/en\/product\/elado-3-storey-house-in-balatonszarszon-with-apartment-for-rent\/","title":{"rendered":"<b>286 m2<\/b> <br>For sale renovated, 3-storey family house in Balatonsz\u00e1rsz\u00f3, with apartment possibility"},"content":{"rendered":"<p class=\"p1\">For sale renovated, 3-storey family house in Balatonsz\u00e1rsz\u00f3, with apartment possibility<\/p>\n<p>In a quiet street of Balatonsz\u00e1rsz\u00f3 we offer for sale a 286 m\u00b2 house, renovated, located on a 700 m\u00b2 plot. The special feature of the property is that all three floors function as separate residential units, making it ideal for multi-generational families or as an apartment.<\/p>\n<p>Details of the property<\/p>\n<p>Ground floor - 98 m\u00b2<br \/>\nThe ground floor is fully finished and has a modern interior design.<br \/>\n-2 separate bedrooms<br \/>\n-Fitted, spacious dining kitchen<br \/>\n-Living room with direct access to the first floor<br \/>\n-Bathroom with bathtub<br \/>\n-Outside WC<\/p>\n<p>First floor - 98 m\u00b2<br \/>\nThe upstairs is currently a self-contained living unit, which can be created with a separate entrance (the entrance door has already been prepared, so only the external staircase needs to be built).<br \/>\n-3 spacious bedrooms<br \/>\n-Fitted kitchen with dining area<br \/>\n-Bathroom with shower<br \/>\n-Outside WC<\/p>\n<p>Cellar level<br \/>\nThe house has a partially developed cellar, which can be used for various purposes.<br \/>\n-Apartment: living room, kitchen, bathroom with shower<br \/>\n-The other half of the basement is not yet finished - originally planned to be used as a gym, this is still to be done by the new owner.<br \/>\nThe cellar is currently accessed through the converted entrance of the former garage, as the internal staircase has not yet been constructed.<\/p>\n<p>Technical characteristics<br \/>\n-Heating: central heating on the ground floor and in the basement<br \/>\n-Hot water: provided by separate boilers per level<br \/>\n-The heating on the first floor is waiting for the new owner<\/p>\n<p>Usage possibilities<\/p>\n<p>The property is currently operating as a multi-star apartment, which the new owner can retain and continue to operate. The property has the capacity to accommodate:<br \/>\n-use as a permanent family home<br \/>\n-utilisation as a rabbit hutch<br \/>\n-investment in apartment building, multi-family property<br \/>\n-multigenerational family living together in comfort<\/p>\n<p>Location<\/p>\n<p>Balatonsz\u00e1rsz\u00f3 is a popular settlement on the southern shore of Lake Balaton, offering a peaceful environment and excellent infrastructure. The village has a kindergarten, school, shops and shopping facilities for everyday convenience. The railway station and the M7 motorway provide quick and easy access to Budapest and the surrounding cities.<\/p>\n<p>Purchase price<\/p>\n<p>474.999 EUR (depending on exchange rate) or 184.999.999 HUF<\/p>\n<p>This property is a unique opportunity for those who are looking for a multifunctional, ready to use, investment house near Lake Balaton.<\/p>\n<p>For further information and viewing please contact me.<\/p>","protected":false},"excerpt":{"rendered":"<div class=\"listing-property justify-content-around col col-print d-flex flex-column text-center border-end border-1 border-gray-100 px-3\"><span class=\"fw-bold fs-4\">286 m2<\/span><\/div>\n<div class=\"listing-property justify-content-around col col-print d-flex flex-column text-center border-end border-1 border-gray-100 px-3\"><\/div>","protected":false},"featured_media":2142,"comment_status":"closed","ping_status":"closed","template":"","meta":{"_et_pb_use_builder":"","_et_pb_old_content":"","_et_gb_content_width":"","inline_featured_image":false},"product_brand":[],"product_cat":[21],"product_tag":[],"class_list":{"0":"post-2140","1":"product","2":"type-product","3":"status-publish","4":"has-post-thumbnail","6":"product_cat-elado-ingatlanok","8":"first","9":"instock","10":"shipping-taxable","11":"purchasable","12":"product-type-simple"},"yoast_head":"<!-- This site is optimized with the Yoast SEO plugin v25.7 - https:\/\/yoast.com\/wordpress\/plugins\/seo\/ -->\n<title>286 m2 Elad\u00f3 fel\u00faj\u00edtott, 3 szintes csal\u00e1di h\u00e1z Balatonsz\u00e1rsz\u00f3n, apartmanlehet\u0151s\u00e9ggel - Dream House Kirilla<\/title>\n<meta name=\"description\" content=\"Elad\u00f3 fel\u00faj\u00edtott, 3 szintes csal\u00e1di h\u00e1z Balatonsz\u00e1rsz\u00f3n, 286 m\u00b2 lak\u00f3t\u00e9rrel \u00e9s 700 m\u00b2 telekkel. Minden szint \u00f6n\u00e1ll\u00f3 lak\u00f3egys\u00e9gk\u00e9nt funkcion\u00e1l, ide\u00e1lis t\u00f6bbgener\u00e1ci\u00f3s csal\u00e1dnak vagy apartmanhasznos\u00edt\u00e1sra. Kiv\u00e1l\u00f3 infrastrukt\u00fara, k\u00f6zel a Balatonhoz.\" \/>\n<meta name=\"robots\" content=\"index, follow, max-snippet:-1, max-image-preview:large, max-video-preview:-1\" \/>\n<link rel=\"canonical\" href=\"https:\/\/dreamhousekirilla.hu\/en\/product\/elado-3-storey-house-in-balatonszarszon-with-apartment-for-rent\/\" \/>\n<meta property=\"og:locale\" content=\"en_US\" \/>\n<meta property=\"og:type\" content=\"article\" \/>\n<meta property=\"og:title\" content=\"286 m2 Elad\u00f3 fel\u00faj\u00edtott, 3 szintes csal\u00e1di h\u00e1z Balatonsz\u00e1rsz\u00f3n, apartmanlehet\u0151s\u00e9ggel - Dream House Kirilla\" \/>\n<meta property=\"og:description\" content=\"Elad\u00f3 fel\u00faj\u00edtott, 3 szintes csal\u00e1di h\u00e1z Balatonsz\u00e1rsz\u00f3n, 286 m\u00b2 lak\u00f3t\u00e9rrel \u00e9s 700 m\u00b2 telekkel. Minden szint \u00f6n\u00e1ll\u00f3 lak\u00f3egys\u00e9gk\u00e9nt funkcion\u00e1l, ide\u00e1lis t\u00f6bbgener\u00e1ci\u00f3s csal\u00e1dnak vagy apartmanhasznos\u00edt\u00e1sra. Kiv\u00e1l\u00f3 infrastrukt\u00fara, k\u00f6zel a Balatonhoz.\" \/>\n<meta property=\"og:url\" content=\"https:\/\/dreamhousekirilla.hu\/en\/product\/elado-3-storey-house-in-balatonszarszon-with-apartment-for-rent\/\" \/>\n<meta property=\"og:site_name\" content=\"Dream House Kirilla\" \/>\n<meta property=\"article:modified_time\" content=\"2025-09-18T17:59:41+00:00\" \/>\n<meta property=\"og:image\" content=\"https:\/\/dreamhousekirilla.hu\/wp-content\/uploads\/2025\/09\/IMG_5097-scaled.jpeg\" \/>\n\t<meta property=\"og:image:width\" content=\"2560\" \/>\n\t<meta property=\"og:image:height\" content=\"1920\" \/>\n\t<meta property=\"og:image:type\" content=\"image\/jpeg\" \/>\n<meta name=\"twitter:card\" content=\"summary_large_image\" \/>\n<meta name=\"twitter:label1\" content=\"Est. reading time\" \/>\n\t<meta name=\"twitter:data1\" content=\"2 minutes\" \/>\n<script type=\"application\/ld+json\" class=\"yoast-schema-graph\">{\"@context\":\"https:\/\/schema.org\",\"@graph\":[{\"@type\":\"WebPage\",\"@id\":\"https:\/\/dreamhousekirilla.hu\/termek\/elado-felujitott-3-szintes-csaladi-haz-balatonszarszon-apartmanlehetoseggel\/\",\"url\":\"https:\/\/dreamhousekirilla.hu\/termek\/elado-felujitott-3-szintes-csaladi-haz-balatonszarszon-apartmanlehetoseggel\/\",\"name\":\"286 m2 Elad\u00f3 fel\u00faj\u00edtott, 3 szintes csal\u00e1di h\u00e1z Balatonsz\u00e1rsz\u00f3n, apartmanlehet\u0151s\u00e9ggel - Dream House Kirilla\",\"isPartOf\":{\"@id\":\"https:\/\/dreamhousekirilla.hu\/#website\"},\"primaryImageOfPage\":{\"@id\":\"https:\/\/dreamhousekirilla.hu\/termek\/elado-felujitott-3-szintes-csaladi-haz-balatonszarszon-apartmanlehetoseggel\/#primaryimage\"},\"image\":{\"@id\":\"https:\/\/dreamhousekirilla.hu\/termek\/elado-felujitott-3-szintes-csaladi-haz-balatonszarszon-apartmanlehetoseggel\/#primaryimage\"},\"thumbnailUrl\":\"https:\/\/dreamhousekirilla.hu\/wp-content\/uploads\/2025\/09\/IMG_5097-scaled.jpeg\",\"datePublished\":\"2025-09-18T17:46:55+00:00\",\"dateModified\":\"2025-09-18T17:59:41+00:00\",\"description\":\"Elad\u00f3 fel\u00faj\u00edtott, 3 szintes csal\u00e1di h\u00e1z Balatonsz\u00e1rsz\u00f3n, 286 m\u00b2 lak\u00f3t\u00e9rrel \u00e9s 700 m\u00b2 telekkel. Minden szint \u00f6n\u00e1ll\u00f3 lak\u00f3egys\u00e9gk\u00e9nt funkcion\u00e1l, ide\u00e1lis t\u00f6bbgener\u00e1ci\u00f3s csal\u00e1dnak vagy apartmanhasznos\u00edt\u00e1sra. Kiv\u00e1l\u00f3 infrastrukt\u00fara, k\u00f6zel a Balatonhoz.\",\"breadcrumb\":{\"@id\":\"https:\/\/dreamhousekirilla.hu\/termek\/elado-felujitott-3-szintes-csaladi-haz-balatonszarszon-apartmanlehetoseggel\/#breadcrumb\"},\"inLanguage\":\"en-US\",\"potentialAction\":[{\"@type\":\"ReadAction\",\"target\":[\"https:\/\/dreamhousekirilla.hu\/termek\/elado-felujitott-3-szintes-csaladi-haz-balatonszarszon-apartmanlehetoseggel\/\"]}]},{\"@type\":\"ImageObject\",\"inLanguage\":\"en-US\",\"@id\":\"https:\/\/dreamhousekirilla.hu\/termek\/elado-felujitott-3-szintes-csaladi-haz-balatonszarszon-apartmanlehetoseggel\/#primaryimage\",\"url\":\"https:\/\/dreamhousekirilla.hu\/wp-content\/uploads\/2025\/09\/IMG_5097-scaled.jpeg\",\"contentUrl\":\"https:\/\/dreamhousekirilla.hu\/wp-content\/uploads\/2025\/09\/IMG_5097-scaled.jpeg\",\"width\":2560,\"height\":1920},{\"@type\":\"BreadcrumbList\",\"@id\":\"https:\/\/dreamhousekirilla.hu\/termek\/elado-felujitott-3-szintes-csaladi-haz-balatonszarszon-apartmanlehetoseggel\/#breadcrumb\",\"itemListElement\":[{\"@type\":\"ListItem\",\"position\":1,\"name\":\"Kezd\u0151lap\",\"item\":\"https:\/\/dreamhousekirilla.hu\/\"},{\"@type\":\"ListItem\",\"position\":2,\"name\":\"Shop\",\"item\":\"https:\/\/dreamhousekirilla.hu\/uzlet\/\"},{\"@type\":\"ListItem\",\"position\":3,\"name\":\"286 m2 Elad\u00f3 fel\u00faj\u00edtott, 3 szintes csal\u00e1di h\u00e1z Balatonsz\u00e1rsz\u00f3n, apartmanlehet\u0151s\u00e9ggel\"}]},{\"@type\":\"WebSite\",\"@id\":\"https:\/\/dreamhousekirilla.hu\/#website\",\"url\":\"https:\/\/dreamhousekirilla.hu\/\",\"name\":\"Dream House Kirilla\",\"description\":\"Real Estate Agency\",\"publisher\":{\"@id\":\"https:\/\/dreamhousekirilla.hu\/#organization\"},\"potentialAction\":[{\"@type\":\"SearchAction\",\"target\":{\"@type\":\"EntryPoint\",\"urlTemplate\":\"https:\/\/dreamhousekirilla.hu\/?s={search_term_string}\"},\"query-input\":{\"@type\":\"PropertyValueSpecification\",\"valueRequired\":true,\"valueName\":\"search_term_string\"}}],\"inLanguage\":\"en-US\"},{\"@type\":\"Organization\",\"@id\":\"https:\/\/dreamhousekirilla.hu\/#organization\",\"name\":\"Dream House Kirilla - real estate agency\",\"url\":\"https:\/\/dreamhousekirilla.hu\/\",\"logo\":{\"@type\":\"ImageObject\",\"inLanguage\":\"en-US\",\"@id\":\"https:\/\/dreamhousekirilla.hu\/#\/schema\/logo\/image\/\",\"url\":\"https:\/\/dreamhousekirilla.hu\/wp-content\/uploads\/2025\/07\/Logo-allitott-zold.jpg\",\"contentUrl\":\"https:\/\/dreamhousekirilla.hu\/wp-content\/uploads\/2025\/07\/Logo-allitott-zold.jpg\",\"width\":596,\"height\":275,\"caption\":\"Dream House Kirilla - real estate agency\"},\"image\":{\"@id\":\"https:\/\/dreamhousekirilla.hu\/#\/schema\/logo\/image\/\"}}]}<\/script>\n<!-- \/ Yoast SEO plugin. -->","yoast_head_json":{"title":"286 m2 Renovated, 3-storey family house for sale in Balatonsz\u00e1rszo, with apartment possibility - Dream House Kirilla","description":"For sale renovated, 3-storey family house in Balatonsz\u00e1rsz\u00f3, 286 m\u00b2 living space and 700 m\u00b2 plot. Each level functions as a separate living unit, ideal for multi-generational family or apartment use. Excellent infrastructure, close to Lake Balaton.","robots":{"index":"index","follow":"follow","max-snippet":"max-snippet:-1","max-image-preview":"max-image-preview:large","max-video-preview":"max-video-preview:-1"},"canonical":"https:\/\/dreamhousekirilla.hu\/en\/product\/elado-3-storey-house-in-balatonszarszon-with-apartment-for-rent\/","og_locale":"en_US","og_type":"article","og_title":"286 m2 Elad\u00f3 fel\u00faj\u00edtott, 3 szintes csal\u00e1di h\u00e1z Balatonsz\u00e1rsz\u00f3n, apartmanlehet\u0151s\u00e9ggel - Dream House Kirilla","og_description":"Elad\u00f3 fel\u00faj\u00edtott, 3 szintes csal\u00e1di h\u00e1z Balatonsz\u00e1rsz\u00f3n, 286 m\u00b2 lak\u00f3t\u00e9rrel \u00e9s 700 m\u00b2 telekkel. Minden szint \u00f6n\u00e1ll\u00f3 lak\u00f3egys\u00e9gk\u00e9nt funkcion\u00e1l, ide\u00e1lis t\u00f6bbgener\u00e1ci\u00f3s csal\u00e1dnak vagy apartmanhasznos\u00edt\u00e1sra. Kiv\u00e1l\u00f3 infrastrukt\u00fara, k\u00f6zel a Balatonhoz.","og_url":"https:\/\/dreamhousekirilla.hu\/en\/product\/elado-3-storey-house-in-balatonszarszon-with-apartment-for-rent\/","og_site_name":"Dream House Kirilla","article_modified_time":"2025-09-18T17:59:41+00:00","og_image":[{"width":2560,"height":1920,"url":"https:\/\/dreamhousekirilla.hu\/wp-content\/uploads\/2025\/09\/IMG_5097-scaled.jpeg","type":"image\/jpeg"}],"twitter_card":"summary_large_image","twitter_misc":{"Est. reading time":"2 minutes"},"schema":{"@context":"https:\/\/schema.org","@graph":[{"@type":"WebPage","@id":"https:\/\/dreamhousekirilla.hu\/termek\/elado-felujitott-3-szintes-csaladi-haz-balatonszarszon-apartmanlehetoseggel\/","url":"https:\/\/dreamhousekirilla.hu\/termek\/elado-felujitott-3-szintes-csaladi-haz-balatonszarszon-apartmanlehetoseggel\/","name":"286 m2 Renovated, 3-storey family house for sale in Balatonsz\u00e1rszo, with apartment possibility - Dream House Kirilla","isPartOf":{"@id":"https:\/\/dreamhousekirilla.hu\/#website"},"primaryImageOfPage":{"@id":"https:\/\/dreamhousekirilla.hu\/termek\/elado-felujitott-3-szintes-csaladi-haz-balatonszarszon-apartmanlehetoseggel\/#primaryimage"},"image":{"@id":"https:\/\/dreamhousekirilla.hu\/termek\/elado-felujitott-3-szintes-csaladi-haz-balatonszarszon-apartmanlehetoseggel\/#primaryimage"},"thumbnailUrl":"https:\/\/dreamhousekirilla.hu\/wp-content\/uploads\/2025\/09\/IMG_5097-scaled.jpeg","datePublished":"2025-09-18T17:46:55+00:00","dateModified":"2025-09-18T17:59:41+00:00","description":"For sale renovated, 3-storey family house in Balatonsz\u00e1rsz\u00f3, 286 m\u00b2 living space and 700 m\u00b2 plot. Each level functions as a separate living unit, ideal for multi-generational family or apartment use. Excellent infrastructure, close to Lake Balaton.","breadcrumb":{"@id":"https:\/\/dreamhousekirilla.hu\/termek\/elado-felujitott-3-szintes-csaladi-haz-balatonszarszon-apartmanlehetoseggel\/#breadcrumb"},"inLanguage":"en-US","potentialAction":[{"@type":"ReadAction","target":["https:\/\/dreamhousekirilla.hu\/termek\/elado-felujitott-3-szintes-csaladi-haz-balatonszarszon-apartmanlehetoseggel\/"]}]},{"@type":"ImageObject","inLanguage":"en-US","@id":"https:\/\/dreamhousekirilla.hu\/termek\/elado-felujitott-3-szintes-csaladi-haz-balatonszarszon-apartmanlehetoseggel\/#primaryimage","url":"https:\/\/dreamhousekirilla.hu\/wp-content\/uploads\/2025\/09\/IMG_5097-scaled.jpeg","contentUrl":"https:\/\/dreamhousekirilla.hu\/wp-content\/uploads\/2025\/09\/IMG_5097-scaled.jpeg","width":2560,"height":1920},{"@type":"BreadcrumbList","@id":"https:\/\/dreamhousekirilla.hu\/termek\/elado-felujitott-3-szintes-csaladi-haz-balatonszarszon-apartmanlehetoseggel\/#breadcrumb","itemListElement":[{"@type":"ListItem","position":1,"name":"Kezd\u0151lap","item":"https:\/\/dreamhousekirilla.hu\/"},{"@type":"ListItem","position":2,"name":"Shop","item":"https:\/\/dreamhousekirilla.hu\/uzlet\/"},{"@type":"ListItem","position":3,"name":"286 m2 Elad\u00f3 fel\u00faj\u00edtott, 3 szintes csal\u00e1di h\u00e1z Balatonsz\u00e1rsz\u00f3n, apartmanlehet\u0151s\u00e9ggel"}]},{"@type":"WebSite","@id":"https:\/\/dreamhousekirilla.hu\/#website","url":"https:\/\/dreamhousekirilla.hu\/","name":"Dream House Kirilla","description":"Real Estate Agency","publisher":{"@id":"https:\/\/dreamhousekirilla.hu\/#organization"},"potentialAction":[{"@type":"SearchAction","target":{"@type":"EntryPoint","urlTemplate":"https:\/\/dreamhousekirilla.hu\/?s={search_term_string}"},"query-input":{"@type":"PropertyValueSpecification","valueRequired":true,"valueName":"search_term_string"}}],"inLanguage":"en-US"},{"@type":"Organization","@id":"https:\/\/dreamhousekirilla.hu\/#organization","name":"Dream House Kirilla - real estate agency","url":"https:\/\/dreamhousekirilla.hu\/","logo":{"@type":"ImageObject","inLanguage":"en-US","@id":"https:\/\/dreamhousekirilla.hu\/#\/schema\/logo\/image\/","url":"https:\/\/dreamhousekirilla.hu\/wp-content\/uploads\/2025\/07\/Logo-allitott-zold.jpg","contentUrl":"https:\/\/dreamhousekirilla.hu\/wp-content\/uploads\/2025\/07\/Logo-allitott-zold.jpg","width":596,"height":275,"caption":"Dream House Kirilla - real estate agency"},"image":{"@id":"https:\/\/dreamhousekirilla.hu\/#\/schema\/logo\/image\/"}}]}},"_links":{"self":[{"href":"https:\/\/dreamhousekirilla.hu\/en\/wp-json\/wp\/v2\/product\/2140","targetHints":{"allow":["GET"]}}],"collection":[{"href":"https:\/\/dreamhousekirilla.hu\/en\/wp-json\/wp\/v2\/product"}],"about":[{"href":"https:\/\/dreamhousekirilla.hu\/en\/wp-json\/wp\/v2\/types\/product"}],"replies":[{"embeddable":true,"href":"https:\/\/dreamhousekirilla.hu\/en\/wp-json\/wp\/v2\/comments?post=2140"}],"wp:featuredmedia":[{"embeddable":true,"href":"https:\/\/dreamhousekirilla.hu\/en\/wp-json\/wp\/v2\/media\/2142"}],"wp:attachment":[{"href":"https:\/\/dreamhousekirilla.hu\/en\/wp-json\/wp\/v2\/media?parent=2140"}],"wp:term":[{"taxonomy":"product_brand","embeddable":true,"href":"https:\/\/dreamhousekirilla.hu\/en\/wp-json\/wp\/v2\/product_brand?post=2140"},{"taxonomy":"product_cat","embeddable":true,"href":"https:\/\/dreamhousekirilla.hu\/en\/wp-json\/wp\/v2\/product_cat?post=2140"},{"taxonomy":"product_tag","embeddable":true,"href":"https:\/\/dreamhousekirilla.hu\/en\/wp-json\/wp\/v2\/product_tag?post=2140"}],"curies":[{"name":"wp","href":"https:\/\/api.w.org\/{rel}","templated":true}]}}