{"id":2230,"date":"2025-10-10T11:54:40","date_gmt":"2025-10-10T09:54:40","guid":{"rendered":"https:\/\/dreamhousekirilla.hu\/?post_type=product&#038;p=2230"},"modified":"2025-10-10T12:05:53","modified_gmt":"2025-10-10T10:05:53","slug":"hangulatos-gazdasagi-lakohaz-elado-zalacsany-oreghegyen-nagy-telekkel-es-panoramas-kilatassal","status":"publish","type":"product","link":"https:\/\/dreamhousekirilla.hu\/en\/product\/hangulatos-gazdasagi-lakohaz-elado-zalacsany-oreghegyen-nagy-telekkel-es-panoramas-kilatassal\/","title":{"rendered":"<b>130 m2<\/b> <br>Zalacs\u00e1ny \u2013 \u00d6reghegy: Hangulatos gazdas\u00e1gi lak\u00f3h\u00e1z elad\u00f3 nagy, gondozott telekkel \u00e9s gy\u00f6ny\u00f6r\u0171 panor\u00e1m\u00e1val"},"content":{"rendered":"<p class=\"p1\">Zalacs\u00e1ny \u2013 \u00d6reghegy: Hangulatos gazdas\u00e1gi lak\u00f3h\u00e1z elad\u00f3 nagy, gondozott telekkel \u00e9s gy\u00f6ny\u00f6r\u0171 panor\u00e1m\u00e1val<\/p>\n<p>Zalacs\u00e1ny csendes, fest\u0151i \u00f6reghegyi r\u00e9sz\u00e9n elad\u00e1sra k\u00edn\u00e1lunk egy kiv\u00e1l\u00f3 \u00e1llapotban l\u00e9v\u0151 gazdas\u00e1gi lak\u00f3h\u00e1zat.<br \/>\nAz ingatlan \u00f6sszesen kb. 130 m\u00b2 alapter\u00fclet\u0171, \u00e9s egy 9 300 m\u00b2-es, gondosan karbantartott telken helyezkedik el, melyhez egy nagy, bolt\u00edves borospince is tartozik.<\/p>\n<p>A telek egyed\u00fcl\u00e1ll\u00f3 panor\u00e1m\u00e1val rendelkezik a k\u00f6rnyez\u0151 t\u00e1jra, amely minden \u00e9vszakban leny\u0171g\u00f6z\u0151 l\u00e1tv\u00e1nyt ny\u00fajt.<br \/>\nA birtokon egy \u00faj mell\u00e9k\u00e9p\u00fclet is \u00e9p\u00fcl, amely szint\u00e9n gy\u00f6ny\u00f6r\u0171 kil\u00e1t\u00e1ssal rendelkezik. Az \u00faj tulajdonos saj\u00e1t ig\u00e9nye szerint d\u00f6ntheti el, hogy gar\u00e1zsk\u00e9nt, kerti h\u00e1zk\u00e9nt vagy fedett ki\u00fcl\u0151k\u00e9nt szeretn\u00e9 hasznos\u00edtani.<\/p>\n<p>A teljes ter\u00fclet villanyp\u00e1sztorral k\u00f6rbeker\u00edtett, \u00e9s sz\u00e1mos sz\u0151l\u0151- valamint gy\u00fcm\u00f6lcsfajta tal\u00e1lhat\u00f3 rajta, ami ide\u00e1liss\u00e1 teszi az ingatlant \u00e1llattart\u00e1sra \u2013 ak\u00e1r lovak sz\u00e1m\u00e1ra is kiv\u00e1l\u00f3an alkalmas.<\/p>\n<p>A f\u0151\u00e9p\u00fclet helyis\u00e9gei:<br \/>\n\u2022konyha<br \/>\n\u2022\u00e9tkez\u0151<br \/>\n\u2022nappali<br \/>\n\u2022h\u00e1l\u00f3szoba<br \/>\n\u2022zuhanyz\u00f3s f\u00fcrd\u0151szoba<\/p>\n<p>A f\u0171t\u00e9st k\u00e1lyha \u00e9s norv\u00e9g f\u0171t\u0151panelek biztos\u00edtj\u00e1k, a meleg vizet pedig elektromos bojler szolg\u00e1ltatja. Az \u00e9p\u00fcletben villany bek\u00f6tve, tov\u00e1bb\u00e1 rendelkez\u00e9sre \u00e1ll egy 1000 literes es\u0151v\u00edzgy\u0171jt\u0151 tart\u00e1ly, egy \u00fajonnan kialak\u00edtott f\u00fart k\u00fat, valamint Wi-Fi \u00e9s TV-csatlakoz\u00e1s is.<\/p>\n<p>Az ingatlan k\u00f6nnyen megk\u00f6zel\u00edthet\u0151, nyugodt, term\u00e9szetk\u00f6zeli k\u00f6rnyezetben fekszik, ugyanakkor k\u00f6zel tal\u00e1lhat\u00f3 minden fontos szolg\u00e1ltat\u00e1s \u00e9s kedvelt f\u00fcrd\u0151hely:<br \/>\n\u2022Kehidai Term\u00e1lf\u00fcrd\u0151: 5,8 km<br \/>\n\u2022H\u00e9v\u00edzi T\u00f3f\u00fcrd\u0151: 12,8 km<br \/>\n\u2022Balaton (Plattensee): 19,5 km<\/p>\n<p>A telek m\u0171vel\u00e9s al\u00f3l nem kivont z\u00e1rtkert, ez\u00e9rt kif\u00fcggeszt\u00e9s k\u00f6teles.<\/p>\n<p>Ez az ingatlan ide\u00e1lis v\u00e1laszt\u00e1s mindazok sz\u00e1m\u00e1ra, akik t\u00e1gas, nyugodt, term\u00e9szetk\u00f6zeli otthont keresnek \u2013 ak\u00e1r hobbigazdas\u00e1gk\u00e9nt, vid\u00e9ki lakhelyk\u00e9nt vagy nyugodt mened\u00e9kk\u00e9nt a mindennapokb\u00f3l.<\/p>\n<p>Ir\u00e1ny\u00e1r: 227.999 EUR (\u00e1rfolyamf\u00fcgg\u0151) vagy 88.999.999 HUF<\/p>","protected":false},"excerpt":{"rendered":"<div class=\"listing-property justify-content-around col col-print d-flex flex-column text-center border-end border-1 border-gray-100 px-3\"><span class=\"fw-bold fs-4\">130 m2<\/span><\/div>\n<div class=\"listing-property justify-content-around col col-print d-flex flex-column text-center border-end border-1 border-gray-100 px-3\"><\/div>","protected":false},"featured_media":2231,"comment_status":"closed","ping_status":"closed","template":"","meta":{"_et_pb_use_builder":"","_et_pb_old_content":"","_et_gb_content_width":"","inline_featured_image":false},"product_brand":[],"product_cat":[21],"product_tag":[],"class_list":{"0":"post-2230","1":"product","2":"type-product","3":"status-publish","4":"has-post-thumbnail","6":"product_cat-elado-ingatlanok","8":"first","9":"instock","10":"shipping-taxable","11":"purchasable","12":"product-type-simple"},"yoast_head":"<!-- This site is optimized with the Yoast SEO plugin v25.7 - https:\/\/yoast.com\/wordpress\/plugins\/seo\/ -->\n<title>130 m2 Zalacs\u00e1ny \u2013 \u00d6reghegy: Hangulatos gazdas\u00e1gi lak\u00f3h\u00e1z elad\u00f3 nagy, gondozott telekkel \u00e9s gy\u00f6ny\u00f6r\u0171 panor\u00e1m\u00e1val - Dream House Kirilla<\/title>\n<meta name=\"description\" content=\"Elad\u00f3 egy hangulatos, kiv\u00e1l\u00f3 \u00e1llapot\u00fa gazdas\u00e1gi lak\u00f3h\u00e1z Zalacs\u00e1ny\u2013\u00d6reghegy fest\u0151i r\u00e9sz\u00e9n, 9.300 m\u00b2-es gondozott telekkel \u00e9s leny\u0171g\u00f6z\u0151 panor\u00e1m\u00e1val. A birtokon borospince, \u00faj mell\u00e9k\u00e9p\u00fclet, sz\u0151l\u0151 \u00e9s gy\u00fcm\u00f6lcs\u00f6s is tal\u00e1lhat\u00f3. Ide\u00e1lis v\u00e1laszt\u00e1s term\u00e9szetk\u00f6zeli otthont, hobbigazdas\u00e1got vagy vid\u00e9ki nyugalmat keres\u0151knek.\" \/>\n<meta name=\"robots\" content=\"index, follow, max-snippet:-1, max-image-preview:large, max-video-preview:-1\" \/>\n<link rel=\"canonical\" href=\"https:\/\/dreamhousekirilla.hu\/en\/product\/hangulatos-gazdasagi-lakohaz-elado-zalacsany-oreghegyen-nagy-telekkel-es-panoramas-kilatassal\/\" \/>\n<meta property=\"og:locale\" content=\"en_US\" \/>\n<meta property=\"og:type\" content=\"article\" \/>\n<meta property=\"og:title\" content=\"130 m2 Zalacs\u00e1ny \u2013 \u00d6reghegy: Hangulatos gazdas\u00e1gi lak\u00f3h\u00e1z elad\u00f3 nagy, gondozott telekkel \u00e9s gy\u00f6ny\u00f6r\u0171 panor\u00e1m\u00e1val - Dream House Kirilla\" \/>\n<meta property=\"og:description\" content=\"Elad\u00f3 egy hangulatos, kiv\u00e1l\u00f3 \u00e1llapot\u00fa gazdas\u00e1gi lak\u00f3h\u00e1z Zalacs\u00e1ny\u2013\u00d6reghegy fest\u0151i r\u00e9sz\u00e9n, 9.300 m\u00b2-es gondozott telekkel \u00e9s leny\u0171g\u00f6z\u0151 panor\u00e1m\u00e1val. A birtokon borospince, \u00faj mell\u00e9k\u00e9p\u00fclet, sz\u0151l\u0151 \u00e9s gy\u00fcm\u00f6lcs\u00f6s is tal\u00e1lhat\u00f3. Ide\u00e1lis v\u00e1laszt\u00e1s term\u00e9szetk\u00f6zeli otthont, hobbigazdas\u00e1got vagy vid\u00e9ki nyugalmat keres\u0151knek.\" \/>\n<meta property=\"og:url\" content=\"https:\/\/dreamhousekirilla.hu\/en\/product\/hangulatos-gazdasagi-lakohaz-elado-zalacsany-oreghegyen-nagy-telekkel-es-panoramas-kilatassal\/\" \/>\n<meta property=\"og:site_name\" content=\"Dream House Kirilla\" \/>\n<meta property=\"article:modified_time\" content=\"2025-10-10T10:05:53+00:00\" \/>\n<meta property=\"og:image\" content=\"https:\/\/dreamhousekirilla.hu\/wp-content\/uploads\/2025\/10\/IMG_5886-scaled.jpeg\" \/>\n\t<meta property=\"og:image:width\" content=\"2560\" \/>\n\t<meta property=\"og:image:height\" content=\"1920\" \/>\n\t<meta property=\"og:image:type\" content=\"image\/jpeg\" \/>\n<meta name=\"twitter:card\" content=\"summary_large_image\" \/>\n<meta name=\"twitter:label1\" content=\"Est. reading time\" \/>\n\t<meta name=\"twitter:data1\" content=\"2 minutes\" \/>\n<script type=\"application\/ld+json\" class=\"yoast-schema-graph\">{\"@context\":\"https:\/\/schema.org\",\"@graph\":[{\"@type\":\"WebPage\",\"@id\":\"https:\/\/dreamhousekirilla.hu\/termek\/hangulatos-gazdasagi-lakohaz-elado-zalacsany-oreghegyen-nagy-telekkel-es-panoramas-kilatassal\/\",\"url\":\"https:\/\/dreamhousekirilla.hu\/termek\/hangulatos-gazdasagi-lakohaz-elado-zalacsany-oreghegyen-nagy-telekkel-es-panoramas-kilatassal\/\",\"name\":\"130 m2 Zalacs\u00e1ny \u2013 \u00d6reghegy: Hangulatos gazdas\u00e1gi lak\u00f3h\u00e1z elad\u00f3 nagy, gondozott telekkel \u00e9s gy\u00f6ny\u00f6r\u0171 panor\u00e1m\u00e1val - Dream House Kirilla\",\"isPartOf\":{\"@id\":\"https:\/\/dreamhousekirilla.hu\/#website\"},\"primaryImageOfPage\":{\"@id\":\"https:\/\/dreamhousekirilla.hu\/termek\/hangulatos-gazdasagi-lakohaz-elado-zalacsany-oreghegyen-nagy-telekkel-es-panoramas-kilatassal\/#primaryimage\"},\"image\":{\"@id\":\"https:\/\/dreamhousekirilla.hu\/termek\/hangulatos-gazdasagi-lakohaz-elado-zalacsany-oreghegyen-nagy-telekkel-es-panoramas-kilatassal\/#primaryimage\"},\"thumbnailUrl\":\"https:\/\/dreamhousekirilla.hu\/wp-content\/uploads\/2025\/10\/IMG_5886-scaled.jpeg\",\"datePublished\":\"2025-10-10T09:54:40+00:00\",\"dateModified\":\"2025-10-10T10:05:53+00:00\",\"description\":\"Elad\u00f3 egy hangulatos, kiv\u00e1l\u00f3 \u00e1llapot\u00fa gazdas\u00e1gi lak\u00f3h\u00e1z Zalacs\u00e1ny\u2013\u00d6reghegy fest\u0151i r\u00e9sz\u00e9n, 9.300 m\u00b2-es gondozott telekkel \u00e9s leny\u0171g\u00f6z\u0151 panor\u00e1m\u00e1val. A birtokon borospince, \u00faj mell\u00e9k\u00e9p\u00fclet, sz\u0151l\u0151 \u00e9s gy\u00fcm\u00f6lcs\u00f6s is tal\u00e1lhat\u00f3. Ide\u00e1lis v\u00e1laszt\u00e1s term\u00e9szetk\u00f6zeli otthont, hobbigazdas\u00e1got vagy vid\u00e9ki nyugalmat keres\u0151knek.\",\"breadcrumb\":{\"@id\":\"https:\/\/dreamhousekirilla.hu\/termek\/hangulatos-gazdasagi-lakohaz-elado-zalacsany-oreghegyen-nagy-telekkel-es-panoramas-kilatassal\/#breadcrumb\"},\"inLanguage\":\"en-US\",\"potentialAction\":[{\"@type\":\"ReadAction\",\"target\":[\"https:\/\/dreamhousekirilla.hu\/termek\/hangulatos-gazdasagi-lakohaz-elado-zalacsany-oreghegyen-nagy-telekkel-es-panoramas-kilatassal\/\"]}]},{\"@type\":\"ImageObject\",\"inLanguage\":\"en-US\",\"@id\":\"https:\/\/dreamhousekirilla.hu\/termek\/hangulatos-gazdasagi-lakohaz-elado-zalacsany-oreghegyen-nagy-telekkel-es-panoramas-kilatassal\/#primaryimage\",\"url\":\"https:\/\/dreamhousekirilla.hu\/wp-content\/uploads\/2025\/10\/IMG_5886-scaled.jpeg\",\"contentUrl\":\"https:\/\/dreamhousekirilla.hu\/wp-content\/uploads\/2025\/10\/IMG_5886-scaled.jpeg\",\"width\":2560,\"height\":1920},{\"@type\":\"BreadcrumbList\",\"@id\":\"https:\/\/dreamhousekirilla.hu\/termek\/hangulatos-gazdasagi-lakohaz-elado-zalacsany-oreghegyen-nagy-telekkel-es-panoramas-kilatassal\/#breadcrumb\",\"itemListElement\":[{\"@type\":\"ListItem\",\"position\":1,\"name\":\"Kezd\u0151lap\",\"item\":\"https:\/\/dreamhousekirilla.hu\/\"},{\"@type\":\"ListItem\",\"position\":2,\"name\":\"Shop\",\"item\":\"https:\/\/dreamhousekirilla.hu\/uzlet\/\"},{\"@type\":\"ListItem\",\"position\":3,\"name\":\"130 m2 Zalacs\u00e1ny \u2013 \u00d6reghegy: Hangulatos gazdas\u00e1gi lak\u00f3h\u00e1z elad\u00f3 nagy, gondozott telekkel \u00e9s gy\u00f6ny\u00f6r\u0171 panor\u00e1m\u00e1val\"}]},{\"@type\":\"WebSite\",\"@id\":\"https:\/\/dreamhousekirilla.hu\/#website\",\"url\":\"https:\/\/dreamhousekirilla.hu\/\",\"name\":\"Dream House Kirilla\",\"description\":\"Real Estate Agency\",\"publisher\":{\"@id\":\"https:\/\/dreamhousekirilla.hu\/#organization\"},\"potentialAction\":[{\"@type\":\"SearchAction\",\"target\":{\"@type\":\"EntryPoint\",\"urlTemplate\":\"https:\/\/dreamhousekirilla.hu\/?s={search_term_string}\"},\"query-input\":{\"@type\":\"PropertyValueSpecification\",\"valueRequired\":true,\"valueName\":\"search_term_string\"}}],\"inLanguage\":\"en-US\"},{\"@type\":\"Organization\",\"@id\":\"https:\/\/dreamhousekirilla.hu\/#organization\",\"name\":\"Dream House Kirilla - real estate agency\",\"url\":\"https:\/\/dreamhousekirilla.hu\/\",\"logo\":{\"@type\":\"ImageObject\",\"inLanguage\":\"en-US\",\"@id\":\"https:\/\/dreamhousekirilla.hu\/#\/schema\/logo\/image\/\",\"url\":\"https:\/\/dreamhousekirilla.hu\/wp-content\/uploads\/2025\/07\/Logo-allitott-zold.jpg\",\"contentUrl\":\"https:\/\/dreamhousekirilla.hu\/wp-content\/uploads\/2025\/07\/Logo-allitott-zold.jpg\",\"width\":596,\"height\":275,\"caption\":\"Dream House Kirilla - real estate agency\"},\"image\":{\"@id\":\"https:\/\/dreamhousekirilla.hu\/#\/schema\/logo\/image\/\"}}]}<\/script>\n<!-- \/ Yoast SEO plugin. -->","yoast_head_json":{"title":"130 m2 Zalacs\u00e1ny \u2013 \u00d6reghegy: Hangulatos gazdas\u00e1gi lak\u00f3h\u00e1z elad\u00f3 nagy, gondozott telekkel \u00e9s gy\u00f6ny\u00f6r\u0171 panor\u00e1m\u00e1val - Dream House Kirilla","description":"Elad\u00f3 egy hangulatos, kiv\u00e1l\u00f3 \u00e1llapot\u00fa gazdas\u00e1gi lak\u00f3h\u00e1z Zalacs\u00e1ny\u2013\u00d6reghegy fest\u0151i r\u00e9sz\u00e9n, 9.300 m\u00b2-es gondozott telekkel \u00e9s leny\u0171g\u00f6z\u0151 panor\u00e1m\u00e1val. A birtokon borospince, \u00faj mell\u00e9k\u00e9p\u00fclet, sz\u0151l\u0151 \u00e9s gy\u00fcm\u00f6lcs\u00f6s is tal\u00e1lhat\u00f3. Ide\u00e1lis v\u00e1laszt\u00e1s term\u00e9szetk\u00f6zeli otthont, hobbigazdas\u00e1got vagy vid\u00e9ki nyugalmat keres\u0151knek.","robots":{"index":"index","follow":"follow","max-snippet":"max-snippet:-1","max-image-preview":"max-image-preview:large","max-video-preview":"max-video-preview:-1"},"canonical":"https:\/\/dreamhousekirilla.hu\/en\/product\/hangulatos-gazdasagi-lakohaz-elado-zalacsany-oreghegyen-nagy-telekkel-es-panoramas-kilatassal\/","og_locale":"en_US","og_type":"article","og_title":"130 m2 Zalacs\u00e1ny \u2013 \u00d6reghegy: Hangulatos gazdas\u00e1gi lak\u00f3h\u00e1z elad\u00f3 nagy, gondozott telekkel \u00e9s gy\u00f6ny\u00f6r\u0171 panor\u00e1m\u00e1val - Dream House Kirilla","og_description":"Elad\u00f3 egy hangulatos, kiv\u00e1l\u00f3 \u00e1llapot\u00fa gazdas\u00e1gi lak\u00f3h\u00e1z Zalacs\u00e1ny\u2013\u00d6reghegy fest\u0151i r\u00e9sz\u00e9n, 9.300 m\u00b2-es gondozott telekkel \u00e9s leny\u0171g\u00f6z\u0151 panor\u00e1m\u00e1val. A birtokon borospince, \u00faj mell\u00e9k\u00e9p\u00fclet, sz\u0151l\u0151 \u00e9s gy\u00fcm\u00f6lcs\u00f6s is tal\u00e1lhat\u00f3. Ide\u00e1lis v\u00e1laszt\u00e1s term\u00e9szetk\u00f6zeli otthont, hobbigazdas\u00e1got vagy vid\u00e9ki nyugalmat keres\u0151knek.","og_url":"https:\/\/dreamhousekirilla.hu\/en\/product\/hangulatos-gazdasagi-lakohaz-elado-zalacsany-oreghegyen-nagy-telekkel-es-panoramas-kilatassal\/","og_site_name":"Dream House Kirilla","article_modified_time":"2025-10-10T10:05:53+00:00","og_image":[{"width":2560,"height":1920,"url":"https:\/\/dreamhousekirilla.hu\/wp-content\/uploads\/2025\/10\/IMG_5886-scaled.jpeg","type":"image\/jpeg"}],"twitter_card":"summary_large_image","twitter_misc":{"Est. reading time":"2 minutes"},"schema":{"@context":"https:\/\/schema.org","@graph":[{"@type":"WebPage","@id":"https:\/\/dreamhousekirilla.hu\/termek\/hangulatos-gazdasagi-lakohaz-elado-zalacsany-oreghegyen-nagy-telekkel-es-panoramas-kilatassal\/","url":"https:\/\/dreamhousekirilla.hu\/termek\/hangulatos-gazdasagi-lakohaz-elado-zalacsany-oreghegyen-nagy-telekkel-es-panoramas-kilatassal\/","name":"130 m2 Zalacs\u00e1ny \u2013 \u00d6reghegy: Hangulatos gazdas\u00e1gi lak\u00f3h\u00e1z elad\u00f3 nagy, gondozott telekkel \u00e9s gy\u00f6ny\u00f6r\u0171 panor\u00e1m\u00e1val - Dream House Kirilla","isPartOf":{"@id":"https:\/\/dreamhousekirilla.hu\/#website"},"primaryImageOfPage":{"@id":"https:\/\/dreamhousekirilla.hu\/termek\/hangulatos-gazdasagi-lakohaz-elado-zalacsany-oreghegyen-nagy-telekkel-es-panoramas-kilatassal\/#primaryimage"},"image":{"@id":"https:\/\/dreamhousekirilla.hu\/termek\/hangulatos-gazdasagi-lakohaz-elado-zalacsany-oreghegyen-nagy-telekkel-es-panoramas-kilatassal\/#primaryimage"},"thumbnailUrl":"https:\/\/dreamhousekirilla.hu\/wp-content\/uploads\/2025\/10\/IMG_5886-scaled.jpeg","datePublished":"2025-10-10T09:54:40+00:00","dateModified":"2025-10-10T10:05:53+00:00","description":"Elad\u00f3 egy hangulatos, kiv\u00e1l\u00f3 \u00e1llapot\u00fa gazdas\u00e1gi lak\u00f3h\u00e1z Zalacs\u00e1ny\u2013\u00d6reghegy fest\u0151i r\u00e9sz\u00e9n, 9.300 m\u00b2-es gondozott telekkel \u00e9s leny\u0171g\u00f6z\u0151 panor\u00e1m\u00e1val. A birtokon borospince, \u00faj mell\u00e9k\u00e9p\u00fclet, sz\u0151l\u0151 \u00e9s gy\u00fcm\u00f6lcs\u00f6s is tal\u00e1lhat\u00f3. Ide\u00e1lis v\u00e1laszt\u00e1s term\u00e9szetk\u00f6zeli otthont, hobbigazdas\u00e1got vagy vid\u00e9ki nyugalmat keres\u0151knek.","breadcrumb":{"@id":"https:\/\/dreamhousekirilla.hu\/termek\/hangulatos-gazdasagi-lakohaz-elado-zalacsany-oreghegyen-nagy-telekkel-es-panoramas-kilatassal\/#breadcrumb"},"inLanguage":"en-US","potentialAction":[{"@type":"ReadAction","target":["https:\/\/dreamhousekirilla.hu\/termek\/hangulatos-gazdasagi-lakohaz-elado-zalacsany-oreghegyen-nagy-telekkel-es-panoramas-kilatassal\/"]}]},{"@type":"ImageObject","inLanguage":"en-US","@id":"https:\/\/dreamhousekirilla.hu\/termek\/hangulatos-gazdasagi-lakohaz-elado-zalacsany-oreghegyen-nagy-telekkel-es-panoramas-kilatassal\/#primaryimage","url":"https:\/\/dreamhousekirilla.hu\/wp-content\/uploads\/2025\/10\/IMG_5886-scaled.jpeg","contentUrl":"https:\/\/dreamhousekirilla.hu\/wp-content\/uploads\/2025\/10\/IMG_5886-scaled.jpeg","width":2560,"height":1920},{"@type":"BreadcrumbList","@id":"https:\/\/dreamhousekirilla.hu\/termek\/hangulatos-gazdasagi-lakohaz-elado-zalacsany-oreghegyen-nagy-telekkel-es-panoramas-kilatassal\/#breadcrumb","itemListElement":[{"@type":"ListItem","position":1,"name":"Kezd\u0151lap","item":"https:\/\/dreamhousekirilla.hu\/"},{"@type":"ListItem","position":2,"name":"Shop","item":"https:\/\/dreamhousekirilla.hu\/uzlet\/"},{"@type":"ListItem","position":3,"name":"130 m2 Zalacs\u00e1ny \u2013 \u00d6reghegy: Hangulatos gazdas\u00e1gi lak\u00f3h\u00e1z elad\u00f3 nagy, gondozott telekkel \u00e9s gy\u00f6ny\u00f6r\u0171 panor\u00e1m\u00e1val"}]},{"@type":"WebSite","@id":"https:\/\/dreamhousekirilla.hu\/#website","url":"https:\/\/dreamhousekirilla.hu\/","name":"Dream House Kirilla","description":"Real Estate Agency","publisher":{"@id":"https:\/\/dreamhousekirilla.hu\/#organization"},"potentialAction":[{"@type":"SearchAction","target":{"@type":"EntryPoint","urlTemplate":"https:\/\/dreamhousekirilla.hu\/?s={search_term_string}"},"query-input":{"@type":"PropertyValueSpecification","valueRequired":true,"valueName":"search_term_string"}}],"inLanguage":"en-US"},{"@type":"Organization","@id":"https:\/\/dreamhousekirilla.hu\/#organization","name":"Dream House Kirilla - real estate agency","url":"https:\/\/dreamhousekirilla.hu\/","logo":{"@type":"ImageObject","inLanguage":"en-US","@id":"https:\/\/dreamhousekirilla.hu\/#\/schema\/logo\/image\/","url":"https:\/\/dreamhousekirilla.hu\/wp-content\/uploads\/2025\/07\/Logo-allitott-zold.jpg","contentUrl":"https:\/\/dreamhousekirilla.hu\/wp-content\/uploads\/2025\/07\/Logo-allitott-zold.jpg","width":596,"height":275,"caption":"Dream House Kirilla - real estate agency"},"image":{"@id":"https:\/\/dreamhousekirilla.hu\/#\/schema\/logo\/image\/"}}]}},"_links":{"self":[{"href":"https:\/\/dreamhousekirilla.hu\/en\/wp-json\/wp\/v2\/product\/2230","targetHints":{"allow":["GET"]}}],"collection":[{"href":"https:\/\/dreamhousekirilla.hu\/en\/wp-json\/wp\/v2\/product"}],"about":[{"href":"https:\/\/dreamhousekirilla.hu\/en\/wp-json\/wp\/v2\/types\/product"}],"replies":[{"embeddable":true,"href":"https:\/\/dreamhousekirilla.hu\/en\/wp-json\/wp\/v2\/comments?post=2230"}],"wp:featuredmedia":[{"embeddable":true,"href":"https:\/\/dreamhousekirilla.hu\/en\/wp-json\/wp\/v2\/media\/2231"}],"wp:attachment":[{"href":"https:\/\/dreamhousekirilla.hu\/en\/wp-json\/wp\/v2\/media?parent=2230"}],"wp:term":[{"taxonomy":"product_brand","embeddable":true,"href":"https:\/\/dreamhousekirilla.hu\/en\/wp-json\/wp\/v2\/product_brand?post=2230"},{"taxonomy":"product_cat","embeddable":true,"href":"https:\/\/dreamhousekirilla.hu\/en\/wp-json\/wp\/v2\/product_cat?post=2230"},{"taxonomy":"product_tag","embeddable":true,"href":"https:\/\/dreamhousekirilla.hu\/en\/wp-json\/wp\/v2\/product_tag?post=2230"}],"curies":[{"name":"wp","href":"https:\/\/api.w.org\/{rel}","templated":true}]}}