{"id":873,"date":"2025-07-29T22:38:50","date_gmt":"2025-07-29T20:38:50","guid":{"rendered":"https:\/\/dreamhousekirilla.hu\/?post_type=product&#038;p=873"},"modified":"2025-07-31T15:48:52","modified_gmt":"2025-07-31T13:48:52","slug":"elado-haz-balatonkeresztur","status":"publish","type":"product","link":"https:\/\/dreamhousekirilla.hu\/en\/product\/elado-haz-balatonkeresztur\/","title":{"rendered":"<b>70 m\u00b2<\/b> <br>Renovated, barrier-free estate with forest in Balatonereszt\u00faron"},"content":{"rendered":"<p><span style=\"font-weight: 400;\">We offer for sale in Balatonkereszt\u00faron an excellent condition, fully renovated property with 70 m\u00b2 of living space and 1300 m\u00b2 of land.<\/span><\/p>\n<p><span style=\"font-weight: 400;\">The interior and exterior of the building have been completely renovated in recent years. The roof, the insulation, the windows and the garden have been renewed and are in a well-kept and well-maintained state.<\/span><\/p>\n<p><span style=\"font-weight: 400;\">The house has two bedrooms, a spacious kitchen with a common area, a small laundry room, a pantry and a modern bathroom. The living area and bathroom are accessible, making it easy to use for elderly or disabled people.<\/span><\/p>\n<p><span style=\"font-weight: 400;\">The living area is connected to an Austrian-style cooking-dining room with a special atmosphere, perfect for gatherings of friends or family.<\/span><\/p>\n<p><span style=\"font-weight: 400;\">The property is part of a large garage with workshop, which is directly connected to the main building. To the rear of the house is a covered yet open summer kitchen and a cosy outdoor seating area with plants.<\/span><\/p>\n<p><span style=\"font-weight: 400;\">In the garden there is also an Austrian-style storage building with a cellar underneath with a hidden mechanical door. There are also external outbuildings - a toilet and a urinal.<\/span><\/p>\n<p><span style=\"font-weight: 400;\">The plot is carefully landscaped, with several fruit trees and vegetable gardens. There is also space for a raised car and caravan park and a detached garage.<\/span><\/p>\n<p><span style=\"font-weight: 400;\">A solar panel system on the roof of the warehouse and the carport provides part of the energy supply for the property, as well as hot water for the summer kitchen and outdoor shower.<\/span><\/p>\n<p><span style=\"font-weight: 400;\">The plot behind the garages offers further development potential, and at the end of the garden is a wooden chalet which is connected to the private woodland area of the property.<\/span><\/p>\n<p><span style=\"font-weight: 400;\">The property could be an ideal choice for a permanent home, a holiday home or even a multi-functional family estate.<\/span><\/p>\n<p><span style=\"font-weight: 400;\">For more information, details and pictures, please contact me.<\/span><\/p>\n<p><span style=\"font-weight: 400;\">Purchase price: 207.999 EUR (depending on exchange rate) or 83.499.999 HUF.<\/span><\/p>\n<p><br style=\"font-weight: 400;\" \/><br style=\"font-weight: 400;\" \/><\/p>","protected":false},"excerpt":{"rendered":"<p>70 m\u00b2<\/p>","protected":false},"featured_media":874,"comment_status":"closed","ping_status":"closed","template":"","meta":{"_et_pb_use_builder":"","_et_pb_old_content":"","_et_gb_content_width":"","inline_featured_image":false},"product_brand":[],"product_cat":[21],"product_tag":[],"class_list":{"0":"post-873","1":"product","2":"type-product","3":"status-publish","4":"has-post-thumbnail","6":"product_cat-elado-ingatlanok","8":"first","9":"instock","10":"shipping-taxable","11":"purchasable","12":"product-type-simple"},"yoast_head":"<!-- This site is optimized with the Yoast SEO plugin v25.7 - https:\/\/yoast.com\/wordpress\/plugins\/seo\/ -->\n<title>70 m\u00b2 Fel\u00faj\u00edtott, akad\u00e1lymentes birtok erd\u0151vel Balatonereszt\u00faron - Dream House Kirilla<\/title>\n<meta name=\"description\" content=\"Elad\u00e1sra k\u00edn\u00e1lunk Balatonkereszt\u00faron egy kiv\u00e1l\u00f3 \u00e1llapot\u00fa, teljes k\u00f6r\u0171en fel\u00faj\u00edtott ingatlant, amely 70 m\u00b2-es lak\u00f3ter\u00fclettel \u00e9s 1300 m\u00b2-es telekkel rendelkezik.\" \/>\n<meta name=\"robots\" content=\"index, follow, max-snippet:-1, max-image-preview:large, max-video-preview:-1\" \/>\n<link rel=\"canonical\" href=\"https:\/\/dreamhousekirilla.hu\/en\/product\/elado-haz-balatonkeresztur\/\" \/>\n<meta property=\"og:locale\" content=\"en_US\" \/>\n<meta property=\"og:type\" content=\"article\" \/>\n<meta property=\"og:title\" content=\"70 m\u00b2 Fel\u00faj\u00edtott, akad\u00e1lymentes birtok erd\u0151vel Balatonereszt\u00faron - Dream House Kirilla\" \/>\n<meta property=\"og:description\" content=\"Elad\u00e1sra k\u00edn\u00e1lunk Balatonkereszt\u00faron egy kiv\u00e1l\u00f3 \u00e1llapot\u00fa, teljes k\u00f6r\u0171en fel\u00faj\u00edtott ingatlant, amely 70 m\u00b2-es lak\u00f3ter\u00fclettel \u00e9s 1300 m\u00b2-es telekkel rendelkezik.\" \/>\n<meta property=\"og:url\" content=\"https:\/\/dreamhousekirilla.hu\/en\/product\/elado-haz-balatonkeresztur\/\" \/>\n<meta property=\"og:site_name\" content=\"Dream House Kirilla\" \/>\n<meta property=\"article:modified_time\" content=\"2025-07-31T13:48:52+00:00\" \/>\n<meta property=\"og:image\" content=\"https:\/\/dreamhousekirilla.hu\/wp-content\/uploads\/2025\/07\/IMG_3547.jpeg\" \/>\n\t<meta property=\"og:image:width\" content=\"1700\" \/>\n\t<meta property=\"og:image:height\" content=\"1275\" \/>\n\t<meta property=\"og:image:type\" content=\"image\/jpeg\" \/>\n<meta name=\"twitter:card\" content=\"summary_large_image\" \/>\n<meta name=\"twitter:label1\" content=\"Est. reading time\" \/>\n\t<meta name=\"twitter:data1\" content=\"2 minutes\" \/>\n<script type=\"application\/ld+json\" class=\"yoast-schema-graph\">{\"@context\":\"https:\/\/schema.org\",\"@graph\":[{\"@type\":\"WebPage\",\"@id\":\"https:\/\/dreamhousekirilla.hu\/termek\/elado-haz-balatonkeresztur\/\",\"url\":\"https:\/\/dreamhousekirilla.hu\/termek\/elado-haz-balatonkeresztur\/\",\"name\":\"70 m\u00b2 Fel\u00faj\u00edtott, akad\u00e1lymentes birtok erd\u0151vel Balatonereszt\u00faron - Dream House Kirilla\",\"isPartOf\":{\"@id\":\"https:\/\/dreamhousekirilla.hu\/#website\"},\"primaryImageOfPage\":{\"@id\":\"https:\/\/dreamhousekirilla.hu\/termek\/elado-haz-balatonkeresztur\/#primaryimage\"},\"image\":{\"@id\":\"https:\/\/dreamhousekirilla.hu\/termek\/elado-haz-balatonkeresztur\/#primaryimage\"},\"thumbnailUrl\":\"https:\/\/dreamhousekirilla.hu\/wp-content\/uploads\/2025\/07\/IMG_3547.jpeg\",\"datePublished\":\"2025-07-29T20:38:50+00:00\",\"dateModified\":\"2025-07-31T13:48:52+00:00\",\"description\":\"Elad\u00e1sra k\u00edn\u00e1lunk Balatonkereszt\u00faron egy kiv\u00e1l\u00f3 \u00e1llapot\u00fa, teljes k\u00f6r\u0171en fel\u00faj\u00edtott ingatlant, amely 70 m\u00b2-es lak\u00f3ter\u00fclettel \u00e9s 1300 m\u00b2-es telekkel rendelkezik.\",\"breadcrumb\":{\"@id\":\"https:\/\/dreamhousekirilla.hu\/termek\/elado-haz-balatonkeresztur\/#breadcrumb\"},\"inLanguage\":\"en-US\",\"potentialAction\":[{\"@type\":\"ReadAction\",\"target\":[\"https:\/\/dreamhousekirilla.hu\/termek\/elado-haz-balatonkeresztur\/\"]}]},{\"@type\":\"ImageObject\",\"inLanguage\":\"en-US\",\"@id\":\"https:\/\/dreamhousekirilla.hu\/termek\/elado-haz-balatonkeresztur\/#primaryimage\",\"url\":\"https:\/\/dreamhousekirilla.hu\/wp-content\/uploads\/2025\/07\/IMG_3547.jpeg\",\"contentUrl\":\"https:\/\/dreamhousekirilla.hu\/wp-content\/uploads\/2025\/07\/IMG_3547.jpeg\",\"width\":1700,\"height\":1275,\"caption\":\"Dream House Kirilla - Elad\u00f3 Ingatlanok\"},{\"@type\":\"BreadcrumbList\",\"@id\":\"https:\/\/dreamhousekirilla.hu\/termek\/elado-haz-balatonkeresztur\/#breadcrumb\",\"itemListElement\":[{\"@type\":\"ListItem\",\"position\":1,\"name\":\"Kezd\u0151lap\",\"item\":\"https:\/\/dreamhousekirilla.hu\/\"},{\"@type\":\"ListItem\",\"position\":2,\"name\":\"Shop\",\"item\":\"https:\/\/dreamhousekirilla.hu\/uzlet\/\"},{\"@type\":\"ListItem\",\"position\":3,\"name\":\"70 m\u00b2 Fel\u00faj\u00edtott, akad\u00e1lymentes birtok erd\u0151vel Balatonereszt\u00faron\"}]},{\"@type\":\"WebSite\",\"@id\":\"https:\/\/dreamhousekirilla.hu\/#website\",\"url\":\"https:\/\/dreamhousekirilla.hu\/\",\"name\":\"Dream House Kirilla\",\"description\":\"Real Estate Agency\",\"publisher\":{\"@id\":\"https:\/\/dreamhousekirilla.hu\/#organization\"},\"potentialAction\":[{\"@type\":\"SearchAction\",\"target\":{\"@type\":\"EntryPoint\",\"urlTemplate\":\"https:\/\/dreamhousekirilla.hu\/?s={search_term_string}\"},\"query-input\":{\"@type\":\"PropertyValueSpecification\",\"valueRequired\":true,\"valueName\":\"search_term_string\"}}],\"inLanguage\":\"en-US\"},{\"@type\":\"Organization\",\"@id\":\"https:\/\/dreamhousekirilla.hu\/#organization\",\"name\":\"Dream House Kirilla - real estate agency\",\"url\":\"https:\/\/dreamhousekirilla.hu\/\",\"logo\":{\"@type\":\"ImageObject\",\"inLanguage\":\"en-US\",\"@id\":\"https:\/\/dreamhousekirilla.hu\/#\/schema\/logo\/image\/\",\"url\":\"https:\/\/dreamhousekirilla.hu\/wp-content\/uploads\/2025\/07\/Logo-allitott-zold.jpg\",\"contentUrl\":\"https:\/\/dreamhousekirilla.hu\/wp-content\/uploads\/2025\/07\/Logo-allitott-zold.jpg\",\"width\":596,\"height\":275,\"caption\":\"Dream House Kirilla - real estate agency\"},\"image\":{\"@id\":\"https:\/\/dreamhousekirilla.hu\/#\/schema\/logo\/image\/\"}}]}<\/script>\n<!-- \/ Yoast SEO plugin. -->","yoast_head_json":{"title":"70 m\u00b2 Renovated, barrier-free estate with forest in Balatonereszt\u00faron - Dream House Kirilla","description":"We offer for sale in Balatonkereszt\u00faron an excellent condition, fully renovated property with 70 m\u00b2 of living space and 1300 m\u00b2 of land.","robots":{"index":"index","follow":"follow","max-snippet":"max-snippet:-1","max-image-preview":"max-image-preview:large","max-video-preview":"max-video-preview:-1"},"canonical":"https:\/\/dreamhousekirilla.hu\/en\/product\/elado-haz-balatonkeresztur\/","og_locale":"en_US","og_type":"article","og_title":"70 m\u00b2 Fel\u00faj\u00edtott, akad\u00e1lymentes birtok erd\u0151vel Balatonereszt\u00faron - Dream House Kirilla","og_description":"Elad\u00e1sra k\u00edn\u00e1lunk Balatonkereszt\u00faron egy kiv\u00e1l\u00f3 \u00e1llapot\u00fa, teljes k\u00f6r\u0171en fel\u00faj\u00edtott ingatlant, amely 70 m\u00b2-es lak\u00f3ter\u00fclettel \u00e9s 1300 m\u00b2-es telekkel rendelkezik.","og_url":"https:\/\/dreamhousekirilla.hu\/en\/product\/elado-haz-balatonkeresztur\/","og_site_name":"Dream House Kirilla","article_modified_time":"2025-07-31T13:48:52+00:00","og_image":[{"width":1700,"height":1275,"url":"https:\/\/dreamhousekirilla.hu\/wp-content\/uploads\/2025\/07\/IMG_3547.jpeg","type":"image\/jpeg"}],"twitter_card":"summary_large_image","twitter_misc":{"Est. reading time":"2 minutes"},"schema":{"@context":"https:\/\/schema.org","@graph":[{"@type":"WebPage","@id":"https:\/\/dreamhousekirilla.hu\/termek\/elado-haz-balatonkeresztur\/","url":"https:\/\/dreamhousekirilla.hu\/termek\/elado-haz-balatonkeresztur\/","name":"70 m\u00b2 Renovated, barrier-free estate with forest in Balatonereszt\u00faron - Dream House Kirilla","isPartOf":{"@id":"https:\/\/dreamhousekirilla.hu\/#website"},"primaryImageOfPage":{"@id":"https:\/\/dreamhousekirilla.hu\/termek\/elado-haz-balatonkeresztur\/#primaryimage"},"image":{"@id":"https:\/\/dreamhousekirilla.hu\/termek\/elado-haz-balatonkeresztur\/#primaryimage"},"thumbnailUrl":"https:\/\/dreamhousekirilla.hu\/wp-content\/uploads\/2025\/07\/IMG_3547.jpeg","datePublished":"2025-07-29T20:38:50+00:00","dateModified":"2025-07-31T13:48:52+00:00","description":"We offer for sale in Balatonkereszt\u00faron an excellent condition, fully renovated property with 70 m\u00b2 of living space and 1300 m\u00b2 of land.","breadcrumb":{"@id":"https:\/\/dreamhousekirilla.hu\/termek\/elado-haz-balatonkeresztur\/#breadcrumb"},"inLanguage":"en-US","potentialAction":[{"@type":"ReadAction","target":["https:\/\/dreamhousekirilla.hu\/termek\/elado-haz-balatonkeresztur\/"]}]},{"@type":"ImageObject","inLanguage":"en-US","@id":"https:\/\/dreamhousekirilla.hu\/termek\/elado-haz-balatonkeresztur\/#primaryimage","url":"https:\/\/dreamhousekirilla.hu\/wp-content\/uploads\/2025\/07\/IMG_3547.jpeg","contentUrl":"https:\/\/dreamhousekirilla.hu\/wp-content\/uploads\/2025\/07\/IMG_3547.jpeg","width":1700,"height":1275,"caption":"Dream House Kirilla - Elad\u00f3 Ingatlanok"},{"@type":"BreadcrumbList","@id":"https:\/\/dreamhousekirilla.hu\/termek\/elado-haz-balatonkeresztur\/#breadcrumb","itemListElement":[{"@type":"ListItem","position":1,"name":"Kezd\u0151lap","item":"https:\/\/dreamhousekirilla.hu\/"},{"@type":"ListItem","position":2,"name":"Shop","item":"https:\/\/dreamhousekirilla.hu\/uzlet\/"},{"@type":"ListItem","position":3,"name":"70 m\u00b2 Fel\u00faj\u00edtott, akad\u00e1lymentes birtok erd\u0151vel Balatonereszt\u00faron"}]},{"@type":"WebSite","@id":"https:\/\/dreamhousekirilla.hu\/#website","url":"https:\/\/dreamhousekirilla.hu\/","name":"Dream House Kirilla","description":"Real Estate Agency","publisher":{"@id":"https:\/\/dreamhousekirilla.hu\/#organization"},"potentialAction":[{"@type":"SearchAction","target":{"@type":"EntryPoint","urlTemplate":"https:\/\/dreamhousekirilla.hu\/?s={search_term_string}"},"query-input":{"@type":"PropertyValueSpecification","valueRequired":true,"valueName":"search_term_string"}}],"inLanguage":"en-US"},{"@type":"Organization","@id":"https:\/\/dreamhousekirilla.hu\/#organization","name":"Dream House Kirilla - real estate agency","url":"https:\/\/dreamhousekirilla.hu\/","logo":{"@type":"ImageObject","inLanguage":"en-US","@id":"https:\/\/dreamhousekirilla.hu\/#\/schema\/logo\/image\/","url":"https:\/\/dreamhousekirilla.hu\/wp-content\/uploads\/2025\/07\/Logo-allitott-zold.jpg","contentUrl":"https:\/\/dreamhousekirilla.hu\/wp-content\/uploads\/2025\/07\/Logo-allitott-zold.jpg","width":596,"height":275,"caption":"Dream House Kirilla - real estate agency"},"image":{"@id":"https:\/\/dreamhousekirilla.hu\/#\/schema\/logo\/image\/"}}]}},"_links":{"self":[{"href":"https:\/\/dreamhousekirilla.hu\/en\/wp-json\/wp\/v2\/product\/873","targetHints":{"allow":["GET"]}}],"collection":[{"href":"https:\/\/dreamhousekirilla.hu\/en\/wp-json\/wp\/v2\/product"}],"about":[{"href":"https:\/\/dreamhousekirilla.hu\/en\/wp-json\/wp\/v2\/types\/product"}],"replies":[{"embeddable":true,"href":"https:\/\/dreamhousekirilla.hu\/en\/wp-json\/wp\/v2\/comments?post=873"}],"wp:featuredmedia":[{"embeddable":true,"href":"https:\/\/dreamhousekirilla.hu\/en\/wp-json\/wp\/v2\/media\/874"}],"wp:attachment":[{"href":"https:\/\/dreamhousekirilla.hu\/en\/wp-json\/wp\/v2\/media?parent=873"}],"wp:term":[{"taxonomy":"product_brand","embeddable":true,"href":"https:\/\/dreamhousekirilla.hu\/en\/wp-json\/wp\/v2\/product_brand?post=873"},{"taxonomy":"product_cat","embeddable":true,"href":"https:\/\/dreamhousekirilla.hu\/en\/wp-json\/wp\/v2\/product_cat?post=873"},{"taxonomy":"product_tag","embeddable":true,"href":"https:\/\/dreamhousekirilla.hu\/en\/wp-json\/wp\/v2\/product_tag?post=873"}],"curies":[{"name":"wp","href":"https:\/\/api.w.org\/{rel}","templated":true}]}}