{"id":914,"date":"2025-07-30T11:30:54","date_gmt":"2025-07-30T09:30:54","guid":{"rendered":"https:\/\/dreamhousekirilla.hu\/?post_type=product&#038;p=914"},"modified":"2025-07-31T15:55:29","modified_gmt":"2025-07-31T13:55:29","slug":"elado-haz-balatonszentgyorgy-2","status":"publish","type":"product","link":"https:\/\/dreamhousekirilla.hu\/en\/product\/elado-haz-balatonszentgyorgy-2\/","title":{"rendered":"<b>215 m\u00b2<\/b> <br>Family house for sale in a quiet and popular area of Balatonszentgy\u00f6rgy"},"content":{"rendered":"<p><span style=\"font-weight: 400;\">Family house for sale in a quiet and popular area of Balatonszentgy\u00f6rgy.<\/span><\/p>\n<p><span style=\"font-weight: 400;\">In Balatonszentgy\u00f6rgy, close to the tranquility and nature, we offer for sale a well-maintained, excellent condition family house built in 1997. The property has a floor area of 215 m\u00b2 and a plot area of 1944 m\u00b2. This house with excellent features could be the perfect choice for a permanent home for a larger family or even for a holiday home, thanks to the proximity of Lake Balaton (2 km), as well as H\u00e9v\u00edz, Keszthely and Zalakaros.<\/span><\/p>\n<p><span style=\"font-weight: 400;\">Main features<\/span><\/p>\n<ul>\n<li><span style=\"font-weight: 400;\">Plot: Well-kept, well-tended garden with ornamental plants, vegetable garden and fruit trees.<\/span><\/li>\n<li><span style=\"font-weight: 400;\">Irrigation: cistern and dug well with domestic waterworks.<\/span><\/li>\n<\/ul>\n<p><span style=\"font-weight: 400;\">Allocation of space:<\/span><\/p>\n<p><span style=\"font-weight: 400;\">Ground floor 120,10 sqm: kitchen 8,80 sqm, living room 28,00 sqm, hall 3,90 sqm, shower room + toilet 7,00 sqm, sauna + storage 25,60 sqm, boiler room 5,40 sqm, dining room 22,00 sqm, bedroom 14,40 sqm, hall 5,00 sqm.<\/span><\/p>\n<p><span style=\"font-weight: 400;\">Covered terrace 17,30 sqm.<\/span><\/p>\n<p><span style=\"font-weight: 400;\">Attic 93,96 sqm: bedroom 22,20 sqm, bedroom 14,10 sqm, bedroom 23,30 sqm, kitchen 5,30 sqm, bathroom 5,30 sqm, toilet 2,26 sqm, hall 21,50 sqm.<\/span><\/p>\n<p><span style=\"font-weight: 400;\">Balcony 9,60 sqm.<\/span><\/p>\n<p><span style=\"font-weight: 400;\">Covered car storage 25,85 sqm, workshop 21,00 sqm, cellar 21,00 sqm, barn, stables, storage 42,00 sqm.<\/span><\/p>\n<ul>\n<li><span style=\"font-weight: 400;\">Energy supply: a 6 kW solar panel system ensures the energy efficiency of the house.<\/span><\/li>\n<li><span style=\"font-weight: 400;\">Utilities: electricity, piped water, sewerage, natural gas, internet, satellite dish, intercom.<\/span><\/li>\n<\/ul>\n<p><span style=\"font-weight: 400;\">Finishes and extra equipment:<\/span><\/p>\n<ul>\n<li><span style=\"font-weight: 400;\">Central gas heating.<\/span><\/li>\n<li><span style=\"font-weight: 400;\">Plastic windows and doors with insulated glazing.<\/span><\/li>\n<li><span style=\"font-weight: 400;\">Floor coverings: glazed ceramic, laminate parquet, carpet.<\/span><\/li>\n<li><span style=\"font-weight: 400;\">Wellness area with sauna.<\/span><\/li>\n<li><span style=\"font-weight: 400;\">Fenced plot.<\/span><\/li>\n<\/ul>\n<p><span style=\"font-weight: 400;\">Location:<\/span><\/p>\n<p><span style=\"font-weight: 400;\">Balatonszentgy\u00f6rgy has a great infrastructure: shops, restaurants, doctor, pharmacy, school, kindergarten and nursery are all within reach. It is also ideally located for transport: the M7 motorway is only a few minutes away, and rail and road transport is excellent.<\/span><\/p>\n<p><span style=\"font-weight: 400;\">Nearby attractions and facilities:<\/span><\/p>\n<ul>\n<li><span style=\"font-weight: 400;\">Lake Balaton: swimming, sailing, fishing, summer fun.<\/span><\/li>\n<li><span style=\"font-weight: 400;\">H\u00e9v\u00edz: Europe's largest natural thermal lake (spa).<\/span><\/li>\n<li><span style=\"font-weight: 400;\">Keszthely: cultural and commercial centre with tourist attractions.<\/span><\/li>\n<li><span style=\"font-weight: 400;\">Marcali and Zalakaros: thermal baths.<\/span><\/li>\n<\/ul>\n<p><span style=\"font-weight: 400;\">This property is an excellent investment, either for permanent residence or as a holiday home! Do not miss this opportunity!<\/span><\/p>\n<p><span style=\"font-weight: 400;\">Contact us for a viewing and more information!<\/span><\/p>\n<p><br style=\"font-weight: 400;\" \/><br style=\"font-weight: 400;\" \/><\/p>","protected":false},"excerpt":{"rendered":"<p>215 m\u00b2<\/p>","protected":false},"featured_media":915,"comment_status":"closed","ping_status":"closed","template":"","meta":{"_et_pb_use_builder":"","_et_pb_old_content":"","_et_gb_content_width":"","inline_featured_image":false},"product_brand":[],"product_cat":[21],"product_tag":[],"class_list":{"0":"post-914","1":"product","2":"type-product","3":"status-publish","4":"has-post-thumbnail","6":"product_cat-elado-ingatlanok","8":"first","9":"instock","10":"shipping-taxable","11":"purchasable","12":"product-type-simple"},"yoast_head":"<!-- This site is optimized with the Yoast SEO plugin v25.7 - https:\/\/yoast.com\/wordpress\/plugins\/seo\/ -->\n<title>215 m\u00b2 Elad\u00f3 csal\u00e1di h\u00e1z Balatonszentgy\u00f6rgy csendes \u00e9s k\u00f6zkedvelt ter\u00fclet\u00e9ben - Dream House Kirilla<\/title>\n<meta name=\"description\" content=\"Balatonszentgy\u00f6rgy\u00f6n, a nyugalom \u00e9s term\u00e9szet k\u00f6zels\u00e9g\u00e9ben, elad\u00e1sra k\u00edn\u00e1lunk egy 1997-ben \u00e9p\u00fclt, folyamatosan karbantartott, kit\u0171n\u0151 \u00e1llapot\u00fa csal\u00e1di h\u00e1zat.\" \/>\n<meta name=\"robots\" content=\"index, follow, max-snippet:-1, max-image-preview:large, max-video-preview:-1\" \/>\n<link rel=\"canonical\" href=\"https:\/\/dreamhousekirilla.hu\/en\/product\/elado-haz-balatonszentgyorgy-2\/\" \/>\n<meta property=\"og:locale\" content=\"en_US\" \/>\n<meta property=\"og:type\" content=\"article\" \/>\n<meta property=\"og:title\" content=\"215 m\u00b2 Elad\u00f3 csal\u00e1di h\u00e1z Balatonszentgy\u00f6rgy csendes \u00e9s k\u00f6zkedvelt ter\u00fclet\u00e9ben - Dream House Kirilla\" \/>\n<meta property=\"og:description\" content=\"Balatonszentgy\u00f6rgy\u00f6n, a nyugalom \u00e9s term\u00e9szet k\u00f6zels\u00e9g\u00e9ben, elad\u00e1sra k\u00edn\u00e1lunk egy 1997-ben \u00e9p\u00fclt, folyamatosan karbantartott, kit\u0171n\u0151 \u00e1llapot\u00fa csal\u00e1di h\u00e1zat.\" \/>\n<meta property=\"og:url\" content=\"https:\/\/dreamhousekirilla.hu\/en\/product\/elado-haz-balatonszentgyorgy-2\/\" \/>\n<meta property=\"og:site_name\" content=\"Dream House Kirilla\" \/>\n<meta property=\"article:modified_time\" content=\"2025-07-31T13:55:29+00:00\" \/>\n<meta property=\"og:image\" content=\"https:\/\/dreamhousekirilla.hu\/wp-content\/uploads\/2025\/07\/IMG_1364.jpeg\" \/>\n\t<meta property=\"og:image:width\" content=\"1700\" \/>\n\t<meta property=\"og:image:height\" content=\"1275\" \/>\n\t<meta property=\"og:image:type\" content=\"image\/jpeg\" \/>\n<meta name=\"twitter:card\" content=\"summary_large_image\" \/>\n<meta name=\"twitter:label1\" content=\"Est. reading time\" \/>\n\t<meta name=\"twitter:data1\" content=\"2 minutes\" \/>\n<script type=\"application\/ld+json\" class=\"yoast-schema-graph\">{\"@context\":\"https:\/\/schema.org\",\"@graph\":[{\"@type\":\"WebPage\",\"@id\":\"https:\/\/dreamhousekirilla.hu\/termek\/elado-haz-balatonszentgyorgy-2\/\",\"url\":\"https:\/\/dreamhousekirilla.hu\/termek\/elado-haz-balatonszentgyorgy-2\/\",\"name\":\"215 m\u00b2 Elad\u00f3 csal\u00e1di h\u00e1z Balatonszentgy\u00f6rgy csendes \u00e9s k\u00f6zkedvelt ter\u00fclet\u00e9ben - Dream House Kirilla\",\"isPartOf\":{\"@id\":\"https:\/\/dreamhousekirilla.hu\/#website\"},\"primaryImageOfPage\":{\"@id\":\"https:\/\/dreamhousekirilla.hu\/termek\/elado-haz-balatonszentgyorgy-2\/#primaryimage\"},\"image\":{\"@id\":\"https:\/\/dreamhousekirilla.hu\/termek\/elado-haz-balatonszentgyorgy-2\/#primaryimage\"},\"thumbnailUrl\":\"https:\/\/dreamhousekirilla.hu\/wp-content\/uploads\/2025\/07\/IMG_1364.jpeg\",\"datePublished\":\"2025-07-30T09:30:54+00:00\",\"dateModified\":\"2025-07-31T13:55:29+00:00\",\"description\":\"Balatonszentgy\u00f6rgy\u00f6n, a nyugalom \u00e9s term\u00e9szet k\u00f6zels\u00e9g\u00e9ben, elad\u00e1sra k\u00edn\u00e1lunk egy 1997-ben \u00e9p\u00fclt, folyamatosan karbantartott, kit\u0171n\u0151 \u00e1llapot\u00fa csal\u00e1di h\u00e1zat.\",\"breadcrumb\":{\"@id\":\"https:\/\/dreamhousekirilla.hu\/termek\/elado-haz-balatonszentgyorgy-2\/#breadcrumb\"},\"inLanguage\":\"en-US\",\"potentialAction\":[{\"@type\":\"ReadAction\",\"target\":[\"https:\/\/dreamhousekirilla.hu\/termek\/elado-haz-balatonszentgyorgy-2\/\"]}]},{\"@type\":\"ImageObject\",\"inLanguage\":\"en-US\",\"@id\":\"https:\/\/dreamhousekirilla.hu\/termek\/elado-haz-balatonszentgyorgy-2\/#primaryimage\",\"url\":\"https:\/\/dreamhousekirilla.hu\/wp-content\/uploads\/2025\/07\/IMG_1364.jpeg\",\"contentUrl\":\"https:\/\/dreamhousekirilla.hu\/wp-content\/uploads\/2025\/07\/IMG_1364.jpeg\",\"width\":1700,\"height\":1275,\"caption\":\"Dream House Kirilla - Elad\u00f3 Ingatlanok\"},{\"@type\":\"BreadcrumbList\",\"@id\":\"https:\/\/dreamhousekirilla.hu\/termek\/elado-haz-balatonszentgyorgy-2\/#breadcrumb\",\"itemListElement\":[{\"@type\":\"ListItem\",\"position\":1,\"name\":\"Kezd\u0151lap\",\"item\":\"https:\/\/dreamhousekirilla.hu\/\"},{\"@type\":\"ListItem\",\"position\":2,\"name\":\"Shop\",\"item\":\"https:\/\/dreamhousekirilla.hu\/uzlet\/\"},{\"@type\":\"ListItem\",\"position\":3,\"name\":\"215 m\u00b2 Elad\u00f3 csal\u00e1di h\u00e1z Balatonszentgy\u00f6rgy csendes \u00e9s k\u00f6zkedvelt ter\u00fclet\u00e9ben\"}]},{\"@type\":\"WebSite\",\"@id\":\"https:\/\/dreamhousekirilla.hu\/#website\",\"url\":\"https:\/\/dreamhousekirilla.hu\/\",\"name\":\"Dream House Kirilla\",\"description\":\"Real Estate Agency\",\"publisher\":{\"@id\":\"https:\/\/dreamhousekirilla.hu\/#organization\"},\"potentialAction\":[{\"@type\":\"SearchAction\",\"target\":{\"@type\":\"EntryPoint\",\"urlTemplate\":\"https:\/\/dreamhousekirilla.hu\/?s={search_term_string}\"},\"query-input\":{\"@type\":\"PropertyValueSpecification\",\"valueRequired\":true,\"valueName\":\"search_term_string\"}}],\"inLanguage\":\"en-US\"},{\"@type\":\"Organization\",\"@id\":\"https:\/\/dreamhousekirilla.hu\/#organization\",\"name\":\"Dream House Kirilla - real estate agency\",\"url\":\"https:\/\/dreamhousekirilla.hu\/\",\"logo\":{\"@type\":\"ImageObject\",\"inLanguage\":\"en-US\",\"@id\":\"https:\/\/dreamhousekirilla.hu\/#\/schema\/logo\/image\/\",\"url\":\"https:\/\/dreamhousekirilla.hu\/wp-content\/uploads\/2025\/07\/Logo-allitott-zold.jpg\",\"contentUrl\":\"https:\/\/dreamhousekirilla.hu\/wp-content\/uploads\/2025\/07\/Logo-allitott-zold.jpg\",\"width\":596,\"height\":275,\"caption\":\"Dream House Kirilla - real estate agency\"},\"image\":{\"@id\":\"https:\/\/dreamhousekirilla.hu\/#\/schema\/logo\/image\/\"}}]}<\/script>\n<!-- \/ Yoast SEO plugin. -->","yoast_head_json":{"title":"215 m\u00b2 Family house for sale in a quiet and popular area of Balatonszentgy\u00f6rgy - Dream House Kirilla","description":"In Balatonszentgy\u00f6rgy, close to the tranquility and nature, we offer for sale a well-maintained, excellent condition family house built in 1997.","robots":{"index":"index","follow":"follow","max-snippet":"max-snippet:-1","max-image-preview":"max-image-preview:large","max-video-preview":"max-video-preview:-1"},"canonical":"https:\/\/dreamhousekirilla.hu\/en\/product\/elado-haz-balatonszentgyorgy-2\/","og_locale":"en_US","og_type":"article","og_title":"215 m\u00b2 Elad\u00f3 csal\u00e1di h\u00e1z Balatonszentgy\u00f6rgy csendes \u00e9s k\u00f6zkedvelt ter\u00fclet\u00e9ben - Dream House Kirilla","og_description":"Balatonszentgy\u00f6rgy\u00f6n, a nyugalom \u00e9s term\u00e9szet k\u00f6zels\u00e9g\u00e9ben, elad\u00e1sra k\u00edn\u00e1lunk egy 1997-ben \u00e9p\u00fclt, folyamatosan karbantartott, kit\u0171n\u0151 \u00e1llapot\u00fa csal\u00e1di h\u00e1zat.","og_url":"https:\/\/dreamhousekirilla.hu\/en\/product\/elado-haz-balatonszentgyorgy-2\/","og_site_name":"Dream House Kirilla","article_modified_time":"2025-07-31T13:55:29+00:00","og_image":[{"width":1700,"height":1275,"url":"https:\/\/dreamhousekirilla.hu\/wp-content\/uploads\/2025\/07\/IMG_1364.jpeg","type":"image\/jpeg"}],"twitter_card":"summary_large_image","twitter_misc":{"Est. reading time":"2 minutes"},"schema":{"@context":"https:\/\/schema.org","@graph":[{"@type":"WebPage","@id":"https:\/\/dreamhousekirilla.hu\/termek\/elado-haz-balatonszentgyorgy-2\/","url":"https:\/\/dreamhousekirilla.hu\/termek\/elado-haz-balatonszentgyorgy-2\/","name":"215 m\u00b2 Family house for sale in a quiet and popular area of Balatonszentgy\u00f6rgy - Dream House Kirilla","isPartOf":{"@id":"https:\/\/dreamhousekirilla.hu\/#website"},"primaryImageOfPage":{"@id":"https:\/\/dreamhousekirilla.hu\/termek\/elado-haz-balatonszentgyorgy-2\/#primaryimage"},"image":{"@id":"https:\/\/dreamhousekirilla.hu\/termek\/elado-haz-balatonszentgyorgy-2\/#primaryimage"},"thumbnailUrl":"https:\/\/dreamhousekirilla.hu\/wp-content\/uploads\/2025\/07\/IMG_1364.jpeg","datePublished":"2025-07-30T09:30:54+00:00","dateModified":"2025-07-31T13:55:29+00:00","description":"In Balatonszentgy\u00f6rgy, close to the tranquility and nature, we offer for sale a well-maintained, excellent condition family house built in 1997.","breadcrumb":{"@id":"https:\/\/dreamhousekirilla.hu\/termek\/elado-haz-balatonszentgyorgy-2\/#breadcrumb"},"inLanguage":"en-US","potentialAction":[{"@type":"ReadAction","target":["https:\/\/dreamhousekirilla.hu\/termek\/elado-haz-balatonszentgyorgy-2\/"]}]},{"@type":"ImageObject","inLanguage":"en-US","@id":"https:\/\/dreamhousekirilla.hu\/termek\/elado-haz-balatonszentgyorgy-2\/#primaryimage","url":"https:\/\/dreamhousekirilla.hu\/wp-content\/uploads\/2025\/07\/IMG_1364.jpeg","contentUrl":"https:\/\/dreamhousekirilla.hu\/wp-content\/uploads\/2025\/07\/IMG_1364.jpeg","width":1700,"height":1275,"caption":"Dream House Kirilla - Elad\u00f3 Ingatlanok"},{"@type":"BreadcrumbList","@id":"https:\/\/dreamhousekirilla.hu\/termek\/elado-haz-balatonszentgyorgy-2\/#breadcrumb","itemListElement":[{"@type":"ListItem","position":1,"name":"Kezd\u0151lap","item":"https:\/\/dreamhousekirilla.hu\/"},{"@type":"ListItem","position":2,"name":"Shop","item":"https:\/\/dreamhousekirilla.hu\/uzlet\/"},{"@type":"ListItem","position":3,"name":"215 m\u00b2 Elad\u00f3 csal\u00e1di h\u00e1z Balatonszentgy\u00f6rgy csendes \u00e9s k\u00f6zkedvelt ter\u00fclet\u00e9ben"}]},{"@type":"WebSite","@id":"https:\/\/dreamhousekirilla.hu\/#website","url":"https:\/\/dreamhousekirilla.hu\/","name":"Dream House Kirilla","description":"Real Estate Agency","publisher":{"@id":"https:\/\/dreamhousekirilla.hu\/#organization"},"potentialAction":[{"@type":"SearchAction","target":{"@type":"EntryPoint","urlTemplate":"https:\/\/dreamhousekirilla.hu\/?s={search_term_string}"},"query-input":{"@type":"PropertyValueSpecification","valueRequired":true,"valueName":"search_term_string"}}],"inLanguage":"en-US"},{"@type":"Organization","@id":"https:\/\/dreamhousekirilla.hu\/#organization","name":"Dream House Kirilla - real estate agency","url":"https:\/\/dreamhousekirilla.hu\/","logo":{"@type":"ImageObject","inLanguage":"en-US","@id":"https:\/\/dreamhousekirilla.hu\/#\/schema\/logo\/image\/","url":"https:\/\/dreamhousekirilla.hu\/wp-content\/uploads\/2025\/07\/Logo-allitott-zold.jpg","contentUrl":"https:\/\/dreamhousekirilla.hu\/wp-content\/uploads\/2025\/07\/Logo-allitott-zold.jpg","width":596,"height":275,"caption":"Dream House Kirilla - real estate agency"},"image":{"@id":"https:\/\/dreamhousekirilla.hu\/#\/schema\/logo\/image\/"}}]}},"_links":{"self":[{"href":"https:\/\/dreamhousekirilla.hu\/en\/wp-json\/wp\/v2\/product\/914","targetHints":{"allow":["GET"]}}],"collection":[{"href":"https:\/\/dreamhousekirilla.hu\/en\/wp-json\/wp\/v2\/product"}],"about":[{"href":"https:\/\/dreamhousekirilla.hu\/en\/wp-json\/wp\/v2\/types\/product"}],"replies":[{"embeddable":true,"href":"https:\/\/dreamhousekirilla.hu\/en\/wp-json\/wp\/v2\/comments?post=914"}],"wp:featuredmedia":[{"embeddable":true,"href":"https:\/\/dreamhousekirilla.hu\/en\/wp-json\/wp\/v2\/media\/915"}],"wp:attachment":[{"href":"https:\/\/dreamhousekirilla.hu\/en\/wp-json\/wp\/v2\/media?parent=914"}],"wp:term":[{"taxonomy":"product_brand","embeddable":true,"href":"https:\/\/dreamhousekirilla.hu\/en\/wp-json\/wp\/v2\/product_brand?post=914"},{"taxonomy":"product_cat","embeddable":true,"href":"https:\/\/dreamhousekirilla.hu\/en\/wp-json\/wp\/v2\/product_cat?post=914"},{"taxonomy":"product_tag","embeddable":true,"href":"https:\/\/dreamhousekirilla.hu\/en\/wp-json\/wp\/v2\/product_tag?post=914"}],"curies":[{"name":"wp","href":"https:\/\/api.w.org\/{rel}","templated":true}]}}